{"id":121997,"date":"2024-11-19T13:43:15","date_gmt":"2024-11-19T12:43:15","guid":{"rendered":"https:\/\/riverdi.com\/?post_type=product&#038;p=121997"},"modified":"2026-01-19T22:47:13","modified_gmt":"2026-01-19T21:47:13","slug":"rvt15mdtnwc00-b","status":"publish","type":"product","link":"https:\/\/riverdi.com\/it\/product\/rvt15mdtnwc00-b","title":{"rendered":"Display IPS ad alta luminosit\u00e0 1,54\u2033 TFT LCD 240x240px, interfaccia SPI + Touchscreen capacitivo \u2013 RVT15MDTNWC00-B"},"content":{"rendered":"<h2><span class=\"TextRun MacChromeBold SCXW79916084 BCX0\" lang=\"EN-US\" xml:lang=\"EN-US\" data-contrast=\"none\"><span class=\"NormalTextRun SCXW79916084 BCX0\">IPS TFT<\/span><span class=\"NormalTextRun SCXW79916084 BCX0\"> con risoluzione ad alta densit\u00e0<\/span><\/span><\/h2>\n<p><span class=\"TextRun SCXW73133113 BCX0\" lang=\"EN-US\" xml:lang=\"EN-US\" data-contrast=\"none\"><span class=\"NormalTextRun SCXW73133113 BCX0\">Il display IPS da 1,54&#8243; 240\u00d7240 offre immagini nitide e chiare con un&#8217;alta densit\u00e0 di pixel (circa 220 pixel per pollice), garantendo immagini dettagliate nonostante le dimensioni compatte. <\/span><span class=\"NormalTextRun SpellingErrorV2Themed SCXW73133113 BCX0\">dimensioni compatte.<\/span><span class=\"NormalTextRun SCXW73133113 BCX0\"> Gli angoli di visione completi consentono all&#8217;utente di interagire con il display in modo naturale e intuitivo da ogni lato. Per ulteriori caratteristiche, consultare la scheda tecnica.<\/span><\/span><\/p>\n<p style=\"text-align: center;\"><img decoding=\"async\" class=\"alignnone size-full wp-image-112432\" src=\"https:\/\/riverdi.com\/wp-content\/uploads\/2024\/05\/w768h525.avif\" alt=\"\" width=\"768\" height=\"524\" srcset=\"https:\/\/riverdi.com\/wp-content\/uploads\/2024\/05\/w768h525.avif 768w, https:\/\/riverdi.com\/wp-content\/uploads\/2024\/05\/w768h525-600x409.avif 600w, https:\/\/riverdi.com\/wp-content\/uploads\/2024\/05\/w768h525-64x44.avif 64w, https:\/\/riverdi.com\/wp-content\/uploads\/2024\/05\/w768h525-300x205.avif 300w\" sizes=\"(max-width: 768px) 100vw, 768px\" \/><\/p>\n<h2>Touch screen industriale<\/h2>\n<h4>Reagisce al minimo tocco<\/h4>\n<p>Il PCAP (Projected Capacity touch panel) \u00e8 classificato come &#8220;industriale&#8221; (rispetto a quello &#8220;consumer&#8221;) quando \u00e8 in grado di funzionare correttamente in condizioni pi\u00f9 impegnative e difficili (ad esempio, campi elettromagnetici disturbanti intorno che causano interferenze con il controller del pannello, gocce d&#8217;acqua presenti nell&#8217;area circostante anche sul vetro del pannello), e di reagire correttamente quando viene toccato da mani con guanti. Pu\u00f2 essere regolato in fabbrica, rileva il tatto attraverso strati di vetro pi\u00f9 spessi rispetto ai pannelli consumer (nel laboratorio Riverdi \u00e8 stato testato con successo uno strato di vetro di 6 mm di spessore) e utilizza un chip controller di livello industriale. I controllori di questo tipo hanno implementato le linee guida dei produttori industriali e sono garantiti per un periodo di produzione che va dai 10 ai 15 anni senza alcuna modifica.<\/p>\n<p>Caratteristiche principali:<\/p>\n<ul>\n<li>IC tattile ILITEK ILI2130<\/li>\n<li>Interfaccia I\u00b2C<\/li>\n<li>Supporta vetri di spessore fino a 6 mm<\/li>\n<li>Opera con le mani guantate<\/li>\n<li>Funzionalit\u00e0 touch resistente all&#8217;acqua<\/li>\n<li>Capacit\u00e0 multi-touch per un massimo di 5 dita<\/li>\n<li>Ottime prestazioni EMC, RS (suscettibilit\u00e0 irradiata) e CS (suscettibilit\u00e0 conduttiva)<\/li>\n<li>Le prestazioni del touch possono essere facilmente regolate per adattarsi a esigenze specifiche.<\/li>\n<\/ul>\n<p>&nbsp;<\/p>\n<p>Per ulteriori informazioni, consultare <a href=\"https:\/\/riverdi.com\/it\/knowledge-base\/schermi-capacitivi-proiettati-a-sfioramento\">questa pagina<\/a>.<\/p>\n<p style=\"text-align: center;\"><img decoding=\"async\" class=\"alignnone size-full wp-image-112461\" src=\"https:\/\/riverdi.com\/wp-content\/uploads\/2024\/05\/w600h971.avif\" alt=\"\" width=\"600\" height=\"970\" srcset=\"https:\/\/riverdi.com\/wp-content\/uploads\/2024\/05\/w600h971.avif 600w, https:\/\/riverdi.com\/wp-content\/uploads\/2024\/05\/w600h971-64x103.avif 64w, https:\/\/riverdi.com\/wp-content\/uploads\/2024\/05\/w600h971-186x300.avif 186w\" sizes=\"(max-width: 600px) 100vw, 600px\" \/><\/p>\n<h2>Incollaggio ottico<\/h2>\n<h4>Miglioramento delle prestazioni ottiche del display<\/h4>\n<p>L&#8217;<strong>incollaggio ottico<\/strong> \u00e8 un processo di fissaggio del pannello tattile (o solo del vetro protettivo) al display mediante un adesivo liquido, gel o secco (pellicola). In generale, questo processo migliora i parametri del modulo: le prestazioni ottiche e la durata.<\/p>\n<p>Il <strong>vuoto d&#8217;aria<\/strong> \u00e8 la causa dei fenomeni di riflessione della luce solare. Pertanto, quando il display \u00e8 spento, l&#8217;area visiva (V.A) non \u00e8 mai nera, ma grigia.<\/p>\n<p>Eliminando i vuoti d&#8217;aria, si riduce il numero di superfici riflettenti interne, con conseguente aumento delle prestazioni ottiche. Questo fenomeno migliora la leggibilit\u00e0, riducendo il riflesso e correggendo il contrasto.<\/p>\n<p style=\"text-align: center;\"><img decoding=\"async\" class=\"alignnone size-full wp-image-112437\" src=\"https:\/\/riverdi.com\/wp-content\/uploads\/2024\/05\/w768h417.avif\" alt=\"\" width=\"768\" height=\"417\" srcset=\"https:\/\/riverdi.com\/wp-content\/uploads\/2024\/05\/w768h417.avif 768w, https:\/\/riverdi.com\/wp-content\/uploads\/2024\/05\/w768h417-600x326.avif 600w, https:\/\/riverdi.com\/wp-content\/uploads\/2024\/05\/w768h417-64x35.avif 64w, https:\/\/riverdi.com\/wp-content\/uploads\/2024\/05\/w768h417-300x163.avif 300w\" sizes=\"(max-width: 768px) 100vw, 768px\" \/><\/p>\n<p style=\"text-align: center;\"><img decoding=\"async\" class=\"alignnone size-full wp-image-112442\" src=\"https:\/\/riverdi.com\/wp-content\/uploads\/2024\/05\/w768h521.avif\" alt=\"\" width=\"768\" height=\"521\" srcset=\"https:\/\/riverdi.com\/wp-content\/uploads\/2024\/05\/w768h521.avif 768w, https:\/\/riverdi.com\/wp-content\/uploads\/2024\/05\/w768h521-600x407.avif 600w, https:\/\/riverdi.com\/wp-content\/uploads\/2024\/05\/w768h521-64x43.avif 64w, https:\/\/riverdi.com\/wp-content\/uploads\/2024\/05\/w768h521-300x204.avif 300w\" sizes=\"(max-width: 768px) 100vw, 768px\" \/><\/p>\n<h4>Design elegante senza fori nell&#8217;alloggiamento<\/h4>\n<p>Il display uxTouch \u00e8 un display LCD TFT appositamente progettato e dotato di tecnologia PTC (Projected Capacitive Touch). Grazie al loro design assolutamente piatto e alla funzione multi-touch, sono la scelta perfetta per il vostro progetto se intendete avere un design e una tecnologia interattivi.<\/p>\n<p>Presentano un design moderno ed elegante senza fori nell&#8217;alloggiamento.<\/p>\n<p>Dal punto di vista tecnico, sono un&#8217;ottima opzione per gli spazi industriali, poich\u00e9 non \u00e8 possibile l&#8217;accumulo di sporco. Sono inoltre dotati di vetro rinforzato chimicamente, che ha una maggiore durata, grazie al processo di scambio ionico. Sono facili da montare, da pulire e da implementare nel vostro progetto.<\/p>\n<p style=\"text-align: center;\"><img decoding=\"async\" class=\"alignnone size-full wp-image-112466\" src=\"https:\/\/riverdi.com\/wp-content\/uploads\/2024\/05\/w600h358.avif\" alt=\"\" width=\"600\" height=\"358\" srcset=\"https:\/\/riverdi.com\/wp-content\/uploads\/2024\/05\/w600h358.avif 600w, https:\/\/riverdi.com\/wp-content\/uploads\/2024\/05\/w600h358-64x38.avif 64w, https:\/\/riverdi.com\/wp-content\/uploads\/2024\/05\/w600h358-300x179.avif 300w\" sizes=\"(max-width: 600px) 100vw, 600px\" \/><\/p>\n<h2>Display personalizzati<\/h2>\n<p>Puoi personalizzare questi display in molti modi:<\/p>\n<ul>\n<li>Modifica del colore, della forma e delle dimensioni del vetro di copertura<\/li>\n<li>Fate stampare il vostro logo sul vetro della copertina (o qualsiasi altra grafica di cui abbiate bisogno)<\/li>\n<li>Aggiungere un&#8217;interfaccia diversa<\/li>\n<li>Migliorare la luminosit\u00e0 dello schermo<\/li>\n<li>Modificare lo spessore della lente di copertura per il CTP<\/li>\n<li>Scegliere un diverso angolo di visualizzazione del display<\/li>\n<li>Modifica della piedinatura<\/li>\n<li>Richiesta di un gruppo di guarnizioni diverso<\/li>\n<\/ul>\n<p>&nbsp;<\/p>\n<p>Come potete vedere, le possibilit\u00e0 sono infinite.<br \/>\nTutto quello che dovete fare \u00e8 scegliere.<\/p>\n<p>Vi aiuteremo a ottenere il prodotto perfetto su misura.<\/p>\n<p style=\"text-align: center;\"><img decoding=\"async\" class=\"alignnone size-full wp-image-112476\" src=\"https:\/\/riverdi.com\/wp-content\/uploads\/2024\/05\/w768h564.avif\" alt=\"\" width=\"768\" height=\"564\" srcset=\"https:\/\/riverdi.com\/wp-content\/uploads\/2024\/05\/w768h564.avif 768w, https:\/\/riverdi.com\/wp-content\/uploads\/2024\/05\/w768h564-600x441.avif 600w, https:\/\/riverdi.com\/wp-content\/uploads\/2024\/05\/w768h564-64x47.avif 64w, https:\/\/riverdi.com\/wp-content\/uploads\/2024\/05\/w768h564-300x220.avif 300w\" sizes=\"(max-width: 768px) 100vw, 768px\" \/><\/p>\n","protected":false},"excerpt":{"rendered":"<ul>\n<li data-leveltext=\"\uf0b7\" data-font=\"Symbol\" data-listid=\"2\" data-list-defn-props=\"{\" aria-setsize=\"-1\" data-aria-posinset=\"1\" data-aria-level=\"1\"><span data-contrast=\"auto\">Display TFT da 1,54 pollici<\/span><\/li>\n<li data-leveltext=\"\uf0b7\" data-font=\"Symbol\" data-listid=\"2\" data-list-defn-props=\"{\" aria-setsize=\"-1\" data-aria-posinset=\"1\" data-aria-level=\"1\"><span data-contrast=\"auto\">Risoluzione 240&#215;240 px ad alta densit\u00e0<\/span><\/li>\n<li data-leveltext=\"\uf0b7\" data-font=\"Symbol\" data-listid=\"2\" data-list-defn-props=\"{\" aria-setsize=\"-1\" data-aria-posinset=\"1\" data-aria-level=\"1\"><span data-contrast=\"auto\">500 cd\/m\u00b2 di luminosit\u00e0 con basso consumo energetico <\/span><\/li>\n<li data-leveltext=\"\uf0b7\" data-font=\"Symbol\" data-listid=\"2\" data-list-defn-props=\"{\" aria-setsize=\"-1\" data-aria-posinset=\"1\" data-aria-level=\"1\"><span data-contrast=\"auto\">Angoli di visione completi (IPS)<\/span><\/li>\n<li data-leveltext=\"\uf0b7\" data-font=\"Symbol\" data-listid=\"2\" data-list-defn-props=\"{\" aria-setsize=\"-1\" data-aria-posinset=\"1\" data-aria-level=\"1\"><span data-contrast=\"auto\">Interfaccia SPI<\/span><\/li>\n<li data-leveltext=\"\uf0b7\" data-font=\"Symbol\" data-listid=\"2\" data-list-defn-props=\"{\" aria-setsize=\"-1\" data-aria-posinset=\"1\" data-aria-level=\"1\"><span data-contrast=\"auto\">Incollaggio ottico <\/span><\/li>\n<li data-leveltext=\"\uf0b7\" data-font=\"Symbol\" data-listid=\"2\" data-list-defn-props=\"{\" aria-setsize=\"-1\" data-aria-posinset=\"1\" data-aria-level=\"1\"><span data-contrast=\"auto\">Pannello tattile industriale PCAP con interfaccia I2C<\/span><\/li>\n<li data-leveltext=\"\uf0b7\" data-font=\"Symbol\" data-listid=\"2\" data-list-defn-props=\"{\" aria-setsize=\"-1\" data-aria-posinset=\"1\" data-aria-level=\"1\"><span data-contrast=\"auto\">Vetro di copertura decorativo nero<\/span><\/li>\n<li style=\"text-align: left;\" data-leveltext=\"\uf0b7\" data-font=\"Symbol\" data-listid=\"2\" data-list-defn-props=\"{\" aria-setsize=\"-1\" data-aria-posinset=\"1\" data-aria-level=\"1\"><span data-contrast=\"auto\">Questo display \u00e8 disponibile anche come <a href=\"https:\/\/riverdi.com\/it\/product\/015-nucleo-64\">Kit Display STM32 Nucleo 64<\/a> <\/span><\/li>\n<\/ul>\n","protected":false},"featured_media":121987,"comment_status":"closed","ping_status":"closed","template":"","meta":{"_acf_changed":false,"content-type":"","inline_featured_image":false},"product_brand":[],"product_cat":[4990,3381,4797,4987,4923,4796,4811,4812,4874,4850],"product_tag":[],"class_list":{"0":"post-121997","1":"product","2":"type-product","3":"status-publish","4":"has-post-thumbnail","6":"product_cat-display-ic-spi","7":"product_cat-display-ips-ad-alta-luminosita","8":"product_cat-display-lcd","9":"product_cat-display-lcd-da-154-pollici","10":"product_cat-display-spi-qspi","11":"product_cat-display-tft","12":"product_cat-display-touchscreen","13":"product_cat-display-touchscreen-capacitivi","14":"product_cat-interfaccia","15":"product_cat-tutti-i-display","17":"first","18":"instock","19":"taxable","20":"shipping-taxable","21":"purchasable","22":"product-type-simple"},"acf":[],"yoast_head":"<!-- This site is optimized with the Yoast SEO plugin v27.3 - https:\/\/yoast.com\/product\/yoast-seo-wordpress\/ -->\n<title>Display IPS ad alta luminosit\u00e0 1,54\u2033 TFT LCD 240x240px, interfaccia SPI + Touchscreen capacitivo \u2013 RVT15MDTNWC00-B | Riverdi<\/title>\n<meta name=\"description\" content=\"Display IPS ad alta luminosit\u00e0: display TFT-LCD da 1,54\u2033 con risoluzione 240x240px, luminosit\u00e0 500 cd\/m\u00b2 a basso consumo e bonding ottico. Interfaccia SPI e angoli di visione completi IPS \u2013 modello SM-RVT15MDTNWC00-B\" \/>\n<meta name=\"robots\" content=\"index, follow, max-snippet:-1, max-image-preview:large, max-video-preview:-1\" \/>\n<link rel=\"canonical\" href=\"https:\/\/riverdi.com\/it\/product\/rvt15mdtnwc00-b\" \/>\n<meta property=\"og:locale\" content=\"it_IT\" \/>\n<meta property=\"og:type\" content=\"article\" \/>\n<meta property=\"og:title\" content=\"Display IPS ad alta luminosit\u00e0 1,54\u2033 TFT LCD 240x240px, interfaccia SPI + Touchscreen capacitivo \u2013 RVT15MDTNWC00-B | Riverdi\" \/>\n<meta property=\"og:description\" content=\"Display IPS ad alta luminosit\u00e0: display TFT-LCD da 1,54\u2033 con risoluzione 240x240px, luminosit\u00e0 500 cd\/m\u00b2 a basso consumo e bonding ottico. Interfaccia SPI e angoli di visione completi IPS \u2013 modello SM-RVT15MDTNWC00-B\" \/>\n<meta property=\"og:url\" content=\"https:\/\/riverdi.com\/it\/product\/rvt15mdtnwc00-b\" \/>\n<meta property=\"og:site_name\" content=\"Riverdi\" \/>\n<meta property=\"article:publisher\" content=\"https:\/\/www.facebook.com\/riverdi.displays\/\" \/>\n<meta property=\"article:modified_time\" content=\"2026-01-19T21:47:13+00:00\" \/>\n<meta property=\"og:image\" content=\"https:\/\/riverdi.com\/wp-content\/uploads\/2024\/11\/nucleo1.5-front.webp\" \/>\n\t<meta property=\"og:image:width\" content=\"1200\" \/>\n\t<meta property=\"og:image:height\" content=\"1200\" \/>\n\t<meta property=\"og:image:type\" content=\"image\/webp\" \/>\n<meta name=\"twitter:card\" content=\"summary_large_image\" \/>\n<meta name=\"twitter:site\" content=\"@riverdidisplays\" \/>\n<meta name=\"twitter:label1\" content=\"Tempo di lettura stimato\" \/>\n\t<meta name=\"twitter:data1\" content=\"4 minuti\" \/>\n<script type=\"application\/ld+json\" class=\"yoast-schema-graph\">{\"@context\":\"https:\\\/\\\/schema.org\",\"@graph\":[{\"@type\":\"WebPage\",\"@id\":\"https:\\\/\\\/riverdi.com\\\/it\\\/product\\\/rvt15mdtnwc00-b\",\"url\":\"https:\\\/\\\/riverdi.com\\\/it\\\/product\\\/rvt15mdtnwc00-b\",\"name\":\"Display IPS ad alta luminosit\u00e0 1,54\u2033 TFT LCD 240x240px, interfaccia SPI + Touchscreen capacitivo \u2013 RVT15MDTNWC00-B | Riverdi\",\"isPartOf\":{\"@id\":\"https:\\\/\\\/riverdi.com\\\/it#website\"},\"primaryImageOfPage\":{\"@id\":\"https:\\\/\\\/riverdi.com\\\/it\\\/product\\\/rvt15mdtnwc00-b#primaryimage\"},\"image\":{\"@id\":\"https:\\\/\\\/riverdi.com\\\/it\\\/product\\\/rvt15mdtnwc00-b#primaryimage\"},\"thumbnailUrl\":\"https:\\\/\\\/riverdi.com\\\/wp-content\\\/uploads\\\/2024\\\/11\\\/nucleo1.5-front.webp\",\"datePublished\":\"2024-11-19T12:43:15+00:00\",\"dateModified\":\"2026-01-19T21:47:13+00:00\",\"description\":\"Display IPS ad alta luminosit\u00e0: display TFT-LCD da 1,54\u2033 con risoluzione 240x240px, luminosit\u00e0 500 cd\\\/m\u00b2 a basso consumo e bonding ottico. Interfaccia SPI e angoli di visione completi IPS \u2013 modello SM-RVT15MDTNWC00-B\",\"breadcrumb\":{\"@id\":\"https:\\\/\\\/riverdi.com\\\/it\\\/product\\\/rvt15mdtnwc00-b#breadcrumb\"},\"inLanguage\":\"it-IT\",\"potentialAction\":[{\"@type\":\"ReadAction\",\"target\":[\"https:\\\/\\\/riverdi.com\\\/it\\\/product\\\/rvt15mdtnwc00-b\"]}]},{\"@type\":\"ImageObject\",\"inLanguage\":\"it-IT\",\"@id\":\"https:\\\/\\\/riverdi.com\\\/it\\\/product\\\/rvt15mdtnwc00-b#primaryimage\",\"url\":\"https:\\\/\\\/riverdi.com\\\/wp-content\\\/uploads\\\/2024\\\/11\\\/nucleo1.5-front.webp\",\"contentUrl\":\"https:\\\/\\\/riverdi.com\\\/wp-content\\\/uploads\\\/2024\\\/11\\\/nucleo1.5-front.webp\",\"width\":1200,\"height\":1200},{\"@type\":\"BreadcrumbList\",\"@id\":\"https:\\\/\\\/riverdi.com\\\/it\\\/product\\\/rvt15mdtnwc00-b#breadcrumb\",\"itemListElement\":[{\"@type\":\"ListItem\",\"position\":1,\"name\":\"Front Page\",\"item\":\"https:\\\/\\\/riverdi.com\\\/it\\\/prima-pagina\"},{\"@type\":\"ListItem\",\"position\":2,\"name\":\"Negozio\",\"item\":\"https:\\\/\\\/riverdi.com\\\/it\\\/negozio\"},{\"@type\":\"ListItem\",\"position\":3,\"name\":\"Display IPS ad alta luminosit\u00e0 1,54\u2033 TFT LCD 240x240px, interfaccia SPI + Touchscreen capacitivo \u2013 RVT15MDTNWC00-B\"}]},{\"@type\":\"WebSite\",\"@id\":\"https:\\\/\\\/riverdi.com\\\/it#website\",\"url\":\"https:\\\/\\\/riverdi.com\\\/it\",\"name\":\"Riverdi\",\"description\":\"Global TFT LCD Manufacturer\",\"potentialAction\":[{\"@type\":\"SearchAction\",\"target\":{\"@type\":\"EntryPoint\",\"urlTemplate\":\"https:\\\/\\\/riverdi.com\\\/it?s={search_term_string}\"},\"query-input\":{\"@type\":\"PropertyValueSpecification\",\"valueRequired\":true,\"valueName\":\"search_term_string\"}}],\"inLanguage\":\"it-IT\"}]}<\/script>\n<!-- \/ Yoast SEO plugin. -->","yoast_head_json":{"title":"Display IPS ad alta luminosit\u00e0 1,54\u2033 TFT LCD 240x240px, interfaccia SPI + Touchscreen capacitivo \u2013 RVT15MDTNWC00-B | Riverdi","description":"Display IPS ad alta luminosit\u00e0: display TFT-LCD da 1,54\u2033 con risoluzione 240x240px, luminosit\u00e0 500 cd\/m\u00b2 a basso consumo e bonding ottico. Interfaccia SPI e angoli di visione completi IPS \u2013 modello SM-RVT15MDTNWC00-B","robots":{"index":"index","follow":"follow","max-snippet":"max-snippet:-1","max-image-preview":"max-image-preview:large","max-video-preview":"max-video-preview:-1"},"canonical":"https:\/\/riverdi.com\/it\/product\/rvt15mdtnwc00-b","og_locale":"it_IT","og_type":"article","og_title":"Display IPS ad alta luminosit\u00e0 1,54\u2033 TFT LCD 240x240px, interfaccia SPI + Touchscreen capacitivo \u2013 RVT15MDTNWC00-B | Riverdi","og_description":"Display IPS ad alta luminosit\u00e0: display TFT-LCD da 1,54\u2033 con risoluzione 240x240px, luminosit\u00e0 500 cd\/m\u00b2 a basso consumo e bonding ottico. Interfaccia SPI e angoli di visione completi IPS \u2013 modello SM-RVT15MDTNWC00-B","og_url":"https:\/\/riverdi.com\/it\/product\/rvt15mdtnwc00-b","og_site_name":"Riverdi","article_publisher":"https:\/\/www.facebook.com\/riverdi.displays\/","article_modified_time":"2026-01-19T21:47:13+00:00","og_image":[{"width":1200,"height":1200,"url":"https:\/\/riverdi.com\/wp-content\/uploads\/2024\/11\/nucleo1.5-front.webp","type":"image\/webp"}],"twitter_card":"summary_large_image","twitter_site":"@riverdidisplays","twitter_misc":{"Tempo di lettura stimato":"4 minuti"},"schema":{"@context":"https:\/\/schema.org","@graph":[{"@type":"WebPage","@id":"https:\/\/riverdi.com\/it\/product\/rvt15mdtnwc00-b","url":"https:\/\/riverdi.com\/it\/product\/rvt15mdtnwc00-b","name":"Display IPS ad alta luminosit\u00e0 1,54\u2033 TFT LCD 240x240px, interfaccia SPI + Touchscreen capacitivo \u2013 RVT15MDTNWC00-B | Riverdi","isPartOf":{"@id":"https:\/\/riverdi.com\/it#website"},"primaryImageOfPage":{"@id":"https:\/\/riverdi.com\/it\/product\/rvt15mdtnwc00-b#primaryimage"},"image":{"@id":"https:\/\/riverdi.com\/it\/product\/rvt15mdtnwc00-b#primaryimage"},"thumbnailUrl":"https:\/\/riverdi.com\/wp-content\/uploads\/2024\/11\/nucleo1.5-front.webp","datePublished":"2024-11-19T12:43:15+00:00","dateModified":"2026-01-19T21:47:13+00:00","description":"Display IPS ad alta luminosit\u00e0: display TFT-LCD da 1,54\u2033 con risoluzione 240x240px, luminosit\u00e0 500 cd\/m\u00b2 a basso consumo e bonding ottico. Interfaccia SPI e angoli di visione completi IPS \u2013 modello SM-RVT15MDTNWC00-B","breadcrumb":{"@id":"https:\/\/riverdi.com\/it\/product\/rvt15mdtnwc00-b#breadcrumb"},"inLanguage":"it-IT","potentialAction":[{"@type":"ReadAction","target":["https:\/\/riverdi.com\/it\/product\/rvt15mdtnwc00-b"]}]},{"@type":"ImageObject","inLanguage":"it-IT","@id":"https:\/\/riverdi.com\/it\/product\/rvt15mdtnwc00-b#primaryimage","url":"https:\/\/riverdi.com\/wp-content\/uploads\/2024\/11\/nucleo1.5-front.webp","contentUrl":"https:\/\/riverdi.com\/wp-content\/uploads\/2024\/11\/nucleo1.5-front.webp","width":1200,"height":1200},{"@type":"BreadcrumbList","@id":"https:\/\/riverdi.com\/it\/product\/rvt15mdtnwc00-b#breadcrumb","itemListElement":[{"@type":"ListItem","position":1,"name":"Front Page","item":"https:\/\/riverdi.com\/it\/prima-pagina"},{"@type":"ListItem","position":2,"name":"Negozio","item":"https:\/\/riverdi.com\/it\/negozio"},{"@type":"ListItem","position":3,"name":"Display IPS ad alta luminosit\u00e0 1,54\u2033 TFT LCD 240x240px, interfaccia SPI + Touchscreen capacitivo \u2013 RVT15MDTNWC00-B"}]},{"@type":"WebSite","@id":"https:\/\/riverdi.com\/it#website","url":"https:\/\/riverdi.com\/it","name":"Riverdi","description":"Global TFT LCD Manufacturer","potentialAction":[{"@type":"SearchAction","target":{"@type":"EntryPoint","urlTemplate":"https:\/\/riverdi.com\/it?s={search_term_string}"},"query-input":{"@type":"PropertyValueSpecification","valueRequired":true,"valueName":"search_term_string"}}],"inLanguage":"it-IT"}]}},"_links":{"self":[{"href":"https:\/\/riverdi.com\/it\/wp-json\/wp\/v2\/product\/121997","targetHints":{"allow":["GET"]}}],"collection":[{"href":"https:\/\/riverdi.com\/it\/wp-json\/wp\/v2\/product"}],"about":[{"href":"https:\/\/riverdi.com\/it\/wp-json\/wp\/v2\/types\/product"}],"replies":[{"embeddable":true,"href":"https:\/\/riverdi.com\/it\/wp-json\/wp\/v2\/comments?post=121997"}],"wp:featuredmedia":[{"embeddable":true,"href":"https:\/\/riverdi.com\/it\/wp-json\/wp\/v2\/media\/121987"}],"wp:attachment":[{"href":"https:\/\/riverdi.com\/it\/wp-json\/wp\/v2\/media?parent=121997"}],"wp:term":[{"taxonomy":"product_brand","embeddable":true,"href":"https:\/\/riverdi.com\/it\/wp-json\/wp\/v2\/product_brand?post=121997"},{"taxonomy":"product_cat","embeddable":true,"href":"https:\/\/riverdi.com\/it\/wp-json\/wp\/v2\/product_cat?post=121997"},{"taxonomy":"product_tag","embeddable":true,"href":"https:\/\/riverdi.com\/it\/wp-json\/wp\/v2\/product_tag?post=121997"}],"curies":[{"name":"wp","href":"https:\/\/api.w.org\/{rel}","templated":true}]}}