{"id":119922,"date":"2022-05-09T10:10:33","date_gmt":"2022-05-09T08:10:33","guid":{"rendered":"http:\/\/riverdi.com\/?post_type=product&#038;p=119922"},"modified":"2024-10-01T16:28:19","modified_gmt":"2024-10-01T14:28:19","slug":"5-pollici-tft-lcd-screen-stm32u5-embedded-display-capacitivo-touch-panel-optical-bonding-rvt50hqsnwc01-b","status":"publish","type":"product","link":"https:\/\/riverdi.com\/it\/product\/5-pollici-tft-lcd-screen-stm32u5-embedded-display-capacitivo-touch-panel-optical-bonding-rvt50hqsnwc01-b","title":{"rendered":"Display integrato STM32 &#8211; Pannello tattile capacitivo &#8211; Legame ottico &#8211; Schermo LCD TFT da 5 pollici &#8211; RVT50HQSNWC01-B"},"content":{"rendered":"<p>non rimuovere questo<\/p>\n","protected":false},"excerpt":{"rendered":"<p>Il cavo di alimentazione <a title=\"https:\/\/riverdi.com\/product\/rva-0106m-1-25ff-1\/\" href=\"https:\/\/riverdi.com\/product\/rva-0106m-1-25ff-1\/\">RVA-0106M-1.25FF-1<\/a> e il cavo di programmazione ST-LINK\/V2 &amp;ST-LINK V2-ISO SWD <a title=\"https:\/\/riverdi.com\/product\/rva-swd-06m-c100\/\" href=\"https:\/\/riverdi.com\/product\/rva-swd-06m-c100\/\">RVA-SWD-06M-C100<\/a> V2 <strong>sono inclusi come accessori gratuiti nella confezione singola<\/strong><strong>:<\/strong><\/p>\n<ul>\n<li>Display TFT da 5&#8221;<\/li>\n<li>Risoluzione 800x480px<\/li>\n<li>Alta luminosit\u00e0 <sup>850cd\/m2<\/sup><\/li>\n<li>Angoli di visione completi (IPS)<\/li>\n<li>STM32U5G9<\/li>\n<li>Acceleratore grafico vettoriale NeoChromVG GPU<\/li>\n<li>Tutte le interfacce STM32U5<\/li>\n<li>Incollaggio ottico<\/li>\n<li>Touch screen capacitivo a proiezione industriale<\/li>\n<li>Vetro di copertura decorativo nero<\/li>\n<li>Alta qualit\u00e0<\/li>\n<li>4MB Flash<\/li>\n<li>3MB DI RAM<\/li>\n<li>Supporto diretto di TouchGFX<\/li>\n<li>Alimentazione: 6V-48V<\/li>\n<\/ul>\n","protected":false},"featured_media":103372,"comment_status":"closed","ping_status":"closed","template":"","meta":{"_acf_changed":false,"content-type":"","inline_featured_image":false},"product_brand":[],"product_cat":[3192,4797,4796],"product_tag":[],"class_list":{"0":"post-119922","1":"product","2":"type-product","3":"status-publish","4":"has-post-thumbnail","6":"product_cat-display-integrati-stm32","7":"product_cat-display-lcd","8":"product_cat-display-tft","10":"first","11":"instock","12":"taxable","13":"shipping-taxable","14":"purchasable","15":"product-type-simple"},"acf":[],"yoast_head":"<!-- This site is optimized with the Yoast SEO plugin v27.0 - https:\/\/yoast.com\/product\/yoast-seo-wordpress\/ -->\n<title>Display integrato STM32 - Pannello tattile capacitivo - Legame ottico - Schermo LCD TFT da 5 pollici - RVT50HQSNWC01-B - Riverdi<\/title>\n<meta name=\"description\" content=\"La serie STM32 Embedded Display di Riverdi \u00e8 attualmente il display a pi\u00f9 alta risoluzione (800\u00d7480 pixel) con STM32U5G9 sul mercato.\" \/>\n<meta name=\"robots\" content=\"index, follow, max-snippet:-1, max-image-preview:large, max-video-preview:-1\" \/>\n<link rel=\"canonical\" href=\"https:\/\/riverdi.com\/it\/product\/5-pollici-tft-lcd-screen-stm32u5-embedded-display-capacitivo-touch-panel-optical-bonding-rvt50hqsnwc01-b\" \/>\n<meta property=\"og:locale\" content=\"it_IT\" \/>\n<meta property=\"og:type\" content=\"article\" \/>\n<meta property=\"og:title\" content=\"Display integrato STM32 - Pannello tattile capacitivo - Legame ottico - Schermo LCD TFT da 5 pollici - RVT50HQSNWC01-B - Riverdi\" \/>\n<meta property=\"og:description\" content=\"La serie STM32 Embedded Display di Riverdi \u00e8 attualmente il display a pi\u00f9 alta risoluzione (800\u00d7480 pixel) con STM32U5G9 sul mercato.\" \/>\n<meta property=\"og:url\" content=\"https:\/\/riverdi.com\/it\/product\/5-pollici-tft-lcd-screen-stm32u5-embedded-display-capacitivo-touch-panel-optical-bonding-rvt50hqsnwc01-b\" \/>\n<meta property=\"og:site_name\" content=\"Riverdi\" \/>\n<meta property=\"article:publisher\" content=\"https:\/\/www.facebook.com\/riverdi.displays\/\" \/>\n<meta property=\"article:modified_time\" content=\"2024-10-01T14:28:19+00:00\" \/>\n<meta property=\"og:image\" content=\"https:\/\/riverdi.com\/wp-content\/uploads\/2024\/04\/RVT50HQSNWC00-B.webp\" \/>\n\t<meta property=\"og:image:width\" content=\"1293\" \/>\n\t<meta property=\"og:image:height\" content=\"889\" \/>\n\t<meta property=\"og:image:type\" content=\"image\/webp\" \/>\n<meta name=\"twitter:card\" content=\"summary_large_image\" \/>\n<meta name=\"twitter:site\" content=\"@riverdidisplays\" \/>\n<script type=\"application\/ld+json\" class=\"yoast-schema-graph\">{\"@context\":\"https:\/\/schema.org\",\"@graph\":[{\"@type\":\"WebPage\",\"@id\":\"https:\/\/riverdi.com\/it\/product\/5-pollici-tft-lcd-screen-stm32u5-embedded-display-capacitivo-touch-panel-optical-bonding-rvt50hqsnwc01-b\",\"url\":\"https:\/\/riverdi.com\/it\/product\/5-pollici-tft-lcd-screen-stm32u5-embedded-display-capacitivo-touch-panel-optical-bonding-rvt50hqsnwc01-b\",\"name\":\"Display integrato STM32 - Pannello tattile capacitivo - Legame ottico - Schermo LCD TFT da 5 pollici - RVT50HQSNWC01-B - Riverdi\",\"isPartOf\":{\"@id\":\"https:\/\/riverdi.com\/it#website\"},\"primaryImageOfPage\":{\"@id\":\"https:\/\/riverdi.com\/it\/product\/5-pollici-tft-lcd-screen-stm32u5-embedded-display-capacitivo-touch-panel-optical-bonding-rvt50hqsnwc01-b#primaryimage\"},\"image\":{\"@id\":\"https:\/\/riverdi.com\/it\/product\/5-pollici-tft-lcd-screen-stm32u5-embedded-display-capacitivo-touch-panel-optical-bonding-rvt50hqsnwc01-b#primaryimage\"},\"thumbnailUrl\":\"https:\/\/riverdi.com\/wp-content\/uploads\/2024\/04\/RVT50HQSNWC00-B.webp\",\"datePublished\":\"2022-05-09T08:10:33+00:00\",\"dateModified\":\"2024-10-01T14:28:19+00:00\",\"description\":\"La serie STM32 Embedded Display di Riverdi \u00e8 attualmente il display a pi\u00f9 alta risoluzione (800\u00d7480 pixel) con STM32U5G9 sul mercato.\",\"breadcrumb\":{\"@id\":\"https:\/\/riverdi.com\/it\/product\/5-pollici-tft-lcd-screen-stm32u5-embedded-display-capacitivo-touch-panel-optical-bonding-rvt50hqsnwc01-b#breadcrumb\"},\"inLanguage\":\"it-IT\",\"potentialAction\":[{\"@type\":\"ReadAction\",\"target\":[\"https:\/\/riverdi.com\/it\/product\/5-pollici-tft-lcd-screen-stm32u5-embedded-display-capacitivo-touch-panel-optical-bonding-rvt50hqsnwc01-b\"]}]},{\"@type\":\"ImageObject\",\"inLanguage\":\"it-IT\",\"@id\":\"https:\/\/riverdi.com\/it\/product\/5-pollici-tft-lcd-screen-stm32u5-embedded-display-capacitivo-touch-panel-optical-bonding-rvt50hqsnwc01-b#primaryimage\",\"url\":\"https:\/\/riverdi.com\/wp-content\/uploads\/2024\/04\/RVT50HQSNWC00-B.webp\",\"contentUrl\":\"https:\/\/riverdi.com\/wp-content\/uploads\/2024\/04\/RVT50HQSNWC00-B.webp\",\"width\":1293,\"height\":889},{\"@type\":\"BreadcrumbList\",\"@id\":\"https:\/\/riverdi.com\/it\/product\/5-pollici-tft-lcd-screen-stm32u5-embedded-display-capacitivo-touch-panel-optical-bonding-rvt50hqsnwc01-b#breadcrumb\",\"itemListElement\":[{\"@type\":\"ListItem\",\"position\":1,\"name\":\"Front Page\",\"item\":\"https:\/\/riverdi.com\/it\/prima-pagina\"},{\"@type\":\"ListItem\",\"position\":2,\"name\":\"Negozio\",\"item\":\"https:\/\/riverdi.com\/it\/negozio\"},{\"@type\":\"ListItem\",\"position\":3,\"name\":\"Display integrato STM32 &#8211; Pannello tattile capacitivo &#8211; Legame ottico &#8211; Schermo LCD TFT da 5 pollici &#8211; RVT50HQSNWC01-B\"}]},{\"@type\":\"WebSite\",\"@id\":\"https:\/\/riverdi.com\/it#website\",\"url\":\"https:\/\/riverdi.com\/it\",\"name\":\"Riverdi\",\"description\":\"Global TFT LCD Manufacturer\",\"potentialAction\":[{\"@type\":\"SearchAction\",\"target\":{\"@type\":\"EntryPoint\",\"urlTemplate\":\"https:\/\/riverdi.com\/it?s={search_term_string}\"},\"query-input\":{\"@type\":\"PropertyValueSpecification\",\"valueRequired\":true,\"valueName\":\"search_term_string\"}}],\"inLanguage\":\"it-IT\"}]}<\/script>\n<!-- \/ Yoast SEO plugin. -->","yoast_head_json":{"title":"Display integrato STM32 - Pannello tattile capacitivo - Legame ottico - Schermo LCD TFT da 5 pollici - RVT50HQSNWC01-B - Riverdi","description":"La serie STM32 Embedded Display di Riverdi \u00e8 attualmente il display a pi\u00f9 alta risoluzione (800\u00d7480 pixel) con STM32U5G9 sul mercato.","robots":{"index":"index","follow":"follow","max-snippet":"max-snippet:-1","max-image-preview":"max-image-preview:large","max-video-preview":"max-video-preview:-1"},"canonical":"https:\/\/riverdi.com\/it\/product\/5-pollici-tft-lcd-screen-stm32u5-embedded-display-capacitivo-touch-panel-optical-bonding-rvt50hqsnwc01-b","og_locale":"it_IT","og_type":"article","og_title":"Display integrato STM32 - Pannello tattile capacitivo - Legame ottico - Schermo LCD TFT da 5 pollici - RVT50HQSNWC01-B - Riverdi","og_description":"La serie STM32 Embedded Display di Riverdi \u00e8 attualmente il display a pi\u00f9 alta risoluzione (800\u00d7480 pixel) con STM32U5G9 sul mercato.","og_url":"https:\/\/riverdi.com\/it\/product\/5-pollici-tft-lcd-screen-stm32u5-embedded-display-capacitivo-touch-panel-optical-bonding-rvt50hqsnwc01-b","og_site_name":"Riverdi","article_publisher":"https:\/\/www.facebook.com\/riverdi.displays\/","article_modified_time":"2024-10-01T14:28:19+00:00","og_image":[{"width":1293,"height":889,"url":"https:\/\/riverdi.com\/wp-content\/uploads\/2024\/04\/RVT50HQSNWC00-B.webp","type":"image\/webp"}],"twitter_card":"summary_large_image","twitter_site":"@riverdidisplays","schema":{"@context":"https:\/\/schema.org","@graph":[{"@type":"WebPage","@id":"https:\/\/riverdi.com\/it\/product\/5-pollici-tft-lcd-screen-stm32u5-embedded-display-capacitivo-touch-panel-optical-bonding-rvt50hqsnwc01-b","url":"https:\/\/riverdi.com\/it\/product\/5-pollici-tft-lcd-screen-stm32u5-embedded-display-capacitivo-touch-panel-optical-bonding-rvt50hqsnwc01-b","name":"Display integrato STM32 - Pannello tattile capacitivo - Legame ottico - Schermo LCD TFT da 5 pollici - RVT50HQSNWC01-B - Riverdi","isPartOf":{"@id":"https:\/\/riverdi.com\/it#website"},"primaryImageOfPage":{"@id":"https:\/\/riverdi.com\/it\/product\/5-pollici-tft-lcd-screen-stm32u5-embedded-display-capacitivo-touch-panel-optical-bonding-rvt50hqsnwc01-b#primaryimage"},"image":{"@id":"https:\/\/riverdi.com\/it\/product\/5-pollici-tft-lcd-screen-stm32u5-embedded-display-capacitivo-touch-panel-optical-bonding-rvt50hqsnwc01-b#primaryimage"},"thumbnailUrl":"https:\/\/riverdi.com\/wp-content\/uploads\/2024\/04\/RVT50HQSNWC00-B.webp","datePublished":"2022-05-09T08:10:33+00:00","dateModified":"2024-10-01T14:28:19+00:00","description":"La serie STM32 Embedded Display di Riverdi \u00e8 attualmente il display a pi\u00f9 alta risoluzione (800\u00d7480 pixel) con STM32U5G9 sul mercato.","breadcrumb":{"@id":"https:\/\/riverdi.com\/it\/product\/5-pollici-tft-lcd-screen-stm32u5-embedded-display-capacitivo-touch-panel-optical-bonding-rvt50hqsnwc01-b#breadcrumb"},"inLanguage":"it-IT","potentialAction":[{"@type":"ReadAction","target":["https:\/\/riverdi.com\/it\/product\/5-pollici-tft-lcd-screen-stm32u5-embedded-display-capacitivo-touch-panel-optical-bonding-rvt50hqsnwc01-b"]}]},{"@type":"ImageObject","inLanguage":"it-IT","@id":"https:\/\/riverdi.com\/it\/product\/5-pollici-tft-lcd-screen-stm32u5-embedded-display-capacitivo-touch-panel-optical-bonding-rvt50hqsnwc01-b#primaryimage","url":"https:\/\/riverdi.com\/wp-content\/uploads\/2024\/04\/RVT50HQSNWC00-B.webp","contentUrl":"https:\/\/riverdi.com\/wp-content\/uploads\/2024\/04\/RVT50HQSNWC00-B.webp","width":1293,"height":889},{"@type":"BreadcrumbList","@id":"https:\/\/riverdi.com\/it\/product\/5-pollici-tft-lcd-screen-stm32u5-embedded-display-capacitivo-touch-panel-optical-bonding-rvt50hqsnwc01-b#breadcrumb","itemListElement":[{"@type":"ListItem","position":1,"name":"Front Page","item":"https:\/\/riverdi.com\/it\/prima-pagina"},{"@type":"ListItem","position":2,"name":"Negozio","item":"https:\/\/riverdi.com\/it\/negozio"},{"@type":"ListItem","position":3,"name":"Display integrato STM32 &#8211; Pannello tattile capacitivo &#8211; Legame ottico &#8211; Schermo LCD TFT da 5 pollici &#8211; RVT50HQSNWC01-B"}]},{"@type":"WebSite","@id":"https:\/\/riverdi.com\/it#website","url":"https:\/\/riverdi.com\/it","name":"Riverdi","description":"Global TFT LCD Manufacturer","potentialAction":[{"@type":"SearchAction","target":{"@type":"EntryPoint","urlTemplate":"https:\/\/riverdi.com\/it?s={search_term_string}"},"query-input":{"@type":"PropertyValueSpecification","valueRequired":true,"valueName":"search_term_string"}}],"inLanguage":"it-IT"}]}},"_links":{"self":[{"href":"https:\/\/riverdi.com\/it\/wp-json\/wp\/v2\/product\/119922","targetHints":{"allow":["GET"]}}],"collection":[{"href":"https:\/\/riverdi.com\/it\/wp-json\/wp\/v2\/product"}],"about":[{"href":"https:\/\/riverdi.com\/it\/wp-json\/wp\/v2\/types\/product"}],"replies":[{"embeddable":true,"href":"https:\/\/riverdi.com\/it\/wp-json\/wp\/v2\/comments?post=119922"}],"wp:featuredmedia":[{"embeddable":true,"href":"https:\/\/riverdi.com\/it\/wp-json\/wp\/v2\/media\/103372"}],"wp:attachment":[{"href":"https:\/\/riverdi.com\/it\/wp-json\/wp\/v2\/media?parent=119922"}],"wp:term":[{"taxonomy":"product_brand","embeddable":true,"href":"https:\/\/riverdi.com\/it\/wp-json\/wp\/v2\/product_brand?post=119922"},{"taxonomy":"product_cat","embeddable":true,"href":"https:\/\/riverdi.com\/it\/wp-json\/wp\/v2\/product_cat?post=119922"},{"taxonomy":"product_tag","embeddable":true,"href":"https:\/\/riverdi.com\/it\/wp-json\/wp\/v2\/product_tag?post=119922"}],"curies":[{"name":"wp","href":"https:\/\/api.w.org\/{rel}","templated":true}]}}