{"id":118614,"date":"2016-02-15T14:35:45","date_gmt":"2016-02-15T13:35:45","guid":{"rendered":"http:\/\/riverdi.com\/product\/rvt4-3a480272cfwc36\/"},"modified":"2016-02-15T14:35:45","modified_gmt":"2016-02-15T13:35:45","slug":"rvt4-3a480272cfwc36","status":"publish","type":"product","link":"https:\/\/riverdi.com\/it\/product\/rvt4-3a480272cfwc36","title":{"rendered":"RVT4.3A480272CFWC36"},"content":{"rendered":"<p>non rimuovere questo<\/p>\n","protected":false},"excerpt":{"rendered":"<p><span class=\"not-recommended\" style=\"background-color: #fdad00; padding: 15px; color: #ffffff;\"><strong>Per i nuovi progetti si consiglia di utilizzare <a href=\"https:\/\/riverdi.com\/product-category\/intelligent-displays\/bt817q\/\">EVE4<\/a>.<\/strong><\/span><\/p>\n<p><span style=\"font-weight: 400;\">Un display Riverdi <strong>4,3&#8243;<\/strong> TFT con <strong>touchscreen capacitivo<\/strong> proiettato e un telaio di montaggio in metallo che consente una facile integrazione.<\/span><\/p>\n<p><span style=\"font-weight: 400;\">La risoluzione di <strong>480\u00d7272<\/strong> offre colori nitidi e chiari, mentre lo schermo \u00e8 gestito dal potente <strong>controller grafico SSD1963<\/strong>.<\/span><\/p>\n<p><span style=\"font-weight: 400;\">Il display \u00e8 dotato di<strong> interfaccia MCU<\/strong> standard.<\/span><\/p>\n","protected":false},"featured_media":102922,"comment_status":"closed","ping_status":"closed","template":"","meta":{"_acf_changed":false,"content-type":"","inline_featured_image":false},"product_brand":[],"product_cat":[3400,4091],"product_tag":[3429,3860,4420,4099,3953],"class_list":{"0":"post-118614","1":"product","2":"type-product","3":"status-publish","4":"has-post-thumbnail","6":"product_cat-display-intelligenti","7":"product_cat-moduli-ssd1963","8":"product_tag-ctp-it","9":"product_tag-inverter-led","10":"product_tag-rvt4-3a480272cfwc36-it","11":"product_tag-ssd1963-it","12":"product_tag-telaio","14":"first","15":"instock","16":"taxable","17":"shipping-taxable","18":"purchasable","19":"product-type-simple"},"acf":[],"yoast_head":"<!-- This site is optimized with the Yoast SEO plugin v27.0 - https:\/\/yoast.com\/product\/yoast-seo-wordpress\/ -->\n<title>RVT4.3A480272CFWC36 - Riverdi<\/title>\n<meta name=\"robots\" content=\"index, follow, max-snippet:-1, max-image-preview:large, max-video-preview:-1\" \/>\n<link rel=\"canonical\" href=\"https:\/\/riverdi.com\/it\/product\/rvt4-3a480272cfwc36\" \/>\n<meta property=\"og:locale\" content=\"it_IT\" \/>\n<meta property=\"og:type\" content=\"article\" \/>\n<meta property=\"og:title\" content=\"RVT4.3A480272CFWC36 - Riverdi\" \/>\n<meta property=\"og:description\" content=\"Per i nuovi progetti si consiglia di utilizzare EVE4. Un display Riverdi 4,3&quot; TFT con touchscreen capacitivo proiettato e un telaio di montaggio in metallo che consente una facile integrazione. La risoluzione di 480\u00d7272 offre colori nitidi e chiari, mentre lo schermo \u00e8 gestito dal potente controller grafico SSD1963. Il display \u00e8 dotato di interfaccia MCU standard.\" \/>\n<meta property=\"og:url\" content=\"https:\/\/riverdi.com\/it\/product\/rvt4-3a480272cfwc36\" \/>\n<meta property=\"og:site_name\" content=\"Riverdi\" \/>\n<meta property=\"article:publisher\" content=\"https:\/\/www.facebook.com\/riverdi.displays\/\" \/>\n<meta property=\"og:image\" content=\"https:\/\/riverdi.com\/wp-content\/uploads\/2024\/03\/SSD_4.3-RVT4.3A480272CFWC36-front.webp\" \/>\n\t<meta property=\"og:image:width\" content=\"1280\" \/>\n\t<meta property=\"og:image:height\" content=\"880\" \/>\n\t<meta property=\"og:image:type\" content=\"image\/webp\" \/>\n<meta name=\"twitter:card\" content=\"summary_large_image\" \/>\n<meta name=\"twitter:site\" content=\"@riverdidisplays\" \/>\n<script type=\"application\/ld+json\" class=\"yoast-schema-graph\">{\"@context\":\"https:\/\/schema.org\",\"@graph\":[{\"@type\":\"WebPage\",\"@id\":\"https:\/\/riverdi.com\/it\/product\/rvt4-3a480272cfwc36\",\"url\":\"https:\/\/riverdi.com\/it\/product\/rvt4-3a480272cfwc36\",\"name\":\"RVT4.3A480272CFWC36 - Riverdi\",\"isPartOf\":{\"@id\":\"https:\/\/riverdi.com\/it#website\"},\"primaryImageOfPage\":{\"@id\":\"https:\/\/riverdi.com\/it\/product\/rvt4-3a480272cfwc36#primaryimage\"},\"image\":{\"@id\":\"https:\/\/riverdi.com\/it\/product\/rvt4-3a480272cfwc36#primaryimage\"},\"thumbnailUrl\":\"https:\/\/riverdi.com\/wp-content\/uploads\/2024\/03\/SSD_4.3-RVT4.3A480272CFWC36-front.webp\",\"datePublished\":\"2016-02-15T13:35:45+00:00\",\"breadcrumb\":{\"@id\":\"https:\/\/riverdi.com\/it\/product\/rvt4-3a480272cfwc36#breadcrumb\"},\"inLanguage\":\"it-IT\",\"potentialAction\":[{\"@type\":\"ReadAction\",\"target\":[\"https:\/\/riverdi.com\/it\/product\/rvt4-3a480272cfwc36\"]}]},{\"@type\":\"ImageObject\",\"inLanguage\":\"it-IT\",\"@id\":\"https:\/\/riverdi.com\/it\/product\/rvt4-3a480272cfwc36#primaryimage\",\"url\":\"https:\/\/riverdi.com\/wp-content\/uploads\/2024\/03\/SSD_4.3-RVT4.3A480272CFWC36-front.webp\",\"contentUrl\":\"https:\/\/riverdi.com\/wp-content\/uploads\/2024\/03\/SSD_4.3-RVT4.3A480272CFWC36-front.webp\",\"width\":1280,\"height\":880,\"caption\":\"Solomon SSD1963\"},{\"@type\":\"BreadcrumbList\",\"@id\":\"https:\/\/riverdi.com\/it\/product\/rvt4-3a480272cfwc36#breadcrumb\",\"itemListElement\":[{\"@type\":\"ListItem\",\"position\":1,\"name\":\"Front Page\",\"item\":\"https:\/\/riverdi.com\/it\/prima-pagina\"},{\"@type\":\"ListItem\",\"position\":2,\"name\":\"Negozio\",\"item\":\"https:\/\/riverdi.com\/it\/negozio\"},{\"@type\":\"ListItem\",\"position\":3,\"name\":\"RVT4.3A480272CFWC36\"}]},{\"@type\":\"WebSite\",\"@id\":\"https:\/\/riverdi.com\/it#website\",\"url\":\"https:\/\/riverdi.com\/it\",\"name\":\"Riverdi\",\"description\":\"Global TFT LCD Manufacturer\",\"potentialAction\":[{\"@type\":\"SearchAction\",\"target\":{\"@type\":\"EntryPoint\",\"urlTemplate\":\"https:\/\/riverdi.com\/it?s={search_term_string}\"},\"query-input\":{\"@type\":\"PropertyValueSpecification\",\"valueRequired\":true,\"valueName\":\"search_term_string\"}}],\"inLanguage\":\"it-IT\"}]}<\/script>\n<!-- \/ Yoast SEO plugin. -->","yoast_head_json":{"title":"RVT4.3A480272CFWC36 - Riverdi","robots":{"index":"index","follow":"follow","max-snippet":"max-snippet:-1","max-image-preview":"max-image-preview:large","max-video-preview":"max-video-preview:-1"},"canonical":"https:\/\/riverdi.com\/it\/product\/rvt4-3a480272cfwc36","og_locale":"it_IT","og_type":"article","og_title":"RVT4.3A480272CFWC36 - Riverdi","og_description":"Per i nuovi progetti si consiglia di utilizzare EVE4. Un display Riverdi 4,3\" TFT con touchscreen capacitivo proiettato e un telaio di montaggio in metallo che consente una facile integrazione. La risoluzione di 480\u00d7272 offre colori nitidi e chiari, mentre lo schermo \u00e8 gestito dal potente controller grafico SSD1963. Il display \u00e8 dotato di interfaccia MCU standard.","og_url":"https:\/\/riverdi.com\/it\/product\/rvt4-3a480272cfwc36","og_site_name":"Riverdi","article_publisher":"https:\/\/www.facebook.com\/riverdi.displays\/","og_image":[{"width":1280,"height":880,"url":"https:\/\/riverdi.com\/wp-content\/uploads\/2024\/03\/SSD_4.3-RVT4.3A480272CFWC36-front.webp","type":"image\/webp"}],"twitter_card":"summary_large_image","twitter_site":"@riverdidisplays","schema":{"@context":"https:\/\/schema.org","@graph":[{"@type":"WebPage","@id":"https:\/\/riverdi.com\/it\/product\/rvt4-3a480272cfwc36","url":"https:\/\/riverdi.com\/it\/product\/rvt4-3a480272cfwc36","name":"RVT4.3A480272CFWC36 - Riverdi","isPartOf":{"@id":"https:\/\/riverdi.com\/it#website"},"primaryImageOfPage":{"@id":"https:\/\/riverdi.com\/it\/product\/rvt4-3a480272cfwc36#primaryimage"},"image":{"@id":"https:\/\/riverdi.com\/it\/product\/rvt4-3a480272cfwc36#primaryimage"},"thumbnailUrl":"https:\/\/riverdi.com\/wp-content\/uploads\/2024\/03\/SSD_4.3-RVT4.3A480272CFWC36-front.webp","datePublished":"2016-02-15T13:35:45+00:00","breadcrumb":{"@id":"https:\/\/riverdi.com\/it\/product\/rvt4-3a480272cfwc36#breadcrumb"},"inLanguage":"it-IT","potentialAction":[{"@type":"ReadAction","target":["https:\/\/riverdi.com\/it\/product\/rvt4-3a480272cfwc36"]}]},{"@type":"ImageObject","inLanguage":"it-IT","@id":"https:\/\/riverdi.com\/it\/product\/rvt4-3a480272cfwc36#primaryimage","url":"https:\/\/riverdi.com\/wp-content\/uploads\/2024\/03\/SSD_4.3-RVT4.3A480272CFWC36-front.webp","contentUrl":"https:\/\/riverdi.com\/wp-content\/uploads\/2024\/03\/SSD_4.3-RVT4.3A480272CFWC36-front.webp","width":1280,"height":880,"caption":"Solomon SSD1963"},{"@type":"BreadcrumbList","@id":"https:\/\/riverdi.com\/it\/product\/rvt4-3a480272cfwc36#breadcrumb","itemListElement":[{"@type":"ListItem","position":1,"name":"Front Page","item":"https:\/\/riverdi.com\/it\/prima-pagina"},{"@type":"ListItem","position":2,"name":"Negozio","item":"https:\/\/riverdi.com\/it\/negozio"},{"@type":"ListItem","position":3,"name":"RVT4.3A480272CFWC36"}]},{"@type":"WebSite","@id":"https:\/\/riverdi.com\/it#website","url":"https:\/\/riverdi.com\/it","name":"Riverdi","description":"Global TFT LCD Manufacturer","potentialAction":[{"@type":"SearchAction","target":{"@type":"EntryPoint","urlTemplate":"https:\/\/riverdi.com\/it?s={search_term_string}"},"query-input":{"@type":"PropertyValueSpecification","valueRequired":true,"valueName":"search_term_string"}}],"inLanguage":"it-IT"}]}},"_links":{"self":[{"href":"https:\/\/riverdi.com\/it\/wp-json\/wp\/v2\/product\/118614","targetHints":{"allow":["GET"]}}],"collection":[{"href":"https:\/\/riverdi.com\/it\/wp-json\/wp\/v2\/product"}],"about":[{"href":"https:\/\/riverdi.com\/it\/wp-json\/wp\/v2\/types\/product"}],"replies":[{"embeddable":true,"href":"https:\/\/riverdi.com\/it\/wp-json\/wp\/v2\/comments?post=118614"}],"wp:featuredmedia":[{"embeddable":true,"href":"https:\/\/riverdi.com\/it\/wp-json\/wp\/v2\/media\/102922"}],"wp:attachment":[{"href":"https:\/\/riverdi.com\/it\/wp-json\/wp\/v2\/media?parent=118614"}],"wp:term":[{"taxonomy":"product_brand","embeddable":true,"href":"https:\/\/riverdi.com\/it\/wp-json\/wp\/v2\/product_brand?post=118614"},{"taxonomy":"product_cat","embeddable":true,"href":"https:\/\/riverdi.com\/it\/wp-json\/wp\/v2\/product_cat?post=118614"},{"taxonomy":"product_tag","embeddable":true,"href":"https:\/\/riverdi.com\/it\/wp-json\/wp\/v2\/product_tag?post=118614"}],"curies":[{"name":"wp","href":"https:\/\/api.w.org\/{rel}","templated":true}]}}