{"id":117935,"date":"2021-04-15T12:30:41","date_gmt":"2021-04-15T10:30:41","guid":{"rendered":"http:\/\/riverdi.com\/product\/scheda-di-valutazione-stm32\/"},"modified":"2021-04-15T12:30:41","modified_gmt":"2021-04-15T10:30:41","slug":"scheda-di-valutazione-stm32","status":"publish","type":"product","link":"https:\/\/riverdi.com\/it\/product\/scheda-di-valutazione-stm32","title":{"rendered":"Scheda di valutazione STM32"},"content":{"rendered":"<h2>Le risorse sono fondamentali<\/h2>\n<p>Rispetto ai display EVE4, dove la maggior parte delle operazioni grafiche e dell&#8217;interfaccia utente sono gestite da un processore grafico, l&#8217;STM32 esegue le stesse operazioni quando pilota i display HB IPS RGB. In queste condizioni, l&#8217;elevata potenza di elaborazione del processore STM32F469II diventa evidente.<span class=\"Apple-converted-space\"> <\/span><\/p>\n<p>Per quanto riguarda i sistemi embedded e le applicazioni che controllano il display, le risorse presenti sulla scheda possono essere il fattore chiave del successo. Rispetto ai normali sistemi embedded in cui un microcontrollore viene utilizzato per eseguire operazioni meno complesse, ad esempio la lettura di sensori o il controllo di motori &#8211; e in cui il processore Cortex M0 \u00e8 pi\u00f9 che sufficiente per gestire tutti i compiti &#8211; nel caso di sistemi che controllano principalmente il display, la quantit\u00e0 di risorse necessarie cresce rapidamente. Secondo EE Times, oggi solo il 14% dei file grafici \u00e8 gestito da sistemi a 32 bit. Questo fatto colloca Riverdi nel gruppo dei leader tecnologici.<span class=\"Apple-converted-space\"> <\/span><\/p>\n<p>I requisiti principali di tali sistemi sono:<span class=\"Apple-converted-space\"> <\/span><\/p>\n<p><strong>Potenza di elaborazione,<span class=\"Apple-converted-space\"> <\/span><\/strong><\/p>\n<p><strong>Memoria RAM,<span class=\"Apple-converted-space\"> <\/span><\/strong><\/p>\n<p><strong>Memoria non volatile.<span class=\"Apple-converted-space\"> <\/span><\/strong><\/p>\n<p>La potenza di elaborazione \u00e8 necessaria per consentire un funzionamento fluido del display e per eseguire tutte le operazioni richieste in background. La memoria RAM deve essere sufficientemente grande da memorizzare almeno l&#8217;intero frame buffer per gli schermi a risoluzione e profondit\u00e0 di colore pi\u00f9 elevate. Infine, la memoria non volatile \u00e8 necessaria per memorizzare tutti gli oggetti utilizzati in un&#8217;applicazione grafica, come font o icone. Tenendo conto di tutti questi fatti, la scheda di valutazione STM32 Riverdi \u00e8 stata progettata con attenzione per soddisfare tutti i requisiti chiave.<\/p>\n<p><a href=\"https:\/\/riverdi.com\/wp-content\/uploads\/2021\/04\/w1000.webp\"><img decoding=\"async\" class=\"aligncenter wp-image-117623 size-full\" src=\"https:\/\/riverdi.com\/wp-content\/uploads\/2021\/04\/w1000.webp?_t=1716186330\" alt=\"\" width=\"1000\" height=\"769\" srcset=\"https:\/\/riverdi.com\/wp-content\/uploads\/2021\/04\/w1000.webp 1000w, https:\/\/riverdi.com\/wp-content\/uploads\/2021\/04\/w1000-600x461.webp 600w, https:\/\/riverdi.com\/wp-content\/uploads\/2021\/04\/w1000-64x49.webp 64w, https:\/\/riverdi.com\/wp-content\/uploads\/2021\/04\/w1000-300x231.webp 300w, https:\/\/riverdi.com\/wp-content\/uploads\/2021\/04\/w1000-768x591.webp 768w\" sizes=\"(max-width: 1000px) 100vw, 1000px\" \/><\/a><\/p>\n<h2>Come pilotare i display esterni<\/h2>\n<h4>Ponticello tra P7 e P8: ponte seriale\/SPI FTDI collegato a RiBUS SPI:<\/h4>\n<p>Utilizzate il ponte FT232 da seriale a SPI collegando un cavo micro USB al connettore &#8220;Direct USB&#8221; e utilizzando l&#8217;EVE Screen Editor per generare rapidamente interfacce grafiche con il minimo sforzo.<\/p>\n<h4>Ponticello tra P9 e P8: STM32 collegato a RiBUS SPI:<\/h4>\n<p>Utilizzate l&#8217;STM32F4 a bordo per sviluppare e testare il firmware per pilotare un display Riverdi serie EVE4 collegato con il controller BT817Q.<\/p>\n<p><a href=\"https:\/\/riverdi.com\/wp-content\/uploads\/2021\/04\/w1536h853.avif\"><img decoding=\"async\" class=\"aligncenter wp-image-117628 size-large\" src=\"https:\/\/riverdi.com\/wp-content\/uploads\/2021\/04\/w1536h853-1024x569.avif?_t=1716186374\" alt=\"\" width=\"1024\" height=\"569\" srcset=\"https:\/\/riverdi.com\/wp-content\/uploads\/2021\/04\/w1536h853-1024x569.avif 1024w, https:\/\/riverdi.com\/wp-content\/uploads\/2021\/04\/w1536h853-600x333.avif 600w, https:\/\/riverdi.com\/wp-content\/uploads\/2021\/04\/w1536h853-64x36.avif 64w, https:\/\/riverdi.com\/wp-content\/uploads\/2021\/04\/w1536h853-300x167.avif 300w, https:\/\/riverdi.com\/wp-content\/uploads\/2021\/04\/w1536h853-768x427.avif 768w, https:\/\/riverdi.com\/wp-content\/uploads\/2021\/04\/w1536h853.avif 1536w\" sizes=\"(max-width: 1024px) 100vw, 1024px\" \/><\/a><\/p>\n<h2>Componente aggiuntivo dell&#8217;estensione RGB<\/h2>\n<p>Mentre la scheda di valutazione contiene tutti i componenti chiave e l&#8217;interfaccia RiBUS per i display EVE, l&#8217;intestazione di estensione RGB porta l&#8217;interfaccia alla maggior parte dei display Riverdi RGB.<\/p>\n<p>La scheda di valutazione pu\u00f2 utilizzare RiBUS per pilotare il display con il controller grafico EVE o l&#8217;estensione RGB. Una scheda aggiuntiva, oltre a fornire segnali al display, svolge il ruolo di supporto fisico per l&#8217;intero modulo. Pertanto, le schede aggiuntive devono essere personalizzate in base ai display che servono.<\/p>\n<p><span class=\"s1\">A causa della <\/span>limitazione della risoluzione dell&#8217;STM32F469II, attualmente \u00e8 possibile collegare gli schermi da 10,1 pollici solo tramite RiBUS, quindi devono essere modelli con controller BT817Q.<\/p>\n<p><a href=\"https:\/\/riverdi.com\/wp-content\/uploads\/2021\/11\/w800h998.avif\"><img decoding=\"async\" class=\"aligncenter wp-image-117583 size-full\" src=\"https:\/\/riverdi.com\/wp-content\/uploads\/2021\/11\/w800h998.avif?_t=1716185266\" alt=\"\" width=\"800\" height=\"997\" srcset=\"https:\/\/riverdi.com\/wp-content\/uploads\/2021\/11\/w800h998.avif 800w, https:\/\/riverdi.com\/wp-content\/uploads\/2021\/11\/w800h998-600x748.avif 600w, https:\/\/riverdi.com\/wp-content\/uploads\/2021\/11\/w800h998-64x80.avif 64w, https:\/\/riverdi.com\/wp-content\/uploads\/2021\/11\/w800h998-241x300.avif 241w, https:\/\/riverdi.com\/wp-content\/uploads\/2021\/11\/w800h998-768x957.avif 768w\" sizes=\"(max-width: 800px) 100vw, 800px\" \/><\/a><\/p>\n<h2>Una scheda di valutazione per qualsiasi display<\/h2>\n<p><a href=\"https:\/\/riverdi.com\/wp-content\/uploads\/2021\/04\/w600.avif\"><img decoding=\"async\" class=\"aligncenter wp-image-117633 size-full\" src=\"https:\/\/riverdi.com\/wp-content\/uploads\/2021\/04\/w600.avif?_t=1716186426\" alt=\"\" width=\"600\" height=\"370\" srcset=\"https:\/\/riverdi.com\/wp-content\/uploads\/2021\/04\/w600.avif 600w, https:\/\/riverdi.com\/wp-content\/uploads\/2021\/04\/w600-64x39.avif 64w, https:\/\/riverdi.com\/wp-content\/uploads\/2021\/04\/w600-300x185.avif 300w\" sizes=\"(max-width: 600px) 100vw, 600px\" \/><\/a><\/p>\n<p><iframe title=\"Lettore video di YouTube\" src=\"https:\/\/www.youtube.com\/embed\/r8isY2MxdHg?si=FOwGrGstSSe66CrH\" width=\"560\" height=\"315\" frameborder=\"0\" allowfullscreen=\"allowfullscreen\"><\/iframe><\/p>\n<p><a href=\"https:\/\/riverdi.com\/stm32-evaluation-board-that-turns-your-display-on\/\" target=\"_blank\" rel=\"noopener\">SAPERNE DI PI\u00d9<\/a><\/p>\n","protected":false},"excerpt":{"rendered":"<div class=\"Variant-buttons\"><a class=\"Variant-SKU-button\" href=\"https:\/\/download.riverdi.com\/STM32-EVALUATION-BOARD\/UM_Riverdi_STM32_Evaluation_Board_Manual_Rev.1.7.pdf\">Manuale d&#8217;uso<\/a><br \/>\n<a class=\"Variant-SKU-button\" href=\"https:\/\/download.riverdi.com\/STM32-EVALUATION-BOARD\/WP_EVAL_WHITEPAPER_Rev.1.5.pdf\">Libro bianco<\/a><br \/>\n<a class=\"Variant-SKU-button\" href=\"https:\/\/download.riverdi.com\/STM32-EVALUATION-BOARD\/SCHEM_EVAL_MAIN_schematic_Rev.1.0.pdf\">Schema<\/a><\/div>\n<div>\n<p>La scheda di valutazione STM32 Riverdi \u00e8 una scheda di valutazione\/sviluppo destinata allo sviluppo e all&#8217;utilizzo di applicazioni su un&#8217;ampia gamma di display Riverdi.  <strong>Supporta solo i moduli Riverdi EVE4 per display da 3,5&#8243; a 10,1&#8243; e la serie Riverdi HB IPS con interfacce RGB, LVDS e DSI (gli ultimi due tipi devono avere un serializzatore aggiuntivo) in combinazione con diversi tipi di touch panel.<\/strong><\/p>\n<p><span lang=\"EN-US\">Il suo vantaggio principale \u00e8 che consente di lavorare con un display in tre modalit\u00e0:<\/span><\/p>\n<ul>\n<li>Dall&#8217;STM32F469 tramite RiBUS (SPI) ai display BT817Q\/EVE4<\/li>\n<li>Da USB tramite ponte FT232H a RiBUS (SPI) e quindi ai display BT817Q\/EVE4<\/li>\n<li>Dal controller STM32F469 LTDC TFT ai display Riverdi HB IPS con interfaccia RGB e ai display Riverdi HB IPS con interfacce LVDS&amp;DSI con serializzatore.<\/li>\n<\/ul>\n<p><span lang=\"EN-US\">La scheda contiene tutti i componenti necessari per lo sviluppo di applicazioni grafiche di successo, tra cui:  <\/span><\/p>\n<ul>\n<li>Interfaccia USB,<\/li>\n<li>Interfaccia scheda uSD,<\/li>\n<li>2 LED programmabili dall&#8217;utente,<\/li>\n<li>2 pulsanti programmabili dall&#8217;utente,<\/li>\n<li>Interfaccia UART di debug.<\/li>\n<\/ul>\n<p><span lang=\"EN-US\">Mentre il controllore STM32 \u00e8 alimentato da un&#8217;interfaccia USB, i display possono essere alimentati dalla stessa sorgente CC o da una sorgente CC indipendente.<\/span><\/p>\n<p>La scheda di valutazione STM32 viene fornita con:<\/p>\n<ol>\n<li>Cavo micro USB<\/li>\n<li>Scheda micro SD<\/li>\n<li>FFC0520150<\/li>\n<\/ol>\n<\/div>\n","protected":false},"featured_media":103141,"comment_status":"closed","ping_status":"closed","template":"","meta":{"_acf_changed":false,"content-type":"","inline_featured_image":false},"product_brand":[],"product_cat":[3546],"product_tag":[3547,3549,3548],"class_list":{"0":"post-117935","1":"product","2":"type-product","3":"status-publish","4":"has-post-thumbnail","6":"product_cat-schede-di-valutazione","7":"product_tag-bordo","8":"product_tag-stm32-it","9":"product_tag-valutazione","11":"first","12":"instock","13":"taxable","14":"shipping-taxable","15":"purchasable","16":"product-type-simple"},"acf":[],"yoast_head":"<!-- This site is optimized with the Yoast SEO plugin v27.3 - https:\/\/yoast.com\/product\/yoast-seo-wordpress\/ -->\n<title>Scheda di valutazione STM32 - Riverdi<\/title>\n<meta name=\"description\" content=\"La scheda di valutazione\/sviluppo STM32 consente di sviluppare e utilizzare facilmente applicazioni su un&#039;ampia gamma di display Riverdi.\" \/>\n<meta name=\"robots\" content=\"index, follow, max-snippet:-1, max-image-preview:large, max-video-preview:-1\" \/>\n<link rel=\"canonical\" href=\"https:\/\/riverdi.com\/it\/product\/scheda-di-valutazione-stm32\" \/>\n<meta property=\"og:locale\" content=\"it_IT\" \/>\n<meta property=\"og:type\" content=\"article\" \/>\n<meta property=\"og:title\" content=\"Scheda di valutazione STM32 - Riverdi\" \/>\n<meta property=\"og:description\" content=\"La scheda di valutazione\/sviluppo STM32 consente di sviluppare e utilizzare facilmente applicazioni su un&#039;ampia gamma di display Riverdi.\" \/>\n<meta property=\"og:url\" content=\"https:\/\/riverdi.com\/it\/product\/scheda-di-valutazione-stm32\" \/>\n<meta property=\"og:site_name\" content=\"Riverdi\" \/>\n<meta property=\"article:publisher\" content=\"https:\/\/www.facebook.com\/riverdi.displays\/\" \/>\n<meta property=\"og:image\" content=\"https:\/\/riverdi.com\/wp-content\/uploads\/2024\/03\/Eval-board-2-1.webp\" \/>\n\t<meta property=\"og:image:width\" content=\"1293\" \/>\n\t<meta property=\"og:image:height\" content=\"889\" \/>\n\t<meta property=\"og:image:type\" content=\"image\/webp\" \/>\n<meta name=\"twitter:card\" content=\"summary_large_image\" \/>\n<meta name=\"twitter:site\" content=\"@riverdidisplays\" \/>\n<meta name=\"twitter:label1\" content=\"Tempo di lettura stimato\" \/>\n\t<meta name=\"twitter:data1\" content=\"2 minuti\" \/>\n<script type=\"application\/ld+json\" class=\"yoast-schema-graph\">{\"@context\":\"https:\\\/\\\/schema.org\",\"@graph\":[{\"@type\":\"WebPage\",\"@id\":\"https:\\\/\\\/riverdi.com\\\/it\\\/product\\\/scheda-di-valutazione-stm32\",\"url\":\"https:\\\/\\\/riverdi.com\\\/it\\\/product\\\/scheda-di-valutazione-stm32\",\"name\":\"Scheda di valutazione STM32 - Riverdi\",\"isPartOf\":{\"@id\":\"https:\\\/\\\/riverdi.com\\\/it#website\"},\"primaryImageOfPage\":{\"@id\":\"https:\\\/\\\/riverdi.com\\\/it\\\/product\\\/scheda-di-valutazione-stm32#primaryimage\"},\"image\":{\"@id\":\"https:\\\/\\\/riverdi.com\\\/it\\\/product\\\/scheda-di-valutazione-stm32#primaryimage\"},\"thumbnailUrl\":\"https:\\\/\\\/riverdi.com\\\/wp-content\\\/uploads\\\/2024\\\/03\\\/Eval-board-2-1.webp\",\"datePublished\":\"2021-04-15T10:30:41+00:00\",\"description\":\"La scheda di valutazione\\\/sviluppo STM32 consente di sviluppare e utilizzare facilmente applicazioni su un'ampia gamma di display Riverdi.\",\"breadcrumb\":{\"@id\":\"https:\\\/\\\/riverdi.com\\\/it\\\/product\\\/scheda-di-valutazione-stm32#breadcrumb\"},\"inLanguage\":\"it-IT\",\"potentialAction\":[{\"@type\":\"ReadAction\",\"target\":[\"https:\\\/\\\/riverdi.com\\\/it\\\/product\\\/scheda-di-valutazione-stm32\"]}]},{\"@type\":\"ImageObject\",\"inLanguage\":\"it-IT\",\"@id\":\"https:\\\/\\\/riverdi.com\\\/it\\\/product\\\/scheda-di-valutazione-stm32#primaryimage\",\"url\":\"https:\\\/\\\/riverdi.com\\\/wp-content\\\/uploads\\\/2024\\\/03\\\/Eval-board-2-1.webp\",\"contentUrl\":\"https:\\\/\\\/riverdi.com\\\/wp-content\\\/uploads\\\/2024\\\/03\\\/Eval-board-2-1.webp\",\"width\":1293,\"height\":889,\"caption\":\"Scheda di valutazione STM32\"},{\"@type\":\"BreadcrumbList\",\"@id\":\"https:\\\/\\\/riverdi.com\\\/it\\\/product\\\/scheda-di-valutazione-stm32#breadcrumb\",\"itemListElement\":[{\"@type\":\"ListItem\",\"position\":1,\"name\":\"Front Page\",\"item\":\"https:\\\/\\\/riverdi.com\\\/it\\\/prima-pagina\"},{\"@type\":\"ListItem\",\"position\":2,\"name\":\"Negozio\",\"item\":\"https:\\\/\\\/riverdi.com\\\/it\\\/negozio\"},{\"@type\":\"ListItem\",\"position\":3,\"name\":\"Scheda di valutazione STM32\"}]},{\"@type\":\"WebSite\",\"@id\":\"https:\\\/\\\/riverdi.com\\\/it#website\",\"url\":\"https:\\\/\\\/riverdi.com\\\/it\",\"name\":\"Riverdi\",\"description\":\"Global TFT LCD Manufacturer\",\"potentialAction\":[{\"@type\":\"SearchAction\",\"target\":{\"@type\":\"EntryPoint\",\"urlTemplate\":\"https:\\\/\\\/riverdi.com\\\/it?s={search_term_string}\"},\"query-input\":{\"@type\":\"PropertyValueSpecification\",\"valueRequired\":true,\"valueName\":\"search_term_string\"}}],\"inLanguage\":\"it-IT\"}]}<\/script>\n<!-- \/ Yoast SEO plugin. -->","yoast_head_json":{"title":"Scheda di valutazione STM32 - Riverdi","description":"La scheda di valutazione\/sviluppo STM32 consente di sviluppare e utilizzare facilmente applicazioni su un'ampia gamma di display Riverdi.","robots":{"index":"index","follow":"follow","max-snippet":"max-snippet:-1","max-image-preview":"max-image-preview:large","max-video-preview":"max-video-preview:-1"},"canonical":"https:\/\/riverdi.com\/it\/product\/scheda-di-valutazione-stm32","og_locale":"it_IT","og_type":"article","og_title":"Scheda di valutazione STM32 - Riverdi","og_description":"La scheda di valutazione\/sviluppo STM32 consente di sviluppare e utilizzare facilmente applicazioni su un'ampia gamma di display Riverdi.","og_url":"https:\/\/riverdi.com\/it\/product\/scheda-di-valutazione-stm32","og_site_name":"Riverdi","article_publisher":"https:\/\/www.facebook.com\/riverdi.displays\/","og_image":[{"width":1293,"height":889,"url":"https:\/\/riverdi.com\/wp-content\/uploads\/2024\/03\/Eval-board-2-1.webp","type":"image\/webp"}],"twitter_card":"summary_large_image","twitter_site":"@riverdidisplays","twitter_misc":{"Tempo di lettura stimato":"2 minuti"},"schema":{"@context":"https:\/\/schema.org","@graph":[{"@type":"WebPage","@id":"https:\/\/riverdi.com\/it\/product\/scheda-di-valutazione-stm32","url":"https:\/\/riverdi.com\/it\/product\/scheda-di-valutazione-stm32","name":"Scheda di valutazione STM32 - Riverdi","isPartOf":{"@id":"https:\/\/riverdi.com\/it#website"},"primaryImageOfPage":{"@id":"https:\/\/riverdi.com\/it\/product\/scheda-di-valutazione-stm32#primaryimage"},"image":{"@id":"https:\/\/riverdi.com\/it\/product\/scheda-di-valutazione-stm32#primaryimage"},"thumbnailUrl":"https:\/\/riverdi.com\/wp-content\/uploads\/2024\/03\/Eval-board-2-1.webp","datePublished":"2021-04-15T10:30:41+00:00","description":"La scheda di valutazione\/sviluppo STM32 consente di sviluppare e utilizzare facilmente applicazioni su un'ampia gamma di display Riverdi.","breadcrumb":{"@id":"https:\/\/riverdi.com\/it\/product\/scheda-di-valutazione-stm32#breadcrumb"},"inLanguage":"it-IT","potentialAction":[{"@type":"ReadAction","target":["https:\/\/riverdi.com\/it\/product\/scheda-di-valutazione-stm32"]}]},{"@type":"ImageObject","inLanguage":"it-IT","@id":"https:\/\/riverdi.com\/it\/product\/scheda-di-valutazione-stm32#primaryimage","url":"https:\/\/riverdi.com\/wp-content\/uploads\/2024\/03\/Eval-board-2-1.webp","contentUrl":"https:\/\/riverdi.com\/wp-content\/uploads\/2024\/03\/Eval-board-2-1.webp","width":1293,"height":889,"caption":"Scheda di valutazione STM32"},{"@type":"BreadcrumbList","@id":"https:\/\/riverdi.com\/it\/product\/scheda-di-valutazione-stm32#breadcrumb","itemListElement":[{"@type":"ListItem","position":1,"name":"Front Page","item":"https:\/\/riverdi.com\/it\/prima-pagina"},{"@type":"ListItem","position":2,"name":"Negozio","item":"https:\/\/riverdi.com\/it\/negozio"},{"@type":"ListItem","position":3,"name":"Scheda di valutazione STM32"}]},{"@type":"WebSite","@id":"https:\/\/riverdi.com\/it#website","url":"https:\/\/riverdi.com\/it","name":"Riverdi","description":"Global TFT LCD Manufacturer","potentialAction":[{"@type":"SearchAction","target":{"@type":"EntryPoint","urlTemplate":"https:\/\/riverdi.com\/it?s={search_term_string}"},"query-input":{"@type":"PropertyValueSpecification","valueRequired":true,"valueName":"search_term_string"}}],"inLanguage":"it-IT"}]}},"_links":{"self":[{"href":"https:\/\/riverdi.com\/it\/wp-json\/wp\/v2\/product\/117935","targetHints":{"allow":["GET"]}}],"collection":[{"href":"https:\/\/riverdi.com\/it\/wp-json\/wp\/v2\/product"}],"about":[{"href":"https:\/\/riverdi.com\/it\/wp-json\/wp\/v2\/types\/product"}],"replies":[{"embeddable":true,"href":"https:\/\/riverdi.com\/it\/wp-json\/wp\/v2\/comments?post=117935"}],"wp:featuredmedia":[{"embeddable":true,"href":"https:\/\/riverdi.com\/it\/wp-json\/wp\/v2\/media\/103141"}],"wp:attachment":[{"href":"https:\/\/riverdi.com\/it\/wp-json\/wp\/v2\/media?parent=117935"}],"wp:term":[{"taxonomy":"product_brand","embeddable":true,"href":"https:\/\/riverdi.com\/it\/wp-json\/wp\/v2\/product_brand?post=117935"},{"taxonomy":"product_cat","embeddable":true,"href":"https:\/\/riverdi.com\/it\/wp-json\/wp\/v2\/product_cat?post=117935"},{"taxonomy":"product_tag","embeddable":true,"href":"https:\/\/riverdi.com\/it\/wp-json\/wp\/v2\/product_tag?post=117935"}],"curies":[{"name":"wp","href":"https:\/\/api.w.org\/{rel}","templated":true}]}}