{"id":115781,"date":"2024-02-14T08:41:46","date_gmt":"2024-02-14T07:41:46","guid":{"rendered":"http:\/\/riverdi.com\/product\/12-1-inch-lcd-display-stm32-embedded-display-tft-lcd-screen-stm32h7-rvt121hvsfwn00\/"},"modified":"2024-06-26T21:26:14","modified_gmt":"2024-06-26T19:26:14","slug":"12-1-inch-lcd-display-stm32-embedded-display-tft-lcd-screen-stm32h7-rvt121hvsfwn00","status":"publish","type":"product","link":"https:\/\/riverdi.com\/it\/product\/12-1-inch-lcd-display-stm32-embedded-display-tft-lcd-screen-stm32h7-rvt121hvsfwn00","title":{"rendered":"Display integrato STM32 &#8211; Schermo LCD TFT da 12,1 pollici &#8211; RVT121HVSFWN00"},"content":{"rendered":"<p>non rimuovere questo<\/p>\n","protected":false},"excerpt":{"rendered":"<p>Il cavo di alimentazione <a href=\"https:\/\/riverdi.com\/product\/rva-0106m-1-25ff-1\/\">RVA-0106M-1.25FF-1<\/a> e il cavo di programmazione ST-LINK\/V2 SWD <a href=\"https:\/\/riverdi.com\/product\/rva-swd-06m-c100\/\">RVA-SWD-06M-C100<\/a> <strong>sono inclusi come accessori gratuiti nella confezione singola<\/strong>.<\/p>\n<p><strong>Caratteristiche principali:<\/strong><\/p>\n<ul>\n<li>Display TFT da 12,1 pollici<\/li>\n<li>Risoluzione 1280x800px<\/li>\n<li>Alta luminosit\u00e0 <sup>1000cd\/m2<\/sup><\/li>\n<li>Angoli di visione completi (IPS)<\/li>\n<li><strong>Microcontrollore STM32H757XIH6 (2MB Flash, 1MB RAM)<\/strong><\/li>\n<li>Tutte le interfacce STM32H7<\/li>\n<li>64MB QSPI<\/li>\n<li>8MB SDRAM<\/li>\n<li>Supporto diretto di TouchGFX<\/li>\n<li>Alimentazione: 6V-48V<\/li>\n<\/ul>\n","protected":false},"featured_media":103456,"comment_status":"closed","ping_status":"closed","template":"","meta":{"_acf_changed":false,"content-type":"","inline_featured_image":false},"product_brand":[],"product_cat":[3192,4797,4890,4796],"product_tag":[3193],"class_list":{"0":"post-115781","1":"product","2":"type-product","3":"status-publish","4":"has-post-thumbnail","6":"product_cat-display-integrati-stm32","7":"product_cat-display-lcd","8":"product_cat-display-lcd-da-121-pollici","9":"product_cat-display-tft","10":"product_tag-stm32h7-it","12":"first","13":"instock","14":"taxable","15":"shipping-taxable","16":"purchasable","17":"product-type-simple"},"acf":[],"yoast_head":"<!-- This site is optimized with the Yoast SEO plugin v27.0 - https:\/\/yoast.com\/product\/yoast-seo-wordpress\/ -->\n<title>Display integrato STM32 - Schermo LCD TFT da 12,1 pollici - RVT121HVSFWN00 - Riverdi<\/title>\n<meta name=\"description\" content=\"La serie STM32 Embedded Display di Riverdi \u00e8 attualmente il display a pi\u00f9 alta risoluzione (1280\u00d7800 pixel) con STM32H757XIH6 sul mercato.\" \/>\n<meta name=\"robots\" content=\"index, follow, max-snippet:-1, max-image-preview:large, max-video-preview:-1\" \/>\n<link rel=\"canonical\" href=\"https:\/\/riverdi.com\/it\/product\/12-1-inch-lcd-display-stm32-embedded-display-tft-lcd-screen-stm32h7-rvt121hvsfwn00\" \/>\n<meta property=\"og:locale\" content=\"it_IT\" \/>\n<meta property=\"og:type\" content=\"article\" \/>\n<meta property=\"og:title\" content=\"Display integrato STM32 - Schermo LCD TFT da 12,1 pollici - RVT121HVSFWN00 - Riverdi\" \/>\n<meta property=\"og:description\" content=\"La serie STM32 Embedded Display di Riverdi \u00e8 attualmente il display a pi\u00f9 alta risoluzione (1280\u00d7800 pixel) con STM32H757XIH6 sul mercato.\" \/>\n<meta property=\"og:url\" content=\"https:\/\/riverdi.com\/it\/product\/12-1-inch-lcd-display-stm32-embedded-display-tft-lcd-screen-stm32h7-rvt121hvsfwn00\" \/>\n<meta property=\"og:site_name\" content=\"Riverdi\" \/>\n<meta property=\"article:publisher\" content=\"https:\/\/www.facebook.com\/riverdi.displays\/\" \/>\n<meta property=\"article:modified_time\" content=\"2024-06-26T19:26:14+00:00\" \/>\n<meta property=\"og:image\" content=\"https:\/\/riverdi.com\/wp-content\/uploads\/2024\/04\/RVT121HVSFWN00.webp\" \/>\n\t<meta property=\"og:image:width\" content=\"1293\" \/>\n\t<meta property=\"og:image:height\" content=\"889\" \/>\n\t<meta property=\"og:image:type\" content=\"image\/webp\" \/>\n<meta name=\"twitter:card\" content=\"summary_large_image\" \/>\n<meta name=\"twitter:site\" content=\"@riverdidisplays\" \/>\n<script type=\"application\/ld+json\" class=\"yoast-schema-graph\">{\"@context\":\"https:\/\/schema.org\",\"@graph\":[{\"@type\":\"WebPage\",\"@id\":\"https:\/\/riverdi.com\/it\/product\/12-1-inch-lcd-display-stm32-embedded-display-tft-lcd-screen-stm32h7-rvt121hvsfwn00\",\"url\":\"https:\/\/riverdi.com\/it\/product\/12-1-inch-lcd-display-stm32-embedded-display-tft-lcd-screen-stm32h7-rvt121hvsfwn00\",\"name\":\"Display integrato STM32 - Schermo LCD TFT da 12,1 pollici - RVT121HVSFWN00 - Riverdi\",\"isPartOf\":{\"@id\":\"https:\/\/riverdi.com\/it#website\"},\"primaryImageOfPage\":{\"@id\":\"https:\/\/riverdi.com\/it\/product\/12-1-inch-lcd-display-stm32-embedded-display-tft-lcd-screen-stm32h7-rvt121hvsfwn00#primaryimage\"},\"image\":{\"@id\":\"https:\/\/riverdi.com\/it\/product\/12-1-inch-lcd-display-stm32-embedded-display-tft-lcd-screen-stm32h7-rvt121hvsfwn00#primaryimage\"},\"thumbnailUrl\":\"https:\/\/riverdi.com\/wp-content\/uploads\/2024\/04\/RVT121HVSFWN00.webp\",\"datePublished\":\"2024-02-14T07:41:46+00:00\",\"dateModified\":\"2024-06-26T19:26:14+00:00\",\"description\":\"La serie STM32 Embedded Display di Riverdi \u00e8 attualmente il display a pi\u00f9 alta risoluzione (1280\u00d7800 pixel) con STM32H757XIH6 sul mercato.\",\"breadcrumb\":{\"@id\":\"https:\/\/riverdi.com\/it\/product\/12-1-inch-lcd-display-stm32-embedded-display-tft-lcd-screen-stm32h7-rvt121hvsfwn00#breadcrumb\"},\"inLanguage\":\"it-IT\",\"potentialAction\":[{\"@type\":\"ReadAction\",\"target\":[\"https:\/\/riverdi.com\/it\/product\/12-1-inch-lcd-display-stm32-embedded-display-tft-lcd-screen-stm32h7-rvt121hvsfwn00\"]}]},{\"@type\":\"ImageObject\",\"inLanguage\":\"it-IT\",\"@id\":\"https:\/\/riverdi.com\/it\/product\/12-1-inch-lcd-display-stm32-embedded-display-tft-lcd-screen-stm32h7-rvt121hvsfwn00#primaryimage\",\"url\":\"https:\/\/riverdi.com\/wp-content\/uploads\/2024\/04\/RVT121HVSFWN00.webp\",\"contentUrl\":\"https:\/\/riverdi.com\/wp-content\/uploads\/2024\/04\/RVT121HVSFWN00.webp\",\"width\":1293,\"height\":889},{\"@type\":\"BreadcrumbList\",\"@id\":\"https:\/\/riverdi.com\/it\/product\/12-1-inch-lcd-display-stm32-embedded-display-tft-lcd-screen-stm32h7-rvt121hvsfwn00#breadcrumb\",\"itemListElement\":[{\"@type\":\"ListItem\",\"position\":1,\"name\":\"Front Page\",\"item\":\"https:\/\/riverdi.com\/it\/prima-pagina\"},{\"@type\":\"ListItem\",\"position\":2,\"name\":\"Negozio\",\"item\":\"https:\/\/riverdi.com\/it\/negozio\"},{\"@type\":\"ListItem\",\"position\":3,\"name\":\"Display integrato STM32 &#8211; Schermo LCD TFT da 12,1 pollici &#8211; RVT121HVSFWN00\"}]},{\"@type\":\"WebSite\",\"@id\":\"https:\/\/riverdi.com\/it#website\",\"url\":\"https:\/\/riverdi.com\/it\",\"name\":\"Riverdi\",\"description\":\"Global TFT LCD Manufacturer\",\"potentialAction\":[{\"@type\":\"SearchAction\",\"target\":{\"@type\":\"EntryPoint\",\"urlTemplate\":\"https:\/\/riverdi.com\/it?s={search_term_string}\"},\"query-input\":{\"@type\":\"PropertyValueSpecification\",\"valueRequired\":true,\"valueName\":\"search_term_string\"}}],\"inLanguage\":\"it-IT\"}]}<\/script>\n<!-- \/ Yoast SEO plugin. -->","yoast_head_json":{"title":"Display integrato STM32 - Schermo LCD TFT da 12,1 pollici - RVT121HVSFWN00 - Riverdi","description":"La serie STM32 Embedded Display di Riverdi \u00e8 attualmente il display a pi\u00f9 alta risoluzione (1280\u00d7800 pixel) con STM32H757XIH6 sul mercato.","robots":{"index":"index","follow":"follow","max-snippet":"max-snippet:-1","max-image-preview":"max-image-preview:large","max-video-preview":"max-video-preview:-1"},"canonical":"https:\/\/riverdi.com\/it\/product\/12-1-inch-lcd-display-stm32-embedded-display-tft-lcd-screen-stm32h7-rvt121hvsfwn00","og_locale":"it_IT","og_type":"article","og_title":"Display integrato STM32 - Schermo LCD TFT da 12,1 pollici - RVT121HVSFWN00 - Riverdi","og_description":"La serie STM32 Embedded Display di Riverdi \u00e8 attualmente il display a pi\u00f9 alta risoluzione (1280\u00d7800 pixel) con STM32H757XIH6 sul mercato.","og_url":"https:\/\/riverdi.com\/it\/product\/12-1-inch-lcd-display-stm32-embedded-display-tft-lcd-screen-stm32h7-rvt121hvsfwn00","og_site_name":"Riverdi","article_publisher":"https:\/\/www.facebook.com\/riverdi.displays\/","article_modified_time":"2024-06-26T19:26:14+00:00","og_image":[{"width":1293,"height":889,"url":"https:\/\/riverdi.com\/wp-content\/uploads\/2024\/04\/RVT121HVSFWN00.webp","type":"image\/webp"}],"twitter_card":"summary_large_image","twitter_site":"@riverdidisplays","schema":{"@context":"https:\/\/schema.org","@graph":[{"@type":"WebPage","@id":"https:\/\/riverdi.com\/it\/product\/12-1-inch-lcd-display-stm32-embedded-display-tft-lcd-screen-stm32h7-rvt121hvsfwn00","url":"https:\/\/riverdi.com\/it\/product\/12-1-inch-lcd-display-stm32-embedded-display-tft-lcd-screen-stm32h7-rvt121hvsfwn00","name":"Display integrato STM32 - Schermo LCD TFT da 12,1 pollici - RVT121HVSFWN00 - Riverdi","isPartOf":{"@id":"https:\/\/riverdi.com\/it#website"},"primaryImageOfPage":{"@id":"https:\/\/riverdi.com\/it\/product\/12-1-inch-lcd-display-stm32-embedded-display-tft-lcd-screen-stm32h7-rvt121hvsfwn00#primaryimage"},"image":{"@id":"https:\/\/riverdi.com\/it\/product\/12-1-inch-lcd-display-stm32-embedded-display-tft-lcd-screen-stm32h7-rvt121hvsfwn00#primaryimage"},"thumbnailUrl":"https:\/\/riverdi.com\/wp-content\/uploads\/2024\/04\/RVT121HVSFWN00.webp","datePublished":"2024-02-14T07:41:46+00:00","dateModified":"2024-06-26T19:26:14+00:00","description":"La serie STM32 Embedded Display di Riverdi \u00e8 attualmente il display a pi\u00f9 alta risoluzione (1280\u00d7800 pixel) con STM32H757XIH6 sul mercato.","breadcrumb":{"@id":"https:\/\/riverdi.com\/it\/product\/12-1-inch-lcd-display-stm32-embedded-display-tft-lcd-screen-stm32h7-rvt121hvsfwn00#breadcrumb"},"inLanguage":"it-IT","potentialAction":[{"@type":"ReadAction","target":["https:\/\/riverdi.com\/it\/product\/12-1-inch-lcd-display-stm32-embedded-display-tft-lcd-screen-stm32h7-rvt121hvsfwn00"]}]},{"@type":"ImageObject","inLanguage":"it-IT","@id":"https:\/\/riverdi.com\/it\/product\/12-1-inch-lcd-display-stm32-embedded-display-tft-lcd-screen-stm32h7-rvt121hvsfwn00#primaryimage","url":"https:\/\/riverdi.com\/wp-content\/uploads\/2024\/04\/RVT121HVSFWN00.webp","contentUrl":"https:\/\/riverdi.com\/wp-content\/uploads\/2024\/04\/RVT121HVSFWN00.webp","width":1293,"height":889},{"@type":"BreadcrumbList","@id":"https:\/\/riverdi.com\/it\/product\/12-1-inch-lcd-display-stm32-embedded-display-tft-lcd-screen-stm32h7-rvt121hvsfwn00#breadcrumb","itemListElement":[{"@type":"ListItem","position":1,"name":"Front Page","item":"https:\/\/riverdi.com\/it\/prima-pagina"},{"@type":"ListItem","position":2,"name":"Negozio","item":"https:\/\/riverdi.com\/it\/negozio"},{"@type":"ListItem","position":3,"name":"Display integrato STM32 &#8211; Schermo LCD TFT da 12,1 pollici &#8211; RVT121HVSFWN00"}]},{"@type":"WebSite","@id":"https:\/\/riverdi.com\/it#website","url":"https:\/\/riverdi.com\/it","name":"Riverdi","description":"Global TFT LCD Manufacturer","potentialAction":[{"@type":"SearchAction","target":{"@type":"EntryPoint","urlTemplate":"https:\/\/riverdi.com\/it?s={search_term_string}"},"query-input":{"@type":"PropertyValueSpecification","valueRequired":true,"valueName":"search_term_string"}}],"inLanguage":"it-IT"}]}},"_links":{"self":[{"href":"https:\/\/riverdi.com\/it\/wp-json\/wp\/v2\/product\/115781","targetHints":{"allow":["GET"]}}],"collection":[{"href":"https:\/\/riverdi.com\/it\/wp-json\/wp\/v2\/product"}],"about":[{"href":"https:\/\/riverdi.com\/it\/wp-json\/wp\/v2\/types\/product"}],"replies":[{"embeddable":true,"href":"https:\/\/riverdi.com\/it\/wp-json\/wp\/v2\/comments?post=115781"}],"wp:featuredmedia":[{"embeddable":true,"href":"https:\/\/riverdi.com\/it\/wp-json\/wp\/v2\/media\/103456"}],"wp:attachment":[{"href":"https:\/\/riverdi.com\/it\/wp-json\/wp\/v2\/media?parent=115781"}],"wp:term":[{"taxonomy":"product_brand","embeddable":true,"href":"https:\/\/riverdi.com\/it\/wp-json\/wp\/v2\/product_brand?post=115781"},{"taxonomy":"product_cat","embeddable":true,"href":"https:\/\/riverdi.com\/it\/wp-json\/wp\/v2\/product_cat?post=115781"},{"taxonomy":"product_tag","embeddable":true,"href":"https:\/\/riverdi.com\/it\/wp-json\/wp\/v2\/product_tag?post=115781"}],"curies":[{"name":"wp","href":"https:\/\/api.w.org\/{rel}","templated":true}]}}