{"id":121865,"date":"2024-10-23T13:20:38","date_gmt":"2024-10-23T11:20:38","guid":{"rendered":"https:\/\/riverdi.com\/?page_id=121865"},"modified":"2025-10-09T10:29:55","modified_gmt":"2025-10-09T08:29:55","slug":"carta-bianca","status":"publish","type":"page","link":"https:\/\/riverdi.com\/it\/carta-bianca","title":{"rendered":"Carta bianca"},"content":{"rendered":"\n<div class=\"whitepaper-wrapper\">\n    <section class=\"whitepaper_s1 vertical-mobile-margin--80\">\n        <div class=\"container-fluid\">\n            <div class=\"whitepaper_s1__content\">\n                <h1>Cosa imparerai dal nostro Whitepaper?<\/h1>\n                <div class=\"whitepaper_s1__cols\">\n                    <div class=\"whitepaper_s1__col whitepaper_s1__col--1\">\n                        <img decoding=\"async\" src=\"https:\/\/riverdi.com\/wp-content\/uploads\/2024\/10\/Perfect_Binding_Brochure_Mockup_5-1.png\" alt=\"Carta bianca\"\/>\n                    <\/div>\n                    <div class=\"whitepaper_s1__col whitepaper_s1__col--2\">\n                        <ul>\n                            <li><strong>Come individuare e risolvere i problemi pi\u00f9 comuni<\/strong> nell&#8217;ottimizzazione dei sensori touch.<\/li>\n                            <li><strong>Criteri chiave per le prestazioni touch<\/strong>, come la precisione e le capacit\u00e0 multi-touch.<\/li>\n                            <li><strong>Perch\u00e9 la messa a punto del firmware \u00e8 essenziale<\/strong> per migliorare le prestazioni del touchscreen, soprattutto in condizioni difficili.<\/li>\n                            <li><strong>I vantaggi dell&#8217;utilizzo di controller touchscreen di livello industriale.<\/strong><\/li>\n                            <li><strong>Consigli pratici sulla progettazione di<\/strong> touch panel affidabili e ad alta immunit\u00e0.<\/li>\n                        <\/ul>\n                        <p> <\/p>\n                        <a class=\"cs-button cs-button--orange-2\" href=\"#whitepaper\">Scarica ora<\/a>\n                    <\/div>\n                <\/div>\n            <\/div>\n        <\/div>\n    <\/section>\n    <section class=\"whitepaper\" id=\"whitepaper\">\n        <div class=\"contact_section vertical-mobile-margin\">\n            <div class=\"container-small\">\n                <div class=\"contact_section__wrapper\">\n                    <div class=\"contact_section__col contact_section__col--1\">\n                        <h2 class=\"heading-1\"><span>Scopri su <br\/>come scegliere<\/span> il giusto IC per sensori tattili<\/h2>\n                        <p>I touchscreen di livello industriale Riverdi sono progettati per affrontare molte sfide, garantendo alte prestazioni e affidabilit\u00e0. Per una guida dettagliata sulla scelta del circuito integrato del sensore tattile ideale per il tuo progetto, <strong>scarica il nostro Whitepaper.<\/strong> <\/p>\n                    <\/div>\n                    <div class=\"contact_section__col contact_section__col--2\">\n                        <p>\n                        <script charSet=\"utf-8\" type=\"text\/javascript\" src=\"\/\/js-eu1.hsforms.net\/forms\/embed\/v2.js\"><\/script>\n<script>\n    hbspt.forms.create({\n        region: \"eu1\",\n        portalId: \"143725558\",\n        formId: \"06030c3f-ec5a-4110-887c-5ed30204ed2b\",\n        onFormReady: function () {\n            setTimeout(function () {\n                var last_clicked_field = '';\n                jQuery('#hsForm_06030c3f-ec5a-4110-887c-5ed30204ed2b').on('click', function (e) {\n                    if(last_clicked_field == ''){\n                        window.dataLayer = window.dataLayer || [];\n                        window.dataLayer.push({\n                            event: 'form_start',\n                            form_name: 'Whitepaper'\n                        });\n                    }\n                    var inputName = jQuery(e.target).attr('name');\n                    if (inputName !== undefined && inputName.length > 3 && last_clicked_field != inputName) {\n                        window.dataLayer = window.dataLayer || [];\n                        window.dataLayer.push({\n                            event: 'click_form_field',\n                            form_field_name: inputName,\n                            form_name: 'Whitepaper'\n                        });\n                        last_clicked_field = inputName;\n                    }\n                });\n            }, 300);\n        }\n    });\nfunction reportErrors() {\n                        jQuery('#hsForm_06030c3f-ec5a-4110-887c-5ed30204ed2b .hs-form-field').each(function () {\n                            var $field = jQuery(this);\n                            var fieldName = $field.find('.input').find('input, select, textarea').attr('name');\n                            $field.find('.hs-error-msgs li').each(function () {\n                                var errorText = jQuery(this).text().trim();\n                                window.dataLayer = window.dataLayer || [];\n                                var payload = {\n                                    event: 'form_field_error',\n                                    form_name: 'Whitepaper',\n                                    form_field_name: fieldName,\n                                    error_type: 'B\u0142\u0105d walidacji',\n                                    error_message: errorText\n                                };\n                                window.dataLayer.push(payload);\n                            });\n                        });\n                        var otherError = jQuery('.hs_error_rollup').text();\n                        if(otherError.length > 0){\n                            window.dataLayer = window.dataLayer || [];\n                            window.dataLayer.push({\n                                event: 'form_error',\n                                form_name: 'Whitepaper',\n                                error_type: 'Error_Summary',\n                                error_message: otherError\n                            });\n                        }\n                    }\n                    window.addEventListener('message', function (event) {\n                        if (event.data.eventName === 'onFormError') {\n                            setTimeout(reportErrors, 100);\n                        }\n                    });\n<\/script>\n                        <\/p>\n                    <\/div>\n                <\/div>\n            <\/div>\n        <\/div>\n    <\/section>\n<\/div>\n\n\n\n<p><\/p>\n","protected":false},"excerpt":{"rendered":"<p>Cosa imparerai dal nostro Whitepaper? Come individuare e risolvere i problemi pi\u00f9 comuni nell&#8217;ottimizzazione dei sensori touch. Criteri chiave per le prestazioni touch, come la precisione e le capacit\u00e0 multi-touch. Perch\u00e9 la messa a punto del firmware \u00e8 essenziale per migliorare le prestazioni del touchscreen, soprattutto in condizioni difficili. I vantaggi dell&#8217;utilizzo di controller touchscreen [&hellip;]<\/p>\n","protected":false},"author":19,"featured_media":0,"parent":0,"menu_order":0,"comment_status":"closed","ping_status":"closed","template":"clear-template.php","meta":{"_acf_changed":false,"content-type":"","inline_featured_image":false,"footnotes":""},"class_list":["post-121865","page","type-page","status-publish","hentry"],"acf":[],"yoast_head":"<!-- This site is optimized with the Yoast SEO plugin v27.0 - https:\/\/yoast.com\/product\/yoast-seo-wordpress\/ -->\n<title>Carta bianca - Riverdi<\/title>\n<meta name=\"robots\" content=\"index, follow, max-snippet:-1, max-image-preview:large, max-video-preview:-1\" \/>\n<link rel=\"canonical\" href=\"https:\/\/riverdi.com\/it\/carta-bianca\" \/>\n<meta property=\"og:locale\" content=\"it_IT\" \/>\n<meta property=\"og:type\" content=\"article\" \/>\n<meta property=\"og:title\" content=\"Carta bianca - Riverdi\" \/>\n<meta property=\"og:description\" content=\"Cosa imparerai dal nostro Whitepaper? Come individuare e risolvere i problemi pi\u00f9 comuni nell&#8217;ottimizzazione dei sensori touch. Criteri chiave per le prestazioni touch, come la precisione e le capacit\u00e0 multi-touch. Perch\u00e9 la messa a punto del firmware \u00e8 essenziale per migliorare le prestazioni del touchscreen, soprattutto in condizioni difficili. I vantaggi dell&#8217;utilizzo di controller touchscreen [&hellip;]\" \/>\n<meta property=\"og:url\" content=\"https:\/\/riverdi.com\/it\/carta-bianca\" \/>\n<meta property=\"og:site_name\" content=\"Riverdi\" \/>\n<meta property=\"article:publisher\" content=\"https:\/\/www.facebook.com\/riverdi.displays\/\" \/>\n<meta property=\"article:modified_time\" content=\"2025-10-09T08:29:55+00:00\" \/>\n<meta property=\"og:image\" content=\"https:\/\/riverdi.com\/wp-content\/uploads\/2024\/10\/Perfect_Binding_Brochure_Mockup_5-1.png\" \/>\n<meta name=\"twitter:card\" content=\"summary_large_image\" \/>\n<meta name=\"twitter:site\" content=\"@riverdidisplays\" \/>\n<meta name=\"twitter:label1\" content=\"Tempo di lettura stimato\" \/>\n\t<meta name=\"twitter:data1\" content=\"1 minuto\" \/>\n<script type=\"application\/ld+json\" class=\"yoast-schema-graph\">{\"@context\":\"https:\/\/schema.org\",\"@graph\":[{\"@type\":\"WebPage\",\"@id\":\"https:\/\/riverdi.com\/it\/carta-bianca\",\"url\":\"https:\/\/riverdi.com\/it\/carta-bianca\",\"name\":\"Carta bianca - Riverdi\",\"isPartOf\":{\"@id\":\"https:\/\/riverdi.com\/it#website\"},\"primaryImageOfPage\":{\"@id\":\"https:\/\/riverdi.com\/it\/carta-bianca#primaryimage\"},\"image\":{\"@id\":\"https:\/\/riverdi.com\/it\/carta-bianca#primaryimage\"},\"thumbnailUrl\":\"https:\/\/riverdi.com\/wp-content\/uploads\/2024\/10\/Perfect_Binding_Brochure_Mockup_5-1.png\",\"datePublished\":\"2024-10-23T11:20:38+00:00\",\"dateModified\":\"2025-10-09T08:29:55+00:00\",\"breadcrumb\":{\"@id\":\"https:\/\/riverdi.com\/it\/carta-bianca#breadcrumb\"},\"inLanguage\":\"it-IT\",\"potentialAction\":[{\"@type\":\"ReadAction\",\"target\":[\"https:\/\/riverdi.com\/it\/carta-bianca\"]}]},{\"@type\":\"ImageObject\",\"inLanguage\":\"it-IT\",\"@id\":\"https:\/\/riverdi.com\/it\/carta-bianca#primaryimage\",\"url\":\"https:\/\/riverdi.com\/wp-content\/uploads\/2024\/10\/Perfect_Binding_Brochure_Mockup_5-1.png\",\"contentUrl\":\"https:\/\/riverdi.com\/wp-content\/uploads\/2024\/10\/Perfect_Binding_Brochure_Mockup_5-1.png\"},{\"@type\":\"BreadcrumbList\",\"@id\":\"https:\/\/riverdi.com\/it\/carta-bianca#breadcrumb\",\"itemListElement\":[{\"@type\":\"ListItem\",\"position\":1,\"name\":\"Front Page\",\"item\":\"https:\/\/riverdi.com\/it\/prima-pagina\"},{\"@type\":\"ListItem\",\"position\":2,\"name\":\"Carta bianca\"}]},{\"@type\":\"WebSite\",\"@id\":\"https:\/\/riverdi.com\/it#website\",\"url\":\"https:\/\/riverdi.com\/it\",\"name\":\"Riverdi\",\"description\":\"Global TFT LCD Manufacturer\",\"potentialAction\":[{\"@type\":\"SearchAction\",\"target\":{\"@type\":\"EntryPoint\",\"urlTemplate\":\"https:\/\/riverdi.com\/it?s={search_term_string}\"},\"query-input\":{\"@type\":\"PropertyValueSpecification\",\"valueRequired\":true,\"valueName\":\"search_term_string\"}}],\"inLanguage\":\"it-IT\"}]}<\/script>\n<!-- \/ Yoast SEO plugin. -->","yoast_head_json":{"title":"Carta bianca - Riverdi","robots":{"index":"index","follow":"follow","max-snippet":"max-snippet:-1","max-image-preview":"max-image-preview:large","max-video-preview":"max-video-preview:-1"},"canonical":"https:\/\/riverdi.com\/it\/carta-bianca","og_locale":"it_IT","og_type":"article","og_title":"Carta bianca - Riverdi","og_description":"Cosa imparerai dal nostro Whitepaper? Come individuare e risolvere i problemi pi\u00f9 comuni nell&#8217;ottimizzazione dei sensori touch. Criteri chiave per le prestazioni touch, come la precisione e le capacit\u00e0 multi-touch. Perch\u00e9 la messa a punto del firmware \u00e8 essenziale per migliorare le prestazioni del touchscreen, soprattutto in condizioni difficili. I vantaggi dell&#8217;utilizzo di controller touchscreen [&hellip;]","og_url":"https:\/\/riverdi.com\/it\/carta-bianca","og_site_name":"Riverdi","article_publisher":"https:\/\/www.facebook.com\/riverdi.displays\/","article_modified_time":"2025-10-09T08:29:55+00:00","og_image":[{"url":"https:\/\/riverdi.com\/wp-content\/uploads\/2024\/10\/Perfect_Binding_Brochure_Mockup_5-1.png","type":"","width":"","height":""}],"twitter_card":"summary_large_image","twitter_site":"@riverdidisplays","twitter_misc":{"Tempo di lettura stimato":"1 minuto"},"schema":{"@context":"https:\/\/schema.org","@graph":[{"@type":"WebPage","@id":"https:\/\/riverdi.com\/it\/carta-bianca","url":"https:\/\/riverdi.com\/it\/carta-bianca","name":"Carta bianca - Riverdi","isPartOf":{"@id":"https:\/\/riverdi.com\/it#website"},"primaryImageOfPage":{"@id":"https:\/\/riverdi.com\/it\/carta-bianca#primaryimage"},"image":{"@id":"https:\/\/riverdi.com\/it\/carta-bianca#primaryimage"},"thumbnailUrl":"https:\/\/riverdi.com\/wp-content\/uploads\/2024\/10\/Perfect_Binding_Brochure_Mockup_5-1.png","datePublished":"2024-10-23T11:20:38+00:00","dateModified":"2025-10-09T08:29:55+00:00","breadcrumb":{"@id":"https:\/\/riverdi.com\/it\/carta-bianca#breadcrumb"},"inLanguage":"it-IT","potentialAction":[{"@type":"ReadAction","target":["https:\/\/riverdi.com\/it\/carta-bianca"]}]},{"@type":"ImageObject","inLanguage":"it-IT","@id":"https:\/\/riverdi.com\/it\/carta-bianca#primaryimage","url":"https:\/\/riverdi.com\/wp-content\/uploads\/2024\/10\/Perfect_Binding_Brochure_Mockup_5-1.png","contentUrl":"https:\/\/riverdi.com\/wp-content\/uploads\/2024\/10\/Perfect_Binding_Brochure_Mockup_5-1.png"},{"@type":"BreadcrumbList","@id":"https:\/\/riverdi.com\/it\/carta-bianca#breadcrumb","itemListElement":[{"@type":"ListItem","position":1,"name":"Front Page","item":"https:\/\/riverdi.com\/it\/prima-pagina"},{"@type":"ListItem","position":2,"name":"Carta bianca"}]},{"@type":"WebSite","@id":"https:\/\/riverdi.com\/it#website","url":"https:\/\/riverdi.com\/it","name":"Riverdi","description":"Global TFT LCD Manufacturer","potentialAction":[{"@type":"SearchAction","target":{"@type":"EntryPoint","urlTemplate":"https:\/\/riverdi.com\/it?s={search_term_string}"},"query-input":{"@type":"PropertyValueSpecification","valueRequired":true,"valueName":"search_term_string"}}],"inLanguage":"it-IT"}]}},"_links":{"self":[{"href":"https:\/\/riverdi.com\/it\/wp-json\/wp\/v2\/pages\/121865","targetHints":{"allow":["GET"]}}],"collection":[{"href":"https:\/\/riverdi.com\/it\/wp-json\/wp\/v2\/pages"}],"about":[{"href":"https:\/\/riverdi.com\/it\/wp-json\/wp\/v2\/types\/page"}],"author":[{"embeddable":true,"href":"https:\/\/riverdi.com\/it\/wp-json\/wp\/v2\/users\/19"}],"replies":[{"embeddable":true,"href":"https:\/\/riverdi.com\/it\/wp-json\/wp\/v2\/comments?post=121865"}],"version-history":[{"count":4,"href":"https:\/\/riverdi.com\/it\/wp-json\/wp\/v2\/pages\/121865\/revisions"}],"predecessor-version":[{"id":126717,"href":"https:\/\/riverdi.com\/it\/wp-json\/wp\/v2\/pages\/121865\/revisions\/126717"}],"wp:attachment":[{"href":"https:\/\/riverdi.com\/it\/wp-json\/wp\/v2\/media?parent=121865"}],"curies":[{"name":"wp","href":"https:\/\/api.w.org\/{rel}","templated":true}]}}