{"id":116313,"date":"2024-04-05T09:19:40","date_gmt":"2024-04-05T07:19:40","guid":{"rendered":"http:\/\/riverdi.com\/termini-condizioni\/"},"modified":"2024-09-12T14:11:13","modified_gmt":"2024-09-12T12:11:13","slug":"termini-condizioni","status":"publish","type":"page","link":"https:\/\/riverdi.com\/it\/termini-condizioni","title":{"rendered":"Termini e condizioni"},"content":{"rendered":"<h2>1. Ambito di applicazione<\/h2>\n<p><b>1.1<\/b> I presenti Termini e Condizioni Generali (di seguito &#8220;CG&#8221;) di Riverdi sp. z o. o. Sp. k. con sede a Danzica (Polonia), con numero di societ\u00e0 KRS 0000715225 e partita IVA PL5842767153 (di seguito &#8220;Riverdi&#8221;), sono alla base di tutte le offerte, consegne e servizi di Riverdi. Riverdi conclude tutti i contratti esclusivamente sulla base delle presenti CGV. I termini e le condizioni contrastanti di altre parti (partner commerciali) sono rilevanti solo se Riverdi li ha preventivamente accettati per iscritto.<\/p>\n<p>1.2 La versione valida delle presenti CGV \u00e8 attualmente pubblicata sul sito web di Riverdi www.riverdi.com, dove pu\u00f2 essere letta e stampata.<\/p>\n<p><b>1.3<\/b> Le presenti CGV sono valide nei confronti di tutti i partner contrattuali di Riverdi (&#8220;clienti&#8221;), quindi solo nei confronti degli imprenditori. Un imprenditore \u00e8 una persona fisica, una persona giuridica e un&#8217;unit\u00e0 organizzativa che esercita un&#8217;attivit\u00e0 economica o professionale per proprio conto.<\/p>\n<p>1.4 Riverdi stipula contratti esclusivamente con imprenditori.<\/p>\n<p>1.5 Se un ordine \u00e8 stato effettuato da una persona che non soddisfa i suddetti requisiti (1.3 e 1.4), Riverdi ha il diritto di dichiarare nullo il contratto entro un periodo di tempo ragionevole dal momento in cui Riverdi percepisce il suddetto difetto.<\/p>\n<h2>2. Offerta e conclusione del contratto<\/h2>\n<p><b>2.1<\/b> Tutte le offerte presenti sul sito web di Riverdi <a href=\"https:\/\/riverdi.com\/\">www.riverdi.com<\/a> non costituiscono un&#8217;offerta ai sensi del Codice Civile polacco e non sono vincolanti. Un contratto vincolante per Riverdi si conclude solo con le seguenti azioni e\/o dichiarazioni da parte di Riverdi:<\/p>\n<ul>\n<li>l&#8217;invio della conferma d&#8217;ordine scritta, oppure<\/li>\n<li>la spedizione della merce ordinata, oppure<\/li>\n<li>fornire il servizio ordinato.<\/li>\n<\/ul>\n<p>2.2 Riverdi si riserva il diritto di rifiutare l&#8217;accettazione di qualsiasi ordine senza doverne indicare i motivi.<\/p>\n<p><b>2.3<\/b> Nel caso in cui Riverdi non possa accettare un ordine da parte di un cliente, ad esempio perch\u00e9 il prodotto o il servizio ordinato non \u00e8 disponibile, Riverdi \u00e8 tenuta a informare il cliente senza alcun ritardo e a restituire eventuali pagamenti gi\u00e0 effettuati. Lo stesso vale se l&#8217;offerta di un cliente non viene accettata da Riverdi. Tale obbligo non si applica se l&#8217;evasione dell&#8217;ordine \u00e8 ostacolata da un difetto tecnico (ad esempio un crash del server di posta elettronica, ecc.).<\/p>\n<h2>3.0 RMA, Approvazione del materiale di ritorno<\/h2>\n<p>Il cliente \u00e8 tenuto a richiedere un numero di RMA per iscritto prima di restituire un prodotto acquistato da Riverdi. Il numero di RMA deve essere indicato sulla confezione in modo leggibile e ben visibile. Le spedizioni di ritorno non annunciate o non adeguatamente etichettate non saranno accettate, senza eccezioni. Le spese che ne derivano sono a carico del mittente.<\/p>\n<h2>4. Presupposto della disponibilit\u00e0<\/h2>\n<p>Se un servizio o un bene gi\u00e0 ordinato a Riverdi risulta non essere pi\u00f9 disponibile per qualsiasi motivo, Riverdi avr\u00e0 il diritto di offrire beni o servizi di qualit\u00e0 e prezzo equivalenti o di annullare il contratto. L&#8217;offerta di sostituzione o di recesso da parte di Riverdi verr\u00e0 emessa senza indebito ritardo, al pi\u00f9 tardi entro tre giorni lavorativi dal ricevimento dell&#8217;ordine. Tali offerte saranno emesse senza indebito ritardo, al pi\u00f9 tardi entro tre giorni lavorativi dal ricevimento dell&#8217;ordine. In caso di annullamento del contratto, Riverdi rimborser\u00e0 immediatamente il pagamento.<\/p>\n<h2>5. Il prezzo<\/h2>\n<p>5.1 Se non esplicitamente indicato diversamente, tutti i prezzi indicati da Riverdi non comprendono le imposte e le tasse applicabili.<\/p>\n<p><b>5.2<\/b> In caso di informazioni essenzialmente errate o essenzialmente incomplete sui prodotti o sui prezzi emessi da Riverdi, Riverdi informer\u00e0 il cliente immediatamente dopo aver riconosciuto tale errore o incompletezza. Successivamente, entrambe le parti contraenti hanno il diritto di riaffermare o annullare il contratto entro quattordici giorni. In caso di annullamento del contratto, l&#8217;ultima frase della Sezione 4. si applica il principio di cui sopra.<\/p>\n<h2>6. Condizioni di pagamento<\/h2>\n<p>6.1 Se non diversamente indicato nella descrizione di un determinato prodotto, Riverdi offre solo le seguenti opzioni di pagamento anticipato: bonifico bancario e carta di credito.<\/p>\n<p><b>6.2<\/b> I pagamenti si considerano effettuati solo al momento della ricezione (data di valuta) sul conto bancario di Riverdi e devono essere effettuati senza alcuna detrazione per Riverdi. La merce o i servizi ordinati non saranno forniti prima del ricevimento del pagamento completo da parte di Riverdi.<\/p>\n<p>6.3 Per le consegne in paesi al di fuori dell&#8217;Unione Europea potrebbero verificarsi costi aggiuntivi, quali tasse, imposte, dazi, ecc.<\/p>\n<h2>7. Fornitura, trasporto, ritardo nell&#8217;accettazione<\/h2>\n<p>7.1 La merce verr\u00e0 consegnata all&#8217;indirizzo di consegna indicato dal cliente (cfr. sezione 11.2).<\/p>\n<p><b>7.2<\/b> Con la consegna della merce al corriere, i costi e il rischio sono trasferiti al cliente in base alla clausola EXW Gda\u0144sk (Incoterms 2010). Le date di consegna indicate da Riverdi non sono vincolanti. Tutte le spedizioni sono assicurate contro danni o perdite.<\/p>\n<p>7.3 Tutti gli eventi di forza maggiore faranno slittare il programma di consegna concordato di un periodo corrispondente alla durata del particolare evento di forza maggiore.<\/p>\n<p><b>7.4<\/b> Se il cliente non ha accettato la merce come concordato (accettazione ritardata) e se \u00e8 trascorso un ragionevole lasso di tempo senza un&#8217;accettazione regolare, Riverdi ha il diritto di addebitare al cliente qualsiasi costo causato da ci\u00f2. Inoltre, in questo caso, Riverdi ha la possibilit\u00e0 di scegliere tra (i) insistere sull&#8217;adempimento del contratto, oppure (ii) annullare il contratto con un periodo di tolleranza di almeno due settimane e utilizzare la merce in altro modo.<\/p>\n<h2>8. Mantenimento del titolo<\/h2>\n<p>La merce consegnata rimane di propriet\u00e0 di Riverdi fino al ricevimento del pagamento completo. Lo stesso vale per i beni sostituiti da Riverdi nel contesto dell&#8217;adempimento della garanzia.<\/p>\n<h2>9. Garanzia e risarcimento dei danni<\/h2>\n<p><b>9.1 <\/b>Riverdi garantisce il corretto funzionamento dei Prodotti per un periodo di 12 mesi dalla data di possesso dei Prodotti. Se, in conseguenza dell&#8217;adempimento dell&#8217;obbligo derivante dalla presente garanzia, il cliente riceve un bene privo di difetti al posto del bene difettoso, il periodo di efficacia della garanzia decorre nuovamente dal momento in cui il cliente riceve il bene privo di difetti.<\/p>\n<p>9.2 In caso di malfunzionamento o danneggiamento della merce, il cliente dovr\u00e0 osservare le seguenti condizioni e procedure di RMA:<\/p>\n<ol>\n<li>Se il cliente segnala che un bene non funziona correttamente, dovr\u00e0 comunicare al team di assistenza tecnica Riverdi i dettagli del problema. Dopo aver raccolto tutte le informazioni rilevanti sul malfunzionamento, il team di assistenza tecnica Riverdi decide se la riparazione pu\u00f2 essere effettuata dal cliente. In caso contrario, insieme alla fattura e alla data di acquisto del cliente finale, l&#8217;articolo sar\u00e0 consegnato a Riverdi.<\/li>\n<li>Sulla base delle informazioni fornite dal cliente, Riverdi stabilir\u00e0 se il\/i bene\/i pu\u00f2\/possono essere riparato\/i e se il\/i bene\/i pu\u00f2\/possono essere riparato\/i in garanzia.<\/li>\n<li>Se il\/i Prodotto\/i pu\u00f2\/possono essere riparato\/i in garanzia e ci\u00f2 non pu\u00f2 essere fatto a distanza, Riverdi fornir\u00e0 al cliente un numero RMA e chieder\u00e0 al cliente di rispedire il\/i prodotto\/i malfunzionante\/i per la riparazione o la sostituzione. L&#8217;RMA conterr\u00e0 istruzioni precise sulla procedura di restituzione.<\/li>\n<li>Il cliente deve rispedire tutti i prodotti malfunzionanti a spese del cliente con il numero RMA chiaramente visibile sull&#8217;imballaggio. I pacchi senza numero RMA visibile sull&#8217;imballaggio non saranno accettati.<\/li>\n<li>Dopo aver esaminato e testato il\/i bene\/i restituito\/i, Riverdi provveder\u00e0 a (i) riparare o (ii) sostituire il\/i bene\/i al cliente a spese di Riverdi e nel pi\u00f9 breve tempo possibile, ma non oltre 30 (trenta) giorni dal ricevimento del relativo pacco.<\/li>\n<\/ol>\n<p>9.3 Riverdi non sar\u00e0 responsabile in caso di violazione delle date di esecuzione di una riparazione o di una consegna al cliente se tale ritardo \u00e8 causato da cause di forza maggiore.<\/p>\n<p>9.4 La garanzia non comprende:<\/p>\n<ol>\n<li>danni al bene causati dall&#8217;utente in relazione all&#8217;uso inappropriato del bene o all&#8217;uso del bene in modo non conforme alle istruzioni per l&#8217;uso che riguardano anche l&#8217;installazione e la manutenzione;<\/li>\n<li>danni al bene causati dal suo utilizzo in modo contrario alla sua destinazione d&#8217;uso;<\/li>\n<li>attivit\u00e0 di manutenzione previste dalle istruzioni per l&#8217;uso;<\/li>\n<li>danni al bene causati in conseguenza dell&#8217;esecuzione di una riparazione da parte di una persona diversa da Riverdi;<\/li>\n<li>modifiche di adattamento o costruzione del bene apportate da una persona diversa da Riverdi;<\/li>\n<li>danni al bene causati da fattori esterni (es. scariche atmosferiche, errato funzionamento della rete elettrica, idrica, elettrica, ecc;)<\/li>\n<li>danni al bene che si verificano durante la consegna.<\/li>\n<\/ol>\n<p>9.5 In caso di richiesta ingiustificata di riparazione, il cliente dovr\u00e0 sostenere tutti i costi legati alla consegna del\/i bene\/i e alla sua riparazione.<\/p>\n<p>9.6 Sono escluse le disposizioni del Codice Civile (in particolare le disposizioni degli articoli 577 &#8211; 581).<\/p>\n<p>9.7 Riverdi non offre alcuna garanzia per i prodotti usati.<\/p>\n<p><b>10.4<\/b> Il Cliente \u00e8 tenuto a proteggere adeguatamente i dati gi\u00e0 presenti sui sistemi informatici prima di installare qualsiasi software acquistato da Riverdi. Riverdi non \u00e8 responsabile di eventuali perdite di dati.<\/p>\n<h2>10. Responsabilit\u00e0<\/h2>\n<p>10.1 \u00c8 esclusa la responsabilit\u00e0 per la garanzia ai sensi del Codice Civile polacco.<\/p>\n<p>10.2 Per quanto riguarda i danni alla propriet\u00e0 (danni alle cose), l&#8217;eventuale responsabilit\u00e0 di Riverdi per violazione di obblighi contrattuali essenziali (dovere cardinale) \u00e8 limitata al danno tipico e medio prevedibile.<\/p>\n<p>10.3 Se Riverdi viola obblighi contrattuali non essenziali solo con lieve negligenza, l&#8217;obbligo di risarcimento \u00e8 limitato al valore del contratto.<\/p>\n<h2>11. Cambio di indirizzo<\/h2>\n<p>Finch\u00e9 la transazione contrattuale non viene soddisfatta da entrambe le parti, il cliente \u00e8 tenuto a informare immediatamente Riverdi di qualsiasi modifica dei suoi dati essenziali (indirizzo, ecc.). In caso di omissione di tali informazioni, si ritengono validi i dati recentemente forniti a Riverdi dal cliente. Riverdi non \u00e8 responsabile per danni o perdite causati dall&#8217;omissione da parte del cliente di informare tempestivamente Riverdi di una modifica dei dati.<\/p>\n<h2>12. Scelta della legge e del foro, lingua del contratto, luogo di adempimento e disposizioni finali<\/h2>\n<p><b>12.1<\/b> La legge della Repubblica di Polonia, escluse le norme sul conflitto di leggi, \u00e8 applicabile a tutti i rapporti legali tra le parti contraenti. La Convenzione delle Nazioni Unite sui contratti di vendita internazionale di merci (UNCITRAL) non \u00e8 applicabile ed \u00e8 espressamente esclusa.<\/p>\n<p>12.2 Per quanto riguarda tutti i contratti, la lingua del contratto \u00e8 l&#8217;inglese.<\/p>\n<p>12.3 I tribunali della Polonia avranno la giurisdizione esclusiva per risolvere qualsiasi controversia o reclamo derivante da o in relazione al presente contratto (compresa qualsiasi questione relativa all&#8217;oggetto, all&#8217;esistenza, alla validit\u00e0 o alla risoluzione dello stesso e comprese le controversie o i reclami extracontrattuali).<\/p>\n<p>12.4 Se una qualsiasi disposizione del contratto tra il cliente e Riverdi, compresi i presenti termini e condizioni, \u00e8 o sar\u00e0 completamente o parzialmente invalida o dovesse contenere disposizioni nulle, la validit\u00e0 delle restanti disposizioni non sar\u00e0 compromessa.<\/p>\n<h2>13. Spedizione<\/h2>\n<p>Maggiori dettagli <a href=\"https:\/\/riverdi.com\/shipping\/\">qui<\/a><\/p>\n<h2>14. Informazioni sul cliente<\/h2>\n<p>Il partner contrattuale \u00e8:<\/p>\n<p>Riverdi sp. z o. o.<br \/>\n<i>Servizio clienti<\/i><br \/>\nNowy Swiat 36<br \/>\n80299 Danzica<br \/>\nPolonia<\/p>\n<p>Telefono: +48 58 7703116<br \/>\nEmail: contact@riverdi.com<\/p>\n<p>ID IVA: PL5842767153<br \/>\nNumero di registrazione (KRS): 0000923967<\/p>\n<p>&nbsp;<\/p>\n<h2>15. Diritto di Recesso<\/h2>\n<p><strong>15.1<\/strong> I clienti che sono consumatori (persone fisiche che acquistano beni per scopi non direttamente collegati alla loro attivit\u00e0 professionale o commerciale) hanno il diritto di recedere dal contratto di acquisto senza fornire alcuna motivazione entro 14 giorni dalla data di ricevimento della merce.<\/p>\n<p><strong>15.2<\/strong> Per esercitare questo diritto, il cliente deve informare Riverdi inviando un&#8217;email a <a href=\"mailto:order@riverdi.com\">order@riverdi.com<\/a> entro il periodo di 14 giorni.<\/p>\n<p><strong>15.3<\/strong> I beni restituiti devono essere inviati nelle loro condizioni originali, insieme a eventuali accessori, imballaggio e documentazione, all&#8217;indirizzo fornito da Riverdi dopo che \u00e8 stato stabilito il contatto.<\/p>\n<p><strong>15.4<\/strong> Il costo della restituzione della merce \u00e8 a carico del cliente.<\/p>\n","protected":false},"excerpt":{"rendered":"<p>1. Ambito di applicazione 1.1 I presenti Termini e Condizioni Generali (di seguito &#8220;CG&#8221;) di Riverdi sp. z o. o. Sp. k. con sede a Danzica (Polonia), con numero di societ\u00e0 KRS 0000715225 e partita IVA PL5842767153 (di seguito &#8220;Riverdi&#8221;), sono alla base di tutte le offerte, consegne e servizi di Riverdi. Riverdi conclude tutti [&hellip;]<\/p>\n","protected":false},"author":19,"featured_media":0,"parent":0,"menu_order":0,"comment_status":"closed","ping_status":"closed","template":"","meta":{"_acf_changed":false,"content-type":"","inline_featured_image":false,"footnotes":""},"class_list":["post-116313","page","type-page","status-publish","hentry"],"acf":[],"yoast_head":"<!-- This site is optimized with the Yoast SEO plugin v27.3 - https:\/\/yoast.com\/product\/yoast-seo-wordpress\/ -->\n<title>Termini e condizioni - Riverdi<\/title>\n<meta name=\"robots\" content=\"index, follow, max-snippet:-1, max-image-preview:large, max-video-preview:-1\" \/>\n<link rel=\"canonical\" href=\"https:\/\/riverdi.com\/it\/termini-condizioni\" \/>\n<meta property=\"og:locale\" content=\"it_IT\" \/>\n<meta property=\"og:type\" content=\"article\" \/>\n<meta property=\"og:title\" content=\"Termini e condizioni - Riverdi\" \/>\n<meta property=\"og:description\" content=\"1. Ambito di applicazione 1.1 I presenti Termini e Condizioni Generali (di seguito &#8220;CG&#8221;) di Riverdi sp. z o. o. Sp. k. con sede a Danzica (Polonia), con numero di societ\u00e0 KRS 0000715225 e partita IVA PL5842767153 (di seguito &#8220;Riverdi&#8221;), sono alla base di tutte le offerte, consegne e servizi di Riverdi. Riverdi conclude tutti [&hellip;]\" \/>\n<meta property=\"og:url\" content=\"https:\/\/riverdi.com\/it\/termini-condizioni\" \/>\n<meta property=\"og:site_name\" content=\"Riverdi\" \/>\n<meta property=\"article:publisher\" content=\"https:\/\/www.facebook.com\/riverdi.displays\/\" \/>\n<meta property=\"article:modified_time\" content=\"2024-09-12T12:11:13+00:00\" \/>\n<meta property=\"og:image\" content=\"https:\/\/riverdi.com\/wp-content\/uploads\/2024\/06\/logo-1.jpg\" \/>\n\t<meta property=\"og:image:width\" content=\"1024\" \/>\n\t<meta property=\"og:image:height\" content=\"1024\" \/>\n\t<meta property=\"og:image:type\" content=\"image\/jpeg\" \/>\n<meta name=\"twitter:card\" content=\"summary_large_image\" \/>\n<meta name=\"twitter:site\" content=\"@riverdidisplays\" \/>\n<meta name=\"twitter:label1\" content=\"Tempo di lettura stimato\" \/>\n\t<meta name=\"twitter:data1\" content=\"9 minuti\" \/>\n<script type=\"application\/ld+json\" class=\"yoast-schema-graph\">{\"@context\":\"https:\\\/\\\/schema.org\",\"@graph\":[{\"@type\":\"WebPage\",\"@id\":\"https:\\\/\\\/riverdi.com\\\/it\\\/termini-condizioni\",\"url\":\"https:\\\/\\\/riverdi.com\\\/it\\\/termini-condizioni\",\"name\":\"Termini e condizioni - Riverdi\",\"isPartOf\":{\"@id\":\"https:\\\/\\\/riverdi.com\\\/it#website\"},\"datePublished\":\"2024-04-05T07:19:40+00:00\",\"dateModified\":\"2024-09-12T12:11:13+00:00\",\"breadcrumb\":{\"@id\":\"https:\\\/\\\/riverdi.com\\\/it\\\/termini-condizioni#breadcrumb\"},\"inLanguage\":\"it-IT\",\"potentialAction\":[{\"@type\":\"ReadAction\",\"target\":[\"https:\\\/\\\/riverdi.com\\\/it\\\/termini-condizioni\"]}]},{\"@type\":\"BreadcrumbList\",\"@id\":\"https:\\\/\\\/riverdi.com\\\/it\\\/termini-condizioni#breadcrumb\",\"itemListElement\":[{\"@type\":\"ListItem\",\"position\":1,\"name\":\"Front Page\",\"item\":\"https:\\\/\\\/riverdi.com\\\/it\\\/prima-pagina\"},{\"@type\":\"ListItem\",\"position\":2,\"name\":\"Termini e condizioni\"}]},{\"@type\":\"WebSite\",\"@id\":\"https:\\\/\\\/riverdi.com\\\/it#website\",\"url\":\"https:\\\/\\\/riverdi.com\\\/it\",\"name\":\"Riverdi\",\"description\":\"Global TFT LCD Manufacturer\",\"potentialAction\":[{\"@type\":\"SearchAction\",\"target\":{\"@type\":\"EntryPoint\",\"urlTemplate\":\"https:\\\/\\\/riverdi.com\\\/it?s={search_term_string}\"},\"query-input\":{\"@type\":\"PropertyValueSpecification\",\"valueRequired\":true,\"valueName\":\"search_term_string\"}}],\"inLanguage\":\"it-IT\"}]}<\/script>\n<!-- \/ Yoast SEO plugin. -->","yoast_head_json":{"title":"Termini e condizioni - Riverdi","robots":{"index":"index","follow":"follow","max-snippet":"max-snippet:-1","max-image-preview":"max-image-preview:large","max-video-preview":"max-video-preview:-1"},"canonical":"https:\/\/riverdi.com\/it\/termini-condizioni","og_locale":"it_IT","og_type":"article","og_title":"Termini e condizioni - Riverdi","og_description":"1. Ambito di applicazione 1.1 I presenti Termini e Condizioni Generali (di seguito &#8220;CG&#8221;) di Riverdi sp. z o. o. Sp. k. con sede a Danzica (Polonia), con numero di societ\u00e0 KRS 0000715225 e partita IVA PL5842767153 (di seguito &#8220;Riverdi&#8221;), sono alla base di tutte le offerte, consegne e servizi di Riverdi. Riverdi conclude tutti [&hellip;]","og_url":"https:\/\/riverdi.com\/it\/termini-condizioni","og_site_name":"Riverdi","article_publisher":"https:\/\/www.facebook.com\/riverdi.displays\/","article_modified_time":"2024-09-12T12:11:13+00:00","og_image":[{"width":1024,"height":1024,"url":"https:\/\/riverdi.com\/wp-content\/uploads\/2024\/06\/logo-1.jpg","type":"image\/jpeg"}],"twitter_card":"summary_large_image","twitter_site":"@riverdidisplays","twitter_misc":{"Tempo di lettura stimato":"9 minuti"},"schema":{"@context":"https:\/\/schema.org","@graph":[{"@type":"WebPage","@id":"https:\/\/riverdi.com\/it\/termini-condizioni","url":"https:\/\/riverdi.com\/it\/termini-condizioni","name":"Termini e condizioni - Riverdi","isPartOf":{"@id":"https:\/\/riverdi.com\/it#website"},"datePublished":"2024-04-05T07:19:40+00:00","dateModified":"2024-09-12T12:11:13+00:00","breadcrumb":{"@id":"https:\/\/riverdi.com\/it\/termini-condizioni#breadcrumb"},"inLanguage":"it-IT","potentialAction":[{"@type":"ReadAction","target":["https:\/\/riverdi.com\/it\/termini-condizioni"]}]},{"@type":"BreadcrumbList","@id":"https:\/\/riverdi.com\/it\/termini-condizioni#breadcrumb","itemListElement":[{"@type":"ListItem","position":1,"name":"Front Page","item":"https:\/\/riverdi.com\/it\/prima-pagina"},{"@type":"ListItem","position":2,"name":"Termini e condizioni"}]},{"@type":"WebSite","@id":"https:\/\/riverdi.com\/it#website","url":"https:\/\/riverdi.com\/it","name":"Riverdi","description":"Global TFT LCD Manufacturer","potentialAction":[{"@type":"SearchAction","target":{"@type":"EntryPoint","urlTemplate":"https:\/\/riverdi.com\/it?s={search_term_string}"},"query-input":{"@type":"PropertyValueSpecification","valueRequired":true,"valueName":"search_term_string"}}],"inLanguage":"it-IT"}]}},"_links":{"self":[{"href":"https:\/\/riverdi.com\/it\/wp-json\/wp\/v2\/pages\/116313","targetHints":{"allow":["GET"]}}],"collection":[{"href":"https:\/\/riverdi.com\/it\/wp-json\/wp\/v2\/pages"}],"about":[{"href":"https:\/\/riverdi.com\/it\/wp-json\/wp\/v2\/types\/page"}],"author":[{"embeddable":true,"href":"https:\/\/riverdi.com\/it\/wp-json\/wp\/v2\/users\/19"}],"replies":[{"embeddable":true,"href":"https:\/\/riverdi.com\/it\/wp-json\/wp\/v2\/comments?post=116313"}],"version-history":[{"count":2,"href":"https:\/\/riverdi.com\/it\/wp-json\/wp\/v2\/pages\/116313\/revisions"}],"predecessor-version":[{"id":121536,"href":"https:\/\/riverdi.com\/it\/wp-json\/wp\/v2\/pages\/116313\/revisions\/121536"}],"wp:attachment":[{"href":"https:\/\/riverdi.com\/it\/wp-json\/wp\/v2\/media?parent=116313"}],"curies":[{"name":"wp","href":"https:\/\/api.w.org\/{rel}","templated":true}]}}