{"id":124797,"date":"2025-07-29T08:50:42","date_gmt":"2025-07-29T06:50:42","guid":{"rendered":"https:\/\/riverdi.com\/?post_type=product&#038;p=124797"},"modified":"2025-07-22T13:40:57","modified_gmt":"2025-07-22T11:40:57","slug":"eve5-rvt156hkbnwc00-b","status":"publish","type":"product","link":"https:\/\/riverdi.com\/fr\/product\/eve5-rvt156hkbnwc00-b","title":{"rendered":"Ecran intelligent 15.6\u2033 TFT LCD Full HD 1920x1080px, EVE5 BT820B + Ecran tactile capacitif &#8211; RVT156HKBNWC00-B"},"content":{"rendered":"<p>n&rsquo;enlevez pas ceci<\/p>\n","protected":false},"excerpt":{"rendered":"<p><strong>Caract\u00e9ristiques principales :<\/strong><\/p>\n<ul>\n<li>\u00c9cran TFT de 15,6 pouces<\/li>\n<li>R\u00e9solution de 1920x1080px (FULL HD)<\/li>\n<li>Haute luminosit\u00e9 <sup>850cd\/m2<\/sup><\/li>\n<li>Angles de vision complets (IPS)<\/li>\n<li><strong>Contr\u00f4leur graphique BT820B<\/strong><\/li>\n<li>Interface QSPI\/SPI<\/li>\n<li>Amplificateur audio avec interface audio I2S<\/li>\n<li>Taille de la m\u00e9moire flash externe : 1Gbits (128MB)<\/li>\n<li>SDRAM DDR3 externe : 4 bits<\/li>\n<li>Alimentation 6-17V<\/li>\n<li>Liaison optique<\/li>\n<li>\u00c9cran tactile capacitif \u00e0 projection industrielle<\/li>\n<li>Verre de couverture d\u00e9coratif noir<\/li>\n<\/ul>\n<p>En savoir plus sur les <a href=\"https:\/\/riverdi.com\/fr\/solutions-personnalisees\" target=\"_blank\" rel=\"noopener\" data-link-card=\"true\">options de personnalisation de l&rsquo;affichage<\/a><\/p>\n","protected":false},"featured_media":125220,"comment_status":"closed","ping_status":"closed","template":"","meta":{"_acf_changed":false,"content-type":"","inline_featured_image":false},"product_brand":[],"product_cat":[3388,4904,4792,4791,3375,4860,4913,4807,4808,4858,4846],"product_tag":[4914,4915],"class_list":{"0":"post-124797","1":"product","2":"type-product","3":"status-publish","4":"has-post-thumbnail","6":"product_cat-affichages-intelligents","7":"product_cat-bt820b-fr","8":"product_cat-ecran-lcd","9":"product_cat-ecran-tft","10":"product_cat-ecrans-ips-a-haute-luminosite","11":"product_cat-ecrans-lcd-de-156-pouces","12":"product_cat-affichages-spi-qspi","13":"product_cat-ecrans-tactiles","14":"product_cat-ecrans-tactiles-capacitifs","15":"product_cat-interface-fr","16":"product_cat-tous-les-ecrans","17":"product_tag-bt820b-fr","18":"product_tag-eve5-fr","20":"first","21":"instock","22":"taxable","23":"shipping-taxable","24":"purchasable","25":"product-type-simple"},"acf":[],"yoast_head":"<!-- This site is optimized with the Yoast SEO plugin v27.3 - https:\/\/yoast.com\/product\/yoast-seo-wordpress\/ -->\n<title>Ecran intelligent 15.6\u2033 TFT LCD Full HD 1920x1080px, EVE5 BT820B + Ecran tactile capacitif - RVT156HKBNWC00-B | Riverdi<\/title>\n<meta name=\"description\" content=\"EVE 5 intelligent display 15.6\u2033 TFT LCD Full HD r\u00e9solution 1920x1080px, avec \u00e9cran tactile capacitif projet\u00e9 de qualit\u00e9 industrielle, haute luminosit\u00e9 850cd\/m2 - interface QSPI\/SPI, angles de vision complets IPS, contr\u00f4leur graphique BT820B - mod\u00e8le SM-RVT156HKBNWC00-B\" \/>\n<meta name=\"robots\" content=\"index, follow, max-snippet:-1, max-image-preview:large, max-video-preview:-1\" \/>\n<link rel=\"canonical\" href=\"https:\/\/riverdi.com\/fr\/product\/eve5-rvt156hkbnwc00-b\" \/>\n<meta property=\"og:locale\" content=\"fr_FR\" \/>\n<meta property=\"og:type\" content=\"article\" \/>\n<meta property=\"og:title\" content=\"Ecran intelligent 15.6\u2033 TFT LCD Full HD 1920x1080px, EVE5 BT820B + Ecran tactile capacitif - RVT156HKBNWC00-B | Riverdi\" \/>\n<meta property=\"og:description\" content=\"EVE 5 intelligent display 15.6\u2033 TFT LCD Full HD r\u00e9solution 1920x1080px, avec \u00e9cran tactile capacitif projet\u00e9 de qualit\u00e9 industrielle, haute luminosit\u00e9 850cd\/m2 - interface QSPI\/SPI, angles de vision complets IPS, contr\u00f4leur graphique BT820B - mod\u00e8le SM-RVT156HKBNWC00-B\" \/>\n<meta property=\"og:url\" content=\"https:\/\/riverdi.com\/fr\/product\/eve5-rvt156hkbnwc00-b\" \/>\n<meta property=\"og:site_name\" content=\"Riverdi\" \/>\n<meta property=\"article:publisher\" content=\"https:\/\/www.facebook.com\/riverdi.displays\/\" \/>\n<meta property=\"og:image\" content=\"https:\/\/riverdi.com\/wp-content\/uploads\/2025\/06\/RVT156HKBNWC00-B-001-2560.webp\" \/>\n\t<meta property=\"og:image:width\" content=\"2560\" \/>\n\t<meta property=\"og:image:height\" content=\"2560\" \/>\n\t<meta property=\"og:image:type\" content=\"image\/webp\" \/>\n<meta name=\"twitter:card\" content=\"summary_large_image\" \/>\n<meta name=\"twitter:site\" content=\"@riverdidisplays\" \/>\n<script type=\"application\/ld+json\" class=\"yoast-schema-graph\">{\"@context\":\"https:\\\/\\\/schema.org\",\"@graph\":[{\"@type\":\"WebPage\",\"@id\":\"https:\\\/\\\/riverdi.com\\\/fr\\\/product\\\/eve5-rvt156hkbnwc00-b\",\"url\":\"https:\\\/\\\/riverdi.com\\\/fr\\\/product\\\/eve5-rvt156hkbnwc00-b\",\"name\":\"Ecran intelligent 15.6\u2033 TFT LCD Full HD 1920x1080px, EVE5 BT820B + Ecran tactile capacitif - RVT156HKBNWC00-B | Riverdi\",\"isPartOf\":{\"@id\":\"https:\\\/\\\/riverdi.com\\\/fr#website\"},\"primaryImageOfPage\":{\"@id\":\"https:\\\/\\\/riverdi.com\\\/fr\\\/product\\\/eve5-rvt156hkbnwc00-b#primaryimage\"},\"image\":{\"@id\":\"https:\\\/\\\/riverdi.com\\\/fr\\\/product\\\/eve5-rvt156hkbnwc00-b#primaryimage\"},\"thumbnailUrl\":\"https:\\\/\\\/riverdi.com\\\/wp-content\\\/uploads\\\/2025\\\/06\\\/RVT156HKBNWC00-B-001-2560.webp\",\"datePublished\":\"2025-07-29T06:50:42+00:00\",\"description\":\"EVE 5 intelligent display 15.6\u2033 TFT LCD Full HD r\u00e9solution 1920x1080px, avec \u00e9cran tactile capacitif projet\u00e9 de qualit\u00e9 industrielle, haute luminosit\u00e9 850cd\\\/m2 - interface QSPI\\\/SPI, angles de vision complets IPS, contr\u00f4leur graphique BT820B - mod\u00e8le SM-RVT156HKBNWC00-B\",\"breadcrumb\":{\"@id\":\"https:\\\/\\\/riverdi.com\\\/fr\\\/product\\\/eve5-rvt156hkbnwc00-b#breadcrumb\"},\"inLanguage\":\"fr-FR\",\"potentialAction\":[{\"@type\":\"ReadAction\",\"target\":[\"https:\\\/\\\/riverdi.com\\\/fr\\\/product\\\/eve5-rvt156hkbnwc00-b\"]}]},{\"@type\":\"ImageObject\",\"inLanguage\":\"fr-FR\",\"@id\":\"https:\\\/\\\/riverdi.com\\\/fr\\\/product\\\/eve5-rvt156hkbnwc00-b#primaryimage\",\"url\":\"https:\\\/\\\/riverdi.com\\\/wp-content\\\/uploads\\\/2025\\\/06\\\/RVT156HKBNWC00-B-001-2560.webp\",\"contentUrl\":\"https:\\\/\\\/riverdi.com\\\/wp-content\\\/uploads\\\/2025\\\/06\\\/RVT156HKBNWC00-B-001-2560.webp\",\"width\":2560,\"height\":2560},{\"@type\":\"BreadcrumbList\",\"@id\":\"https:\\\/\\\/riverdi.com\\\/fr\\\/product\\\/eve5-rvt156hkbnwc00-b#breadcrumb\",\"itemListElement\":[{\"@type\":\"ListItem\",\"position\":1,\"name\":\"Front Page\",\"item\":\"https:\\\/\\\/riverdi.com\\\/fr\\\/page-daccueil\"},{\"@type\":\"ListItem\",\"position\":2,\"name\":\"Boutique\",\"item\":\"https:\\\/\\\/riverdi.com\\\/fr\\\/boutique-2\"},{\"@type\":\"ListItem\",\"position\":3,\"name\":\"Private: Ecran intelligent 15.6\u2033 TFT LCD Full HD 1920x1080px, EVE5 BT820B + Ecran tactile capacitif &#8211; RVT156HKBNWC00-B\"}]},{\"@type\":\"WebSite\",\"@id\":\"https:\\\/\\\/riverdi.com\\\/fr#website\",\"url\":\"https:\\\/\\\/riverdi.com\\\/fr\",\"name\":\"Riverdi\",\"description\":\"Global TFT LCD Manufacturer\",\"potentialAction\":[{\"@type\":\"SearchAction\",\"target\":{\"@type\":\"EntryPoint\",\"urlTemplate\":\"https:\\\/\\\/riverdi.com\\\/fr?s={search_term_string}\"},\"query-input\":{\"@type\":\"PropertyValueSpecification\",\"valueRequired\":true,\"valueName\":\"search_term_string\"}}],\"inLanguage\":\"fr-FR\"}]}<\/script>\n<!-- \/ Yoast SEO plugin. -->","yoast_head_json":{"title":"Ecran intelligent 15.6\u2033 TFT LCD Full HD 1920x1080px, EVE5 BT820B + Ecran tactile capacitif - RVT156HKBNWC00-B | Riverdi","description":"EVE 5 intelligent display 15.6\u2033 TFT LCD Full HD r\u00e9solution 1920x1080px, avec \u00e9cran tactile capacitif projet\u00e9 de qualit\u00e9 industrielle, haute luminosit\u00e9 850cd\/m2 - interface QSPI\/SPI, angles de vision complets IPS, contr\u00f4leur graphique BT820B - mod\u00e8le SM-RVT156HKBNWC00-B","robots":{"index":"index","follow":"follow","max-snippet":"max-snippet:-1","max-image-preview":"max-image-preview:large","max-video-preview":"max-video-preview:-1"},"canonical":"https:\/\/riverdi.com\/fr\/product\/eve5-rvt156hkbnwc00-b","og_locale":"fr_FR","og_type":"article","og_title":"Ecran intelligent 15.6\u2033 TFT LCD Full HD 1920x1080px, EVE5 BT820B + Ecran tactile capacitif - RVT156HKBNWC00-B | Riverdi","og_description":"EVE 5 intelligent display 15.6\u2033 TFT LCD Full HD r\u00e9solution 1920x1080px, avec \u00e9cran tactile capacitif projet\u00e9 de qualit\u00e9 industrielle, haute luminosit\u00e9 850cd\/m2 - interface QSPI\/SPI, angles de vision complets IPS, contr\u00f4leur graphique BT820B - mod\u00e8le SM-RVT156HKBNWC00-B","og_url":"https:\/\/riverdi.com\/fr\/product\/eve5-rvt156hkbnwc00-b","og_site_name":"Riverdi","article_publisher":"https:\/\/www.facebook.com\/riverdi.displays\/","og_image":[{"width":2560,"height":2560,"url":"https:\/\/riverdi.com\/wp-content\/uploads\/2025\/06\/RVT156HKBNWC00-B-001-2560.webp","type":"image\/webp"}],"twitter_card":"summary_large_image","twitter_site":"@riverdidisplays","schema":{"@context":"https:\/\/schema.org","@graph":[{"@type":"WebPage","@id":"https:\/\/riverdi.com\/fr\/product\/eve5-rvt156hkbnwc00-b","url":"https:\/\/riverdi.com\/fr\/product\/eve5-rvt156hkbnwc00-b","name":"Ecran intelligent 15.6\u2033 TFT LCD Full HD 1920x1080px, EVE5 BT820B + Ecran tactile capacitif - RVT156HKBNWC00-B | Riverdi","isPartOf":{"@id":"https:\/\/riverdi.com\/fr#website"},"primaryImageOfPage":{"@id":"https:\/\/riverdi.com\/fr\/product\/eve5-rvt156hkbnwc00-b#primaryimage"},"image":{"@id":"https:\/\/riverdi.com\/fr\/product\/eve5-rvt156hkbnwc00-b#primaryimage"},"thumbnailUrl":"https:\/\/riverdi.com\/wp-content\/uploads\/2025\/06\/RVT156HKBNWC00-B-001-2560.webp","datePublished":"2025-07-29T06:50:42+00:00","description":"EVE 5 intelligent display 15.6\u2033 TFT LCD Full HD r\u00e9solution 1920x1080px, avec \u00e9cran tactile capacitif projet\u00e9 de qualit\u00e9 industrielle, haute luminosit\u00e9 850cd\/m2 - interface QSPI\/SPI, angles de vision complets IPS, contr\u00f4leur graphique BT820B - mod\u00e8le SM-RVT156HKBNWC00-B","breadcrumb":{"@id":"https:\/\/riverdi.com\/fr\/product\/eve5-rvt156hkbnwc00-b#breadcrumb"},"inLanguage":"fr-FR","potentialAction":[{"@type":"ReadAction","target":["https:\/\/riverdi.com\/fr\/product\/eve5-rvt156hkbnwc00-b"]}]},{"@type":"ImageObject","inLanguage":"fr-FR","@id":"https:\/\/riverdi.com\/fr\/product\/eve5-rvt156hkbnwc00-b#primaryimage","url":"https:\/\/riverdi.com\/wp-content\/uploads\/2025\/06\/RVT156HKBNWC00-B-001-2560.webp","contentUrl":"https:\/\/riverdi.com\/wp-content\/uploads\/2025\/06\/RVT156HKBNWC00-B-001-2560.webp","width":2560,"height":2560},{"@type":"BreadcrumbList","@id":"https:\/\/riverdi.com\/fr\/product\/eve5-rvt156hkbnwc00-b#breadcrumb","itemListElement":[{"@type":"ListItem","position":1,"name":"Front Page","item":"https:\/\/riverdi.com\/fr\/page-daccueil"},{"@type":"ListItem","position":2,"name":"Boutique","item":"https:\/\/riverdi.com\/fr\/boutique-2"},{"@type":"ListItem","position":3,"name":"Private: Ecran intelligent 15.6\u2033 TFT LCD Full HD 1920x1080px, EVE5 BT820B + Ecran tactile capacitif &#8211; RVT156HKBNWC00-B"}]},{"@type":"WebSite","@id":"https:\/\/riverdi.com\/fr#website","url":"https:\/\/riverdi.com\/fr","name":"Riverdi","description":"Global TFT LCD Manufacturer","potentialAction":[{"@type":"SearchAction","target":{"@type":"EntryPoint","urlTemplate":"https:\/\/riverdi.com\/fr?s={search_term_string}"},"query-input":{"@type":"PropertyValueSpecification","valueRequired":true,"valueName":"search_term_string"}}],"inLanguage":"fr-FR"}]}},"_links":{"self":[{"href":"https:\/\/riverdi.com\/fr\/wp-json\/wp\/v2\/product\/124797","targetHints":{"allow":["GET"]}}],"collection":[{"href":"https:\/\/riverdi.com\/fr\/wp-json\/wp\/v2\/product"}],"about":[{"href":"https:\/\/riverdi.com\/fr\/wp-json\/wp\/v2\/types\/product"}],"replies":[{"embeddable":true,"href":"https:\/\/riverdi.com\/fr\/wp-json\/wp\/v2\/comments?post=124797"}],"wp:featuredmedia":[{"embeddable":true,"href":"https:\/\/riverdi.com\/fr\/wp-json\/wp\/v2\/media\/125220"}],"wp:attachment":[{"href":"https:\/\/riverdi.com\/fr\/wp-json\/wp\/v2\/media?parent=124797"}],"wp:term":[{"taxonomy":"product_brand","embeddable":true,"href":"https:\/\/riverdi.com\/fr\/wp-json\/wp\/v2\/product_brand?post=124797"},{"taxonomy":"product_cat","embeddable":true,"href":"https:\/\/riverdi.com\/fr\/wp-json\/wp\/v2\/product_cat?post=124797"},{"taxonomy":"product_tag","embeddable":true,"href":"https:\/\/riverdi.com\/fr\/wp-json\/wp\/v2\/product_tag?post=124797"}],"curies":[{"name":"wp","href":"https:\/\/api.w.org\/{rel}","templated":true}]}}