{"id":124786,"date":"2025-08-05T08:50:59","date_gmt":"2025-08-05T06:50:59","guid":{"rendered":"https:\/\/riverdi.com\/?post_type=product&#038;p=124786"},"modified":"2026-01-19T20:58:28","modified_gmt":"2026-01-19T19:58:28","slug":"sbc-rvt156hkdnwn00","status":"publish","type":"product","link":"https:\/\/riverdi.com\/fr\/product\/sbc-rvt156hkdnwn00","title":{"rendered":"\u00c9cran IPS haute luminosit\u00e9 15,6\u2033 TFT LCD 1024x600px, interface MIPI DSI Toradex + \u00c9cran tactile capacitif &#8211; RVT156HKDNWN00"},"content":{"rendered":"<p>n&rsquo;enlevez pas ceci<\/p>\n","protected":false},"excerpt":{"rendered":"<p><strong>Caract\u00e9ristiques principales :<\/strong><\/p>\n<ul>\n<li>\u00c9cran TFT de 15,6 pouces<\/li>\n<li>R\u00e9solution de 1920x1080px (FULL HD)<\/li>\n<li>Haute luminosit\u00e9 1000cd\/m2<\/li>\n<li>Angles de vision complets (IPS)<\/li>\n<li>Interface MIPI DSI<\/li>\n<li>Pont SN65DSI84<\/li>\n<li>\u00c9cran tactile capacitif \u00e0 projection industrielle<\/li>\n<li>Verre de couverture d\u00e9coratif noir<\/li>\n<li>Alimentation \u00e9lectrique : 6-18V<\/li>\n<li>Compatible avec les SoM et les cartes porteuses de la famille Toradex Verdin<\/li>\n<li>La meilleure exp\u00e9rience hors de la bo\u00eete<\/li>\n<\/ul>\n<p>En savoir plus sur les <a href=\"https:\/\/riverdi.com\/fr\/solutions-personnalisees\" target=\"_blank\" rel=\"noopener\" data-link-card=\"true\">options de personnalisation de l&rsquo;affichage<\/a><\/p>\n","protected":false},"featured_media":125286,"comment_status":"closed","ping_status":"closed","template":"","meta":{"_acf_changed":false,"content-type":"","inline_featured_image":false},"product_brand":[],"product_cat":[4794,4795,4792,4791,3375,4860,3374,3373],"product_tag":[],"class_list":{"0":"post-124786","1":"product","2":"type-product","3":"status-publish","4":"has-post-thumbnail","6":"product_cat-affichages-mipi-dsi","7":"product_cat-afficheurs-toradex","8":"product_cat-ecran-lcd","9":"product_cat-ecran-tft","10":"product_cat-ecrans-ips-a-haute-luminosite","11":"product_cat-ecrans-lcd-de-156-pouces","12":"product_cat-ecrans-lcd-rvb-lvds-mipi-dsi","13":"product_cat-ordinateurs-a-carte-unique","15":"first","16":"instock","17":"taxable","18":"shipping-taxable","19":"purchasable","20":"product-type-simple"},"acf":[],"yoast_head":"<!-- This site is optimized with the Yoast SEO plugin v27.0 - https:\/\/yoast.com\/product\/yoast-seo-wordpress\/ -->\n<title>\u00c9cran IPS haute luminosit\u00e9 15,6\u2033 TFT LCD 1024x600px, interface MIPI DSI Toradex + \u00c9cran tactile capacitif - RVT156HKDNWN00 | Riverdi<\/title>\n<meta name=\"description\" content=\"\u00c9cran IPS haute luminosit\u00e9 15,6\u2033 TFT LCD Full HD 1920x1080px, lisible en plein soleil avec 1000 cd\/m\u00b2. Inclut un pont SN65DSI84, alimentation 5,0 V et interface MIPI DSI ; compatible avec les SoMs et Carrier Boards Toradex Verdin pour une exp\u00e9rience \u00ab out-of-the-box \u00bb \u2013 mod\u00e8le SM-RVT156HKDNWN00\" \/>\n<meta name=\"robots\" content=\"index, follow, max-snippet:-1, max-image-preview:large, max-video-preview:-1\" \/>\n<link rel=\"canonical\" href=\"https:\/\/riverdi.com\/fr\/product\/sbc-rvt156hkdnwn00\" \/>\n<meta property=\"og:locale\" content=\"fr_FR\" \/>\n<meta property=\"og:type\" content=\"article\" \/>\n<meta property=\"og:title\" content=\"\u00c9cran IPS haute luminosit\u00e9 15,6\u2033 TFT LCD 1024x600px, interface MIPI DSI Toradex + \u00c9cran tactile capacitif - RVT156HKDNWN00 | Riverdi\" \/>\n<meta property=\"og:description\" content=\"\u00c9cran IPS haute luminosit\u00e9 15,6\u2033 TFT LCD Full HD 1920x1080px, lisible en plein soleil avec 1000 cd\/m\u00b2. Inclut un pont SN65DSI84, alimentation 5,0 V et interface MIPI DSI ; compatible avec les SoMs et Carrier Boards Toradex Verdin pour une exp\u00e9rience \u00ab out-of-the-box \u00bb \u2013 mod\u00e8le SM-RVT156HKDNWN00\" \/>\n<meta property=\"og:url\" content=\"https:\/\/riverdi.com\/fr\/product\/sbc-rvt156hkdnwn00\" \/>\n<meta property=\"og:site_name\" content=\"Riverdi\" \/>\n<meta property=\"article:publisher\" content=\"https:\/\/www.facebook.com\/riverdi.displays\/\" \/>\n<meta property=\"article:modified_time\" content=\"2026-01-19T19:58:28+00:00\" \/>\n<meta property=\"og:image\" content=\"https:\/\/riverdi.com\/wp-content\/uploads\/2025\/06\/RVT156HKDNWN00-001-2560.webp\" \/>\n\t<meta property=\"og:image:width\" content=\"2560\" \/>\n\t<meta property=\"og:image:height\" content=\"2560\" \/>\n\t<meta property=\"og:image:type\" content=\"image\/webp\" \/>\n<meta name=\"twitter:card\" content=\"summary_large_image\" \/>\n<meta name=\"twitter:site\" content=\"@riverdidisplays\" \/>\n<meta name=\"twitter:label1\" content=\"Dur\u00e9e de lecture estim\u00e9e\" \/>\n\t<meta name=\"twitter:data1\" content=\"1 minute\" \/>\n<script type=\"application\/ld+json\" class=\"yoast-schema-graph\">{\"@context\":\"https:\/\/schema.org\",\"@graph\":[{\"@type\":\"WebPage\",\"@id\":\"https:\/\/riverdi.com\/fr\/product\/sbc-rvt156hkdnwn00\",\"url\":\"https:\/\/riverdi.com\/fr\/product\/sbc-rvt156hkdnwn00\",\"name\":\"\u00c9cran IPS haute luminosit\u00e9 15,6\u2033 TFT LCD 1024x600px, interface MIPI DSI Toradex + \u00c9cran tactile capacitif - RVT156HKDNWN00 | Riverdi\",\"isPartOf\":{\"@id\":\"https:\/\/riverdi.com\/fr#website\"},\"primaryImageOfPage\":{\"@id\":\"https:\/\/riverdi.com\/fr\/product\/sbc-rvt156hkdnwn00#primaryimage\"},\"image\":{\"@id\":\"https:\/\/riverdi.com\/fr\/product\/sbc-rvt156hkdnwn00#primaryimage\"},\"thumbnailUrl\":\"https:\/\/riverdi.com\/wp-content\/uploads\/2025\/06\/RVT156HKDNWN00-001-2560.webp\",\"datePublished\":\"2025-08-05T06:50:59+00:00\",\"dateModified\":\"2026-01-19T19:58:28+00:00\",\"description\":\"\u00c9cran IPS haute luminosit\u00e9 15,6\u2033 TFT LCD Full HD 1920x1080px, lisible en plein soleil avec 1000 cd\/m\u00b2. Inclut un pont SN65DSI84, alimentation 5,0 V et interface MIPI DSI ; compatible avec les SoMs et Carrier Boards Toradex Verdin pour une exp\u00e9rience \u00ab out-of-the-box \u00bb \u2013 mod\u00e8le SM-RVT156HKDNWN00\",\"breadcrumb\":{\"@id\":\"https:\/\/riverdi.com\/fr\/product\/sbc-rvt156hkdnwn00#breadcrumb\"},\"inLanguage\":\"fr-FR\",\"potentialAction\":[{\"@type\":\"ReadAction\",\"target\":[\"https:\/\/riverdi.com\/fr\/product\/sbc-rvt156hkdnwn00\"]}]},{\"@type\":\"ImageObject\",\"inLanguage\":\"fr-FR\",\"@id\":\"https:\/\/riverdi.com\/fr\/product\/sbc-rvt156hkdnwn00#primaryimage\",\"url\":\"https:\/\/riverdi.com\/wp-content\/uploads\/2025\/06\/RVT156HKDNWN00-001-2560.webp\",\"contentUrl\":\"https:\/\/riverdi.com\/wp-content\/uploads\/2025\/06\/RVT156HKDNWN00-001-2560.webp\",\"width\":2560,\"height\":2560},{\"@type\":\"BreadcrumbList\",\"@id\":\"https:\/\/riverdi.com\/fr\/product\/sbc-rvt156hkdnwn00#breadcrumb\",\"itemListElement\":[{\"@type\":\"ListItem\",\"position\":1,\"name\":\"Front Page\",\"item\":\"https:\/\/riverdi.com\/fr\/page-daccueil\"},{\"@type\":\"ListItem\",\"position\":2,\"name\":\"Boutique\",\"item\":\"https:\/\/riverdi.com\/fr\/boutique-2\"},{\"@type\":\"ListItem\",\"position\":3,\"name\":\"\u00c9cran IPS haute luminosit\u00e9 15,6\u2033 TFT LCD 1024x600px, interface MIPI DSI Toradex + \u00c9cran tactile capacitif &#8211; RVT156HKDNWN00\"}]},{\"@type\":\"WebSite\",\"@id\":\"https:\/\/riverdi.com\/fr#website\",\"url\":\"https:\/\/riverdi.com\/fr\",\"name\":\"Riverdi\",\"description\":\"Global TFT LCD Manufacturer\",\"potentialAction\":[{\"@type\":\"SearchAction\",\"target\":{\"@type\":\"EntryPoint\",\"urlTemplate\":\"https:\/\/riverdi.com\/fr?s={search_term_string}\"},\"query-input\":{\"@type\":\"PropertyValueSpecification\",\"valueRequired\":true,\"valueName\":\"search_term_string\"}}],\"inLanguage\":\"fr-FR\"}]}<\/script>\n<!-- \/ Yoast SEO plugin. -->","yoast_head_json":{"title":"\u00c9cran IPS haute luminosit\u00e9 15,6\u2033 TFT LCD 1024x600px, interface MIPI DSI Toradex + \u00c9cran tactile capacitif - RVT156HKDNWN00 | Riverdi","description":"\u00c9cran IPS haute luminosit\u00e9 15,6\u2033 TFT LCD Full HD 1920x1080px, lisible en plein soleil avec 1000 cd\/m\u00b2. Inclut un pont SN65DSI84, alimentation 5,0 V et interface MIPI DSI ; compatible avec les SoMs et Carrier Boards Toradex Verdin pour une exp\u00e9rience \u00ab out-of-the-box \u00bb \u2013 mod\u00e8le SM-RVT156HKDNWN00","robots":{"index":"index","follow":"follow","max-snippet":"max-snippet:-1","max-image-preview":"max-image-preview:large","max-video-preview":"max-video-preview:-1"},"canonical":"https:\/\/riverdi.com\/fr\/product\/sbc-rvt156hkdnwn00","og_locale":"fr_FR","og_type":"article","og_title":"\u00c9cran IPS haute luminosit\u00e9 15,6\u2033 TFT LCD 1024x600px, interface MIPI DSI Toradex + \u00c9cran tactile capacitif - RVT156HKDNWN00 | Riverdi","og_description":"\u00c9cran IPS haute luminosit\u00e9 15,6\u2033 TFT LCD Full HD 1920x1080px, lisible en plein soleil avec 1000 cd\/m\u00b2. Inclut un pont SN65DSI84, alimentation 5,0 V et interface MIPI DSI ; compatible avec les SoMs et Carrier Boards Toradex Verdin pour une exp\u00e9rience \u00ab out-of-the-box \u00bb \u2013 mod\u00e8le SM-RVT156HKDNWN00","og_url":"https:\/\/riverdi.com\/fr\/product\/sbc-rvt156hkdnwn00","og_site_name":"Riverdi","article_publisher":"https:\/\/www.facebook.com\/riverdi.displays\/","article_modified_time":"2026-01-19T19:58:28+00:00","og_image":[{"width":2560,"height":2560,"url":"https:\/\/riverdi.com\/wp-content\/uploads\/2025\/06\/RVT156HKDNWN00-001-2560.webp","type":"image\/webp"}],"twitter_card":"summary_large_image","twitter_site":"@riverdidisplays","twitter_misc":{"Dur\u00e9e de lecture estim\u00e9e":"1 minute"},"schema":{"@context":"https:\/\/schema.org","@graph":[{"@type":"WebPage","@id":"https:\/\/riverdi.com\/fr\/product\/sbc-rvt156hkdnwn00","url":"https:\/\/riverdi.com\/fr\/product\/sbc-rvt156hkdnwn00","name":"\u00c9cran IPS haute luminosit\u00e9 15,6\u2033 TFT LCD 1024x600px, interface MIPI DSI Toradex + \u00c9cran tactile capacitif - RVT156HKDNWN00 | Riverdi","isPartOf":{"@id":"https:\/\/riverdi.com\/fr#website"},"primaryImageOfPage":{"@id":"https:\/\/riverdi.com\/fr\/product\/sbc-rvt156hkdnwn00#primaryimage"},"image":{"@id":"https:\/\/riverdi.com\/fr\/product\/sbc-rvt156hkdnwn00#primaryimage"},"thumbnailUrl":"https:\/\/riverdi.com\/wp-content\/uploads\/2025\/06\/RVT156HKDNWN00-001-2560.webp","datePublished":"2025-08-05T06:50:59+00:00","dateModified":"2026-01-19T19:58:28+00:00","description":"\u00c9cran IPS haute luminosit\u00e9 15,6\u2033 TFT LCD Full HD 1920x1080px, lisible en plein soleil avec 1000 cd\/m\u00b2. Inclut un pont SN65DSI84, alimentation 5,0 V et interface MIPI DSI ; compatible avec les SoMs et Carrier Boards Toradex Verdin pour une exp\u00e9rience \u00ab out-of-the-box \u00bb \u2013 mod\u00e8le SM-RVT156HKDNWN00","breadcrumb":{"@id":"https:\/\/riverdi.com\/fr\/product\/sbc-rvt156hkdnwn00#breadcrumb"},"inLanguage":"fr-FR","potentialAction":[{"@type":"ReadAction","target":["https:\/\/riverdi.com\/fr\/product\/sbc-rvt156hkdnwn00"]}]},{"@type":"ImageObject","inLanguage":"fr-FR","@id":"https:\/\/riverdi.com\/fr\/product\/sbc-rvt156hkdnwn00#primaryimage","url":"https:\/\/riverdi.com\/wp-content\/uploads\/2025\/06\/RVT156HKDNWN00-001-2560.webp","contentUrl":"https:\/\/riverdi.com\/wp-content\/uploads\/2025\/06\/RVT156HKDNWN00-001-2560.webp","width":2560,"height":2560},{"@type":"BreadcrumbList","@id":"https:\/\/riverdi.com\/fr\/product\/sbc-rvt156hkdnwn00#breadcrumb","itemListElement":[{"@type":"ListItem","position":1,"name":"Front Page","item":"https:\/\/riverdi.com\/fr\/page-daccueil"},{"@type":"ListItem","position":2,"name":"Boutique","item":"https:\/\/riverdi.com\/fr\/boutique-2"},{"@type":"ListItem","position":3,"name":"\u00c9cran IPS haute luminosit\u00e9 15,6\u2033 TFT LCD 1024x600px, interface MIPI DSI Toradex + \u00c9cran tactile capacitif &#8211; RVT156HKDNWN00"}]},{"@type":"WebSite","@id":"https:\/\/riverdi.com\/fr#website","url":"https:\/\/riverdi.com\/fr","name":"Riverdi","description":"Global TFT LCD Manufacturer","potentialAction":[{"@type":"SearchAction","target":{"@type":"EntryPoint","urlTemplate":"https:\/\/riverdi.com\/fr?s={search_term_string}"},"query-input":{"@type":"PropertyValueSpecification","valueRequired":true,"valueName":"search_term_string"}}],"inLanguage":"fr-FR"}]}},"_links":{"self":[{"href":"https:\/\/riverdi.com\/fr\/wp-json\/wp\/v2\/product\/124786","targetHints":{"allow":["GET"]}}],"collection":[{"href":"https:\/\/riverdi.com\/fr\/wp-json\/wp\/v2\/product"}],"about":[{"href":"https:\/\/riverdi.com\/fr\/wp-json\/wp\/v2\/types\/product"}],"replies":[{"embeddable":true,"href":"https:\/\/riverdi.com\/fr\/wp-json\/wp\/v2\/comments?post=124786"}],"wp:featuredmedia":[{"embeddable":true,"href":"https:\/\/riverdi.com\/fr\/wp-json\/wp\/v2\/media\/125286"}],"wp:attachment":[{"href":"https:\/\/riverdi.com\/fr\/wp-json\/wp\/v2\/media?parent=124786"}],"wp:term":[{"taxonomy":"product_brand","embeddable":true,"href":"https:\/\/riverdi.com\/fr\/wp-json\/wp\/v2\/product_brand?post=124786"},{"taxonomy":"product_cat","embeddable":true,"href":"https:\/\/riverdi.com\/fr\/wp-json\/wp\/v2\/product_cat?post=124786"},{"taxonomy":"product_tag","embeddable":true,"href":"https:\/\/riverdi.com\/fr\/wp-json\/wp\/v2\/product_tag?post=124786"}],"curies":[{"name":"wp","href":"https:\/\/api.w.org\/{rel}","templated":true}]}}