{"id":124766,"date":"2025-08-05T08:50:51","date_gmt":"2025-08-05T06:50:51","guid":{"rendered":"https:\/\/riverdi.com\/?post_type=product&#038;p=124766"},"modified":"2026-01-19T21:00:19","modified_gmt":"2026-01-19T20:00:19","slug":"sbc-rvt156hkdnwc00-b","status":"publish","type":"product","link":"https:\/\/riverdi.com\/fr\/product\/sbc-rvt156hkdnwc00-b","title":{"rendered":"\u00c9cran IPS haute luminosit\u00e9 15,6\u2033 TFT LCD Full HD 1920x1080px, interface MIPI DSI Toradex + \u00c9cran tactile capacitif &#8211; RVT156HKDNWC00-B"},"content":{"rendered":"<p>n&rsquo;enlevez pas ceci<\/p>\n","protected":false},"excerpt":{"rendered":"<p><strong>Caract\u00e9ristiques principales :<\/strong><\/p>\n<ul>\n<li>\u00c9cran TFT de 15,6 pouces<\/li>\n<li>R\u00e9solution de 1920x1080px (FULL HD)<\/li>\n<li>Haute luminosit\u00e9 850cd\/m2<\/li>\n<li>Angles de vision complets (IPS)<\/li>\n<li>Interface MIPI DSI<\/li>\n<li>Pont SN65DSI84<\/li>\n<li>\u00c9cran tactile capacitif \u00e0 projection industrielle<\/li>\n<li>Verre de couverture d\u00e9coratif noir<\/li>\n<li>Liaison optique<\/li>\n<li>Alimentation \u00e9lectrique : 6-18V<\/li>\n<li>Compatible avec les SoM et les cartes porteuses de la famille Toradex Verdin<\/li>\n<li>La meilleure exp\u00e9rience hors de la bo\u00eete<\/li>\n<\/ul>\n","protected":false},"featured_media":125266,"comment_status":"closed","ping_status":"closed","template":"","meta":{"_acf_changed":false,"content-type":"","inline_featured_image":false},"product_brand":[],"product_cat":[4794,4795,4792,4791,3375,4860,3374,4807,4808,4858,3373,4846],"product_tag":[],"class_list":{"0":"post-124766","1":"product","2":"type-product","3":"status-publish","4":"has-post-thumbnail","6":"product_cat-affichages-mipi-dsi","7":"product_cat-afficheurs-toradex","8":"product_cat-ecran-lcd","9":"product_cat-ecran-tft","10":"product_cat-ecrans-ips-a-haute-luminosite","11":"product_cat-ecrans-lcd-de-156-pouces","12":"product_cat-ecrans-lcd-rvb-lvds-mipi-dsi","13":"product_cat-ecrans-tactiles","14":"product_cat-ecrans-tactiles-capacitifs","15":"product_cat-interface-fr","16":"product_cat-ordinateurs-a-carte-unique","17":"product_cat-tous-les-ecrans","19":"first","20":"instock","21":"taxable","22":"shipping-taxable","23":"purchasable","24":"product-type-simple"},"acf":[],"yoast_head":"<!-- This site is optimized with the Yoast SEO plugin v27.0 - https:\/\/yoast.com\/product\/yoast-seo-wordpress\/ -->\n<title>\u00c9cran IPS haute luminosit\u00e9 15,6\u2033 TFT LCD Full HD 1920x1080px, interface MIPI DSI Toradex + \u00c9cran tactile capacitif - RVT156HKDNWC00-B | Riverdi<\/title>\n<meta name=\"description\" content=\"\u00c9cran IPS haute luminosit\u00e9 15,6\u2033 TFT LCD Full HD 1920x1080px, lisible en plein soleil avec 850 cd\/m\u00b2 et Collage optique, avec \u00e9cran tactile capacitif. Inclut un pont SN65DSI84, alimentation 5,0 V et interface MIPI DSI ; compatible avec les SoMs et Carrier Boards Toradex Verdin \u2013 mod\u00e8le SM-RVT156HKDNWC00-B\" \/>\n<meta name=\"robots\" content=\"index, follow, max-snippet:-1, max-image-preview:large, max-video-preview:-1\" \/>\n<link rel=\"canonical\" href=\"https:\/\/riverdi.com\/fr\/product\/sbc-rvt156hkdnwc00-b\" \/>\n<meta property=\"og:locale\" content=\"fr_FR\" \/>\n<meta property=\"og:type\" content=\"article\" \/>\n<meta property=\"og:title\" content=\"\u00c9cran IPS haute luminosit\u00e9 15,6\u2033 TFT LCD Full HD 1920x1080px, interface MIPI DSI Toradex + \u00c9cran tactile capacitif - RVT156HKDNWC00-B | Riverdi\" \/>\n<meta property=\"og:description\" content=\"\u00c9cran IPS haute luminosit\u00e9 15,6\u2033 TFT LCD Full HD 1920x1080px, lisible en plein soleil avec 850 cd\/m\u00b2 et Collage optique, avec \u00e9cran tactile capacitif. Inclut un pont SN65DSI84, alimentation 5,0 V et interface MIPI DSI ; compatible avec les SoMs et Carrier Boards Toradex Verdin \u2013 mod\u00e8le SM-RVT156HKDNWC00-B\" \/>\n<meta property=\"og:url\" content=\"https:\/\/riverdi.com\/fr\/product\/sbc-rvt156hkdnwc00-b\" \/>\n<meta property=\"og:site_name\" content=\"Riverdi\" \/>\n<meta property=\"article:publisher\" content=\"https:\/\/www.facebook.com\/riverdi.displays\/\" \/>\n<meta property=\"article:modified_time\" content=\"2026-01-19T20:00:19+00:00\" \/>\n<meta property=\"og:image\" content=\"https:\/\/riverdi.com\/wp-content\/uploads\/2025\/06\/RVT156HKDNWC00-B-001-2560.webp\" \/>\n\t<meta property=\"og:image:width\" content=\"2560\" \/>\n\t<meta property=\"og:image:height\" content=\"2560\" \/>\n\t<meta property=\"og:image:type\" content=\"image\/webp\" \/>\n<meta name=\"twitter:card\" content=\"summary_large_image\" \/>\n<meta name=\"twitter:site\" content=\"@riverdidisplays\" \/>\n<meta name=\"twitter:label1\" content=\"Dur\u00e9e de lecture estim\u00e9e\" \/>\n\t<meta name=\"twitter:data1\" content=\"1 minute\" \/>\n<script type=\"application\/ld+json\" class=\"yoast-schema-graph\">{\"@context\":\"https:\/\/schema.org\",\"@graph\":[{\"@type\":\"WebPage\",\"@id\":\"https:\/\/riverdi.com\/fr\/product\/sbc-rvt156hkdnwc00-b\",\"url\":\"https:\/\/riverdi.com\/fr\/product\/sbc-rvt156hkdnwc00-b\",\"name\":\"\u00c9cran IPS haute luminosit\u00e9 15,6\u2033 TFT LCD Full HD 1920x1080px, interface MIPI DSI Toradex + \u00c9cran tactile capacitif - RVT156HKDNWC00-B | Riverdi\",\"isPartOf\":{\"@id\":\"https:\/\/riverdi.com\/fr#website\"},\"primaryImageOfPage\":{\"@id\":\"https:\/\/riverdi.com\/fr\/product\/sbc-rvt156hkdnwc00-b#primaryimage\"},\"image\":{\"@id\":\"https:\/\/riverdi.com\/fr\/product\/sbc-rvt156hkdnwc00-b#primaryimage\"},\"thumbnailUrl\":\"https:\/\/riverdi.com\/wp-content\/uploads\/2025\/06\/RVT156HKDNWC00-B-001-2560.webp\",\"datePublished\":\"2025-08-05T06:50:51+00:00\",\"dateModified\":\"2026-01-19T20:00:19+00:00\",\"description\":\"\u00c9cran IPS haute luminosit\u00e9 15,6\u2033 TFT LCD Full HD 1920x1080px, lisible en plein soleil avec 850 cd\/m\u00b2 et Collage optique, avec \u00e9cran tactile capacitif. Inclut un pont SN65DSI84, alimentation 5,0 V et interface MIPI DSI ; compatible avec les SoMs et Carrier Boards Toradex Verdin \u2013 mod\u00e8le SM-RVT156HKDNWC00-B\",\"breadcrumb\":{\"@id\":\"https:\/\/riverdi.com\/fr\/product\/sbc-rvt156hkdnwc00-b#breadcrumb\"},\"inLanguage\":\"fr-FR\",\"potentialAction\":[{\"@type\":\"ReadAction\",\"target\":[\"https:\/\/riverdi.com\/fr\/product\/sbc-rvt156hkdnwc00-b\"]}]},{\"@type\":\"ImageObject\",\"inLanguage\":\"fr-FR\",\"@id\":\"https:\/\/riverdi.com\/fr\/product\/sbc-rvt156hkdnwc00-b#primaryimage\",\"url\":\"https:\/\/riverdi.com\/wp-content\/uploads\/2025\/06\/RVT156HKDNWC00-B-001-2560.webp\",\"contentUrl\":\"https:\/\/riverdi.com\/wp-content\/uploads\/2025\/06\/RVT156HKDNWC00-B-001-2560.webp\",\"width\":2560,\"height\":2560},{\"@type\":\"BreadcrumbList\",\"@id\":\"https:\/\/riverdi.com\/fr\/product\/sbc-rvt156hkdnwc00-b#breadcrumb\",\"itemListElement\":[{\"@type\":\"ListItem\",\"position\":1,\"name\":\"Front Page\",\"item\":\"https:\/\/riverdi.com\/fr\/page-daccueil\"},{\"@type\":\"ListItem\",\"position\":2,\"name\":\"Boutique\",\"item\":\"https:\/\/riverdi.com\/fr\/boutique-2\"},{\"@type\":\"ListItem\",\"position\":3,\"name\":\"\u00c9cran IPS haute luminosit\u00e9 15,6\u2033 TFT LCD Full HD 1920x1080px, interface MIPI DSI Toradex + \u00c9cran tactile capacitif &#8211; RVT156HKDNWC00-B\"}]},{\"@type\":\"WebSite\",\"@id\":\"https:\/\/riverdi.com\/fr#website\",\"url\":\"https:\/\/riverdi.com\/fr\",\"name\":\"Riverdi\",\"description\":\"Global TFT LCD Manufacturer\",\"potentialAction\":[{\"@type\":\"SearchAction\",\"target\":{\"@type\":\"EntryPoint\",\"urlTemplate\":\"https:\/\/riverdi.com\/fr?s={search_term_string}\"},\"query-input\":{\"@type\":\"PropertyValueSpecification\",\"valueRequired\":true,\"valueName\":\"search_term_string\"}}],\"inLanguage\":\"fr-FR\"}]}<\/script>\n<!-- \/ Yoast SEO plugin. -->","yoast_head_json":{"title":"\u00c9cran IPS haute luminosit\u00e9 15,6\u2033 TFT LCD Full HD 1920x1080px, interface MIPI DSI Toradex + \u00c9cran tactile capacitif - RVT156HKDNWC00-B | Riverdi","description":"\u00c9cran IPS haute luminosit\u00e9 15,6\u2033 TFT LCD Full HD 1920x1080px, lisible en plein soleil avec 850 cd\/m\u00b2 et Collage optique, avec \u00e9cran tactile capacitif. Inclut un pont SN65DSI84, alimentation 5,0 V et interface MIPI DSI ; compatible avec les SoMs et Carrier Boards Toradex Verdin \u2013 mod\u00e8le SM-RVT156HKDNWC00-B","robots":{"index":"index","follow":"follow","max-snippet":"max-snippet:-1","max-image-preview":"max-image-preview:large","max-video-preview":"max-video-preview:-1"},"canonical":"https:\/\/riverdi.com\/fr\/product\/sbc-rvt156hkdnwc00-b","og_locale":"fr_FR","og_type":"article","og_title":"\u00c9cran IPS haute luminosit\u00e9 15,6\u2033 TFT LCD Full HD 1920x1080px, interface MIPI DSI Toradex + \u00c9cran tactile capacitif - RVT156HKDNWC00-B | Riverdi","og_description":"\u00c9cran IPS haute luminosit\u00e9 15,6\u2033 TFT LCD Full HD 1920x1080px, lisible en plein soleil avec 850 cd\/m\u00b2 et Collage optique, avec \u00e9cran tactile capacitif. Inclut un pont SN65DSI84, alimentation 5,0 V et interface MIPI DSI ; compatible avec les SoMs et Carrier Boards Toradex Verdin \u2013 mod\u00e8le SM-RVT156HKDNWC00-B","og_url":"https:\/\/riverdi.com\/fr\/product\/sbc-rvt156hkdnwc00-b","og_site_name":"Riverdi","article_publisher":"https:\/\/www.facebook.com\/riverdi.displays\/","article_modified_time":"2026-01-19T20:00:19+00:00","og_image":[{"width":2560,"height":2560,"url":"https:\/\/riverdi.com\/wp-content\/uploads\/2025\/06\/RVT156HKDNWC00-B-001-2560.webp","type":"image\/webp"}],"twitter_card":"summary_large_image","twitter_site":"@riverdidisplays","twitter_misc":{"Dur\u00e9e de lecture estim\u00e9e":"1 minute"},"schema":{"@context":"https:\/\/schema.org","@graph":[{"@type":"WebPage","@id":"https:\/\/riverdi.com\/fr\/product\/sbc-rvt156hkdnwc00-b","url":"https:\/\/riverdi.com\/fr\/product\/sbc-rvt156hkdnwc00-b","name":"\u00c9cran IPS haute luminosit\u00e9 15,6\u2033 TFT LCD Full HD 1920x1080px, interface MIPI DSI Toradex + \u00c9cran tactile capacitif - RVT156HKDNWC00-B | Riverdi","isPartOf":{"@id":"https:\/\/riverdi.com\/fr#website"},"primaryImageOfPage":{"@id":"https:\/\/riverdi.com\/fr\/product\/sbc-rvt156hkdnwc00-b#primaryimage"},"image":{"@id":"https:\/\/riverdi.com\/fr\/product\/sbc-rvt156hkdnwc00-b#primaryimage"},"thumbnailUrl":"https:\/\/riverdi.com\/wp-content\/uploads\/2025\/06\/RVT156HKDNWC00-B-001-2560.webp","datePublished":"2025-08-05T06:50:51+00:00","dateModified":"2026-01-19T20:00:19+00:00","description":"\u00c9cran IPS haute luminosit\u00e9 15,6\u2033 TFT LCD Full HD 1920x1080px, lisible en plein soleil avec 850 cd\/m\u00b2 et Collage optique, avec \u00e9cran tactile capacitif. Inclut un pont SN65DSI84, alimentation 5,0 V et interface MIPI DSI ; compatible avec les SoMs et Carrier Boards Toradex Verdin \u2013 mod\u00e8le SM-RVT156HKDNWC00-B","breadcrumb":{"@id":"https:\/\/riverdi.com\/fr\/product\/sbc-rvt156hkdnwc00-b#breadcrumb"},"inLanguage":"fr-FR","potentialAction":[{"@type":"ReadAction","target":["https:\/\/riverdi.com\/fr\/product\/sbc-rvt156hkdnwc00-b"]}]},{"@type":"ImageObject","inLanguage":"fr-FR","@id":"https:\/\/riverdi.com\/fr\/product\/sbc-rvt156hkdnwc00-b#primaryimage","url":"https:\/\/riverdi.com\/wp-content\/uploads\/2025\/06\/RVT156HKDNWC00-B-001-2560.webp","contentUrl":"https:\/\/riverdi.com\/wp-content\/uploads\/2025\/06\/RVT156HKDNWC00-B-001-2560.webp","width":2560,"height":2560},{"@type":"BreadcrumbList","@id":"https:\/\/riverdi.com\/fr\/product\/sbc-rvt156hkdnwc00-b#breadcrumb","itemListElement":[{"@type":"ListItem","position":1,"name":"Front Page","item":"https:\/\/riverdi.com\/fr\/page-daccueil"},{"@type":"ListItem","position":2,"name":"Boutique","item":"https:\/\/riverdi.com\/fr\/boutique-2"},{"@type":"ListItem","position":3,"name":"\u00c9cran IPS haute luminosit\u00e9 15,6\u2033 TFT LCD Full HD 1920x1080px, interface MIPI DSI Toradex + \u00c9cran tactile capacitif &#8211; RVT156HKDNWC00-B"}]},{"@type":"WebSite","@id":"https:\/\/riverdi.com\/fr#website","url":"https:\/\/riverdi.com\/fr","name":"Riverdi","description":"Global TFT LCD Manufacturer","potentialAction":[{"@type":"SearchAction","target":{"@type":"EntryPoint","urlTemplate":"https:\/\/riverdi.com\/fr?s={search_term_string}"},"query-input":{"@type":"PropertyValueSpecification","valueRequired":true,"valueName":"search_term_string"}}],"inLanguage":"fr-FR"}]}},"_links":{"self":[{"href":"https:\/\/riverdi.com\/fr\/wp-json\/wp\/v2\/product\/124766","targetHints":{"allow":["GET"]}}],"collection":[{"href":"https:\/\/riverdi.com\/fr\/wp-json\/wp\/v2\/product"}],"about":[{"href":"https:\/\/riverdi.com\/fr\/wp-json\/wp\/v2\/types\/product"}],"replies":[{"embeddable":true,"href":"https:\/\/riverdi.com\/fr\/wp-json\/wp\/v2\/comments?post=124766"}],"wp:featuredmedia":[{"embeddable":true,"href":"https:\/\/riverdi.com\/fr\/wp-json\/wp\/v2\/media\/125266"}],"wp:attachment":[{"href":"https:\/\/riverdi.com\/fr\/wp-json\/wp\/v2\/media?parent=124766"}],"wp:term":[{"taxonomy":"product_brand","embeddable":true,"href":"https:\/\/riverdi.com\/fr\/wp-json\/wp\/v2\/product_brand?post=124766"},{"taxonomy":"product_cat","embeddable":true,"href":"https:\/\/riverdi.com\/fr\/wp-json\/wp\/v2\/product_cat?post=124766"},{"taxonomy":"product_tag","embeddable":true,"href":"https:\/\/riverdi.com\/fr\/wp-json\/wp\/v2\/product_tag?post=124766"}],"curies":[{"name":"wp","href":"https:\/\/api.w.org\/{rel}","templated":true}]}}