{"id":123458,"date":"2025-05-20T08:00:52","date_gmt":"2025-05-20T06:00:52","guid":{"rendered":"https:\/\/riverdi.com\/?post_type=product&#038;p=123458"},"modified":"2025-05-20T09:07:24","modified_gmt":"2025-05-20T07:07:24","slug":"usb-c-rvt101hvunwn00","status":"publish","type":"product","link":"https:\/\/riverdi.com\/fr\/product\/usb-c-rvt101hvunwn00","title":{"rendered":"\u00c9cran plug and play 10.1\u2033 TFT LCD 1280x800px, interface USB-C &#8211; RVT101HVUNWN00"},"content":{"rendered":"<p>n&rsquo;enlevez pas ceci<\/p>\n","protected":false},"excerpt":{"rendered":"<p><strong>Caract\u00e9ristiques principales :<\/strong><\/p>\n<ul>\n<li>\u00c9cran TFT de 10,1 pouces<\/li>\n<li>R\u00e9solution de 1280x800px<\/li>\n<li>Haute luminosit\u00e9 <sup>1000cd\/m2<\/sup><\/li>\n<li>Angles de vision complets (IPS)<\/li>\n<li><strong>Interface <\/strong><strong>USB-C<\/strong> <strong>, <\/strong> syst\u00e8me de connecteurs <strong data-start=\"395\" data-end=\"409\">r\u00e9versibles<\/strong><strong data-start=\"383\" data-end=\"393\">\u00e0 24 broches<\/strong>, norme universelle pour la transmission de donn\u00e9es, d&rsquo;\u00e9nergie et m\u00eame de vid\u00e9os.<\/li>\n<li>Prise en charge de la commande PWM interne et externe du r\u00e9tro\u00e9clairage<\/li>\n<li>Alimentation USB-C 5,0 V<\/li>\n<\/ul>\n<p>En savoir plus sur les <a href=\"https:\/\/riverdi.com\/fr\/solutions-personnalisees\" target=\"_blank\" rel=\"noopener\" data-link-card=\"true\">options de personnalisation de l&rsquo;affichage<\/a><\/p>\n","protected":false},"featured_media":123804,"comment_status":"closed","ping_status":"closed","template":"","meta":{"_acf_changed":false,"content-type":"","inline_featured_image":false},"product_brand":[],"product_cat":[4792,4791,4828,4827,4829],"product_tag":[3298,3294,3295,3299],"class_list":{"0":"post-123458","1":"product","2":"type-product","3":"status-publish","4":"has-post-thumbnail","6":"product_cat-ecran-lcd","7":"product_cat-ecran-tft","8":"product_cat-ecrans-lcd-de-101-pouces","9":"product_cat-ecrans-plug-and-play","10":"product_cat-ecrans-usb-c","11":"product_tag-ecran-tft","12":"product_tag-haute-luminosite","13":"product_tag-ips-fr","14":"product_tag-usb-c-fr","16":"first","17":"instock","18":"taxable","19":"shipping-taxable","20":"purchasable","21":"product-type-simple"},"acf":[],"yoast_head":"<!-- This site is optimized with the Yoast SEO plugin v27.0 - https:\/\/yoast.com\/product\/yoast-seo-wordpress\/ -->\n<title>Ecran plug and play 10.1\u2033 TFT LCD 1280x800px, interface USB-C - RVT101HVUNWN00 | Riverdi<\/title>\n<meta name=\"description\" content=\"Plug and play \u00c9cran 10.1\u2033 TFT LCD r\u00e9solution 1280x800px, lisible en plein soleil 1000cd\/m\u00b2 - interface USB-C, IPS angles de vision complets - mod\u00e8le RVT101HVUNWN00\" \/>\n<meta name=\"robots\" content=\"index, follow, max-snippet:-1, max-image-preview:large, max-video-preview:-1\" \/>\n<link rel=\"canonical\" href=\"https:\/\/riverdi.com\/fr\/product\/usb-c-rvt101hvunwn00\" \/>\n<meta property=\"og:locale\" content=\"fr_FR\" \/>\n<meta property=\"og:type\" content=\"article\" \/>\n<meta property=\"og:title\" content=\"Ecran plug and play 10.1\u2033 TFT LCD 1280x800px, interface USB-C - RVT101HVUNWN00 | Riverdi\" \/>\n<meta property=\"og:description\" content=\"Plug and play \u00c9cran 10.1\u2033 TFT LCD r\u00e9solution 1280x800px, lisible en plein soleil 1000cd\/m\u00b2 - interface USB-C, IPS angles de vision complets - mod\u00e8le RVT101HVUNWN00\" \/>\n<meta property=\"og:url\" content=\"https:\/\/riverdi.com\/fr\/product\/usb-c-rvt101hvunwn00\" \/>\n<meta property=\"og:site_name\" content=\"Riverdi\" \/>\n<meta property=\"article:publisher\" content=\"https:\/\/www.facebook.com\/riverdi.displays\/\" \/>\n<meta property=\"article:modified_time\" content=\"2025-05-20T07:07:24+00:00\" \/>\n<meta property=\"og:image\" content=\"https:\/\/riverdi.com\/wp-content\/uploads\/2025\/04\/RVT101HVUNWN00-001-1-scaled.webp\" \/>\n\t<meta property=\"og:image:width\" content=\"2560\" \/>\n\t<meta property=\"og:image:height\" content=\"2560\" \/>\n\t<meta property=\"og:image:type\" content=\"image\/webp\" \/>\n<meta name=\"twitter:card\" content=\"summary_large_image\" \/>\n<meta name=\"twitter:site\" content=\"@riverdidisplays\" \/>\n<meta name=\"twitter:label1\" content=\"Dur\u00e9e de lecture estim\u00e9e\" \/>\n\t<meta name=\"twitter:data1\" content=\"1 minute\" \/>\n<script type=\"application\/ld+json\" class=\"yoast-schema-graph\">{\"@context\":\"https:\/\/schema.org\",\"@graph\":[{\"@type\":\"WebPage\",\"@id\":\"https:\/\/riverdi.com\/fr\/product\/usb-c-rvt101hvunwn00\",\"url\":\"https:\/\/riverdi.com\/fr\/product\/usb-c-rvt101hvunwn00\",\"name\":\"Ecran plug and play 10.1\u2033 TFT LCD 1280x800px, interface USB-C - RVT101HVUNWN00 | Riverdi\",\"isPartOf\":{\"@id\":\"https:\/\/riverdi.com\/fr#website\"},\"primaryImageOfPage\":{\"@id\":\"https:\/\/riverdi.com\/fr\/product\/usb-c-rvt101hvunwn00#primaryimage\"},\"image\":{\"@id\":\"https:\/\/riverdi.com\/fr\/product\/usb-c-rvt101hvunwn00#primaryimage\"},\"thumbnailUrl\":\"https:\/\/riverdi.com\/wp-content\/uploads\/2025\/04\/RVT101HVUNWN00-001-1-scaled.webp\",\"datePublished\":\"2025-05-20T06:00:52+00:00\",\"dateModified\":\"2025-05-20T07:07:24+00:00\",\"description\":\"Plug and play \u00c9cran 10.1\u2033 TFT LCD r\u00e9solution 1280x800px, lisible en plein soleil 1000cd\/m\u00b2 - interface USB-C, IPS angles de vision complets - mod\u00e8le RVT101HVUNWN00\",\"breadcrumb\":{\"@id\":\"https:\/\/riverdi.com\/fr\/product\/usb-c-rvt101hvunwn00#breadcrumb\"},\"inLanguage\":\"fr-FR\",\"potentialAction\":[{\"@type\":\"ReadAction\",\"target\":[\"https:\/\/riverdi.com\/fr\/product\/usb-c-rvt101hvunwn00\"]}]},{\"@type\":\"ImageObject\",\"inLanguage\":\"fr-FR\",\"@id\":\"https:\/\/riverdi.com\/fr\/product\/usb-c-rvt101hvunwn00#primaryimage\",\"url\":\"https:\/\/riverdi.com\/wp-content\/uploads\/2025\/04\/RVT101HVUNWN00-001-1-scaled.webp\",\"contentUrl\":\"https:\/\/riverdi.com\/wp-content\/uploads\/2025\/04\/RVT101HVUNWN00-001-1-scaled.webp\",\"width\":2560,\"height\":2560},{\"@type\":\"BreadcrumbList\",\"@id\":\"https:\/\/riverdi.com\/fr\/product\/usb-c-rvt101hvunwn00#breadcrumb\",\"itemListElement\":[{\"@type\":\"ListItem\",\"position\":1,\"name\":\"Front Page\",\"item\":\"https:\/\/riverdi.com\/fr\/page-daccueil\"},{\"@type\":\"ListItem\",\"position\":2,\"name\":\"Boutique\",\"item\":\"https:\/\/riverdi.com\/fr\/boutique-2\"},{\"@type\":\"ListItem\",\"position\":3,\"name\":\"\u00c9cran plug and play 10.1\u2033 TFT LCD 1280x800px, interface USB-C &#8211; RVT101HVUNWN00\"}]},{\"@type\":\"WebSite\",\"@id\":\"https:\/\/riverdi.com\/fr#website\",\"url\":\"https:\/\/riverdi.com\/fr\",\"name\":\"Riverdi\",\"description\":\"Global TFT LCD Manufacturer\",\"potentialAction\":[{\"@type\":\"SearchAction\",\"target\":{\"@type\":\"EntryPoint\",\"urlTemplate\":\"https:\/\/riverdi.com\/fr?s={search_term_string}\"},\"query-input\":{\"@type\":\"PropertyValueSpecification\",\"valueRequired\":true,\"valueName\":\"search_term_string\"}}],\"inLanguage\":\"fr-FR\"}]}<\/script>\n<!-- \/ Yoast SEO plugin. -->","yoast_head_json":{"title":"Ecran plug and play 10.1\u2033 TFT LCD 1280x800px, interface USB-C - RVT101HVUNWN00 | Riverdi","description":"Plug and play \u00c9cran 10.1\u2033 TFT LCD r\u00e9solution 1280x800px, lisible en plein soleil 1000cd\/m\u00b2 - interface USB-C, IPS angles de vision complets - mod\u00e8le RVT101HVUNWN00","robots":{"index":"index","follow":"follow","max-snippet":"max-snippet:-1","max-image-preview":"max-image-preview:large","max-video-preview":"max-video-preview:-1"},"canonical":"https:\/\/riverdi.com\/fr\/product\/usb-c-rvt101hvunwn00","og_locale":"fr_FR","og_type":"article","og_title":"Ecran plug and play 10.1\u2033 TFT LCD 1280x800px, interface USB-C - RVT101HVUNWN00 | Riverdi","og_description":"Plug and play \u00c9cran 10.1\u2033 TFT LCD r\u00e9solution 1280x800px, lisible en plein soleil 1000cd\/m\u00b2 - interface USB-C, IPS angles de vision complets - mod\u00e8le RVT101HVUNWN00","og_url":"https:\/\/riverdi.com\/fr\/product\/usb-c-rvt101hvunwn00","og_site_name":"Riverdi","article_publisher":"https:\/\/www.facebook.com\/riverdi.displays\/","article_modified_time":"2025-05-20T07:07:24+00:00","og_image":[{"width":2560,"height":2560,"url":"https:\/\/riverdi.com\/wp-content\/uploads\/2025\/04\/RVT101HVUNWN00-001-1-scaled.webp","type":"image\/webp"}],"twitter_card":"summary_large_image","twitter_site":"@riverdidisplays","twitter_misc":{"Dur\u00e9e de lecture estim\u00e9e":"1 minute"},"schema":{"@context":"https:\/\/schema.org","@graph":[{"@type":"WebPage","@id":"https:\/\/riverdi.com\/fr\/product\/usb-c-rvt101hvunwn00","url":"https:\/\/riverdi.com\/fr\/product\/usb-c-rvt101hvunwn00","name":"Ecran plug and play 10.1\u2033 TFT LCD 1280x800px, interface USB-C - RVT101HVUNWN00 | Riverdi","isPartOf":{"@id":"https:\/\/riverdi.com\/fr#website"},"primaryImageOfPage":{"@id":"https:\/\/riverdi.com\/fr\/product\/usb-c-rvt101hvunwn00#primaryimage"},"image":{"@id":"https:\/\/riverdi.com\/fr\/product\/usb-c-rvt101hvunwn00#primaryimage"},"thumbnailUrl":"https:\/\/riverdi.com\/wp-content\/uploads\/2025\/04\/RVT101HVUNWN00-001-1-scaled.webp","datePublished":"2025-05-20T06:00:52+00:00","dateModified":"2025-05-20T07:07:24+00:00","description":"Plug and play \u00c9cran 10.1\u2033 TFT LCD r\u00e9solution 1280x800px, lisible en plein soleil 1000cd\/m\u00b2 - interface USB-C, IPS angles de vision complets - mod\u00e8le RVT101HVUNWN00","breadcrumb":{"@id":"https:\/\/riverdi.com\/fr\/product\/usb-c-rvt101hvunwn00#breadcrumb"},"inLanguage":"fr-FR","potentialAction":[{"@type":"ReadAction","target":["https:\/\/riverdi.com\/fr\/product\/usb-c-rvt101hvunwn00"]}]},{"@type":"ImageObject","inLanguage":"fr-FR","@id":"https:\/\/riverdi.com\/fr\/product\/usb-c-rvt101hvunwn00#primaryimage","url":"https:\/\/riverdi.com\/wp-content\/uploads\/2025\/04\/RVT101HVUNWN00-001-1-scaled.webp","contentUrl":"https:\/\/riverdi.com\/wp-content\/uploads\/2025\/04\/RVT101HVUNWN00-001-1-scaled.webp","width":2560,"height":2560},{"@type":"BreadcrumbList","@id":"https:\/\/riverdi.com\/fr\/product\/usb-c-rvt101hvunwn00#breadcrumb","itemListElement":[{"@type":"ListItem","position":1,"name":"Front Page","item":"https:\/\/riverdi.com\/fr\/page-daccueil"},{"@type":"ListItem","position":2,"name":"Boutique","item":"https:\/\/riverdi.com\/fr\/boutique-2"},{"@type":"ListItem","position":3,"name":"\u00c9cran plug and play 10.1\u2033 TFT LCD 1280x800px, interface USB-C &#8211; RVT101HVUNWN00"}]},{"@type":"WebSite","@id":"https:\/\/riverdi.com\/fr#website","url":"https:\/\/riverdi.com\/fr","name":"Riverdi","description":"Global TFT LCD Manufacturer","potentialAction":[{"@type":"SearchAction","target":{"@type":"EntryPoint","urlTemplate":"https:\/\/riverdi.com\/fr?s={search_term_string}"},"query-input":{"@type":"PropertyValueSpecification","valueRequired":true,"valueName":"search_term_string"}}],"inLanguage":"fr-FR"}]}},"_links":{"self":[{"href":"https:\/\/riverdi.com\/fr\/wp-json\/wp\/v2\/product\/123458","targetHints":{"allow":["GET"]}}],"collection":[{"href":"https:\/\/riverdi.com\/fr\/wp-json\/wp\/v2\/product"}],"about":[{"href":"https:\/\/riverdi.com\/fr\/wp-json\/wp\/v2\/types\/product"}],"replies":[{"embeddable":true,"href":"https:\/\/riverdi.com\/fr\/wp-json\/wp\/v2\/comments?post=123458"}],"wp:featuredmedia":[{"embeddable":true,"href":"https:\/\/riverdi.com\/fr\/wp-json\/wp\/v2\/media\/123804"}],"wp:attachment":[{"href":"https:\/\/riverdi.com\/fr\/wp-json\/wp\/v2\/media?parent=123458"}],"wp:term":[{"taxonomy":"product_brand","embeddable":true,"href":"https:\/\/riverdi.com\/fr\/wp-json\/wp\/v2\/product_brand?post=123458"},{"taxonomy":"product_cat","embeddable":true,"href":"https:\/\/riverdi.com\/fr\/wp-json\/wp\/v2\/product_cat?post=123458"},{"taxonomy":"product_tag","embeddable":true,"href":"https:\/\/riverdi.com\/fr\/wp-json\/wp\/v2\/product_tag?post=123458"}],"curies":[{"name":"wp","href":"https:\/\/api.w.org\/{rel}","templated":true}]}}