{"id":122626,"date":"2025-01-22T08:51:16","date_gmt":"2025-01-22T07:51:16","guid":{"rendered":"https:\/\/riverdi.com\/?post_type=product&#038;p=122626"},"modified":"2026-01-18T19:59:59","modified_gmt":"2026-01-18T18:59:59","slug":"sbc-rvt70hsdfwn00","status":"publish","type":"product","link":"https:\/\/riverdi.com\/fr\/product\/sbc-rvt70hsdfwn00","title":{"rendered":"\u00c9cran IPS haute luminosit\u00e9 7,0\u2033 TFT LCD 1024x600px, interface MIPI DSI Toradex + \u00c9cran tactile capacitif &#8211; RVT70HSDFWN00"},"content":{"rendered":"<p>n&rsquo;enlevez pas ceci<\/p>\n","protected":false},"excerpt":{"rendered":"<p><strong>Caract\u00e9ristiques principales :<\/strong><\/p>\n<ul>\n<li>\u00c9cran TFT de 7,0 pouces<\/li>\n<li>R\u00e9solution 1024x600px<\/li>\n<li>Haute luminosit\u00e9 1000cd\/m2<\/li>\n<li>Angles de vision complets (IPS)<\/li>\n<li>Interface MIPI DSI<\/li>\n<li>Pont SN65DSI83<\/li>\n<li>Alimentation : 5.0V<\/li>\n<li>Compatible avec les SoM et les cartes porteuses de la famille Toradex Verdin<\/li>\n<li>La meilleure exp\u00e9rience hors de la bo\u00eete<\/li>\n<\/ul>\n<p>En savoir plus sur les <a href=\"https:\/\/riverdi.com\/fr\/solutions-personnalisees\" target=\"_blank\" rel=\"noopener\" data-link-card=\"true\">options de personnalisation de l&rsquo;affichage<\/a><\/p>\n","protected":false},"featured_media":123637,"comment_status":"closed","ping_status":"closed","template":"","meta":{"_acf_changed":false,"content-type":"","inline_featured_image":false},"product_brand":[],"product_cat":[4794,4795,4792,4791,3375,4793,3374,4858,3373,4846],"product_tag":[],"class_list":{"0":"post-122626","1":"product","2":"type-product","3":"status-publish","4":"has-post-thumbnail","6":"product_cat-affichages-mipi-dsi","7":"product_cat-afficheurs-toradex","8":"product_cat-ecran-lcd","9":"product_cat-ecran-tft","10":"product_cat-ecrans-ips-a-haute-luminosite","11":"product_cat-ecrans-lcd-de-7-pouces","12":"product_cat-ecrans-lcd-rvb-lvds-mipi-dsi","13":"product_cat-interface-fr","14":"product_cat-ordinateurs-a-carte-unique","15":"product_cat-tous-les-ecrans","17":"first","18":"instock","19":"taxable","20":"shipping-taxable","21":"purchasable","22":"product-type-simple"},"acf":[],"yoast_head":"<!-- This site is optimized with the Yoast SEO plugin v27.3 - https:\/\/yoast.com\/product\/yoast-seo-wordpress\/ -->\n<title>\u00c9cran IPS haute luminosit\u00e9 7,0\u2033 TFT LCD 1024x600px, interface MIPI DSI Toradex + \u00c9cran tactile capacitif - RVT70HSDFWN00 | Riverdi<\/title>\n<meta name=\"description\" content=\"\u00c9cran IPS haute luminosit\u00e9 7.0\u2033 TFT LCD avec une r\u00e9solution de 1024x600px, offrant une luminosit\u00e9 de 1000cd\/m2 pour une visibilit\u00e9 claire dans divers environnements lumineux. Dot\u00e9 d&#039;angles de vision complets gr\u00e2ce \u00e0 la technologie IPS, l&#039;\u00e9cran comprend un pont SN65DSI83 et fonctionne avec une alimentation de 5,0V. Il est con\u00e7u avec une interface MIPI DSI et est compatible avec les cartes SoM et Carrier Boards de la famille Verdin de Toradex, offrant ainsi la meilleure exp\u00e9rience possible \u2013 mod\u00e8le SM-RVT70HSDFWN00\" \/>\n<meta name=\"robots\" content=\"index, follow, max-snippet:-1, max-image-preview:large, max-video-preview:-1\" \/>\n<link rel=\"canonical\" href=\"https:\/\/riverdi.com\/fr\/product\/sbc-rvt70hsdfwn00\" \/>\n<meta property=\"og:locale\" content=\"fr_FR\" \/>\n<meta property=\"og:type\" content=\"article\" \/>\n<meta property=\"og:title\" content=\"\u00c9cran IPS haute luminosit\u00e9 7,0\u2033 TFT LCD 1024x600px, interface MIPI DSI Toradex + \u00c9cran tactile capacitif - RVT70HSDFWN00 | Riverdi\" \/>\n<meta property=\"og:description\" content=\"\u00c9cran IPS haute luminosit\u00e9 7.0\u2033 TFT LCD avec une r\u00e9solution de 1024x600px, offrant une luminosit\u00e9 de 1000cd\/m2 pour une visibilit\u00e9 claire dans divers environnements lumineux. Dot\u00e9 d&#039;angles de vision complets gr\u00e2ce \u00e0 la technologie IPS, l&#039;\u00e9cran comprend un pont SN65DSI83 et fonctionne avec une alimentation de 5,0V. Il est con\u00e7u avec une interface MIPI DSI et est compatible avec les cartes SoM et Carrier Boards de la famille Verdin de Toradex, offrant ainsi la meilleure exp\u00e9rience possible \u2013 mod\u00e8le SM-RVT70HSDFWN00\" \/>\n<meta property=\"og:url\" content=\"https:\/\/riverdi.com\/fr\/product\/sbc-rvt70hsdfwn00\" \/>\n<meta property=\"og:site_name\" content=\"Riverdi\" \/>\n<meta property=\"article:publisher\" content=\"https:\/\/www.facebook.com\/riverdi.displays\/\" \/>\n<meta property=\"article:modified_time\" content=\"2026-01-18T18:59:59+00:00\" \/>\n<meta property=\"og:image\" content=\"https:\/\/riverdi.com\/wp-content\/uploads\/2025\/01\/RVT70HSDFWN00-front-new-scaled.webp\" \/>\n\t<meta property=\"og:image:width\" content=\"2560\" \/>\n\t<meta property=\"og:image:height\" content=\"2560\" \/>\n\t<meta property=\"og:image:type\" content=\"image\/webp\" \/>\n<meta name=\"twitter:card\" content=\"summary_large_image\" \/>\n<meta name=\"twitter:site\" content=\"@riverdidisplays\" \/>\n<meta name=\"twitter:label1\" content=\"Dur\u00e9e de lecture estim\u00e9e\" \/>\n\t<meta name=\"twitter:data1\" content=\"1 minute\" \/>\n<script type=\"application\/ld+json\" class=\"yoast-schema-graph\">{\"@context\":\"https:\\\/\\\/schema.org\",\"@graph\":[{\"@type\":\"WebPage\",\"@id\":\"https:\\\/\\\/riverdi.com\\\/fr\\\/product\\\/sbc-rvt70hsdfwn00\",\"url\":\"https:\\\/\\\/riverdi.com\\\/fr\\\/product\\\/sbc-rvt70hsdfwn00\",\"name\":\"\u00c9cran IPS haute luminosit\u00e9 7,0\u2033 TFT LCD 1024x600px, interface MIPI DSI Toradex + \u00c9cran tactile capacitif - RVT70HSDFWN00 | Riverdi\",\"isPartOf\":{\"@id\":\"https:\\\/\\\/riverdi.com\\\/fr#website\"},\"primaryImageOfPage\":{\"@id\":\"https:\\\/\\\/riverdi.com\\\/fr\\\/product\\\/sbc-rvt70hsdfwn00#primaryimage\"},\"image\":{\"@id\":\"https:\\\/\\\/riverdi.com\\\/fr\\\/product\\\/sbc-rvt70hsdfwn00#primaryimage\"},\"thumbnailUrl\":\"https:\\\/\\\/riverdi.com\\\/wp-content\\\/uploads\\\/2025\\\/01\\\/RVT70HSDFWN00-front-new-scaled.webp\",\"datePublished\":\"2025-01-22T07:51:16+00:00\",\"dateModified\":\"2026-01-18T18:59:59+00:00\",\"description\":\"\u00c9cran IPS haute luminosit\u00e9 7.0\u2033 TFT LCD avec une r\u00e9solution de 1024x600px, offrant une luminosit\u00e9 de 1000cd\\\/m2 pour une visibilit\u00e9 claire dans divers environnements lumineux. Dot\u00e9 d'angles de vision complets gr\u00e2ce \u00e0 la technologie IPS, l'\u00e9cran comprend un pont SN65DSI83 et fonctionne avec une alimentation de 5,0V. Il est con\u00e7u avec une interface MIPI DSI et est compatible avec les cartes SoM et Carrier Boards de la famille Verdin de Toradex, offrant ainsi la meilleure exp\u00e9rience possible \u2013 mod\u00e8le SM-RVT70HSDFWN00\",\"breadcrumb\":{\"@id\":\"https:\\\/\\\/riverdi.com\\\/fr\\\/product\\\/sbc-rvt70hsdfwn00#breadcrumb\"},\"inLanguage\":\"fr-FR\",\"potentialAction\":[{\"@type\":\"ReadAction\",\"target\":[\"https:\\\/\\\/riverdi.com\\\/fr\\\/product\\\/sbc-rvt70hsdfwn00\"]}]},{\"@type\":\"ImageObject\",\"inLanguage\":\"fr-FR\",\"@id\":\"https:\\\/\\\/riverdi.com\\\/fr\\\/product\\\/sbc-rvt70hsdfwn00#primaryimage\",\"url\":\"https:\\\/\\\/riverdi.com\\\/wp-content\\\/uploads\\\/2025\\\/01\\\/RVT70HSDFWN00-front-new-scaled.webp\",\"contentUrl\":\"https:\\\/\\\/riverdi.com\\\/wp-content\\\/uploads\\\/2025\\\/01\\\/RVT70HSDFWN00-front-new-scaled.webp\",\"width\":2560,\"height\":2560},{\"@type\":\"BreadcrumbList\",\"@id\":\"https:\\\/\\\/riverdi.com\\\/fr\\\/product\\\/sbc-rvt70hsdfwn00#breadcrumb\",\"itemListElement\":[{\"@type\":\"ListItem\",\"position\":1,\"name\":\"Front Page\",\"item\":\"https:\\\/\\\/riverdi.com\\\/fr\\\/page-daccueil\"},{\"@type\":\"ListItem\",\"position\":2,\"name\":\"Boutique\",\"item\":\"https:\\\/\\\/riverdi.com\\\/fr\\\/boutique-2\"},{\"@type\":\"ListItem\",\"position\":3,\"name\":\"\u00c9cran IPS haute luminosit\u00e9 7,0\u2033 TFT LCD 1024x600px, interface MIPI DSI Toradex + \u00c9cran tactile capacitif &#8211; RVT70HSDFWN00\"}]},{\"@type\":\"WebSite\",\"@id\":\"https:\\\/\\\/riverdi.com\\\/fr#website\",\"url\":\"https:\\\/\\\/riverdi.com\\\/fr\",\"name\":\"Riverdi\",\"description\":\"Global TFT LCD Manufacturer\",\"potentialAction\":[{\"@type\":\"SearchAction\",\"target\":{\"@type\":\"EntryPoint\",\"urlTemplate\":\"https:\\\/\\\/riverdi.com\\\/fr?s={search_term_string}\"},\"query-input\":{\"@type\":\"PropertyValueSpecification\",\"valueRequired\":true,\"valueName\":\"search_term_string\"}}],\"inLanguage\":\"fr-FR\"}]}<\/script>\n<!-- \/ Yoast SEO plugin. -->","yoast_head_json":{"title":"\u00c9cran IPS haute luminosit\u00e9 7,0\u2033 TFT LCD 1024x600px, interface MIPI DSI Toradex + \u00c9cran tactile capacitif - RVT70HSDFWN00 | Riverdi","description":"\u00c9cran IPS haute luminosit\u00e9 7.0\u2033 TFT LCD avec une r\u00e9solution de 1024x600px, offrant une luminosit\u00e9 de 1000cd\/m2 pour une visibilit\u00e9 claire dans divers environnements lumineux. Dot\u00e9 d'angles de vision complets gr\u00e2ce \u00e0 la technologie IPS, l'\u00e9cran comprend un pont SN65DSI83 et fonctionne avec une alimentation de 5,0V. Il est con\u00e7u avec une interface MIPI DSI et est compatible avec les cartes SoM et Carrier Boards de la famille Verdin de Toradex, offrant ainsi la meilleure exp\u00e9rience possible \u2013 mod\u00e8le SM-RVT70HSDFWN00","robots":{"index":"index","follow":"follow","max-snippet":"max-snippet:-1","max-image-preview":"max-image-preview:large","max-video-preview":"max-video-preview:-1"},"canonical":"https:\/\/riverdi.com\/fr\/product\/sbc-rvt70hsdfwn00","og_locale":"fr_FR","og_type":"article","og_title":"\u00c9cran IPS haute luminosit\u00e9 7,0\u2033 TFT LCD 1024x600px, interface MIPI DSI Toradex + \u00c9cran tactile capacitif - RVT70HSDFWN00 | Riverdi","og_description":"\u00c9cran IPS haute luminosit\u00e9 7.0\u2033 TFT LCD avec une r\u00e9solution de 1024x600px, offrant une luminosit\u00e9 de 1000cd\/m2 pour une visibilit\u00e9 claire dans divers environnements lumineux. Dot\u00e9 d'angles de vision complets gr\u00e2ce \u00e0 la technologie IPS, l'\u00e9cran comprend un pont SN65DSI83 et fonctionne avec une alimentation de 5,0V. Il est con\u00e7u avec une interface MIPI DSI et est compatible avec les cartes SoM et Carrier Boards de la famille Verdin de Toradex, offrant ainsi la meilleure exp\u00e9rience possible \u2013 mod\u00e8le SM-RVT70HSDFWN00","og_url":"https:\/\/riverdi.com\/fr\/product\/sbc-rvt70hsdfwn00","og_site_name":"Riverdi","article_publisher":"https:\/\/www.facebook.com\/riverdi.displays\/","article_modified_time":"2026-01-18T18:59:59+00:00","og_image":[{"width":2560,"height":2560,"url":"https:\/\/riverdi.com\/wp-content\/uploads\/2025\/01\/RVT70HSDFWN00-front-new-scaled.webp","type":"image\/webp"}],"twitter_card":"summary_large_image","twitter_site":"@riverdidisplays","twitter_misc":{"Dur\u00e9e de lecture estim\u00e9e":"1 minute"},"schema":{"@context":"https:\/\/schema.org","@graph":[{"@type":"WebPage","@id":"https:\/\/riverdi.com\/fr\/product\/sbc-rvt70hsdfwn00","url":"https:\/\/riverdi.com\/fr\/product\/sbc-rvt70hsdfwn00","name":"\u00c9cran IPS haute luminosit\u00e9 7,0\u2033 TFT LCD 1024x600px, interface MIPI DSI Toradex + \u00c9cran tactile capacitif - RVT70HSDFWN00 | Riverdi","isPartOf":{"@id":"https:\/\/riverdi.com\/fr#website"},"primaryImageOfPage":{"@id":"https:\/\/riverdi.com\/fr\/product\/sbc-rvt70hsdfwn00#primaryimage"},"image":{"@id":"https:\/\/riverdi.com\/fr\/product\/sbc-rvt70hsdfwn00#primaryimage"},"thumbnailUrl":"https:\/\/riverdi.com\/wp-content\/uploads\/2025\/01\/RVT70HSDFWN00-front-new-scaled.webp","datePublished":"2025-01-22T07:51:16+00:00","dateModified":"2026-01-18T18:59:59+00:00","description":"\u00c9cran IPS haute luminosit\u00e9 7.0\u2033 TFT LCD avec une r\u00e9solution de 1024x600px, offrant une luminosit\u00e9 de 1000cd\/m2 pour une visibilit\u00e9 claire dans divers environnements lumineux. Dot\u00e9 d'angles de vision complets gr\u00e2ce \u00e0 la technologie IPS, l'\u00e9cran comprend un pont SN65DSI83 et fonctionne avec une alimentation de 5,0V. Il est con\u00e7u avec une interface MIPI DSI et est compatible avec les cartes SoM et Carrier Boards de la famille Verdin de Toradex, offrant ainsi la meilleure exp\u00e9rience possible \u2013 mod\u00e8le SM-RVT70HSDFWN00","breadcrumb":{"@id":"https:\/\/riverdi.com\/fr\/product\/sbc-rvt70hsdfwn00#breadcrumb"},"inLanguage":"fr-FR","potentialAction":[{"@type":"ReadAction","target":["https:\/\/riverdi.com\/fr\/product\/sbc-rvt70hsdfwn00"]}]},{"@type":"ImageObject","inLanguage":"fr-FR","@id":"https:\/\/riverdi.com\/fr\/product\/sbc-rvt70hsdfwn00#primaryimage","url":"https:\/\/riverdi.com\/wp-content\/uploads\/2025\/01\/RVT70HSDFWN00-front-new-scaled.webp","contentUrl":"https:\/\/riverdi.com\/wp-content\/uploads\/2025\/01\/RVT70HSDFWN00-front-new-scaled.webp","width":2560,"height":2560},{"@type":"BreadcrumbList","@id":"https:\/\/riverdi.com\/fr\/product\/sbc-rvt70hsdfwn00#breadcrumb","itemListElement":[{"@type":"ListItem","position":1,"name":"Front Page","item":"https:\/\/riverdi.com\/fr\/page-daccueil"},{"@type":"ListItem","position":2,"name":"Boutique","item":"https:\/\/riverdi.com\/fr\/boutique-2"},{"@type":"ListItem","position":3,"name":"\u00c9cran IPS haute luminosit\u00e9 7,0\u2033 TFT LCD 1024x600px, interface MIPI DSI Toradex + \u00c9cran tactile capacitif &#8211; RVT70HSDFWN00"}]},{"@type":"WebSite","@id":"https:\/\/riverdi.com\/fr#website","url":"https:\/\/riverdi.com\/fr","name":"Riverdi","description":"Global TFT LCD Manufacturer","potentialAction":[{"@type":"SearchAction","target":{"@type":"EntryPoint","urlTemplate":"https:\/\/riverdi.com\/fr?s={search_term_string}"},"query-input":{"@type":"PropertyValueSpecification","valueRequired":true,"valueName":"search_term_string"}}],"inLanguage":"fr-FR"}]}},"_links":{"self":[{"href":"https:\/\/riverdi.com\/fr\/wp-json\/wp\/v2\/product\/122626","targetHints":{"allow":["GET"]}}],"collection":[{"href":"https:\/\/riverdi.com\/fr\/wp-json\/wp\/v2\/product"}],"about":[{"href":"https:\/\/riverdi.com\/fr\/wp-json\/wp\/v2\/types\/product"}],"replies":[{"embeddable":true,"href":"https:\/\/riverdi.com\/fr\/wp-json\/wp\/v2\/comments?post=122626"}],"wp:featuredmedia":[{"embeddable":true,"href":"https:\/\/riverdi.com\/fr\/wp-json\/wp\/v2\/media\/123637"}],"wp:attachment":[{"href":"https:\/\/riverdi.com\/fr\/wp-json\/wp\/v2\/media?parent=122626"}],"wp:term":[{"taxonomy":"product_brand","embeddable":true,"href":"https:\/\/riverdi.com\/fr\/wp-json\/wp\/v2\/product_brand?post=122626"},{"taxonomy":"product_cat","embeddable":true,"href":"https:\/\/riverdi.com\/fr\/wp-json\/wp\/v2\/product_cat?post=122626"},{"taxonomy":"product_tag","embeddable":true,"href":"https:\/\/riverdi.com\/fr\/wp-json\/wp\/v2\/product_tag?post=122626"}],"curies":[{"name":"wp","href":"https:\/\/api.w.org\/{rel}","templated":true}]}}