{"id":122038,"date":"2024-11-26T12:50:45","date_gmt":"2024-11-26T11:50:45","guid":{"rendered":"https:\/\/riverdi.com\/?post_type=product&#038;p=122038"},"modified":"2026-01-18T20:08:02","modified_gmt":"2026-01-18T19:08:02","slug":"rvt35hitnwn00","status":"publish","type":"product","link":"https:\/\/riverdi.com\/fr\/product\/rvt35hitnwn00","title":{"rendered":"\u00c9cran IPS haute luminosit\u00e9 3,5\u2033 TFT LCD 320x480px, interfaces RGB et SPI &#8211; RVT35HITNWN00"},"content":{"rendered":"<h2>Haute luminosit\u00e9, IPS TFT<\/h2>\n<p>La luminance de surface typique d&rsquo;un \u00e9cran TFT IPS \u00e0 haute luminosit\u00e9 est de 1400 cd\/m\u00b2, ce qui signifie qu&rsquo;il est tr\u00e8s lumineux m\u00eame \u00e0 l&rsquo;ext\u00e9rieur. Les angles de vision complets permettent \u00e0 l&rsquo;utilisateur d&rsquo;interagir avec l&rsquo;\u00e9cran de mani\u00e8re naturelle et intuitive de tous les c\u00f4t\u00e9s. Veuillez consulter la fiche technique pour plus de d\u00e9tails.<\/p>\n<p style=\"text-align: center;\"><img decoding=\"async\" class=\"alignnone size-full wp-image-112432\" src=\"https:\/\/riverdi.com\/wp-content\/uploads\/2024\/05\/w768h525.avif\" alt=\"\" width=\"768\" height=\"524\" srcset=\"https:\/\/riverdi.com\/wp-content\/uploads\/2024\/05\/w768h525.avif 768w, https:\/\/riverdi.com\/wp-content\/uploads\/2024\/05\/w768h525-600x409.avif 600w, https:\/\/riverdi.com\/wp-content\/uploads\/2024\/05\/w768h525-64x44.avif 64w, https:\/\/riverdi.com\/wp-content\/uploads\/2024\/05\/w768h525-300x205.avif 300w\" sizes=\"(max-width: 768px) 100vw, 768px\" \/><\/p>\n<h2>Pr\u00e9sentoirs personnalis\u00e9s<\/h2>\n<p>Vous pouvez personnaliser ces affichages de plusieurs fa\u00e7ons :<\/p>\n<ul>\n<li>Modifier la couleur, la forme et la taille du verre de couverture<\/li>\n<li>Faire imprimer votre logo sur la vitre de couverture (ou tout autre graphisme dont vous pourriez avoir besoin)<\/li>\n<li>Ajouter une autre interface<\/li>\n<li>Am\u00e9liorer la luminosit\u00e9 de l&rsquo;\u00e9cran<\/li>\n<li>Modifier l&rsquo;\u00e9paisseur de la lentille de couverture du CTP<\/li>\n<li>Choisir un angle de vue diff\u00e9rent de l&rsquo;\u00e9cran<\/li>\n<li>Modifier le brochage<\/li>\n<li>Demander un autre type de joint<\/li>\n<\/ul>\n<p>&nbsp;<\/p>\n<p>Comme vous pouvez le constater, les possibilit\u00e9s sont infinies.<br \/>\nIl ne vous reste plus qu&rsquo;\u00e0 choisir.<\/p>\n<p>Nous vous aiderons \u00e0 obtenir le produit parfait sur mesure.<\/p>\n<p style=\"text-align: center;\"><img decoding=\"async\" class=\"alignnone size-full wp-image-112476\" src=\"https:\/\/riverdi.com\/wp-content\/uploads\/2024\/05\/w768h564.avif\" alt=\"\" width=\"768\" height=\"564\" srcset=\"https:\/\/riverdi.com\/wp-content\/uploads\/2024\/05\/w768h564.avif 768w, https:\/\/riverdi.com\/wp-content\/uploads\/2024\/05\/w768h564-600x441.avif 600w, https:\/\/riverdi.com\/wp-content\/uploads\/2024\/05\/w768h564-64x47.avif 64w, https:\/\/riverdi.com\/wp-content\/uploads\/2024\/05\/w768h564-300x220.avif 300w\" sizes=\"(max-width: 768px) 100vw, 768px\" \/><\/p>\n","protected":false},"excerpt":{"rendered":"<ul>\n<li>\u00c9cran TFT de 3,5 pouces<\/li>\n<li>R\u00e9solution de 320\u00d7480px<\/li>\n<li>Haute luminosit\u00e9 1400 cd\/m\u00b2<\/li>\n<li>Angles de vision complets (IPS)<\/li>\n<li>Interface vid\u00e9o RVB et SPI<\/li>\n<\/ul>\n","protected":false},"featured_media":122112,"comment_status":"closed","ping_status":"closed","template":"","meta":{"_acf_changed":false,"content-type":"","inline_featured_image":false},"product_brand":[],"product_cat":[4792,4791,3375,4993,4995,4913,4858,4846],"product_tag":[],"class_list":{"0":"post-122038","1":"product","2":"type-product","3":"status-publish","4":"has-post-thumbnail","6":"product_cat-ecran-lcd","7":"product_cat-ecran-tft","8":"product_cat-ecrans-ips-a-haute-luminosite","9":"product_cat-ecrans-lcd-35-pouces","10":"product_cat-ecrans-rgb","11":"product_cat-affichages-spi-qspi","12":"product_cat-interface-fr","13":"product_cat-tous-les-ecrans","15":"first","16":"instock","17":"taxable","18":"shipping-taxable","19":"purchasable","20":"product-type-simple"},"acf":[],"yoast_head":"<!-- This site is optimized with the Yoast SEO plugin v27.0 - https:\/\/yoast.com\/product\/yoast-seo-wordpress\/ -->\n<title>\u00c9cran IPS haute luminosit\u00e9 3,5\u2033 TFT LCD 320x480px, interfaces RGB et SPI - RVT35HITNWN00 | Riverdi<\/title>\n<meta name=\"description\" content=\"\u00c9cran IPS haute luminosit\u00e9 7,0\u2033 TFT LCD avec r\u00e9solution 1024x600px, luminosit\u00e9 1000 cd\/m\u00b2 pour une excellente visibilit\u00e9. Inclut le pont SN65DSI83, une alimentation 5,0 V et une interface MIPI DSI ; compatible avec les SoMs et Carrier Boards Toradex Verdin pour une exp\u00e9rience \u00ab out-of-the-box \u00bb \u2013 mod\u00e8le SM-RVT70HSDNWN00\" \/>\n<meta name=\"robots\" content=\"index, follow, max-snippet:-1, max-image-preview:large, max-video-preview:-1\" \/>\n<link rel=\"canonical\" href=\"https:\/\/riverdi.com\/fr\/product\/rvt35hitnwn00\" \/>\n<meta property=\"og:locale\" content=\"fr_FR\" \/>\n<meta property=\"og:type\" content=\"article\" \/>\n<meta property=\"og:title\" content=\"\u00c9cran IPS haute luminosit\u00e9 3,5\u2033 TFT LCD 320x480px, interfaces RGB et SPI - RVT35HITNWN00 | Riverdi\" \/>\n<meta property=\"og:description\" content=\"\u00c9cran IPS haute luminosit\u00e9 7,0\u2033 TFT LCD avec r\u00e9solution 1024x600px, luminosit\u00e9 1000 cd\/m\u00b2 pour une excellente visibilit\u00e9. Inclut le pont SN65DSI83, une alimentation 5,0 V et une interface MIPI DSI ; compatible avec les SoMs et Carrier Boards Toradex Verdin pour une exp\u00e9rience \u00ab out-of-the-box \u00bb \u2013 mod\u00e8le SM-RVT70HSDNWN00\" \/>\n<meta property=\"og:url\" content=\"https:\/\/riverdi.com\/fr\/product\/rvt35hitnwn00\" \/>\n<meta property=\"og:site_name\" content=\"Riverdi\" \/>\n<meta property=\"article:publisher\" content=\"https:\/\/www.facebook.com\/riverdi.displays\/\" \/>\n<meta property=\"article:modified_time\" content=\"2026-01-18T19:08:02+00:00\" \/>\n<meta property=\"og:image\" content=\"https:\/\/riverdi.com\/wp-content\/uploads\/2024\/11\/RVT35HITNWN00-front-1.webp\" \/>\n\t<meta property=\"og:image:width\" content=\"1200\" \/>\n\t<meta property=\"og:image:height\" content=\"1200\" \/>\n\t<meta property=\"og:image:type\" content=\"image\/webp\" \/>\n<meta name=\"twitter:card\" content=\"summary_large_image\" \/>\n<meta name=\"twitter:site\" content=\"@riverdidisplays\" \/>\n<meta name=\"twitter:label1\" content=\"Dur\u00e9e de lecture estim\u00e9e\" \/>\n\t<meta name=\"twitter:data1\" content=\"2 minutes\" \/>\n<script type=\"application\/ld+json\" class=\"yoast-schema-graph\">{\"@context\":\"https:\/\/schema.org\",\"@graph\":[{\"@type\":\"WebPage\",\"@id\":\"https:\/\/riverdi.com\/fr\/product\/rvt35hitnwn00\",\"url\":\"https:\/\/riverdi.com\/fr\/product\/rvt35hitnwn00\",\"name\":\"\u00c9cran IPS haute luminosit\u00e9 3,5\u2033 TFT LCD 320x480px, interfaces RGB et SPI - RVT35HITNWN00 | Riverdi\",\"isPartOf\":{\"@id\":\"https:\/\/riverdi.com\/fr#website\"},\"primaryImageOfPage\":{\"@id\":\"https:\/\/riverdi.com\/fr\/product\/rvt35hitnwn00#primaryimage\"},\"image\":{\"@id\":\"https:\/\/riverdi.com\/fr\/product\/rvt35hitnwn00#primaryimage\"},\"thumbnailUrl\":\"https:\/\/riverdi.com\/wp-content\/uploads\/2024\/11\/RVT35HITNWN00-front-1.webp\",\"datePublished\":\"2024-11-26T11:50:45+00:00\",\"dateModified\":\"2026-01-18T19:08:02+00:00\",\"description\":\"\u00c9cran IPS haute luminosit\u00e9 7,0\u2033 TFT LCD avec r\u00e9solution 1024x600px, luminosit\u00e9 1000 cd\/m\u00b2 pour une excellente visibilit\u00e9. Inclut le pont SN65DSI83, une alimentation 5,0 V et une interface MIPI DSI ; compatible avec les SoMs et Carrier Boards Toradex Verdin pour une exp\u00e9rience \u00ab out-of-the-box \u00bb \u2013 mod\u00e8le SM-RVT70HSDNWN00\",\"breadcrumb\":{\"@id\":\"https:\/\/riverdi.com\/fr\/product\/rvt35hitnwn00#breadcrumb\"},\"inLanguage\":\"fr-FR\",\"potentialAction\":[{\"@type\":\"ReadAction\",\"target\":[\"https:\/\/riverdi.com\/fr\/product\/rvt35hitnwn00\"]}]},{\"@type\":\"ImageObject\",\"inLanguage\":\"fr-FR\",\"@id\":\"https:\/\/riverdi.com\/fr\/product\/rvt35hitnwn00#primaryimage\",\"url\":\"https:\/\/riverdi.com\/wp-content\/uploads\/2024\/11\/RVT35HITNWN00-front-1.webp\",\"contentUrl\":\"https:\/\/riverdi.com\/wp-content\/uploads\/2024\/11\/RVT35HITNWN00-front-1.webp\",\"width\":1200,\"height\":1200},{\"@type\":\"BreadcrumbList\",\"@id\":\"https:\/\/riverdi.com\/fr\/product\/rvt35hitnwn00#breadcrumb\",\"itemListElement\":[{\"@type\":\"ListItem\",\"position\":1,\"name\":\"Front Page\",\"item\":\"https:\/\/riverdi.com\/fr\/page-daccueil\"},{\"@type\":\"ListItem\",\"position\":2,\"name\":\"Boutique\",\"item\":\"https:\/\/riverdi.com\/fr\/boutique-2\"},{\"@type\":\"ListItem\",\"position\":3,\"name\":\"\u00c9cran IPS haute luminosit\u00e9 3,5\u2033 TFT LCD 320x480px, interfaces RGB et SPI &#8211; RVT35HITNWN00\"}]},{\"@type\":\"WebSite\",\"@id\":\"https:\/\/riverdi.com\/fr#website\",\"url\":\"https:\/\/riverdi.com\/fr\",\"name\":\"Riverdi\",\"description\":\"Global TFT LCD Manufacturer\",\"potentialAction\":[{\"@type\":\"SearchAction\",\"target\":{\"@type\":\"EntryPoint\",\"urlTemplate\":\"https:\/\/riverdi.com\/fr?s={search_term_string}\"},\"query-input\":{\"@type\":\"PropertyValueSpecification\",\"valueRequired\":true,\"valueName\":\"search_term_string\"}}],\"inLanguage\":\"fr-FR\"}]}<\/script>\n<!-- \/ Yoast SEO plugin. -->","yoast_head_json":{"title":"\u00c9cran IPS haute luminosit\u00e9 3,5\u2033 TFT LCD 320x480px, interfaces RGB et SPI - RVT35HITNWN00 | Riverdi","description":"\u00c9cran IPS haute luminosit\u00e9 7,0\u2033 TFT LCD avec r\u00e9solution 1024x600px, luminosit\u00e9 1000 cd\/m\u00b2 pour une excellente visibilit\u00e9. Inclut le pont SN65DSI83, une alimentation 5,0 V et une interface MIPI DSI ; compatible avec les SoMs et Carrier Boards Toradex Verdin pour une exp\u00e9rience \u00ab out-of-the-box \u00bb \u2013 mod\u00e8le SM-RVT70HSDNWN00","robots":{"index":"index","follow":"follow","max-snippet":"max-snippet:-1","max-image-preview":"max-image-preview:large","max-video-preview":"max-video-preview:-1"},"canonical":"https:\/\/riverdi.com\/fr\/product\/rvt35hitnwn00","og_locale":"fr_FR","og_type":"article","og_title":"\u00c9cran IPS haute luminosit\u00e9 3,5\u2033 TFT LCD 320x480px, interfaces RGB et SPI - RVT35HITNWN00 | Riverdi","og_description":"\u00c9cran IPS haute luminosit\u00e9 7,0\u2033 TFT LCD avec r\u00e9solution 1024x600px, luminosit\u00e9 1000 cd\/m\u00b2 pour une excellente visibilit\u00e9. Inclut le pont SN65DSI83, une alimentation 5,0 V et une interface MIPI DSI ; compatible avec les SoMs et Carrier Boards Toradex Verdin pour une exp\u00e9rience \u00ab out-of-the-box \u00bb \u2013 mod\u00e8le SM-RVT70HSDNWN00","og_url":"https:\/\/riverdi.com\/fr\/product\/rvt35hitnwn00","og_site_name":"Riverdi","article_publisher":"https:\/\/www.facebook.com\/riverdi.displays\/","article_modified_time":"2026-01-18T19:08:02+00:00","og_image":[{"width":1200,"height":1200,"url":"https:\/\/riverdi.com\/wp-content\/uploads\/2024\/11\/RVT35HITNWN00-front-1.webp","type":"image\/webp"}],"twitter_card":"summary_large_image","twitter_site":"@riverdidisplays","twitter_misc":{"Dur\u00e9e de lecture estim\u00e9e":"2 minutes"},"schema":{"@context":"https:\/\/schema.org","@graph":[{"@type":"WebPage","@id":"https:\/\/riverdi.com\/fr\/product\/rvt35hitnwn00","url":"https:\/\/riverdi.com\/fr\/product\/rvt35hitnwn00","name":"\u00c9cran IPS haute luminosit\u00e9 3,5\u2033 TFT LCD 320x480px, interfaces RGB et SPI - RVT35HITNWN00 | Riverdi","isPartOf":{"@id":"https:\/\/riverdi.com\/fr#website"},"primaryImageOfPage":{"@id":"https:\/\/riverdi.com\/fr\/product\/rvt35hitnwn00#primaryimage"},"image":{"@id":"https:\/\/riverdi.com\/fr\/product\/rvt35hitnwn00#primaryimage"},"thumbnailUrl":"https:\/\/riverdi.com\/wp-content\/uploads\/2024\/11\/RVT35HITNWN00-front-1.webp","datePublished":"2024-11-26T11:50:45+00:00","dateModified":"2026-01-18T19:08:02+00:00","description":"\u00c9cran IPS haute luminosit\u00e9 7,0\u2033 TFT LCD avec r\u00e9solution 1024x600px, luminosit\u00e9 1000 cd\/m\u00b2 pour une excellente visibilit\u00e9. Inclut le pont SN65DSI83, une alimentation 5,0 V et une interface MIPI DSI ; compatible avec les SoMs et Carrier Boards Toradex Verdin pour une exp\u00e9rience \u00ab out-of-the-box \u00bb \u2013 mod\u00e8le SM-RVT70HSDNWN00","breadcrumb":{"@id":"https:\/\/riverdi.com\/fr\/product\/rvt35hitnwn00#breadcrumb"},"inLanguage":"fr-FR","potentialAction":[{"@type":"ReadAction","target":["https:\/\/riverdi.com\/fr\/product\/rvt35hitnwn00"]}]},{"@type":"ImageObject","inLanguage":"fr-FR","@id":"https:\/\/riverdi.com\/fr\/product\/rvt35hitnwn00#primaryimage","url":"https:\/\/riverdi.com\/wp-content\/uploads\/2024\/11\/RVT35HITNWN00-front-1.webp","contentUrl":"https:\/\/riverdi.com\/wp-content\/uploads\/2024\/11\/RVT35HITNWN00-front-1.webp","width":1200,"height":1200},{"@type":"BreadcrumbList","@id":"https:\/\/riverdi.com\/fr\/product\/rvt35hitnwn00#breadcrumb","itemListElement":[{"@type":"ListItem","position":1,"name":"Front Page","item":"https:\/\/riverdi.com\/fr\/page-daccueil"},{"@type":"ListItem","position":2,"name":"Boutique","item":"https:\/\/riverdi.com\/fr\/boutique-2"},{"@type":"ListItem","position":3,"name":"\u00c9cran IPS haute luminosit\u00e9 3,5\u2033 TFT LCD 320x480px, interfaces RGB et SPI &#8211; RVT35HITNWN00"}]},{"@type":"WebSite","@id":"https:\/\/riverdi.com\/fr#website","url":"https:\/\/riverdi.com\/fr","name":"Riverdi","description":"Global TFT LCD Manufacturer","potentialAction":[{"@type":"SearchAction","target":{"@type":"EntryPoint","urlTemplate":"https:\/\/riverdi.com\/fr?s={search_term_string}"},"query-input":{"@type":"PropertyValueSpecification","valueRequired":true,"valueName":"search_term_string"}}],"inLanguage":"fr-FR"}]}},"_links":{"self":[{"href":"https:\/\/riverdi.com\/fr\/wp-json\/wp\/v2\/product\/122038","targetHints":{"allow":["GET"]}}],"collection":[{"href":"https:\/\/riverdi.com\/fr\/wp-json\/wp\/v2\/product"}],"about":[{"href":"https:\/\/riverdi.com\/fr\/wp-json\/wp\/v2\/types\/product"}],"replies":[{"embeddable":true,"href":"https:\/\/riverdi.com\/fr\/wp-json\/wp\/v2\/comments?post=122038"}],"wp:featuredmedia":[{"embeddable":true,"href":"https:\/\/riverdi.com\/fr\/wp-json\/wp\/v2\/media\/122112"}],"wp:attachment":[{"href":"https:\/\/riverdi.com\/fr\/wp-json\/wp\/v2\/media?parent=122038"}],"wp:term":[{"taxonomy":"product_brand","embeddable":true,"href":"https:\/\/riverdi.com\/fr\/wp-json\/wp\/v2\/product_brand?post=122038"},{"taxonomy":"product_cat","embeddable":true,"href":"https:\/\/riverdi.com\/fr\/wp-json\/wp\/v2\/product_cat?post=122038"},{"taxonomy":"product_tag","embeddable":true,"href":"https:\/\/riverdi.com\/fr\/wp-json\/wp\/v2\/product_tag?post=122038"}],"curies":[{"name":"wp","href":"https:\/\/api.w.org\/{rel}","templated":true}]}}