{"id":122005,"date":"2024-11-19T13:45:50","date_gmt":"2024-11-19T12:45:50","guid":{"rendered":"https:\/\/riverdi.com\/?post_type=product&#038;p=122005"},"modified":"2026-01-18T20:08:45","modified_gmt":"2026-01-18T19:08:45","slug":"rvt35hitnwc00-b","status":"publish","type":"product","link":"https:\/\/riverdi.com\/fr\/product\/rvt35hitnwc00-b","title":{"rendered":"\u00c9cran IPS haute luminosit\u00e9 3,5\u2033 TFT LCD 320x480px, interfaces RGB et SPI + \u00c9cran tactile capacitif &#8211; RVT35HITNWC00-B | Riverdi\u00c9cran IPS haute luminosit\u00e9 3,5\u2033 TFT LCD 320x480px, interfaces RGB et SPI + \u00c9cran tactile capacitif &#8211; RVT35HITNWC00-B"},"content":{"rendered":"<h2>Haute luminosit\u00e9, IPS TFT<\/h2>\n<p>La luminance de surface typique d&rsquo;un \u00e9cran TFT IPS \u00e0 haute luminosit\u00e9 est de 1200 cd\/m\u00b2, ce qui signifie qu&rsquo;il est tr\u00e8s lumineux m\u00eame \u00e0 l&rsquo;ext\u00e9rieur. Les angles de vision complets permettent \u00e0 l&rsquo;utilisateur d&rsquo;interagir avec l&rsquo;\u00e9cran de mani\u00e8re naturelle et intuitive de tous les c\u00f4t\u00e9s. Veuillez consulter la fiche technique pour plus de d\u00e9tails.<\/p>\n<p style=\"text-align: center;\"><img decoding=\"async\" class=\"alignnone size-full wp-image-112432\" src=\"https:\/\/riverdi.com\/wp-content\/uploads\/2024\/05\/w768h525.avif\" alt=\"\" width=\"768\" height=\"524\" srcset=\"https:\/\/riverdi.com\/wp-content\/uploads\/2024\/05\/w768h525.avif 768w, https:\/\/riverdi.com\/wp-content\/uploads\/2024\/05\/w768h525-600x409.avif 600w, https:\/\/riverdi.com\/wp-content\/uploads\/2024\/05\/w768h525-64x44.avif 64w, https:\/\/riverdi.com\/wp-content\/uploads\/2024\/05\/w768h525-300x205.avif 300w\" sizes=\"(max-width: 768px) 100vw, 768px\" \/><\/p>\n<h2>\u00c9cran tactile industriel<\/h2>\n<h4>R\u00e9agit au moindre contact<\/h4>\n<p>L&rsquo;\u00e9cran tactile \u00e0 capacit\u00e9 projet\u00e9e (PCAP) est class\u00e9 comme \u00ab\u00a0industriel\u00a0\u00bb (par opposition \u00e0 \u00ab\u00a0grand public\u00a0\u00bb) lorsqu&rsquo;il est capable de fonctionner correctement dans des conditions plus exigeantes et difficiles (champs \u00e9lectromagn\u00e9tiques perturbateurs provoquant des interf\u00e9rences avec le contr\u00f4leur de l&rsquo;\u00e9cran, gouttelettes d&rsquo;eau pr\u00e9sentes dans la zone environnante et sur le verre de l&rsquo;\u00e9cran) et de r\u00e9agir correctement lorsqu&rsquo;il est touch\u00e9 par des mains munies de gants. Il peut \u00eatre r\u00e9gl\u00e9 en usine, d\u00e9tecter le toucher \u00e0 travers des couches de verre plus \u00e9paisses que les panneaux grand public (une couche de verre de 6 mm d&rsquo;\u00e9paisseur a \u00e9t\u00e9 test\u00e9e avec succ\u00e8s dans le laboratoire de Riverdi) et il utilise un contr\u00f4leur de puce de qualit\u00e9 industrielle. Ces contr\u00f4leurs sont conformes aux directives du fabricant industriel et sont garantis pour une dur\u00e9e de vie de 10 \u00e0 15 ans sans aucune modification.<\/p>\n<p>Caract\u00e9ristiques principales :<\/p>\n<ul>\n<li>ILITEK ILI2130 Touch IC<\/li>\n<li>Interface I\u00b2C<\/li>\n<li>Prise en charge d&rsquo;une \u00e9paisseur de verre allant jusqu&rsquo;\u00e0 6 mm<\/li>\n<li>Travailler avec des mains gant\u00e9es<\/li>\n<li>Fonctionnalit\u00e9 tactile r\u00e9sistante \u00e0 l&rsquo;eau<\/li>\n<li>Possibilit\u00e9 de toucher jusqu&rsquo;\u00e0 5 doigts<\/li>\n<li>Excellentes performances CEM, RS (susceptibilit\u00e9 rayonn\u00e9e) et CS (susceptibilit\u00e9 conductive)<\/li>\n<li>Les performances tactiles peuvent \u00eatre facilement ajust\u00e9es pour r\u00e9pondre \u00e0 des besoins sp\u00e9cifiques.<\/li>\n<\/ul>\n<p>&nbsp;<\/p>\n<p>Pour plus d&rsquo;informations, veuillez consulter cette page.<\/p>\n<p style=\"text-align: center;\"><img decoding=\"async\" class=\"alignnone size-full wp-image-112461\" src=\"https:\/\/riverdi.com\/wp-content\/uploads\/2024\/05\/w600h971.avif\" alt=\"\" width=\"600\" height=\"970\" srcset=\"https:\/\/riverdi.com\/wp-content\/uploads\/2024\/05\/w600h971.avif 600w, https:\/\/riverdi.com\/wp-content\/uploads\/2024\/05\/w600h971-64x103.avif 64w, https:\/\/riverdi.com\/wp-content\/uploads\/2024\/05\/w600h971-186x300.avif 186w\" sizes=\"(max-width: 600px) 100vw, 600px\" \/><\/p>\n<h2>Collage optique<\/h2>\n<h4>Am\u00e9liorer les performances optiques de votre \u00e9cran<\/h4>\n<p>Le <strong>collage optique<\/strong> est un processus qui consiste \u00e0 fixer l&rsquo;\u00e9cran tactile (ou simplement le verre de protection) \u00e0 l&rsquo;\u00e9cran \u00e0 l&rsquo;aide d&rsquo;un adh\u00e9sif liquide, d&rsquo;un gel ou d&rsquo;un film sec. En g\u00e9n\u00e9ral, ce processus am\u00e9liore les param\u00e8tres du module &#8211; la performance optique, ainsi que la durabilit\u00e9.<\/p>\n<p>L&rsquo;<strong>entrefer<\/strong> est \u00e0 l&rsquo;origine du ph\u00e9nom\u00e8ne de r\u00e9flexion de la lumi\u00e8re du soleil. Ainsi, lorsque l&rsquo;\u00e9cran est \u00e9teint, la zone visuelle (V.A) n&rsquo;est jamais noire &#8211; elle est grise.<\/p>\n<p>En supprimant les espaces d&rsquo;air, nous r\u00e9duisons le nombre de surfaces r\u00e9fl\u00e9chissantes internes, ce qui augmente les performances optiques. Ce ph\u00e9nom\u00e8ne am\u00e9liore la lisibilit\u00e9, en r\u00e9duisant les reflets et en corrigeant le contraste.<\/p>\n<p style=\"text-align: center;\"><img decoding=\"async\" class=\"alignnone size-full wp-image-112437\" src=\"https:\/\/riverdi.com\/wp-content\/uploads\/2024\/05\/w768h417.avif\" alt=\"\" width=\"768\" height=\"417\" srcset=\"https:\/\/riverdi.com\/wp-content\/uploads\/2024\/05\/w768h417.avif 768w, https:\/\/riverdi.com\/wp-content\/uploads\/2024\/05\/w768h417-600x326.avif 600w, https:\/\/riverdi.com\/wp-content\/uploads\/2024\/05\/w768h417-64x35.avif 64w, https:\/\/riverdi.com\/wp-content\/uploads\/2024\/05\/w768h417-300x163.avif 300w\" sizes=\"(max-width: 768px) 100vw, 768px\" \/><\/p>\n<p style=\"text-align: center;\"><img decoding=\"async\" class=\"alignnone size-full wp-image-112442\" src=\"https:\/\/riverdi.com\/wp-content\/uploads\/2024\/05\/w768h521.avif\" alt=\"\" width=\"768\" height=\"521\" srcset=\"https:\/\/riverdi.com\/wp-content\/uploads\/2024\/05\/w768h521.avif 768w, https:\/\/riverdi.com\/wp-content\/uploads\/2024\/05\/w768h521-600x407.avif 600w, https:\/\/riverdi.com\/wp-content\/uploads\/2024\/05\/w768h521-64x43.avif 64w, https:\/\/riverdi.com\/wp-content\/uploads\/2024\/05\/w768h521-300x204.avif 300w\" sizes=\"(max-width: 768px) 100vw, 768px\" \/><\/p>\n<h4>Conception \u00e9l\u00e9gante sans aucun trou dans le bo\u00eetier<\/h4>\n<p>Un \u00e9cran uxTouch est un \u00e9cran LCD TFT sp\u00e9cialement con\u00e7u, dot\u00e9 d&rsquo;une technologie tactile capacitive projet\u00e9e (PTC). Gr\u00e2ce \u00e0 leur design absolument plat et \u00e0 leur fonction multi-touch, ils sont le choix id\u00e9al pour votre projet si vous avez l&rsquo;intention d&rsquo;avoir un design et une technologie interactifs.<\/p>\n<p>Ils pr\u00e9sentent un design moderne et \u00e9l\u00e9gant, sans aucun trou dans le bo\u00eetier.<\/p>\n<p>D&rsquo;un point de vue technique, ils constituent une excellente option pour les espaces industriels, car il n&rsquo;y a pas d&rsquo;accumulation possible de salet\u00e9s. Ils sont \u00e9galement dot\u00e9s d&rsquo;un verre renforc\u00e9 chimiquement, dont la durabilit\u00e9 est accrue gr\u00e2ce au processus d&rsquo;\u00e9change d&rsquo;ions. Ils sont faciles \u00e0 assembler, \u00e0 nettoyer et \u00e0 int\u00e9grer dans votre design.<\/p>\n<p style=\"text-align: center;\"><img decoding=\"async\" class=\"alignnone size-full wp-image-112466\" src=\"https:\/\/riverdi.com\/wp-content\/uploads\/2024\/05\/w600h358.avif\" alt=\"\" width=\"600\" height=\"358\" srcset=\"https:\/\/riverdi.com\/wp-content\/uploads\/2024\/05\/w600h358.avif 600w, https:\/\/riverdi.com\/wp-content\/uploads\/2024\/05\/w600h358-64x38.avif 64w, https:\/\/riverdi.com\/wp-content\/uploads\/2024\/05\/w600h358-300x179.avif 300w\" sizes=\"(max-width: 600px) 100vw, 600px\" \/><\/p>\n<h2>Pr\u00e9sentoirs personnalis\u00e9s<\/h2>\n<p>Vous pouvez personnaliser ces affichages de plusieurs fa\u00e7ons :<\/p>\n<ul>\n<li>Modifier la couleur, la forme et la taille du verre de couverture<\/li>\n<li>Faire imprimer votre logo sur la vitre de couverture (ou tout autre graphisme dont vous pourriez avoir besoin)<\/li>\n<li>Ajouter une autre interface<\/li>\n<li>Am\u00e9liorer la luminosit\u00e9 de l&rsquo;\u00e9cran<\/li>\n<li>Modifier l&rsquo;\u00e9paisseur de la lentille de couverture du CTP<\/li>\n<li>Choisir un angle de vue diff\u00e9rent de l&rsquo;\u00e9cran<\/li>\n<li>Modifier le brochage<\/li>\n<li>Demander un autre type de joint<\/li>\n<\/ul>\n<p>&nbsp;<\/p>\n<p>Comme vous pouvez le constater, les possibilit\u00e9s sont infinies.<br \/>\nIl ne vous reste plus qu&rsquo;\u00e0 choisir.<\/p>\n<p>Nous vous aiderons \u00e0 obtenir le produit parfait sur mesure.<\/p>\n<p style=\"text-align: center;\"><img decoding=\"async\" class=\"alignnone size-full wp-image-112476\" src=\"https:\/\/riverdi.com\/wp-content\/uploads\/2024\/05\/w768h564.avif\" alt=\"\" width=\"768\" height=\"564\" srcset=\"https:\/\/riverdi.com\/wp-content\/uploads\/2024\/05\/w768h564.avif 768w, https:\/\/riverdi.com\/wp-content\/uploads\/2024\/05\/w768h564-600x441.avif 600w, https:\/\/riverdi.com\/wp-content\/uploads\/2024\/05\/w768h564-64x47.avif 64w, https:\/\/riverdi.com\/wp-content\/uploads\/2024\/05\/w768h564-300x220.avif 300w\" sizes=\"(max-width: 768px) 100vw, 768px\" \/><\/p>\n","protected":false},"excerpt":{"rendered":"<ul>\n<li style=\"font-weight: 400;\">\u00c9cran TFT de 3,5 pouces<\/li>\n<li style=\"font-weight: 400;\">R\u00e9solution de 320\u00d7480px<\/li>\n<li style=\"font-weight: 400;\">Haute luminosit\u00e9 1200 cd\/m\u00b2<\/li>\n<li style=\"font-weight: 400;\">Angles de vision complets (IPS)<\/li>\n<li style=\"font-weight: 400;\">Liaison optique<\/li>\n<li style=\"font-weight: 400;\">Interface vid\u00e9o RVB et SPI<\/li>\n<li style=\"font-weight: 400;\">Panneau tactile industriel PCAP avec interface I2C<\/li>\n<li style=\"font-weight: 400;\">Verre de couverture d\u00e9coratif noir<\/li>\n<li><span data-contrast=\"auto\">Cet \u00e9cran est \u00e9galement disponible sous la forme d&rsquo;un <a href=\"https:\/\/riverdi.com\/fr\/product\/035-nucleo-144\">kit d&rsquo;affichage STM32 Nucleo 64.<\/a><\/span><\/li>\n<\/ul>\n","protected":false},"featured_media":121975,"comment_status":"closed","ping_status":"closed","template":"","meta":{"_acf_changed":false,"content-type":"","inline_featured_image":false},"product_brand":[],"product_cat":[4792,4791,3375,4993,4995,4913,4807,4808,4858,4846],"product_tag":[],"class_list":{"0":"post-122005","1":"product","2":"type-product","3":"status-publish","4":"has-post-thumbnail","6":"product_cat-ecran-lcd","7":"product_cat-ecran-tft","8":"product_cat-ecrans-ips-a-haute-luminosite","9":"product_cat-ecrans-lcd-35-pouces","10":"product_cat-ecrans-rgb","11":"product_cat-affichages-spi-qspi","12":"product_cat-ecrans-tactiles","13":"product_cat-ecrans-tactiles-capacitifs","14":"product_cat-interface-fr","15":"product_cat-tous-les-ecrans","17":"first","18":"instock","19":"taxable","20":"shipping-taxable","21":"purchasable","22":"product-type-simple"},"acf":[],"yoast_head":"<!-- This site is optimized with the Yoast SEO plugin v27.0 - https:\/\/yoast.com\/product\/yoast-seo-wordpress\/ -->\n<title>\u00c9cran IPS haute luminosit\u00e9 3,5\u2033 TFT LCD 320x480px, interfaces RGB et SPI + \u00c9cran tactile capacitif - RVT35HITNWC00-B | Riverdi<\/title>\n<meta name=\"description\" content=\"\u00c9cran IPS haute luminosit\u00e9 3,5\u2033 TFT LCD avec r\u00e9solution 320x480px, lisible en plein soleil avec 1200 cd\/m\u00b2 et Collage optique. Interfaces vid\u00e9o RGB et SPI, angles de vision IPS complets \u2013 mod\u00e8le SM-RVT35HITNWC00-B\" \/>\n<meta name=\"robots\" content=\"index, follow, max-snippet:-1, max-image-preview:large, max-video-preview:-1\" \/>\n<link rel=\"canonical\" href=\"https:\/\/riverdi.com\/fr\/product\/rvt35hitnwc00-b\" \/>\n<meta property=\"og:locale\" content=\"fr_FR\" \/>\n<meta property=\"og:type\" content=\"article\" \/>\n<meta property=\"og:title\" content=\"\u00c9cran IPS haute luminosit\u00e9 3,5\u2033 TFT LCD 320x480px, interfaces RGB et SPI + \u00c9cran tactile capacitif - RVT35HITNWC00-B | Riverdi\" \/>\n<meta property=\"og:description\" content=\"\u00c9cran IPS haute luminosit\u00e9 3,5\u2033 TFT LCD avec r\u00e9solution 320x480px, lisible en plein soleil avec 1200 cd\/m\u00b2 et Collage optique. Interfaces vid\u00e9o RGB et SPI, angles de vision IPS complets \u2013 mod\u00e8le SM-RVT35HITNWC00-B\" \/>\n<meta property=\"og:url\" content=\"https:\/\/riverdi.com\/fr\/product\/rvt35hitnwc00-b\" \/>\n<meta property=\"og:site_name\" content=\"Riverdi\" \/>\n<meta property=\"article:publisher\" content=\"https:\/\/www.facebook.com\/riverdi.displays\/\" \/>\n<meta property=\"article:modified_time\" content=\"2026-01-18T19:08:45+00:00\" \/>\n<meta property=\"og:image\" content=\"https:\/\/riverdi.com\/wp-content\/uploads\/2024\/11\/nucleo3.5-front.webp\" \/>\n\t<meta property=\"og:image:width\" content=\"1200\" \/>\n\t<meta property=\"og:image:height\" content=\"1200\" \/>\n\t<meta property=\"og:image:type\" content=\"image\/webp\" \/>\n<meta name=\"twitter:card\" content=\"summary_large_image\" \/>\n<meta name=\"twitter:site\" content=\"@riverdidisplays\" \/>\n<meta name=\"twitter:label1\" content=\"Dur\u00e9e de lecture estim\u00e9e\" \/>\n\t<meta name=\"twitter:data1\" content=\"5 minutes\" \/>\n<script type=\"application\/ld+json\" class=\"yoast-schema-graph\">{\"@context\":\"https:\/\/schema.org\",\"@graph\":[{\"@type\":\"WebPage\",\"@id\":\"https:\/\/riverdi.com\/fr\/product\/rvt35hitnwc00-b\",\"url\":\"https:\/\/riverdi.com\/fr\/product\/rvt35hitnwc00-b\",\"name\":\"\u00c9cran IPS haute luminosit\u00e9 3,5\u2033 TFT LCD 320x480px, interfaces RGB et SPI + \u00c9cran tactile capacitif - RVT35HITNWC00-B | Riverdi\",\"isPartOf\":{\"@id\":\"https:\/\/riverdi.com\/fr#website\"},\"primaryImageOfPage\":{\"@id\":\"https:\/\/riverdi.com\/fr\/product\/rvt35hitnwc00-b#primaryimage\"},\"image\":{\"@id\":\"https:\/\/riverdi.com\/fr\/product\/rvt35hitnwc00-b#primaryimage\"},\"thumbnailUrl\":\"https:\/\/riverdi.com\/wp-content\/uploads\/2024\/11\/nucleo3.5-front.webp\",\"datePublished\":\"2024-11-19T12:45:50+00:00\",\"dateModified\":\"2026-01-18T19:08:45+00:00\",\"description\":\"\u00c9cran IPS haute luminosit\u00e9 3,5\u2033 TFT LCD avec r\u00e9solution 320x480px, lisible en plein soleil avec 1200 cd\/m\u00b2 et Collage optique. Interfaces vid\u00e9o RGB et SPI, angles de vision IPS complets \u2013 mod\u00e8le SM-RVT35HITNWC00-B\",\"breadcrumb\":{\"@id\":\"https:\/\/riverdi.com\/fr\/product\/rvt35hitnwc00-b#breadcrumb\"},\"inLanguage\":\"fr-FR\",\"potentialAction\":[{\"@type\":\"ReadAction\",\"target\":[\"https:\/\/riverdi.com\/fr\/product\/rvt35hitnwc00-b\"]}]},{\"@type\":\"ImageObject\",\"inLanguage\":\"fr-FR\",\"@id\":\"https:\/\/riverdi.com\/fr\/product\/rvt35hitnwc00-b#primaryimage\",\"url\":\"https:\/\/riverdi.com\/wp-content\/uploads\/2024\/11\/nucleo3.5-front.webp\",\"contentUrl\":\"https:\/\/riverdi.com\/wp-content\/uploads\/2024\/11\/nucleo3.5-front.webp\",\"width\":1200,\"height\":1200},{\"@type\":\"BreadcrumbList\",\"@id\":\"https:\/\/riverdi.com\/fr\/product\/rvt35hitnwc00-b#breadcrumb\",\"itemListElement\":[{\"@type\":\"ListItem\",\"position\":1,\"name\":\"Front Page\",\"item\":\"https:\/\/riverdi.com\/fr\/page-daccueil\"},{\"@type\":\"ListItem\",\"position\":2,\"name\":\"Boutique\",\"item\":\"https:\/\/riverdi.com\/fr\/boutique-2\"},{\"@type\":\"ListItem\",\"position\":3,\"name\":\"\u00c9cran IPS haute luminosit\u00e9 3,5\u2033 TFT LCD 320x480px, interfaces RGB et SPI + \u00c9cran tactile capacitif &#8211; RVT35HITNWC00-B | Riverdi\u00c9cran IPS haute luminosit\u00e9 3,5\u2033 TFT LCD 320x480px, interfaces RGB et SPI + \u00c9cran tactile capacitif &#8211; RVT35HITNWC00-B\"}]},{\"@type\":\"WebSite\",\"@id\":\"https:\/\/riverdi.com\/fr#website\",\"url\":\"https:\/\/riverdi.com\/fr\",\"name\":\"Riverdi\",\"description\":\"Global TFT LCD Manufacturer\",\"potentialAction\":[{\"@type\":\"SearchAction\",\"target\":{\"@type\":\"EntryPoint\",\"urlTemplate\":\"https:\/\/riverdi.com\/fr?s={search_term_string}\"},\"query-input\":{\"@type\":\"PropertyValueSpecification\",\"valueRequired\":true,\"valueName\":\"search_term_string\"}}],\"inLanguage\":\"fr-FR\"}]}<\/script>\n<!-- \/ Yoast SEO plugin. -->","yoast_head_json":{"title":"\u00c9cran IPS haute luminosit\u00e9 3,5\u2033 TFT LCD 320x480px, interfaces RGB et SPI + \u00c9cran tactile capacitif - RVT35HITNWC00-B | Riverdi","description":"\u00c9cran IPS haute luminosit\u00e9 3,5\u2033 TFT LCD avec r\u00e9solution 320x480px, lisible en plein soleil avec 1200 cd\/m\u00b2 et Collage optique. Interfaces vid\u00e9o RGB et SPI, angles de vision IPS complets \u2013 mod\u00e8le SM-RVT35HITNWC00-B","robots":{"index":"index","follow":"follow","max-snippet":"max-snippet:-1","max-image-preview":"max-image-preview:large","max-video-preview":"max-video-preview:-1"},"canonical":"https:\/\/riverdi.com\/fr\/product\/rvt35hitnwc00-b","og_locale":"fr_FR","og_type":"article","og_title":"\u00c9cran IPS haute luminosit\u00e9 3,5\u2033 TFT LCD 320x480px, interfaces RGB et SPI + \u00c9cran tactile capacitif - RVT35HITNWC00-B | Riverdi","og_description":"\u00c9cran IPS haute luminosit\u00e9 3,5\u2033 TFT LCD avec r\u00e9solution 320x480px, lisible en plein soleil avec 1200 cd\/m\u00b2 et Collage optique. Interfaces vid\u00e9o RGB et SPI, angles de vision IPS complets \u2013 mod\u00e8le SM-RVT35HITNWC00-B","og_url":"https:\/\/riverdi.com\/fr\/product\/rvt35hitnwc00-b","og_site_name":"Riverdi","article_publisher":"https:\/\/www.facebook.com\/riverdi.displays\/","article_modified_time":"2026-01-18T19:08:45+00:00","og_image":[{"width":1200,"height":1200,"url":"https:\/\/riverdi.com\/wp-content\/uploads\/2024\/11\/nucleo3.5-front.webp","type":"image\/webp"}],"twitter_card":"summary_large_image","twitter_site":"@riverdidisplays","twitter_misc":{"Dur\u00e9e de lecture estim\u00e9e":"5 minutes"},"schema":{"@context":"https:\/\/schema.org","@graph":[{"@type":"WebPage","@id":"https:\/\/riverdi.com\/fr\/product\/rvt35hitnwc00-b","url":"https:\/\/riverdi.com\/fr\/product\/rvt35hitnwc00-b","name":"\u00c9cran IPS haute luminosit\u00e9 3,5\u2033 TFT LCD 320x480px, interfaces RGB et SPI + \u00c9cran tactile capacitif - RVT35HITNWC00-B | Riverdi","isPartOf":{"@id":"https:\/\/riverdi.com\/fr#website"},"primaryImageOfPage":{"@id":"https:\/\/riverdi.com\/fr\/product\/rvt35hitnwc00-b#primaryimage"},"image":{"@id":"https:\/\/riverdi.com\/fr\/product\/rvt35hitnwc00-b#primaryimage"},"thumbnailUrl":"https:\/\/riverdi.com\/wp-content\/uploads\/2024\/11\/nucleo3.5-front.webp","datePublished":"2024-11-19T12:45:50+00:00","dateModified":"2026-01-18T19:08:45+00:00","description":"\u00c9cran IPS haute luminosit\u00e9 3,5\u2033 TFT LCD avec r\u00e9solution 320x480px, lisible en plein soleil avec 1200 cd\/m\u00b2 et Collage optique. Interfaces vid\u00e9o RGB et SPI, angles de vision IPS complets \u2013 mod\u00e8le SM-RVT35HITNWC00-B","breadcrumb":{"@id":"https:\/\/riverdi.com\/fr\/product\/rvt35hitnwc00-b#breadcrumb"},"inLanguage":"fr-FR","potentialAction":[{"@type":"ReadAction","target":["https:\/\/riverdi.com\/fr\/product\/rvt35hitnwc00-b"]}]},{"@type":"ImageObject","inLanguage":"fr-FR","@id":"https:\/\/riverdi.com\/fr\/product\/rvt35hitnwc00-b#primaryimage","url":"https:\/\/riverdi.com\/wp-content\/uploads\/2024\/11\/nucleo3.5-front.webp","contentUrl":"https:\/\/riverdi.com\/wp-content\/uploads\/2024\/11\/nucleo3.5-front.webp","width":1200,"height":1200},{"@type":"BreadcrumbList","@id":"https:\/\/riverdi.com\/fr\/product\/rvt35hitnwc00-b#breadcrumb","itemListElement":[{"@type":"ListItem","position":1,"name":"Front Page","item":"https:\/\/riverdi.com\/fr\/page-daccueil"},{"@type":"ListItem","position":2,"name":"Boutique","item":"https:\/\/riverdi.com\/fr\/boutique-2"},{"@type":"ListItem","position":3,"name":"\u00c9cran IPS haute luminosit\u00e9 3,5\u2033 TFT LCD 320x480px, interfaces RGB et SPI + \u00c9cran tactile capacitif &#8211; RVT35HITNWC00-B | Riverdi\u00c9cran IPS haute luminosit\u00e9 3,5\u2033 TFT LCD 320x480px, interfaces RGB et SPI + \u00c9cran tactile capacitif &#8211; RVT35HITNWC00-B"}]},{"@type":"WebSite","@id":"https:\/\/riverdi.com\/fr#website","url":"https:\/\/riverdi.com\/fr","name":"Riverdi","description":"Global TFT LCD Manufacturer","potentialAction":[{"@type":"SearchAction","target":{"@type":"EntryPoint","urlTemplate":"https:\/\/riverdi.com\/fr?s={search_term_string}"},"query-input":{"@type":"PropertyValueSpecification","valueRequired":true,"valueName":"search_term_string"}}],"inLanguage":"fr-FR"}]}},"_links":{"self":[{"href":"https:\/\/riverdi.com\/fr\/wp-json\/wp\/v2\/product\/122005","targetHints":{"allow":["GET"]}}],"collection":[{"href":"https:\/\/riverdi.com\/fr\/wp-json\/wp\/v2\/product"}],"about":[{"href":"https:\/\/riverdi.com\/fr\/wp-json\/wp\/v2\/types\/product"}],"replies":[{"embeddable":true,"href":"https:\/\/riverdi.com\/fr\/wp-json\/wp\/v2\/comments?post=122005"}],"wp:featuredmedia":[{"embeddable":true,"href":"https:\/\/riverdi.com\/fr\/wp-json\/wp\/v2\/media\/121975"}],"wp:attachment":[{"href":"https:\/\/riverdi.com\/fr\/wp-json\/wp\/v2\/media?parent=122005"}],"wp:term":[{"taxonomy":"product_brand","embeddable":true,"href":"https:\/\/riverdi.com\/fr\/wp-json\/wp\/v2\/product_brand?post=122005"},{"taxonomy":"product_cat","embeddable":true,"href":"https:\/\/riverdi.com\/fr\/wp-json\/wp\/v2\/product_cat?post=122005"},{"taxonomy":"product_tag","embeddable":true,"href":"https:\/\/riverdi.com\/fr\/wp-json\/wp\/v2\/product_tag?post=122005"}],"curies":[{"name":"wp","href":"https:\/\/api.w.org\/{rel}","templated":true}]}}