{"id":118786,"date":"2016-01-19T17:31:01","date_gmt":"2016-01-19T16:31:01","guid":{"rendered":"http:\/\/riverdi.com\/product\/tableau-de-rupture-20\/"},"modified":"2024-06-03T14:29:17","modified_gmt":"2024-06-03T12:29:17","slug":"panneau-break-out-20","status":"publish","type":"product","link":"https:\/\/riverdi.com\/fr\/product\/panneau-break-out-20","title":{"rendered":"Panneau Break Out 20"},"content":{"rendered":"<p>Caract\u00e9ristiques principales :<\/p>\n<ul>\n<li>Connectez les \u00e9crans Riverdi SSD1963 \u00e0 votre plateforme de d\u00e9veloppement<\/li>\n<li>Pas de soudure n\u00e9cessaire<\/li>\n<li>Se familiariser avec les contr\u00f4leurs FT8xx et les widgets embarqu\u00e9s<\/li>\n<li>Tester les performances des \u00e9crans tactiles r\u00e9sistifs et capacitifs<\/li>\n<\/ul>\n<p>Break Out Board 20 contient :<\/p>\n<ul>\n<li>Panneau de sortie 20 (x1)<\/li>\n<li>C\u00e2ble FFC, pas de 0,5mm, 20 broches, 150 mm (x1)<\/li>\n<\/ul>\n","protected":false},"excerpt":{"rendered":"<p>Caract\u00e9ristiques principales : Connectez les \u00e9crans Riverdi SSD1963 \u00e0 votre plateforme de d\u00e9veloppement Pas de soudure n\u00e9cessaire Se familiariser avec les contr\u00f4leurs FT8xx et les widgets embarqu\u00e9s Tester les performances des \u00e9crans tactiles r\u00e9sistifs et capacitifs Break Out Board 20 contient : Panneau de sortie 20 (x1) C\u00e2ble FFC, pas de 0,5mm, 20 broches, 150 [&hellip;]<\/p>\n","protected":false},"featured_media":22449,"comment_status":"closed","ping_status":"closed","template":"","meta":{"_acf_changed":false,"content-type":"","inline_featured_image":false},"product_brand":[],"product_cat":[3519],"product_tag":[4672],"class_list":{"0":"post-118786","1":"product","2":"type-product","3":"status-publish","4":"has-post-thumbnail","6":"product_cat-comites-devaluation","7":"product_tag-panneau-de-pause-20","9":"first","10":"instock","11":"taxable","12":"shipping-taxable","13":"purchasable","14":"product-type-simple"},"acf":[],"yoast_head":"<!-- This site is optimized with the Yoast SEO plugin v27.0 - https:\/\/yoast.com\/product\/yoast-seo-wordpress\/ -->\n<title>Panneau Break Out 20 - Riverdi<\/title>\n<meta name=\"robots\" content=\"index, follow, max-snippet:-1, max-image-preview:large, max-video-preview:-1\" \/>\n<link rel=\"canonical\" href=\"https:\/\/riverdi.com\/fr\/product\/panneau-break-out-20\" \/>\n<meta property=\"og:locale\" content=\"fr_FR\" \/>\n<meta property=\"og:type\" content=\"article\" \/>\n<meta property=\"og:title\" content=\"Panneau Break Out 20 - Riverdi\" \/>\n<meta property=\"og:description\" content=\"Caract\u00e9ristiques principales : Connectez les \u00e9crans Riverdi SSD1963 \u00e0 votre plateforme de d\u00e9veloppement Pas de soudure n\u00e9cessaire Se familiariser avec les contr\u00f4leurs FT8xx et les widgets embarqu\u00e9s Tester les performances des \u00e9crans tactiles r\u00e9sistifs et capacitifs Break Out Board 20 contient : Panneau de sortie 20 (x1) C\u00e2ble FFC, pas de 0,5mm, 20 broches, 150 [&hellip;]\" \/>\n<meta property=\"og:url\" content=\"https:\/\/riverdi.com\/fr\/product\/panneau-break-out-20\" \/>\n<meta property=\"og:site_name\" content=\"Riverdi\" \/>\n<meta property=\"article:publisher\" content=\"https:\/\/www.facebook.com\/riverdi.displays\/\" \/>\n<meta property=\"article:modified_time\" content=\"2024-06-03T12:29:17+00:00\" \/>\n<meta property=\"og:image\" content=\"https:\/\/riverdi.com\/wp-content\/uploads\/2024\/04\/Break_board-20-maxi.webp\" \/>\n\t<meta property=\"og:image:width\" content=\"800\" \/>\n\t<meta property=\"og:image:height\" content=\"641\" \/>\n\t<meta property=\"og:image:type\" content=\"image\/webp\" \/>\n<meta name=\"twitter:card\" content=\"summary_large_image\" \/>\n<meta name=\"twitter:site\" content=\"@riverdidisplays\" \/>\n<script type=\"application\/ld+json\" class=\"yoast-schema-graph\">{\"@context\":\"https:\/\/schema.org\",\"@graph\":[{\"@type\":\"WebPage\",\"@id\":\"https:\/\/riverdi.com\/fr\/product\/panneau-break-out-20\",\"url\":\"https:\/\/riverdi.com\/fr\/product\/panneau-break-out-20\",\"name\":\"Panneau Break Out 20 - Riverdi\",\"isPartOf\":{\"@id\":\"https:\/\/riverdi.com\/fr#website\"},\"primaryImageOfPage\":{\"@id\":\"https:\/\/riverdi.com\/fr\/product\/panneau-break-out-20#primaryimage\"},\"image\":{\"@id\":\"https:\/\/riverdi.com\/fr\/product\/panneau-break-out-20#primaryimage\"},\"thumbnailUrl\":\"https:\/\/riverdi.com\/wp-content\/uploads\/2024\/04\/Break_board-20-maxi.webp\",\"datePublished\":\"2016-01-19T16:31:01+00:00\",\"dateModified\":\"2024-06-03T12:29:17+00:00\",\"breadcrumb\":{\"@id\":\"https:\/\/riverdi.com\/fr\/product\/panneau-break-out-20#breadcrumb\"},\"inLanguage\":\"fr-FR\",\"potentialAction\":[{\"@type\":\"ReadAction\",\"target\":[\"https:\/\/riverdi.com\/fr\/product\/panneau-break-out-20\"]}]},{\"@type\":\"ImageObject\",\"inLanguage\":\"fr-FR\",\"@id\":\"https:\/\/riverdi.com\/fr\/product\/panneau-break-out-20#primaryimage\",\"url\":\"https:\/\/riverdi.com\/wp-content\/uploads\/2024\/04\/Break_board-20-maxi.webp\",\"contentUrl\":\"https:\/\/riverdi.com\/wp-content\/uploads\/2024\/04\/Break_board-20-maxi.webp\",\"width\":800,\"height\":641,\"caption\":\"Panneau de rupture 20\"},{\"@type\":\"BreadcrumbList\",\"@id\":\"https:\/\/riverdi.com\/fr\/product\/panneau-break-out-20#breadcrumb\",\"itemListElement\":[{\"@type\":\"ListItem\",\"position\":1,\"name\":\"Front Page\",\"item\":\"https:\/\/riverdi.com\/fr\/page-daccueil\"},{\"@type\":\"ListItem\",\"position\":2,\"name\":\"Boutique\",\"item\":\"https:\/\/riverdi.com\/fr\/boutique-2\"},{\"@type\":\"ListItem\",\"position\":3,\"name\":\"Panneau Break Out 20\"}]},{\"@type\":\"WebSite\",\"@id\":\"https:\/\/riverdi.com\/fr#website\",\"url\":\"https:\/\/riverdi.com\/fr\",\"name\":\"Riverdi\",\"description\":\"Global TFT LCD Manufacturer\",\"potentialAction\":[{\"@type\":\"SearchAction\",\"target\":{\"@type\":\"EntryPoint\",\"urlTemplate\":\"https:\/\/riverdi.com\/fr?s={search_term_string}\"},\"query-input\":{\"@type\":\"PropertyValueSpecification\",\"valueRequired\":true,\"valueName\":\"search_term_string\"}}],\"inLanguage\":\"fr-FR\"}]}<\/script>\n<!-- \/ Yoast SEO plugin. -->","yoast_head_json":{"title":"Panneau Break Out 20 - Riverdi","robots":{"index":"index","follow":"follow","max-snippet":"max-snippet:-1","max-image-preview":"max-image-preview:large","max-video-preview":"max-video-preview:-1"},"canonical":"https:\/\/riverdi.com\/fr\/product\/panneau-break-out-20","og_locale":"fr_FR","og_type":"article","og_title":"Panneau Break Out 20 - Riverdi","og_description":"Caract\u00e9ristiques principales : Connectez les \u00e9crans Riverdi SSD1963 \u00e0 votre plateforme de d\u00e9veloppement Pas de soudure n\u00e9cessaire Se familiariser avec les contr\u00f4leurs FT8xx et les widgets embarqu\u00e9s Tester les performances des \u00e9crans tactiles r\u00e9sistifs et capacitifs Break Out Board 20 contient : Panneau de sortie 20 (x1) C\u00e2ble FFC, pas de 0,5mm, 20 broches, 150 [&hellip;]","og_url":"https:\/\/riverdi.com\/fr\/product\/panneau-break-out-20","og_site_name":"Riverdi","article_publisher":"https:\/\/www.facebook.com\/riverdi.displays\/","article_modified_time":"2024-06-03T12:29:17+00:00","og_image":[{"width":800,"height":641,"url":"https:\/\/riverdi.com\/wp-content\/uploads\/2024\/04\/Break_board-20-maxi.webp","type":"image\/webp"}],"twitter_card":"summary_large_image","twitter_site":"@riverdidisplays","schema":{"@context":"https:\/\/schema.org","@graph":[{"@type":"WebPage","@id":"https:\/\/riverdi.com\/fr\/product\/panneau-break-out-20","url":"https:\/\/riverdi.com\/fr\/product\/panneau-break-out-20","name":"Panneau Break Out 20 - Riverdi","isPartOf":{"@id":"https:\/\/riverdi.com\/fr#website"},"primaryImageOfPage":{"@id":"https:\/\/riverdi.com\/fr\/product\/panneau-break-out-20#primaryimage"},"image":{"@id":"https:\/\/riverdi.com\/fr\/product\/panneau-break-out-20#primaryimage"},"thumbnailUrl":"https:\/\/riverdi.com\/wp-content\/uploads\/2024\/04\/Break_board-20-maxi.webp","datePublished":"2016-01-19T16:31:01+00:00","dateModified":"2024-06-03T12:29:17+00:00","breadcrumb":{"@id":"https:\/\/riverdi.com\/fr\/product\/panneau-break-out-20#breadcrumb"},"inLanguage":"fr-FR","potentialAction":[{"@type":"ReadAction","target":["https:\/\/riverdi.com\/fr\/product\/panneau-break-out-20"]}]},{"@type":"ImageObject","inLanguage":"fr-FR","@id":"https:\/\/riverdi.com\/fr\/product\/panneau-break-out-20#primaryimage","url":"https:\/\/riverdi.com\/wp-content\/uploads\/2024\/04\/Break_board-20-maxi.webp","contentUrl":"https:\/\/riverdi.com\/wp-content\/uploads\/2024\/04\/Break_board-20-maxi.webp","width":800,"height":641,"caption":"Panneau de rupture 20"},{"@type":"BreadcrumbList","@id":"https:\/\/riverdi.com\/fr\/product\/panneau-break-out-20#breadcrumb","itemListElement":[{"@type":"ListItem","position":1,"name":"Front Page","item":"https:\/\/riverdi.com\/fr\/page-daccueil"},{"@type":"ListItem","position":2,"name":"Boutique","item":"https:\/\/riverdi.com\/fr\/boutique-2"},{"@type":"ListItem","position":3,"name":"Panneau Break Out 20"}]},{"@type":"WebSite","@id":"https:\/\/riverdi.com\/fr#website","url":"https:\/\/riverdi.com\/fr","name":"Riverdi","description":"Global TFT LCD Manufacturer","potentialAction":[{"@type":"SearchAction","target":{"@type":"EntryPoint","urlTemplate":"https:\/\/riverdi.com\/fr?s={search_term_string}"},"query-input":{"@type":"PropertyValueSpecification","valueRequired":true,"valueName":"search_term_string"}}],"inLanguage":"fr-FR"}]}},"_links":{"self":[{"href":"https:\/\/riverdi.com\/fr\/wp-json\/wp\/v2\/product\/118786","targetHints":{"allow":["GET"]}}],"collection":[{"href":"https:\/\/riverdi.com\/fr\/wp-json\/wp\/v2\/product"}],"about":[{"href":"https:\/\/riverdi.com\/fr\/wp-json\/wp\/v2\/types\/product"}],"replies":[{"embeddable":true,"href":"https:\/\/riverdi.com\/fr\/wp-json\/wp\/v2\/comments?post=118786"}],"wp:featuredmedia":[{"embeddable":true,"href":"https:\/\/riverdi.com\/fr\/wp-json\/wp\/v2\/media\/22449"}],"wp:attachment":[{"href":"https:\/\/riverdi.com\/fr\/wp-json\/wp\/v2\/media?parent=118786"}],"wp:term":[{"taxonomy":"product_brand","embeddable":true,"href":"https:\/\/riverdi.com\/fr\/wp-json\/wp\/v2\/product_brand?post=118786"},{"taxonomy":"product_cat","embeddable":true,"href":"https:\/\/riverdi.com\/fr\/wp-json\/wp\/v2\/product_cat?post=118786"},{"taxonomy":"product_tag","embeddable":true,"href":"https:\/\/riverdi.com\/fr\/wp-json\/wp\/v2\/product_tag?post=118786"}],"curies":[{"name":"wp","href":"https:\/\/api.w.org\/{rel}","templated":true}]}}