{"id":118770,"date":"2016-02-15T07:58:30","date_gmt":"2016-02-15T06:58:30","guid":{"rendered":"http:\/\/riverdi.com\/product\/rvt3-5a320240cfwn36\/"},"modified":"2016-02-15T07:58:30","modified_gmt":"2016-02-15T06:58:30","slug":"rvt3-5a320240cfwn36","status":"publish","type":"product","link":"https:\/\/riverdi.com\/fr\/product\/rvt3-5a320240cfwn36","title":{"rendered":"RVT3.5A320240CFWN36"},"content":{"rendered":"<p>n&rsquo;enlevez pas ceci<\/p>\n","protected":false},"excerpt":{"rendered":"<p><span class=\"not-recommended\" style=\"background-color: #fdad00; padding: 15px; color: #ffffff;\"><strong>Pour les nouvelles conceptions, nous recommandons d&rsquo;utiliser <a href=\"https:\/\/riverdi.com\/product-category\/intelligent-displays\/bt817q\/\">EVE4<\/a>.<\/strong><\/span><\/p>\n<p><span style=\"font-weight: 400;\">Un \u00e9cran TFT Riverdi de<strong> 3,5 pouces<\/strong> avec un cadre de montage en m\u00e9tal qui permet une int\u00e9gration facile.<\/span><\/p>\n<p><span style=\"font-weight: 400;\">La r\u00e9solution de <strong>320&#215;240<\/strong> offre des couleurs claires et nettes, tandis que l&rsquo;\u00e9cran est pilot\u00e9 par le puissant <strong>contr\u00f4leur graphique SSD1963<\/strong>.<\/span><\/p>\n<p><span style=\"font-weight: 400;\">L&rsquo;\u00e9cran est dot\u00e9 d&rsquo;une<strong> interface<\/strong> <strong>MCU<\/strong> standard.<\/span><\/p>\n","protected":false},"featured_media":817,"comment_status":"closed","ping_status":"closed","template":"","meta":{"_acf_changed":false,"content-type":"","inline_featured_image":false},"product_brand":[],"product_cat":[3388,4100],"product_tag":[4572,3802,4641,4109],"class_list":{"0":"post-118770","1":"product","2":"type-product","3":"status-publish","4":"has-post-thumbnail","6":"product_cat-affichages-intelligents","7":"product_cat-modules-ssd1963","8":"product_tag-cadre-de-montage","9":"product_tag-onduleur-led","10":"product_tag-rvt3-5a320240cfwn36-fr","11":"product_tag-ssd1963-fr","13":"first","14":"instock","15":"taxable","16":"shipping-taxable","17":"purchasable","18":"product-type-simple"},"acf":[],"yoast_head":"<!-- This site is optimized with the Yoast SEO plugin v27.0 - https:\/\/yoast.com\/product\/yoast-seo-wordpress\/ -->\n<title>RVT3.5A320240CFWN36 - Riverdi<\/title>\n<meta name=\"robots\" content=\"index, follow, max-snippet:-1, max-image-preview:large, max-video-preview:-1\" \/>\n<link rel=\"canonical\" href=\"https:\/\/riverdi.com\/fr\/product\/rvt3-5a320240cfwn36\" \/>\n<meta property=\"og:locale\" content=\"fr_FR\" \/>\n<meta property=\"og:type\" content=\"article\" \/>\n<meta property=\"og:title\" content=\"RVT3.5A320240CFWN36 - Riverdi\" \/>\n<meta property=\"og:description\" content=\"Pour les nouvelles conceptions, nous recommandons d&#039;utiliser EVE4. Un \u00e9cran TFT Riverdi de 3,5 pouces avec un cadre de montage en m\u00e9tal qui permet une int\u00e9gration facile. La r\u00e9solution de 320x240 offre des couleurs claires et nettes, tandis que l&#039;\u00e9cran est pilot\u00e9 par le puissant contr\u00f4leur graphique SSD1963. L&#039;\u00e9cran est dot\u00e9 d&#039;une interface MCU standard.\" \/>\n<meta property=\"og:url\" content=\"https:\/\/riverdi.com\/fr\/product\/rvt3-5a320240cfwn36\" \/>\n<meta property=\"og:site_name\" content=\"Riverdi\" \/>\n<meta property=\"article:publisher\" content=\"https:\/\/www.facebook.com\/riverdi.displays\/\" \/>\n<meta property=\"og:image\" content=\"https:\/\/riverdi.com\/wp-content\/uploads\/2024\/03\/SSD_3.5-RVT3.5A320240CFWN36-front-2.webp\" \/>\n\t<meta property=\"og:image:width\" content=\"1280\" \/>\n\t<meta property=\"og:image:height\" content=\"880\" \/>\n\t<meta property=\"og:image:type\" content=\"image\/webp\" \/>\n<meta name=\"twitter:card\" content=\"summary_large_image\" \/>\n<meta name=\"twitter:site\" content=\"@riverdidisplays\" \/>\n<script type=\"application\/ld+json\" class=\"yoast-schema-graph\">{\"@context\":\"https:\/\/schema.org\",\"@graph\":[{\"@type\":\"WebPage\",\"@id\":\"https:\/\/riverdi.com\/fr\/product\/rvt3-5a320240cfwn36\",\"url\":\"https:\/\/riverdi.com\/fr\/product\/rvt3-5a320240cfwn36\",\"name\":\"RVT3.5A320240CFWN36 - Riverdi\",\"isPartOf\":{\"@id\":\"https:\/\/riverdi.com\/fr#website\"},\"primaryImageOfPage\":{\"@id\":\"https:\/\/riverdi.com\/fr\/product\/rvt3-5a320240cfwn36#primaryimage\"},\"image\":{\"@id\":\"https:\/\/riverdi.com\/fr\/product\/rvt3-5a320240cfwn36#primaryimage\"},\"thumbnailUrl\":\"https:\/\/riverdi.com\/wp-content\/uploads\/2024\/03\/SSD_3.5-RVT3.5A320240CFWN36-front-2.webp\",\"datePublished\":\"2016-02-15T06:58:30+00:00\",\"breadcrumb\":{\"@id\":\"https:\/\/riverdi.com\/fr\/product\/rvt3-5a320240cfwn36#breadcrumb\"},\"inLanguage\":\"fr-FR\",\"potentialAction\":[{\"@type\":\"ReadAction\",\"target\":[\"https:\/\/riverdi.com\/fr\/product\/rvt3-5a320240cfwn36\"]}]},{\"@type\":\"ImageObject\",\"inLanguage\":\"fr-FR\",\"@id\":\"https:\/\/riverdi.com\/fr\/product\/rvt3-5a320240cfwn36#primaryimage\",\"url\":\"https:\/\/riverdi.com\/wp-content\/uploads\/2024\/03\/SSD_3.5-RVT3.5A320240CFWN36-front-2.webp\",\"contentUrl\":\"https:\/\/riverdi.com\/wp-content\/uploads\/2024\/03\/SSD_3.5-RVT3.5A320240CFWN36-front-2.webp\",\"width\":1280,\"height\":880,\"caption\":\"Salomon SSD1963\"},{\"@type\":\"BreadcrumbList\",\"@id\":\"https:\/\/riverdi.com\/fr\/product\/rvt3-5a320240cfwn36#breadcrumb\",\"itemListElement\":[{\"@type\":\"ListItem\",\"position\":1,\"name\":\"Front Page\",\"item\":\"https:\/\/riverdi.com\/fr\/page-daccueil\"},{\"@type\":\"ListItem\",\"position\":2,\"name\":\"Boutique\",\"item\":\"https:\/\/riverdi.com\/fr\/boutique-2\"},{\"@type\":\"ListItem\",\"position\":3,\"name\":\"RVT3.5A320240CFWN36\"}]},{\"@type\":\"WebSite\",\"@id\":\"https:\/\/riverdi.com\/fr#website\",\"url\":\"https:\/\/riverdi.com\/fr\",\"name\":\"Riverdi\",\"description\":\"Global TFT LCD Manufacturer\",\"potentialAction\":[{\"@type\":\"SearchAction\",\"target\":{\"@type\":\"EntryPoint\",\"urlTemplate\":\"https:\/\/riverdi.com\/fr?s={search_term_string}\"},\"query-input\":{\"@type\":\"PropertyValueSpecification\",\"valueRequired\":true,\"valueName\":\"search_term_string\"}}],\"inLanguage\":\"fr-FR\"}]}<\/script>\n<!-- \/ Yoast SEO plugin. -->","yoast_head_json":{"title":"RVT3.5A320240CFWN36 - Riverdi","robots":{"index":"index","follow":"follow","max-snippet":"max-snippet:-1","max-image-preview":"max-image-preview:large","max-video-preview":"max-video-preview:-1"},"canonical":"https:\/\/riverdi.com\/fr\/product\/rvt3-5a320240cfwn36","og_locale":"fr_FR","og_type":"article","og_title":"RVT3.5A320240CFWN36 - Riverdi","og_description":"Pour les nouvelles conceptions, nous recommandons d'utiliser EVE4. Un \u00e9cran TFT Riverdi de 3,5 pouces avec un cadre de montage en m\u00e9tal qui permet une int\u00e9gration facile. La r\u00e9solution de 320x240 offre des couleurs claires et nettes, tandis que l'\u00e9cran est pilot\u00e9 par le puissant contr\u00f4leur graphique SSD1963. L'\u00e9cran est dot\u00e9 d'une interface MCU standard.","og_url":"https:\/\/riverdi.com\/fr\/product\/rvt3-5a320240cfwn36","og_site_name":"Riverdi","article_publisher":"https:\/\/www.facebook.com\/riverdi.displays\/","og_image":[{"width":1280,"height":880,"url":"https:\/\/riverdi.com\/wp-content\/uploads\/2024\/03\/SSD_3.5-RVT3.5A320240CFWN36-front-2.webp","type":"image\/webp"}],"twitter_card":"summary_large_image","twitter_site":"@riverdidisplays","schema":{"@context":"https:\/\/schema.org","@graph":[{"@type":"WebPage","@id":"https:\/\/riverdi.com\/fr\/product\/rvt3-5a320240cfwn36","url":"https:\/\/riverdi.com\/fr\/product\/rvt3-5a320240cfwn36","name":"RVT3.5A320240CFWN36 - Riverdi","isPartOf":{"@id":"https:\/\/riverdi.com\/fr#website"},"primaryImageOfPage":{"@id":"https:\/\/riverdi.com\/fr\/product\/rvt3-5a320240cfwn36#primaryimage"},"image":{"@id":"https:\/\/riverdi.com\/fr\/product\/rvt3-5a320240cfwn36#primaryimage"},"thumbnailUrl":"https:\/\/riverdi.com\/wp-content\/uploads\/2024\/03\/SSD_3.5-RVT3.5A320240CFWN36-front-2.webp","datePublished":"2016-02-15T06:58:30+00:00","breadcrumb":{"@id":"https:\/\/riverdi.com\/fr\/product\/rvt3-5a320240cfwn36#breadcrumb"},"inLanguage":"fr-FR","potentialAction":[{"@type":"ReadAction","target":["https:\/\/riverdi.com\/fr\/product\/rvt3-5a320240cfwn36"]}]},{"@type":"ImageObject","inLanguage":"fr-FR","@id":"https:\/\/riverdi.com\/fr\/product\/rvt3-5a320240cfwn36#primaryimage","url":"https:\/\/riverdi.com\/wp-content\/uploads\/2024\/03\/SSD_3.5-RVT3.5A320240CFWN36-front-2.webp","contentUrl":"https:\/\/riverdi.com\/wp-content\/uploads\/2024\/03\/SSD_3.5-RVT3.5A320240CFWN36-front-2.webp","width":1280,"height":880,"caption":"Salomon SSD1963"},{"@type":"BreadcrumbList","@id":"https:\/\/riverdi.com\/fr\/product\/rvt3-5a320240cfwn36#breadcrumb","itemListElement":[{"@type":"ListItem","position":1,"name":"Front Page","item":"https:\/\/riverdi.com\/fr\/page-daccueil"},{"@type":"ListItem","position":2,"name":"Boutique","item":"https:\/\/riverdi.com\/fr\/boutique-2"},{"@type":"ListItem","position":3,"name":"RVT3.5A320240CFWN36"}]},{"@type":"WebSite","@id":"https:\/\/riverdi.com\/fr#website","url":"https:\/\/riverdi.com\/fr","name":"Riverdi","description":"Global TFT LCD Manufacturer","potentialAction":[{"@type":"SearchAction","target":{"@type":"EntryPoint","urlTemplate":"https:\/\/riverdi.com\/fr?s={search_term_string}"},"query-input":{"@type":"PropertyValueSpecification","valueRequired":true,"valueName":"search_term_string"}}],"inLanguage":"fr-FR"}]}},"_links":{"self":[{"href":"https:\/\/riverdi.com\/fr\/wp-json\/wp\/v2\/product\/118770","targetHints":{"allow":["GET"]}}],"collection":[{"href":"https:\/\/riverdi.com\/fr\/wp-json\/wp\/v2\/product"}],"about":[{"href":"https:\/\/riverdi.com\/fr\/wp-json\/wp\/v2\/types\/product"}],"replies":[{"embeddable":true,"href":"https:\/\/riverdi.com\/fr\/wp-json\/wp\/v2\/comments?post=118770"}],"wp:featuredmedia":[{"embeddable":true,"href":"https:\/\/riverdi.com\/fr\/wp-json\/wp\/v2\/media\/817"}],"wp:attachment":[{"href":"https:\/\/riverdi.com\/fr\/wp-json\/wp\/v2\/media?parent=118770"}],"wp:term":[{"taxonomy":"product_brand","embeddable":true,"href":"https:\/\/riverdi.com\/fr\/wp-json\/wp\/v2\/product_brand?post=118770"},{"taxonomy":"product_cat","embeddable":true,"href":"https:\/\/riverdi.com\/fr\/wp-json\/wp\/v2\/product_cat?post=118770"},{"taxonomy":"product_tag","embeddable":true,"href":"https:\/\/riverdi.com\/fr\/wp-json\/wp\/v2\/product_tag?post=118770"}],"curies":[{"name":"wp","href":"https:\/\/api.w.org\/{rel}","templated":true}]}}