{"id":118758,"date":"2016-01-18T21:27:54","date_gmt":"2016-01-18T20:27:54","guid":{"rendered":"http:\/\/riverdi.com\/product\/arduino-riverdi-tft-shield\/"},"modified":"2016-01-18T21:27:54","modified_gmt":"2016-01-18T20:27:54","slug":"arduino-riverdi-tft-shield","status":"publish","type":"product","link":"https:\/\/riverdi.com\/fr\/product\/arduino-riverdi-tft-shield","title":{"rendered":"Bouclier Riverdi pour Arduino"},"content":{"rendered":"<p>Caract\u00e9ristiques principales :<\/p>\n<ul>\n<li style=\"list-style-type: none;\">\n<ul>\n<li>\u00c9valuation de la luminosit\u00e9 de l&rsquo;\u00e9cran et de la qualit\u00e9 des couleurs<\/li>\n<li>Connexion des modules TFT Riverdi \u00e0 l&rsquo;arduino<\/li>\n<li>Se familiariser avec les contr\u00f4leurs FT8xx et les widgets embarqu\u00e9s<\/li>\n<li>Pr\u00e9sentation de la possibilit\u00e9 d&rsquo;\u00e9crans tactiles r\u00e9sistifs et capacitifs<\/li>\n<\/ul>\n<\/li>\n<\/ul>\n<p>Break Out Board 20 contient :<\/p>\n<ul>\n<li>Panneau de sortie 20 (x1)<\/li>\n<li>C\u00e2ble FFC, pas de 0,5mm, 20 broches, 150 mm (x1)<\/li>\n<\/ul>\n","protected":false},"excerpt":{"rendered":"<p>Riverdi Shield pour Arduino est un simple bouclier qui \u00e9tend les capacit\u00e9s d&rsquo;un Arduino. Il permet de connecter les afficheurs Riverdi avec les contr\u00f4leurs FT80x et <a title=\"FT81x\" href=\"https:\/\/riverdi.com\/technologies\/\">FT81x<\/a> \u00e0 l&rsquo;Arduino. La carte de blindage comprend : un connecteur de haut-parleur externe, plusieurs connecteurs d&rsquo;affichage, un emplacement pour carte micro-SD, un cavalier de s\u00e9lection de l&rsquo;alimentation du r\u00e9tro\u00e9clairage, un bouton de r\u00e9initialisation.<\/p>\n<p>En utilisant le bouclier Arduino, vous pouvez vous connecter \u00e0 des \u00e9crans arduino Riverdi EVE4 via l&rsquo;interface SPI int\u00e9gr\u00e9e.<\/p>\n","protected":false},"featured_media":542,"comment_status":"closed","ping_status":"closed","template":"","meta":{"_acf_changed":false,"content-type":"","inline_featured_image":false},"product_brand":[],"product_cat":[3519],"product_tag":[4614,4618],"class_list":{"0":"post-118758","1":"product","2":"type-product","3":"status-publish","4":"has-post-thumbnail","6":"product_cat-comites-devaluation","7":"product_tag-bouclier-arduino","8":"product_tag-bouclier-tft-riverdi-arduino","10":"first","11":"instock","12":"taxable","13":"shipping-taxable","14":"purchasable","15":"product-type-simple"},"acf":[],"yoast_head":"<!-- This site is optimized with the Yoast SEO plugin v27.0 - https:\/\/yoast.com\/product\/yoast-seo-wordpress\/ -->\n<title>Bouclier Riverdi pour Arduino - Riverdi<\/title>\n<meta name=\"robots\" content=\"index, follow, max-snippet:-1, max-image-preview:large, max-video-preview:-1\" \/>\n<link rel=\"canonical\" href=\"https:\/\/riverdi.com\/fr\/product\/arduino-riverdi-tft-shield\" \/>\n<meta property=\"og:locale\" content=\"fr_FR\" \/>\n<meta property=\"og:type\" content=\"article\" \/>\n<meta property=\"og:title\" content=\"Bouclier Riverdi pour Arduino - Riverdi\" \/>\n<meta property=\"og:description\" content=\"Riverdi Shield pour Arduino est un simple bouclier qui \u00e9tend les capacit\u00e9s d&#039;un Arduino. Il permet de connecter les afficheurs Riverdi avec les contr\u00f4leurs FT80x et FT81x \u00e0 l&#039;Arduino. La carte de blindage comprend : un connecteur de haut-parleur externe, plusieurs connecteurs d&#039;affichage, un emplacement pour carte micro-SD, un cavalier de s\u00e9lection de l&#039;alimentation du r\u00e9tro\u00e9clairage, un bouton de r\u00e9initialisation. En utilisant le bouclier Arduino, vous pouvez vous connecter \u00e0 des \u00e9crans arduino Riverdi EVE4 via l&#039;interface SPI int\u00e9gr\u00e9e.\" \/>\n<meta property=\"og:url\" content=\"https:\/\/riverdi.com\/fr\/product\/arduino-riverdi-tft-shield\" \/>\n<meta property=\"og:site_name\" content=\"Riverdi\" \/>\n<meta property=\"article:publisher\" content=\"https:\/\/www.facebook.com\/riverdi.displays\/\" \/>\n<meta property=\"og:image\" content=\"https:\/\/riverdi.com\/wp-content\/uploads\/2024\/03\/Arduino_shield-maxi.webp\" \/>\n\t<meta property=\"og:image:width\" content=\"1024\" \/>\n\t<meta property=\"og:image:height\" content=\"790\" \/>\n\t<meta property=\"og:image:type\" content=\"image\/webp\" \/>\n<meta name=\"twitter:card\" content=\"summary_large_image\" \/>\n<meta name=\"twitter:site\" content=\"@riverdidisplays\" \/>\n<script type=\"application\/ld+json\" class=\"yoast-schema-graph\">{\"@context\":\"https:\/\/schema.org\",\"@graph\":[{\"@type\":\"WebPage\",\"@id\":\"https:\/\/riverdi.com\/fr\/product\/arduino-riverdi-tft-shield\",\"url\":\"https:\/\/riverdi.com\/fr\/product\/arduino-riverdi-tft-shield\",\"name\":\"Bouclier Riverdi pour Arduino - Riverdi\",\"isPartOf\":{\"@id\":\"https:\/\/riverdi.com\/fr#website\"},\"primaryImageOfPage\":{\"@id\":\"https:\/\/riverdi.com\/fr\/product\/arduino-riverdi-tft-shield#primaryimage\"},\"image\":{\"@id\":\"https:\/\/riverdi.com\/fr\/product\/arduino-riverdi-tft-shield#primaryimage\"},\"thumbnailUrl\":\"https:\/\/riverdi.com\/wp-content\/uploads\/2024\/03\/Arduino_shield-maxi.webp\",\"datePublished\":\"2016-01-18T20:27:54+00:00\",\"breadcrumb\":{\"@id\":\"https:\/\/riverdi.com\/fr\/product\/arduino-riverdi-tft-shield#breadcrumb\"},\"inLanguage\":\"fr-FR\",\"potentialAction\":[{\"@type\":\"ReadAction\",\"target\":[\"https:\/\/riverdi.com\/fr\/product\/arduino-riverdi-tft-shield\"]}]},{\"@type\":\"ImageObject\",\"inLanguage\":\"fr-FR\",\"@id\":\"https:\/\/riverdi.com\/fr\/product\/arduino-riverdi-tft-shield#primaryimage\",\"url\":\"https:\/\/riverdi.com\/wp-content\/uploads\/2024\/03\/Arduino_shield-maxi.webp\",\"contentUrl\":\"https:\/\/riverdi.com\/wp-content\/uploads\/2024\/03\/Arduino_shield-maxi.webp\",\"width\":1024,\"height\":790,\"caption\":\"Bouclier Arduino\"},{\"@type\":\"BreadcrumbList\",\"@id\":\"https:\/\/riverdi.com\/fr\/product\/arduino-riverdi-tft-shield#breadcrumb\",\"itemListElement\":[{\"@type\":\"ListItem\",\"position\":1,\"name\":\"Front Page\",\"item\":\"https:\/\/riverdi.com\/fr\/page-daccueil\"},{\"@type\":\"ListItem\",\"position\":2,\"name\":\"Boutique\",\"item\":\"https:\/\/riverdi.com\/fr\/boutique-2\"},{\"@type\":\"ListItem\",\"position\":3,\"name\":\"Bouclier Riverdi pour Arduino\"}]},{\"@type\":\"WebSite\",\"@id\":\"https:\/\/riverdi.com\/fr#website\",\"url\":\"https:\/\/riverdi.com\/fr\",\"name\":\"Riverdi\",\"description\":\"Global TFT LCD Manufacturer\",\"potentialAction\":[{\"@type\":\"SearchAction\",\"target\":{\"@type\":\"EntryPoint\",\"urlTemplate\":\"https:\/\/riverdi.com\/fr?s={search_term_string}\"},\"query-input\":{\"@type\":\"PropertyValueSpecification\",\"valueRequired\":true,\"valueName\":\"search_term_string\"}}],\"inLanguage\":\"fr-FR\"}]}<\/script>\n<!-- \/ Yoast SEO plugin. -->","yoast_head_json":{"title":"Bouclier Riverdi pour Arduino - Riverdi","robots":{"index":"index","follow":"follow","max-snippet":"max-snippet:-1","max-image-preview":"max-image-preview:large","max-video-preview":"max-video-preview:-1"},"canonical":"https:\/\/riverdi.com\/fr\/product\/arduino-riverdi-tft-shield","og_locale":"fr_FR","og_type":"article","og_title":"Bouclier Riverdi pour Arduino - Riverdi","og_description":"Riverdi Shield pour Arduino est un simple bouclier qui \u00e9tend les capacit\u00e9s d'un Arduino. Il permet de connecter les afficheurs Riverdi avec les contr\u00f4leurs FT80x et FT81x \u00e0 l'Arduino. La carte de blindage comprend : un connecteur de haut-parleur externe, plusieurs connecteurs d'affichage, un emplacement pour carte micro-SD, un cavalier de s\u00e9lection de l'alimentation du r\u00e9tro\u00e9clairage, un bouton de r\u00e9initialisation. En utilisant le bouclier Arduino, vous pouvez vous connecter \u00e0 des \u00e9crans arduino Riverdi EVE4 via l'interface SPI int\u00e9gr\u00e9e.","og_url":"https:\/\/riverdi.com\/fr\/product\/arduino-riverdi-tft-shield","og_site_name":"Riverdi","article_publisher":"https:\/\/www.facebook.com\/riverdi.displays\/","og_image":[{"width":1024,"height":790,"url":"https:\/\/riverdi.com\/wp-content\/uploads\/2024\/03\/Arduino_shield-maxi.webp","type":"image\/webp"}],"twitter_card":"summary_large_image","twitter_site":"@riverdidisplays","schema":{"@context":"https:\/\/schema.org","@graph":[{"@type":"WebPage","@id":"https:\/\/riverdi.com\/fr\/product\/arduino-riverdi-tft-shield","url":"https:\/\/riverdi.com\/fr\/product\/arduino-riverdi-tft-shield","name":"Bouclier Riverdi pour Arduino - Riverdi","isPartOf":{"@id":"https:\/\/riverdi.com\/fr#website"},"primaryImageOfPage":{"@id":"https:\/\/riverdi.com\/fr\/product\/arduino-riverdi-tft-shield#primaryimage"},"image":{"@id":"https:\/\/riverdi.com\/fr\/product\/arduino-riverdi-tft-shield#primaryimage"},"thumbnailUrl":"https:\/\/riverdi.com\/wp-content\/uploads\/2024\/03\/Arduino_shield-maxi.webp","datePublished":"2016-01-18T20:27:54+00:00","breadcrumb":{"@id":"https:\/\/riverdi.com\/fr\/product\/arduino-riverdi-tft-shield#breadcrumb"},"inLanguage":"fr-FR","potentialAction":[{"@type":"ReadAction","target":["https:\/\/riverdi.com\/fr\/product\/arduino-riverdi-tft-shield"]}]},{"@type":"ImageObject","inLanguage":"fr-FR","@id":"https:\/\/riverdi.com\/fr\/product\/arduino-riverdi-tft-shield#primaryimage","url":"https:\/\/riverdi.com\/wp-content\/uploads\/2024\/03\/Arduino_shield-maxi.webp","contentUrl":"https:\/\/riverdi.com\/wp-content\/uploads\/2024\/03\/Arduino_shield-maxi.webp","width":1024,"height":790,"caption":"Bouclier Arduino"},{"@type":"BreadcrumbList","@id":"https:\/\/riverdi.com\/fr\/product\/arduino-riverdi-tft-shield#breadcrumb","itemListElement":[{"@type":"ListItem","position":1,"name":"Front Page","item":"https:\/\/riverdi.com\/fr\/page-daccueil"},{"@type":"ListItem","position":2,"name":"Boutique","item":"https:\/\/riverdi.com\/fr\/boutique-2"},{"@type":"ListItem","position":3,"name":"Bouclier Riverdi pour Arduino"}]},{"@type":"WebSite","@id":"https:\/\/riverdi.com\/fr#website","url":"https:\/\/riverdi.com\/fr","name":"Riverdi","description":"Global TFT LCD Manufacturer","potentialAction":[{"@type":"SearchAction","target":{"@type":"EntryPoint","urlTemplate":"https:\/\/riverdi.com\/fr?s={search_term_string}"},"query-input":{"@type":"PropertyValueSpecification","valueRequired":true,"valueName":"search_term_string"}}],"inLanguage":"fr-FR"}]}},"_links":{"self":[{"href":"https:\/\/riverdi.com\/fr\/wp-json\/wp\/v2\/product\/118758","targetHints":{"allow":["GET"]}}],"collection":[{"href":"https:\/\/riverdi.com\/fr\/wp-json\/wp\/v2\/product"}],"about":[{"href":"https:\/\/riverdi.com\/fr\/wp-json\/wp\/v2\/types\/product"}],"replies":[{"embeddable":true,"href":"https:\/\/riverdi.com\/fr\/wp-json\/wp\/v2\/comments?post=118758"}],"wp:featuredmedia":[{"embeddable":true,"href":"https:\/\/riverdi.com\/fr\/wp-json\/wp\/v2\/media\/542"}],"wp:attachment":[{"href":"https:\/\/riverdi.com\/fr\/wp-json\/wp\/v2\/media?parent=118758"}],"wp:term":[{"taxonomy":"product_brand","embeddable":true,"href":"https:\/\/riverdi.com\/fr\/wp-json\/wp\/v2\/product_brand?post=118758"},{"taxonomy":"product_cat","embeddable":true,"href":"https:\/\/riverdi.com\/fr\/wp-json\/wp\/v2\/product_cat?post=118758"},{"taxonomy":"product_tag","embeddable":true,"href":"https:\/\/riverdi.com\/fr\/wp-json\/wp\/v2\/product_tag?post=118758"}],"curies":[{"name":"wp","href":"https:\/\/api.w.org\/{rel}","templated":true}]}}