{"id":118707,"date":"2016-02-15T12:00:34","date_gmt":"2016-02-15T11:00:34","guid":{"rendered":"http:\/\/riverdi.com\/product\/rvt3-5b320240cfwc81\/"},"modified":"2024-05-20T10:03:44","modified_gmt":"2024-05-20T08:03:44","slug":"rvt3-5b320240cfwc81","status":"publish","type":"product","link":"https:\/\/riverdi.com\/fr\/product\/rvt3-5b320240cfwc81","title":{"rendered":"RVT3.5B320240CFWC81"},"content":{"rendered":"<p>n&rsquo;enlevez pas ceci<\/p>\n","protected":false},"excerpt":{"rendered":"<div style=\"padding-bottom: 20px;\"><span class=\"not-recommended\" style=\"background-color: #fdad00; padding: 15px; color: #ffffff;\"><strong>Pour les nouvelles conceptions, nous recommandons d&rsquo;utiliser <a href=\"https:\/\/riverdi.com\/product-category\/intelligent-displays\/bt817q\/\">EVE4<\/a>.<\/strong><\/span><\/div>\n<p><span style=\"font-weight: 400;\">Un \u00e9cran Riverdi <strong>3,5\u2033<\/strong> TFT avec un <strong>\u00e9cran tactile capacitif<\/strong> et un cadre de montage en m\u00e9tal qui permet une int\u00e9gration facile.<\/span><\/p>\n<p><span style=\"font-weight: 400;\">La r\u00e9solution de <strong>320&#215;240<\/strong> offre des couleurs claires et nettes, tandis que l&rsquo;\u00e9cran est pilot\u00e9 par le puissant <strong>contr\u00f4leur graphique FT801<\/strong>.<\/span><\/p>\n<p><span style=\"font-weight: 400;\">L&rsquo;\u00e9cran est dot\u00e9 d&rsquo;une <strong>interface SPI\/I2C<\/strong> standard.<\/span><\/p>\n","protected":false},"featured_media":931,"comment_status":"closed","ping_status":"closed","template":"","meta":{"_acf_changed":false,"content-type":"","inline_featured_image":false},"product_brand":[],"product_cat":[3388,4310],"product_tag":[3909,3423,4316,4314,3802,4513],"class_list":{"0":"post-118707","1":"product","2":"type-product","3":"status-publish","4":"has-post-thumbnail","6":"product_cat-affichages-intelligents","7":"product_cat-ft80x-fr","8":"product_tag-cadre","9":"product_tag-ctp-fr","10":"product_tag-ft801-fr","11":"product_tag-i2c-spi-fr","12":"product_tag-onduleur-led","13":"product_tag-rvt3-5b320240cfwc81-fr","15":"first","16":"instock","17":"taxable","18":"shipping-taxable","19":"purchasable","20":"product-type-simple"},"acf":[],"yoast_head":"<!-- This site is optimized with the Yoast SEO plugin v27.0 - https:\/\/yoast.com\/product\/yoast-seo-wordpress\/ -->\n<title>RVT3.5B320240CFWC81 - Riverdi<\/title>\n<meta name=\"robots\" content=\"index, follow, max-snippet:-1, max-image-preview:large, max-video-preview:-1\" \/>\n<link rel=\"canonical\" href=\"https:\/\/riverdi.com\/fr\/product\/rvt3-5b320240cfwc81\" \/>\n<meta property=\"og:locale\" content=\"fr_FR\" \/>\n<meta property=\"og:type\" content=\"article\" \/>\n<meta property=\"og:title\" content=\"RVT3.5B320240CFWC81 - Riverdi\" \/>\n<meta property=\"og:description\" content=\"Pour les nouvelles conceptions, nous recommandons d&#039;utiliser EVE4. Un \u00e9cran Riverdi 3,5\u2033 TFT avec un \u00e9cran tactile capacitif et un cadre de montage en m\u00e9tal qui permet une int\u00e9gration facile. La r\u00e9solution de 320x240 offre des couleurs claires et nettes, tandis que l&#039;\u00e9cran est pilot\u00e9 par le puissant contr\u00f4leur graphique FT801. L&#039;\u00e9cran est dot\u00e9 d&#039;une interface SPI\/I2C standard.\" \/>\n<meta property=\"og:url\" content=\"https:\/\/riverdi.com\/fr\/product\/rvt3-5b320240cfwc81\" \/>\n<meta property=\"og:site_name\" content=\"Riverdi\" \/>\n<meta property=\"article:publisher\" content=\"https:\/\/www.facebook.com\/riverdi.displays\/\" \/>\n<meta property=\"article:modified_time\" content=\"2024-05-20T08:03:44+00:00\" \/>\n<meta property=\"og:image\" content=\"https:\/\/riverdi.com\/wp-content\/uploads\/2024\/03\/eve-35-frontArtboard-1-copy-4.png\" \/>\n\t<meta property=\"og:image:width\" content=\"1280\" \/>\n\t<meta property=\"og:image:height\" content=\"880\" \/>\n\t<meta property=\"og:image:type\" content=\"image\/png\" \/>\n<meta name=\"twitter:card\" content=\"summary_large_image\" \/>\n<meta name=\"twitter:site\" content=\"@riverdidisplays\" \/>\n<script type=\"application\/ld+json\" class=\"yoast-schema-graph\">{\"@context\":\"https:\/\/schema.org\",\"@graph\":[{\"@type\":\"WebPage\",\"@id\":\"https:\/\/riverdi.com\/fr\/product\/rvt3-5b320240cfwc81\",\"url\":\"https:\/\/riverdi.com\/fr\/product\/rvt3-5b320240cfwc81\",\"name\":\"RVT3.5B320240CFWC81 - Riverdi\",\"isPartOf\":{\"@id\":\"https:\/\/riverdi.com\/fr#website\"},\"primaryImageOfPage\":{\"@id\":\"https:\/\/riverdi.com\/fr\/product\/rvt3-5b320240cfwc81#primaryimage\"},\"image\":{\"@id\":\"https:\/\/riverdi.com\/fr\/product\/rvt3-5b320240cfwc81#primaryimage\"},\"thumbnailUrl\":\"https:\/\/riverdi.com\/wp-content\/uploads\/2024\/03\/eve-35-frontArtboard-1-copy-4.png\",\"datePublished\":\"2016-02-15T11:00:34+00:00\",\"dateModified\":\"2024-05-20T08:03:44+00:00\",\"breadcrumb\":{\"@id\":\"https:\/\/riverdi.com\/fr\/product\/rvt3-5b320240cfwc81#breadcrumb\"},\"inLanguage\":\"fr-FR\",\"potentialAction\":[{\"@type\":\"ReadAction\",\"target\":[\"https:\/\/riverdi.com\/fr\/product\/rvt3-5b320240cfwc81\"]}]},{\"@type\":\"ImageObject\",\"inLanguage\":\"fr-FR\",\"@id\":\"https:\/\/riverdi.com\/fr\/product\/rvt3-5b320240cfwc81#primaryimage\",\"url\":\"https:\/\/riverdi.com\/wp-content\/uploads\/2024\/03\/eve-35-frontArtboard-1-copy-4.png\",\"contentUrl\":\"https:\/\/riverdi.com\/wp-content\/uploads\/2024\/03\/eve-35-frontArtboard-1-copy-4.png\",\"width\":1280,\"height\":880},{\"@type\":\"BreadcrumbList\",\"@id\":\"https:\/\/riverdi.com\/fr\/product\/rvt3-5b320240cfwc81#breadcrumb\",\"itemListElement\":[{\"@type\":\"ListItem\",\"position\":1,\"name\":\"Front Page\",\"item\":\"https:\/\/riverdi.com\/fr\/page-daccueil\"},{\"@type\":\"ListItem\",\"position\":2,\"name\":\"Boutique\",\"item\":\"https:\/\/riverdi.com\/fr\/boutique-2\"},{\"@type\":\"ListItem\",\"position\":3,\"name\":\"RVT3.5B320240CFWC81\"}]},{\"@type\":\"WebSite\",\"@id\":\"https:\/\/riverdi.com\/fr#website\",\"url\":\"https:\/\/riverdi.com\/fr\",\"name\":\"Riverdi\",\"description\":\"Global TFT LCD Manufacturer\",\"potentialAction\":[{\"@type\":\"SearchAction\",\"target\":{\"@type\":\"EntryPoint\",\"urlTemplate\":\"https:\/\/riverdi.com\/fr?s={search_term_string}\"},\"query-input\":{\"@type\":\"PropertyValueSpecification\",\"valueRequired\":true,\"valueName\":\"search_term_string\"}}],\"inLanguage\":\"fr-FR\"}]}<\/script>\n<!-- \/ Yoast SEO plugin. -->","yoast_head_json":{"title":"RVT3.5B320240CFWC81 - Riverdi","robots":{"index":"index","follow":"follow","max-snippet":"max-snippet:-1","max-image-preview":"max-image-preview:large","max-video-preview":"max-video-preview:-1"},"canonical":"https:\/\/riverdi.com\/fr\/product\/rvt3-5b320240cfwc81","og_locale":"fr_FR","og_type":"article","og_title":"RVT3.5B320240CFWC81 - Riverdi","og_description":"Pour les nouvelles conceptions, nous recommandons d'utiliser EVE4. Un \u00e9cran Riverdi 3,5\u2033 TFT avec un \u00e9cran tactile capacitif et un cadre de montage en m\u00e9tal qui permet une int\u00e9gration facile. La r\u00e9solution de 320x240 offre des couleurs claires et nettes, tandis que l'\u00e9cran est pilot\u00e9 par le puissant contr\u00f4leur graphique FT801. L'\u00e9cran est dot\u00e9 d'une interface SPI\/I2C standard.","og_url":"https:\/\/riverdi.com\/fr\/product\/rvt3-5b320240cfwc81","og_site_name":"Riverdi","article_publisher":"https:\/\/www.facebook.com\/riverdi.displays\/","article_modified_time":"2024-05-20T08:03:44+00:00","og_image":[{"width":1280,"height":880,"url":"https:\/\/riverdi.com\/wp-content\/uploads\/2024\/03\/eve-35-frontArtboard-1-copy-4.png","type":"image\/png"}],"twitter_card":"summary_large_image","twitter_site":"@riverdidisplays","schema":{"@context":"https:\/\/schema.org","@graph":[{"@type":"WebPage","@id":"https:\/\/riverdi.com\/fr\/product\/rvt3-5b320240cfwc81","url":"https:\/\/riverdi.com\/fr\/product\/rvt3-5b320240cfwc81","name":"RVT3.5B320240CFWC81 - Riverdi","isPartOf":{"@id":"https:\/\/riverdi.com\/fr#website"},"primaryImageOfPage":{"@id":"https:\/\/riverdi.com\/fr\/product\/rvt3-5b320240cfwc81#primaryimage"},"image":{"@id":"https:\/\/riverdi.com\/fr\/product\/rvt3-5b320240cfwc81#primaryimage"},"thumbnailUrl":"https:\/\/riverdi.com\/wp-content\/uploads\/2024\/03\/eve-35-frontArtboard-1-copy-4.png","datePublished":"2016-02-15T11:00:34+00:00","dateModified":"2024-05-20T08:03:44+00:00","breadcrumb":{"@id":"https:\/\/riverdi.com\/fr\/product\/rvt3-5b320240cfwc81#breadcrumb"},"inLanguage":"fr-FR","potentialAction":[{"@type":"ReadAction","target":["https:\/\/riverdi.com\/fr\/product\/rvt3-5b320240cfwc81"]}]},{"@type":"ImageObject","inLanguage":"fr-FR","@id":"https:\/\/riverdi.com\/fr\/product\/rvt3-5b320240cfwc81#primaryimage","url":"https:\/\/riverdi.com\/wp-content\/uploads\/2024\/03\/eve-35-frontArtboard-1-copy-4.png","contentUrl":"https:\/\/riverdi.com\/wp-content\/uploads\/2024\/03\/eve-35-frontArtboard-1-copy-4.png","width":1280,"height":880},{"@type":"BreadcrumbList","@id":"https:\/\/riverdi.com\/fr\/product\/rvt3-5b320240cfwc81#breadcrumb","itemListElement":[{"@type":"ListItem","position":1,"name":"Front Page","item":"https:\/\/riverdi.com\/fr\/page-daccueil"},{"@type":"ListItem","position":2,"name":"Boutique","item":"https:\/\/riverdi.com\/fr\/boutique-2"},{"@type":"ListItem","position":3,"name":"RVT3.5B320240CFWC81"}]},{"@type":"WebSite","@id":"https:\/\/riverdi.com\/fr#website","url":"https:\/\/riverdi.com\/fr","name":"Riverdi","description":"Global TFT LCD Manufacturer","potentialAction":[{"@type":"SearchAction","target":{"@type":"EntryPoint","urlTemplate":"https:\/\/riverdi.com\/fr?s={search_term_string}"},"query-input":{"@type":"PropertyValueSpecification","valueRequired":true,"valueName":"search_term_string"}}],"inLanguage":"fr-FR"}]}},"_links":{"self":[{"href":"https:\/\/riverdi.com\/fr\/wp-json\/wp\/v2\/product\/118707","targetHints":{"allow":["GET"]}}],"collection":[{"href":"https:\/\/riverdi.com\/fr\/wp-json\/wp\/v2\/product"}],"about":[{"href":"https:\/\/riverdi.com\/fr\/wp-json\/wp\/v2\/types\/product"}],"replies":[{"embeddable":true,"href":"https:\/\/riverdi.com\/fr\/wp-json\/wp\/v2\/comments?post=118707"}],"wp:featuredmedia":[{"embeddable":true,"href":"https:\/\/riverdi.com\/fr\/wp-json\/wp\/v2\/media\/931"}],"wp:attachment":[{"href":"https:\/\/riverdi.com\/fr\/wp-json\/wp\/v2\/media?parent=118707"}],"wp:term":[{"taxonomy":"product_brand","embeddable":true,"href":"https:\/\/riverdi.com\/fr\/wp-json\/wp\/v2\/product_brand?post=118707"},{"taxonomy":"product_cat","embeddable":true,"href":"https:\/\/riverdi.com\/fr\/wp-json\/wp\/v2\/product_cat?post=118707"},{"taxonomy":"product_tag","embeddable":true,"href":"https:\/\/riverdi.com\/fr\/wp-json\/wp\/v2\/product_tag?post=118707"}],"curies":[{"name":"wp","href":"https:\/\/api.w.org\/{rel}","templated":true}]}}