{"id":118677,"date":"2016-02-15T12:46:56","date_gmt":"2016-02-15T11:46:56","guid":{"rendered":"http:\/\/riverdi.com\/product\/rvt4-3a480272tfwn00\/"},"modified":"2016-02-15T12:46:56","modified_gmt":"2016-02-15T11:46:56","slug":"rvt4-3a480272tfwn00","status":"publish","type":"product","link":"https:\/\/riverdi.com\/fr\/product\/rvt4-3a480272tfwn00","title":{"rendered":"RVT4.3A480272TFWN00"},"content":{"rendered":"<p>n&rsquo;enlevez pas ceci<\/p>\n","protected":false},"excerpt":{"rendered":"<p><span class=\"not-recommended\" style=\"background-color: #fdad00; padding: 15px; color: #ffffff;\"><strong>Pour les nouvelles conceptions, nous recommandons l&rsquo;utilisation d&rsquo;<a href=\"https:\/\/riverdi.com\/product-category\/rgb-lvds-mipi-dsi-lcd-displays\/hb-ips\/\">\u00e9crans IPS \u00e0 haute luminosit\u00e9<\/a>.<\/strong><\/span><\/p>\n<p><span style=\"font-weight: 400;\">Un \u00e9cran Riverdi <strong>4.3\u2033<\/strong> TFT avec un cadre de montage en m\u00e9tal qui permet une int\u00e9gration facile, et une <strong>interface RGB<\/strong>.<\/span><\/p>\n<p><span style=\"font-weight: 400;\">La r\u00e9solution <strong>480\u00d7272<\/strong> permet d&rsquo;obtenir des couleurs claires et nettes.<\/span><\/p>\n","protected":false},"featured_media":971,"comment_status":"closed","ping_status":"closed","template":"","meta":{"_acf_changed":false,"content-type":"","inline_featured_image":false},"product_brand":[],"product_cat":[4859,3801,3374,3469],"product_tag":[3909,3475,4487],"class_list":{"0":"post-118677","1":"product","2":"type-product","3":"status-publish","4":"has-post-thumbnail","6":"product_cat-affichages-lvds","7":"product_cat-ecrans-a-luminosite-standard","8":"product_cat-ecrans-lcd-rvb-lvds-mipi-dsi","9":"product_cat-modules-rvb","10":"product_tag-cadre","11":"product_tag-rvb","12":"product_tag-rvt4-3a480272tfwn00-fr","14":"first","15":"instock","16":"taxable","17":"shipping-taxable","18":"purchasable","19":"product-type-simple"},"acf":[],"yoast_head":"<!-- This site is optimized with the Yoast SEO plugin v27.0 - https:\/\/yoast.com\/product\/yoast-seo-wordpress\/ -->\n<title>RVT4.3A480272TFWN00 - Riverdi<\/title>\n<meta name=\"robots\" content=\"index, follow, max-snippet:-1, max-image-preview:large, max-video-preview:-1\" \/>\n<link rel=\"canonical\" href=\"https:\/\/riverdi.com\/fr\/product\/rvt4-3a480272tfwn00\" \/>\n<meta property=\"og:locale\" content=\"fr_FR\" \/>\n<meta property=\"og:type\" content=\"article\" \/>\n<meta property=\"og:title\" content=\"RVT4.3A480272TFWN00 - Riverdi\" \/>\n<meta property=\"og:description\" content=\"Pour les nouvelles conceptions, nous recommandons l&#039;utilisation d&#039;\u00e9crans IPS \u00e0 haute luminosit\u00e9. Un \u00e9cran Riverdi 4.3\u2033 TFT avec un cadre de montage en m\u00e9tal qui permet une int\u00e9gration facile, et une interface RGB. La r\u00e9solution 480\u00d7272 permet d&#039;obtenir des couleurs claires et nettes.\" \/>\n<meta property=\"og:url\" content=\"https:\/\/riverdi.com\/fr\/product\/rvt4-3a480272tfwn00\" \/>\n<meta property=\"og:site_name\" content=\"Riverdi\" \/>\n<meta property=\"article:publisher\" content=\"https:\/\/www.facebook.com\/riverdi.displays\/\" \/>\n<meta property=\"og:image\" content=\"https:\/\/riverdi.com\/wp-content\/uploads\/2024\/03\/rgb-43-frontArtboard-3-100.webp\" \/>\n\t<meta property=\"og:image:width\" content=\"1280\" \/>\n\t<meta property=\"og:image:height\" content=\"880\" \/>\n\t<meta property=\"og:image:type\" content=\"image\/webp\" \/>\n<meta name=\"twitter:card\" content=\"summary_large_image\" \/>\n<meta name=\"twitter:site\" content=\"@riverdidisplays\" \/>\n<script type=\"application\/ld+json\" class=\"yoast-schema-graph\">{\"@context\":\"https:\/\/schema.org\",\"@graph\":[{\"@type\":\"WebPage\",\"@id\":\"https:\/\/riverdi.com\/fr\/product\/rvt4-3a480272tfwn00\",\"url\":\"https:\/\/riverdi.com\/fr\/product\/rvt4-3a480272tfwn00\",\"name\":\"RVT4.3A480272TFWN00 - Riverdi\",\"isPartOf\":{\"@id\":\"https:\/\/riverdi.com\/fr#website\"},\"primaryImageOfPage\":{\"@id\":\"https:\/\/riverdi.com\/fr\/product\/rvt4-3a480272tfwn00#primaryimage\"},\"image\":{\"@id\":\"https:\/\/riverdi.com\/fr\/product\/rvt4-3a480272tfwn00#primaryimage\"},\"thumbnailUrl\":\"https:\/\/riverdi.com\/wp-content\/uploads\/2024\/03\/rgb-43-frontArtboard-3-100.webp\",\"datePublished\":\"2016-02-15T11:46:56+00:00\",\"breadcrumb\":{\"@id\":\"https:\/\/riverdi.com\/fr\/product\/rvt4-3a480272tfwn00#breadcrumb\"},\"inLanguage\":\"fr-FR\",\"potentialAction\":[{\"@type\":\"ReadAction\",\"target\":[\"https:\/\/riverdi.com\/fr\/product\/rvt4-3a480272tfwn00\"]}]},{\"@type\":\"ImageObject\",\"inLanguage\":\"fr-FR\",\"@id\":\"https:\/\/riverdi.com\/fr\/product\/rvt4-3a480272tfwn00#primaryimage\",\"url\":\"https:\/\/riverdi.com\/wp-content\/uploads\/2024\/03\/rgb-43-frontArtboard-3-100.webp\",\"contentUrl\":\"https:\/\/riverdi.com\/wp-content\/uploads\/2024\/03\/rgb-43-frontArtboard-3-100.webp\",\"width\":1280,\"height\":880,\"caption\":\"\u00c9crans TN \u00e0 luminosit\u00e9 standard\"},{\"@type\":\"BreadcrumbList\",\"@id\":\"https:\/\/riverdi.com\/fr\/product\/rvt4-3a480272tfwn00#breadcrumb\",\"itemListElement\":[{\"@type\":\"ListItem\",\"position\":1,\"name\":\"Front Page\",\"item\":\"https:\/\/riverdi.com\/fr\/page-daccueil\"},{\"@type\":\"ListItem\",\"position\":2,\"name\":\"Boutique\",\"item\":\"https:\/\/riverdi.com\/fr\/boutique-2\"},{\"@type\":\"ListItem\",\"position\":3,\"name\":\"RVT4.3A480272TFWN00\"}]},{\"@type\":\"WebSite\",\"@id\":\"https:\/\/riverdi.com\/fr#website\",\"url\":\"https:\/\/riverdi.com\/fr\",\"name\":\"Riverdi\",\"description\":\"Global TFT LCD Manufacturer\",\"potentialAction\":[{\"@type\":\"SearchAction\",\"target\":{\"@type\":\"EntryPoint\",\"urlTemplate\":\"https:\/\/riverdi.com\/fr?s={search_term_string}\"},\"query-input\":{\"@type\":\"PropertyValueSpecification\",\"valueRequired\":true,\"valueName\":\"search_term_string\"}}],\"inLanguage\":\"fr-FR\"}]}<\/script>\n<!-- \/ Yoast SEO plugin. -->","yoast_head_json":{"title":"RVT4.3A480272TFWN00 - Riverdi","robots":{"index":"index","follow":"follow","max-snippet":"max-snippet:-1","max-image-preview":"max-image-preview:large","max-video-preview":"max-video-preview:-1"},"canonical":"https:\/\/riverdi.com\/fr\/product\/rvt4-3a480272tfwn00","og_locale":"fr_FR","og_type":"article","og_title":"RVT4.3A480272TFWN00 - Riverdi","og_description":"Pour les nouvelles conceptions, nous recommandons l'utilisation d'\u00e9crans IPS \u00e0 haute luminosit\u00e9. Un \u00e9cran Riverdi 4.3\u2033 TFT avec un cadre de montage en m\u00e9tal qui permet une int\u00e9gration facile, et une interface RGB. La r\u00e9solution 480\u00d7272 permet d'obtenir des couleurs claires et nettes.","og_url":"https:\/\/riverdi.com\/fr\/product\/rvt4-3a480272tfwn00","og_site_name":"Riverdi","article_publisher":"https:\/\/www.facebook.com\/riverdi.displays\/","og_image":[{"width":1280,"height":880,"url":"https:\/\/riverdi.com\/wp-content\/uploads\/2024\/03\/rgb-43-frontArtboard-3-100.webp","type":"image\/webp"}],"twitter_card":"summary_large_image","twitter_site":"@riverdidisplays","schema":{"@context":"https:\/\/schema.org","@graph":[{"@type":"WebPage","@id":"https:\/\/riverdi.com\/fr\/product\/rvt4-3a480272tfwn00","url":"https:\/\/riverdi.com\/fr\/product\/rvt4-3a480272tfwn00","name":"RVT4.3A480272TFWN00 - Riverdi","isPartOf":{"@id":"https:\/\/riverdi.com\/fr#website"},"primaryImageOfPage":{"@id":"https:\/\/riverdi.com\/fr\/product\/rvt4-3a480272tfwn00#primaryimage"},"image":{"@id":"https:\/\/riverdi.com\/fr\/product\/rvt4-3a480272tfwn00#primaryimage"},"thumbnailUrl":"https:\/\/riverdi.com\/wp-content\/uploads\/2024\/03\/rgb-43-frontArtboard-3-100.webp","datePublished":"2016-02-15T11:46:56+00:00","breadcrumb":{"@id":"https:\/\/riverdi.com\/fr\/product\/rvt4-3a480272tfwn00#breadcrumb"},"inLanguage":"fr-FR","potentialAction":[{"@type":"ReadAction","target":["https:\/\/riverdi.com\/fr\/product\/rvt4-3a480272tfwn00"]}]},{"@type":"ImageObject","inLanguage":"fr-FR","@id":"https:\/\/riverdi.com\/fr\/product\/rvt4-3a480272tfwn00#primaryimage","url":"https:\/\/riverdi.com\/wp-content\/uploads\/2024\/03\/rgb-43-frontArtboard-3-100.webp","contentUrl":"https:\/\/riverdi.com\/wp-content\/uploads\/2024\/03\/rgb-43-frontArtboard-3-100.webp","width":1280,"height":880,"caption":"\u00c9crans TN \u00e0 luminosit\u00e9 standard"},{"@type":"BreadcrumbList","@id":"https:\/\/riverdi.com\/fr\/product\/rvt4-3a480272tfwn00#breadcrumb","itemListElement":[{"@type":"ListItem","position":1,"name":"Front Page","item":"https:\/\/riverdi.com\/fr\/page-daccueil"},{"@type":"ListItem","position":2,"name":"Boutique","item":"https:\/\/riverdi.com\/fr\/boutique-2"},{"@type":"ListItem","position":3,"name":"RVT4.3A480272TFWN00"}]},{"@type":"WebSite","@id":"https:\/\/riverdi.com\/fr#website","url":"https:\/\/riverdi.com\/fr","name":"Riverdi","description":"Global TFT LCD Manufacturer","potentialAction":[{"@type":"SearchAction","target":{"@type":"EntryPoint","urlTemplate":"https:\/\/riverdi.com\/fr?s={search_term_string}"},"query-input":{"@type":"PropertyValueSpecification","valueRequired":true,"valueName":"search_term_string"}}],"inLanguage":"fr-FR"}]}},"_links":{"self":[{"href":"https:\/\/riverdi.com\/fr\/wp-json\/wp\/v2\/product\/118677","targetHints":{"allow":["GET"]}}],"collection":[{"href":"https:\/\/riverdi.com\/fr\/wp-json\/wp\/v2\/product"}],"about":[{"href":"https:\/\/riverdi.com\/fr\/wp-json\/wp\/v2\/types\/product"}],"replies":[{"embeddable":true,"href":"https:\/\/riverdi.com\/fr\/wp-json\/wp\/v2\/comments?post=118677"}],"wp:featuredmedia":[{"embeddable":true,"href":"https:\/\/riverdi.com\/fr\/wp-json\/wp\/v2\/media\/971"}],"wp:attachment":[{"href":"https:\/\/riverdi.com\/fr\/wp-json\/wp\/v2\/media?parent=118677"}],"wp:term":[{"taxonomy":"product_brand","embeddable":true,"href":"https:\/\/riverdi.com\/fr\/wp-json\/wp\/v2\/product_brand?post=118677"},{"taxonomy":"product_cat","embeddable":true,"href":"https:\/\/riverdi.com\/fr\/wp-json\/wp\/v2\/product_cat?post=118677"},{"taxonomy":"product_tag","embeddable":true,"href":"https:\/\/riverdi.com\/fr\/wp-json\/wp\/v2\/product_tag?post=118677"}],"curies":[{"name":"wp","href":"https:\/\/api.w.org\/{rel}","templated":true}]}}