{"id":118675,"date":"2016-02-15T13:23:51","date_gmt":"2016-02-15T12:23:51","guid":{"rendered":"http:\/\/riverdi.com\/product\/rvt43ultnwc0x\/"},"modified":"2024-10-01T15:45:56","modified_gmt":"2024-10-01T13:45:56","slug":"rvt43ultnwc0x","status":"publish","type":"product","link":"https:\/\/riverdi.com\/fr\/product\/rvt43ultnwc0x","title":{"rendered":"RVT43ULTNWC0x"},"content":{"rendered":"<p>n&rsquo;enlevez pas ceci<\/p>\n","protected":false},"excerpt":{"rendered":"<p><span class=\"not-recommended\" style=\"background-color: #fdad00; padding: 15px; color: #ffffff;\"><strong>Pour les nouvelles conceptions, nous recommandons d&rsquo;utiliser des <a href=\"https:\/\/riverdi.com\/product-category\/rgb-lvds-mipi-dsi-lcd-displays\/hb-ips\/\">\u00e9crans IPS \u00e0 haute luminosit\u00e9.<\/a><\/strong><\/span><\/p>\n<p><span style=\"font-weight: 400;\">Un \u00e9cran Riverdi TFT de <strong>4,3 pouces<\/strong> avec un <strong>\u00e9cran tactile capacitif<\/strong> projet\u00e9 et une vitre de couverture d\u00e9corative, disponible en deux versions : <strong>noire<\/strong> et <strong>blanche<\/strong>. L&rsquo;\u00e9cran est dot\u00e9 d&rsquo;une <strong>interface RVB<\/strong>.<\/span><\/p>\n<p><span style=\"font-weight: 400;\">La r\u00e9solution <strong>480&#215;272<\/strong> permet d&rsquo;obtenir des couleurs claires et nettes.<\/span><\/p>\n","protected":false},"featured_media":103606,"comment_status":"closed","ping_status":"closed","template":"","meta":{"_acf_changed":false,"content-type":"","inline_featured_image":false},"product_brand":[],"product_cat":[4859,4794,3801,3374,3469],"product_tag":[3423,3475,4483,3292],"class_list":{"0":"post-118675","1":"product","2":"type-product","3":"status-publish","4":"has-post-thumbnail","6":"product_cat-affichages-lvds","7":"product_cat-affichages-mipi-dsi","8":"product_cat-ecrans-a-luminosite-standard","9":"product_cat-ecrans-lcd-rvb-lvds-mipi-dsi","10":"product_cat-modules-rvb","11":"product_tag-ctp-fr","12":"product_tag-rvb","13":"product_tag-rvt43ultnwc0x-fr","14":"product_tag-uxtouch-fr","16":"first","17":"instock","18":"taxable","19":"shipping-taxable","20":"purchasable","21":"product-type-variable","22":"has-default-attributes"},"acf":[],"yoast_head":"<!-- This site is optimized with the Yoast SEO plugin v27.0 - https:\/\/yoast.com\/product\/yoast-seo-wordpress\/ -->\n<title>RVT43ULTNWC0x - Riverdi<\/title>\n<meta name=\"robots\" content=\"index, follow, max-snippet:-1, max-image-preview:large, max-video-preview:-1\" \/>\n<link rel=\"canonical\" href=\"https:\/\/riverdi.com\/fr\/product\/rvt43ultnwc0x\" \/>\n<meta property=\"og:locale\" content=\"fr_FR\" \/>\n<meta property=\"og:type\" content=\"article\" \/>\n<meta property=\"og:title\" content=\"RVT43ULTNWC0x - Riverdi\" \/>\n<meta property=\"og:description\" content=\"Pour les nouvelles conceptions, nous recommandons d&#039;utiliser des \u00e9crans IPS \u00e0 haute luminosit\u00e9. Un \u00e9cran Riverdi TFT de 4,3 pouces avec un \u00e9cran tactile capacitif projet\u00e9 et une vitre de couverture d\u00e9corative, disponible en deux versions : noire et blanche. L&#039;\u00e9cran est dot\u00e9 d&#039;une interface RVB. La r\u00e9solution 480x272 permet d&#039;obtenir des couleurs claires et nettes.\" \/>\n<meta property=\"og:url\" content=\"https:\/\/riverdi.com\/fr\/product\/rvt43ultnwc0x\" \/>\n<meta property=\"og:site_name\" content=\"Riverdi\" \/>\n<meta property=\"article:publisher\" content=\"https:\/\/www.facebook.com\/riverdi.displays\/\" \/>\n<meta property=\"article:modified_time\" content=\"2024-10-01T13:45:56+00:00\" \/>\n<meta property=\"og:image\" content=\"https:\/\/riverdi.com\/wp-content\/uploads\/2024\/04\/RGB-4.3-ux-front.png\" \/>\n\t<meta property=\"og:image:width\" content=\"1280\" \/>\n\t<meta property=\"og:image:height\" content=\"880\" \/>\n\t<meta property=\"og:image:type\" content=\"image\/png\" \/>\n<meta name=\"twitter:card\" content=\"summary_large_image\" \/>\n<meta name=\"twitter:site\" content=\"@riverdidisplays\" \/>\n<script type=\"application\/ld+json\" class=\"yoast-schema-graph\">{\"@context\":\"https:\/\/schema.org\",\"@graph\":[{\"@type\":\"WebPage\",\"@id\":\"https:\/\/riverdi.com\/fr\/product\/rvt43ultnwc0x\",\"url\":\"https:\/\/riverdi.com\/fr\/product\/rvt43ultnwc0x\",\"name\":\"RVT43ULTNWC0x - Riverdi\",\"isPartOf\":{\"@id\":\"https:\/\/riverdi.com\/fr#website\"},\"primaryImageOfPage\":{\"@id\":\"https:\/\/riverdi.com\/fr\/product\/rvt43ultnwc0x#primaryimage\"},\"image\":{\"@id\":\"https:\/\/riverdi.com\/fr\/product\/rvt43ultnwc0x#primaryimage\"},\"thumbnailUrl\":\"https:\/\/riverdi.com\/wp-content\/uploads\/2024\/04\/RGB-4.3-ux-front.png\",\"datePublished\":\"2016-02-15T12:23:51+00:00\",\"dateModified\":\"2024-10-01T13:45:56+00:00\",\"breadcrumb\":{\"@id\":\"https:\/\/riverdi.com\/fr\/product\/rvt43ultnwc0x#breadcrumb\"},\"inLanguage\":\"fr-FR\",\"potentialAction\":[{\"@type\":\"ReadAction\",\"target\":[\"https:\/\/riverdi.com\/fr\/product\/rvt43ultnwc0x\"]}]},{\"@type\":\"ImageObject\",\"inLanguage\":\"fr-FR\",\"@id\":\"https:\/\/riverdi.com\/fr\/product\/rvt43ultnwc0x#primaryimage\",\"url\":\"https:\/\/riverdi.com\/wp-content\/uploads\/2024\/04\/RGB-4.3-ux-front.png\",\"contentUrl\":\"https:\/\/riverdi.com\/wp-content\/uploads\/2024\/04\/RGB-4.3-ux-front.png\",\"width\":1280,\"height\":880},{\"@type\":\"BreadcrumbList\",\"@id\":\"https:\/\/riverdi.com\/fr\/product\/rvt43ultnwc0x#breadcrumb\",\"itemListElement\":[{\"@type\":\"ListItem\",\"position\":1,\"name\":\"Front Page\",\"item\":\"https:\/\/riverdi.com\/fr\/page-daccueil\"},{\"@type\":\"ListItem\",\"position\":2,\"name\":\"Boutique\",\"item\":\"https:\/\/riverdi.com\/fr\/boutique-2\"},{\"@type\":\"ListItem\",\"position\":3,\"name\":\"RVT43ULTNWC0x\"}]},{\"@type\":\"WebSite\",\"@id\":\"https:\/\/riverdi.com\/fr#website\",\"url\":\"https:\/\/riverdi.com\/fr\",\"name\":\"Riverdi\",\"description\":\"Global TFT LCD Manufacturer\",\"potentialAction\":[{\"@type\":\"SearchAction\",\"target\":{\"@type\":\"EntryPoint\",\"urlTemplate\":\"https:\/\/riverdi.com\/fr?s={search_term_string}\"},\"query-input\":{\"@type\":\"PropertyValueSpecification\",\"valueRequired\":true,\"valueName\":\"search_term_string\"}}],\"inLanguage\":\"fr-FR\"}]}<\/script>\n<!-- \/ Yoast SEO plugin. -->","yoast_head_json":{"title":"RVT43ULTNWC0x - Riverdi","robots":{"index":"index","follow":"follow","max-snippet":"max-snippet:-1","max-image-preview":"max-image-preview:large","max-video-preview":"max-video-preview:-1"},"canonical":"https:\/\/riverdi.com\/fr\/product\/rvt43ultnwc0x","og_locale":"fr_FR","og_type":"article","og_title":"RVT43ULTNWC0x - Riverdi","og_description":"Pour les nouvelles conceptions, nous recommandons d'utiliser des \u00e9crans IPS \u00e0 haute luminosit\u00e9. Un \u00e9cran Riverdi TFT de 4,3 pouces avec un \u00e9cran tactile capacitif projet\u00e9 et une vitre de couverture d\u00e9corative, disponible en deux versions : noire et blanche. L'\u00e9cran est dot\u00e9 d'une interface RVB. La r\u00e9solution 480x272 permet d'obtenir des couleurs claires et nettes.","og_url":"https:\/\/riverdi.com\/fr\/product\/rvt43ultnwc0x","og_site_name":"Riverdi","article_publisher":"https:\/\/www.facebook.com\/riverdi.displays\/","article_modified_time":"2024-10-01T13:45:56+00:00","og_image":[{"width":1280,"height":880,"url":"https:\/\/riverdi.com\/wp-content\/uploads\/2024\/04\/RGB-4.3-ux-front.png","type":"image\/png"}],"twitter_card":"summary_large_image","twitter_site":"@riverdidisplays","schema":{"@context":"https:\/\/schema.org","@graph":[{"@type":"WebPage","@id":"https:\/\/riverdi.com\/fr\/product\/rvt43ultnwc0x","url":"https:\/\/riverdi.com\/fr\/product\/rvt43ultnwc0x","name":"RVT43ULTNWC0x - Riverdi","isPartOf":{"@id":"https:\/\/riverdi.com\/fr#website"},"primaryImageOfPage":{"@id":"https:\/\/riverdi.com\/fr\/product\/rvt43ultnwc0x#primaryimage"},"image":{"@id":"https:\/\/riverdi.com\/fr\/product\/rvt43ultnwc0x#primaryimage"},"thumbnailUrl":"https:\/\/riverdi.com\/wp-content\/uploads\/2024\/04\/RGB-4.3-ux-front.png","datePublished":"2016-02-15T12:23:51+00:00","dateModified":"2024-10-01T13:45:56+00:00","breadcrumb":{"@id":"https:\/\/riverdi.com\/fr\/product\/rvt43ultnwc0x#breadcrumb"},"inLanguage":"fr-FR","potentialAction":[{"@type":"ReadAction","target":["https:\/\/riverdi.com\/fr\/product\/rvt43ultnwc0x"]}]},{"@type":"ImageObject","inLanguage":"fr-FR","@id":"https:\/\/riverdi.com\/fr\/product\/rvt43ultnwc0x#primaryimage","url":"https:\/\/riverdi.com\/wp-content\/uploads\/2024\/04\/RGB-4.3-ux-front.png","contentUrl":"https:\/\/riverdi.com\/wp-content\/uploads\/2024\/04\/RGB-4.3-ux-front.png","width":1280,"height":880},{"@type":"BreadcrumbList","@id":"https:\/\/riverdi.com\/fr\/product\/rvt43ultnwc0x#breadcrumb","itemListElement":[{"@type":"ListItem","position":1,"name":"Front Page","item":"https:\/\/riverdi.com\/fr\/page-daccueil"},{"@type":"ListItem","position":2,"name":"Boutique","item":"https:\/\/riverdi.com\/fr\/boutique-2"},{"@type":"ListItem","position":3,"name":"RVT43ULTNWC0x"}]},{"@type":"WebSite","@id":"https:\/\/riverdi.com\/fr#website","url":"https:\/\/riverdi.com\/fr","name":"Riverdi","description":"Global TFT LCD Manufacturer","potentialAction":[{"@type":"SearchAction","target":{"@type":"EntryPoint","urlTemplate":"https:\/\/riverdi.com\/fr?s={search_term_string}"},"query-input":{"@type":"PropertyValueSpecification","valueRequired":true,"valueName":"search_term_string"}}],"inLanguage":"fr-FR"}]}},"_links":{"self":[{"href":"https:\/\/riverdi.com\/fr\/wp-json\/wp\/v2\/product\/118675","targetHints":{"allow":["GET"]}}],"collection":[{"href":"https:\/\/riverdi.com\/fr\/wp-json\/wp\/v2\/product"}],"about":[{"href":"https:\/\/riverdi.com\/fr\/wp-json\/wp\/v2\/types\/product"}],"replies":[{"embeddable":true,"href":"https:\/\/riverdi.com\/fr\/wp-json\/wp\/v2\/comments?post=118675"}],"wp:featuredmedia":[{"embeddable":true,"href":"https:\/\/riverdi.com\/fr\/wp-json\/wp\/v2\/media\/103606"}],"wp:attachment":[{"href":"https:\/\/riverdi.com\/fr\/wp-json\/wp\/v2\/media?parent=118675"}],"wp:term":[{"taxonomy":"product_brand","embeddable":true,"href":"https:\/\/riverdi.com\/fr\/wp-json\/wp\/v2\/product_brand?post=118675"},{"taxonomy":"product_cat","embeddable":true,"href":"https:\/\/riverdi.com\/fr\/wp-json\/wp\/v2\/product_cat?post=118675"},{"taxonomy":"product_tag","embeddable":true,"href":"https:\/\/riverdi.com\/fr\/wp-json\/wp\/v2\/product_tag?post=118675"}],"curies":[{"name":"wp","href":"https:\/\/api.w.org\/{rel}","templated":true}]}}