{"id":118599,"date":"2016-02-15T16:02:05","date_gmt":"2016-02-15T15:02:05","guid":{"rendered":"http:\/\/riverdi.com\/product\/rvt50aqtnwr00\/"},"modified":"2024-10-01T14:39:19","modified_gmt":"2024-10-01T12:39:19","slug":"rvt50aqtnwr00","status":"publish","type":"product","link":"https:\/\/riverdi.com\/fr\/product\/rvt50aqtnwr00","title":{"rendered":"RVT50AQTNWR00"},"content":{"rendered":"<p>n&rsquo;enlevez pas ceci<\/p>\n","protected":false},"excerpt":{"rendered":"<p><span class=\"not-recommended\" style=\"background-color: #fdad00; padding: 15px; color: #ffffff;\"><strong>Pour les nouvelles conceptions, nous vous recommandons d&rsquo;utiliser des <a href=\"https:\/\/riverdi.com\/product-category\/rgb-lvds-mipi-dsi-lcd-displays\/hb-ips\/\">\u00e9crans IPS \u00e0 haute luminosit\u00e9<\/a>.<\/strong><\/span><span style=\"font-weight: 400;\">Un \u00e9cran Riverdi <strong>5.0\u2033<\/strong> TFT avec un <strong>\u00e9cran tactile r\u00e9sistif<\/strong> et une <strong>interface RGB<\/strong>.<\/span><span style=\"font-weight: 400;\">La r\u00e9solution de <strong>800&#215;480<\/strong> fournit des couleurs claires et nettes.<\/span><\/p>\n","protected":false},"featured_media":1163,"comment_status":"closed","ping_status":"closed","template":"","meta":{"_acf_changed":false,"content-type":"","inline_featured_image":false},"product_brand":[],"product_cat":[4859,3801,3374,3469],"product_tag":[3985,3475,4389],"class_list":{"0":"post-118599","1":"product","2":"type-product","3":"status-publish","4":"has-post-thumbnail","6":"product_cat-affichages-lvds","7":"product_cat-ecrans-a-luminosite-standard","8":"product_cat-ecrans-lcd-rvb-lvds-mipi-dsi","9":"product_cat-modules-rvb","10":"product_tag-rtp-fr","11":"product_tag-rvb","12":"product_tag-rvt50aqtnwr00-fr","14":"first","15":"instock","16":"taxable","17":"shipping-taxable","18":"purchasable","19":"product-type-simple"},"acf":[],"yoast_head":"<!-- This site is optimized with the Yoast SEO plugin v27.3 - https:\/\/yoast.com\/product\/yoast-seo-wordpress\/ -->\n<title>RVT50AQTNWR00 - Riverdi<\/title>\n<meta name=\"robots\" content=\"index, follow, max-snippet:-1, max-image-preview:large, max-video-preview:-1\" \/>\n<link rel=\"canonical\" href=\"https:\/\/riverdi.com\/fr\/product\/rvt50aqtnwr00\" \/>\n<meta property=\"og:locale\" content=\"fr_FR\" \/>\n<meta property=\"og:type\" content=\"article\" \/>\n<meta property=\"og:title\" content=\"RVT50AQTNWR00 - Riverdi\" \/>\n<meta property=\"og:description\" content=\"Pour les nouvelles conceptions, nous vous recommandons d&#039;utiliser des \u00e9crans IPS \u00e0 haute luminosit\u00e9.Un \u00e9cran Riverdi 5.0\u2033 TFT avec un \u00e9cran tactile r\u00e9sistif et une interface RGB.La r\u00e9solution de 800x480 fournit des couleurs claires et nettes.\" \/>\n<meta property=\"og:url\" content=\"https:\/\/riverdi.com\/fr\/product\/rvt50aqtnwr00\" \/>\n<meta property=\"og:site_name\" content=\"Riverdi\" \/>\n<meta property=\"article:publisher\" content=\"https:\/\/www.facebook.com\/riverdi.displays\/\" \/>\n<meta property=\"article:modified_time\" content=\"2024-10-01T12:39:19+00:00\" \/>\n<meta property=\"og:image\" content=\"https:\/\/riverdi.com\/wp-content\/uploads\/2024\/03\/rgb-5-frontArtboard-3-100.webp\" \/>\n\t<meta property=\"og:image:width\" content=\"1280\" \/>\n\t<meta property=\"og:image:height\" content=\"880\" \/>\n\t<meta property=\"og:image:type\" content=\"image\/webp\" \/>\n<meta name=\"twitter:card\" content=\"summary_large_image\" \/>\n<meta name=\"twitter:site\" content=\"@riverdidisplays\" \/>\n<script type=\"application\/ld+json\" class=\"yoast-schema-graph\">{\"@context\":\"https:\\\/\\\/schema.org\",\"@graph\":[{\"@type\":\"WebPage\",\"@id\":\"https:\\\/\\\/riverdi.com\\\/fr\\\/product\\\/rvt50aqtnwr00\",\"url\":\"https:\\\/\\\/riverdi.com\\\/fr\\\/product\\\/rvt50aqtnwr00\",\"name\":\"RVT50AQTNWR00 - Riverdi\",\"isPartOf\":{\"@id\":\"https:\\\/\\\/riverdi.com\\\/fr#website\"},\"primaryImageOfPage\":{\"@id\":\"https:\\\/\\\/riverdi.com\\\/fr\\\/product\\\/rvt50aqtnwr00#primaryimage\"},\"image\":{\"@id\":\"https:\\\/\\\/riverdi.com\\\/fr\\\/product\\\/rvt50aqtnwr00#primaryimage\"},\"thumbnailUrl\":\"https:\\\/\\\/riverdi.com\\\/wp-content\\\/uploads\\\/2024\\\/03\\\/rgb-5-frontArtboard-3-100.webp\",\"datePublished\":\"2016-02-15T15:02:05+00:00\",\"dateModified\":\"2024-10-01T12:39:19+00:00\",\"breadcrumb\":{\"@id\":\"https:\\\/\\\/riverdi.com\\\/fr\\\/product\\\/rvt50aqtnwr00#breadcrumb\"},\"inLanguage\":\"fr-FR\",\"potentialAction\":[{\"@type\":\"ReadAction\",\"target\":[\"https:\\\/\\\/riverdi.com\\\/fr\\\/product\\\/rvt50aqtnwr00\"]}]},{\"@type\":\"ImageObject\",\"inLanguage\":\"fr-FR\",\"@id\":\"https:\\\/\\\/riverdi.com\\\/fr\\\/product\\\/rvt50aqtnwr00#primaryimage\",\"url\":\"https:\\\/\\\/riverdi.com\\\/wp-content\\\/uploads\\\/2024\\\/03\\\/rgb-5-frontArtboard-3-100.webp\",\"contentUrl\":\"https:\\\/\\\/riverdi.com\\\/wp-content\\\/uploads\\\/2024\\\/03\\\/rgb-5-frontArtboard-3-100.webp\",\"width\":1280,\"height\":880,\"caption\":\"\u00c9crans TN \u00e0 luminosit\u00e9 standard\"},{\"@type\":\"BreadcrumbList\",\"@id\":\"https:\\\/\\\/riverdi.com\\\/fr\\\/product\\\/rvt50aqtnwr00#breadcrumb\",\"itemListElement\":[{\"@type\":\"ListItem\",\"position\":1,\"name\":\"Front Page\",\"item\":\"https:\\\/\\\/riverdi.com\\\/fr\\\/page-daccueil\"},{\"@type\":\"ListItem\",\"position\":2,\"name\":\"Boutique\",\"item\":\"https:\\\/\\\/riverdi.com\\\/fr\\\/boutique-2\"},{\"@type\":\"ListItem\",\"position\":3,\"name\":\"RVT50AQTNWR00\"}]},{\"@type\":\"WebSite\",\"@id\":\"https:\\\/\\\/riverdi.com\\\/fr#website\",\"url\":\"https:\\\/\\\/riverdi.com\\\/fr\",\"name\":\"Riverdi\",\"description\":\"Global TFT LCD Manufacturer\",\"potentialAction\":[{\"@type\":\"SearchAction\",\"target\":{\"@type\":\"EntryPoint\",\"urlTemplate\":\"https:\\\/\\\/riverdi.com\\\/fr?s={search_term_string}\"},\"query-input\":{\"@type\":\"PropertyValueSpecification\",\"valueRequired\":true,\"valueName\":\"search_term_string\"}}],\"inLanguage\":\"fr-FR\"}]}<\/script>\n<!-- \/ Yoast SEO plugin. -->","yoast_head_json":{"title":"RVT50AQTNWR00 - Riverdi","robots":{"index":"index","follow":"follow","max-snippet":"max-snippet:-1","max-image-preview":"max-image-preview:large","max-video-preview":"max-video-preview:-1"},"canonical":"https:\/\/riverdi.com\/fr\/product\/rvt50aqtnwr00","og_locale":"fr_FR","og_type":"article","og_title":"RVT50AQTNWR00 - Riverdi","og_description":"Pour les nouvelles conceptions, nous vous recommandons d'utiliser des \u00e9crans IPS \u00e0 haute luminosit\u00e9.Un \u00e9cran Riverdi 5.0\u2033 TFT avec un \u00e9cran tactile r\u00e9sistif et une interface RGB.La r\u00e9solution de 800x480 fournit des couleurs claires et nettes.","og_url":"https:\/\/riverdi.com\/fr\/product\/rvt50aqtnwr00","og_site_name":"Riverdi","article_publisher":"https:\/\/www.facebook.com\/riverdi.displays\/","article_modified_time":"2024-10-01T12:39:19+00:00","og_image":[{"width":1280,"height":880,"url":"https:\/\/riverdi.com\/wp-content\/uploads\/2024\/03\/rgb-5-frontArtboard-3-100.webp","type":"image\/webp"}],"twitter_card":"summary_large_image","twitter_site":"@riverdidisplays","schema":{"@context":"https:\/\/schema.org","@graph":[{"@type":"WebPage","@id":"https:\/\/riverdi.com\/fr\/product\/rvt50aqtnwr00","url":"https:\/\/riverdi.com\/fr\/product\/rvt50aqtnwr00","name":"RVT50AQTNWR00 - Riverdi","isPartOf":{"@id":"https:\/\/riverdi.com\/fr#website"},"primaryImageOfPage":{"@id":"https:\/\/riverdi.com\/fr\/product\/rvt50aqtnwr00#primaryimage"},"image":{"@id":"https:\/\/riverdi.com\/fr\/product\/rvt50aqtnwr00#primaryimage"},"thumbnailUrl":"https:\/\/riverdi.com\/wp-content\/uploads\/2024\/03\/rgb-5-frontArtboard-3-100.webp","datePublished":"2016-02-15T15:02:05+00:00","dateModified":"2024-10-01T12:39:19+00:00","breadcrumb":{"@id":"https:\/\/riverdi.com\/fr\/product\/rvt50aqtnwr00#breadcrumb"},"inLanguage":"fr-FR","potentialAction":[{"@type":"ReadAction","target":["https:\/\/riverdi.com\/fr\/product\/rvt50aqtnwr00"]}]},{"@type":"ImageObject","inLanguage":"fr-FR","@id":"https:\/\/riverdi.com\/fr\/product\/rvt50aqtnwr00#primaryimage","url":"https:\/\/riverdi.com\/wp-content\/uploads\/2024\/03\/rgb-5-frontArtboard-3-100.webp","contentUrl":"https:\/\/riverdi.com\/wp-content\/uploads\/2024\/03\/rgb-5-frontArtboard-3-100.webp","width":1280,"height":880,"caption":"\u00c9crans TN \u00e0 luminosit\u00e9 standard"},{"@type":"BreadcrumbList","@id":"https:\/\/riverdi.com\/fr\/product\/rvt50aqtnwr00#breadcrumb","itemListElement":[{"@type":"ListItem","position":1,"name":"Front Page","item":"https:\/\/riverdi.com\/fr\/page-daccueil"},{"@type":"ListItem","position":2,"name":"Boutique","item":"https:\/\/riverdi.com\/fr\/boutique-2"},{"@type":"ListItem","position":3,"name":"RVT50AQTNWR00"}]},{"@type":"WebSite","@id":"https:\/\/riverdi.com\/fr#website","url":"https:\/\/riverdi.com\/fr","name":"Riverdi","description":"Global TFT LCD Manufacturer","potentialAction":[{"@type":"SearchAction","target":{"@type":"EntryPoint","urlTemplate":"https:\/\/riverdi.com\/fr?s={search_term_string}"},"query-input":{"@type":"PropertyValueSpecification","valueRequired":true,"valueName":"search_term_string"}}],"inLanguage":"fr-FR"}]}},"_links":{"self":[{"href":"https:\/\/riverdi.com\/fr\/wp-json\/wp\/v2\/product\/118599","targetHints":{"allow":["GET"]}}],"collection":[{"href":"https:\/\/riverdi.com\/fr\/wp-json\/wp\/v2\/product"}],"about":[{"href":"https:\/\/riverdi.com\/fr\/wp-json\/wp\/v2\/types\/product"}],"replies":[{"embeddable":true,"href":"https:\/\/riverdi.com\/fr\/wp-json\/wp\/v2\/comments?post=118599"}],"wp:featuredmedia":[{"embeddable":true,"href":"https:\/\/riverdi.com\/fr\/wp-json\/wp\/v2\/media\/1163"}],"wp:attachment":[{"href":"https:\/\/riverdi.com\/fr\/wp-json\/wp\/v2\/media?parent=118599"}],"wp:term":[{"taxonomy":"product_brand","embeddable":true,"href":"https:\/\/riverdi.com\/fr\/wp-json\/wp\/v2\/product_brand?post=118599"},{"taxonomy":"product_cat","embeddable":true,"href":"https:\/\/riverdi.com\/fr\/wp-json\/wp\/v2\/product_cat?post=118599"},{"taxonomy":"product_tag","embeddable":true,"href":"https:\/\/riverdi.com\/fr\/wp-json\/wp\/v2\/product_tag?post=118599"}],"curies":[{"name":"wp","href":"https:\/\/api.w.org\/{rel}","templated":true}]}}