{"id":118556,"date":"2016-02-15T16:33:31","date_gmt":"2016-02-15T15:33:31","guid":{"rendered":"http:\/\/riverdi.com\/product\/rvt50uqtnwc0x\/"},"modified":"2024-10-01T14:41:38","modified_gmt":"2024-10-01T12:41:38","slug":"rvt50uqtnwc0x","status":"publish","type":"product","link":"https:\/\/riverdi.com\/fr\/product\/rvt50uqtnwc0x","title":{"rendered":"RVT50UQTNWC0x"},"content":{"rendered":"<p>n&rsquo;enlevez pas ceci<\/p>\n","protected":false},"excerpt":{"rendered":"<p><span class=\"not-recommended\" style=\"background-color: #fdad00; padding: 15px; color: #ffffff;\"><strong>Pour les nouvelles conceptions, nous recommandons d&rsquo;utiliser des <a href=\"https:\/\/riverdi.com\/product-category\/rgb-lvds-mipi-dsi-lcd-displays\/hb-ips\/\">\u00e9crans IPS \u00e0 haute luminosit\u00e9.<\/a><\/strong><\/span><\/p>\n<p><span style=\"font-weight: 400;\">Un \u00e9cran Riverdi TFT de <strong>5,0 pouces<\/strong> avec un <strong>\u00e9cran tactile capacitif<\/strong> projet\u00e9 et une vitre de couverture d\u00e9corative, disponible en deux versions : <strong>noire<\/strong> et <strong>blanche<\/strong>. Les \u00e9crans sont dot\u00e9s d&rsquo;une <strong>interface RGB<\/strong>.<\/span><\/p>\n<p><span style=\"font-weight: 400;\">La r\u00e9solution <strong>800&#215;480<\/strong> permet d&rsquo;obtenir des couleurs claires et nettes.<\/span><\/p>\n","protected":false},"featured_media":103624,"comment_status":"closed","ping_status":"closed","template":"","meta":{"_acf_changed":false,"content-type":"","inline_featured_image":false},"product_brand":[],"product_cat":[4859,4794,3801,3374,3469],"product_tag":[3423,3475,4344,3292],"class_list":{"0":"post-118556","1":"product","2":"type-product","3":"status-publish","4":"has-post-thumbnail","6":"product_cat-affichages-lvds","7":"product_cat-affichages-mipi-dsi","8":"product_cat-ecrans-a-luminosite-standard","9":"product_cat-ecrans-lcd-rvb-lvds-mipi-dsi","10":"product_cat-modules-rvb","11":"product_tag-ctp-fr","12":"product_tag-rvb","13":"product_tag-rvt50uqtnwc0x-fr","14":"product_tag-uxtouch-fr","16":"first","17":"instock","18":"taxable","19":"shipping-taxable","20":"purchasable","21":"product-type-variable"},"acf":[],"yoast_head":"<!-- This site is optimized with the Yoast SEO plugin v27.3 - https:\/\/yoast.com\/product\/yoast-seo-wordpress\/ -->\n<title>RVT50UQTNWC0x - Riverdi<\/title>\n<meta name=\"robots\" content=\"index, follow, max-snippet:-1, max-image-preview:large, max-video-preview:-1\" \/>\n<link rel=\"canonical\" href=\"https:\/\/riverdi.com\/fr\/product\/rvt50uqtnwc0x\" \/>\n<meta property=\"og:locale\" content=\"fr_FR\" \/>\n<meta property=\"og:type\" content=\"article\" \/>\n<meta property=\"og:title\" content=\"RVT50UQTNWC0x - Riverdi\" \/>\n<meta property=\"og:description\" content=\"Pour les nouvelles conceptions, nous recommandons d&#039;utiliser des \u00e9crans IPS \u00e0 haute luminosit\u00e9. Un \u00e9cran Riverdi TFT de 5,0 pouces avec un \u00e9cran tactile capacitif projet\u00e9 et une vitre de couverture d\u00e9corative, disponible en deux versions : noire et blanche. Les \u00e9crans sont dot\u00e9s d&#039;une interface RGB. La r\u00e9solution 800x480 permet d&#039;obtenir des couleurs claires et nettes.\" \/>\n<meta property=\"og:url\" content=\"https:\/\/riverdi.com\/fr\/product\/rvt50uqtnwc0x\" \/>\n<meta property=\"og:site_name\" content=\"Riverdi\" \/>\n<meta property=\"article:publisher\" content=\"https:\/\/www.facebook.com\/riverdi.displays\/\" \/>\n<meta property=\"article:modified_time\" content=\"2024-10-01T12:41:38+00:00\" \/>\n<meta property=\"og:image\" content=\"https:\/\/riverdi.com\/wp-content\/uploads\/2024\/04\/RGB-5-ux-front.png\" \/>\n\t<meta property=\"og:image:width\" content=\"1280\" \/>\n\t<meta property=\"og:image:height\" content=\"880\" \/>\n\t<meta property=\"og:image:type\" content=\"image\/png\" \/>\n<meta name=\"twitter:card\" content=\"summary_large_image\" \/>\n<meta name=\"twitter:site\" content=\"@riverdidisplays\" \/>\n<script type=\"application\/ld+json\" class=\"yoast-schema-graph\">{\"@context\":\"https:\\\/\\\/schema.org\",\"@graph\":[{\"@type\":\"WebPage\",\"@id\":\"https:\\\/\\\/riverdi.com\\\/fr\\\/product\\\/rvt50uqtnwc0x\",\"url\":\"https:\\\/\\\/riverdi.com\\\/fr\\\/product\\\/rvt50uqtnwc0x\",\"name\":\"RVT50UQTNWC0x - Riverdi\",\"isPartOf\":{\"@id\":\"https:\\\/\\\/riverdi.com\\\/fr#website\"},\"primaryImageOfPage\":{\"@id\":\"https:\\\/\\\/riverdi.com\\\/fr\\\/product\\\/rvt50uqtnwc0x#primaryimage\"},\"image\":{\"@id\":\"https:\\\/\\\/riverdi.com\\\/fr\\\/product\\\/rvt50uqtnwc0x#primaryimage\"},\"thumbnailUrl\":\"https:\\\/\\\/riverdi.com\\\/wp-content\\\/uploads\\\/2024\\\/04\\\/RGB-5-ux-front.png\",\"datePublished\":\"2016-02-15T15:33:31+00:00\",\"dateModified\":\"2024-10-01T12:41:38+00:00\",\"breadcrumb\":{\"@id\":\"https:\\\/\\\/riverdi.com\\\/fr\\\/product\\\/rvt50uqtnwc0x#breadcrumb\"},\"inLanguage\":\"fr-FR\",\"potentialAction\":[{\"@type\":\"ReadAction\",\"target\":[\"https:\\\/\\\/riverdi.com\\\/fr\\\/product\\\/rvt50uqtnwc0x\"]}]},{\"@type\":\"ImageObject\",\"inLanguage\":\"fr-FR\",\"@id\":\"https:\\\/\\\/riverdi.com\\\/fr\\\/product\\\/rvt50uqtnwc0x#primaryimage\",\"url\":\"https:\\\/\\\/riverdi.com\\\/wp-content\\\/uploads\\\/2024\\\/04\\\/RGB-5-ux-front.png\",\"contentUrl\":\"https:\\\/\\\/riverdi.com\\\/wp-content\\\/uploads\\\/2024\\\/04\\\/RGB-5-ux-front.png\",\"width\":1280,\"height\":880},{\"@type\":\"BreadcrumbList\",\"@id\":\"https:\\\/\\\/riverdi.com\\\/fr\\\/product\\\/rvt50uqtnwc0x#breadcrumb\",\"itemListElement\":[{\"@type\":\"ListItem\",\"position\":1,\"name\":\"Front Page\",\"item\":\"https:\\\/\\\/riverdi.com\\\/fr\\\/page-daccueil\"},{\"@type\":\"ListItem\",\"position\":2,\"name\":\"Boutique\",\"item\":\"https:\\\/\\\/riverdi.com\\\/fr\\\/boutique-2\"},{\"@type\":\"ListItem\",\"position\":3,\"name\":\"RVT50UQTNWC0x\"}]},{\"@type\":\"WebSite\",\"@id\":\"https:\\\/\\\/riverdi.com\\\/fr#website\",\"url\":\"https:\\\/\\\/riverdi.com\\\/fr\",\"name\":\"Riverdi\",\"description\":\"Global TFT LCD Manufacturer\",\"potentialAction\":[{\"@type\":\"SearchAction\",\"target\":{\"@type\":\"EntryPoint\",\"urlTemplate\":\"https:\\\/\\\/riverdi.com\\\/fr?s={search_term_string}\"},\"query-input\":{\"@type\":\"PropertyValueSpecification\",\"valueRequired\":true,\"valueName\":\"search_term_string\"}}],\"inLanguage\":\"fr-FR\"}]}<\/script>\n<!-- \/ Yoast SEO plugin. -->","yoast_head_json":{"title":"RVT50UQTNWC0x - Riverdi","robots":{"index":"index","follow":"follow","max-snippet":"max-snippet:-1","max-image-preview":"max-image-preview:large","max-video-preview":"max-video-preview:-1"},"canonical":"https:\/\/riverdi.com\/fr\/product\/rvt50uqtnwc0x","og_locale":"fr_FR","og_type":"article","og_title":"RVT50UQTNWC0x - Riverdi","og_description":"Pour les nouvelles conceptions, nous recommandons d'utiliser des \u00e9crans IPS \u00e0 haute luminosit\u00e9. Un \u00e9cran Riverdi TFT de 5,0 pouces avec un \u00e9cran tactile capacitif projet\u00e9 et une vitre de couverture d\u00e9corative, disponible en deux versions : noire et blanche. Les \u00e9crans sont dot\u00e9s d'une interface RGB. La r\u00e9solution 800x480 permet d'obtenir des couleurs claires et nettes.","og_url":"https:\/\/riverdi.com\/fr\/product\/rvt50uqtnwc0x","og_site_name":"Riverdi","article_publisher":"https:\/\/www.facebook.com\/riverdi.displays\/","article_modified_time":"2024-10-01T12:41:38+00:00","og_image":[{"width":1280,"height":880,"url":"https:\/\/riverdi.com\/wp-content\/uploads\/2024\/04\/RGB-5-ux-front.png","type":"image\/png"}],"twitter_card":"summary_large_image","twitter_site":"@riverdidisplays","schema":{"@context":"https:\/\/schema.org","@graph":[{"@type":"WebPage","@id":"https:\/\/riverdi.com\/fr\/product\/rvt50uqtnwc0x","url":"https:\/\/riverdi.com\/fr\/product\/rvt50uqtnwc0x","name":"RVT50UQTNWC0x - Riverdi","isPartOf":{"@id":"https:\/\/riverdi.com\/fr#website"},"primaryImageOfPage":{"@id":"https:\/\/riverdi.com\/fr\/product\/rvt50uqtnwc0x#primaryimage"},"image":{"@id":"https:\/\/riverdi.com\/fr\/product\/rvt50uqtnwc0x#primaryimage"},"thumbnailUrl":"https:\/\/riverdi.com\/wp-content\/uploads\/2024\/04\/RGB-5-ux-front.png","datePublished":"2016-02-15T15:33:31+00:00","dateModified":"2024-10-01T12:41:38+00:00","breadcrumb":{"@id":"https:\/\/riverdi.com\/fr\/product\/rvt50uqtnwc0x#breadcrumb"},"inLanguage":"fr-FR","potentialAction":[{"@type":"ReadAction","target":["https:\/\/riverdi.com\/fr\/product\/rvt50uqtnwc0x"]}]},{"@type":"ImageObject","inLanguage":"fr-FR","@id":"https:\/\/riverdi.com\/fr\/product\/rvt50uqtnwc0x#primaryimage","url":"https:\/\/riverdi.com\/wp-content\/uploads\/2024\/04\/RGB-5-ux-front.png","contentUrl":"https:\/\/riverdi.com\/wp-content\/uploads\/2024\/04\/RGB-5-ux-front.png","width":1280,"height":880},{"@type":"BreadcrumbList","@id":"https:\/\/riverdi.com\/fr\/product\/rvt50uqtnwc0x#breadcrumb","itemListElement":[{"@type":"ListItem","position":1,"name":"Front Page","item":"https:\/\/riverdi.com\/fr\/page-daccueil"},{"@type":"ListItem","position":2,"name":"Boutique","item":"https:\/\/riverdi.com\/fr\/boutique-2"},{"@type":"ListItem","position":3,"name":"RVT50UQTNWC0x"}]},{"@type":"WebSite","@id":"https:\/\/riverdi.com\/fr#website","url":"https:\/\/riverdi.com\/fr","name":"Riverdi","description":"Global TFT LCD Manufacturer","potentialAction":[{"@type":"SearchAction","target":{"@type":"EntryPoint","urlTemplate":"https:\/\/riverdi.com\/fr?s={search_term_string}"},"query-input":{"@type":"PropertyValueSpecification","valueRequired":true,"valueName":"search_term_string"}}],"inLanguage":"fr-FR"}]}},"_links":{"self":[{"href":"https:\/\/riverdi.com\/fr\/wp-json\/wp\/v2\/product\/118556","targetHints":{"allow":["GET"]}}],"collection":[{"href":"https:\/\/riverdi.com\/fr\/wp-json\/wp\/v2\/product"}],"about":[{"href":"https:\/\/riverdi.com\/fr\/wp-json\/wp\/v2\/types\/product"}],"replies":[{"embeddable":true,"href":"https:\/\/riverdi.com\/fr\/wp-json\/wp\/v2\/comments?post=118556"}],"wp:featuredmedia":[{"embeddable":true,"href":"https:\/\/riverdi.com\/fr\/wp-json\/wp\/v2\/media\/103624"}],"wp:attachment":[{"href":"https:\/\/riverdi.com\/fr\/wp-json\/wp\/v2\/media?parent=118556"}],"wp:term":[{"taxonomy":"product_brand","embeddable":true,"href":"https:\/\/riverdi.com\/fr\/wp-json\/wp\/v2\/product_brand?post=118556"},{"taxonomy":"product_cat","embeddable":true,"href":"https:\/\/riverdi.com\/fr\/wp-json\/wp\/v2\/product_cat?post=118556"},{"taxonomy":"product_tag","embeddable":true,"href":"https:\/\/riverdi.com\/fr\/wp-json\/wp\/v2\/product_tag?post=118556"}],"curies":[{"name":"wp","href":"https:\/\/api.w.org\/{rel}","templated":true}]}}