{"id":118528,"date":"2016-02-15T15:34:43","date_gmt":"2016-02-15T14:34:43","guid":{"rendered":"http:\/\/riverdi.com\/product\/rvt43ulfnwc0x\/"},"modified":"2024-10-01T15:46:27","modified_gmt":"2024-10-01T13:46:27","slug":"rvt43ulfnwc0x","status":"publish","type":"product","link":"https:\/\/riverdi.com\/fr\/product\/rvt43ulfnwc0x","title":{"rendered":"RVT43ULFNWC0x"},"content":{"rendered":"<p>n&rsquo;enlevez pas ceci<\/p>\n","protected":false},"excerpt":{"rendered":"<div style=\"padding-bottom: 20px;\"><span class=\"not-recommended\" style=\"background-color: #fdad00; padding: 15px; color: #ffffff;\"><strong>Pour les nouvelles conceptions, nous recommandons d&rsquo;utiliser <a href=\"https:\/\/riverdi.com\/product-category\/intelligent-displays\/bt817q\/\">EVE4<\/a>.<\/strong><\/span><\/div>\n<p><span style=\"font-weight: 400;\">Un \u00e9cran Riverdi TFT de <strong>4,3 pouces<\/strong> avec un <strong>\u00e9cran tactile capacitif<\/strong> projet\u00e9 et une vitre de couverture d\u00e9corative, disponible en deux versions : <strong>noire<\/strong> et <strong>blanche<\/strong>.  <\/span><\/p>\n<p><span style=\"font-weight: 400;\">La r\u00e9solution de <strong>480&#215;272<\/strong> offre des couleurs claires et nettes, tandis que l&rsquo;\u00e9cran est pilot\u00e9 par le puissant <strong>contr\u00f4leur graphique FT801<\/strong>.<\/span><\/p>\n<p><span style=\"font-weight: 400;\">L&rsquo;\u00e9cran est dot\u00e9 d&rsquo;une <strong>interface SPI\/I2C<\/strong> standard.<\/span><\/p>\n","protected":false},"featured_media":102942,"comment_status":"closed","ping_status":"closed","template":"","meta":{"_acf_changed":false,"content-type":"","inline_featured_image":false},"product_brand":[],"product_cat":[3388,4310],"product_tag":[3423,4316,4314,3802,4322,3292],"class_list":{"0":"post-118528","1":"product","2":"type-product","3":"status-publish","4":"has-post-thumbnail","6":"product_cat-affichages-intelligents","7":"product_cat-ft80x-fr","8":"product_tag-ctp-fr","9":"product_tag-ft801-fr","10":"product_tag-i2c-spi-fr","11":"product_tag-onduleur-led","12":"product_tag-rvt43ulfnwc0x-fr","13":"product_tag-uxtouch-fr","15":"first","16":"instock","17":"taxable","18":"shipping-taxable","19":"purchasable","20":"product-type-variable","21":"has-default-attributes"},"acf":[],"yoast_head":"<!-- This site is optimized with the Yoast SEO plugin v27.0 - https:\/\/yoast.com\/product\/yoast-seo-wordpress\/ -->\n<title>RVT43ULFNWC0x - Riverdi<\/title>\n<meta name=\"robots\" content=\"index, follow, max-snippet:-1, max-image-preview:large, max-video-preview:-1\" \/>\n<link rel=\"canonical\" href=\"https:\/\/riverdi.com\/fr\/product\/rvt43ulfnwc0x\" \/>\n<meta property=\"og:locale\" content=\"fr_FR\" \/>\n<meta property=\"og:type\" content=\"article\" \/>\n<meta property=\"og:title\" content=\"RVT43ULFNWC0x - Riverdi\" \/>\n<meta property=\"og:description\" content=\"Pour les nouvelles conceptions, nous recommandons d&#039;utiliser EVE4. Un \u00e9cran Riverdi TFT de 4,3 pouces avec un \u00e9cran tactile capacitif projet\u00e9 et une vitre de couverture d\u00e9corative, disponible en deux versions : noire et blanche.  La r\u00e9solution de 480x272 offre des couleurs claires et nettes, tandis que l&#039;\u00e9cran est pilot\u00e9 par le puissant contr\u00f4leur graphique FT801. L&#039;\u00e9cran est dot\u00e9 d&#039;une interface SPI\/I2C standard.\" \/>\n<meta property=\"og:url\" content=\"https:\/\/riverdi.com\/fr\/product\/rvt43ulfnwc0x\" \/>\n<meta property=\"og:site_name\" content=\"Riverdi\" \/>\n<meta property=\"article:publisher\" content=\"https:\/\/www.facebook.com\/riverdi.displays\/\" \/>\n<meta property=\"article:modified_time\" content=\"2024-10-01T13:46:27+00:00\" \/>\n<meta property=\"og:image\" content=\"https:\/\/riverdi.com\/wp-content\/uploads\/2024\/04\/EVE-4.3-front-ux.webp\" \/>\n\t<meta property=\"og:image:width\" content=\"1280\" \/>\n\t<meta property=\"og:image:height\" content=\"880\" \/>\n\t<meta property=\"og:image:type\" content=\"image\/webp\" \/>\n<meta name=\"twitter:card\" content=\"summary_large_image\" \/>\n<meta name=\"twitter:site\" content=\"@riverdidisplays\" \/>\n<script type=\"application\/ld+json\" class=\"yoast-schema-graph\">{\"@context\":\"https:\/\/schema.org\",\"@graph\":[{\"@type\":\"WebPage\",\"@id\":\"https:\/\/riverdi.com\/fr\/product\/rvt43ulfnwc0x\",\"url\":\"https:\/\/riverdi.com\/fr\/product\/rvt43ulfnwc0x\",\"name\":\"RVT43ULFNWC0x - Riverdi\",\"isPartOf\":{\"@id\":\"https:\/\/riverdi.com\/fr#website\"},\"primaryImageOfPage\":{\"@id\":\"https:\/\/riverdi.com\/fr\/product\/rvt43ulfnwc0x#primaryimage\"},\"image\":{\"@id\":\"https:\/\/riverdi.com\/fr\/product\/rvt43ulfnwc0x#primaryimage\"},\"thumbnailUrl\":\"https:\/\/riverdi.com\/wp-content\/uploads\/2024\/04\/EVE-4.3-front-ux.webp\",\"datePublished\":\"2016-02-15T14:34:43+00:00\",\"dateModified\":\"2024-10-01T13:46:27+00:00\",\"breadcrumb\":{\"@id\":\"https:\/\/riverdi.com\/fr\/product\/rvt43ulfnwc0x#breadcrumb\"},\"inLanguage\":\"fr-FR\",\"potentialAction\":[{\"@type\":\"ReadAction\",\"target\":[\"https:\/\/riverdi.com\/fr\/product\/rvt43ulfnwc0x\"]}]},{\"@type\":\"ImageObject\",\"inLanguage\":\"fr-FR\",\"@id\":\"https:\/\/riverdi.com\/fr\/product\/rvt43ulfnwc0x#primaryimage\",\"url\":\"https:\/\/riverdi.com\/wp-content\/uploads\/2024\/04\/EVE-4.3-front-ux.webp\",\"contentUrl\":\"https:\/\/riverdi.com\/wp-content\/uploads\/2024\/04\/EVE-4.3-front-ux.webp\",\"width\":1280,\"height\":880,\"caption\":\"Module Eve1\"},{\"@type\":\"BreadcrumbList\",\"@id\":\"https:\/\/riverdi.com\/fr\/product\/rvt43ulfnwc0x#breadcrumb\",\"itemListElement\":[{\"@type\":\"ListItem\",\"position\":1,\"name\":\"Front Page\",\"item\":\"https:\/\/riverdi.com\/fr\/page-daccueil\"},{\"@type\":\"ListItem\",\"position\":2,\"name\":\"Boutique\",\"item\":\"https:\/\/riverdi.com\/fr\/boutique-2\"},{\"@type\":\"ListItem\",\"position\":3,\"name\":\"RVT43ULFNWC0x\"}]},{\"@type\":\"WebSite\",\"@id\":\"https:\/\/riverdi.com\/fr#website\",\"url\":\"https:\/\/riverdi.com\/fr\",\"name\":\"Riverdi\",\"description\":\"Global TFT LCD Manufacturer\",\"potentialAction\":[{\"@type\":\"SearchAction\",\"target\":{\"@type\":\"EntryPoint\",\"urlTemplate\":\"https:\/\/riverdi.com\/fr?s={search_term_string}\"},\"query-input\":{\"@type\":\"PropertyValueSpecification\",\"valueRequired\":true,\"valueName\":\"search_term_string\"}}],\"inLanguage\":\"fr-FR\"}]}<\/script>\n<!-- \/ Yoast SEO plugin. -->","yoast_head_json":{"title":"RVT43ULFNWC0x - Riverdi","robots":{"index":"index","follow":"follow","max-snippet":"max-snippet:-1","max-image-preview":"max-image-preview:large","max-video-preview":"max-video-preview:-1"},"canonical":"https:\/\/riverdi.com\/fr\/product\/rvt43ulfnwc0x","og_locale":"fr_FR","og_type":"article","og_title":"RVT43ULFNWC0x - Riverdi","og_description":"Pour les nouvelles conceptions, nous recommandons d'utiliser EVE4. Un \u00e9cran Riverdi TFT de 4,3 pouces avec un \u00e9cran tactile capacitif projet\u00e9 et une vitre de couverture d\u00e9corative, disponible en deux versions : noire et blanche.  La r\u00e9solution de 480x272 offre des couleurs claires et nettes, tandis que l'\u00e9cran est pilot\u00e9 par le puissant contr\u00f4leur graphique FT801. L'\u00e9cran est dot\u00e9 d'une interface SPI\/I2C standard.","og_url":"https:\/\/riverdi.com\/fr\/product\/rvt43ulfnwc0x","og_site_name":"Riverdi","article_publisher":"https:\/\/www.facebook.com\/riverdi.displays\/","article_modified_time":"2024-10-01T13:46:27+00:00","og_image":[{"width":1280,"height":880,"url":"https:\/\/riverdi.com\/wp-content\/uploads\/2024\/04\/EVE-4.3-front-ux.webp","type":"image\/webp"}],"twitter_card":"summary_large_image","twitter_site":"@riverdidisplays","schema":{"@context":"https:\/\/schema.org","@graph":[{"@type":"WebPage","@id":"https:\/\/riverdi.com\/fr\/product\/rvt43ulfnwc0x","url":"https:\/\/riverdi.com\/fr\/product\/rvt43ulfnwc0x","name":"RVT43ULFNWC0x - Riverdi","isPartOf":{"@id":"https:\/\/riverdi.com\/fr#website"},"primaryImageOfPage":{"@id":"https:\/\/riverdi.com\/fr\/product\/rvt43ulfnwc0x#primaryimage"},"image":{"@id":"https:\/\/riverdi.com\/fr\/product\/rvt43ulfnwc0x#primaryimage"},"thumbnailUrl":"https:\/\/riverdi.com\/wp-content\/uploads\/2024\/04\/EVE-4.3-front-ux.webp","datePublished":"2016-02-15T14:34:43+00:00","dateModified":"2024-10-01T13:46:27+00:00","breadcrumb":{"@id":"https:\/\/riverdi.com\/fr\/product\/rvt43ulfnwc0x#breadcrumb"},"inLanguage":"fr-FR","potentialAction":[{"@type":"ReadAction","target":["https:\/\/riverdi.com\/fr\/product\/rvt43ulfnwc0x"]}]},{"@type":"ImageObject","inLanguage":"fr-FR","@id":"https:\/\/riverdi.com\/fr\/product\/rvt43ulfnwc0x#primaryimage","url":"https:\/\/riverdi.com\/wp-content\/uploads\/2024\/04\/EVE-4.3-front-ux.webp","contentUrl":"https:\/\/riverdi.com\/wp-content\/uploads\/2024\/04\/EVE-4.3-front-ux.webp","width":1280,"height":880,"caption":"Module Eve1"},{"@type":"BreadcrumbList","@id":"https:\/\/riverdi.com\/fr\/product\/rvt43ulfnwc0x#breadcrumb","itemListElement":[{"@type":"ListItem","position":1,"name":"Front Page","item":"https:\/\/riverdi.com\/fr\/page-daccueil"},{"@type":"ListItem","position":2,"name":"Boutique","item":"https:\/\/riverdi.com\/fr\/boutique-2"},{"@type":"ListItem","position":3,"name":"RVT43ULFNWC0x"}]},{"@type":"WebSite","@id":"https:\/\/riverdi.com\/fr#website","url":"https:\/\/riverdi.com\/fr","name":"Riverdi","description":"Global TFT LCD Manufacturer","potentialAction":[{"@type":"SearchAction","target":{"@type":"EntryPoint","urlTemplate":"https:\/\/riverdi.com\/fr?s={search_term_string}"},"query-input":{"@type":"PropertyValueSpecification","valueRequired":true,"valueName":"search_term_string"}}],"inLanguage":"fr-FR"}]}},"_links":{"self":[{"href":"https:\/\/riverdi.com\/fr\/wp-json\/wp\/v2\/product\/118528","targetHints":{"allow":["GET"]}}],"collection":[{"href":"https:\/\/riverdi.com\/fr\/wp-json\/wp\/v2\/product"}],"about":[{"href":"https:\/\/riverdi.com\/fr\/wp-json\/wp\/v2\/types\/product"}],"replies":[{"embeddable":true,"href":"https:\/\/riverdi.com\/fr\/wp-json\/wp\/v2\/comments?post=118528"}],"wp:featuredmedia":[{"embeddable":true,"href":"https:\/\/riverdi.com\/fr\/wp-json\/wp\/v2\/media\/102942"}],"wp:attachment":[{"href":"https:\/\/riverdi.com\/fr\/wp-json\/wp\/v2\/media?parent=118528"}],"wp:term":[{"taxonomy":"product_brand","embeddable":true,"href":"https:\/\/riverdi.com\/fr\/wp-json\/wp\/v2\/product_brand?post=118528"},{"taxonomy":"product_cat","embeddable":true,"href":"https:\/\/riverdi.com\/fr\/wp-json\/wp\/v2\/product_cat?post=118528"},{"taxonomy":"product_tag","embeddable":true,"href":"https:\/\/riverdi.com\/fr\/wp-json\/wp\/v2\/product_tag?post=118528"}],"curies":[{"name":"wp","href":"https:\/\/api.w.org\/{rel}","templated":true}]}}