{"id":118163,"date":"2017-04-12T10:38:33","date_gmt":"2017-04-12T08:38:33","guid":{"rendered":"http:\/\/riverdi.com\/product\/tableau-de-rupture-universel\/"},"modified":"2024-06-03T14:28:58","modified_gmt":"2024-06-03T12:28:58","slug":"carte-universelle-de-deconnexion","status":"publish","type":"product","link":"https:\/\/riverdi.com\/fr\/product\/carte-universelle-de-deconnexion","title":{"rendered":"Carte universelle de d\u00e9connexion"},"content":{"rendered":"<p>La carte universelle de sortie de secours contient :<\/p>\n<ul>\n<li>Carte de sortie universelle (x1)<\/li>\n<\/ul>\n","protected":false},"excerpt":{"rendered":"<p>La carte Universal Break Out Board est con\u00e7ue pour connecter n&rsquo;importe quel connecteur ZIF de 0,5 mm \u00e0 60 broches \u00e0 n&rsquo;importe quel connecteur ZIF de 2,54 mm \u00e0 60 broches.<br \/>\nL&rsquo;en-t\u00eate des broches peut \u00eatre soud\u00e9.<\/p>\n<p>Il permet de connecter facilement des circuits et du mat\u00e9riel suppl\u00e9mentaires.<\/p>\n<div class=\"Variant-buttons\"><a class=\"Variant-SKU-button\" href=\"https:\/\/download.riverdi.com\/UNIVERSAL-BREAK-OUT-BOARD\/DR_Universal_Break_Out_Board_Rev.1.0.pdf\">Dessin<\/a><\/div>\n","protected":false},"featured_media":3437,"comment_status":"closed","ping_status":"closed","template":"","meta":{"_acf_changed":false,"content-type":"","inline_featured_image":false},"product_brand":[],"product_cat":[3519],"product_tag":[3813,3811],"class_list":{"0":"post-118163","1":"product","2":"type-product","3":"status-publish","4":"has-post-thumbnail","6":"product_cat-comites-devaluation","7":"product_tag-connecteur","8":"product_tag-tableau-daffichage","10":"first","11":"instock","12":"taxable","13":"shipping-taxable","14":"purchasable","15":"product-type-simple"},"acf":[],"yoast_head":"<!-- This site is optimized with the Yoast SEO plugin v27.3 - https:\/\/yoast.com\/product\/yoast-seo-wordpress\/ -->\n<title>Carte universelle de d\u00e9connexion - Riverdi<\/title>\n<meta name=\"robots\" content=\"index, follow, max-snippet:-1, max-image-preview:large, max-video-preview:-1\" \/>\n<link rel=\"canonical\" href=\"https:\/\/riverdi.com\/fr\/product\/carte-universelle-de-deconnexion\" \/>\n<meta property=\"og:locale\" content=\"fr_FR\" \/>\n<meta property=\"og:type\" content=\"article\" \/>\n<meta property=\"og:title\" content=\"Carte universelle de d\u00e9connexion - Riverdi\" \/>\n<meta property=\"og:description\" content=\"La carte Universal Break Out Board est con\u00e7ue pour connecter n&#039;importe quel connecteur ZIF de 0,5 mm \u00e0 60 broches \u00e0 n&#039;importe quel connecteur ZIF de 2,54 mm \u00e0 60 broches. L&#039;en-t\u00eate des broches peut \u00eatre soud\u00e9. Il permet de connecter facilement des circuits et du mat\u00e9riel suppl\u00e9mentaires. Dessin\" \/>\n<meta property=\"og:url\" content=\"https:\/\/riverdi.com\/fr\/product\/carte-universelle-de-deconnexion\" \/>\n<meta property=\"og:site_name\" content=\"Riverdi\" \/>\n<meta property=\"article:publisher\" content=\"https:\/\/www.facebook.com\/riverdi.displays\/\" \/>\n<meta property=\"article:modified_time\" content=\"2024-06-03T12:28:58+00:00\" \/>\n<meta property=\"og:image\" content=\"https:\/\/riverdi.com\/wp-content\/uploads\/2024\/03\/ubob.webp\" \/>\n\t<meta property=\"og:image:width\" content=\"1920\" \/>\n\t<meta property=\"og:image:height\" content=\"1280\" \/>\n\t<meta property=\"og:image:type\" content=\"image\/webp\" \/>\n<meta name=\"twitter:card\" content=\"summary_large_image\" \/>\n<meta name=\"twitter:site\" content=\"@riverdidisplays\" \/>\n<script type=\"application\/ld+json\" class=\"yoast-schema-graph\">{\"@context\":\"https:\\\/\\\/schema.org\",\"@graph\":[{\"@type\":\"WebPage\",\"@id\":\"https:\\\/\\\/riverdi.com\\\/fr\\\/product\\\/carte-universelle-de-deconnexion\",\"url\":\"https:\\\/\\\/riverdi.com\\\/fr\\\/product\\\/carte-universelle-de-deconnexion\",\"name\":\"Carte universelle de d\u00e9connexion - Riverdi\",\"isPartOf\":{\"@id\":\"https:\\\/\\\/riverdi.com\\\/fr#website\"},\"primaryImageOfPage\":{\"@id\":\"https:\\\/\\\/riverdi.com\\\/fr\\\/product\\\/carte-universelle-de-deconnexion#primaryimage\"},\"image\":{\"@id\":\"https:\\\/\\\/riverdi.com\\\/fr\\\/product\\\/carte-universelle-de-deconnexion#primaryimage\"},\"thumbnailUrl\":\"https:\\\/\\\/riverdi.com\\\/wp-content\\\/uploads\\\/2024\\\/03\\\/ubob.webp\",\"datePublished\":\"2017-04-12T08:38:33+00:00\",\"dateModified\":\"2024-06-03T12:28:58+00:00\",\"breadcrumb\":{\"@id\":\"https:\\\/\\\/riverdi.com\\\/fr\\\/product\\\/carte-universelle-de-deconnexion#breadcrumb\"},\"inLanguage\":\"fr-FR\",\"potentialAction\":[{\"@type\":\"ReadAction\",\"target\":[\"https:\\\/\\\/riverdi.com\\\/fr\\\/product\\\/carte-universelle-de-deconnexion\"]}]},{\"@type\":\"ImageObject\",\"inLanguage\":\"fr-FR\",\"@id\":\"https:\\\/\\\/riverdi.com\\\/fr\\\/product\\\/carte-universelle-de-deconnexion#primaryimage\",\"url\":\"https:\\\/\\\/riverdi.com\\\/wp-content\\\/uploads\\\/2024\\\/03\\\/ubob.webp\",\"contentUrl\":\"https:\\\/\\\/riverdi.com\\\/wp-content\\\/uploads\\\/2024\\\/03\\\/ubob.webp\",\"width\":1920,\"height\":1280,\"caption\":\"tableau d'affichage universel\"},{\"@type\":\"BreadcrumbList\",\"@id\":\"https:\\\/\\\/riverdi.com\\\/fr\\\/product\\\/carte-universelle-de-deconnexion#breadcrumb\",\"itemListElement\":[{\"@type\":\"ListItem\",\"position\":1,\"name\":\"Front Page\",\"item\":\"https:\\\/\\\/riverdi.com\\\/fr\\\/page-daccueil\"},{\"@type\":\"ListItem\",\"position\":2,\"name\":\"Boutique\",\"item\":\"https:\\\/\\\/riverdi.com\\\/fr\\\/boutique-2\"},{\"@type\":\"ListItem\",\"position\":3,\"name\":\"Carte universelle de d\u00e9connexion\"}]},{\"@type\":\"WebSite\",\"@id\":\"https:\\\/\\\/riverdi.com\\\/fr#website\",\"url\":\"https:\\\/\\\/riverdi.com\\\/fr\",\"name\":\"Riverdi\",\"description\":\"Global TFT LCD Manufacturer\",\"potentialAction\":[{\"@type\":\"SearchAction\",\"target\":{\"@type\":\"EntryPoint\",\"urlTemplate\":\"https:\\\/\\\/riverdi.com\\\/fr?s={search_term_string}\"},\"query-input\":{\"@type\":\"PropertyValueSpecification\",\"valueRequired\":true,\"valueName\":\"search_term_string\"}}],\"inLanguage\":\"fr-FR\"}]}<\/script>\n<!-- \/ Yoast SEO plugin. -->","yoast_head_json":{"title":"Carte universelle de d\u00e9connexion - Riverdi","robots":{"index":"index","follow":"follow","max-snippet":"max-snippet:-1","max-image-preview":"max-image-preview:large","max-video-preview":"max-video-preview:-1"},"canonical":"https:\/\/riverdi.com\/fr\/product\/carte-universelle-de-deconnexion","og_locale":"fr_FR","og_type":"article","og_title":"Carte universelle de d\u00e9connexion - Riverdi","og_description":"La carte Universal Break Out Board est con\u00e7ue pour connecter n'importe quel connecteur ZIF de 0,5 mm \u00e0 60 broches \u00e0 n'importe quel connecteur ZIF de 2,54 mm \u00e0 60 broches. L'en-t\u00eate des broches peut \u00eatre soud\u00e9. Il permet de connecter facilement des circuits et du mat\u00e9riel suppl\u00e9mentaires. Dessin","og_url":"https:\/\/riverdi.com\/fr\/product\/carte-universelle-de-deconnexion","og_site_name":"Riverdi","article_publisher":"https:\/\/www.facebook.com\/riverdi.displays\/","article_modified_time":"2024-06-03T12:28:58+00:00","og_image":[{"width":1920,"height":1280,"url":"https:\/\/riverdi.com\/wp-content\/uploads\/2024\/03\/ubob.webp","type":"image\/webp"}],"twitter_card":"summary_large_image","twitter_site":"@riverdidisplays","schema":{"@context":"https:\/\/schema.org","@graph":[{"@type":"WebPage","@id":"https:\/\/riverdi.com\/fr\/product\/carte-universelle-de-deconnexion","url":"https:\/\/riverdi.com\/fr\/product\/carte-universelle-de-deconnexion","name":"Carte universelle de d\u00e9connexion - Riverdi","isPartOf":{"@id":"https:\/\/riverdi.com\/fr#website"},"primaryImageOfPage":{"@id":"https:\/\/riverdi.com\/fr\/product\/carte-universelle-de-deconnexion#primaryimage"},"image":{"@id":"https:\/\/riverdi.com\/fr\/product\/carte-universelle-de-deconnexion#primaryimage"},"thumbnailUrl":"https:\/\/riverdi.com\/wp-content\/uploads\/2024\/03\/ubob.webp","datePublished":"2017-04-12T08:38:33+00:00","dateModified":"2024-06-03T12:28:58+00:00","breadcrumb":{"@id":"https:\/\/riverdi.com\/fr\/product\/carte-universelle-de-deconnexion#breadcrumb"},"inLanguage":"fr-FR","potentialAction":[{"@type":"ReadAction","target":["https:\/\/riverdi.com\/fr\/product\/carte-universelle-de-deconnexion"]}]},{"@type":"ImageObject","inLanguage":"fr-FR","@id":"https:\/\/riverdi.com\/fr\/product\/carte-universelle-de-deconnexion#primaryimage","url":"https:\/\/riverdi.com\/wp-content\/uploads\/2024\/03\/ubob.webp","contentUrl":"https:\/\/riverdi.com\/wp-content\/uploads\/2024\/03\/ubob.webp","width":1920,"height":1280,"caption":"tableau d'affichage universel"},{"@type":"BreadcrumbList","@id":"https:\/\/riverdi.com\/fr\/product\/carte-universelle-de-deconnexion#breadcrumb","itemListElement":[{"@type":"ListItem","position":1,"name":"Front Page","item":"https:\/\/riverdi.com\/fr\/page-daccueil"},{"@type":"ListItem","position":2,"name":"Boutique","item":"https:\/\/riverdi.com\/fr\/boutique-2"},{"@type":"ListItem","position":3,"name":"Carte universelle de d\u00e9connexion"}]},{"@type":"WebSite","@id":"https:\/\/riverdi.com\/fr#website","url":"https:\/\/riverdi.com\/fr","name":"Riverdi","description":"Global TFT LCD Manufacturer","potentialAction":[{"@type":"SearchAction","target":{"@type":"EntryPoint","urlTemplate":"https:\/\/riverdi.com\/fr?s={search_term_string}"},"query-input":{"@type":"PropertyValueSpecification","valueRequired":true,"valueName":"search_term_string"}}],"inLanguage":"fr-FR"}]}},"_links":{"self":[{"href":"https:\/\/riverdi.com\/fr\/wp-json\/wp\/v2\/product\/118163","targetHints":{"allow":["GET"]}}],"collection":[{"href":"https:\/\/riverdi.com\/fr\/wp-json\/wp\/v2\/product"}],"about":[{"href":"https:\/\/riverdi.com\/fr\/wp-json\/wp\/v2\/types\/product"}],"replies":[{"embeddable":true,"href":"https:\/\/riverdi.com\/fr\/wp-json\/wp\/v2\/comments?post=118163"}],"wp:featuredmedia":[{"embeddable":true,"href":"https:\/\/riverdi.com\/fr\/wp-json\/wp\/v2\/media\/3437"}],"wp:attachment":[{"href":"https:\/\/riverdi.com\/fr\/wp-json\/wp\/v2\/media?parent=118163"}],"wp:term":[{"taxonomy":"product_brand","embeddable":true,"href":"https:\/\/riverdi.com\/fr\/wp-json\/wp\/v2\/product_brand?post=118163"},{"taxonomy":"product_cat","embeddable":true,"href":"https:\/\/riverdi.com\/fr\/wp-json\/wp\/v2\/product_cat?post=118163"},{"taxonomy":"product_tag","embeddable":true,"href":"https:\/\/riverdi.com\/fr\/wp-json\/wp\/v2\/product_tag?post=118163"}],"curies":[{"name":"wp","href":"https:\/\/api.w.org\/{rel}","templated":true}]}}