{"id":118086,"date":"2019-01-08T14:43:25","date_gmt":"2019-01-08T13:43:25","guid":{"rendered":"http:\/\/riverdi.com\/product\/ritft70cap\/"},"modified":"2024-12-18T12:53:12","modified_gmt":"2024-12-18T11:53:12","slug":"ritft-70-cap","status":"publish","type":"product","link":"https:\/\/riverdi.com\/fr\/product\/ritft-70-cap","title":{"rendered":"RiTFT-70-CAP"},"content":{"rendered":"<p>n&rsquo;enlevez pas ceci<\/p>\n","protected":false},"excerpt":{"rendered":"<p><span style=\"font-weight: 400;\">Un \u00e9cran Riverdi <strong>7\u2033<\/strong> TFT avec un <strong>\u00e9cran tactile capacitif<\/strong> int\u00e9gr\u00e9 \u00e0 l&rsquo;inverseur LED.<\/span><span style=\"font-weight: 400;\"><br \/>\n<\/span><span style=\"font-weight: 400;\"><br \/>\n<\/span><span style=\"font-weight: 400;\">La r\u00e9solution de <strong>800&#215;480<\/strong> offre des couleurs claires et nettes, tandis que l&rsquo;\u00e9cran est pilot\u00e9 par le puissant <strong>contr\u00f4leur graphique BT815<\/strong>.<\/span><span style=\"font-weight: 400;\"><br \/>\n<\/span><span style=\"font-weight: 400;\"><br \/>\n<\/span><span style=\"font-weight: 400;\">L&rsquo;\u00e9cran est dot\u00e9 d&rsquo;une<strong> interface<\/strong> <strong>SPI\/QSPI<\/strong> standard.<\/span><\/p>\n","protected":false},"featured_media":5493,"comment_status":"closed","ping_status":"closed","template":"","meta":{"_acf_changed":false,"content-type":"","inline_featured_image":false},"product_brand":[],"product_cat":[3388,3626,4792,4791,4793,4913,4807,4808,4858,4846],"product_tag":[],"class_list":{"0":"post-118086","1":"product","2":"type-product","3":"status-publish","4":"has-post-thumbnail","6":"product_cat-affichages-intelligents","7":"product_cat-bt81x-fr","8":"product_cat-ecran-lcd","9":"product_cat-ecran-tft","10":"product_cat-ecrans-lcd-de-7-pouces","11":"product_cat-affichages-spi-qspi","12":"product_cat-ecrans-tactiles","13":"product_cat-ecrans-tactiles-capacitifs","14":"product_cat-interface-fr","15":"product_cat-tous-les-ecrans","17":"first","18":"instock","19":"taxable","20":"shipping-taxable","21":"purchasable","22":"product-type-simple"},"acf":[],"yoast_head":"<!-- This site is optimized with the Yoast SEO plugin v27.0 - https:\/\/yoast.com\/product\/yoast-seo-wordpress\/ -->\n<title>RiTFT-70-CAP - Riverdi<\/title>\n<meta name=\"robots\" content=\"index, follow, max-snippet:-1, max-image-preview:large, max-video-preview:-1\" \/>\n<link rel=\"canonical\" href=\"https:\/\/riverdi.com\/fr\/product\/ritft-70-cap\" \/>\n<meta property=\"og:locale\" content=\"fr_FR\" \/>\n<meta property=\"og:type\" content=\"article\" \/>\n<meta property=\"og:title\" content=\"RiTFT-70-CAP - Riverdi\" \/>\n<meta property=\"og:description\" content=\"Un \u00e9cran Riverdi 7\u2033 TFT avec un \u00e9cran tactile capacitif int\u00e9gr\u00e9 \u00e0 l&#039;inverseur LED. La r\u00e9solution de 800x480 offre des couleurs claires et nettes, tandis que l&#039;\u00e9cran est pilot\u00e9 par le puissant contr\u00f4leur graphique BT815. L&#039;\u00e9cran est dot\u00e9 d&#039;une interface SPI\/QSPI standard.\" \/>\n<meta property=\"og:url\" content=\"https:\/\/riverdi.com\/fr\/product\/ritft-70-cap\" \/>\n<meta property=\"og:site_name\" content=\"Riverdi\" \/>\n<meta property=\"article:publisher\" content=\"https:\/\/www.facebook.com\/riverdi.displays\/\" \/>\n<meta property=\"article:modified_time\" content=\"2024-12-18T11:53:12+00:00\" \/>\n<meta property=\"og:image\" content=\"https:\/\/riverdi.com\/wp-content\/uploads\/2024\/03\/7inch-eve3-galleryArtboard-4-8.webp\" \/>\n\t<meta property=\"og:image:width\" content=\"1280\" \/>\n\t<meta property=\"og:image:height\" content=\"880\" \/>\n\t<meta property=\"og:image:type\" content=\"image\/webp\" \/>\n<meta name=\"twitter:card\" content=\"summary_large_image\" \/>\n<meta name=\"twitter:site\" content=\"@riverdidisplays\" \/>\n<script type=\"application\/ld+json\" class=\"yoast-schema-graph\">{\"@context\":\"https:\/\/schema.org\",\"@graph\":[{\"@type\":\"WebPage\",\"@id\":\"https:\/\/riverdi.com\/fr\/product\/ritft-70-cap\",\"url\":\"https:\/\/riverdi.com\/fr\/product\/ritft-70-cap\",\"name\":\"RiTFT-70-CAP - Riverdi\",\"isPartOf\":{\"@id\":\"https:\/\/riverdi.com\/fr#website\"},\"primaryImageOfPage\":{\"@id\":\"https:\/\/riverdi.com\/fr\/product\/ritft-70-cap#primaryimage\"},\"image\":{\"@id\":\"https:\/\/riverdi.com\/fr\/product\/ritft-70-cap#primaryimage\"},\"thumbnailUrl\":\"https:\/\/riverdi.com\/wp-content\/uploads\/2024\/03\/7inch-eve3-galleryArtboard-4-8.webp\",\"datePublished\":\"2019-01-08T13:43:25+00:00\",\"dateModified\":\"2024-12-18T11:53:12+00:00\",\"breadcrumb\":{\"@id\":\"https:\/\/riverdi.com\/fr\/product\/ritft-70-cap#breadcrumb\"},\"inLanguage\":\"fr-FR\",\"potentialAction\":[{\"@type\":\"ReadAction\",\"target\":[\"https:\/\/riverdi.com\/fr\/product\/ritft-70-cap\"]}]},{\"@type\":\"ImageObject\",\"inLanguage\":\"fr-FR\",\"@id\":\"https:\/\/riverdi.com\/fr\/product\/ritft-70-cap#primaryimage\",\"url\":\"https:\/\/riverdi.com\/wp-content\/uploads\/2024\/03\/7inch-eve3-galleryArtboard-4-8.webp\",\"contentUrl\":\"https:\/\/riverdi.com\/wp-content\/uploads\/2024\/03\/7inch-eve3-galleryArtboard-4-8.webp\",\"width\":1280,\"height\":880,\"caption\":\"Module Eve3\"},{\"@type\":\"BreadcrumbList\",\"@id\":\"https:\/\/riverdi.com\/fr\/product\/ritft-70-cap#breadcrumb\",\"itemListElement\":[{\"@type\":\"ListItem\",\"position\":1,\"name\":\"Front Page\",\"item\":\"https:\/\/riverdi.com\/fr\/page-daccueil\"},{\"@type\":\"ListItem\",\"position\":2,\"name\":\"Boutique\",\"item\":\"https:\/\/riverdi.com\/fr\/boutique-2\"},{\"@type\":\"ListItem\",\"position\":3,\"name\":\"RiTFT-70-CAP\"}]},{\"@type\":\"WebSite\",\"@id\":\"https:\/\/riverdi.com\/fr#website\",\"url\":\"https:\/\/riverdi.com\/fr\",\"name\":\"Riverdi\",\"description\":\"Global TFT LCD Manufacturer\",\"potentialAction\":[{\"@type\":\"SearchAction\",\"target\":{\"@type\":\"EntryPoint\",\"urlTemplate\":\"https:\/\/riverdi.com\/fr?s={search_term_string}\"},\"query-input\":{\"@type\":\"PropertyValueSpecification\",\"valueRequired\":true,\"valueName\":\"search_term_string\"}}],\"inLanguage\":\"fr-FR\"}]}<\/script>\n<!-- \/ Yoast SEO plugin. -->","yoast_head_json":{"title":"RiTFT-70-CAP - Riverdi","robots":{"index":"index","follow":"follow","max-snippet":"max-snippet:-1","max-image-preview":"max-image-preview:large","max-video-preview":"max-video-preview:-1"},"canonical":"https:\/\/riverdi.com\/fr\/product\/ritft-70-cap","og_locale":"fr_FR","og_type":"article","og_title":"RiTFT-70-CAP - Riverdi","og_description":"Un \u00e9cran Riverdi 7\u2033 TFT avec un \u00e9cran tactile capacitif int\u00e9gr\u00e9 \u00e0 l'inverseur LED. La r\u00e9solution de 800x480 offre des couleurs claires et nettes, tandis que l'\u00e9cran est pilot\u00e9 par le puissant contr\u00f4leur graphique BT815. L'\u00e9cran est dot\u00e9 d'une interface SPI\/QSPI standard.","og_url":"https:\/\/riverdi.com\/fr\/product\/ritft-70-cap","og_site_name":"Riverdi","article_publisher":"https:\/\/www.facebook.com\/riverdi.displays\/","article_modified_time":"2024-12-18T11:53:12+00:00","og_image":[{"width":1280,"height":880,"url":"https:\/\/riverdi.com\/wp-content\/uploads\/2024\/03\/7inch-eve3-galleryArtboard-4-8.webp","type":"image\/webp"}],"twitter_card":"summary_large_image","twitter_site":"@riverdidisplays","schema":{"@context":"https:\/\/schema.org","@graph":[{"@type":"WebPage","@id":"https:\/\/riverdi.com\/fr\/product\/ritft-70-cap","url":"https:\/\/riverdi.com\/fr\/product\/ritft-70-cap","name":"RiTFT-70-CAP - Riverdi","isPartOf":{"@id":"https:\/\/riverdi.com\/fr#website"},"primaryImageOfPage":{"@id":"https:\/\/riverdi.com\/fr\/product\/ritft-70-cap#primaryimage"},"image":{"@id":"https:\/\/riverdi.com\/fr\/product\/ritft-70-cap#primaryimage"},"thumbnailUrl":"https:\/\/riverdi.com\/wp-content\/uploads\/2024\/03\/7inch-eve3-galleryArtboard-4-8.webp","datePublished":"2019-01-08T13:43:25+00:00","dateModified":"2024-12-18T11:53:12+00:00","breadcrumb":{"@id":"https:\/\/riverdi.com\/fr\/product\/ritft-70-cap#breadcrumb"},"inLanguage":"fr-FR","potentialAction":[{"@type":"ReadAction","target":["https:\/\/riverdi.com\/fr\/product\/ritft-70-cap"]}]},{"@type":"ImageObject","inLanguage":"fr-FR","@id":"https:\/\/riverdi.com\/fr\/product\/ritft-70-cap#primaryimage","url":"https:\/\/riverdi.com\/wp-content\/uploads\/2024\/03\/7inch-eve3-galleryArtboard-4-8.webp","contentUrl":"https:\/\/riverdi.com\/wp-content\/uploads\/2024\/03\/7inch-eve3-galleryArtboard-4-8.webp","width":1280,"height":880,"caption":"Module Eve3"},{"@type":"BreadcrumbList","@id":"https:\/\/riverdi.com\/fr\/product\/ritft-70-cap#breadcrumb","itemListElement":[{"@type":"ListItem","position":1,"name":"Front Page","item":"https:\/\/riverdi.com\/fr\/page-daccueil"},{"@type":"ListItem","position":2,"name":"Boutique","item":"https:\/\/riverdi.com\/fr\/boutique-2"},{"@type":"ListItem","position":3,"name":"RiTFT-70-CAP"}]},{"@type":"WebSite","@id":"https:\/\/riverdi.com\/fr#website","url":"https:\/\/riverdi.com\/fr","name":"Riverdi","description":"Global TFT LCD Manufacturer","potentialAction":[{"@type":"SearchAction","target":{"@type":"EntryPoint","urlTemplate":"https:\/\/riverdi.com\/fr?s={search_term_string}"},"query-input":{"@type":"PropertyValueSpecification","valueRequired":true,"valueName":"search_term_string"}}],"inLanguage":"fr-FR"}]}},"_links":{"self":[{"href":"https:\/\/riverdi.com\/fr\/wp-json\/wp\/v2\/product\/118086","targetHints":{"allow":["GET"]}}],"collection":[{"href":"https:\/\/riverdi.com\/fr\/wp-json\/wp\/v2\/product"}],"about":[{"href":"https:\/\/riverdi.com\/fr\/wp-json\/wp\/v2\/types\/product"}],"replies":[{"embeddable":true,"href":"https:\/\/riverdi.com\/fr\/wp-json\/wp\/v2\/comments?post=118086"}],"wp:featuredmedia":[{"embeddable":true,"href":"https:\/\/riverdi.com\/fr\/wp-json\/wp\/v2\/media\/5493"}],"wp:attachment":[{"href":"https:\/\/riverdi.com\/fr\/wp-json\/wp\/v2\/media?parent=118086"}],"wp:term":[{"taxonomy":"product_brand","embeddable":true,"href":"https:\/\/riverdi.com\/fr\/wp-json\/wp\/v2\/product_brand?post=118086"},{"taxonomy":"product_cat","embeddable":true,"href":"https:\/\/riverdi.com\/fr\/wp-json\/wp\/v2\/product_cat?post=118086"},{"taxonomy":"product_tag","embeddable":true,"href":"https:\/\/riverdi.com\/fr\/wp-json\/wp\/v2\/product_tag?post=118086"}],"curies":[{"name":"wp","href":"https:\/\/api.w.org\/{rel}","templated":true}]}}