{"id":117996,"date":"2019-01-08T13:48:26","date_gmt":"2019-01-08T12:48:26","guid":{"rendered":"http:\/\/riverdi.com\/product\/ritft50capux\/"},"modified":"2024-12-18T12:52:32","modified_gmt":"2024-12-18T11:52:32","slug":"ritft50capux","status":"publish","type":"product","link":"https:\/\/riverdi.com\/fr\/product\/ritft50capux","title":{"rendered":"RiTFT-50-CAP-UX"},"content":{"rendered":"<p>n&rsquo;enlevez pas ceci<\/p>\n","protected":false},"excerpt":{"rendered":"<p><span style=\"font-weight: 400;\">Un \u00e9cran Riverdi TFT de <strong>5\u2033<\/strong> avec un <strong>\u00e9cran tactile capacitif<\/strong> et une vitre de couverture d\u00e9corative, disponible en deux versions : <strong>noir<\/strong> et <strong>blanc<\/strong>.<\/span><span style=\"font-weight: 400;\"><br \/>\n<\/span><span style=\"font-weight: 400;\"><br \/>\n<\/span><span style=\"font-weight: 400;\">La r\u00e9solution de <strong>800&#215;480<\/strong> offre des couleurs claires et nettes, tandis que l&rsquo;\u00e9cran est pilot\u00e9 par le puissant <strong>contr\u00f4leur graphique BT815<\/strong>.<\/span><span style=\"font-weight: 400;\"><br \/>\n<\/span><span style=\"font-weight: 400;\"><br \/>\n<\/span><span style=\"font-weight: 400;\">L&rsquo;\u00e9cran est dot\u00e9 d&rsquo;une<strong> interface<\/strong> <strong>SPI\/QSPI<\/strong> standard.<\/span><\/p>\n","protected":false},"featured_media":103100,"comment_status":"closed","ping_status":"closed","template":"","meta":{"_acf_changed":false,"content-type":"","inline_featured_image":false},"product_brand":[],"product_cat":[3388,3626,4792,4791,4913,4807,4808,4858,4846],"product_tag":[],"class_list":{"0":"post-117996","1":"product","2":"type-product","3":"status-publish","4":"has-post-thumbnail","6":"product_cat-affichages-intelligents","7":"product_cat-bt81x-fr","8":"product_cat-ecran-lcd","9":"product_cat-ecran-tft","10":"product_cat-affichages-spi-qspi","11":"product_cat-ecrans-tactiles","12":"product_cat-ecrans-tactiles-capacitifs","13":"product_cat-interface-fr","14":"product_cat-tous-les-ecrans","16":"first","17":"instock","18":"taxable","19":"shipping-taxable","20":"purchasable","21":"product-type-variable"},"acf":[],"yoast_head":"<!-- This site is optimized with the Yoast SEO plugin v27.0 - https:\/\/yoast.com\/product\/yoast-seo-wordpress\/ -->\n<title>RiTFT-50-CAP-UX - Riverdi<\/title>\n<meta name=\"robots\" content=\"index, follow, max-snippet:-1, max-image-preview:large, max-video-preview:-1\" \/>\n<link rel=\"canonical\" href=\"https:\/\/riverdi.com\/fr\/product\/ritft50capux\" \/>\n<meta property=\"og:locale\" content=\"fr_FR\" \/>\n<meta property=\"og:type\" content=\"article\" \/>\n<meta property=\"og:title\" content=\"RiTFT-50-CAP-UX - Riverdi\" \/>\n<meta property=\"og:description\" content=\"Un \u00e9cran Riverdi TFT de 5\u2033 avec un \u00e9cran tactile capacitif et une vitre de couverture d\u00e9corative, disponible en deux versions : noir et blanc. La r\u00e9solution de 800x480 offre des couleurs claires et nettes, tandis que l&#039;\u00e9cran est pilot\u00e9 par le puissant contr\u00f4leur graphique BT815. L&#039;\u00e9cran est dot\u00e9 d&#039;une interface SPI\/QSPI standard.\" \/>\n<meta property=\"og:url\" content=\"https:\/\/riverdi.com\/fr\/product\/ritft50capux\" \/>\n<meta property=\"og:site_name\" content=\"Riverdi\" \/>\n<meta property=\"article:publisher\" content=\"https:\/\/www.facebook.com\/riverdi.displays\/\" \/>\n<meta property=\"article:modified_time\" content=\"2024-12-18T11:52:32+00:00\" \/>\n<meta property=\"og:image\" content=\"https:\/\/riverdi.com\/wp-content\/uploads\/2024\/04\/5-inch-eve3-galleryArtboard-7-100.webp\" \/>\n\t<meta property=\"og:image:width\" content=\"1280\" \/>\n\t<meta property=\"og:image:height\" content=\"880\" \/>\n\t<meta property=\"og:image:type\" content=\"image\/webp\" \/>\n<meta name=\"twitter:card\" content=\"summary_large_image\" \/>\n<meta name=\"twitter:site\" content=\"@riverdidisplays\" \/>\n<script type=\"application\/ld+json\" class=\"yoast-schema-graph\">{\"@context\":\"https:\/\/schema.org\",\"@graph\":[{\"@type\":\"WebPage\",\"@id\":\"https:\/\/riverdi.com\/fr\/product\/ritft50capux\",\"url\":\"https:\/\/riverdi.com\/fr\/product\/ritft50capux\",\"name\":\"RiTFT-50-CAP-UX - Riverdi\",\"isPartOf\":{\"@id\":\"https:\/\/riverdi.com\/fr#website\"},\"primaryImageOfPage\":{\"@id\":\"https:\/\/riverdi.com\/fr\/product\/ritft50capux#primaryimage\"},\"image\":{\"@id\":\"https:\/\/riverdi.com\/fr\/product\/ritft50capux#primaryimage\"},\"thumbnailUrl\":\"https:\/\/riverdi.com\/wp-content\/uploads\/2024\/04\/5-inch-eve3-galleryArtboard-7-100.webp\",\"datePublished\":\"2019-01-08T12:48:26+00:00\",\"dateModified\":\"2024-12-18T11:52:32+00:00\",\"breadcrumb\":{\"@id\":\"https:\/\/riverdi.com\/fr\/product\/ritft50capux#breadcrumb\"},\"inLanguage\":\"fr-FR\",\"potentialAction\":[{\"@type\":\"ReadAction\",\"target\":[\"https:\/\/riverdi.com\/fr\/product\/ritft50capux\"]}]},{\"@type\":\"ImageObject\",\"inLanguage\":\"fr-FR\",\"@id\":\"https:\/\/riverdi.com\/fr\/product\/ritft50capux#primaryimage\",\"url\":\"https:\/\/riverdi.com\/wp-content\/uploads\/2024\/04\/5-inch-eve3-galleryArtboard-7-100.webp\",\"contentUrl\":\"https:\/\/riverdi.com\/wp-content\/uploads\/2024\/04\/5-inch-eve3-galleryArtboard-7-100.webp\",\"width\":1280,\"height\":880,\"caption\":\"Module Eve3\"},{\"@type\":\"BreadcrumbList\",\"@id\":\"https:\/\/riverdi.com\/fr\/product\/ritft50capux#breadcrumb\",\"itemListElement\":[{\"@type\":\"ListItem\",\"position\":1,\"name\":\"Front Page\",\"item\":\"https:\/\/riverdi.com\/fr\/page-daccueil\"},{\"@type\":\"ListItem\",\"position\":2,\"name\":\"Boutique\",\"item\":\"https:\/\/riverdi.com\/fr\/boutique-2\"},{\"@type\":\"ListItem\",\"position\":3,\"name\":\"RiTFT-50-CAP-UX\"}]},{\"@type\":\"WebSite\",\"@id\":\"https:\/\/riverdi.com\/fr#website\",\"url\":\"https:\/\/riverdi.com\/fr\",\"name\":\"Riverdi\",\"description\":\"Global TFT LCD Manufacturer\",\"potentialAction\":[{\"@type\":\"SearchAction\",\"target\":{\"@type\":\"EntryPoint\",\"urlTemplate\":\"https:\/\/riverdi.com\/fr?s={search_term_string}\"},\"query-input\":{\"@type\":\"PropertyValueSpecification\",\"valueRequired\":true,\"valueName\":\"search_term_string\"}}],\"inLanguage\":\"fr-FR\"}]}<\/script>\n<!-- \/ Yoast SEO plugin. -->","yoast_head_json":{"title":"RiTFT-50-CAP-UX - Riverdi","robots":{"index":"index","follow":"follow","max-snippet":"max-snippet:-1","max-image-preview":"max-image-preview:large","max-video-preview":"max-video-preview:-1"},"canonical":"https:\/\/riverdi.com\/fr\/product\/ritft50capux","og_locale":"fr_FR","og_type":"article","og_title":"RiTFT-50-CAP-UX - Riverdi","og_description":"Un \u00e9cran Riverdi TFT de 5\u2033 avec un \u00e9cran tactile capacitif et une vitre de couverture d\u00e9corative, disponible en deux versions : noir et blanc. La r\u00e9solution de 800x480 offre des couleurs claires et nettes, tandis que l'\u00e9cran est pilot\u00e9 par le puissant contr\u00f4leur graphique BT815. L'\u00e9cran est dot\u00e9 d'une interface SPI\/QSPI standard.","og_url":"https:\/\/riverdi.com\/fr\/product\/ritft50capux","og_site_name":"Riverdi","article_publisher":"https:\/\/www.facebook.com\/riverdi.displays\/","article_modified_time":"2024-12-18T11:52:32+00:00","og_image":[{"width":1280,"height":880,"url":"https:\/\/riverdi.com\/wp-content\/uploads\/2024\/04\/5-inch-eve3-galleryArtboard-7-100.webp","type":"image\/webp"}],"twitter_card":"summary_large_image","twitter_site":"@riverdidisplays","schema":{"@context":"https:\/\/schema.org","@graph":[{"@type":"WebPage","@id":"https:\/\/riverdi.com\/fr\/product\/ritft50capux","url":"https:\/\/riverdi.com\/fr\/product\/ritft50capux","name":"RiTFT-50-CAP-UX - Riverdi","isPartOf":{"@id":"https:\/\/riverdi.com\/fr#website"},"primaryImageOfPage":{"@id":"https:\/\/riverdi.com\/fr\/product\/ritft50capux#primaryimage"},"image":{"@id":"https:\/\/riverdi.com\/fr\/product\/ritft50capux#primaryimage"},"thumbnailUrl":"https:\/\/riverdi.com\/wp-content\/uploads\/2024\/04\/5-inch-eve3-galleryArtboard-7-100.webp","datePublished":"2019-01-08T12:48:26+00:00","dateModified":"2024-12-18T11:52:32+00:00","breadcrumb":{"@id":"https:\/\/riverdi.com\/fr\/product\/ritft50capux#breadcrumb"},"inLanguage":"fr-FR","potentialAction":[{"@type":"ReadAction","target":["https:\/\/riverdi.com\/fr\/product\/ritft50capux"]}]},{"@type":"ImageObject","inLanguage":"fr-FR","@id":"https:\/\/riverdi.com\/fr\/product\/ritft50capux#primaryimage","url":"https:\/\/riverdi.com\/wp-content\/uploads\/2024\/04\/5-inch-eve3-galleryArtboard-7-100.webp","contentUrl":"https:\/\/riverdi.com\/wp-content\/uploads\/2024\/04\/5-inch-eve3-galleryArtboard-7-100.webp","width":1280,"height":880,"caption":"Module Eve3"},{"@type":"BreadcrumbList","@id":"https:\/\/riverdi.com\/fr\/product\/ritft50capux#breadcrumb","itemListElement":[{"@type":"ListItem","position":1,"name":"Front Page","item":"https:\/\/riverdi.com\/fr\/page-daccueil"},{"@type":"ListItem","position":2,"name":"Boutique","item":"https:\/\/riverdi.com\/fr\/boutique-2"},{"@type":"ListItem","position":3,"name":"RiTFT-50-CAP-UX"}]},{"@type":"WebSite","@id":"https:\/\/riverdi.com\/fr#website","url":"https:\/\/riverdi.com\/fr","name":"Riverdi","description":"Global TFT LCD Manufacturer","potentialAction":[{"@type":"SearchAction","target":{"@type":"EntryPoint","urlTemplate":"https:\/\/riverdi.com\/fr?s={search_term_string}"},"query-input":{"@type":"PropertyValueSpecification","valueRequired":true,"valueName":"search_term_string"}}],"inLanguage":"fr-FR"}]}},"_links":{"self":[{"href":"https:\/\/riverdi.com\/fr\/wp-json\/wp\/v2\/product\/117996","targetHints":{"allow":["GET"]}}],"collection":[{"href":"https:\/\/riverdi.com\/fr\/wp-json\/wp\/v2\/product"}],"about":[{"href":"https:\/\/riverdi.com\/fr\/wp-json\/wp\/v2\/types\/product"}],"replies":[{"embeddable":true,"href":"https:\/\/riverdi.com\/fr\/wp-json\/wp\/v2\/comments?post=117996"}],"wp:featuredmedia":[{"embeddable":true,"href":"https:\/\/riverdi.com\/fr\/wp-json\/wp\/v2\/media\/103100"}],"wp:attachment":[{"href":"https:\/\/riverdi.com\/fr\/wp-json\/wp\/v2\/media?parent=117996"}],"wp:term":[{"taxonomy":"product_brand","embeddable":true,"href":"https:\/\/riverdi.com\/fr\/wp-json\/wp\/v2\/product_brand?post=117996"},{"taxonomy":"product_cat","embeddable":true,"href":"https:\/\/riverdi.com\/fr\/wp-json\/wp\/v2\/product_cat?post=117996"},{"taxonomy":"product_tag","embeddable":true,"href":"https:\/\/riverdi.com\/fr\/wp-json\/wp\/v2\/product_tag?post=117996"}],"curies":[{"name":"wp","href":"https:\/\/api.w.org\/{rel}","templated":true}]}}