{"id":117915,"date":"2021-04-15T12:30:41","date_gmt":"2021-04-15T10:30:41","guid":{"rendered":"http:\/\/riverdi.com\/product\/tableau-devaluation-stm32\/"},"modified":"2021-04-15T12:30:41","modified_gmt":"2021-04-15T10:30:41","slug":"tableau-devaluation-stm32","status":"publish","type":"product","link":"https:\/\/riverdi.com\/fr\/product\/tableau-devaluation-stm32","title":{"rendered":"Carte d&rsquo;\u00e9valuation STM32"},"content":{"rendered":"<h2>Les ressources sont essentielles<\/h2>\n<p>Par rapport aux \u00e9crans EVE4, o\u00f9 la plupart des op\u00e9rations graphiques et d&rsquo;interface utilisateur sont g\u00e9r\u00e9es par un processeur graphique, le STM32 effectue les m\u00eames op\u00e9rations lorsqu&rsquo;il pilote les \u00e9crans HB IPS RGB. Dans ces conditions, la puissance de traitement \u00e9lev\u00e9e du processeur STM32F469II devient \u00e9vidente.<span class=\"Apple-converted-space\"> <\/span><\/p>\n<p>En ce qui concerne les syst\u00e8mes embarqu\u00e9s et les applications qui contr\u00f4lent l&rsquo;affichage, les ressources de la carte peuvent \u00eatre le facteur cl\u00e9 du succ\u00e8s. Par rapport aux syst\u00e8mes embarqu\u00e9s habituels dans lesquels un microcontr\u00f4leur est utilis\u00e9 pour effectuer des op\u00e9rations moins complexes, par exemple la lecture de capteurs ou la commande de moteurs &#8211; et o\u00f9 le processeur Cortex M0 est plus que suffisant pour g\u00e9rer toutes les t\u00e2ches &#8211; dans le cas des syst\u00e8mes qui contr\u00f4lent principalement l&rsquo;affichage, la quantit\u00e9 de ressources n\u00e9cessaires augmente rapidement. Selon EE Times, seuls 14 % des fichiers graphiques sont g\u00e9r\u00e9s par des syst\u00e8mes 32 bits. Ce fait place Riverdi dans le groupe des leaders technologiques.<span class=\"Apple-converted-space\"> <\/span><\/p>\n<p>Les principales exigences de ces syst\u00e8mes sont les suivantes<span class=\"Apple-converted-space\"> <\/span><\/p>\n<p><strong>Puissance de traitement,<span class=\"Apple-converted-space\"> <\/span><\/strong><\/p>\n<p><strong>M\u00e9moire RAM,<span class=\"Apple-converted-space\"> <\/span><\/strong><\/p>\n<p><strong>M\u00e9moire non volatile.<span class=\"Apple-converted-space\"> <\/span><\/strong><\/p>\n<p>La puissance de traitement est n\u00e9cessaire pour permettre un fonctionnement fluide de l&rsquo;\u00e9cran et pour effectuer toutes les op\u00e9rations n\u00e9cessaires en arri\u00e8re-plan. La m\u00e9moire RAM doit \u00eatre suffisamment grande pour stocker au moins le frame buffer complet pour les \u00e9crans \u00e0 haute r\u00e9solution et profondeur de couleur. Enfin, la m\u00e9moire non volatile est n\u00e9cessaire pour stocker tous les objets utilis\u00e9s dans une application graphique, comme les polices de caract\u00e8res ou les ic\u00f4nes. Compte tenu de tous ces \u00e9l\u00e9ments, la carte d&rsquo;\u00e9valuation Riverdi STM32 a \u00e9t\u00e9 con\u00e7ue avec soin pour r\u00e9pondre \u00e0 toutes les exigences essentielles.<\/p>\n<p><a href=\"https:\/\/riverdi.com\/wp-content\/uploads\/2021\/04\/w1000.webp\"><img decoding=\"async\" class=\"aligncenter wp-image-117623 size-full\" src=\"https:\/\/riverdi.com\/wp-content\/uploads\/2021\/04\/w1000.webp?_t=1716186330\" alt=\"\" width=\"1000\" height=\"769\" srcset=\"https:\/\/riverdi.com\/wp-content\/uploads\/2021\/04\/w1000.webp 1000w, https:\/\/riverdi.com\/wp-content\/uploads\/2021\/04\/w1000-600x461.webp 600w, https:\/\/riverdi.com\/wp-content\/uploads\/2021\/04\/w1000-64x49.webp 64w, https:\/\/riverdi.com\/wp-content\/uploads\/2021\/04\/w1000-300x231.webp 300w, https:\/\/riverdi.com\/wp-content\/uploads\/2021\/04\/w1000-768x591.webp 768w\" sizes=\"(max-width: 1000px) 100vw, 1000px\" \/><\/a><\/p>\n<h2>Comment piloter des \u00e9crans externes<\/h2>\n<h4>Cavalier entre P7 &amp; P8 : Pont s\u00e9rie\/SPI FTDI connect\u00e9 au RiBUS SPI :<\/h4>\n<p>Utilisez le pont FT232 s\u00e9rie vers SPI en connectant un c\u00e2ble micro USB au connecteur \u00e9tiquet\u00e9 \u00ab\u00a0Direct USB\u00a0\u00bb et en utilisant l&rsquo;\u00e9diteur d&rsquo;\u00e9cran EVE pour g\u00e9n\u00e9rer rapidement des interfaces utilisateur graphiques avec un minimum d&rsquo;effort.<\/p>\n<h4>Cavalier entre P9 &amp; P8 : STM32 connect\u00e9 \u00e0 RiBUS SPI :<\/h4>\n<p>Utilisez le STM32F4 embarqu\u00e9 pour d\u00e9velopper et tester un micrologiciel permettant de piloter un \u00e9cran Riverdi EVE4 connect\u00e9 avec un contr\u00f4leur BT817Q.<\/p>\n<p><a href=\"https:\/\/riverdi.com\/wp-content\/uploads\/2021\/04\/w1536h853.avif\"><img decoding=\"async\" class=\"aligncenter wp-image-117628 size-large\" src=\"https:\/\/riverdi.com\/wp-content\/uploads\/2021\/04\/w1536h853-1024x569.avif?_t=1716186374\" alt=\"\" width=\"1024\" height=\"569\" srcset=\"https:\/\/riverdi.com\/wp-content\/uploads\/2021\/04\/w1536h853-1024x569.avif 1024w, https:\/\/riverdi.com\/wp-content\/uploads\/2021\/04\/w1536h853-600x333.avif 600w, https:\/\/riverdi.com\/wp-content\/uploads\/2021\/04\/w1536h853-64x36.avif 64w, https:\/\/riverdi.com\/wp-content\/uploads\/2021\/04\/w1536h853-300x167.avif 300w, https:\/\/riverdi.com\/wp-content\/uploads\/2021\/04\/w1536h853-768x427.avif 768w, https:\/\/riverdi.com\/wp-content\/uploads\/2021\/04\/w1536h853.avif 1536w\" sizes=\"(max-width: 1024px) 100vw, 1024px\" \/><\/a><\/p>\n<h2>Extension RGB<\/h2>\n<p>La carte d&rsquo;\u00e9valuation elle-m\u00eame contient tous les composants cl\u00e9s ainsi que l&rsquo;interface RiBUS pour les \u00e9crans EVE &#8211; l&rsquo;en-t\u00eate d&rsquo;extension RGB permet d&rsquo;utiliser l&rsquo;interface avec la plupart des \u00e9crans RGB de Riverdi.<\/p>\n<p>La carte d&rsquo;\u00e9valuation peut utiliser soit RiBUS pour piloter l&rsquo;\u00e9cran avec le contr\u00f4leur graphique EVE, soit l&rsquo;extension RGB. Une carte d&rsquo;extension, en plus de fournir des signaux \u00e0 l&rsquo;\u00e9cran, joue le r\u00f4le de support physique pour l&rsquo;ensemble du module. Par cons\u00e9quent, les tableaux compl\u00e9mentaires doivent \u00eatre adapt\u00e9s aux \u00e9crans qu&rsquo;ils desservent.<\/p>\n<p><span class=\"s1\">En raison de la <\/span>limitation de la r\u00e9solution du STM32F469II, il est actuellement possible de connecter des \u00e9crans de 10,1 pouces uniquement via RiBUS &#8211; ils doivent donc \u00eatre des mod\u00e8les avec le contr\u00f4leur BT817Q.<\/p>\n<p><a href=\"https:\/\/riverdi.com\/wp-content\/uploads\/2021\/11\/w800h998.avif\"><img decoding=\"async\" class=\"aligncenter wp-image-117583 size-full\" src=\"https:\/\/riverdi.com\/wp-content\/uploads\/2021\/11\/w800h998.avif?_t=1716185266\" alt=\"\" width=\"800\" height=\"997\" srcset=\"https:\/\/riverdi.com\/wp-content\/uploads\/2021\/11\/w800h998.avif 800w, https:\/\/riverdi.com\/wp-content\/uploads\/2021\/11\/w800h998-600x748.avif 600w, https:\/\/riverdi.com\/wp-content\/uploads\/2021\/11\/w800h998-64x80.avif 64w, https:\/\/riverdi.com\/wp-content\/uploads\/2021\/11\/w800h998-241x300.avif 241w, https:\/\/riverdi.com\/wp-content\/uploads\/2021\/11\/w800h998-768x957.avif 768w\" sizes=\"(max-width: 800px) 100vw, 800px\" \/><\/a><\/p>\n<h2>Une carte d&rsquo;\u00e9valuation pour chaque \u00e9cran<\/h2>\n<p><a href=\"https:\/\/riverdi.com\/wp-content\/uploads\/2021\/04\/w600.avif\"><img decoding=\"async\" class=\"aligncenter wp-image-117633 size-full\" src=\"https:\/\/riverdi.com\/wp-content\/uploads\/2021\/04\/w600.avif?_t=1716186426\" alt=\"\" width=\"600\" height=\"370\" srcset=\"https:\/\/riverdi.com\/wp-content\/uploads\/2021\/04\/w600.avif 600w, https:\/\/riverdi.com\/wp-content\/uploads\/2021\/04\/w600-64x39.avif 64w, https:\/\/riverdi.com\/wp-content\/uploads\/2021\/04\/w600-300x185.avif 300w\" sizes=\"(max-width: 600px) 100vw, 600px\" \/><\/a><\/p>\n<p><iframe title=\"Lecteur vid\u00e9o YouTube\" src=\"https:\/\/www.youtube.com\/embed\/r8isY2MxdHg?si=FOwGrGstSSe66CrH\" width=\"560\" height=\"315\" frameborder=\"0\" allowfullscreen=\"allowfullscreen\"><\/iframe><\/p>\n<p><a href=\"https:\/\/riverdi.com\/fr\/blog\/la-carte-devaluation-stm32-qui-allume-votre-ecran\" target=\"_blank\" rel=\"noopener\">EN SAVOIR PLUS<\/a><\/p>\n","protected":false},"excerpt":{"rendered":"<div class=\"Variant-buttons\"><a class=\"Variant-SKU-button\" href=\"https:\/\/download.riverdi.com\/STM32-EVALUATION-BOARD\/UM_Riverdi_STM32_Evaluation_Board_Manual_Rev.1.7.pdf\">Manuel de l&rsquo;utilisateur<\/a><br \/>\n<a class=\"Variant-SKU-button\" href=\"https:\/\/download.riverdi.com\/STM32-EVALUATION-BOARD\/WP_EVAL_WHITEPAPER_Rev.1.5.pdf\">Livre blanc<\/a><br \/>\n<a class=\"Variant-SKU-button\" href=\"https:\/\/download.riverdi.com\/STM32-EVALUATION-BOARD\/SCHEM_EVAL_MAIN_schematic_Rev.1.0.pdf\">R\u00e9gime<\/a><\/div>\n<div>\n<p>La carte d&rsquo;\u00e9valuation Riverdi STM32 est une carte d&rsquo;\u00e9valuation\/d\u00e9veloppement destin\u00e9e au d\u00e9veloppement et \u00e0 l&rsquo;utilisation d&rsquo;applications sur une large gamme d&rsquo;\u00e9crans Riverdi.  <strong>Il supporte uniquement les modules Riverdi EVE4 pour les \u00e9crans de 3,5&Prime; \u00e0 10,1&Prime; et la s\u00e9rie Riverdi HB IPS avec des interfaces RGB, LVDS et DSI (les deux derniers types doivent avoir un s\u00e9rialiseur suppl\u00e9mentaire) en combinaison avec diff\u00e9rents types d&rsquo;\u00e9crans tactiles.<\/strong><\/p>\n<p><span lang=\"EN-US\">Son principal avantage est qu&rsquo;il permet de travailler avec un \u00e9cran selon trois modes :<\/span><\/p>\n<ul>\n<li>Du STM32F469 via RiBUS (SPI) aux \u00e9crans BT817Q\/EVE4<\/li>\n<li>De l&rsquo;USB via un pont FT232H vers RiBUS (SPI) puis vers les afficheurs BT817Q\/EVE4<\/li>\n<li>Du contr\u00f4leur TFT STM32F469 LTDC aux \u00e9crans Riverdi HB IPS avec interface RGB et aux \u00e9crans Riverdi HB IPS avec interfaces LVDS&amp;DSI avec s\u00e9rialiseur.<\/li>\n<\/ul>\n<p><span lang=\"EN-US\">La carte contient tous les composants n\u00e9cessaires au d\u00e9veloppement d&rsquo;applications graphiques, notamment  <\/span><\/p>\n<ul>\n<li>Interface USB,<\/li>\n<li>Interface pour carte DSU,<\/li>\n<li>2 LED programmables par l&rsquo;utilisateur,<\/li>\n<li>2 boutons programmables par l&rsquo;utilisateur,<\/li>\n<li>Interface UART de d\u00e9bogage.<\/li>\n<\/ul>\n<p><span lang=\"EN-US\">Alors que le contr\u00f4leur STM32 est aliment\u00e9 par une interface USB, les \u00e9crans peuvent \u00eatre aliment\u00e9s soit par la m\u00eame source de courant continu, soit par une source de courant continu ind\u00e9pendante.<\/span><\/p>\n<p>La carte d&rsquo;\u00e9valuation STM32 est livr\u00e9e avec :<\/p>\n<ol>\n<li>C\u00e2ble micro USB<\/li>\n<li>Carte Micro SD<\/li>\n<li>FFC0520150<\/li>\n<\/ol>\n<\/div>\n","protected":false},"featured_media":20555,"comment_status":"closed","ping_status":"closed","template":"","meta":{"_acf_changed":false,"content-type":"","inline_featured_image":false},"product_brand":[],"product_cat":[3519],"product_tag":[3527,3531,3534],"class_list":{"0":"post-117915","1":"product","2":"type-product","3":"status-publish","4":"has-post-thumbnail","6":"product_cat-comites-devaluation","7":"product_tag-conseil","8":"product_tag-levaluation","9":"product_tag-stm32-fr","11":"first","12":"instock","13":"taxable","14":"shipping-taxable","15":"purchasable","16":"product-type-simple"},"acf":[],"yoast_head":"<!-- This site is optimized with the Yoast SEO plugin v27.3 - https:\/\/yoast.com\/product\/yoast-seo-wordpress\/ -->\n<title>Carte d&#039;\u00e9valuation STM32 - Riverdi<\/title>\n<meta name=\"description\" content=\"La carte d&#039;\u00e9valuation\/d\u00e9veloppement STM32 vous permet de d\u00e9velopper et d&#039;utiliser facilement des applications sur une large gamme d&#039;\u00e9crans Riverdi.\" \/>\n<meta name=\"robots\" content=\"index, follow, max-snippet:-1, max-image-preview:large, max-video-preview:-1\" \/>\n<link rel=\"canonical\" href=\"https:\/\/riverdi.com\/fr\/product\/tableau-devaluation-stm32\" \/>\n<meta property=\"og:locale\" content=\"fr_FR\" \/>\n<meta property=\"og:type\" content=\"article\" \/>\n<meta property=\"og:title\" content=\"Carte d&#039;\u00e9valuation STM32 - Riverdi\" \/>\n<meta property=\"og:description\" content=\"La carte d&#039;\u00e9valuation\/d\u00e9veloppement STM32 vous permet de d\u00e9velopper et d&#039;utiliser facilement des applications sur une large gamme d&#039;\u00e9crans Riverdi.\" \/>\n<meta property=\"og:url\" content=\"https:\/\/riverdi.com\/fr\/product\/tableau-devaluation-stm32\" \/>\n<meta property=\"og:site_name\" content=\"Riverdi\" \/>\n<meta property=\"article:publisher\" content=\"https:\/\/www.facebook.com\/riverdi.displays\/\" \/>\n<meta property=\"og:image\" content=\"https:\/\/riverdi.com\/wp-content\/uploads\/2024\/03\/Eval-board-2-1.webp\" \/>\n\t<meta property=\"og:image:width\" content=\"1293\" \/>\n\t<meta property=\"og:image:height\" content=\"889\" \/>\n\t<meta property=\"og:image:type\" content=\"image\/webp\" \/>\n<meta name=\"twitter:card\" content=\"summary_large_image\" \/>\n<meta name=\"twitter:site\" content=\"@riverdidisplays\" \/>\n<meta name=\"twitter:label1\" content=\"Dur\u00e9e de lecture estim\u00e9e\" \/>\n\t<meta name=\"twitter:data1\" content=\"3 minutes\" \/>\n<script type=\"application\/ld+json\" class=\"yoast-schema-graph\">{\"@context\":\"https:\\\/\\\/schema.org\",\"@graph\":[{\"@type\":\"WebPage\",\"@id\":\"https:\\\/\\\/riverdi.com\\\/fr\\\/product\\\/tableau-devaluation-stm32\",\"url\":\"https:\\\/\\\/riverdi.com\\\/fr\\\/product\\\/tableau-devaluation-stm32\",\"name\":\"Carte d'\u00e9valuation STM32 - Riverdi\",\"isPartOf\":{\"@id\":\"https:\\\/\\\/riverdi.com\\\/fr#website\"},\"primaryImageOfPage\":{\"@id\":\"https:\\\/\\\/riverdi.com\\\/fr\\\/product\\\/tableau-devaluation-stm32#primaryimage\"},\"image\":{\"@id\":\"https:\\\/\\\/riverdi.com\\\/fr\\\/product\\\/tableau-devaluation-stm32#primaryimage\"},\"thumbnailUrl\":\"https:\\\/\\\/riverdi.com\\\/wp-content\\\/uploads\\\/2024\\\/03\\\/Eval-board-2-1.webp\",\"datePublished\":\"2021-04-15T10:30:41+00:00\",\"description\":\"La carte d'\u00e9valuation\\\/d\u00e9veloppement STM32 vous permet de d\u00e9velopper et d'utiliser facilement des applications sur une large gamme d'\u00e9crans Riverdi.\",\"breadcrumb\":{\"@id\":\"https:\\\/\\\/riverdi.com\\\/fr\\\/product\\\/tableau-devaluation-stm32#breadcrumb\"},\"inLanguage\":\"fr-FR\",\"potentialAction\":[{\"@type\":\"ReadAction\",\"target\":[\"https:\\\/\\\/riverdi.com\\\/fr\\\/product\\\/tableau-devaluation-stm32\"]}]},{\"@type\":\"ImageObject\",\"inLanguage\":\"fr-FR\",\"@id\":\"https:\\\/\\\/riverdi.com\\\/fr\\\/product\\\/tableau-devaluation-stm32#primaryimage\",\"url\":\"https:\\\/\\\/riverdi.com\\\/wp-content\\\/uploads\\\/2024\\\/03\\\/Eval-board-2-1.webp\",\"contentUrl\":\"https:\\\/\\\/riverdi.com\\\/wp-content\\\/uploads\\\/2024\\\/03\\\/Eval-board-2-1.webp\",\"width\":1293,\"height\":889,\"caption\":\"Carte d'\u00e9valuation STM32\"},{\"@type\":\"BreadcrumbList\",\"@id\":\"https:\\\/\\\/riverdi.com\\\/fr\\\/product\\\/tableau-devaluation-stm32#breadcrumb\",\"itemListElement\":[{\"@type\":\"ListItem\",\"position\":1,\"name\":\"Front Page\",\"item\":\"https:\\\/\\\/riverdi.com\\\/fr\\\/page-daccueil\"},{\"@type\":\"ListItem\",\"position\":2,\"name\":\"Boutique\",\"item\":\"https:\\\/\\\/riverdi.com\\\/fr\\\/boutique-2\"},{\"@type\":\"ListItem\",\"position\":3,\"name\":\"Carte d&#8217;\u00e9valuation STM32\"}]},{\"@type\":\"WebSite\",\"@id\":\"https:\\\/\\\/riverdi.com\\\/fr#website\",\"url\":\"https:\\\/\\\/riverdi.com\\\/fr\",\"name\":\"Riverdi\",\"description\":\"Global TFT LCD Manufacturer\",\"potentialAction\":[{\"@type\":\"SearchAction\",\"target\":{\"@type\":\"EntryPoint\",\"urlTemplate\":\"https:\\\/\\\/riverdi.com\\\/fr?s={search_term_string}\"},\"query-input\":{\"@type\":\"PropertyValueSpecification\",\"valueRequired\":true,\"valueName\":\"search_term_string\"}}],\"inLanguage\":\"fr-FR\"}]}<\/script>\n<!-- \/ Yoast SEO plugin. -->","yoast_head_json":{"title":"Carte d'\u00e9valuation STM32 - Riverdi","description":"La carte d'\u00e9valuation\/d\u00e9veloppement STM32 vous permet de d\u00e9velopper et d'utiliser facilement des applications sur une large gamme d'\u00e9crans Riverdi.","robots":{"index":"index","follow":"follow","max-snippet":"max-snippet:-1","max-image-preview":"max-image-preview:large","max-video-preview":"max-video-preview:-1"},"canonical":"https:\/\/riverdi.com\/fr\/product\/tableau-devaluation-stm32","og_locale":"fr_FR","og_type":"article","og_title":"Carte d'\u00e9valuation STM32 - Riverdi","og_description":"La carte d'\u00e9valuation\/d\u00e9veloppement STM32 vous permet de d\u00e9velopper et d'utiliser facilement des applications sur une large gamme d'\u00e9crans Riverdi.","og_url":"https:\/\/riverdi.com\/fr\/product\/tableau-devaluation-stm32","og_site_name":"Riverdi","article_publisher":"https:\/\/www.facebook.com\/riverdi.displays\/","og_image":[{"width":1293,"height":889,"url":"https:\/\/riverdi.com\/wp-content\/uploads\/2024\/03\/Eval-board-2-1.webp","type":"image\/webp"}],"twitter_card":"summary_large_image","twitter_site":"@riverdidisplays","twitter_misc":{"Dur\u00e9e de lecture estim\u00e9e":"3 minutes"},"schema":{"@context":"https:\/\/schema.org","@graph":[{"@type":"WebPage","@id":"https:\/\/riverdi.com\/fr\/product\/tableau-devaluation-stm32","url":"https:\/\/riverdi.com\/fr\/product\/tableau-devaluation-stm32","name":"Carte d'\u00e9valuation STM32 - Riverdi","isPartOf":{"@id":"https:\/\/riverdi.com\/fr#website"},"primaryImageOfPage":{"@id":"https:\/\/riverdi.com\/fr\/product\/tableau-devaluation-stm32#primaryimage"},"image":{"@id":"https:\/\/riverdi.com\/fr\/product\/tableau-devaluation-stm32#primaryimage"},"thumbnailUrl":"https:\/\/riverdi.com\/wp-content\/uploads\/2024\/03\/Eval-board-2-1.webp","datePublished":"2021-04-15T10:30:41+00:00","description":"La carte d'\u00e9valuation\/d\u00e9veloppement STM32 vous permet de d\u00e9velopper et d'utiliser facilement des applications sur une large gamme d'\u00e9crans Riverdi.","breadcrumb":{"@id":"https:\/\/riverdi.com\/fr\/product\/tableau-devaluation-stm32#breadcrumb"},"inLanguage":"fr-FR","potentialAction":[{"@type":"ReadAction","target":["https:\/\/riverdi.com\/fr\/product\/tableau-devaluation-stm32"]}]},{"@type":"ImageObject","inLanguage":"fr-FR","@id":"https:\/\/riverdi.com\/fr\/product\/tableau-devaluation-stm32#primaryimage","url":"https:\/\/riverdi.com\/wp-content\/uploads\/2024\/03\/Eval-board-2-1.webp","contentUrl":"https:\/\/riverdi.com\/wp-content\/uploads\/2024\/03\/Eval-board-2-1.webp","width":1293,"height":889,"caption":"Carte d'\u00e9valuation STM32"},{"@type":"BreadcrumbList","@id":"https:\/\/riverdi.com\/fr\/product\/tableau-devaluation-stm32#breadcrumb","itemListElement":[{"@type":"ListItem","position":1,"name":"Front Page","item":"https:\/\/riverdi.com\/fr\/page-daccueil"},{"@type":"ListItem","position":2,"name":"Boutique","item":"https:\/\/riverdi.com\/fr\/boutique-2"},{"@type":"ListItem","position":3,"name":"Carte d&#8217;\u00e9valuation STM32"}]},{"@type":"WebSite","@id":"https:\/\/riverdi.com\/fr#website","url":"https:\/\/riverdi.com\/fr","name":"Riverdi","description":"Global TFT LCD Manufacturer","potentialAction":[{"@type":"SearchAction","target":{"@type":"EntryPoint","urlTemplate":"https:\/\/riverdi.com\/fr?s={search_term_string}"},"query-input":{"@type":"PropertyValueSpecification","valueRequired":true,"valueName":"search_term_string"}}],"inLanguage":"fr-FR"}]}},"_links":{"self":[{"href":"https:\/\/riverdi.com\/fr\/wp-json\/wp\/v2\/product\/117915","targetHints":{"allow":["GET"]}}],"collection":[{"href":"https:\/\/riverdi.com\/fr\/wp-json\/wp\/v2\/product"}],"about":[{"href":"https:\/\/riverdi.com\/fr\/wp-json\/wp\/v2\/types\/product"}],"replies":[{"embeddable":true,"href":"https:\/\/riverdi.com\/fr\/wp-json\/wp\/v2\/comments?post=117915"}],"wp:featuredmedia":[{"embeddable":true,"href":"https:\/\/riverdi.com\/fr\/wp-json\/wp\/v2\/media\/20555"}],"wp:attachment":[{"href":"https:\/\/riverdi.com\/fr\/wp-json\/wp\/v2\/media?parent=117915"}],"wp:term":[{"taxonomy":"product_brand","embeddable":true,"href":"https:\/\/riverdi.com\/fr\/wp-json\/wp\/v2\/product_brand?post=117915"},{"taxonomy":"product_cat","embeddable":true,"href":"https:\/\/riverdi.com\/fr\/wp-json\/wp\/v2\/product_cat?post=117915"},{"taxonomy":"product_tag","embeddable":true,"href":"https:\/\/riverdi.com\/fr\/wp-json\/wp\/v2\/product_tag?post=117915"}],"curies":[{"name":"wp","href":"https:\/\/api.w.org\/{rel}","templated":true}]}}