{"id":117905,"date":"2021-01-31T11:45:29","date_gmt":"2021-01-31T10:45:29","guid":{"rendered":"http:\/\/riverdi.com\/product\/rva-pcap-usb-cable\/"},"modified":"2021-01-31T11:45:29","modified_gmt":"2021-01-31T10:45:29","slug":"rva-pcap-usb-cable","status":"publish","type":"product","link":"https:\/\/riverdi.com\/fr\/product\/rva-pcap-usb-cable","title":{"rendered":"C\u00e2ble USB RVA PCAP"},"content":{"rendered":"","protected":false},"excerpt":{"rendered":"<p>C\u00e2ble USB pour les \u00e9crans tactiles Riverdi<\/p>\n<div>\n<p>Tous nos nouveaux PCAP industriels sont \u00e9quip\u00e9s d&rsquo;un port USB et d&rsquo;un port I\u00b2C afin que nos utilisateurs puissent les tester d\u00e8s leur sortie de l&#8217;emballage en les connectant directement \u00e0 n&rsquo;importe quel PC.<\/p>\n<p>Les syst\u00e8mes d&rsquo;exploitation courants, tels que Windows et Linux, int\u00e8grent des pilotes appropri\u00e9s, de sorte que lorsque l&rsquo;\u00e9cran est connect\u00e9 via USB, il est enregistr\u00e9 en tant que p\u00e9riph\u00e9rique HID.<\/p>\n<div>\n<p>Gr\u00e2ce \u00e0 ce c\u00e2ble USB, vous pouvez facilement v\u00e9rifier les capacit\u00e9s de notre \u00e9cran tactile en quelques secondes.<\/p>\n<\/div>\n<div>AMT (mini) 1mm<\/div>\n<div><\/div>\n<\/div>\n<p>&nbsp;<\/p>\n","protected":false},"featured_media":19993,"comment_status":"closed","ping_status":"closed","template":"","meta":{"_acf_changed":false,"content-type":"","inline_featured_image":false},"product_brand":[],"product_cat":[3517,3565,3582],"product_tag":[3587,3586],"class_list":{"0":"post-117905","1":"product","2":"type-product","3":"status-publish","4":"has-post-thumbnail","6":"product_cat-accessoires","7":"product_cat-assemblages-de-cables","8":"product_cat-cables-usb-fr","9":"product_tag-cable-usb-fr","10":"product_tag-rva-pcap-fr","12":"first","13":"instock","14":"taxable","15":"shipping-taxable","16":"purchasable","17":"product-type-simple"},"acf":[],"yoast_head":"<!-- This site is optimized with the Yoast SEO plugin v27.0 - https:\/\/yoast.com\/product\/yoast-seo-wordpress\/ -->\n<title>C\u00e2ble USB RVA PCAP - Riverdi<\/title>\n<meta name=\"description\" content=\"Gr\u00e2ce \u00e0 ce c\u00e2ble USB, vous pouvez facilement v\u00e9rifier les capacit\u00e9s de l&#039;\u00e9cran tactile Riverdi en quelques secondes.\" \/>\n<meta name=\"robots\" content=\"index, follow, max-snippet:-1, max-image-preview:large, max-video-preview:-1\" \/>\n<link rel=\"canonical\" href=\"https:\/\/riverdi.com\/fr\/product\/rva-pcap-usb-cable\" \/>\n<meta property=\"og:locale\" content=\"fr_FR\" \/>\n<meta property=\"og:type\" content=\"article\" \/>\n<meta property=\"og:title\" content=\"C\u00e2ble USB RVA PCAP - Riverdi\" \/>\n<meta property=\"og:description\" content=\"Gr\u00e2ce \u00e0 ce c\u00e2ble USB, vous pouvez facilement v\u00e9rifier les capacit\u00e9s de l&#039;\u00e9cran tactile Riverdi en quelques secondes.\" \/>\n<meta property=\"og:url\" content=\"https:\/\/riverdi.com\/fr\/product\/rva-pcap-usb-cable\" \/>\n<meta property=\"og:site_name\" content=\"Riverdi\" \/>\n<meta property=\"article:publisher\" content=\"https:\/\/www.facebook.com\/riverdi.displays\/\" \/>\n<meta property=\"og:image\" content=\"https:\/\/riverdi.com\/wp-content\/uploads\/2024\/03\/RVA-PCAP-USB-CABLE3.webp\" \/>\n\t<meta property=\"og:image:width\" content=\"1500\" \/>\n\t<meta property=\"og:image:height\" content=\"1600\" \/>\n\t<meta property=\"og:image:type\" content=\"image\/webp\" \/>\n<meta name=\"twitter:card\" content=\"summary_large_image\" \/>\n<meta name=\"twitter:site\" content=\"@riverdidisplays\" \/>\n<script type=\"application\/ld+json\" class=\"yoast-schema-graph\">{\"@context\":\"https:\/\/schema.org\",\"@graph\":[{\"@type\":\"WebPage\",\"@id\":\"https:\/\/riverdi.com\/fr\/product\/rva-pcap-usb-cable\",\"url\":\"https:\/\/riverdi.com\/fr\/product\/rva-pcap-usb-cable\",\"name\":\"C\u00e2ble USB RVA PCAP - Riverdi\",\"isPartOf\":{\"@id\":\"https:\/\/riverdi.com\/fr#website\"},\"primaryImageOfPage\":{\"@id\":\"https:\/\/riverdi.com\/fr\/product\/rva-pcap-usb-cable#primaryimage\"},\"image\":{\"@id\":\"https:\/\/riverdi.com\/fr\/product\/rva-pcap-usb-cable#primaryimage\"},\"thumbnailUrl\":\"https:\/\/riverdi.com\/wp-content\/uploads\/2024\/03\/RVA-PCAP-USB-CABLE3.webp\",\"datePublished\":\"2021-01-31T10:45:29+00:00\",\"description\":\"Gr\u00e2ce \u00e0 ce c\u00e2ble USB, vous pouvez facilement v\u00e9rifier les capacit\u00e9s de l'\u00e9cran tactile Riverdi en quelques secondes.\",\"breadcrumb\":{\"@id\":\"https:\/\/riverdi.com\/fr\/product\/rva-pcap-usb-cable#breadcrumb\"},\"inLanguage\":\"fr-FR\",\"potentialAction\":[{\"@type\":\"ReadAction\",\"target\":[\"https:\/\/riverdi.com\/fr\/product\/rva-pcap-usb-cable\"]}]},{\"@type\":\"ImageObject\",\"inLanguage\":\"fr-FR\",\"@id\":\"https:\/\/riverdi.com\/fr\/product\/rva-pcap-usb-cable#primaryimage\",\"url\":\"https:\/\/riverdi.com\/wp-content\/uploads\/2024\/03\/RVA-PCAP-USB-CABLE3.webp\",\"contentUrl\":\"https:\/\/riverdi.com\/wp-content\/uploads\/2024\/03\/RVA-PCAP-USB-CABLE3.webp\",\"width\":1500,\"height\":1600,\"caption\":\"RVA PCAP USB CABLE\"},{\"@type\":\"BreadcrumbList\",\"@id\":\"https:\/\/riverdi.com\/fr\/product\/rva-pcap-usb-cable#breadcrumb\",\"itemListElement\":[{\"@type\":\"ListItem\",\"position\":1,\"name\":\"Front Page\",\"item\":\"https:\/\/riverdi.com\/fr\/page-daccueil\"},{\"@type\":\"ListItem\",\"position\":2,\"name\":\"Boutique\",\"item\":\"https:\/\/riverdi.com\/fr\/boutique-2\"},{\"@type\":\"ListItem\",\"position\":3,\"name\":\"C\u00e2ble USB RVA PCAP\"}]},{\"@type\":\"WebSite\",\"@id\":\"https:\/\/riverdi.com\/fr#website\",\"url\":\"https:\/\/riverdi.com\/fr\",\"name\":\"Riverdi\",\"description\":\"Global TFT LCD Manufacturer\",\"potentialAction\":[{\"@type\":\"SearchAction\",\"target\":{\"@type\":\"EntryPoint\",\"urlTemplate\":\"https:\/\/riverdi.com\/fr?s={search_term_string}\"},\"query-input\":{\"@type\":\"PropertyValueSpecification\",\"valueRequired\":true,\"valueName\":\"search_term_string\"}}],\"inLanguage\":\"fr-FR\"}]}<\/script>\n<!-- \/ Yoast SEO plugin. -->","yoast_head_json":{"title":"C\u00e2ble USB RVA PCAP - Riverdi","description":"Gr\u00e2ce \u00e0 ce c\u00e2ble USB, vous pouvez facilement v\u00e9rifier les capacit\u00e9s de l'\u00e9cran tactile Riverdi en quelques secondes.","robots":{"index":"index","follow":"follow","max-snippet":"max-snippet:-1","max-image-preview":"max-image-preview:large","max-video-preview":"max-video-preview:-1"},"canonical":"https:\/\/riverdi.com\/fr\/product\/rva-pcap-usb-cable","og_locale":"fr_FR","og_type":"article","og_title":"C\u00e2ble USB RVA PCAP - Riverdi","og_description":"Gr\u00e2ce \u00e0 ce c\u00e2ble USB, vous pouvez facilement v\u00e9rifier les capacit\u00e9s de l'\u00e9cran tactile Riverdi en quelques secondes.","og_url":"https:\/\/riverdi.com\/fr\/product\/rva-pcap-usb-cable","og_site_name":"Riverdi","article_publisher":"https:\/\/www.facebook.com\/riverdi.displays\/","og_image":[{"width":1500,"height":1600,"url":"https:\/\/riverdi.com\/wp-content\/uploads\/2024\/03\/RVA-PCAP-USB-CABLE3.webp","type":"image\/webp"}],"twitter_card":"summary_large_image","twitter_site":"@riverdidisplays","schema":{"@context":"https:\/\/schema.org","@graph":[{"@type":"WebPage","@id":"https:\/\/riverdi.com\/fr\/product\/rva-pcap-usb-cable","url":"https:\/\/riverdi.com\/fr\/product\/rva-pcap-usb-cable","name":"C\u00e2ble USB RVA PCAP - Riverdi","isPartOf":{"@id":"https:\/\/riverdi.com\/fr#website"},"primaryImageOfPage":{"@id":"https:\/\/riverdi.com\/fr\/product\/rva-pcap-usb-cable#primaryimage"},"image":{"@id":"https:\/\/riverdi.com\/fr\/product\/rva-pcap-usb-cable#primaryimage"},"thumbnailUrl":"https:\/\/riverdi.com\/wp-content\/uploads\/2024\/03\/RVA-PCAP-USB-CABLE3.webp","datePublished":"2021-01-31T10:45:29+00:00","description":"Gr\u00e2ce \u00e0 ce c\u00e2ble USB, vous pouvez facilement v\u00e9rifier les capacit\u00e9s de l'\u00e9cran tactile Riverdi en quelques secondes.","breadcrumb":{"@id":"https:\/\/riverdi.com\/fr\/product\/rva-pcap-usb-cable#breadcrumb"},"inLanguage":"fr-FR","potentialAction":[{"@type":"ReadAction","target":["https:\/\/riverdi.com\/fr\/product\/rva-pcap-usb-cable"]}]},{"@type":"ImageObject","inLanguage":"fr-FR","@id":"https:\/\/riverdi.com\/fr\/product\/rva-pcap-usb-cable#primaryimage","url":"https:\/\/riverdi.com\/wp-content\/uploads\/2024\/03\/RVA-PCAP-USB-CABLE3.webp","contentUrl":"https:\/\/riverdi.com\/wp-content\/uploads\/2024\/03\/RVA-PCAP-USB-CABLE3.webp","width":1500,"height":1600,"caption":"RVA PCAP USB CABLE"},{"@type":"BreadcrumbList","@id":"https:\/\/riverdi.com\/fr\/product\/rva-pcap-usb-cable#breadcrumb","itemListElement":[{"@type":"ListItem","position":1,"name":"Front Page","item":"https:\/\/riverdi.com\/fr\/page-daccueil"},{"@type":"ListItem","position":2,"name":"Boutique","item":"https:\/\/riverdi.com\/fr\/boutique-2"},{"@type":"ListItem","position":3,"name":"C\u00e2ble USB RVA PCAP"}]},{"@type":"WebSite","@id":"https:\/\/riverdi.com\/fr#website","url":"https:\/\/riverdi.com\/fr","name":"Riverdi","description":"Global TFT LCD Manufacturer","potentialAction":[{"@type":"SearchAction","target":{"@type":"EntryPoint","urlTemplate":"https:\/\/riverdi.com\/fr?s={search_term_string}"},"query-input":{"@type":"PropertyValueSpecification","valueRequired":true,"valueName":"search_term_string"}}],"inLanguage":"fr-FR"}]}},"_links":{"self":[{"href":"https:\/\/riverdi.com\/fr\/wp-json\/wp\/v2\/product\/117905","targetHints":{"allow":["GET"]}}],"collection":[{"href":"https:\/\/riverdi.com\/fr\/wp-json\/wp\/v2\/product"}],"about":[{"href":"https:\/\/riverdi.com\/fr\/wp-json\/wp\/v2\/types\/product"}],"replies":[{"embeddable":true,"href":"https:\/\/riverdi.com\/fr\/wp-json\/wp\/v2\/comments?post=117905"}],"wp:featuredmedia":[{"embeddable":true,"href":"https:\/\/riverdi.com\/fr\/wp-json\/wp\/v2\/media\/19993"}],"wp:attachment":[{"href":"https:\/\/riverdi.com\/fr\/wp-json\/wp\/v2\/media?parent=117905"}],"wp:term":[{"taxonomy":"product_brand","embeddable":true,"href":"https:\/\/riverdi.com\/fr\/wp-json\/wp\/v2\/product_brand?post=117905"},{"taxonomy":"product_cat","embeddable":true,"href":"https:\/\/riverdi.com\/fr\/wp-json\/wp\/v2\/product_cat?post=117905"},{"taxonomy":"product_tag","embeddable":true,"href":"https:\/\/riverdi.com\/fr\/wp-json\/wp\/v2\/product_tag?post=117905"}],"curies":[{"name":"wp","href":"https:\/\/api.w.org\/{rel}","templated":true}]}}