{"id":117817,"date":"2024-03-12T09:03:40","date_gmt":"2024-03-12T08:03:40","guid":{"rendered":"http:\/\/riverdi.com\/product\/035-nucleo-144\/"},"modified":"2024-08-27T15:27:48","modified_gmt":"2024-08-27T13:27:48","slug":"035-nucleo-144","status":"publish","type":"product","link":"https:\/\/riverdi.com\/fr\/product\/035-nucleo-144","title":{"rendered":"3.5\u201d STM32 Nucleo 144 Display Kit"},"content":{"rendered":"<h2>STM32 Nucleo<\/h2>\n<p class=\"st-copy\"><span class=\"ui-provider a b c d e f g h i j k l m n o p q r s t u v w x y z ab ac ae af ag ah ai aj ak\" dir=\"ltr\">Les cartes STM32 Nucleo de STMicroelectronics sont des plateformes de d\u00e9veloppement abordables con\u00e7ues pour un prototypage et une exp\u00e9rimentation rapides avec n&rsquo;importe quel MCU STM32. Ils sont dot\u00e9s de connecteurs standardis\u00e9s pour faciliter l&rsquo;int\u00e9gration avec une vari\u00e9t\u00e9 d&rsquo;accessoires mat\u00e9riels, tels que les connecteurs Arduino Uno, Nano et ST morpho. Ces cartes comprennent un d\u00e9bogueur\/programmateur ST-LINK int\u00e9gr\u00e9, ce qui \u00e9limine la n\u00e9cessit\u00e9 d&rsquo;un \u00e9quipement suppl\u00e9mentaire.<\/span><\/p>\n<p>&nbsp;<\/p>\n<p style=\"text-align: center;\"><img decoding=\"async\" class=\"alignnone wp-image-120073 size-full\" src=\"https:\/\/riverdi.com\/wp-content\/uploads\/2024\/03\/STM32-u5-1.webp\" alt=\"\" width=\"1141\" height=\"808\" srcset=\"https:\/\/riverdi.com\/wp-content\/uploads\/2024\/03\/STM32-u5-1.webp 1141w, https:\/\/riverdi.com\/wp-content\/uploads\/2024\/03\/STM32-u5-1-600x425.webp 600w, https:\/\/riverdi.com\/wp-content\/uploads\/2024\/03\/STM32-u5-1-64x45.webp 64w, https:\/\/riverdi.com\/wp-content\/uploads\/2024\/03\/STM32-u5-1-300x212.webp 300w, https:\/\/riverdi.com\/wp-content\/uploads\/2024\/03\/STM32-u5-1-1024x725.webp 1024w, https:\/\/riverdi.com\/wp-content\/uploads\/2024\/03\/STM32-u5-1-768x544.webp 768w\" sizes=\"(max-width: 1141px) 100vw, 1141px\" \/><\/p>\n<p>&nbsp;<\/p>\n<h2>Haute luminosit\u00e9, IPS TFT<\/h2>\n<p>  La luminance de surface typique d&rsquo;un \u00e9cran TFT IPS \u00e0 haute luminosit\u00e9 est de 1200 cd\/m\u00b2, ce qui signifie qu&rsquo;il est tr\u00e8s lumineux m\u00eame \u00e0 l&rsquo;ext\u00e9rieur. Les angles de vision complets permettent \u00e0 l&rsquo;utilisateur d&rsquo;interagir avec l&rsquo;\u00e9cran de mani\u00e8re naturelle et intuitive de tous les c\u00f4t\u00e9s. Veuillez consulter la fiche technique pour plus de d\u00e9tails.  <\/p>\n<p style=\"text-align: center;\"><img decoding=\"async\" class=\"alignnone size-full wp-image-112432\" src=\"https:\/\/riverdi.com\/wp-content\/uploads\/2024\/05\/w768h525.avif\" alt=\"\" width=\"768\" height=\"524\" srcset=\"https:\/\/riverdi.com\/wp-content\/uploads\/2024\/05\/w768h525.avif 768w, https:\/\/riverdi.com\/wp-content\/uploads\/2024\/05\/w768h525-600x409.avif 600w, https:\/\/riverdi.com\/wp-content\/uploads\/2024\/05\/w768h525-64x44.avif 64w, https:\/\/riverdi.com\/wp-content\/uploads\/2024\/05\/w768h525-300x205.avif 300w\" sizes=\"(max-width: 768px) 100vw, 768px\" \/><\/p>\n<h2>Support TouchGFX<\/h2>\n<p>  Exemple de support de carte de d\u00e9monstration &#8211; \u00ab\u00a0<strong>Swimming pool control<\/strong>\u00a0\u00bb est disponible dans TouchGFX designer.  <a class=\"cs-button cs-button--blue-3 cs-button--smaller-padding\" href=\"https:\/\/www.st.com\/content\/st_com\/en\/support\/learning\/stm32-education\/stm32-moocs.html\">STM32 MOOCS<\/a><a class=\"cs-button cs-button--blue-3 cs-button--smaller-padding\" href=\"https:\/\/www.st.com\/content\/st_com\/en\/support\/learning\/stm32-education\/stm32-moocs\/TouchGFX_webinar_MOOC.html\">Webinaire TouchGFX<\/a><a class=\"cs-button cs-button--blue-3 cs-button--smaller-padding\" href=\"https:\/\/www.st.com\/content\/st_com\/en\/support\/learning\/stm32-education\/stm32-moocs\/STM32_Graphics_Workshop.html\">Atelier TouchGFX<\/a><\/p>\n<p style=\"text-align: center;\"><img decoding=\"async\" class=\"alignnone wp-image-120078 size-full\" src=\"https:\/\/riverdi.com\/wp-content\/uploads\/2024\/03\/gfx.png\" alt=\"\" width=\"1038\" height=\"662\" srcset=\"https:\/\/riverdi.com\/wp-content\/uploads\/2024\/03\/gfx.png 1038w, https:\/\/riverdi.com\/wp-content\/uploads\/2024\/03\/gfx-600x383.png 600w, https:\/\/riverdi.com\/wp-content\/uploads\/2024\/03\/gfx-64x41.png 64w, https:\/\/riverdi.com\/wp-content\/uploads\/2024\/03\/gfx-300x191.png 300w, https:\/\/riverdi.com\/wp-content\/uploads\/2024\/03\/gfx-1024x653.png 1024w, https:\/\/riverdi.com\/wp-content\/uploads\/2024\/03\/gfx-768x490.png 768w\" sizes=\"(max-width: 1038px) 100vw, 1038px\" \/><\/p>\n<h2>\u00c9cran tactile industriel<\/h2>\n<h4>R\u00e9agit au moindre contact<\/h4>\n<p>  L&rsquo;\u00e9cran tactile \u00e0 capacit\u00e9 projet\u00e9e (PCAP) est class\u00e9 comme \u00ab\u00a0industriel\u00a0\u00bb (par opposition \u00e0 \u00ab\u00a0grand public\u00a0\u00bb) lorsqu&rsquo;il est capable de fonctionner correctement dans des conditions plus exigeantes et difficiles (champs \u00e9lectromagn\u00e9tiques perturbateurs provoquant des interf\u00e9rences avec le contr\u00f4leur de l&rsquo;\u00e9cran, gouttes d&rsquo;eau pr\u00e9sentes dans la zone environnante et sur le verre de l&rsquo;\u00e9cran) et de r\u00e9agir correctement lorsqu&rsquo;il est touch\u00e9 par des mains munies de gants. Il peut \u00eatre r\u00e9gl\u00e9 en usine, d\u00e9tecter le toucher \u00e0 travers des couches de verre plus \u00e9paisses que les panneaux grand public (une couche de verre de 6 mm d&rsquo;\u00e9paisseur a \u00e9t\u00e9 test\u00e9e avec succ\u00e8s dans le laboratoire de Riverdi) et il utilise un contr\u00f4leur de puce de qualit\u00e9 industrielle. Ces contr\u00f4leurs sont conformes aux directives du fabricant industriel et sont garantis pour une dur\u00e9e de vie de 10 \u00e0 15 ans sans aucune modification. Caract\u00e9ristiques principales :  <\/p>\n<ul>\n<li>ILITEK ILI2130 Touch IC<\/li>\n<li>Interface I\u00b2C<\/li>\n<li>Prise en charge d&rsquo;une \u00e9paisseur de verre allant jusqu&rsquo;\u00e0 6 mm<\/li>\n<li>Travailler avec des mains gant\u00e9es<\/li>\n<li>Fonctionnalit\u00e9 tactile r\u00e9sistante \u00e0 l&rsquo;eau<\/li>\n<li>Possibilit\u00e9 de toucher jusqu&rsquo;\u00e0 5 doigts<\/li>\n<li>Excellentes performances CEM, RS (susceptibilit\u00e9 rayonn\u00e9e) et CS (susceptibilit\u00e9 conductive)<\/li>\n<li>Les performances tactiles peuvent \u00eatre facilement ajust\u00e9es pour r\u00e9pondre \u00e0 des besoins sp\u00e9cifiques.<\/li>\n<\/ul>\n<p>&nbsp;  Pour plus d&rsquo;informations, veuillez consulter cette page.  <\/p>\n<p style=\"text-align: center;\"><img decoding=\"async\" class=\"alignnone size-full wp-image-112461\" src=\"https:\/\/riverdi.com\/wp-content\/uploads\/2024\/05\/w600h971.avif\" alt=\"\" width=\"600\" height=\"970\" srcset=\"https:\/\/riverdi.com\/wp-content\/uploads\/2024\/05\/w600h971.avif 600w, https:\/\/riverdi.com\/wp-content\/uploads\/2024\/05\/w600h971-64x103.avif 64w, https:\/\/riverdi.com\/wp-content\/uploads\/2024\/05\/w600h971-186x300.avif 186w\" sizes=\"(max-width: 600px) 100vw, 600px\" \/><\/p>\n<h2>M\u00e9moires externes<\/h2>\n<p><span class=\"TextRun SCXW15229466 BCX0\" lang=\"EN-US\" data-contrast=\"auto\" xml:lang=\"EN-US\"><span class=\"NormalTextRun SCXW15229466 BCX0\">Le STM32 <\/span><span class=\"NormalTextRun SpellingErrorV2Themed SCXW15229466 BCX0\">Nucleo<\/span><span class=\"NormalTextRun SCXW15229466 BCX0\">  est dot\u00e9e d&rsquo;une m\u00e9moire flash QSPI de 8 Mo d\u00e9di\u00e9e \u00e0 la gestion efficace des actifs. Cette m\u00e9moire QSPI externe permet un acc\u00e8s plus rapide aux donn\u00e9es et des performances accrues, en prenant en charge le stockage et la r\u00e9cup\u00e9ration transparents des images, de la musique, de la vid\u00e9o, des polices de caract\u00e8res et bien plus encore. La carte garantit un transfert de donn\u00e9es \u00e0 grande vitesse et des capacit\u00e9s syst\u00e8me am\u00e9lior\u00e9es gr\u00e2ce \u00e0 cette solution de m\u00e9moire int\u00e9gr\u00e9e.<\/span><\/span><span class=\"EOP SCXW15229466 BCX0\" data-ccp-props=\"{\"201341983\":0,\"335559739\":160,\"335559740\":259}\"> <\/span><\/p>\n<p style=\"text-align: center;\"><img decoding=\"async\" class=\"alignnone size-full wp-image-112422\" src=\"https:\/\/riverdi.com\/wp-content\/uploads\/2024\/05\/w600h600.avif\" alt=\"\" width=\"600\" height=\"600\" srcset=\"https:\/\/riverdi.com\/wp-content\/uploads\/2024\/05\/w600h600.avif 600w, https:\/\/riverdi.com\/wp-content\/uploads\/2024\/05\/w600h600-100x100.avif 100w, https:\/\/riverdi.com\/wp-content\/uploads\/2024\/05\/w600h600-64x64.avif 64w, https:\/\/riverdi.com\/wp-content\/uploads\/2024\/05\/w600h600-300x300.avif 300w, https:\/\/riverdi.com\/wp-content\/uploads\/2024\/05\/w600h600-150x150.avif 150w, https:\/\/riverdi.com\/wp-content\/uploads\/2024\/05\/w600h600-200x200.avif 200w\" sizes=\"(max-width: 600px) 100vw, 600px\" \/><\/p>\n<h2>Collage optique<\/h2>\n<h4>Am\u00e9liorer les performances optiques de votre \u00e9cran<\/h4>\n<p>Le <strong>collage optique<\/strong> est un processus qui consiste \u00e0 fixer l&rsquo;\u00e9cran tactile (ou simplement le verre de protection) \u00e0 l&rsquo;\u00e9cran \u00e0 l&rsquo;aide d&rsquo;un adh\u00e9sif liquide, d&rsquo;un gel ou d&rsquo;un film sec. En g\u00e9n\u00e9ral, ce processus am\u00e9liore les param\u00e8tres du module &#8211; la performance optique, ainsi que la durabilit\u00e9. L&rsquo;<strong>entrefer<\/strong> est \u00e0 l&rsquo;origine du ph\u00e9nom\u00e8ne de r\u00e9flexion de la lumi\u00e8re du soleil. Ainsi, lorsque l&rsquo;\u00e9cran est \u00e9teint, la zone visuelle (V.A) n&rsquo;est jamais noire &#8211; elle est grise. En supprimant les espaces d&rsquo;air, nous r\u00e9duisons le nombre de surfaces r\u00e9fl\u00e9chissantes internes, ce qui augmente les performances optiques. Ce ph\u00e9nom\u00e8ne am\u00e9liore la lisibilit\u00e9, en r\u00e9duisant les reflets et en corrigeant le contraste.  <\/p>\n<p style=\"text-align: center;\"><img decoding=\"async\" class=\"alignnone size-full wp-image-112437\" src=\"https:\/\/riverdi.com\/wp-content\/uploads\/2024\/05\/w768h417.avif\" alt=\"\" width=\"768\" height=\"417\" srcset=\"https:\/\/riverdi.com\/wp-content\/uploads\/2024\/05\/w768h417.avif 768w, https:\/\/riverdi.com\/wp-content\/uploads\/2024\/05\/w768h417-600x326.avif 600w, https:\/\/riverdi.com\/wp-content\/uploads\/2024\/05\/w768h417-64x35.avif 64w, https:\/\/riverdi.com\/wp-content\/uploads\/2024\/05\/w768h417-300x163.avif 300w\" sizes=\"(max-width: 768px) 100vw, 768px\" \/><\/p>\n<p style=\"text-align: center;\"><img decoding=\"async\" class=\"alignnone size-full wp-image-112442\" src=\"https:\/\/riverdi.com\/wp-content\/uploads\/2024\/05\/w768h521.avif\" alt=\"\" width=\"768\" height=\"521\" srcset=\"https:\/\/riverdi.com\/wp-content\/uploads\/2024\/05\/w768h521.avif 768w, https:\/\/riverdi.com\/wp-content\/uploads\/2024\/05\/w768h521-600x407.avif 600w, https:\/\/riverdi.com\/wp-content\/uploads\/2024\/05\/w768h521-64x43.avif 64w, https:\/\/riverdi.com\/wp-content\/uploads\/2024\/05\/w768h521-300x204.avif 300w\" sizes=\"(max-width: 768px) 100vw, 768px\" \/><\/p>\n<h4>Conception \u00e9l\u00e9gante sans aucun trou dans le bo\u00eetier<\/h4>\n<p>  Un \u00e9cran uxTouch est un \u00e9cran LCD TFT sp\u00e9cialement con\u00e7u, dot\u00e9 d&rsquo;un \u00e9cran tactile capacitif projet\u00e9 (PTC). Gr\u00e2ce \u00e0 leur design absolument plat et \u00e0 leur fonction multi-touch, ils sont le choix id\u00e9al pour votre projet si vous avez l&rsquo;intention d&rsquo;avoir un design et une technologie interactifs. Ils pr\u00e9sentent un design moderne et \u00e9l\u00e9gant, sans aucun trou dans le bo\u00eetier. D&rsquo;un point de vue technique, ils constituent une excellente option pour les espaces industriels, car il n&rsquo;y a pas d&rsquo;accumulation possible de salet\u00e9s. Ils sont \u00e9galement dot\u00e9s d&rsquo;un verre renforc\u00e9 chimiquement, dont la durabilit\u00e9 est accrue gr\u00e2ce au processus d&rsquo;\u00e9change d&rsquo;ions. Ils sont faciles \u00e0 assembler, \u00e0 nettoyer et \u00e0 int\u00e9grer dans votre design.  <\/p>\n<p style=\"text-align: center;\"><img decoding=\"async\" class=\"alignnone size-full wp-image-112466\" src=\"https:\/\/riverdi.com\/wp-content\/uploads\/2024\/05\/w600h358.avif\" alt=\"\" width=\"600\" height=\"358\" srcset=\"https:\/\/riverdi.com\/wp-content\/uploads\/2024\/05\/w600h358.avif 600w, https:\/\/riverdi.com\/wp-content\/uploads\/2024\/05\/w600h358-64x38.avif 64w, https:\/\/riverdi.com\/wp-content\/uploads\/2024\/05\/w600h358-300x179.avif 300w\" sizes=\"(max-width: 600px) 100vw, 600px\" \/><\/p>\n<h2>Pr\u00e9sentoirs personnalis\u00e9s<\/h2>\n<p>  Le kit d&rsquo;affichage Riverdi Nucleo 3,5&Prime; est livr\u00e9 avec un <a href=\"https:\/\/riverdi.com\/product-category\/rgb-lvds-mipi-dsi-lcd-displays\/hb-ips\">\u00e9cran IPS<\/a> standard fixe \u00e0 <a href=\"https:\/\/riverdi.com\/product-category\/rgb-lvds-mipi-dsi-lcd-displays\/hb-ips\">haute luminosit\u00e9.<\/a> Vous pouvez personnaliser ces affichages de plusieurs fa\u00e7ons :  <\/p>\n<ul>\n<li>Modifier la couleur, la forme et la taille du verre de couverture<\/li>\n<li>Faire imprimer votre logo sur la vitre de couverture (ou tout autre graphisme dont vous pourriez avoir besoin)<\/li>\n<li>Ajouter une autre interface<\/li>\n<li>Am\u00e9liorer la luminosit\u00e9 de l&rsquo;\u00e9cran<\/li>\n<li>Modifier l&rsquo;\u00e9paisseur de la lentille de couverture du CTP<\/li>\n<li>Choisir un angle de vue diff\u00e9rent de l&rsquo;\u00e9cran<\/li>\n<li>Modifier le brochage<\/li>\n<li>Demander un autre type de joint<\/li>\n<\/ul>\n<p>&nbsp;  Comme vous pouvez le constater, les possibilit\u00e9s sont infinies. Il vous suffit de choisir. Nous vous aiderons \u00e0 obtenir le produit parfait sur mesure.  <\/p>\n<p style=\"text-align: center;\"><img decoding=\"async\" class=\"alignnone size-full wp-image-112476\" src=\"https:\/\/riverdi.com\/wp-content\/uploads\/2024\/05\/w768h564.avif\" alt=\"\" width=\"768\" height=\"564\" srcset=\"https:\/\/riverdi.com\/wp-content\/uploads\/2024\/05\/w768h564.avif 768w, https:\/\/riverdi.com\/wp-content\/uploads\/2024\/05\/w768h564-600x441.avif 600w, https:\/\/riverdi.com\/wp-content\/uploads\/2024\/05\/w768h564-64x47.avif 64w, https:\/\/riverdi.com\/wp-content\/uploads\/2024\/05\/w768h564-300x220.avif 300w\" sizes=\"(max-width: 768px) 100vw, 768px\" \/><\/p>\n","protected":false},"excerpt":{"rendered":"<ul>\n<li style=\"font-weight: 400;\">\u00c9cran TFT de 3,5 pouces<\/li>\n<li style=\"font-weight: 400;\">R\u00e9solution de 320\u00d7480px<\/li>\n<li style=\"font-weight: 400;\">Haute luminosit\u00e9 1200 cd\/m\u00b2<\/li>\n<li style=\"font-weight: 400;\">Angles de vision complets (IPS)<\/li>\n<li style=\"font-weight: 400;\">Affichage compatible avec les kits de d\u00e9veloppement ST Nucleo \u00e0 144 broches : NUCLEO-H563ZI et NUCLEO-U575ZI-Q<\/li>\n<li style=\"font-weight: 400;\">Liaison optique<\/li>\n<li style=\"font-weight: 400;\">Interface vid\u00e9o MCU et SPI<\/li>\n<li style=\"font-weight: 400;\">Panneau tactile industriel PCAP avec interface I2C<\/li>\n<li style=\"font-weight: 400;\">M\u00e9moire flash QSPI int\u00e9gr\u00e9e de 8 Mo<\/li>\n<li style=\"font-weight: 400;\">Projets de d\u00e9monstration Touch GFX<\/li>\n<li style=\"font-weight: 400;\">Verre de couverture d\u00e9coratif noir<\/li>\n<li style=\"font-weight: 400;\">VEUILLEZ NOTER : n&rsquo;inclut pas le kit de d\u00e9veloppement ST Nucleo &#8211; vendu s\u00e9par\u00e9ment.<\/li>\n<\/ul>\n","protected":false},"featured_media":121239,"comment_status":"closed","ping_status":"closed","template":"","meta":{"_acf_changed":false,"content-type":"","inline_featured_image":false},"product_brand":[],"product_cat":[3156,3519,4792,4791,4993],"product_tag":[],"class_list":{"0":"post-117817","1":"product","2":"type-product","3":"status-publish","4":"has-post-thumbnail","6":"product_cat-afficheurs-embarques-stm32","7":"product_cat-comites-devaluation","8":"product_cat-ecran-lcd","9":"product_cat-ecran-tft","10":"product_cat-ecrans-lcd-35-pouces","12":"first","13":"instock","14":"taxable","15":"shipping-taxable","16":"purchasable","17":"product-type-simple"},"acf":[],"yoast_head":"<!-- This site is optimized with the Yoast SEO plugin v27.3 - https:\/\/yoast.com\/product\/yoast-seo-wordpress\/ -->\n<title>3.5\u201d STM32 Nucleo 144 Display Kit - Riverdi<\/title>\n<meta name=\"description\" content=\"Riverdi 3.5&quot; Nucleo 144 est une solution d&#039;affichage con\u00e7ue pour une int\u00e9gration transparente avec les kits de d\u00e9veloppement ST Nucleo-144. Acc\u00e9l\u00e9rez vos projets gr\u00e2ce \u00e0 la solution d&#039;affichage industrielle de haute qualit\u00e9 de Riverdi : 320\u00d7480 IPS haute luminosit\u00e9 (1200 cd\/m\u00b2) avec interface RVB et SPI, \u00e9cran tactile I2C PCAP, m\u00e9moire flash QSPI de 8 Mo.\" \/>\n<meta name=\"robots\" content=\"index, follow, max-snippet:-1, max-image-preview:large, max-video-preview:-1\" \/>\n<link rel=\"canonical\" href=\"https:\/\/riverdi.com\/fr\/product\/035-nucleo-144\" \/>\n<meta property=\"og:locale\" content=\"fr_FR\" \/>\n<meta property=\"og:type\" content=\"article\" \/>\n<meta property=\"og:title\" content=\"3.5\u201d STM32 Nucleo 144 Display Kit - Riverdi\" \/>\n<meta property=\"og:description\" content=\"Riverdi 3.5&quot; Nucleo 144 est une solution d&#039;affichage con\u00e7ue pour une int\u00e9gration transparente avec les kits de d\u00e9veloppement ST Nucleo-144. Acc\u00e9l\u00e9rez vos projets gr\u00e2ce \u00e0 la solution d&#039;affichage industrielle de haute qualit\u00e9 de Riverdi : 320\u00d7480 IPS haute luminosit\u00e9 (1200 cd\/m\u00b2) avec interface RVB et SPI, \u00e9cran tactile I2C PCAP, m\u00e9moire flash QSPI de 8 Mo.\" \/>\n<meta property=\"og:url\" content=\"https:\/\/riverdi.com\/fr\/product\/035-nucleo-144\" \/>\n<meta property=\"og:site_name\" content=\"Riverdi\" \/>\n<meta property=\"article:publisher\" content=\"https:\/\/www.facebook.com\/riverdi.displays\/\" \/>\n<meta property=\"article:modified_time\" content=\"2024-08-27T13:27:48+00:00\" \/>\n<meta property=\"og:image\" content=\"https:\/\/riverdi.com\/wp-content\/uploads\/2024\/03\/nucleo1-1.webp\" \/>\n\t<meta property=\"og:image:width\" content=\"1200\" \/>\n\t<meta property=\"og:image:height\" content=\"1200\" \/>\n\t<meta property=\"og:image:type\" content=\"image\/webp\" \/>\n<meta name=\"twitter:card\" content=\"summary_large_image\" \/>\n<meta name=\"twitter:site\" content=\"@riverdidisplays\" \/>\n<meta name=\"twitter:label1\" content=\"Dur\u00e9e de lecture estim\u00e9e\" \/>\n\t<meta name=\"twitter:data1\" content=\"6 minutes\" \/>\n<script type=\"application\/ld+json\" class=\"yoast-schema-graph\">{\"@context\":\"https:\\\/\\\/schema.org\",\"@graph\":[{\"@type\":\"WebPage\",\"@id\":\"https:\\\/\\\/riverdi.com\\\/fr\\\/product\\\/035-nucleo-144\",\"url\":\"https:\\\/\\\/riverdi.com\\\/fr\\\/product\\\/035-nucleo-144\",\"name\":\"3.5\u201d STM32 Nucleo 144 Display Kit - Riverdi\",\"isPartOf\":{\"@id\":\"https:\\\/\\\/riverdi.com\\\/fr#website\"},\"primaryImageOfPage\":{\"@id\":\"https:\\\/\\\/riverdi.com\\\/fr\\\/product\\\/035-nucleo-144#primaryimage\"},\"image\":{\"@id\":\"https:\\\/\\\/riverdi.com\\\/fr\\\/product\\\/035-nucleo-144#primaryimage\"},\"thumbnailUrl\":\"https:\\\/\\\/riverdi.com\\\/wp-content\\\/uploads\\\/2024\\\/03\\\/nucleo1-1.webp\",\"datePublished\":\"2024-03-12T08:03:40+00:00\",\"dateModified\":\"2024-08-27T13:27:48+00:00\",\"description\":\"Riverdi 3.5\\\" Nucleo 144 est une solution d'affichage con\u00e7ue pour une int\u00e9gration transparente avec les kits de d\u00e9veloppement ST Nucleo-144. Acc\u00e9l\u00e9rez vos projets gr\u00e2ce \u00e0 la solution d'affichage industrielle de haute qualit\u00e9 de Riverdi : 320\u00d7480 IPS haute luminosit\u00e9 (1200 cd\\\/m\u00b2) avec interface RVB et SPI, \u00e9cran tactile I2C PCAP, m\u00e9moire flash QSPI de 8 Mo.\",\"breadcrumb\":{\"@id\":\"https:\\\/\\\/riverdi.com\\\/fr\\\/product\\\/035-nucleo-144#breadcrumb\"},\"inLanguage\":\"fr-FR\",\"potentialAction\":[{\"@type\":\"ReadAction\",\"target\":[\"https:\\\/\\\/riverdi.com\\\/fr\\\/product\\\/035-nucleo-144\"]}]},{\"@type\":\"ImageObject\",\"inLanguage\":\"fr-FR\",\"@id\":\"https:\\\/\\\/riverdi.com\\\/fr\\\/product\\\/035-nucleo-144#primaryimage\",\"url\":\"https:\\\/\\\/riverdi.com\\\/wp-content\\\/uploads\\\/2024\\\/03\\\/nucleo1-1.webp\",\"contentUrl\":\"https:\\\/\\\/riverdi.com\\\/wp-content\\\/uploads\\\/2024\\\/03\\\/nucleo1-1.webp\",\"width\":1200,\"height\":1200},{\"@type\":\"BreadcrumbList\",\"@id\":\"https:\\\/\\\/riverdi.com\\\/fr\\\/product\\\/035-nucleo-144#breadcrumb\",\"itemListElement\":[{\"@type\":\"ListItem\",\"position\":1,\"name\":\"Front Page\",\"item\":\"https:\\\/\\\/riverdi.com\\\/fr\\\/page-daccueil\"},{\"@type\":\"ListItem\",\"position\":2,\"name\":\"Boutique\",\"item\":\"https:\\\/\\\/riverdi.com\\\/fr\\\/boutique-2\"},{\"@type\":\"ListItem\",\"position\":3,\"name\":\"3.5\u201d STM32 Nucleo 144 Display Kit\"}]},{\"@type\":\"WebSite\",\"@id\":\"https:\\\/\\\/riverdi.com\\\/fr#website\",\"url\":\"https:\\\/\\\/riverdi.com\\\/fr\",\"name\":\"Riverdi\",\"description\":\"Global TFT LCD Manufacturer\",\"potentialAction\":[{\"@type\":\"SearchAction\",\"target\":{\"@type\":\"EntryPoint\",\"urlTemplate\":\"https:\\\/\\\/riverdi.com\\\/fr?s={search_term_string}\"},\"query-input\":{\"@type\":\"PropertyValueSpecification\",\"valueRequired\":true,\"valueName\":\"search_term_string\"}}],\"inLanguage\":\"fr-FR\"}]}<\/script>\n<!-- \/ Yoast SEO plugin. -->","yoast_head_json":{"title":"3.5\u201d STM32 Nucleo 144 Display Kit - Riverdi","description":"Riverdi 3.5\" Nucleo 144 est une solution d'affichage con\u00e7ue pour une int\u00e9gration transparente avec les kits de d\u00e9veloppement ST Nucleo-144. Acc\u00e9l\u00e9rez vos projets gr\u00e2ce \u00e0 la solution d'affichage industrielle de haute qualit\u00e9 de Riverdi : 320\u00d7480 IPS haute luminosit\u00e9 (1200 cd\/m\u00b2) avec interface RVB et SPI, \u00e9cran tactile I2C PCAP, m\u00e9moire flash QSPI de 8 Mo.","robots":{"index":"index","follow":"follow","max-snippet":"max-snippet:-1","max-image-preview":"max-image-preview:large","max-video-preview":"max-video-preview:-1"},"canonical":"https:\/\/riverdi.com\/fr\/product\/035-nucleo-144","og_locale":"fr_FR","og_type":"article","og_title":"3.5\u201d STM32 Nucleo 144 Display Kit - Riverdi","og_description":"Riverdi 3.5\" Nucleo 144 est une solution d'affichage con\u00e7ue pour une int\u00e9gration transparente avec les kits de d\u00e9veloppement ST Nucleo-144. Acc\u00e9l\u00e9rez vos projets gr\u00e2ce \u00e0 la solution d'affichage industrielle de haute qualit\u00e9 de Riverdi : 320\u00d7480 IPS haute luminosit\u00e9 (1200 cd\/m\u00b2) avec interface RVB et SPI, \u00e9cran tactile I2C PCAP, m\u00e9moire flash QSPI de 8 Mo.","og_url":"https:\/\/riverdi.com\/fr\/product\/035-nucleo-144","og_site_name":"Riverdi","article_publisher":"https:\/\/www.facebook.com\/riverdi.displays\/","article_modified_time":"2024-08-27T13:27:48+00:00","og_image":[{"width":1200,"height":1200,"url":"https:\/\/riverdi.com\/wp-content\/uploads\/2024\/03\/nucleo1-1.webp","type":"image\/webp"}],"twitter_card":"summary_large_image","twitter_site":"@riverdidisplays","twitter_misc":{"Dur\u00e9e de lecture estim\u00e9e":"6 minutes"},"schema":{"@context":"https:\/\/schema.org","@graph":[{"@type":"WebPage","@id":"https:\/\/riverdi.com\/fr\/product\/035-nucleo-144","url":"https:\/\/riverdi.com\/fr\/product\/035-nucleo-144","name":"3.5\u201d STM32 Nucleo 144 Display Kit - Riverdi","isPartOf":{"@id":"https:\/\/riverdi.com\/fr#website"},"primaryImageOfPage":{"@id":"https:\/\/riverdi.com\/fr\/product\/035-nucleo-144#primaryimage"},"image":{"@id":"https:\/\/riverdi.com\/fr\/product\/035-nucleo-144#primaryimage"},"thumbnailUrl":"https:\/\/riverdi.com\/wp-content\/uploads\/2024\/03\/nucleo1-1.webp","datePublished":"2024-03-12T08:03:40+00:00","dateModified":"2024-08-27T13:27:48+00:00","description":"Riverdi 3.5\" Nucleo 144 est une solution d'affichage con\u00e7ue pour une int\u00e9gration transparente avec les kits de d\u00e9veloppement ST Nucleo-144. Acc\u00e9l\u00e9rez vos projets gr\u00e2ce \u00e0 la solution d'affichage industrielle de haute qualit\u00e9 de Riverdi : 320\u00d7480 IPS haute luminosit\u00e9 (1200 cd\/m\u00b2) avec interface RVB et SPI, \u00e9cran tactile I2C PCAP, m\u00e9moire flash QSPI de 8 Mo.","breadcrumb":{"@id":"https:\/\/riverdi.com\/fr\/product\/035-nucleo-144#breadcrumb"},"inLanguage":"fr-FR","potentialAction":[{"@type":"ReadAction","target":["https:\/\/riverdi.com\/fr\/product\/035-nucleo-144"]}]},{"@type":"ImageObject","inLanguage":"fr-FR","@id":"https:\/\/riverdi.com\/fr\/product\/035-nucleo-144#primaryimage","url":"https:\/\/riverdi.com\/wp-content\/uploads\/2024\/03\/nucleo1-1.webp","contentUrl":"https:\/\/riverdi.com\/wp-content\/uploads\/2024\/03\/nucleo1-1.webp","width":1200,"height":1200},{"@type":"BreadcrumbList","@id":"https:\/\/riverdi.com\/fr\/product\/035-nucleo-144#breadcrumb","itemListElement":[{"@type":"ListItem","position":1,"name":"Front Page","item":"https:\/\/riverdi.com\/fr\/page-daccueil"},{"@type":"ListItem","position":2,"name":"Boutique","item":"https:\/\/riverdi.com\/fr\/boutique-2"},{"@type":"ListItem","position":3,"name":"3.5\u201d STM32 Nucleo 144 Display Kit"}]},{"@type":"WebSite","@id":"https:\/\/riverdi.com\/fr#website","url":"https:\/\/riverdi.com\/fr","name":"Riverdi","description":"Global TFT LCD Manufacturer","potentialAction":[{"@type":"SearchAction","target":{"@type":"EntryPoint","urlTemplate":"https:\/\/riverdi.com\/fr?s={search_term_string}"},"query-input":{"@type":"PropertyValueSpecification","valueRequired":true,"valueName":"search_term_string"}}],"inLanguage":"fr-FR"}]}},"_links":{"self":[{"href":"https:\/\/riverdi.com\/fr\/wp-json\/wp\/v2\/product\/117817","targetHints":{"allow":["GET"]}}],"collection":[{"href":"https:\/\/riverdi.com\/fr\/wp-json\/wp\/v2\/product"}],"about":[{"href":"https:\/\/riverdi.com\/fr\/wp-json\/wp\/v2\/types\/product"}],"replies":[{"embeddable":true,"href":"https:\/\/riverdi.com\/fr\/wp-json\/wp\/v2\/comments?post=117817"}],"wp:featuredmedia":[{"embeddable":true,"href":"https:\/\/riverdi.com\/fr\/wp-json\/wp\/v2\/media\/121239"}],"wp:attachment":[{"href":"https:\/\/riverdi.com\/fr\/wp-json\/wp\/v2\/media?parent=117817"}],"wp:term":[{"taxonomy":"product_brand","embeddable":true,"href":"https:\/\/riverdi.com\/fr\/wp-json\/wp\/v2\/product_brand?post=117817"},{"taxonomy":"product_cat","embeddable":true,"href":"https:\/\/riverdi.com\/fr\/wp-json\/wp\/v2\/product_cat?post=117817"},{"taxonomy":"product_tag","embeddable":true,"href":"https:\/\/riverdi.com\/fr\/wp-json\/wp\/v2\/product_tag?post=117817"}],"curies":[{"name":"wp","href":"https:\/\/api.w.org\/{rel}","templated":true}]}}