{"id":117815,"date":"2021-11-17T12:21:33","date_gmt":"2021-11-17T11:21:33","guid":{"rendered":"http:\/\/riverdi.com\/product\/don-addon-101-lvds\/"},"modified":"2021-11-17T12:21:33","modified_gmt":"2021-11-17T11:21:33","slug":"don-addon-101-lvds","status":"publish","type":"product","link":"https:\/\/riverdi.com\/fr\/product\/don-addon-101-lvds","title":{"rendered":"Don Addon 101 LVDS"},"content":{"rendered":"<h2>Extension RGB<\/h2>\n<p class=\"p1\">La carte d&rsquo;\u00e9valuation elle-m\u00eame contient tous les composants cl\u00e9s ainsi que l&rsquo;interface RiBUS pour les \u00e9crans EVE &#8211; l&rsquo;en-t\u00eate d&rsquo;extension RGB permet d&rsquo;utiliser l&rsquo;interface avec la plupart des \u00e9crans RGB de Riverdi.<\/p>\n<p class=\"p1\">La carte d&rsquo;\u00e9valuation peut utiliser soit RiBUS pour piloter l&rsquo;\u00e9cran avec le contr\u00f4leur graphique EVE, soit l&rsquo;extension RGB. Une carte d&rsquo;extension, en plus de fournir des signaux \u00e0 l&rsquo;\u00e9cran, joue le r\u00f4le de support physique pour l&rsquo;ensemble du module. Par cons\u00e9quent, les tableaux compl\u00e9mentaires doivent \u00eatre adapt\u00e9s aux \u00e9crans qu&rsquo;ils desservent.<\/p>\n<p class=\"p1\"><span class=\"s1\">En raison de la <\/span>limitation de la r\u00e9solution du STM32F469II, il est actuellement possible de connecter des \u00e9crans de 10,1 pouces uniquement via RiBUS &#8211; ils doivent donc \u00eatre des mod\u00e8les avec le contr\u00f4leur BT817Q.<\/p>\n<p><a href=\"https:\/\/riverdi.com\/wp-content\/uploads\/2021\/11\/w800h998.avif\"><img decoding=\"async\" class=\"aligncenter wp-image-117583 size-full\" src=\"https:\/\/riverdi.com\/wp-content\/uploads\/2021\/11\/w800h998.avif?_t=1716185266\" alt=\"\" width=\"800\" height=\"997\" srcset=\"https:\/\/riverdi.com\/wp-content\/uploads\/2021\/11\/w800h998.avif 800w, https:\/\/riverdi.com\/wp-content\/uploads\/2021\/11\/w800h998-600x748.avif 600w, https:\/\/riverdi.com\/wp-content\/uploads\/2021\/11\/w800h998-64x80.avif 64w, https:\/\/riverdi.com\/wp-content\/uploads\/2021\/11\/w800h998-241x300.avif 241w, https:\/\/riverdi.com\/wp-content\/uploads\/2021\/11\/w800h998-768x957.avif 768w\" sizes=\"(max-width: 800px) 100vw, 800px\" \/><\/a><\/p>\n<h2>Fonctions m\u00e9caniques<\/h2>\n<p>Don Addon 101 Le LVDS est une base m\u00e9canique stable pour trois composants :<\/p>\n<div class=\"fusion-text fusion-text-4\">\n<p>&#8211; Carte d&rsquo;\u00e9valuation STM32,<br \/>\n&#8211; \u00c9cran LVDS TFT de 10,1 pouces<br \/>\n&#8211; La carte d&rsquo;extension elle-m\u00eame<br \/>\nLa stabilit\u00e9 m\u00e9canique des dispositifs ci-dessus fix\u00e9s ensemble prot\u00e8ge les connecteurs TFT d\u00e9licats contre la rupture, l&rsquo;arrachement et l&rsquo;usure dus aux connexions et d\u00e9connexions fr\u00e9quentes.<\/p>\n<p>Don Addon est con\u00e7u de mani\u00e8re \u00e0 permettre l&rsquo;utilisation des trois dans des positions horizontales et verticales. La position horizontale est particuli\u00e8rement utile pendant le d\u00e9veloppement. Il permet un acc\u00e8s s\u00e9curis\u00e9 aux bornes de mesure de la carte d&rsquo;\u00e9valuation STM32 et \u00e0 d&rsquo;autres points du circuit souhait\u00e9s par un d\u00e9veloppeur. La position verticale permet de suspendre l&rsquo;ensemble de l&rsquo;unit\u00e9 de travail sur un poteau vertical \u00e0 des fins d&rsquo;exposition et pour attirer l&rsquo;attention des visiteurs.<\/p>\n<p>Un module TFT est fix\u00e9 \u00e0 la carte d&rsquo;extension \u00e0 l&rsquo;aide de bandes velcro dans les cinq coins du module. L&rsquo;utilisation de bandes velcro entre la carte d&rsquo;extension et le TFT garantit une fixation relativement solide pour s&rsquo;assurer que les connecteurs du TFT sont \u00e0 l&rsquo;abri des dommages m\u00e9caniques dans les deux positions, et permet \u00e9galement un remplacement rapide et facile des modules TFT.<\/p>\n<\/div>\n<div class=\"fusion-aligncenter\"><a href=\"https:\/\/riverdi.com\/stm32-evaluation-board-that-turns-your-display-on\/\" target=\"_blank\" rel=\"noopener noreferrer\">EN SAVOIR PLUS<\/a><\/div>\n<div><a href=\"https:\/\/riverdi.com\/wp-content\/uploads\/2021\/11\/w1500.webp\"><img decoding=\"async\" class=\"aligncenter wp-image-117588 size-large\" src=\"https:\/\/riverdi.com\/wp-content\/uploads\/2021\/11\/w1500-1024x502.webp?_t=1716185323\" alt=\"\" width=\"1024\" height=\"502\" srcset=\"https:\/\/riverdi.com\/wp-content\/uploads\/2021\/11\/w1500-1024x502.webp 1024w, https:\/\/riverdi.com\/wp-content\/uploads\/2021\/11\/w1500-600x294.webp 600w, https:\/\/riverdi.com\/wp-content\/uploads\/2021\/11\/w1500-64x31.webp 64w, https:\/\/riverdi.com\/wp-content\/uploads\/2021\/11\/w1500-300x147.webp 300w, https:\/\/riverdi.com\/wp-content\/uploads\/2021\/11\/w1500-768x376.webp 768w, https:\/\/riverdi.com\/wp-content\/uploads\/2021\/11\/w1500.webp 1500w\" sizes=\"(max-width: 1024px) 100vw, 1024px\" \/><\/a><\/div>\n<p><iframe title=\"Lecteur vid\u00e9o YouTube\" src=\"https:\/\/www.youtube.com\/embed\/r8isY2MxdHg?si=FOwGrGstSSe66CrH\" width=\"560\" height=\"315\" frameborder=\"0\" allowfullscreen=\"allowfullscreen\" data-mce-fragment=\"1\"><\/iframe><\/p>\n","protected":false},"excerpt":{"rendered":"<div class=\"Variant-buttons\"><a class=\"Variant-SKU-button\" href=\"https:\/\/download.riverdi.com\/DON-ADDON-101-LVDS\/WP_Don_Addon_101_LVDS_Rev.1.1.pdf\">Livre blanc<\/a><br \/>\n<a class=\"Variant-SKU-button\" href=\"https:\/\/download.riverdi.com\/DON-ADDON-101-LVDS\/DR_DON_ADDON_101_LVDS_Rev.1.0.pdf\">Dessin<\/a><br \/>\n<a class=\"Variant-SKU-button\" href=\"https:\/\/download.riverdi.com\/DON-ADDON-101-LVDS\/SCHEM_DON_ADDON_101_LVDS_Rev.1.1.pdf\">Sch\u00e9ma<\/a><\/div>\n<p>Une carte d&rsquo;extension est un dispositif qui fournit l&rsquo;environnement n\u00e9cessaire \u00e0 un \u00e9cran TFT afin d&rsquo;afficher des images provenant de la carte d&rsquo;\u00e9valuation Riverdi STM32.<\/p>\n<p>En raison de la richesse de notre offre de modules TFT et de la n\u00e9cessit\u00e9 d&rsquo;assurer une coop\u00e9ration sans faille entre diff\u00e9rents modules TFT et UN type de carte d&rsquo;\u00e9valuation, il doit y avoir une version personnalis\u00e9e d&rsquo;une carte d&rsquo;extension pour un \u00e9cran de taille particuli\u00e8re, un connecteur de signal et une construction m\u00e9canique, ainsi qu&rsquo;UN contr\u00f4leur universel &#8211; la carte d&rsquo;\u00e9valuation STM32.<\/p>\n<p>Don Addon met de l&rsquo;ordre dans le monde des d\u00e9veloppeurs.<\/p>\n<p>Il permet de pr\u00e9parer et de pr\u00e9senter des modules TFT LVDS 10,1&Prime; fonctionnels lors de pr\u00e9sentations et d&rsquo;expositions.<\/p>\n<div style=\"font-weight: 400; background-color: #e0e0e0; padding: 10px; margin-bottom: 10px;\"><strong>REMARQUE : Cette liste ne concerne que la carte d&rsquo;extension. La carte d&rsquo;\u00e9valuation et les \u00e9crans sont vendus s\u00e9par\u00e9ment.<\/strong><\/div>\n","protected":false},"featured_media":25730,"comment_status":"closed","ping_status":"closed","template":"","meta":{"_acf_changed":false,"content-type":"","inline_featured_image":false},"product_brand":[],"product_cat":[3519],"product_tag":[3527,3536,3531,3424,3534],"class_list":{"0":"post-117815","1":"product","2":"type-product","3":"status-publish","4":"has-post-thumbnail","6":"product_cat-comites-devaluation","7":"product_tag-conseil","8":"product_tag-don-fr","9":"product_tag-levaluation","10":"product_tag-lvds-fr","11":"product_tag-stm32-fr","13":"first","14":"instock","15":"taxable","16":"shipping-taxable","17":"purchasable","18":"product-type-simple"},"acf":[],"yoast_head":"<!-- This site is optimized with the Yoast SEO plugin v27.0 - https:\/\/yoast.com\/product\/yoast-seo-wordpress\/ -->\n<title>Don Addon 101 LVDS - Riverdi<\/title>\n<meta name=\"description\" content=\"Une carte d&#039;extension est un dispositif qui fournit l&#039;environnement n\u00e9cessaire \u00e0 un \u00e9cran TFT afin d&#039;afficher des images provenant de la carte d&#039;\u00e9valuation Riverdi STM32.\" \/>\n<meta name=\"robots\" content=\"index, follow, max-snippet:-1, max-image-preview:large, max-video-preview:-1\" \/>\n<link rel=\"canonical\" href=\"https:\/\/riverdi.com\/fr\/product\/don-addon-101-lvds\" \/>\n<meta property=\"og:locale\" content=\"fr_FR\" \/>\n<meta property=\"og:type\" content=\"article\" \/>\n<meta property=\"og:title\" content=\"Don Addon 101 LVDS - Riverdi\" \/>\n<meta property=\"og:description\" content=\"Une carte d&#039;extension est un dispositif qui fournit l&#039;environnement n\u00e9cessaire \u00e0 un \u00e9cran TFT afin d&#039;afficher des images provenant de la carte d&#039;\u00e9valuation Riverdi STM32.\" \/>\n<meta property=\"og:url\" content=\"https:\/\/riverdi.com\/fr\/product\/don-addon-101-lvds\" \/>\n<meta property=\"og:site_name\" content=\"Riverdi\" \/>\n<meta property=\"article:publisher\" content=\"https:\/\/www.facebook.com\/riverdi.displays\/\" \/>\n<meta property=\"og:image\" content=\"https:\/\/riverdi.com\/wp-content\/uploads\/2024\/04\/Don-Addon10-1-1.webp\" \/>\n\t<meta property=\"og:image:width\" content=\"1293\" \/>\n\t<meta property=\"og:image:height\" content=\"889\" \/>\n\t<meta property=\"og:image:type\" content=\"image\/webp\" \/>\n<meta name=\"twitter:card\" content=\"summary_large_image\" \/>\n<meta name=\"twitter:site\" content=\"@riverdidisplays\" \/>\n<meta name=\"twitter:label1\" content=\"Dur\u00e9e de lecture estim\u00e9e\" \/>\n\t<meta name=\"twitter:data1\" content=\"2 minutes\" \/>\n<script type=\"application\/ld+json\" class=\"yoast-schema-graph\">{\"@context\":\"https:\/\/schema.org\",\"@graph\":[{\"@type\":\"WebPage\",\"@id\":\"https:\/\/riverdi.com\/fr\/product\/don-addon-101-lvds\",\"url\":\"https:\/\/riverdi.com\/fr\/product\/don-addon-101-lvds\",\"name\":\"Don Addon 101 LVDS - Riverdi\",\"isPartOf\":{\"@id\":\"https:\/\/riverdi.com\/fr#website\"},\"primaryImageOfPage\":{\"@id\":\"https:\/\/riverdi.com\/fr\/product\/don-addon-101-lvds#primaryimage\"},\"image\":{\"@id\":\"https:\/\/riverdi.com\/fr\/product\/don-addon-101-lvds#primaryimage\"},\"thumbnailUrl\":\"https:\/\/riverdi.com\/wp-content\/uploads\/2024\/04\/Don-Addon10-1-1.webp\",\"datePublished\":\"2021-11-17T11:21:33+00:00\",\"description\":\"Une carte d'extension est un dispositif qui fournit l'environnement n\u00e9cessaire \u00e0 un \u00e9cran TFT afin d'afficher des images provenant de la carte d'\u00e9valuation Riverdi STM32.\",\"breadcrumb\":{\"@id\":\"https:\/\/riverdi.com\/fr\/product\/don-addon-101-lvds#breadcrumb\"},\"inLanguage\":\"fr-FR\",\"potentialAction\":[{\"@type\":\"ReadAction\",\"target\":[\"https:\/\/riverdi.com\/fr\/product\/don-addon-101-lvds\"]}]},{\"@type\":\"ImageObject\",\"inLanguage\":\"fr-FR\",\"@id\":\"https:\/\/riverdi.com\/fr\/product\/don-addon-101-lvds#primaryimage\",\"url\":\"https:\/\/riverdi.com\/wp-content\/uploads\/2024\/04\/Don-Addon10-1-1.webp\",\"contentUrl\":\"https:\/\/riverdi.com\/wp-content\/uploads\/2024\/04\/Don-Addon10-1-1.webp\",\"width\":1293,\"height\":889},{\"@type\":\"BreadcrumbList\",\"@id\":\"https:\/\/riverdi.com\/fr\/product\/don-addon-101-lvds#breadcrumb\",\"itemListElement\":[{\"@type\":\"ListItem\",\"position\":1,\"name\":\"Front Page\",\"item\":\"https:\/\/riverdi.com\/fr\/page-daccueil\"},{\"@type\":\"ListItem\",\"position\":2,\"name\":\"Boutique\",\"item\":\"https:\/\/riverdi.com\/fr\/boutique-2\"},{\"@type\":\"ListItem\",\"position\":3,\"name\":\"Don Addon 101 LVDS\"}]},{\"@type\":\"WebSite\",\"@id\":\"https:\/\/riverdi.com\/fr#website\",\"url\":\"https:\/\/riverdi.com\/fr\",\"name\":\"Riverdi\",\"description\":\"Global TFT LCD Manufacturer\",\"potentialAction\":[{\"@type\":\"SearchAction\",\"target\":{\"@type\":\"EntryPoint\",\"urlTemplate\":\"https:\/\/riverdi.com\/fr?s={search_term_string}\"},\"query-input\":{\"@type\":\"PropertyValueSpecification\",\"valueRequired\":true,\"valueName\":\"search_term_string\"}}],\"inLanguage\":\"fr-FR\"}]}<\/script>\n<!-- \/ Yoast SEO plugin. -->","yoast_head_json":{"title":"Don Addon 101 LVDS - Riverdi","description":"Une carte d'extension est un dispositif qui fournit l'environnement n\u00e9cessaire \u00e0 un \u00e9cran TFT afin d'afficher des images provenant de la carte d'\u00e9valuation Riverdi STM32.","robots":{"index":"index","follow":"follow","max-snippet":"max-snippet:-1","max-image-preview":"max-image-preview:large","max-video-preview":"max-video-preview:-1"},"canonical":"https:\/\/riverdi.com\/fr\/product\/don-addon-101-lvds","og_locale":"fr_FR","og_type":"article","og_title":"Don Addon 101 LVDS - Riverdi","og_description":"Une carte d'extension est un dispositif qui fournit l'environnement n\u00e9cessaire \u00e0 un \u00e9cran TFT afin d'afficher des images provenant de la carte d'\u00e9valuation Riverdi STM32.","og_url":"https:\/\/riverdi.com\/fr\/product\/don-addon-101-lvds","og_site_name":"Riverdi","article_publisher":"https:\/\/www.facebook.com\/riverdi.displays\/","og_image":[{"width":1293,"height":889,"url":"https:\/\/riverdi.com\/wp-content\/uploads\/2024\/04\/Don-Addon10-1-1.webp","type":"image\/webp"}],"twitter_card":"summary_large_image","twitter_site":"@riverdidisplays","twitter_misc":{"Dur\u00e9e de lecture estim\u00e9e":"2 minutes"},"schema":{"@context":"https:\/\/schema.org","@graph":[{"@type":"WebPage","@id":"https:\/\/riverdi.com\/fr\/product\/don-addon-101-lvds","url":"https:\/\/riverdi.com\/fr\/product\/don-addon-101-lvds","name":"Don Addon 101 LVDS - Riverdi","isPartOf":{"@id":"https:\/\/riverdi.com\/fr#website"},"primaryImageOfPage":{"@id":"https:\/\/riverdi.com\/fr\/product\/don-addon-101-lvds#primaryimage"},"image":{"@id":"https:\/\/riverdi.com\/fr\/product\/don-addon-101-lvds#primaryimage"},"thumbnailUrl":"https:\/\/riverdi.com\/wp-content\/uploads\/2024\/04\/Don-Addon10-1-1.webp","datePublished":"2021-11-17T11:21:33+00:00","description":"Une carte d'extension est un dispositif qui fournit l'environnement n\u00e9cessaire \u00e0 un \u00e9cran TFT afin d'afficher des images provenant de la carte d'\u00e9valuation Riverdi STM32.","breadcrumb":{"@id":"https:\/\/riverdi.com\/fr\/product\/don-addon-101-lvds#breadcrumb"},"inLanguage":"fr-FR","potentialAction":[{"@type":"ReadAction","target":["https:\/\/riverdi.com\/fr\/product\/don-addon-101-lvds"]}]},{"@type":"ImageObject","inLanguage":"fr-FR","@id":"https:\/\/riverdi.com\/fr\/product\/don-addon-101-lvds#primaryimage","url":"https:\/\/riverdi.com\/wp-content\/uploads\/2024\/04\/Don-Addon10-1-1.webp","contentUrl":"https:\/\/riverdi.com\/wp-content\/uploads\/2024\/04\/Don-Addon10-1-1.webp","width":1293,"height":889},{"@type":"BreadcrumbList","@id":"https:\/\/riverdi.com\/fr\/product\/don-addon-101-lvds#breadcrumb","itemListElement":[{"@type":"ListItem","position":1,"name":"Front Page","item":"https:\/\/riverdi.com\/fr\/page-daccueil"},{"@type":"ListItem","position":2,"name":"Boutique","item":"https:\/\/riverdi.com\/fr\/boutique-2"},{"@type":"ListItem","position":3,"name":"Don Addon 101 LVDS"}]},{"@type":"WebSite","@id":"https:\/\/riverdi.com\/fr#website","url":"https:\/\/riverdi.com\/fr","name":"Riverdi","description":"Global TFT LCD Manufacturer","potentialAction":[{"@type":"SearchAction","target":{"@type":"EntryPoint","urlTemplate":"https:\/\/riverdi.com\/fr?s={search_term_string}"},"query-input":{"@type":"PropertyValueSpecification","valueRequired":true,"valueName":"search_term_string"}}],"inLanguage":"fr-FR"}]}},"_links":{"self":[{"href":"https:\/\/riverdi.com\/fr\/wp-json\/wp\/v2\/product\/117815","targetHints":{"allow":["GET"]}}],"collection":[{"href":"https:\/\/riverdi.com\/fr\/wp-json\/wp\/v2\/product"}],"about":[{"href":"https:\/\/riverdi.com\/fr\/wp-json\/wp\/v2\/types\/product"}],"replies":[{"embeddable":true,"href":"https:\/\/riverdi.com\/fr\/wp-json\/wp\/v2\/comments?post=117815"}],"wp:featuredmedia":[{"embeddable":true,"href":"https:\/\/riverdi.com\/fr\/wp-json\/wp\/v2\/media\/25730"}],"wp:attachment":[{"href":"https:\/\/riverdi.com\/fr\/wp-json\/wp\/v2\/media?parent=117815"}],"wp:term":[{"taxonomy":"product_brand","embeddable":true,"href":"https:\/\/riverdi.com\/fr\/wp-json\/wp\/v2\/product_brand?post=117815"},{"taxonomy":"product_cat","embeddable":true,"href":"https:\/\/riverdi.com\/fr\/wp-json\/wp\/v2\/product_cat?post=117815"},{"taxonomy":"product_tag","embeddable":true,"href":"https:\/\/riverdi.com\/fr\/wp-json\/wp\/v2\/product_tag?post=117815"}],"curies":[{"name":"wp","href":"https:\/\/api.w.org\/{rel}","templated":true}]}}