{"id":117808,"date":"2024-02-19T14:17:54","date_gmt":"2024-02-19T13:17:54","guid":{"rendered":"http:\/\/riverdi.com\/product\/rva-spk2-0w-c150\/"},"modified":"2024-02-19T14:17:54","modified_gmt":"2024-02-19T13:17:54","slug":"rva-spk2-0w-c150","status":"publish","type":"product","link":"https:\/\/riverdi.com\/fr\/product\/rva-spk2-0w-c150","title":{"rendered":"RVA-SPK2.0W-C150"},"content":{"rendered":"","protected":false},"excerpt":{"rendered":"<p>Imp\u00e9dance de 8 ohms et puissance dynamique de 2,0 W Haut-parleur.<br \/>\nC\u00e2ble de 150 mm avec un pas de 1,50 mm, connecteur \u00e0 2 broches pour une connexion rapide et facile<br \/>\nLes mousses adh\u00e9sives de 1,0 mm au recto et au verso offrent un fort pouvoir adh\u00e9sif et sont faciles \u00e0 d\u00e9coller pour un collage et un montage rapides et efficaces.<br \/>\nCe haut-parleur a \u00e9t\u00e9 con\u00e7u pour \u00eatre l&rsquo;accessoire des \u00e9crans de la s\u00e9rie EVE4 de Riverdi et constitue \u00e9galement une option parfaite pour tout projet audio de bricolage.<\/p>\n<p><a href=\"https:\/\/riverdi.com\/wp-content\/uploads\/2024\/05\/RVD002-78-EOL-of-RVA-SPK1.5W-C150.pdf\">RVD002-78 Fin de vie de RVA-SPK1.5W-C150<\/a><\/p>\n","protected":false},"featured_media":94953,"comment_status":"closed","ping_status":"closed","template":"","meta":{"_acf_changed":false,"content-type":"","inline_featured_image":false},"product_brand":[],"product_cat":[3517,3518],"product_tag":[],"class_list":{"0":"post-117808","1":"product","2":"type-product","3":"status-publish","4":"has-post-thumbnail","6":"product_cat-accessoires","7":"product_cat-cables-molex","9":"first","10":"instock","11":"taxable","12":"shipping-taxable","13":"purchasable","14":"product-type-simple"},"acf":[],"yoast_head":"<!-- This site is optimized with the Yoast SEO plugin v27.0 - https:\/\/yoast.com\/product\/yoast-seo-wordpress\/ -->\n<title>RVA-SPK2.0W-C150 - Riverdi<\/title>\n<meta name=\"robots\" content=\"index, follow, max-snippet:-1, max-image-preview:large, max-video-preview:-1\" \/>\n<link rel=\"canonical\" href=\"https:\/\/riverdi.com\/fr\/product\/rva-spk2-0w-c150\" \/>\n<meta property=\"og:locale\" content=\"fr_FR\" \/>\n<meta property=\"og:type\" content=\"article\" \/>\n<meta property=\"og:title\" content=\"RVA-SPK2.0W-C150 - Riverdi\" \/>\n<meta property=\"og:description\" content=\"Imp\u00e9dance de 8 ohms et puissance dynamique de 2,0 W Haut-parleur. C\u00e2ble de 150 mm avec un pas de 1,50 mm, connecteur \u00e0 2 broches pour une connexion rapide et facile Les mousses adh\u00e9sives de 1,0 mm au recto et au verso offrent un fort pouvoir adh\u00e9sif et sont faciles \u00e0 d\u00e9coller pour un collage et un montage rapides et efficaces. Ce haut-parleur a \u00e9t\u00e9 con\u00e7u pour \u00eatre l&#039;accessoire des \u00e9crans de la s\u00e9rie EVE4 de Riverdi et constitue \u00e9galement une option parfaite pour tout projet audio de bricolage. RVD002-78 Fin de vie de RVA-SPK1.5W-C150\" \/>\n<meta property=\"og:url\" content=\"https:\/\/riverdi.com\/fr\/product\/rva-spk2-0w-c150\" \/>\n<meta property=\"og:site_name\" content=\"Riverdi\" \/>\n<meta property=\"article:publisher\" content=\"https:\/\/www.facebook.com\/riverdi.displays\/\" \/>\n<meta property=\"og:image\" content=\"https:\/\/riverdi.com\/wp-content\/uploads\/2024\/04\/speaker-1-1.webp\" \/>\n\t<meta property=\"og:image:width\" content=\"1293\" \/>\n\t<meta property=\"og:image:height\" content=\"889\" \/>\n\t<meta property=\"og:image:type\" content=\"image\/webp\" \/>\n<meta name=\"twitter:card\" content=\"summary_large_image\" \/>\n<meta name=\"twitter:site\" content=\"@riverdidisplays\" \/>\n<script type=\"application\/ld+json\" class=\"yoast-schema-graph\">{\"@context\":\"https:\/\/schema.org\",\"@graph\":[{\"@type\":\"WebPage\",\"@id\":\"https:\/\/riverdi.com\/fr\/product\/rva-spk2-0w-c150\",\"url\":\"https:\/\/riverdi.com\/fr\/product\/rva-spk2-0w-c150\",\"name\":\"RVA-SPK2.0W-C150 - Riverdi\",\"isPartOf\":{\"@id\":\"https:\/\/riverdi.com\/fr#website\"},\"primaryImageOfPage\":{\"@id\":\"https:\/\/riverdi.com\/fr\/product\/rva-spk2-0w-c150#primaryimage\"},\"image\":{\"@id\":\"https:\/\/riverdi.com\/fr\/product\/rva-spk2-0w-c150#primaryimage\"},\"thumbnailUrl\":\"https:\/\/riverdi.com\/wp-content\/uploads\/2024\/04\/speaker-1-1.webp\",\"datePublished\":\"2024-02-19T13:17:54+00:00\",\"breadcrumb\":{\"@id\":\"https:\/\/riverdi.com\/fr\/product\/rva-spk2-0w-c150#breadcrumb\"},\"inLanguage\":\"fr-FR\",\"potentialAction\":[{\"@type\":\"ReadAction\",\"target\":[\"https:\/\/riverdi.com\/fr\/product\/rva-spk2-0w-c150\"]}]},{\"@type\":\"ImageObject\",\"inLanguage\":\"fr-FR\",\"@id\":\"https:\/\/riverdi.com\/fr\/product\/rva-spk2-0w-c150#primaryimage\",\"url\":\"https:\/\/riverdi.com\/wp-content\/uploads\/2024\/04\/speaker-1-1.webp\",\"contentUrl\":\"https:\/\/riverdi.com\/wp-content\/uploads\/2024\/04\/speaker-1-1.webp\",\"width\":1293,\"height\":889},{\"@type\":\"BreadcrumbList\",\"@id\":\"https:\/\/riverdi.com\/fr\/product\/rva-spk2-0w-c150#breadcrumb\",\"itemListElement\":[{\"@type\":\"ListItem\",\"position\":1,\"name\":\"Front Page\",\"item\":\"https:\/\/riverdi.com\/fr\/page-daccueil\"},{\"@type\":\"ListItem\",\"position\":2,\"name\":\"Boutique\",\"item\":\"https:\/\/riverdi.com\/fr\/boutique-2\"},{\"@type\":\"ListItem\",\"position\":3,\"name\":\"RVA-SPK2.0W-C150\"}]},{\"@type\":\"WebSite\",\"@id\":\"https:\/\/riverdi.com\/fr#website\",\"url\":\"https:\/\/riverdi.com\/fr\",\"name\":\"Riverdi\",\"description\":\"Global TFT LCD Manufacturer\",\"potentialAction\":[{\"@type\":\"SearchAction\",\"target\":{\"@type\":\"EntryPoint\",\"urlTemplate\":\"https:\/\/riverdi.com\/fr?s={search_term_string}\"},\"query-input\":{\"@type\":\"PropertyValueSpecification\",\"valueRequired\":true,\"valueName\":\"search_term_string\"}}],\"inLanguage\":\"fr-FR\"}]}<\/script>\n<!-- \/ Yoast SEO plugin. -->","yoast_head_json":{"title":"RVA-SPK2.0W-C150 - Riverdi","robots":{"index":"index","follow":"follow","max-snippet":"max-snippet:-1","max-image-preview":"max-image-preview:large","max-video-preview":"max-video-preview:-1"},"canonical":"https:\/\/riverdi.com\/fr\/product\/rva-spk2-0w-c150","og_locale":"fr_FR","og_type":"article","og_title":"RVA-SPK2.0W-C150 - Riverdi","og_description":"Imp\u00e9dance de 8 ohms et puissance dynamique de 2,0 W Haut-parleur. C\u00e2ble de 150 mm avec un pas de 1,50 mm, connecteur \u00e0 2 broches pour une connexion rapide et facile Les mousses adh\u00e9sives de 1,0 mm au recto et au verso offrent un fort pouvoir adh\u00e9sif et sont faciles \u00e0 d\u00e9coller pour un collage et un montage rapides et efficaces. Ce haut-parleur a \u00e9t\u00e9 con\u00e7u pour \u00eatre l'accessoire des \u00e9crans de la s\u00e9rie EVE4 de Riverdi et constitue \u00e9galement une option parfaite pour tout projet audio de bricolage. RVD002-78 Fin de vie de RVA-SPK1.5W-C150","og_url":"https:\/\/riverdi.com\/fr\/product\/rva-spk2-0w-c150","og_site_name":"Riverdi","article_publisher":"https:\/\/www.facebook.com\/riverdi.displays\/","og_image":[{"width":1293,"height":889,"url":"https:\/\/riverdi.com\/wp-content\/uploads\/2024\/04\/speaker-1-1.webp","type":"image\/webp"}],"twitter_card":"summary_large_image","twitter_site":"@riverdidisplays","schema":{"@context":"https:\/\/schema.org","@graph":[{"@type":"WebPage","@id":"https:\/\/riverdi.com\/fr\/product\/rva-spk2-0w-c150","url":"https:\/\/riverdi.com\/fr\/product\/rva-spk2-0w-c150","name":"RVA-SPK2.0W-C150 - Riverdi","isPartOf":{"@id":"https:\/\/riverdi.com\/fr#website"},"primaryImageOfPage":{"@id":"https:\/\/riverdi.com\/fr\/product\/rva-spk2-0w-c150#primaryimage"},"image":{"@id":"https:\/\/riverdi.com\/fr\/product\/rva-spk2-0w-c150#primaryimage"},"thumbnailUrl":"https:\/\/riverdi.com\/wp-content\/uploads\/2024\/04\/speaker-1-1.webp","datePublished":"2024-02-19T13:17:54+00:00","breadcrumb":{"@id":"https:\/\/riverdi.com\/fr\/product\/rva-spk2-0w-c150#breadcrumb"},"inLanguage":"fr-FR","potentialAction":[{"@type":"ReadAction","target":["https:\/\/riverdi.com\/fr\/product\/rva-spk2-0w-c150"]}]},{"@type":"ImageObject","inLanguage":"fr-FR","@id":"https:\/\/riverdi.com\/fr\/product\/rva-spk2-0w-c150#primaryimage","url":"https:\/\/riverdi.com\/wp-content\/uploads\/2024\/04\/speaker-1-1.webp","contentUrl":"https:\/\/riverdi.com\/wp-content\/uploads\/2024\/04\/speaker-1-1.webp","width":1293,"height":889},{"@type":"BreadcrumbList","@id":"https:\/\/riverdi.com\/fr\/product\/rva-spk2-0w-c150#breadcrumb","itemListElement":[{"@type":"ListItem","position":1,"name":"Front Page","item":"https:\/\/riverdi.com\/fr\/page-daccueil"},{"@type":"ListItem","position":2,"name":"Boutique","item":"https:\/\/riverdi.com\/fr\/boutique-2"},{"@type":"ListItem","position":3,"name":"RVA-SPK2.0W-C150"}]},{"@type":"WebSite","@id":"https:\/\/riverdi.com\/fr#website","url":"https:\/\/riverdi.com\/fr","name":"Riverdi","description":"Global TFT LCD Manufacturer","potentialAction":[{"@type":"SearchAction","target":{"@type":"EntryPoint","urlTemplate":"https:\/\/riverdi.com\/fr?s={search_term_string}"},"query-input":{"@type":"PropertyValueSpecification","valueRequired":true,"valueName":"search_term_string"}}],"inLanguage":"fr-FR"}]}},"_links":{"self":[{"href":"https:\/\/riverdi.com\/fr\/wp-json\/wp\/v2\/product\/117808","targetHints":{"allow":["GET"]}}],"collection":[{"href":"https:\/\/riverdi.com\/fr\/wp-json\/wp\/v2\/product"}],"about":[{"href":"https:\/\/riverdi.com\/fr\/wp-json\/wp\/v2\/types\/product"}],"replies":[{"embeddable":true,"href":"https:\/\/riverdi.com\/fr\/wp-json\/wp\/v2\/comments?post=117808"}],"wp:featuredmedia":[{"embeddable":true,"href":"https:\/\/riverdi.com\/fr\/wp-json\/wp\/v2\/media\/94953"}],"wp:attachment":[{"href":"https:\/\/riverdi.com\/fr\/wp-json\/wp\/v2\/media?parent=117808"}],"wp:term":[{"taxonomy":"product_brand","embeddable":true,"href":"https:\/\/riverdi.com\/fr\/wp-json\/wp\/v2\/product_brand?post=117808"},{"taxonomy":"product_cat","embeddable":true,"href":"https:\/\/riverdi.com\/fr\/wp-json\/wp\/v2\/product_cat?post=117808"},{"taxonomy":"product_tag","embeddable":true,"href":"https:\/\/riverdi.com\/fr\/wp-json\/wp\/v2\/product_tag?post=117808"}],"curies":[{"name":"wp","href":"https:\/\/api.w.org\/{rel}","templated":true}]}}