{"id":117799,"date":"2023-07-18T12:48:00","date_gmt":"2023-07-18T10:48:00","guid":{"rendered":"http:\/\/riverdi.com\/product\/stm32h7-poe-add-on\/"},"modified":"2025-08-18T14:28:01","modified_gmt":"2025-08-18T12:28:01","slug":"stm32h7-poe-add-on","status":"publish","type":"product","link":"https:\/\/riverdi.com\/fr\/product\/stm32h7-poe-add-on","title":{"rendered":"STM32H7 PoE Add-on"},"content":{"rendered":"<h2><strong>D\u00e9claration de compatibilit\u00e9 du produit :<\/strong><\/h2>\n<p>Le STM32H7 PoE Add-on est compatible avec des r\u00e9visions sp\u00e9cifiques des PCB des \u00e9crans des s\u00e9ries 7.0&Prime;, 10.1&Prime; et 12.1&Prime; du STM32H7. Veuillez prendre note des informations de compatibilit\u00e9 suivantes :<\/p>\n<p><strong>Ecran 12.1&Prime; de la s\u00e9rie STM32H7 : <\/strong>Seule la r\u00e9vision de la carte 101STM32H7_Rev1.5 ou ult\u00e9rieure est compatible. Les r\u00e9visions plus anciennes ne sont pas compatibles avec le module d&rsquo;extension STM32H7 PoE. (Ce n&rsquo;est pas une erreur ; la carte 101STM32H7 se trouve dans les modules 12.1).<strong><br \/>\n\u00c9cran de la s\u00e9rie STM32H7 de 10,1 pouces :<\/strong> Seule la r\u00e9vision de la carte 101STM32H7_Rev1.4 ou ult\u00e9rieure est compatible. Les r\u00e9visions plus anciennes ne sont pas compatibles avec le module d&rsquo;extension STM32H7 PoE.<br \/>\n<strong>Ecran 7.0&Prime; de la s\u00e9rie STM32H7 :<\/strong> Seule la r\u00e9vision 70STM32H7_Rev1.1 ou ult\u00e9rieure de la carte de circuit imprim\u00e9 est compatible. Les r\u00e9visions plus anciennes ne sont pas compatibles avec le module d&rsquo;extension STM32H7 PoE.<\/p>\n<p>Pour garantir une int\u00e9gration r\u00e9ussie du module d&rsquo;extension STM32H7 PoE, il est essentiel de v\u00e9rifier que votre \u00e9cran de la s\u00e9rie STM32H7 se situe dans la plage de compatibilit\u00e9 sp\u00e9cifi\u00e9e.<\/p>\n","protected":false},"excerpt":{"rendered":"<div>\n<p>Voici la carte d&rsquo;extension STM32H7 PoE, sp\u00e9cialement con\u00e7ue pour les modules Riverdi 7.0&Prime;, 10.1&Prime; et 12.1&Prime; STM32H7. Elle permet \u00e0 un seul c\u00e2ble Ethernet d&rsquo;assurer \u00e0 la fois la connexion Ethernet et l&rsquo;alimentation \u00e9lectrique des modules STM32H7 de 7,0&Prime;, 10,1&Prime; et 12,1&Prime;, au lieu d&rsquo;avoir un c\u00e2ble s\u00e9par\u00e9 pour chacun d&rsquo;entre eux. <\/p>\n<p>Caract\u00e9ristiques :<\/p>\n<ul>\n<li>Compatibilit\u00e9 plug-and-play avec les modules Riverdi 7.0&Prime;, 10.1&Prime; et 12.1&Prime; STM32H7, qui doivent \u00eatre achet\u00e9s s\u00e9par\u00e9ment.<\/li>\n<li>Vitesse Ethernet jusqu&rsquo;\u00e0 10Mb\/s<\/li>\n<li>une interface PoE-PD standard de haute puissance conforme \u00e0 la norme PoE IEEE 802.3bt de troisi\u00e8me g\u00e9n\u00e9ration.<\/li>\n<li>36 V \u00e0 57 V Tension d&rsquo;entr\u00e9e DC<\/li>\n<\/ul>\n<p>Pour garantir un fonctionnement correct, veuillez noter qu&rsquo;un \u00e9quipement de source d&rsquo;alimentation (par exemple un injecteur PoE, un commutateur ou un routeur) est n\u00e9cessaire en plus de la carte d&rsquo;extension PoE STM32H7.<\/p>\n<\/div>\n<div class=\"Variant-buttons\"><a class=\"Variant-SKU-button\" href=\"https:\/\/download.riverdi.com\/STM32H7-POE-ADDON\/DS_STM32H7-POE-ADDON_Rev.1.0.pdf\">Fiche technique<\/a><br \/>\n<a class=\"Variant-SKU-button\" href=\"https:\/\/download.riverdi.com\/STM32H7-POE-ADDON\/DR_STM32H7-POE-ADDON_Rev.1.0.pdf\">Dessin<\/a><br \/>\n<a class=\"Variant-SKU-button\" href=\"https:\/\/download.riverdi.com\/STM32H7-POE-ADDON\/SCHEM_STM32H7-POE-ADDON_Rev.1.0.pdf\">Sch\u00e9ma<\/a><\/div>\n","protected":false},"featured_media":34099,"comment_status":"closed","ping_status":"closed","template":"","meta":{"_acf_changed":false,"content-type":"","inline_featured_image":false},"product_brand":[],"product_cat":[3519],"product_tag":[],"class_list":{"0":"post-117799","1":"product","2":"type-product","3":"status-publish","4":"has-post-thumbnail","6":"product_cat-comites-devaluation","8":"first","9":"instock","10":"taxable","11":"shipping-taxable","12":"purchasable","13":"product-type-simple"},"acf":[],"yoast_head":"<!-- This site is optimized with the Yoast SEO plugin v27.3 - https:\/\/yoast.com\/product\/yoast-seo-wordpress\/ -->\n<title>STM32H7 PoE Add-on - Riverdi<\/title>\n<meta name=\"description\" content=\"Voici la carte d&#039;extension STM32H7 PoE, sp\u00e9cialement con\u00e7ue pour les modules Riverdi 7.0&quot;, 10.1&quot; et 12.1&quot; STM32H7.\" \/>\n<meta name=\"robots\" content=\"index, follow, max-snippet:-1, max-image-preview:large, max-video-preview:-1\" \/>\n<link rel=\"canonical\" href=\"https:\/\/riverdi.com\/fr\/product\/stm32h7-poe-add-on\" \/>\n<meta property=\"og:locale\" content=\"fr_FR\" \/>\n<meta property=\"og:type\" content=\"article\" \/>\n<meta property=\"og:title\" content=\"STM32H7 PoE Add-on - Riverdi\" \/>\n<meta property=\"og:description\" content=\"Voici la carte d&#039;extension STM32H7 PoE, sp\u00e9cialement con\u00e7ue pour les modules Riverdi 7.0&quot;, 10.1&quot; et 12.1&quot; STM32H7.\" \/>\n<meta property=\"og:url\" content=\"https:\/\/riverdi.com\/fr\/product\/stm32h7-poe-add-on\" \/>\n<meta property=\"og:site_name\" content=\"Riverdi\" \/>\n<meta property=\"article:publisher\" content=\"https:\/\/www.facebook.com\/riverdi.displays\/\" \/>\n<meta property=\"article:modified_time\" content=\"2025-08-18T12:28:01+00:00\" \/>\n<meta property=\"og:image\" content=\"https:\/\/riverdi.com\/wp-content\/uploads\/2024\/04\/POE.webp\" \/>\n\t<meta property=\"og:image:width\" content=\"1293\" \/>\n\t<meta property=\"og:image:height\" content=\"889\" \/>\n\t<meta property=\"og:image:type\" content=\"image\/webp\" \/>\n<meta name=\"twitter:card\" content=\"summary_large_image\" \/>\n<meta name=\"twitter:site\" content=\"@riverdidisplays\" \/>\n<meta name=\"twitter:label1\" content=\"Dur\u00e9e de lecture estim\u00e9e\" \/>\n\t<meta name=\"twitter:data1\" content=\"1 minute\" \/>\n<script type=\"application\/ld+json\" class=\"yoast-schema-graph\">{\"@context\":\"https:\\\/\\\/schema.org\",\"@graph\":[{\"@type\":\"WebPage\",\"@id\":\"https:\\\/\\\/riverdi.com\\\/fr\\\/product\\\/stm32h7-poe-add-on\",\"url\":\"https:\\\/\\\/riverdi.com\\\/fr\\\/product\\\/stm32h7-poe-add-on\",\"name\":\"STM32H7 PoE Add-on - Riverdi\",\"isPartOf\":{\"@id\":\"https:\\\/\\\/riverdi.com\\\/fr#website\"},\"primaryImageOfPage\":{\"@id\":\"https:\\\/\\\/riverdi.com\\\/fr\\\/product\\\/stm32h7-poe-add-on#primaryimage\"},\"image\":{\"@id\":\"https:\\\/\\\/riverdi.com\\\/fr\\\/product\\\/stm32h7-poe-add-on#primaryimage\"},\"thumbnailUrl\":\"https:\\\/\\\/riverdi.com\\\/wp-content\\\/uploads\\\/2024\\\/04\\\/POE.webp\",\"datePublished\":\"2023-07-18T10:48:00+00:00\",\"dateModified\":\"2025-08-18T12:28:01+00:00\",\"description\":\"Voici la carte d'extension STM32H7 PoE, sp\u00e9cialement con\u00e7ue pour les modules Riverdi 7.0\\\", 10.1\\\" et 12.1\\\" STM32H7.\",\"breadcrumb\":{\"@id\":\"https:\\\/\\\/riverdi.com\\\/fr\\\/product\\\/stm32h7-poe-add-on#breadcrumb\"},\"inLanguage\":\"fr-FR\",\"potentialAction\":[{\"@type\":\"ReadAction\",\"target\":[\"https:\\\/\\\/riverdi.com\\\/fr\\\/product\\\/stm32h7-poe-add-on\"]}]},{\"@type\":\"ImageObject\",\"inLanguage\":\"fr-FR\",\"@id\":\"https:\\\/\\\/riverdi.com\\\/fr\\\/product\\\/stm32h7-poe-add-on#primaryimage\",\"url\":\"https:\\\/\\\/riverdi.com\\\/wp-content\\\/uploads\\\/2024\\\/04\\\/POE.webp\",\"contentUrl\":\"https:\\\/\\\/riverdi.com\\\/wp-content\\\/uploads\\\/2024\\\/04\\\/POE.webp\",\"width\":1293,\"height\":889,\"caption\":\"Addon Poe\"},{\"@type\":\"BreadcrumbList\",\"@id\":\"https:\\\/\\\/riverdi.com\\\/fr\\\/product\\\/stm32h7-poe-add-on#breadcrumb\",\"itemListElement\":[{\"@type\":\"ListItem\",\"position\":1,\"name\":\"Front Page\",\"item\":\"https:\\\/\\\/riverdi.com\\\/fr\\\/page-daccueil\"},{\"@type\":\"ListItem\",\"position\":2,\"name\":\"Boutique\",\"item\":\"https:\\\/\\\/riverdi.com\\\/fr\\\/boutique-2\"},{\"@type\":\"ListItem\",\"position\":3,\"name\":\"STM32H7 PoE Add-on\"}]},{\"@type\":\"WebSite\",\"@id\":\"https:\\\/\\\/riverdi.com\\\/fr#website\",\"url\":\"https:\\\/\\\/riverdi.com\\\/fr\",\"name\":\"Riverdi\",\"description\":\"Global TFT LCD Manufacturer\",\"potentialAction\":[{\"@type\":\"SearchAction\",\"target\":{\"@type\":\"EntryPoint\",\"urlTemplate\":\"https:\\\/\\\/riverdi.com\\\/fr?s={search_term_string}\"},\"query-input\":{\"@type\":\"PropertyValueSpecification\",\"valueRequired\":true,\"valueName\":\"search_term_string\"}}],\"inLanguage\":\"fr-FR\"}]}<\/script>\n<!-- \/ Yoast SEO plugin. -->","yoast_head_json":{"title":"STM32H7 PoE Add-on - Riverdi","description":"Voici la carte d'extension STM32H7 PoE, sp\u00e9cialement con\u00e7ue pour les modules Riverdi 7.0\", 10.1\" et 12.1\" STM32H7.","robots":{"index":"index","follow":"follow","max-snippet":"max-snippet:-1","max-image-preview":"max-image-preview:large","max-video-preview":"max-video-preview:-1"},"canonical":"https:\/\/riverdi.com\/fr\/product\/stm32h7-poe-add-on","og_locale":"fr_FR","og_type":"article","og_title":"STM32H7 PoE Add-on - Riverdi","og_description":"Voici la carte d'extension STM32H7 PoE, sp\u00e9cialement con\u00e7ue pour les modules Riverdi 7.0\", 10.1\" et 12.1\" STM32H7.","og_url":"https:\/\/riverdi.com\/fr\/product\/stm32h7-poe-add-on","og_site_name":"Riverdi","article_publisher":"https:\/\/www.facebook.com\/riverdi.displays\/","article_modified_time":"2025-08-18T12:28:01+00:00","og_image":[{"width":1293,"height":889,"url":"https:\/\/riverdi.com\/wp-content\/uploads\/2024\/04\/POE.webp","type":"image\/webp"}],"twitter_card":"summary_large_image","twitter_site":"@riverdidisplays","twitter_misc":{"Dur\u00e9e de lecture estim\u00e9e":"1 minute"},"schema":{"@context":"https:\/\/schema.org","@graph":[{"@type":"WebPage","@id":"https:\/\/riverdi.com\/fr\/product\/stm32h7-poe-add-on","url":"https:\/\/riverdi.com\/fr\/product\/stm32h7-poe-add-on","name":"STM32H7 PoE Add-on - Riverdi","isPartOf":{"@id":"https:\/\/riverdi.com\/fr#website"},"primaryImageOfPage":{"@id":"https:\/\/riverdi.com\/fr\/product\/stm32h7-poe-add-on#primaryimage"},"image":{"@id":"https:\/\/riverdi.com\/fr\/product\/stm32h7-poe-add-on#primaryimage"},"thumbnailUrl":"https:\/\/riverdi.com\/wp-content\/uploads\/2024\/04\/POE.webp","datePublished":"2023-07-18T10:48:00+00:00","dateModified":"2025-08-18T12:28:01+00:00","description":"Voici la carte d'extension STM32H7 PoE, sp\u00e9cialement con\u00e7ue pour les modules Riverdi 7.0\", 10.1\" et 12.1\" STM32H7.","breadcrumb":{"@id":"https:\/\/riverdi.com\/fr\/product\/stm32h7-poe-add-on#breadcrumb"},"inLanguage":"fr-FR","potentialAction":[{"@type":"ReadAction","target":["https:\/\/riverdi.com\/fr\/product\/stm32h7-poe-add-on"]}]},{"@type":"ImageObject","inLanguage":"fr-FR","@id":"https:\/\/riverdi.com\/fr\/product\/stm32h7-poe-add-on#primaryimage","url":"https:\/\/riverdi.com\/wp-content\/uploads\/2024\/04\/POE.webp","contentUrl":"https:\/\/riverdi.com\/wp-content\/uploads\/2024\/04\/POE.webp","width":1293,"height":889,"caption":"Addon Poe"},{"@type":"BreadcrumbList","@id":"https:\/\/riverdi.com\/fr\/product\/stm32h7-poe-add-on#breadcrumb","itemListElement":[{"@type":"ListItem","position":1,"name":"Front Page","item":"https:\/\/riverdi.com\/fr\/page-daccueil"},{"@type":"ListItem","position":2,"name":"Boutique","item":"https:\/\/riverdi.com\/fr\/boutique-2"},{"@type":"ListItem","position":3,"name":"STM32H7 PoE Add-on"}]},{"@type":"WebSite","@id":"https:\/\/riverdi.com\/fr#website","url":"https:\/\/riverdi.com\/fr","name":"Riverdi","description":"Global TFT LCD Manufacturer","potentialAction":[{"@type":"SearchAction","target":{"@type":"EntryPoint","urlTemplate":"https:\/\/riverdi.com\/fr?s={search_term_string}"},"query-input":{"@type":"PropertyValueSpecification","valueRequired":true,"valueName":"search_term_string"}}],"inLanguage":"fr-FR"}]}},"_links":{"self":[{"href":"https:\/\/riverdi.com\/fr\/wp-json\/wp\/v2\/product\/117799","targetHints":{"allow":["GET"]}}],"collection":[{"href":"https:\/\/riverdi.com\/fr\/wp-json\/wp\/v2\/product"}],"about":[{"href":"https:\/\/riverdi.com\/fr\/wp-json\/wp\/v2\/types\/product"}],"replies":[{"embeddable":true,"href":"https:\/\/riverdi.com\/fr\/wp-json\/wp\/v2\/comments?post=117799"}],"wp:featuredmedia":[{"embeddable":true,"href":"https:\/\/riverdi.com\/fr\/wp-json\/wp\/v2\/media\/34099"}],"wp:attachment":[{"href":"https:\/\/riverdi.com\/fr\/wp-json\/wp\/v2\/media?parent=117799"}],"wp:term":[{"taxonomy":"product_brand","embeddable":true,"href":"https:\/\/riverdi.com\/fr\/wp-json\/wp\/v2\/product_brand?post=117799"},{"taxonomy":"product_cat","embeddable":true,"href":"https:\/\/riverdi.com\/fr\/wp-json\/wp\/v2\/product_cat?post=117799"},{"taxonomy":"product_tag","embeddable":true,"href":"https:\/\/riverdi.com\/fr\/wp-json\/wp\/v2\/product_tag?post=117799"}],"curies":[{"name":"wp","href":"https:\/\/api.w.org\/{rel}","templated":true}]}}