{"id":116088,"date":"2021-09-09T08:49:24","date_gmt":"2021-09-09T06:49:24","guid":{"rendered":"http:\/\/riverdi.com\/product\/haute-luminosite-ips-display-rvt70hsmnwc00-b-7-inch-projete-capacitif-touch-panel-optical-bonding-uxtouch-mipi-dsi\/"},"modified":"2026-01-18T22:36:37","modified_gmt":"2026-01-18T21:36:37","slug":"haute-luminosite-ips-display-rvt70hsmnwc00-b-7-inch-projete-capacitif-touch-panel-optical-bonding-uxtouch-mipi-dsi","status":"publish","type":"product","link":"https:\/\/riverdi.com\/fr\/product\/haute-luminosite-ips-display-rvt70hsmnwc00-b-7-inch-projete-capacitif-touch-panel-optical-bonding-uxtouch-mipi-dsi","title":{"rendered":"\u00c9cran IPS haute luminosit\u00e9 7,0\u2033 TFT LCD 1024x600px, interface MIPI DSI + \u00c9cran tactile capacitif &#8211; RVT70HSMNWC00-B"},"content":{"rendered":"<p>n&rsquo;enlevez pas ceci<\/p>\n","protected":false},"excerpt":{"rendered":"<p><strong>Caract\u00e9ristiques principales :<\/strong><\/p>\n<ul>\n<li>\u00c9cran TFT de 7,0 pouces<\/li>\n<li>R\u00e9solution 1024x600px<\/li>\n<li>Interface MIPI DSI<\/li>\n<li>Haute luminosit\u00e9 850cd\/m2<\/li>\n<li>Angle de vision complet (IPS)<\/li>\n<li>\u00c9cran tactile capacitif \u00e0 projection industrielle<\/li>\n<li>Liaison optique<\/li>\n<li>Verre de couverture d\u00e9coratif noir<\/li>\n<\/ul>\n","protected":false},"featured_media":24359,"comment_status":"closed","ping_status":"closed","template":"","meta":{"_acf_changed":false,"content-type":"","inline_featured_image":false},"product_brand":[],"product_cat":[4794,4792,4791,3375,4793,3374,4807,4808,4858,3455,4846],"product_tag":[3423,3292],"class_list":{"0":"post-116088","1":"product","2":"type-product","3":"status-publish","4":"has-post-thumbnail","6":"product_cat-affichages-mipi-dsi","7":"product_cat-ecran-lcd","8":"product_cat-ecran-tft","9":"product_cat-ecrans-ips-a-haute-luminosite","10":"product_cat-ecrans-lcd-de-7-pouces","11":"product_cat-ecrans-lcd-rvb-lvds-mipi-dsi","12":"product_cat-ecrans-tactiles","13":"product_cat-ecrans-tactiles-capacitifs","14":"product_cat-interface-fr","15":"product_cat-modules-mipi","16":"product_cat-tous-les-ecrans","17":"product_tag-ctp-fr","18":"product_tag-uxtouch-fr","20":"first","21":"instock","22":"taxable","23":"shipping-taxable","24":"purchasable","25":"product-type-simple"},"acf":[],"yoast_head":"<!-- This site is optimized with the Yoast SEO plugin v27.0 - https:\/\/yoast.com\/product\/yoast-seo-wordpress\/ -->\n<title>\u00c9cran IPS haute luminosit\u00e9 7,0\u2033 TFT LCD 1024x600px, interface MIPI DSI + \u00c9cran tactile capacitif - RVT70HSMNWC00-B | Riverdi<\/title>\n<meta name=\"description\" content=\"\u00c9cran IPS haute luminosit\u00e9 7,0\u2033 TFT LCD avec r\u00e9solution 1024x600px, lisible en plein soleil avec 850 cd\/m\u00b2 et Collage optique. Interface MIPI DSI et angles de vision IPS complets \u2013 mod\u00e8le SM-RVT70HSMNWC00-B\" \/>\n<meta name=\"robots\" content=\"index, follow, max-snippet:-1, max-image-preview:large, max-video-preview:-1\" \/>\n<link rel=\"canonical\" href=\"https:\/\/riverdi.com\/fr\/product\/haute-luminosite-ips-display-rvt70hsmnwc00-b-7-inch-projete-capacitif-touch-panel-optical-bonding-uxtouch-mipi-dsi\" \/>\n<meta property=\"og:locale\" content=\"fr_FR\" \/>\n<meta property=\"og:type\" content=\"article\" \/>\n<meta property=\"og:title\" content=\"\u00c9cran IPS haute luminosit\u00e9 7,0\u2033 TFT LCD 1024x600px, interface MIPI DSI + \u00c9cran tactile capacitif - RVT70HSMNWC00-B | Riverdi\" \/>\n<meta property=\"og:description\" content=\"\u00c9cran IPS haute luminosit\u00e9 7,0\u2033 TFT LCD avec r\u00e9solution 1024x600px, lisible en plein soleil avec 850 cd\/m\u00b2 et Collage optique. Interface MIPI DSI et angles de vision IPS complets \u2013 mod\u00e8le SM-RVT70HSMNWC00-B\" \/>\n<meta property=\"og:url\" content=\"https:\/\/riverdi.com\/fr\/product\/haute-luminosite-ips-display-rvt70hsmnwc00-b-7-inch-projete-capacitif-touch-panel-optical-bonding-uxtouch-mipi-dsi\" \/>\n<meta property=\"og:site_name\" content=\"Riverdi\" \/>\n<meta property=\"article:publisher\" content=\"https:\/\/www.facebook.com\/riverdi.displays\/\" \/>\n<meta property=\"article:modified_time\" content=\"2026-01-18T21:36:37+00:00\" \/>\n<meta property=\"og:image\" content=\"https:\/\/riverdi.com\/wp-content\/uploads\/2024\/04\/RVT70HSMNWC00-B-3.webp\" \/>\n\t<meta property=\"og:image:width\" content=\"1293\" \/>\n\t<meta property=\"og:image:height\" content=\"889\" \/>\n\t<meta property=\"og:image:type\" content=\"image\/webp\" \/>\n<meta name=\"twitter:card\" content=\"summary_large_image\" \/>\n<meta name=\"twitter:site\" content=\"@riverdidisplays\" \/>\n<meta name=\"twitter:label1\" content=\"Dur\u00e9e de lecture estim\u00e9e\" \/>\n\t<meta name=\"twitter:data1\" content=\"1 minute\" \/>\n<script type=\"application\/ld+json\" class=\"yoast-schema-graph\">{\"@context\":\"https:\/\/schema.org\",\"@graph\":[{\"@type\":\"WebPage\",\"@id\":\"https:\/\/riverdi.com\/fr\/product\/haute-luminosite-ips-display-rvt70hsmnwc00-b-7-inch-projete-capacitif-touch-panel-optical-bonding-uxtouch-mipi-dsi\",\"url\":\"https:\/\/riverdi.com\/fr\/product\/haute-luminosite-ips-display-rvt70hsmnwc00-b-7-inch-projete-capacitif-touch-panel-optical-bonding-uxtouch-mipi-dsi\",\"name\":\"\u00c9cran IPS haute luminosit\u00e9 7,0\u2033 TFT LCD 1024x600px, interface MIPI DSI + \u00c9cran tactile capacitif - RVT70HSMNWC00-B | Riverdi\",\"isPartOf\":{\"@id\":\"https:\/\/riverdi.com\/fr#website\"},\"primaryImageOfPage\":{\"@id\":\"https:\/\/riverdi.com\/fr\/product\/haute-luminosite-ips-display-rvt70hsmnwc00-b-7-inch-projete-capacitif-touch-panel-optical-bonding-uxtouch-mipi-dsi#primaryimage\"},\"image\":{\"@id\":\"https:\/\/riverdi.com\/fr\/product\/haute-luminosite-ips-display-rvt70hsmnwc00-b-7-inch-projete-capacitif-touch-panel-optical-bonding-uxtouch-mipi-dsi#primaryimage\"},\"thumbnailUrl\":\"https:\/\/riverdi.com\/wp-content\/uploads\/2024\/04\/RVT70HSMNWC00-B-3.webp\",\"datePublished\":\"2021-09-09T06:49:24+00:00\",\"dateModified\":\"2026-01-18T21:36:37+00:00\",\"description\":\"\u00c9cran IPS haute luminosit\u00e9 7,0\u2033 TFT LCD avec r\u00e9solution 1024x600px, lisible en plein soleil avec 850 cd\/m\u00b2 et Collage optique. Interface MIPI DSI et angles de vision IPS complets \u2013 mod\u00e8le SM-RVT70HSMNWC00-B\",\"breadcrumb\":{\"@id\":\"https:\/\/riverdi.com\/fr\/product\/haute-luminosite-ips-display-rvt70hsmnwc00-b-7-inch-projete-capacitif-touch-panel-optical-bonding-uxtouch-mipi-dsi#breadcrumb\"},\"inLanguage\":\"fr-FR\",\"potentialAction\":[{\"@type\":\"ReadAction\",\"target\":[\"https:\/\/riverdi.com\/fr\/product\/haute-luminosite-ips-display-rvt70hsmnwc00-b-7-inch-projete-capacitif-touch-panel-optical-bonding-uxtouch-mipi-dsi\"]}]},{\"@type\":\"ImageObject\",\"inLanguage\":\"fr-FR\",\"@id\":\"https:\/\/riverdi.com\/fr\/product\/haute-luminosite-ips-display-rvt70hsmnwc00-b-7-inch-projete-capacitif-touch-panel-optical-bonding-uxtouch-mipi-dsi#primaryimage\",\"url\":\"https:\/\/riverdi.com\/wp-content\/uploads\/2024\/04\/RVT70HSMNWC00-B-3.webp\",\"contentUrl\":\"https:\/\/riverdi.com\/wp-content\/uploads\/2024\/04\/RVT70HSMNWC00-B-3.webp\",\"width\":1293,\"height\":889},{\"@type\":\"BreadcrumbList\",\"@id\":\"https:\/\/riverdi.com\/fr\/product\/haute-luminosite-ips-display-rvt70hsmnwc00-b-7-inch-projete-capacitif-touch-panel-optical-bonding-uxtouch-mipi-dsi#breadcrumb\",\"itemListElement\":[{\"@type\":\"ListItem\",\"position\":1,\"name\":\"Front Page\",\"item\":\"https:\/\/riverdi.com\/fr\/page-daccueil\"},{\"@type\":\"ListItem\",\"position\":2,\"name\":\"Boutique\",\"item\":\"https:\/\/riverdi.com\/fr\/boutique-2\"},{\"@type\":\"ListItem\",\"position\":3,\"name\":\"\u00c9cran IPS haute luminosit\u00e9 7,0\u2033 TFT LCD 1024x600px, interface MIPI DSI + \u00c9cran tactile capacitif &#8211; RVT70HSMNWC00-B\"}]},{\"@type\":\"WebSite\",\"@id\":\"https:\/\/riverdi.com\/fr#website\",\"url\":\"https:\/\/riverdi.com\/fr\",\"name\":\"Riverdi\",\"description\":\"Global TFT LCD Manufacturer\",\"potentialAction\":[{\"@type\":\"SearchAction\",\"target\":{\"@type\":\"EntryPoint\",\"urlTemplate\":\"https:\/\/riverdi.com\/fr?s={search_term_string}\"},\"query-input\":{\"@type\":\"PropertyValueSpecification\",\"valueRequired\":true,\"valueName\":\"search_term_string\"}}],\"inLanguage\":\"fr-FR\"}]}<\/script>\n<!-- \/ Yoast SEO plugin. -->","yoast_head_json":{"title":"\u00c9cran IPS haute luminosit\u00e9 7,0\u2033 TFT LCD 1024x600px, interface MIPI DSI + \u00c9cran tactile capacitif - RVT70HSMNWC00-B | Riverdi","description":"\u00c9cran IPS haute luminosit\u00e9 7,0\u2033 TFT LCD avec r\u00e9solution 1024x600px, lisible en plein soleil avec 850 cd\/m\u00b2 et Collage optique. Interface MIPI DSI et angles de vision IPS complets \u2013 mod\u00e8le SM-RVT70HSMNWC00-B","robots":{"index":"index","follow":"follow","max-snippet":"max-snippet:-1","max-image-preview":"max-image-preview:large","max-video-preview":"max-video-preview:-1"},"canonical":"https:\/\/riverdi.com\/fr\/product\/haute-luminosite-ips-display-rvt70hsmnwc00-b-7-inch-projete-capacitif-touch-panel-optical-bonding-uxtouch-mipi-dsi","og_locale":"fr_FR","og_type":"article","og_title":"\u00c9cran IPS haute luminosit\u00e9 7,0\u2033 TFT LCD 1024x600px, interface MIPI DSI + \u00c9cran tactile capacitif - RVT70HSMNWC00-B | Riverdi","og_description":"\u00c9cran IPS haute luminosit\u00e9 7,0\u2033 TFT LCD avec r\u00e9solution 1024x600px, lisible en plein soleil avec 850 cd\/m\u00b2 et Collage optique. Interface MIPI DSI et angles de vision IPS complets \u2013 mod\u00e8le SM-RVT70HSMNWC00-B","og_url":"https:\/\/riverdi.com\/fr\/product\/haute-luminosite-ips-display-rvt70hsmnwc00-b-7-inch-projete-capacitif-touch-panel-optical-bonding-uxtouch-mipi-dsi","og_site_name":"Riverdi","article_publisher":"https:\/\/www.facebook.com\/riverdi.displays\/","article_modified_time":"2026-01-18T21:36:37+00:00","og_image":[{"width":1293,"height":889,"url":"https:\/\/riverdi.com\/wp-content\/uploads\/2024\/04\/RVT70HSMNWC00-B-3.webp","type":"image\/webp"}],"twitter_card":"summary_large_image","twitter_site":"@riverdidisplays","twitter_misc":{"Dur\u00e9e de lecture estim\u00e9e":"1 minute"},"schema":{"@context":"https:\/\/schema.org","@graph":[{"@type":"WebPage","@id":"https:\/\/riverdi.com\/fr\/product\/haute-luminosite-ips-display-rvt70hsmnwc00-b-7-inch-projete-capacitif-touch-panel-optical-bonding-uxtouch-mipi-dsi","url":"https:\/\/riverdi.com\/fr\/product\/haute-luminosite-ips-display-rvt70hsmnwc00-b-7-inch-projete-capacitif-touch-panel-optical-bonding-uxtouch-mipi-dsi","name":"\u00c9cran IPS haute luminosit\u00e9 7,0\u2033 TFT LCD 1024x600px, interface MIPI DSI + \u00c9cran tactile capacitif - RVT70HSMNWC00-B | Riverdi","isPartOf":{"@id":"https:\/\/riverdi.com\/fr#website"},"primaryImageOfPage":{"@id":"https:\/\/riverdi.com\/fr\/product\/haute-luminosite-ips-display-rvt70hsmnwc00-b-7-inch-projete-capacitif-touch-panel-optical-bonding-uxtouch-mipi-dsi#primaryimage"},"image":{"@id":"https:\/\/riverdi.com\/fr\/product\/haute-luminosite-ips-display-rvt70hsmnwc00-b-7-inch-projete-capacitif-touch-panel-optical-bonding-uxtouch-mipi-dsi#primaryimage"},"thumbnailUrl":"https:\/\/riverdi.com\/wp-content\/uploads\/2024\/04\/RVT70HSMNWC00-B-3.webp","datePublished":"2021-09-09T06:49:24+00:00","dateModified":"2026-01-18T21:36:37+00:00","description":"\u00c9cran IPS haute luminosit\u00e9 7,0\u2033 TFT LCD avec r\u00e9solution 1024x600px, lisible en plein soleil avec 850 cd\/m\u00b2 et Collage optique. Interface MIPI DSI et angles de vision IPS complets \u2013 mod\u00e8le SM-RVT70HSMNWC00-B","breadcrumb":{"@id":"https:\/\/riverdi.com\/fr\/product\/haute-luminosite-ips-display-rvt70hsmnwc00-b-7-inch-projete-capacitif-touch-panel-optical-bonding-uxtouch-mipi-dsi#breadcrumb"},"inLanguage":"fr-FR","potentialAction":[{"@type":"ReadAction","target":["https:\/\/riverdi.com\/fr\/product\/haute-luminosite-ips-display-rvt70hsmnwc00-b-7-inch-projete-capacitif-touch-panel-optical-bonding-uxtouch-mipi-dsi"]}]},{"@type":"ImageObject","inLanguage":"fr-FR","@id":"https:\/\/riverdi.com\/fr\/product\/haute-luminosite-ips-display-rvt70hsmnwc00-b-7-inch-projete-capacitif-touch-panel-optical-bonding-uxtouch-mipi-dsi#primaryimage","url":"https:\/\/riverdi.com\/wp-content\/uploads\/2024\/04\/RVT70HSMNWC00-B-3.webp","contentUrl":"https:\/\/riverdi.com\/wp-content\/uploads\/2024\/04\/RVT70HSMNWC00-B-3.webp","width":1293,"height":889},{"@type":"BreadcrumbList","@id":"https:\/\/riverdi.com\/fr\/product\/haute-luminosite-ips-display-rvt70hsmnwc00-b-7-inch-projete-capacitif-touch-panel-optical-bonding-uxtouch-mipi-dsi#breadcrumb","itemListElement":[{"@type":"ListItem","position":1,"name":"Front Page","item":"https:\/\/riverdi.com\/fr\/page-daccueil"},{"@type":"ListItem","position":2,"name":"Boutique","item":"https:\/\/riverdi.com\/fr\/boutique-2"},{"@type":"ListItem","position":3,"name":"\u00c9cran IPS haute luminosit\u00e9 7,0\u2033 TFT LCD 1024x600px, interface MIPI DSI + \u00c9cran tactile capacitif &#8211; RVT70HSMNWC00-B"}]},{"@type":"WebSite","@id":"https:\/\/riverdi.com\/fr#website","url":"https:\/\/riverdi.com\/fr","name":"Riverdi","description":"Global TFT LCD Manufacturer","potentialAction":[{"@type":"SearchAction","target":{"@type":"EntryPoint","urlTemplate":"https:\/\/riverdi.com\/fr?s={search_term_string}"},"query-input":{"@type":"PropertyValueSpecification","valueRequired":true,"valueName":"search_term_string"}}],"inLanguage":"fr-FR"}]}},"_links":{"self":[{"href":"https:\/\/riverdi.com\/fr\/wp-json\/wp\/v2\/product\/116088","targetHints":{"allow":["GET"]}}],"collection":[{"href":"https:\/\/riverdi.com\/fr\/wp-json\/wp\/v2\/product"}],"about":[{"href":"https:\/\/riverdi.com\/fr\/wp-json\/wp\/v2\/types\/product"}],"replies":[{"embeddable":true,"href":"https:\/\/riverdi.com\/fr\/wp-json\/wp\/v2\/comments?post=116088"}],"wp:featuredmedia":[{"embeddable":true,"href":"https:\/\/riverdi.com\/fr\/wp-json\/wp\/v2\/media\/24359"}],"wp:attachment":[{"href":"https:\/\/riverdi.com\/fr\/wp-json\/wp\/v2\/media?parent=116088"}],"wp:term":[{"taxonomy":"product_brand","embeddable":true,"href":"https:\/\/riverdi.com\/fr\/wp-json\/wp\/v2\/product_brand?post=116088"},{"taxonomy":"product_cat","embeddable":true,"href":"https:\/\/riverdi.com\/fr\/wp-json\/wp\/v2\/product_cat?post=116088"},{"taxonomy":"product_tag","embeddable":true,"href":"https:\/\/riverdi.com\/fr\/wp-json\/wp\/v2\/product_tag?post=116088"}],"curies":[{"name":"wp","href":"https:\/\/api.w.org\/{rel}","templated":true}]}}