{"id":115976,"date":"2021-07-07T11:11:33","date_gmt":"2021-07-07T09:11:33","guid":{"rendered":"http:\/\/riverdi.com\/product\/eve4-intelligent-display-rvt43hlbfwn00-4-3-inch-frame\/"},"modified":"2024-10-01T15:52:54","modified_gmt":"2024-10-01T13:52:54","slug":"eve4-intelligent-display-rvt43hlbfwn00-4-3-inch-frame","status":"publish","type":"product","link":"https:\/\/riverdi.com\/fr\/product\/eve4-intelligent-display-rvt43hlbfwn00-4-3-inch-frame","title":{"rendered":"RVT43HLBFWN00"},"content":{"rendered":"<p>n&rsquo;enlevez pas ceci<\/p>\n","protected":false},"excerpt":{"rendered":"<p><strong>Caract\u00e9ristiques principales :<\/strong><\/p>\n<ul>\n<li>\u00c9cran TFT de 4,3 pouces<\/li>\n<li>R\u00e9solution de 480x272px<\/li>\n<li>Haute luminosit\u00e9 <sup>1000cd\/m2<\/sup><\/li>\n<li>Angles de vision complets (IPS)<\/li>\n<li><strong>Contr\u00f4leur graphique BT817Q<\/strong><\/li>\n<li>Interface QSPI\/SPI<\/li>\n<li>Cadre de montage<\/li>\n<\/ul>\n","protected":false},"featured_media":22928,"comment_status":"closed","ping_status":"closed","template":"","meta":{"_acf_changed":false,"content-type":"","inline_featured_image":false},"product_brand":[],"product_cat":[3388,3389,4807,4808],"product_tag":[3391,3395],"class_list":{"0":"post-115976","1":"product","2":"type-product","3":"status-publish","4":"has-post-thumbnail","6":"product_cat-affichages-intelligents","7":"product_cat-bt817q-fr","8":"product_cat-ecrans-tactiles","9":"product_cat-ecrans-tactiles-capacitifs","10":"product_tag-bt817q-fr","11":"product_tag-eve4-fr","13":"first","14":"instock","15":"taxable","16":"shipping-taxable","17":"purchasable","18":"product-type-simple"},"acf":[],"yoast_head":"<!-- This site is optimized with the Yoast SEO plugin v27.0 - https:\/\/yoast.com\/product\/yoast-seo-wordpress\/ -->\n<title>RVT43HLBFWN00 - Riverdi<\/title>\n<meta name=\"description\" content=\"Le RVT43HLBFWN00 est un \u00e9cran TFT IPS 4,3&#039;&#039; \u00e0 haute luminosit\u00e9 avec interface SPI\/QSPI. Il est \u00e9quip\u00e9 d&#039;un puissant contr\u00f4leur BT817Q.\" \/>\n<meta name=\"robots\" content=\"index, follow, max-snippet:-1, max-image-preview:large, max-video-preview:-1\" \/>\n<link rel=\"canonical\" href=\"https:\/\/riverdi.com\/fr\/product\/eve4-intelligent-display-rvt43hlbfwn00-4-3-inch-frame\" \/>\n<meta property=\"og:locale\" content=\"fr_FR\" \/>\n<meta property=\"og:type\" content=\"article\" \/>\n<meta property=\"og:title\" content=\"RVT43HLBFWN00 - Riverdi\" \/>\n<meta property=\"og:description\" content=\"Le RVT43HLBFWN00 est un \u00e9cran TFT IPS 4,3&#039;&#039; \u00e0 haute luminosit\u00e9 avec interface SPI\/QSPI. Il est \u00e9quip\u00e9 d&#039;un puissant contr\u00f4leur BT817Q.\" \/>\n<meta property=\"og:url\" content=\"https:\/\/riverdi.com\/fr\/product\/eve4-intelligent-display-rvt43hlbfwn00-4-3-inch-frame\" \/>\n<meta property=\"og:site_name\" content=\"Riverdi\" \/>\n<meta property=\"article:publisher\" content=\"https:\/\/www.facebook.com\/riverdi.displays\/\" \/>\n<meta property=\"article:modified_time\" content=\"2024-10-01T13:52:54+00:00\" \/>\n<meta property=\"og:image\" content=\"https:\/\/riverdi.com\/wp-content\/uploads\/2024\/04\/RVT43HLBFWN00-4.webp\" \/>\n\t<meta property=\"og:image:width\" content=\"1293\" \/>\n\t<meta property=\"og:image:height\" content=\"889\" \/>\n\t<meta property=\"og:image:type\" content=\"image\/webp\" \/>\n<meta name=\"twitter:card\" content=\"summary_large_image\" \/>\n<meta name=\"twitter:site\" content=\"@riverdidisplays\" \/>\n<script type=\"application\/ld+json\" class=\"yoast-schema-graph\">{\"@context\":\"https:\/\/schema.org\",\"@graph\":[{\"@type\":\"WebPage\",\"@id\":\"https:\/\/riverdi.com\/fr\/product\/eve4-intelligent-display-rvt43hlbfwn00-4-3-inch-frame\",\"url\":\"https:\/\/riverdi.com\/fr\/product\/eve4-intelligent-display-rvt43hlbfwn00-4-3-inch-frame\",\"name\":\"RVT43HLBFWN00 - Riverdi\",\"isPartOf\":{\"@id\":\"https:\/\/riverdi.com\/fr#website\"},\"primaryImageOfPage\":{\"@id\":\"https:\/\/riverdi.com\/fr\/product\/eve4-intelligent-display-rvt43hlbfwn00-4-3-inch-frame#primaryimage\"},\"image\":{\"@id\":\"https:\/\/riverdi.com\/fr\/product\/eve4-intelligent-display-rvt43hlbfwn00-4-3-inch-frame#primaryimage\"},\"thumbnailUrl\":\"https:\/\/riverdi.com\/wp-content\/uploads\/2024\/04\/RVT43HLBFWN00-4.webp\",\"datePublished\":\"2021-07-07T09:11:33+00:00\",\"dateModified\":\"2024-10-01T13:52:54+00:00\",\"description\":\"Le RVT43HLBFWN00 est un \u00e9cran TFT IPS 4,3'' \u00e0 haute luminosit\u00e9 avec interface SPI\/QSPI. Il est \u00e9quip\u00e9 d'un puissant contr\u00f4leur BT817Q.\",\"breadcrumb\":{\"@id\":\"https:\/\/riverdi.com\/fr\/product\/eve4-intelligent-display-rvt43hlbfwn00-4-3-inch-frame#breadcrumb\"},\"inLanguage\":\"fr-FR\",\"potentialAction\":[{\"@type\":\"ReadAction\",\"target\":[\"https:\/\/riverdi.com\/fr\/product\/eve4-intelligent-display-rvt43hlbfwn00-4-3-inch-frame\"]}]},{\"@type\":\"ImageObject\",\"inLanguage\":\"fr-FR\",\"@id\":\"https:\/\/riverdi.com\/fr\/product\/eve4-intelligent-display-rvt43hlbfwn00-4-3-inch-frame#primaryimage\",\"url\":\"https:\/\/riverdi.com\/wp-content\/uploads\/2024\/04\/RVT43HLBFWN00-4.webp\",\"contentUrl\":\"https:\/\/riverdi.com\/wp-content\/uploads\/2024\/04\/RVT43HLBFWN00-4.webp\",\"width\":1293,\"height\":889,\"caption\":\"Affichage de la s\u00e9rie intelligente Eve4\"},{\"@type\":\"BreadcrumbList\",\"@id\":\"https:\/\/riverdi.com\/fr\/product\/eve4-intelligent-display-rvt43hlbfwn00-4-3-inch-frame#breadcrumb\",\"itemListElement\":[{\"@type\":\"ListItem\",\"position\":1,\"name\":\"Front Page\",\"item\":\"https:\/\/riverdi.com\/fr\/page-daccueil\"},{\"@type\":\"ListItem\",\"position\":2,\"name\":\"Boutique\",\"item\":\"https:\/\/riverdi.com\/fr\/boutique-2\"},{\"@type\":\"ListItem\",\"position\":3,\"name\":\"RVT43HLBFWN00\"}]},{\"@type\":\"WebSite\",\"@id\":\"https:\/\/riverdi.com\/fr#website\",\"url\":\"https:\/\/riverdi.com\/fr\",\"name\":\"Riverdi\",\"description\":\"Global TFT LCD Manufacturer\",\"potentialAction\":[{\"@type\":\"SearchAction\",\"target\":{\"@type\":\"EntryPoint\",\"urlTemplate\":\"https:\/\/riverdi.com\/fr?s={search_term_string}\"},\"query-input\":{\"@type\":\"PropertyValueSpecification\",\"valueRequired\":true,\"valueName\":\"search_term_string\"}}],\"inLanguage\":\"fr-FR\"}]}<\/script>\n<!-- \/ Yoast SEO plugin. -->","yoast_head_json":{"title":"RVT43HLBFWN00 - Riverdi","description":"Le RVT43HLBFWN00 est un \u00e9cran TFT IPS 4,3'' \u00e0 haute luminosit\u00e9 avec interface SPI\/QSPI. Il est \u00e9quip\u00e9 d'un puissant contr\u00f4leur BT817Q.","robots":{"index":"index","follow":"follow","max-snippet":"max-snippet:-1","max-image-preview":"max-image-preview:large","max-video-preview":"max-video-preview:-1"},"canonical":"https:\/\/riverdi.com\/fr\/product\/eve4-intelligent-display-rvt43hlbfwn00-4-3-inch-frame","og_locale":"fr_FR","og_type":"article","og_title":"RVT43HLBFWN00 - Riverdi","og_description":"Le RVT43HLBFWN00 est un \u00e9cran TFT IPS 4,3'' \u00e0 haute luminosit\u00e9 avec interface SPI\/QSPI. Il est \u00e9quip\u00e9 d'un puissant contr\u00f4leur BT817Q.","og_url":"https:\/\/riverdi.com\/fr\/product\/eve4-intelligent-display-rvt43hlbfwn00-4-3-inch-frame","og_site_name":"Riverdi","article_publisher":"https:\/\/www.facebook.com\/riverdi.displays\/","article_modified_time":"2024-10-01T13:52:54+00:00","og_image":[{"width":1293,"height":889,"url":"https:\/\/riverdi.com\/wp-content\/uploads\/2024\/04\/RVT43HLBFWN00-4.webp","type":"image\/webp"}],"twitter_card":"summary_large_image","twitter_site":"@riverdidisplays","schema":{"@context":"https:\/\/schema.org","@graph":[{"@type":"WebPage","@id":"https:\/\/riverdi.com\/fr\/product\/eve4-intelligent-display-rvt43hlbfwn00-4-3-inch-frame","url":"https:\/\/riverdi.com\/fr\/product\/eve4-intelligent-display-rvt43hlbfwn00-4-3-inch-frame","name":"RVT43HLBFWN00 - Riverdi","isPartOf":{"@id":"https:\/\/riverdi.com\/fr#website"},"primaryImageOfPage":{"@id":"https:\/\/riverdi.com\/fr\/product\/eve4-intelligent-display-rvt43hlbfwn00-4-3-inch-frame#primaryimage"},"image":{"@id":"https:\/\/riverdi.com\/fr\/product\/eve4-intelligent-display-rvt43hlbfwn00-4-3-inch-frame#primaryimage"},"thumbnailUrl":"https:\/\/riverdi.com\/wp-content\/uploads\/2024\/04\/RVT43HLBFWN00-4.webp","datePublished":"2021-07-07T09:11:33+00:00","dateModified":"2024-10-01T13:52:54+00:00","description":"Le RVT43HLBFWN00 est un \u00e9cran TFT IPS 4,3'' \u00e0 haute luminosit\u00e9 avec interface SPI\/QSPI. Il est \u00e9quip\u00e9 d'un puissant contr\u00f4leur BT817Q.","breadcrumb":{"@id":"https:\/\/riverdi.com\/fr\/product\/eve4-intelligent-display-rvt43hlbfwn00-4-3-inch-frame#breadcrumb"},"inLanguage":"fr-FR","potentialAction":[{"@type":"ReadAction","target":["https:\/\/riverdi.com\/fr\/product\/eve4-intelligent-display-rvt43hlbfwn00-4-3-inch-frame"]}]},{"@type":"ImageObject","inLanguage":"fr-FR","@id":"https:\/\/riverdi.com\/fr\/product\/eve4-intelligent-display-rvt43hlbfwn00-4-3-inch-frame#primaryimage","url":"https:\/\/riverdi.com\/wp-content\/uploads\/2024\/04\/RVT43HLBFWN00-4.webp","contentUrl":"https:\/\/riverdi.com\/wp-content\/uploads\/2024\/04\/RVT43HLBFWN00-4.webp","width":1293,"height":889,"caption":"Affichage de la s\u00e9rie intelligente Eve4"},{"@type":"BreadcrumbList","@id":"https:\/\/riverdi.com\/fr\/product\/eve4-intelligent-display-rvt43hlbfwn00-4-3-inch-frame#breadcrumb","itemListElement":[{"@type":"ListItem","position":1,"name":"Front Page","item":"https:\/\/riverdi.com\/fr\/page-daccueil"},{"@type":"ListItem","position":2,"name":"Boutique","item":"https:\/\/riverdi.com\/fr\/boutique-2"},{"@type":"ListItem","position":3,"name":"RVT43HLBFWN00"}]},{"@type":"WebSite","@id":"https:\/\/riverdi.com\/fr#website","url":"https:\/\/riverdi.com\/fr","name":"Riverdi","description":"Global TFT LCD Manufacturer","potentialAction":[{"@type":"SearchAction","target":{"@type":"EntryPoint","urlTemplate":"https:\/\/riverdi.com\/fr?s={search_term_string}"},"query-input":{"@type":"PropertyValueSpecification","valueRequired":true,"valueName":"search_term_string"}}],"inLanguage":"fr-FR"}]}},"_links":{"self":[{"href":"https:\/\/riverdi.com\/fr\/wp-json\/wp\/v2\/product\/115976","targetHints":{"allow":["GET"]}}],"collection":[{"href":"https:\/\/riverdi.com\/fr\/wp-json\/wp\/v2\/product"}],"about":[{"href":"https:\/\/riverdi.com\/fr\/wp-json\/wp\/v2\/types\/product"}],"replies":[{"embeddable":true,"href":"https:\/\/riverdi.com\/fr\/wp-json\/wp\/v2\/comments?post=115976"}],"wp:featuredmedia":[{"embeddable":true,"href":"https:\/\/riverdi.com\/fr\/wp-json\/wp\/v2\/media\/22928"}],"wp:attachment":[{"href":"https:\/\/riverdi.com\/fr\/wp-json\/wp\/v2\/media?parent=115976"}],"wp:term":[{"taxonomy":"product_brand","embeddable":true,"href":"https:\/\/riverdi.com\/fr\/wp-json\/wp\/v2\/product_brand?post=115976"},{"taxonomy":"product_cat","embeddable":true,"href":"https:\/\/riverdi.com\/fr\/wp-json\/wp\/v2\/product_cat?post=115976"},{"taxonomy":"product_tag","embeddable":true,"href":"https:\/\/riverdi.com\/fr\/wp-json\/wp\/v2\/product_tag?post=115976"}],"curies":[{"name":"wp","href":"https:\/\/api.w.org\/{rel}","templated":true}]}}