{"id":115809,"date":"2022-05-09T09:33:33","date_gmt":"2022-05-09T07:33:33","guid":{"rendered":"http:\/\/riverdi.com\/product\/5-inch-lcd-display-capacitive-touch-panel-air-bonding-atouch-frame-stm32u5-rvt50hqsfwca0\/"},"modified":"2024-10-01T15:35:22","modified_gmt":"2024-10-01T13:35:22","slug":"5-inch-lcd-display-capacitive-touch-panel-air-bonding-atouch-frame-stm32u5-rvt50hqsfwca0","status":"publish","type":"product","link":"https:\/\/riverdi.com\/fr\/product\/5-inch-lcd-display-capacitive-touch-panel-air-bonding-atouch-frame-stm32u5-rvt50hqsfwca0","title":{"rendered":"STM32 Embedded Display &#8211; Capacitive Touch Panel &#8211; Air bonding &#8211; 5-inch TFT LCD screen &#8211; RVT50HQSFWCA0"},"content":{"rendered":"<p>n&rsquo;enlevez pas ceci<\/p>\n","protected":false},"excerpt":{"rendered":"<p>Le c\u00e2ble d&rsquo;alimentation <a title=\"https:\/\/riverdi.com\/product\/rva-0106m-1-25ff-1\/\" href=\"https:\/\/riverdi.com\/product\/rva-0106m-1-25ff-1\/\">RVA-0106M-1.25FF-1<\/a> et le c\u00e2ble de programmation SWD ST-LINK\/V2 &amp;ST-LINK V2-ISO <a title=\"https:\/\/riverdi.com\/product\/rva-swd-06m-c100\/\" href=\"https:\/\/riverdi.com\/product\/rva-swd-06m-c100\/\">RVA-SWD-06M-C100<\/a> V2 <strong>sont inclus en tant qu&rsquo;accessoires gratuits dans l&#8217;emballage<\/strong><strong>:<\/strong><\/p>\n<ul>\n<li>\u00c9cran TFT de 5 pouces<\/li>\n<li>R\u00e9solution 800x480px<\/li>\n<li>Haute luminosit\u00e9 <sup>800cd\/m2<\/sup><\/li>\n<li>Angles de vision complets (IPS)<\/li>\n<li>STM32U5A9NJH6Q en production de masse<\/li>\n<li>Toutes les interfaces STM32U5<\/li>\n<li>\u00c9cran tactile capacitif \u00e0 projection industrielle<\/li>\n<li>Verre de couverture d\u00e9coratif noir<\/li>\n<li>Haute qualit\u00e9<\/li>\n<li>4MB Flash<\/li>\n<li>2,5 MO DE RAM<\/li>\n<li>Support direct de TouchGFX<\/li>\n<li>Alimentation \u00e9lectrique : 6V-48V<\/li>\n<\/ul>\n","protected":false},"featured_media":32111,"comment_status":"closed","ping_status":"closed","template":"","meta":{"_acf_changed":false,"content-type":"","inline_featured_image":false},"product_brand":[],"product_cat":[3156,4792,4791],"product_tag":[],"class_list":{"0":"post-115809","1":"product","2":"type-product","3":"status-publish","4":"has-post-thumbnail","6":"product_cat-afficheurs-embarques-stm32","7":"product_cat-ecran-lcd","8":"product_cat-ecran-tft","10":"first","11":"instock","12":"taxable","13":"shipping-taxable","14":"purchasable","15":"product-type-simple"},"acf":[],"yoast_head":"<!-- This site is optimized with the Yoast SEO plugin v27.0 - https:\/\/yoast.com\/product\/yoast-seo-wordpress\/ -->\n<title>STM32 Embedded Display - Capacitive Touch Panel - Air bonding - 5-inch TFT LCD screen - RVT50HQSFWCA0 - Riverdi<\/title>\n<meta name=\"description\" content=\"La s\u00e9rie d&#039;\u00e9crans embarqu\u00e9s STM32 de Riverdi est actuellement la plus haute r\u00e9solution (1280\u00d7800 pixels) avec STM32H757XIH6 sur le march\u00e9.\" \/>\n<meta name=\"robots\" content=\"index, follow, max-snippet:-1, max-image-preview:large, max-video-preview:-1\" \/>\n<link rel=\"canonical\" href=\"https:\/\/riverdi.com\/fr\/product\/5-inch-lcd-display-capacitive-touch-panel-air-bonding-atouch-frame-stm32u5-rvt50hqsfwca0\" \/>\n<meta property=\"og:locale\" content=\"fr_FR\" \/>\n<meta property=\"og:type\" content=\"article\" \/>\n<meta property=\"og:title\" content=\"STM32 Embedded Display - Capacitive Touch Panel - Air bonding - 5-inch TFT LCD screen - RVT50HQSFWCA0 - Riverdi\" \/>\n<meta property=\"og:description\" content=\"La s\u00e9rie d&#039;\u00e9crans embarqu\u00e9s STM32 de Riverdi est actuellement la plus haute r\u00e9solution (1280\u00d7800 pixels) avec STM32H757XIH6 sur le march\u00e9.\" \/>\n<meta property=\"og:url\" content=\"https:\/\/riverdi.com\/fr\/product\/5-inch-lcd-display-capacitive-touch-panel-air-bonding-atouch-frame-stm32u5-rvt50hqsfwca0\" \/>\n<meta property=\"og:site_name\" content=\"Riverdi\" \/>\n<meta property=\"article:publisher\" content=\"https:\/\/www.facebook.com\/riverdi.displays\/\" \/>\n<meta property=\"article:modified_time\" content=\"2024-10-01T13:35:22+00:00\" \/>\n<meta property=\"og:image\" content=\"https:\/\/riverdi.com\/wp-content\/uploads\/2024\/04\/RVT50HQSFWCA0.webp\" \/>\n\t<meta property=\"og:image:width\" content=\"1293\" \/>\n\t<meta property=\"og:image:height\" content=\"889\" \/>\n\t<meta property=\"og:image:type\" content=\"image\/webp\" \/>\n<meta name=\"twitter:card\" content=\"summary_large_image\" \/>\n<meta name=\"twitter:site\" content=\"@riverdidisplays\" \/>\n<script type=\"application\/ld+json\" class=\"yoast-schema-graph\">{\"@context\":\"https:\/\/schema.org\",\"@graph\":[{\"@type\":\"WebPage\",\"@id\":\"https:\/\/riverdi.com\/fr\/product\/5-inch-lcd-display-capacitive-touch-panel-air-bonding-atouch-frame-stm32u5-rvt50hqsfwca0\",\"url\":\"https:\/\/riverdi.com\/fr\/product\/5-inch-lcd-display-capacitive-touch-panel-air-bonding-atouch-frame-stm32u5-rvt50hqsfwca0\",\"name\":\"STM32 Embedded Display - Capacitive Touch Panel - Air bonding - 5-inch TFT LCD screen - RVT50HQSFWCA0 - Riverdi\",\"isPartOf\":{\"@id\":\"https:\/\/riverdi.com\/fr#website\"},\"primaryImageOfPage\":{\"@id\":\"https:\/\/riverdi.com\/fr\/product\/5-inch-lcd-display-capacitive-touch-panel-air-bonding-atouch-frame-stm32u5-rvt50hqsfwca0#primaryimage\"},\"image\":{\"@id\":\"https:\/\/riverdi.com\/fr\/product\/5-inch-lcd-display-capacitive-touch-panel-air-bonding-atouch-frame-stm32u5-rvt50hqsfwca0#primaryimage\"},\"thumbnailUrl\":\"https:\/\/riverdi.com\/wp-content\/uploads\/2024\/04\/RVT50HQSFWCA0.webp\",\"datePublished\":\"2022-05-09T07:33:33+00:00\",\"dateModified\":\"2024-10-01T13:35:22+00:00\",\"description\":\"La s\u00e9rie d'\u00e9crans embarqu\u00e9s STM32 de Riverdi est actuellement la plus haute r\u00e9solution (1280\u00d7800 pixels) avec STM32H757XIH6 sur le march\u00e9.\",\"breadcrumb\":{\"@id\":\"https:\/\/riverdi.com\/fr\/product\/5-inch-lcd-display-capacitive-touch-panel-air-bonding-atouch-frame-stm32u5-rvt50hqsfwca0#breadcrumb\"},\"inLanguage\":\"fr-FR\",\"potentialAction\":[{\"@type\":\"ReadAction\",\"target\":[\"https:\/\/riverdi.com\/fr\/product\/5-inch-lcd-display-capacitive-touch-panel-air-bonding-atouch-frame-stm32u5-rvt50hqsfwca0\"]}]},{\"@type\":\"ImageObject\",\"inLanguage\":\"fr-FR\",\"@id\":\"https:\/\/riverdi.com\/fr\/product\/5-inch-lcd-display-capacitive-touch-panel-air-bonding-atouch-frame-stm32u5-rvt50hqsfwca0#primaryimage\",\"url\":\"https:\/\/riverdi.com\/wp-content\/uploads\/2024\/04\/RVT50HQSFWCA0.webp\",\"contentUrl\":\"https:\/\/riverdi.com\/wp-content\/uploads\/2024\/04\/RVT50HQSFWCA0.webp\",\"width\":1293,\"height\":889},{\"@type\":\"BreadcrumbList\",\"@id\":\"https:\/\/riverdi.com\/fr\/product\/5-inch-lcd-display-capacitive-touch-panel-air-bonding-atouch-frame-stm32u5-rvt50hqsfwca0#breadcrumb\",\"itemListElement\":[{\"@type\":\"ListItem\",\"position\":1,\"name\":\"Front Page\",\"item\":\"https:\/\/riverdi.com\/fr\/page-daccueil\"},{\"@type\":\"ListItem\",\"position\":2,\"name\":\"Boutique\",\"item\":\"https:\/\/riverdi.com\/fr\/boutique-2\"},{\"@type\":\"ListItem\",\"position\":3,\"name\":\"STM32 Embedded Display &#8211; Capacitive Touch Panel &#8211; Air bonding &#8211; 5-inch TFT LCD screen &#8211; RVT50HQSFWCA0\"}]},{\"@type\":\"WebSite\",\"@id\":\"https:\/\/riverdi.com\/fr#website\",\"url\":\"https:\/\/riverdi.com\/fr\",\"name\":\"Riverdi\",\"description\":\"Global TFT LCD Manufacturer\",\"potentialAction\":[{\"@type\":\"SearchAction\",\"target\":{\"@type\":\"EntryPoint\",\"urlTemplate\":\"https:\/\/riverdi.com\/fr?s={search_term_string}\"},\"query-input\":{\"@type\":\"PropertyValueSpecification\",\"valueRequired\":true,\"valueName\":\"search_term_string\"}}],\"inLanguage\":\"fr-FR\"}]}<\/script>\n<!-- \/ Yoast SEO plugin. -->","yoast_head_json":{"title":"STM32 Embedded Display - Capacitive Touch Panel - Air bonding - 5-inch TFT LCD screen - RVT50HQSFWCA0 - Riverdi","description":"La s\u00e9rie d'\u00e9crans embarqu\u00e9s STM32 de Riverdi est actuellement la plus haute r\u00e9solution (1280\u00d7800 pixels) avec STM32H757XIH6 sur le march\u00e9.","robots":{"index":"index","follow":"follow","max-snippet":"max-snippet:-1","max-image-preview":"max-image-preview:large","max-video-preview":"max-video-preview:-1"},"canonical":"https:\/\/riverdi.com\/fr\/product\/5-inch-lcd-display-capacitive-touch-panel-air-bonding-atouch-frame-stm32u5-rvt50hqsfwca0","og_locale":"fr_FR","og_type":"article","og_title":"STM32 Embedded Display - Capacitive Touch Panel - Air bonding - 5-inch TFT LCD screen - RVT50HQSFWCA0 - Riverdi","og_description":"La s\u00e9rie d'\u00e9crans embarqu\u00e9s STM32 de Riverdi est actuellement la plus haute r\u00e9solution (1280\u00d7800 pixels) avec STM32H757XIH6 sur le march\u00e9.","og_url":"https:\/\/riverdi.com\/fr\/product\/5-inch-lcd-display-capacitive-touch-panel-air-bonding-atouch-frame-stm32u5-rvt50hqsfwca0","og_site_name":"Riverdi","article_publisher":"https:\/\/www.facebook.com\/riverdi.displays\/","article_modified_time":"2024-10-01T13:35:22+00:00","og_image":[{"width":1293,"height":889,"url":"https:\/\/riverdi.com\/wp-content\/uploads\/2024\/04\/RVT50HQSFWCA0.webp","type":"image\/webp"}],"twitter_card":"summary_large_image","twitter_site":"@riverdidisplays","schema":{"@context":"https:\/\/schema.org","@graph":[{"@type":"WebPage","@id":"https:\/\/riverdi.com\/fr\/product\/5-inch-lcd-display-capacitive-touch-panel-air-bonding-atouch-frame-stm32u5-rvt50hqsfwca0","url":"https:\/\/riverdi.com\/fr\/product\/5-inch-lcd-display-capacitive-touch-panel-air-bonding-atouch-frame-stm32u5-rvt50hqsfwca0","name":"STM32 Embedded Display - Capacitive Touch Panel - Air bonding - 5-inch TFT LCD screen - RVT50HQSFWCA0 - Riverdi","isPartOf":{"@id":"https:\/\/riverdi.com\/fr#website"},"primaryImageOfPage":{"@id":"https:\/\/riverdi.com\/fr\/product\/5-inch-lcd-display-capacitive-touch-panel-air-bonding-atouch-frame-stm32u5-rvt50hqsfwca0#primaryimage"},"image":{"@id":"https:\/\/riverdi.com\/fr\/product\/5-inch-lcd-display-capacitive-touch-panel-air-bonding-atouch-frame-stm32u5-rvt50hqsfwca0#primaryimage"},"thumbnailUrl":"https:\/\/riverdi.com\/wp-content\/uploads\/2024\/04\/RVT50HQSFWCA0.webp","datePublished":"2022-05-09T07:33:33+00:00","dateModified":"2024-10-01T13:35:22+00:00","description":"La s\u00e9rie d'\u00e9crans embarqu\u00e9s STM32 de Riverdi est actuellement la plus haute r\u00e9solution (1280\u00d7800 pixels) avec STM32H757XIH6 sur le march\u00e9.","breadcrumb":{"@id":"https:\/\/riverdi.com\/fr\/product\/5-inch-lcd-display-capacitive-touch-panel-air-bonding-atouch-frame-stm32u5-rvt50hqsfwca0#breadcrumb"},"inLanguage":"fr-FR","potentialAction":[{"@type":"ReadAction","target":["https:\/\/riverdi.com\/fr\/product\/5-inch-lcd-display-capacitive-touch-panel-air-bonding-atouch-frame-stm32u5-rvt50hqsfwca0"]}]},{"@type":"ImageObject","inLanguage":"fr-FR","@id":"https:\/\/riverdi.com\/fr\/product\/5-inch-lcd-display-capacitive-touch-panel-air-bonding-atouch-frame-stm32u5-rvt50hqsfwca0#primaryimage","url":"https:\/\/riverdi.com\/wp-content\/uploads\/2024\/04\/RVT50HQSFWCA0.webp","contentUrl":"https:\/\/riverdi.com\/wp-content\/uploads\/2024\/04\/RVT50HQSFWCA0.webp","width":1293,"height":889},{"@type":"BreadcrumbList","@id":"https:\/\/riverdi.com\/fr\/product\/5-inch-lcd-display-capacitive-touch-panel-air-bonding-atouch-frame-stm32u5-rvt50hqsfwca0#breadcrumb","itemListElement":[{"@type":"ListItem","position":1,"name":"Front Page","item":"https:\/\/riverdi.com\/fr\/page-daccueil"},{"@type":"ListItem","position":2,"name":"Boutique","item":"https:\/\/riverdi.com\/fr\/boutique-2"},{"@type":"ListItem","position":3,"name":"STM32 Embedded Display &#8211; Capacitive Touch Panel &#8211; Air bonding &#8211; 5-inch TFT LCD screen &#8211; RVT50HQSFWCA0"}]},{"@type":"WebSite","@id":"https:\/\/riverdi.com\/fr#website","url":"https:\/\/riverdi.com\/fr","name":"Riverdi","description":"Global TFT LCD Manufacturer","potentialAction":[{"@type":"SearchAction","target":{"@type":"EntryPoint","urlTemplate":"https:\/\/riverdi.com\/fr?s={search_term_string}"},"query-input":{"@type":"PropertyValueSpecification","valueRequired":true,"valueName":"search_term_string"}}],"inLanguage":"fr-FR"}]}},"_links":{"self":[{"href":"https:\/\/riverdi.com\/fr\/wp-json\/wp\/v2\/product\/115809","targetHints":{"allow":["GET"]}}],"collection":[{"href":"https:\/\/riverdi.com\/fr\/wp-json\/wp\/v2\/product"}],"about":[{"href":"https:\/\/riverdi.com\/fr\/wp-json\/wp\/v2\/types\/product"}],"replies":[{"embeddable":true,"href":"https:\/\/riverdi.com\/fr\/wp-json\/wp\/v2\/comments?post=115809"}],"wp:featuredmedia":[{"embeddable":true,"href":"https:\/\/riverdi.com\/fr\/wp-json\/wp\/v2\/media\/32111"}],"wp:attachment":[{"href":"https:\/\/riverdi.com\/fr\/wp-json\/wp\/v2\/media?parent=115809"}],"wp:term":[{"taxonomy":"product_brand","embeddable":true,"href":"https:\/\/riverdi.com\/fr\/wp-json\/wp\/v2\/product_brand?post=115809"},{"taxonomy":"product_cat","embeddable":true,"href":"https:\/\/riverdi.com\/fr\/wp-json\/wp\/v2\/product_cat?post=115809"},{"taxonomy":"product_tag","embeddable":true,"href":"https:\/\/riverdi.com\/fr\/wp-json\/wp\/v2\/product_tag?post=115809"}],"curies":[{"name":"wp","href":"https:\/\/api.w.org\/{rel}","templated":true}]}}