{"id":115624,"date":"2021-09-09T08:55:36","date_gmt":"2021-09-09T06:55:36","guid":{"rendered":"http:\/\/riverdi.com\/product\/hdmi-display-rvt101hvhnwc00-10-1-inch-projete-capacitif-touch-panel-air-bonding-uxtouch\/"},"modified":"2026-01-19T20:36:21","modified_gmt":"2026-01-19T19:36:21","slug":"hdmi-display-rvt101hvhnwc00-10-1-inch-projete-capacitif-touch-panel-air-bonding-uxtouch","status":"publish","type":"product","link":"https:\/\/riverdi.com\/fr\/product\/hdmi-display-rvt101hvhnwc00-10-1-inch-projete-capacitif-touch-panel-air-bonding-uxtouch","title":{"rendered":"\u00c9cran Plug and Play 10,1\u2033 TFT LCD 1280x800px, interface HDMI + \u00c9cran tactile capacitif &#8211; RVT101HVHNWC00"},"content":{"rendered":"<p>n&rsquo;enlevez pas ceci<\/p>\n","protected":false},"excerpt":{"rendered":"<p><strong>Caract\u00e9ristiques principales :<\/strong><\/p>\n<ul>\n<li>\u00c9cran TFT de 10,1 pouces<\/li>\n<li>R\u00e9solution de 1280x800px<\/li>\n<li>Haute luminosit\u00e9 <sup>800cd\/m2<\/sup><\/li>\n<li>Angles de vision complets (IPS)<\/li>\n<li>\u00c9cran tactile capacitif \u00e0 projection industrielle<\/li>\n<li><strong>Interface HDMI <\/strong> plug and play (compatible avec les PC et les SBC)<\/li>\n<li><strong>Interface USB-C<\/strong> pr\u00eate \u00e0 l&#8217;emploi pour le contr\u00f4le tactile<\/li>\n<li>Prise en charge de la commande PWM interne et externe du r\u00e9tro\u00e9clairage<\/li>\n<li>Menu OSD multifonctionnel pour la luminosit\u00e9, le contraste, la saturation.<\/li>\n<li>Prise d&rsquo;alimentation DC 7,0V-14,0V<\/li>\n<\/ul>\n","protected":false},"featured_media":24382,"comment_status":"closed","ping_status":"closed","template":"","meta":{"_acf_changed":false,"content-type":"","inline_featured_image":false},"product_brand":[],"product_cat":[4792,4791,3287,4828,4827,4807,4808,4858,4846],"product_tag":[3298,3294,3293,3295,3297,3299,3292],"class_list":{"0":"post-115624","1":"product","2":"type-product","3":"status-publish","4":"has-post-thumbnail","6":"product_cat-ecran-lcd","7":"product_cat-ecran-tft","8":"product_cat-ecrans-hdmi","9":"product_cat-ecrans-lcd-de-101-pouces","10":"product_cat-ecrans-plug-and-play","11":"product_cat-ecrans-tactiles","12":"product_cat-ecrans-tactiles-capacitifs","13":"product_cat-interface-fr","14":"product_cat-tous-les-ecrans","15":"product_tag-ecran-tft","16":"product_tag-haute-luminosite","17":"product_tag-hdmi-fr","18":"product_tag-ips-fr","19":"product_tag-pcap-fr","20":"product_tag-usb-c-fr","21":"product_tag-uxtouch-fr","23":"first","24":"instock","25":"taxable","26":"shipping-taxable","27":"purchasable","28":"product-type-simple"},"acf":[],"yoast_head":"<!-- This site is optimized with the Yoast SEO plugin v27.0 - https:\/\/yoast.com\/product\/yoast-seo-wordpress\/ -->\n<title>\u00c9cran Plug and Play 10,1\u2033 TFT LCD 1280x800px, interface HDMI + \u00c9cran tactile capacitif - RVT101HVHNWC00 | Riverdi<\/title>\n<meta name=\"description\" content=\"\u00c9cran Plug and Play 10,1\u2033 TFT LCD avec r\u00e9solution 1280x800px, lisible en plein soleil avec 800 cd\/m\u00b2. Interface HDMI compatible PC et SBC, USB-C pour le contr\u00f4le tactile et angles de vision IPS complets \u2013 mod\u00e8le SM-RVT101HVHNWC00\" \/>\n<meta name=\"robots\" content=\"index, follow, max-snippet:-1, max-image-preview:large, max-video-preview:-1\" \/>\n<link rel=\"canonical\" href=\"https:\/\/riverdi.com\/fr\/product\/hdmi-display-rvt101hvhnwc00-10-1-inch-projete-capacitif-touch-panel-air-bonding-uxtouch\" \/>\n<meta property=\"og:locale\" content=\"fr_FR\" \/>\n<meta property=\"og:type\" content=\"article\" \/>\n<meta property=\"og:title\" content=\"\u00c9cran Plug and Play 10,1\u2033 TFT LCD 1280x800px, interface HDMI + \u00c9cran tactile capacitif - RVT101HVHNWC00 | Riverdi\" \/>\n<meta property=\"og:description\" content=\"\u00c9cran Plug and Play 10,1\u2033 TFT LCD avec r\u00e9solution 1280x800px, lisible en plein soleil avec 800 cd\/m\u00b2. Interface HDMI compatible PC et SBC, USB-C pour le contr\u00f4le tactile et angles de vision IPS complets \u2013 mod\u00e8le SM-RVT101HVHNWC00\" \/>\n<meta property=\"og:url\" content=\"https:\/\/riverdi.com\/fr\/product\/hdmi-display-rvt101hvhnwc00-10-1-inch-projete-capacitif-touch-panel-air-bonding-uxtouch\" \/>\n<meta property=\"og:site_name\" content=\"Riverdi\" \/>\n<meta property=\"article:publisher\" content=\"https:\/\/www.facebook.com\/riverdi.displays\/\" \/>\n<meta property=\"article:modified_time\" content=\"2026-01-19T19:36:21+00:00\" \/>\n<meta property=\"og:image\" content=\"https:\/\/riverdi.com\/wp-content\/uploads\/2024\/04\/RVT101HVHNWC00-4.webp\" \/>\n\t<meta property=\"og:image:width\" content=\"1293\" \/>\n\t<meta property=\"og:image:height\" content=\"889\" \/>\n\t<meta property=\"og:image:type\" content=\"image\/webp\" \/>\n<meta name=\"twitter:card\" content=\"summary_large_image\" \/>\n<meta name=\"twitter:site\" content=\"@riverdidisplays\" \/>\n<meta name=\"twitter:label1\" content=\"Dur\u00e9e de lecture estim\u00e9e\" \/>\n\t<meta name=\"twitter:data1\" content=\"1 minute\" \/>\n<script type=\"application\/ld+json\" class=\"yoast-schema-graph\">{\"@context\":\"https:\/\/schema.org\",\"@graph\":[{\"@type\":\"WebPage\",\"@id\":\"https:\/\/riverdi.com\/fr\/product\/hdmi-display-rvt101hvhnwc00-10-1-inch-projete-capacitif-touch-panel-air-bonding-uxtouch\",\"url\":\"https:\/\/riverdi.com\/fr\/product\/hdmi-display-rvt101hvhnwc00-10-1-inch-projete-capacitif-touch-panel-air-bonding-uxtouch\",\"name\":\"\u00c9cran Plug and Play 10,1\u2033 TFT LCD 1280x800px, interface HDMI + \u00c9cran tactile capacitif - RVT101HVHNWC00 | Riverdi\",\"isPartOf\":{\"@id\":\"https:\/\/riverdi.com\/fr#website\"},\"primaryImageOfPage\":{\"@id\":\"https:\/\/riverdi.com\/fr\/product\/hdmi-display-rvt101hvhnwc00-10-1-inch-projete-capacitif-touch-panel-air-bonding-uxtouch#primaryimage\"},\"image\":{\"@id\":\"https:\/\/riverdi.com\/fr\/product\/hdmi-display-rvt101hvhnwc00-10-1-inch-projete-capacitif-touch-panel-air-bonding-uxtouch#primaryimage\"},\"thumbnailUrl\":\"https:\/\/riverdi.com\/wp-content\/uploads\/2024\/04\/RVT101HVHNWC00-4.webp\",\"datePublished\":\"2021-09-09T06:55:36+00:00\",\"dateModified\":\"2026-01-19T19:36:21+00:00\",\"description\":\"\u00c9cran Plug and Play 10,1\u2033 TFT LCD avec r\u00e9solution 1280x800px, lisible en plein soleil avec 800 cd\/m\u00b2. Interface HDMI compatible PC et SBC, USB-C pour le contr\u00f4le tactile et angles de vision IPS complets \u2013 mod\u00e8le SM-RVT101HVHNWC00\",\"breadcrumb\":{\"@id\":\"https:\/\/riverdi.com\/fr\/product\/hdmi-display-rvt101hvhnwc00-10-1-inch-projete-capacitif-touch-panel-air-bonding-uxtouch#breadcrumb\"},\"inLanguage\":\"fr-FR\",\"potentialAction\":[{\"@type\":\"ReadAction\",\"target\":[\"https:\/\/riverdi.com\/fr\/product\/hdmi-display-rvt101hvhnwc00-10-1-inch-projete-capacitif-touch-panel-air-bonding-uxtouch\"]}]},{\"@type\":\"ImageObject\",\"inLanguage\":\"fr-FR\",\"@id\":\"https:\/\/riverdi.com\/fr\/product\/hdmi-display-rvt101hvhnwc00-10-1-inch-projete-capacitif-touch-panel-air-bonding-uxtouch#primaryimage\",\"url\":\"https:\/\/riverdi.com\/wp-content\/uploads\/2024\/04\/RVT101HVHNWC00-4.webp\",\"contentUrl\":\"https:\/\/riverdi.com\/wp-content\/uploads\/2024\/04\/RVT101HVHNWC00-4.webp\",\"width\":1293,\"height\":889,\"caption\":\"S\u00e9rie HDMI 10.1\"},{\"@type\":\"BreadcrumbList\",\"@id\":\"https:\/\/riverdi.com\/fr\/product\/hdmi-display-rvt101hvhnwc00-10-1-inch-projete-capacitif-touch-panel-air-bonding-uxtouch#breadcrumb\",\"itemListElement\":[{\"@type\":\"ListItem\",\"position\":1,\"name\":\"Front Page\",\"item\":\"https:\/\/riverdi.com\/fr\/page-daccueil\"},{\"@type\":\"ListItem\",\"position\":2,\"name\":\"Boutique\",\"item\":\"https:\/\/riverdi.com\/fr\/boutique-2\"},{\"@type\":\"ListItem\",\"position\":3,\"name\":\"\u00c9cran Plug and Play 10,1\u2033 TFT LCD 1280x800px, interface HDMI + \u00c9cran tactile capacitif &#8211; RVT101HVHNWC00\"}]},{\"@type\":\"WebSite\",\"@id\":\"https:\/\/riverdi.com\/fr#website\",\"url\":\"https:\/\/riverdi.com\/fr\",\"name\":\"Riverdi\",\"description\":\"Global TFT LCD Manufacturer\",\"potentialAction\":[{\"@type\":\"SearchAction\",\"target\":{\"@type\":\"EntryPoint\",\"urlTemplate\":\"https:\/\/riverdi.com\/fr?s={search_term_string}\"},\"query-input\":{\"@type\":\"PropertyValueSpecification\",\"valueRequired\":true,\"valueName\":\"search_term_string\"}}],\"inLanguage\":\"fr-FR\"}]}<\/script>\n<!-- \/ Yoast SEO plugin. -->","yoast_head_json":{"title":"\u00c9cran Plug and Play 10,1\u2033 TFT LCD 1280x800px, interface HDMI + \u00c9cran tactile capacitif - RVT101HVHNWC00 | Riverdi","description":"\u00c9cran Plug and Play 10,1\u2033 TFT LCD avec r\u00e9solution 1280x800px, lisible en plein soleil avec 800 cd\/m\u00b2. Interface HDMI compatible PC et SBC, USB-C pour le contr\u00f4le tactile et angles de vision IPS complets \u2013 mod\u00e8le SM-RVT101HVHNWC00","robots":{"index":"index","follow":"follow","max-snippet":"max-snippet:-1","max-image-preview":"max-image-preview:large","max-video-preview":"max-video-preview:-1"},"canonical":"https:\/\/riverdi.com\/fr\/product\/hdmi-display-rvt101hvhnwc00-10-1-inch-projete-capacitif-touch-panel-air-bonding-uxtouch","og_locale":"fr_FR","og_type":"article","og_title":"\u00c9cran Plug and Play 10,1\u2033 TFT LCD 1280x800px, interface HDMI + \u00c9cran tactile capacitif - RVT101HVHNWC00 | Riverdi","og_description":"\u00c9cran Plug and Play 10,1\u2033 TFT LCD avec r\u00e9solution 1280x800px, lisible en plein soleil avec 800 cd\/m\u00b2. Interface HDMI compatible PC et SBC, USB-C pour le contr\u00f4le tactile et angles de vision IPS complets \u2013 mod\u00e8le SM-RVT101HVHNWC00","og_url":"https:\/\/riverdi.com\/fr\/product\/hdmi-display-rvt101hvhnwc00-10-1-inch-projete-capacitif-touch-panel-air-bonding-uxtouch","og_site_name":"Riverdi","article_publisher":"https:\/\/www.facebook.com\/riverdi.displays\/","article_modified_time":"2026-01-19T19:36:21+00:00","og_image":[{"width":1293,"height":889,"url":"https:\/\/riverdi.com\/wp-content\/uploads\/2024\/04\/RVT101HVHNWC00-4.webp","type":"image\/webp"}],"twitter_card":"summary_large_image","twitter_site":"@riverdidisplays","twitter_misc":{"Dur\u00e9e de lecture estim\u00e9e":"1 minute"},"schema":{"@context":"https:\/\/schema.org","@graph":[{"@type":"WebPage","@id":"https:\/\/riverdi.com\/fr\/product\/hdmi-display-rvt101hvhnwc00-10-1-inch-projete-capacitif-touch-panel-air-bonding-uxtouch","url":"https:\/\/riverdi.com\/fr\/product\/hdmi-display-rvt101hvhnwc00-10-1-inch-projete-capacitif-touch-panel-air-bonding-uxtouch","name":"\u00c9cran Plug and Play 10,1\u2033 TFT LCD 1280x800px, interface HDMI + \u00c9cran tactile capacitif - RVT101HVHNWC00 | Riverdi","isPartOf":{"@id":"https:\/\/riverdi.com\/fr#website"},"primaryImageOfPage":{"@id":"https:\/\/riverdi.com\/fr\/product\/hdmi-display-rvt101hvhnwc00-10-1-inch-projete-capacitif-touch-panel-air-bonding-uxtouch#primaryimage"},"image":{"@id":"https:\/\/riverdi.com\/fr\/product\/hdmi-display-rvt101hvhnwc00-10-1-inch-projete-capacitif-touch-panel-air-bonding-uxtouch#primaryimage"},"thumbnailUrl":"https:\/\/riverdi.com\/wp-content\/uploads\/2024\/04\/RVT101HVHNWC00-4.webp","datePublished":"2021-09-09T06:55:36+00:00","dateModified":"2026-01-19T19:36:21+00:00","description":"\u00c9cran Plug and Play 10,1\u2033 TFT LCD avec r\u00e9solution 1280x800px, lisible en plein soleil avec 800 cd\/m\u00b2. Interface HDMI compatible PC et SBC, USB-C pour le contr\u00f4le tactile et angles de vision IPS complets \u2013 mod\u00e8le SM-RVT101HVHNWC00","breadcrumb":{"@id":"https:\/\/riverdi.com\/fr\/product\/hdmi-display-rvt101hvhnwc00-10-1-inch-projete-capacitif-touch-panel-air-bonding-uxtouch#breadcrumb"},"inLanguage":"fr-FR","potentialAction":[{"@type":"ReadAction","target":["https:\/\/riverdi.com\/fr\/product\/hdmi-display-rvt101hvhnwc00-10-1-inch-projete-capacitif-touch-panel-air-bonding-uxtouch"]}]},{"@type":"ImageObject","inLanguage":"fr-FR","@id":"https:\/\/riverdi.com\/fr\/product\/hdmi-display-rvt101hvhnwc00-10-1-inch-projete-capacitif-touch-panel-air-bonding-uxtouch#primaryimage","url":"https:\/\/riverdi.com\/wp-content\/uploads\/2024\/04\/RVT101HVHNWC00-4.webp","contentUrl":"https:\/\/riverdi.com\/wp-content\/uploads\/2024\/04\/RVT101HVHNWC00-4.webp","width":1293,"height":889,"caption":"S\u00e9rie HDMI 10.1"},{"@type":"BreadcrumbList","@id":"https:\/\/riverdi.com\/fr\/product\/hdmi-display-rvt101hvhnwc00-10-1-inch-projete-capacitif-touch-panel-air-bonding-uxtouch#breadcrumb","itemListElement":[{"@type":"ListItem","position":1,"name":"Front Page","item":"https:\/\/riverdi.com\/fr\/page-daccueil"},{"@type":"ListItem","position":2,"name":"Boutique","item":"https:\/\/riverdi.com\/fr\/boutique-2"},{"@type":"ListItem","position":3,"name":"\u00c9cran Plug and Play 10,1\u2033 TFT LCD 1280x800px, interface HDMI + \u00c9cran tactile capacitif &#8211; RVT101HVHNWC00"}]},{"@type":"WebSite","@id":"https:\/\/riverdi.com\/fr#website","url":"https:\/\/riverdi.com\/fr","name":"Riverdi","description":"Global TFT LCD Manufacturer","potentialAction":[{"@type":"SearchAction","target":{"@type":"EntryPoint","urlTemplate":"https:\/\/riverdi.com\/fr?s={search_term_string}"},"query-input":{"@type":"PropertyValueSpecification","valueRequired":true,"valueName":"search_term_string"}}],"inLanguage":"fr-FR"}]}},"_links":{"self":[{"href":"https:\/\/riverdi.com\/fr\/wp-json\/wp\/v2\/product\/115624","targetHints":{"allow":["GET"]}}],"collection":[{"href":"https:\/\/riverdi.com\/fr\/wp-json\/wp\/v2\/product"}],"about":[{"href":"https:\/\/riverdi.com\/fr\/wp-json\/wp\/v2\/types\/product"}],"replies":[{"embeddable":true,"href":"https:\/\/riverdi.com\/fr\/wp-json\/wp\/v2\/comments?post=115624"}],"wp:featuredmedia":[{"embeddable":true,"href":"https:\/\/riverdi.com\/fr\/wp-json\/wp\/v2\/media\/24382"}],"wp:attachment":[{"href":"https:\/\/riverdi.com\/fr\/wp-json\/wp\/v2\/media?parent=115624"}],"wp:term":[{"taxonomy":"product_brand","embeddable":true,"href":"https:\/\/riverdi.com\/fr\/wp-json\/wp\/v2\/product_brand?post=115624"},{"taxonomy":"product_cat","embeddable":true,"href":"https:\/\/riverdi.com\/fr\/wp-json\/wp\/v2\/product_cat?post=115624"},{"taxonomy":"product_tag","embeddable":true,"href":"https:\/\/riverdi.com\/fr\/wp-json\/wp\/v2\/product_tag?post=115624"}],"curies":[{"name":"wp","href":"https:\/\/api.w.org\/{rel}","templated":true}]}}