{"id":121861,"date":"2024-10-23T13:20:38","date_gmt":"2024-10-23T11:20:38","guid":{"rendered":"https:\/\/riverdi.com\/?page_id=121861"},"modified":"2025-10-09T10:28:12","modified_gmt":"2025-10-09T08:28:12","slug":"livre-blanc","status":"publish","type":"page","link":"https:\/\/riverdi.com\/fr\/livre-blanc","title":{"rendered":"Livre blanc"},"content":{"rendered":"\n<div class=\"whitepaper-wrapper\">\n    <section class=\"whitepaper_s1 vertical-mobile-margin--80\">\n        <div class=\"container-fluid\">\n            <div class=\"whitepaper_s1__content\">\n                <h1>Ce que vous apprendrez dans notre livre blanc ?<\/h1>\n                <div class=\"whitepaper_s1__cols\">\n                    <div class=\"whitepaper_s1__col whitepaper_s1__col--1\">\n                        <img decoding=\"async\" src=\"https:\/\/riverdi.com\/wp-content\/uploads\/2024\/10\/Perfect_Binding_Brochure_Mockup_5-1.png\" alt=\"Livre blanc\"\/>\n                    <\/div>\n                    <div class=\"whitepaper_s1__col whitepaper_s1__col--2\">\n                        <ul>\n                            <li><strong>Comment identifier et r\u00e9soudre les probl\u00e8mes courants<\/strong> li\u00e9s \u00e0 l&rsquo;optimisation des capteurs tactiles.<\/li>\n                            <li><strong>Crit\u00e8res cl\u00e9s de performance tactile<\/strong>, tels que la pr\u00e9cision et les capacit\u00e9s tactiles multiples.<\/li>\n                            <li><strong>Pourquoi le r\u00e9glage du micrologiciel est essentiel<\/strong> pour am\u00e9liorer les performances des \u00e9crans tactiles, en particulier dans des conditions difficiles.<\/li>\n                            <li><strong>Avantages de l&rsquo;utilisation de contr\u00f4leurs \u00e0 \u00e9cran tactile de qualit\u00e9 industrielle.<\/strong><\/li>\n                            <li><strong>Conseils pratiques pour la conception d&rsquo;<\/strong> \u00e9crans tactiles fiables \u00e0 haute immunit\u00e9.<\/li>\n                        <\/ul>\n                        <p> <\/p>\n                        <a class=\"cs-button cs-button--orange-2\" href=\"#whitepaper\">T\u00e9l\u00e9charger maintenant<\/a>\n                    <\/div>\n                <\/div>\n            <\/div>\n        <\/div>\n    <\/section>\n    <section class=\"whitepaper\" id=\"whitepaper\">\n        <div class=\"contact_section vertical-mobile-margin\">\n            <div class=\"container-small\">\n                <div class=\"contact_section__wrapper\">\n                    <div class=\"contact_section__col contact_section__col--1\">\n                        <h2 class=\"heading-1\"><span>D\u00e9couvrez <br\/>comment choisir le<\/span> bon capteur tactile.<\/h2>\n                        <p>Les \u00e9crans tactiles de qualit\u00e9 industrielle de Riverdi sont con\u00e7us pour relever de nombreux d\u00e9fis, en garantissant des performances et une fiabilit\u00e9 \u00e9lev\u00e9es. Pour un guide d\u00e9taill\u00e9 sur la s\u00e9lection du capteur tactile id\u00e9al pour votre projet, <strong>t\u00e9l\u00e9chargez notre livre blanc par formulaire.<\/strong> <\/p>\n                    <\/div>\n                    <div class=\"contact_section__col contact_section__col--2\">\n                        <p>\n                        <script charSet=\"utf-8\" type=\"text\/javascript\" src=\"\/\/js-eu1.hsforms.net\/forms\/embed\/v2.js\"><\/script>\n<script>\n    hbspt.forms.create({\n        region: \"eu1\",\n        portalId: \"143725558\",\n        formId: \"06030c3f-ec5a-4110-887c-5ed30204ed2b\",\n        onFormReady: function () {\n            setTimeout(function () {\n                var last_clicked_field = '';\n                jQuery('#hsForm_06030c3f-ec5a-4110-887c-5ed30204ed2b').on('click', function (e) {\n                    if(last_clicked_field == ''){\n                        window.dataLayer = window.dataLayer || [];\n                        window.dataLayer.push({\n                            event: 'form_start',\n                            form_name: 'Whitepaper'\n                        });\n                    }\n                    var inputName = jQuery(e.target).attr('name');\n                    if (inputName !== undefined && inputName.length > 3 && last_clicked_field != inputName) {\n                        window.dataLayer = window.dataLayer || [];\n                        window.dataLayer.push({\n                            event: 'click_form_field',\n                            form_field_name: inputName,\n                            form_name: 'Whitepaper'\n                        });\n                        last_clicked_field = inputName;\n                    }\n                });\n            }, 300);\n        }\n    });\nfunction reportErrors() {\n                        jQuery('#hsForm_06030c3f-ec5a-4110-887c-5ed30204ed2b .hs-form-field').each(function () {\n                            var $field = jQuery(this);\n                            var fieldName = $field.find('.input').find('input, select, textarea').attr('name');\n                            $field.find('.hs-error-msgs li').each(function () {\n                                var errorText = jQuery(this).text().trim();\n                                window.dataLayer = window.dataLayer || [];\n                                var payload = {\n                                    event: 'form_field_error',\n                                    form_name: 'Whitepaper',\n                                    form_field_name: fieldName,\n                                    error_type: 'B\u0142\u0105d walidacji',\n                                    error_message: errorText\n                                };\n                                window.dataLayer.push(payload);\n                            });\n                        });\n                        var otherError = jQuery('.hs_error_rollup').text();\n                        if(otherError.length > 0){\n                            window.dataLayer = window.dataLayer || [];\n                            window.dataLayer.push({\n                                event: 'form_error',\n                                form_name: 'Whitepaper',\n                                error_type: 'Error_Summary',\n                                error_message: otherError\n                            });\n                        }\n                    }\n                    window.addEventListener('message', function (event) {\n                        if (event.data.eventName === 'onFormError') {\n                            setTimeout(reportErrors, 100);\n                        }\n                    });\n<\/script>\n                        <\/p>\n                    <\/div>\n                <\/div>\n            <\/div>\n        <\/div>\n    <\/section>\n<\/div>\n\n\n\n<p><\/p>\n","protected":false},"excerpt":{"rendered":"<p>Ce que vous apprendrez dans notre livre blanc ? Comment identifier et r\u00e9soudre les probl\u00e8mes courants li\u00e9s \u00e0 l&rsquo;optimisation des capteurs tactiles. Crit\u00e8res cl\u00e9s de performance tactile, tels que la pr\u00e9cision et les capacit\u00e9s tactiles multiples. Pourquoi le r\u00e9glage du micrologiciel est essentiel pour am\u00e9liorer les performances des \u00e9crans tactiles, en particulier dans des conditions [&hellip;]<\/p>\n","protected":false},"author":19,"featured_media":0,"parent":0,"menu_order":0,"comment_status":"closed","ping_status":"closed","template":"clear-template.php","meta":{"_acf_changed":false,"content-type":"","inline_featured_image":false,"footnotes":""},"class_list":["post-121861","page","type-page","status-publish","hentry"],"acf":[],"yoast_head":"<!-- This site is optimized with the Yoast SEO plugin v27.3 - https:\/\/yoast.com\/product\/yoast-seo-wordpress\/ -->\n<title>Livre blanc - Riverdi<\/title>\n<meta name=\"robots\" content=\"index, follow, max-snippet:-1, max-image-preview:large, max-video-preview:-1\" \/>\n<link rel=\"canonical\" href=\"https:\/\/riverdi.com\/fr\/livre-blanc\" \/>\n<meta property=\"og:locale\" content=\"fr_FR\" \/>\n<meta property=\"og:type\" content=\"article\" \/>\n<meta property=\"og:title\" content=\"Livre blanc - Riverdi\" \/>\n<meta property=\"og:description\" content=\"Ce que vous apprendrez dans notre livre blanc ? Comment identifier et r\u00e9soudre les probl\u00e8mes courants li\u00e9s \u00e0 l&rsquo;optimisation des capteurs tactiles. Crit\u00e8res cl\u00e9s de performance tactile, tels que la pr\u00e9cision et les capacit\u00e9s tactiles multiples. Pourquoi le r\u00e9glage du micrologiciel est essentiel pour am\u00e9liorer les performances des \u00e9crans tactiles, en particulier dans des conditions [&hellip;]\" \/>\n<meta property=\"og:url\" content=\"https:\/\/riverdi.com\/fr\/livre-blanc\" \/>\n<meta property=\"og:site_name\" content=\"Riverdi\" \/>\n<meta property=\"article:publisher\" content=\"https:\/\/www.facebook.com\/riverdi.displays\/\" \/>\n<meta property=\"article:modified_time\" content=\"2025-10-09T08:28:12+00:00\" \/>\n<meta property=\"og:image\" content=\"https:\/\/riverdi.com\/wp-content\/uploads\/2024\/10\/Perfect_Binding_Brochure_Mockup_5-1.png\" \/>\n<meta name=\"twitter:card\" content=\"summary_large_image\" \/>\n<meta name=\"twitter:site\" content=\"@riverdidisplays\" \/>\n<meta name=\"twitter:label1\" content=\"Dur\u00e9e de lecture estim\u00e9e\" \/>\n\t<meta name=\"twitter:data1\" content=\"1 minute\" \/>\n<script type=\"application\/ld+json\" class=\"yoast-schema-graph\">{\"@context\":\"https:\\\/\\\/schema.org\",\"@graph\":[{\"@type\":\"WebPage\",\"@id\":\"https:\\\/\\\/riverdi.com\\\/fr\\\/livre-blanc\",\"url\":\"https:\\\/\\\/riverdi.com\\\/fr\\\/livre-blanc\",\"name\":\"Livre blanc - Riverdi\",\"isPartOf\":{\"@id\":\"https:\\\/\\\/riverdi.com\\\/fr#website\"},\"primaryImageOfPage\":{\"@id\":\"https:\\\/\\\/riverdi.com\\\/fr\\\/livre-blanc#primaryimage\"},\"image\":{\"@id\":\"https:\\\/\\\/riverdi.com\\\/fr\\\/livre-blanc#primaryimage\"},\"thumbnailUrl\":\"https:\\\/\\\/riverdi.com\\\/wp-content\\\/uploads\\\/2024\\\/10\\\/Perfect_Binding_Brochure_Mockup_5-1.png\",\"datePublished\":\"2024-10-23T11:20:38+00:00\",\"dateModified\":\"2025-10-09T08:28:12+00:00\",\"breadcrumb\":{\"@id\":\"https:\\\/\\\/riverdi.com\\\/fr\\\/livre-blanc#breadcrumb\"},\"inLanguage\":\"fr-FR\",\"potentialAction\":[{\"@type\":\"ReadAction\",\"target\":[\"https:\\\/\\\/riverdi.com\\\/fr\\\/livre-blanc\"]}]},{\"@type\":\"ImageObject\",\"inLanguage\":\"fr-FR\",\"@id\":\"https:\\\/\\\/riverdi.com\\\/fr\\\/livre-blanc#primaryimage\",\"url\":\"https:\\\/\\\/riverdi.com\\\/wp-content\\\/uploads\\\/2024\\\/10\\\/Perfect_Binding_Brochure_Mockup_5-1.png\",\"contentUrl\":\"https:\\\/\\\/riverdi.com\\\/wp-content\\\/uploads\\\/2024\\\/10\\\/Perfect_Binding_Brochure_Mockup_5-1.png\"},{\"@type\":\"BreadcrumbList\",\"@id\":\"https:\\\/\\\/riverdi.com\\\/fr\\\/livre-blanc#breadcrumb\",\"itemListElement\":[{\"@type\":\"ListItem\",\"position\":1,\"name\":\"Front Page\",\"item\":\"https:\\\/\\\/riverdi.com\\\/fr\\\/page-daccueil\"},{\"@type\":\"ListItem\",\"position\":2,\"name\":\"Livre blanc\"}]},{\"@type\":\"WebSite\",\"@id\":\"https:\\\/\\\/riverdi.com\\\/fr#website\",\"url\":\"https:\\\/\\\/riverdi.com\\\/fr\",\"name\":\"Riverdi\",\"description\":\"Global TFT LCD Manufacturer\",\"potentialAction\":[{\"@type\":\"SearchAction\",\"target\":{\"@type\":\"EntryPoint\",\"urlTemplate\":\"https:\\\/\\\/riverdi.com\\\/fr?s={search_term_string}\"},\"query-input\":{\"@type\":\"PropertyValueSpecification\",\"valueRequired\":true,\"valueName\":\"search_term_string\"}}],\"inLanguage\":\"fr-FR\"}]}<\/script>\n<!-- \/ Yoast SEO plugin. -->","yoast_head_json":{"title":"Livre blanc - Riverdi","robots":{"index":"index","follow":"follow","max-snippet":"max-snippet:-1","max-image-preview":"max-image-preview:large","max-video-preview":"max-video-preview:-1"},"canonical":"https:\/\/riverdi.com\/fr\/livre-blanc","og_locale":"fr_FR","og_type":"article","og_title":"Livre blanc - Riverdi","og_description":"Ce que vous apprendrez dans notre livre blanc ? Comment identifier et r\u00e9soudre les probl\u00e8mes courants li\u00e9s \u00e0 l&rsquo;optimisation des capteurs tactiles. Crit\u00e8res cl\u00e9s de performance tactile, tels que la pr\u00e9cision et les capacit\u00e9s tactiles multiples. Pourquoi le r\u00e9glage du micrologiciel est essentiel pour am\u00e9liorer les performances des \u00e9crans tactiles, en particulier dans des conditions [&hellip;]","og_url":"https:\/\/riverdi.com\/fr\/livre-blanc","og_site_name":"Riverdi","article_publisher":"https:\/\/www.facebook.com\/riverdi.displays\/","article_modified_time":"2025-10-09T08:28:12+00:00","og_image":[{"url":"https:\/\/riverdi.com\/wp-content\/uploads\/2024\/10\/Perfect_Binding_Brochure_Mockup_5-1.png","type":"","width":"","height":""}],"twitter_card":"summary_large_image","twitter_site":"@riverdidisplays","twitter_misc":{"Dur\u00e9e de lecture estim\u00e9e":"1 minute"},"schema":{"@context":"https:\/\/schema.org","@graph":[{"@type":"WebPage","@id":"https:\/\/riverdi.com\/fr\/livre-blanc","url":"https:\/\/riverdi.com\/fr\/livre-blanc","name":"Livre blanc - Riverdi","isPartOf":{"@id":"https:\/\/riverdi.com\/fr#website"},"primaryImageOfPage":{"@id":"https:\/\/riverdi.com\/fr\/livre-blanc#primaryimage"},"image":{"@id":"https:\/\/riverdi.com\/fr\/livre-blanc#primaryimage"},"thumbnailUrl":"https:\/\/riverdi.com\/wp-content\/uploads\/2024\/10\/Perfect_Binding_Brochure_Mockup_5-1.png","datePublished":"2024-10-23T11:20:38+00:00","dateModified":"2025-10-09T08:28:12+00:00","breadcrumb":{"@id":"https:\/\/riverdi.com\/fr\/livre-blanc#breadcrumb"},"inLanguage":"fr-FR","potentialAction":[{"@type":"ReadAction","target":["https:\/\/riverdi.com\/fr\/livre-blanc"]}]},{"@type":"ImageObject","inLanguage":"fr-FR","@id":"https:\/\/riverdi.com\/fr\/livre-blanc#primaryimage","url":"https:\/\/riverdi.com\/wp-content\/uploads\/2024\/10\/Perfect_Binding_Brochure_Mockup_5-1.png","contentUrl":"https:\/\/riverdi.com\/wp-content\/uploads\/2024\/10\/Perfect_Binding_Brochure_Mockup_5-1.png"},{"@type":"BreadcrumbList","@id":"https:\/\/riverdi.com\/fr\/livre-blanc#breadcrumb","itemListElement":[{"@type":"ListItem","position":1,"name":"Front Page","item":"https:\/\/riverdi.com\/fr\/page-daccueil"},{"@type":"ListItem","position":2,"name":"Livre blanc"}]},{"@type":"WebSite","@id":"https:\/\/riverdi.com\/fr#website","url":"https:\/\/riverdi.com\/fr","name":"Riverdi","description":"Global TFT LCD Manufacturer","potentialAction":[{"@type":"SearchAction","target":{"@type":"EntryPoint","urlTemplate":"https:\/\/riverdi.com\/fr?s={search_term_string}"},"query-input":{"@type":"PropertyValueSpecification","valueRequired":true,"valueName":"search_term_string"}}],"inLanguage":"fr-FR"}]}},"_links":{"self":[{"href":"https:\/\/riverdi.com\/fr\/wp-json\/wp\/v2\/pages\/121861","targetHints":{"allow":["GET"]}}],"collection":[{"href":"https:\/\/riverdi.com\/fr\/wp-json\/wp\/v2\/pages"}],"about":[{"href":"https:\/\/riverdi.com\/fr\/wp-json\/wp\/v2\/types\/page"}],"author":[{"embeddable":true,"href":"https:\/\/riverdi.com\/fr\/wp-json\/wp\/v2\/users\/19"}],"replies":[{"embeddable":true,"href":"https:\/\/riverdi.com\/fr\/wp-json\/wp\/v2\/comments?post=121861"}],"version-history":[{"count":4,"href":"https:\/\/riverdi.com\/fr\/wp-json\/wp\/v2\/pages\/121861\/revisions"}],"predecessor-version":[{"id":126716,"href":"https:\/\/riverdi.com\/fr\/wp-json\/wp\/v2\/pages\/121861\/revisions\/126716"}],"wp:attachment":[{"href":"https:\/\/riverdi.com\/fr\/wp-json\/wp\/v2\/media?parent=121861"}],"curies":[{"name":"wp","href":"https:\/\/api.w.org\/{rel}","templated":true}]}}