{"id":121099,"date":"2024-08-19T13:29:09","date_gmt":"2024-08-19T11:29:09","guid":{"rendered":"https:\/\/riverdi.com\/partenaires-2"},"modified":"2025-10-29T16:01:41","modified_gmt":"2025-10-29T15:01:41","slug":"partenaires","status":"publish","type":"page","link":"https:\/\/riverdi.com\/fr\/partenaires","title":{"rendered":"Partenaires et distributeurs"},"content":{"rendered":"","protected":false},"excerpt":{"rendered":"","protected":false},"author":19,"featured_media":0,"parent":0,"menu_order":0,"comment_status":"closed","ping_status":"closed","template":"main.php","meta":{"_acf_changed":false,"content-type":"","inline_featured_image":false,"footnotes":""},"class_list":["post-121099","page","type-page","status-publish","hentry"],"acf":[],"yoast_head":"<!-- This site is optimized with the Yoast SEO plugin v27.0 - https:\/\/yoast.com\/product\/yoast-seo-wordpress\/ -->\n<title>Partenaires et distributeurs | Riverdi | Experts en solutions d&#039;affichage<\/title>\n<meta name=\"description\" content=\"Partenaires Riverdi - Un \u00e9cosyst\u00e8me de partenaires comme le n\u00f4tre permet de r\u00e9unir diff\u00e9rentes expertises et comp\u00e9tences. Consultez la page pour en savoir plus.\" \/>\n<meta name=\"robots\" content=\"index, follow, max-snippet:-1, max-image-preview:large, max-video-preview:-1\" \/>\n<link rel=\"canonical\" href=\"https:\/\/riverdi.com\/fr\/partenaires\" \/>\n<meta property=\"og:locale\" content=\"fr_FR\" \/>\n<meta property=\"og:type\" content=\"article\" \/>\n<meta property=\"og:title\" content=\"Partenaires et distributeurs | Riverdi | Experts en solutions d&#039;affichage\" \/>\n<meta property=\"og:description\" content=\"Partenaires Riverdi - Un \u00e9cosyst\u00e8me de partenaires comme le n\u00f4tre permet de r\u00e9unir diff\u00e9rentes expertises et comp\u00e9tences. Consultez la page pour en savoir plus.\" \/>\n<meta property=\"og:url\" content=\"https:\/\/riverdi.com\/fr\/partenaires\" \/>\n<meta property=\"og:site_name\" content=\"Riverdi\" \/>\n<meta property=\"article:publisher\" content=\"https:\/\/www.facebook.com\/riverdi.displays\/\" \/>\n<meta property=\"article:modified_time\" content=\"2025-10-29T15:01:41+00:00\" \/>\n<meta property=\"og:image\" content=\"https:\/\/riverdi.com\/wp-content\/uploads\/2024\/06\/logo-1.jpg\" \/>\n\t<meta property=\"og:image:width\" content=\"1024\" \/>\n\t<meta property=\"og:image:height\" content=\"1024\" \/>\n\t<meta property=\"og:image:type\" content=\"image\/jpeg\" \/>\n<meta name=\"twitter:card\" content=\"summary_large_image\" \/>\n<meta name=\"twitter:site\" content=\"@riverdidisplays\" \/>\n<meta name=\"twitter:label1\" content=\"Dur\u00e9e de lecture estim\u00e9e\" \/>\n\t<meta name=\"twitter:data1\" content=\"13 minutes\" \/>\n<script type=\"application\/ld+json\" class=\"yoast-schema-graph\">{\"@context\":\"https:\/\/schema.org\",\"@graph\":[{\"@type\":\"WebPage\",\"@id\":\"https:\/\/riverdi.com\/fr\/partenaires\",\"url\":\"https:\/\/riverdi.com\/fr\/partenaires\",\"name\":\"Partenaires et distributeurs | Riverdi | Experts en solutions d'affichage\",\"isPartOf\":{\"@id\":\"https:\/\/riverdi.com\/fr#website\"},\"datePublished\":\"2024-08-19T11:29:09+00:00\",\"dateModified\":\"2025-10-29T15:01:41+00:00\",\"description\":\"Partenaires Riverdi - Un \u00e9cosyst\u00e8me de partenaires comme le n\u00f4tre permet de r\u00e9unir diff\u00e9rentes expertises et comp\u00e9tences. Consultez la page pour en savoir plus.\",\"breadcrumb\":{\"@id\":\"https:\/\/riverdi.com\/fr\/partenaires#breadcrumb\"},\"inLanguage\":\"fr-FR\",\"potentialAction\":[{\"@type\":\"ReadAction\",\"target\":[\"https:\/\/riverdi.com\/fr\/partenaires\"]}]},{\"@type\":\"BreadcrumbList\",\"@id\":\"https:\/\/riverdi.com\/fr\/partenaires#breadcrumb\",\"itemListElement\":[{\"@type\":\"ListItem\",\"position\":1,\"name\":\"Front Page\",\"item\":\"https:\/\/riverdi.com\/fr\/page-daccueil\"},{\"@type\":\"ListItem\",\"position\":2,\"name\":\"Partenaires et distributeurs\"}]},{\"@type\":\"WebSite\",\"@id\":\"https:\/\/riverdi.com\/fr#website\",\"url\":\"https:\/\/riverdi.com\/fr\",\"name\":\"Riverdi\",\"description\":\"Global TFT LCD Manufacturer\",\"potentialAction\":[{\"@type\":\"SearchAction\",\"target\":{\"@type\":\"EntryPoint\",\"urlTemplate\":\"https:\/\/riverdi.com\/fr?s={search_term_string}\"},\"query-input\":{\"@type\":\"PropertyValueSpecification\",\"valueRequired\":true,\"valueName\":\"search_term_string\"}}],\"inLanguage\":\"fr-FR\"}]}<\/script>\n<!-- \/ Yoast SEO plugin. -->","yoast_head_json":{"title":"Partenaires et distributeurs | Riverdi | Experts en solutions d'affichage","description":"Partenaires Riverdi - Un \u00e9cosyst\u00e8me de partenaires comme le n\u00f4tre permet de r\u00e9unir diff\u00e9rentes expertises et comp\u00e9tences. Consultez la page pour en savoir plus.","robots":{"index":"index","follow":"follow","max-snippet":"max-snippet:-1","max-image-preview":"max-image-preview:large","max-video-preview":"max-video-preview:-1"},"canonical":"https:\/\/riverdi.com\/fr\/partenaires","og_locale":"fr_FR","og_type":"article","og_title":"Partenaires et distributeurs | Riverdi | Experts en solutions d'affichage","og_description":"Partenaires Riverdi - Un \u00e9cosyst\u00e8me de partenaires comme le n\u00f4tre permet de r\u00e9unir diff\u00e9rentes expertises et comp\u00e9tences. Consultez la page pour en savoir plus.","og_url":"https:\/\/riverdi.com\/fr\/partenaires","og_site_name":"Riverdi","article_publisher":"https:\/\/www.facebook.com\/riverdi.displays\/","article_modified_time":"2025-10-29T15:01:41+00:00","og_image":[{"width":1024,"height":1024,"url":"https:\/\/riverdi.com\/wp-content\/uploads\/2024\/06\/logo-1.jpg","type":"image\/jpeg"}],"twitter_card":"summary_large_image","twitter_site":"@riverdidisplays","twitter_misc":{"Dur\u00e9e de lecture estim\u00e9e":"13 minutes"},"schema":{"@context":"https:\/\/schema.org","@graph":[{"@type":"WebPage","@id":"https:\/\/riverdi.com\/fr\/partenaires","url":"https:\/\/riverdi.com\/fr\/partenaires","name":"Partenaires et distributeurs | Riverdi | Experts en solutions d'affichage","isPartOf":{"@id":"https:\/\/riverdi.com\/fr#website"},"datePublished":"2024-08-19T11:29:09+00:00","dateModified":"2025-10-29T15:01:41+00:00","description":"Partenaires Riverdi - Un \u00e9cosyst\u00e8me de partenaires comme le n\u00f4tre permet de r\u00e9unir diff\u00e9rentes expertises et comp\u00e9tences. Consultez la page pour en savoir plus.","breadcrumb":{"@id":"https:\/\/riverdi.com\/fr\/partenaires#breadcrumb"},"inLanguage":"fr-FR","potentialAction":[{"@type":"ReadAction","target":["https:\/\/riverdi.com\/fr\/partenaires"]}]},{"@type":"BreadcrumbList","@id":"https:\/\/riverdi.com\/fr\/partenaires#breadcrumb","itemListElement":[{"@type":"ListItem","position":1,"name":"Front Page","item":"https:\/\/riverdi.com\/fr\/page-daccueil"},{"@type":"ListItem","position":2,"name":"Partenaires et distributeurs"}]},{"@type":"WebSite","@id":"https:\/\/riverdi.com\/fr#website","url":"https:\/\/riverdi.com\/fr","name":"Riverdi","description":"Global TFT LCD Manufacturer","potentialAction":[{"@type":"SearchAction","target":{"@type":"EntryPoint","urlTemplate":"https:\/\/riverdi.com\/fr?s={search_term_string}"},"query-input":{"@type":"PropertyValueSpecification","valueRequired":true,"valueName":"search_term_string"}}],"inLanguage":"fr-FR"}]}},"_links":{"self":[{"href":"https:\/\/riverdi.com\/fr\/wp-json\/wp\/v2\/pages\/121099","targetHints":{"allow":["GET"]}}],"collection":[{"href":"https:\/\/riverdi.com\/fr\/wp-json\/wp\/v2\/pages"}],"about":[{"href":"https:\/\/riverdi.com\/fr\/wp-json\/wp\/v2\/types\/page"}],"author":[{"embeddable":true,"href":"https:\/\/riverdi.com\/fr\/wp-json\/wp\/v2\/users\/19"}],"replies":[{"embeddable":true,"href":"https:\/\/riverdi.com\/fr\/wp-json\/wp\/v2\/comments?post=121099"}],"version-history":[{"count":1,"href":"https:\/\/riverdi.com\/fr\/wp-json\/wp\/v2\/pages\/121099\/revisions"}],"predecessor-version":[{"id":125666,"href":"https:\/\/riverdi.com\/fr\/wp-json\/wp\/v2\/pages\/121099\/revisions\/125666"}],"wp:attachment":[{"href":"https:\/\/riverdi.com\/fr\/wp-json\/wp\/v2\/media?parent=121099"}],"curies":[{"name":"wp","href":"https:\/\/api.w.org\/{rel}","templated":true}]}}