{"id":121097,"date":"2024-06-14T13:34:45","date_gmt":"2024-06-14T11:34:45","guid":{"rendered":"https:\/\/riverdi.com\/bulletin-dinformation"},"modified":"2025-10-09T09:58:27","modified_gmt":"2025-10-09T07:58:27","slug":"bulletin-dinformation","status":"publish","type":"page","link":"https:\/\/riverdi.com\/fr\/bulletin-dinformation","title":{"rendered":"Bulletin d&rsquo;information de Riverdi"},"content":{"rendered":"<p>Pourquoi cela vaut la peine de rejoindre la communaut\u00e9 Riverdi :<\/p>\n<ul>\n<li><strong>Chaque semaine,<\/strong> soyez le premier \u00e0 d\u00e9couvrir les <strong>connaissances pr\u00e9cieuses de<\/strong> Riverdi sur l&rsquo;<strong>industrie<\/strong>.<\/li>\n<li>Le moyen le plus rapide d&rsquo;\u00eatre inform\u00e9 des <strong>mises \u00e0 jour et des nouveaux<\/strong> produits propos\u00e9s.<\/li>\n<li><strong>Des \u00e9v\u00e9nements industriels<\/strong> o\u00f9 vous pourrez d\u00e9couvrir les produits en direct.<\/li>\n<li><strong>Contenu exclusif r\u00e9serv\u00e9 aux abonn\u00e9s.<\/strong><\/li>\n<\/ul>\n<p>Inscrivez-vous d\u00e8s maintenant !<\/p>\n","protected":false},"excerpt":{"rendered":"<p>Pourquoi cela vaut la peine de rejoindre la communaut\u00e9 Riverdi : Chaque semaine, soyez le premier \u00e0 d\u00e9couvrir les connaissances pr\u00e9cieuses de Riverdi sur l&rsquo;industrie. Le moyen le plus rapide d&rsquo;\u00eatre inform\u00e9 des mises \u00e0 jour et des nouveaux produits propos\u00e9s. Des \u00e9v\u00e9nements industriels o\u00f9 vous pourrez d\u00e9couvrir les produits en direct. Contenu exclusif r\u00e9serv\u00e9 [&hellip;]<\/p>\n","protected":false},"author":19,"featured_media":0,"parent":0,"menu_order":0,"comment_status":"closed","ping_status":"closed","template":"newsletter.php","meta":{"_acf_changed":false,"content-type":"","inline_featured_image":false,"footnotes":""},"class_list":["post-121097","page","type-page","status-publish","hentry"],"acf":[],"yoast_head":"<!-- This site is optimized with the Yoast SEO plugin v27.0 - https:\/\/yoast.com\/product\/yoast-seo-wordpress\/ -->\n<title>Bulletin d&#039;information de Riverdi - Riverdi<\/title>\n<meta name=\"robots\" content=\"index, follow, max-snippet:-1, max-image-preview:large, max-video-preview:-1\" \/>\n<link rel=\"canonical\" href=\"https:\/\/riverdi.com\/fr\/bulletin-dinformation\" \/>\n<meta property=\"og:locale\" content=\"fr_FR\" \/>\n<meta property=\"og:type\" content=\"article\" \/>\n<meta property=\"og:title\" content=\"Bulletin d&#039;information de Riverdi - Riverdi\" \/>\n<meta property=\"og:description\" content=\"Pourquoi cela vaut la peine de rejoindre la communaut\u00e9 Riverdi : Chaque semaine, soyez le premier \u00e0 d\u00e9couvrir les connaissances pr\u00e9cieuses de Riverdi sur l&rsquo;industrie. Le moyen le plus rapide d&rsquo;\u00eatre inform\u00e9 des mises \u00e0 jour et des nouveaux produits propos\u00e9s. Des \u00e9v\u00e9nements industriels o\u00f9 vous pourrez d\u00e9couvrir les produits en direct. Contenu exclusif r\u00e9serv\u00e9 [&hellip;]\" \/>\n<meta property=\"og:url\" content=\"https:\/\/riverdi.com\/fr\/bulletin-dinformation\" \/>\n<meta property=\"og:site_name\" content=\"Riverdi\" \/>\n<meta property=\"article:publisher\" content=\"https:\/\/www.facebook.com\/riverdi.displays\/\" \/>\n<meta property=\"article:modified_time\" content=\"2025-10-09T07:58:27+00:00\" \/>\n<meta property=\"og:image\" content=\"https:\/\/riverdi.com\/wp-content\/uploads\/2024\/06\/logo-1.jpg\" \/>\n\t<meta property=\"og:image:width\" content=\"1024\" \/>\n\t<meta property=\"og:image:height\" content=\"1024\" \/>\n\t<meta property=\"og:image:type\" content=\"image\/jpeg\" \/>\n<meta name=\"twitter:card\" content=\"summary_large_image\" \/>\n<meta name=\"twitter:site\" content=\"@riverdidisplays\" \/>\n<meta name=\"twitter:label1\" content=\"Dur\u00e9e de lecture estim\u00e9e\" \/>\n\t<meta name=\"twitter:data1\" content=\"1 minute\" \/>\n<script type=\"application\/ld+json\" class=\"yoast-schema-graph\">{\"@context\":\"https:\/\/schema.org\",\"@graph\":[{\"@type\":\"WebPage\",\"@id\":\"https:\/\/riverdi.com\/fr\/bulletin-dinformation\",\"url\":\"https:\/\/riverdi.com\/fr\/bulletin-dinformation\",\"name\":\"Bulletin d'information de Riverdi - Riverdi\",\"isPartOf\":{\"@id\":\"https:\/\/riverdi.com\/fr#website\"},\"datePublished\":\"2024-06-14T11:34:45+00:00\",\"dateModified\":\"2025-10-09T07:58:27+00:00\",\"breadcrumb\":{\"@id\":\"https:\/\/riverdi.com\/fr\/bulletin-dinformation#breadcrumb\"},\"inLanguage\":\"fr-FR\",\"potentialAction\":[{\"@type\":\"ReadAction\",\"target\":[\"https:\/\/riverdi.com\/fr\/bulletin-dinformation\"]}]},{\"@type\":\"BreadcrumbList\",\"@id\":\"https:\/\/riverdi.com\/fr\/bulletin-dinformation#breadcrumb\",\"itemListElement\":[{\"@type\":\"ListItem\",\"position\":1,\"name\":\"Front Page\",\"item\":\"https:\/\/riverdi.com\/fr\/page-daccueil\"},{\"@type\":\"ListItem\",\"position\":2,\"name\":\"Bulletin d&#8217;information de Riverdi\"}]},{\"@type\":\"WebSite\",\"@id\":\"https:\/\/riverdi.com\/fr#website\",\"url\":\"https:\/\/riverdi.com\/fr\",\"name\":\"Riverdi\",\"description\":\"Global TFT LCD Manufacturer\",\"potentialAction\":[{\"@type\":\"SearchAction\",\"target\":{\"@type\":\"EntryPoint\",\"urlTemplate\":\"https:\/\/riverdi.com\/fr?s={search_term_string}\"},\"query-input\":{\"@type\":\"PropertyValueSpecification\",\"valueRequired\":true,\"valueName\":\"search_term_string\"}}],\"inLanguage\":\"fr-FR\"}]}<\/script>\n<!-- \/ Yoast SEO plugin. -->","yoast_head_json":{"title":"Bulletin d'information de Riverdi - Riverdi","robots":{"index":"index","follow":"follow","max-snippet":"max-snippet:-1","max-image-preview":"max-image-preview:large","max-video-preview":"max-video-preview:-1"},"canonical":"https:\/\/riverdi.com\/fr\/bulletin-dinformation","og_locale":"fr_FR","og_type":"article","og_title":"Bulletin d'information de Riverdi - Riverdi","og_description":"Pourquoi cela vaut la peine de rejoindre la communaut\u00e9 Riverdi : Chaque semaine, soyez le premier \u00e0 d\u00e9couvrir les connaissances pr\u00e9cieuses de Riverdi sur l&rsquo;industrie. Le moyen le plus rapide d&rsquo;\u00eatre inform\u00e9 des mises \u00e0 jour et des nouveaux produits propos\u00e9s. Des \u00e9v\u00e9nements industriels o\u00f9 vous pourrez d\u00e9couvrir les produits en direct. Contenu exclusif r\u00e9serv\u00e9 [&hellip;]","og_url":"https:\/\/riverdi.com\/fr\/bulletin-dinformation","og_site_name":"Riverdi","article_publisher":"https:\/\/www.facebook.com\/riverdi.displays\/","article_modified_time":"2025-10-09T07:58:27+00:00","og_image":[{"width":1024,"height":1024,"url":"https:\/\/riverdi.com\/wp-content\/uploads\/2024\/06\/logo-1.jpg","type":"image\/jpeg"}],"twitter_card":"summary_large_image","twitter_site":"@riverdidisplays","twitter_misc":{"Dur\u00e9e de lecture estim\u00e9e":"1 minute"},"schema":{"@context":"https:\/\/schema.org","@graph":[{"@type":"WebPage","@id":"https:\/\/riverdi.com\/fr\/bulletin-dinformation","url":"https:\/\/riverdi.com\/fr\/bulletin-dinformation","name":"Bulletin d'information de Riverdi - Riverdi","isPartOf":{"@id":"https:\/\/riverdi.com\/fr#website"},"datePublished":"2024-06-14T11:34:45+00:00","dateModified":"2025-10-09T07:58:27+00:00","breadcrumb":{"@id":"https:\/\/riverdi.com\/fr\/bulletin-dinformation#breadcrumb"},"inLanguage":"fr-FR","potentialAction":[{"@type":"ReadAction","target":["https:\/\/riverdi.com\/fr\/bulletin-dinformation"]}]},{"@type":"BreadcrumbList","@id":"https:\/\/riverdi.com\/fr\/bulletin-dinformation#breadcrumb","itemListElement":[{"@type":"ListItem","position":1,"name":"Front Page","item":"https:\/\/riverdi.com\/fr\/page-daccueil"},{"@type":"ListItem","position":2,"name":"Bulletin d&#8217;information de Riverdi"}]},{"@type":"WebSite","@id":"https:\/\/riverdi.com\/fr#website","url":"https:\/\/riverdi.com\/fr","name":"Riverdi","description":"Global TFT LCD Manufacturer","potentialAction":[{"@type":"SearchAction","target":{"@type":"EntryPoint","urlTemplate":"https:\/\/riverdi.com\/fr?s={search_term_string}"},"query-input":{"@type":"PropertyValueSpecification","valueRequired":true,"valueName":"search_term_string"}}],"inLanguage":"fr-FR"}]}},"_links":{"self":[{"href":"https:\/\/riverdi.com\/fr\/wp-json\/wp\/v2\/pages\/121097","targetHints":{"allow":["GET"]}}],"collection":[{"href":"https:\/\/riverdi.com\/fr\/wp-json\/wp\/v2\/pages"}],"about":[{"href":"https:\/\/riverdi.com\/fr\/wp-json\/wp\/v2\/types\/page"}],"author":[{"embeddable":true,"href":"https:\/\/riverdi.com\/fr\/wp-json\/wp\/v2\/users\/19"}],"replies":[{"embeddable":true,"href":"https:\/\/riverdi.com\/fr\/wp-json\/wp\/v2\/comments?post=121097"}],"version-history":[{"count":1,"href":"https:\/\/riverdi.com\/fr\/wp-json\/wp\/v2\/pages\/121097\/revisions"}],"predecessor-version":[{"id":126711,"href":"https:\/\/riverdi.com\/fr\/wp-json\/wp\/v2\/pages\/121097\/revisions\/126711"}],"wp:attachment":[{"href":"https:\/\/riverdi.com\/fr\/wp-json\/wp\/v2\/media?parent=121097"}],"curies":[{"name":"wp","href":"https:\/\/api.w.org\/{rel}","templated":true}]}}