{"id":120764,"date":"2024-08-07T14:19:16","date_gmt":"2024-08-07T12:19:16","guid":{"rendered":"https:\/\/riverdi.com\/centre-de-medias"},"modified":"2024-08-07T15:49:12","modified_gmt":"2024-08-07T13:49:12","slug":"centre-de-medias","status":"publish","type":"page","link":"https:\/\/riverdi.com\/fr\/centre-de-medias","title":{"rendered":"Centre des m\u00e9dias"},"content":{"rendered":"","protected":false},"excerpt":{"rendered":"","protected":false},"author":19,"featured_media":0,"parent":0,"menu_order":0,"comment_status":"closed","ping_status":"closed","template":"main.php","meta":{"_acf_changed":false,"content-type":"","inline_featured_image":false,"footnotes":""},"class_list":["post-120764","page","type-page","status-publish","hentry"],"acf":[],"yoast_head":"<!-- This site is optimized with the Yoast SEO plugin v27.3 - https:\/\/yoast.com\/product\/yoast-seo-wordpress\/ -->\n<title>Centre des m\u00e9dias - Riverdi<\/title>\n<meta name=\"description\" content=\"Utilisez la m\u00e9diath\u00e8que pour acc\u00e9der \u00e0 notre logo, \u00e0 la description de notre entreprise, aux images de nos produits et \u00e0 d&#039;autres fichiers multim\u00e9dias. Apprenez \u00e0 utiliser le mat\u00e9riel de Riverdi conform\u00e9ment aux lignes directrices en mati\u00e8re d&#039;image de marque.\" \/>\n<meta name=\"robots\" content=\"index, follow, max-snippet:-1, max-image-preview:large, max-video-preview:-1\" \/>\n<link rel=\"canonical\" href=\"https:\/\/riverdi.com\/fr\/centre-de-medias\" \/>\n<meta property=\"og:locale\" content=\"fr_FR\" \/>\n<meta property=\"og:type\" content=\"article\" \/>\n<meta property=\"og:title\" content=\"Centre des m\u00e9dias - Riverdi\" \/>\n<meta property=\"og:description\" content=\"Utilisez la m\u00e9diath\u00e8que pour acc\u00e9der \u00e0 notre logo, \u00e0 la description de notre entreprise, aux images de nos produits et \u00e0 d&#039;autres fichiers multim\u00e9dias. Apprenez \u00e0 utiliser le mat\u00e9riel de Riverdi conform\u00e9ment aux lignes directrices en mati\u00e8re d&#039;image de marque.\" \/>\n<meta property=\"og:url\" content=\"https:\/\/riverdi.com\/fr\/centre-de-medias\" \/>\n<meta property=\"og:site_name\" content=\"Riverdi\" \/>\n<meta property=\"article:publisher\" content=\"https:\/\/www.facebook.com\/riverdi.displays\/\" \/>\n<meta property=\"article:modified_time\" content=\"2024-08-07T13:49:12+00:00\" \/>\n<meta property=\"og:image\" content=\"https:\/\/riverdi.com\/wp-content\/uploads\/2024\/06\/logo-1.jpg\" \/>\n\t<meta property=\"og:image:width\" content=\"1024\" \/>\n\t<meta property=\"og:image:height\" content=\"1024\" \/>\n\t<meta property=\"og:image:type\" content=\"image\/jpeg\" \/>\n<meta name=\"twitter:card\" content=\"summary_large_image\" \/>\n<meta name=\"twitter:site\" content=\"@riverdidisplays\" \/>\n<script type=\"application\/ld+json\" class=\"yoast-schema-graph\">{\"@context\":\"https:\\\/\\\/schema.org\",\"@graph\":[{\"@type\":\"WebPage\",\"@id\":\"https:\\\/\\\/riverdi.com\\\/fr\\\/centre-de-medias\",\"url\":\"https:\\\/\\\/riverdi.com\\\/fr\\\/centre-de-medias\",\"name\":\"Centre des m\u00e9dias - Riverdi\",\"isPartOf\":{\"@id\":\"https:\\\/\\\/riverdi.com\\\/fr#website\"},\"datePublished\":\"2024-08-07T12:19:16+00:00\",\"dateModified\":\"2024-08-07T13:49:12+00:00\",\"description\":\"Utilisez la m\u00e9diath\u00e8que pour acc\u00e9der \u00e0 notre logo, \u00e0 la description de notre entreprise, aux images de nos produits et \u00e0 d'autres fichiers multim\u00e9dias. Apprenez \u00e0 utiliser le mat\u00e9riel de Riverdi conform\u00e9ment aux lignes directrices en mati\u00e8re d'image de marque.\",\"breadcrumb\":{\"@id\":\"https:\\\/\\\/riverdi.com\\\/fr\\\/centre-de-medias#breadcrumb\"},\"inLanguage\":\"fr-FR\",\"potentialAction\":[{\"@type\":\"ReadAction\",\"target\":[\"https:\\\/\\\/riverdi.com\\\/fr\\\/centre-de-medias\"]}]},{\"@type\":\"BreadcrumbList\",\"@id\":\"https:\\\/\\\/riverdi.com\\\/fr\\\/centre-de-medias#breadcrumb\",\"itemListElement\":[{\"@type\":\"ListItem\",\"position\":1,\"name\":\"Front Page\",\"item\":\"https:\\\/\\\/riverdi.com\\\/fr\\\/page-daccueil\"},{\"@type\":\"ListItem\",\"position\":2,\"name\":\"Centre des m\u00e9dias\"}]},{\"@type\":\"WebSite\",\"@id\":\"https:\\\/\\\/riverdi.com\\\/fr#website\",\"url\":\"https:\\\/\\\/riverdi.com\\\/fr\",\"name\":\"Riverdi\",\"description\":\"Global TFT LCD Manufacturer\",\"potentialAction\":[{\"@type\":\"SearchAction\",\"target\":{\"@type\":\"EntryPoint\",\"urlTemplate\":\"https:\\\/\\\/riverdi.com\\\/fr?s={search_term_string}\"},\"query-input\":{\"@type\":\"PropertyValueSpecification\",\"valueRequired\":true,\"valueName\":\"search_term_string\"}}],\"inLanguage\":\"fr-FR\"}]}<\/script>\n<!-- \/ Yoast SEO plugin. -->","yoast_head_json":{"title":"Centre des m\u00e9dias - Riverdi","description":"Utilisez la m\u00e9diath\u00e8que pour acc\u00e9der \u00e0 notre logo, \u00e0 la description de notre entreprise, aux images de nos produits et \u00e0 d'autres fichiers multim\u00e9dias. Apprenez \u00e0 utiliser le mat\u00e9riel de Riverdi conform\u00e9ment aux lignes directrices en mati\u00e8re d'image de marque.","robots":{"index":"index","follow":"follow","max-snippet":"max-snippet:-1","max-image-preview":"max-image-preview:large","max-video-preview":"max-video-preview:-1"},"canonical":"https:\/\/riverdi.com\/fr\/centre-de-medias","og_locale":"fr_FR","og_type":"article","og_title":"Centre des m\u00e9dias - Riverdi","og_description":"Utilisez la m\u00e9diath\u00e8que pour acc\u00e9der \u00e0 notre logo, \u00e0 la description de notre entreprise, aux images de nos produits et \u00e0 d'autres fichiers multim\u00e9dias. Apprenez \u00e0 utiliser le mat\u00e9riel de Riverdi conform\u00e9ment aux lignes directrices en mati\u00e8re d'image de marque.","og_url":"https:\/\/riverdi.com\/fr\/centre-de-medias","og_site_name":"Riverdi","article_publisher":"https:\/\/www.facebook.com\/riverdi.displays\/","article_modified_time":"2024-08-07T13:49:12+00:00","og_image":[{"width":1024,"height":1024,"url":"https:\/\/riverdi.com\/wp-content\/uploads\/2024\/06\/logo-1.jpg","type":"image\/jpeg"}],"twitter_card":"summary_large_image","twitter_site":"@riverdidisplays","schema":{"@context":"https:\/\/schema.org","@graph":[{"@type":"WebPage","@id":"https:\/\/riverdi.com\/fr\/centre-de-medias","url":"https:\/\/riverdi.com\/fr\/centre-de-medias","name":"Centre des m\u00e9dias - Riverdi","isPartOf":{"@id":"https:\/\/riverdi.com\/fr#website"},"datePublished":"2024-08-07T12:19:16+00:00","dateModified":"2024-08-07T13:49:12+00:00","description":"Utilisez la m\u00e9diath\u00e8que pour acc\u00e9der \u00e0 notre logo, \u00e0 la description de notre entreprise, aux images de nos produits et \u00e0 d'autres fichiers multim\u00e9dias. Apprenez \u00e0 utiliser le mat\u00e9riel de Riverdi conform\u00e9ment aux lignes directrices en mati\u00e8re d'image de marque.","breadcrumb":{"@id":"https:\/\/riverdi.com\/fr\/centre-de-medias#breadcrumb"},"inLanguage":"fr-FR","potentialAction":[{"@type":"ReadAction","target":["https:\/\/riverdi.com\/fr\/centre-de-medias"]}]},{"@type":"BreadcrumbList","@id":"https:\/\/riverdi.com\/fr\/centre-de-medias#breadcrumb","itemListElement":[{"@type":"ListItem","position":1,"name":"Front Page","item":"https:\/\/riverdi.com\/fr\/page-daccueil"},{"@type":"ListItem","position":2,"name":"Centre des m\u00e9dias"}]},{"@type":"WebSite","@id":"https:\/\/riverdi.com\/fr#website","url":"https:\/\/riverdi.com\/fr","name":"Riverdi","description":"Global TFT LCD Manufacturer","potentialAction":[{"@type":"SearchAction","target":{"@type":"EntryPoint","urlTemplate":"https:\/\/riverdi.com\/fr?s={search_term_string}"},"query-input":{"@type":"PropertyValueSpecification","valueRequired":true,"valueName":"search_term_string"}}],"inLanguage":"fr-FR"}]}},"_links":{"self":[{"href":"https:\/\/riverdi.com\/fr\/wp-json\/wp\/v2\/pages\/120764","targetHints":{"allow":["GET"]}}],"collection":[{"href":"https:\/\/riverdi.com\/fr\/wp-json\/wp\/v2\/pages"}],"about":[{"href":"https:\/\/riverdi.com\/fr\/wp-json\/wp\/v2\/types\/page"}],"author":[{"embeddable":true,"href":"https:\/\/riverdi.com\/fr\/wp-json\/wp\/v2\/users\/19"}],"replies":[{"embeddable":true,"href":"https:\/\/riverdi.com\/fr\/wp-json\/wp\/v2\/comments?post=120764"}],"version-history":[{"count":0,"href":"https:\/\/riverdi.com\/fr\/wp-json\/wp\/v2\/pages\/120764\/revisions"}],"wp:attachment":[{"href":"https:\/\/riverdi.com\/fr\/wp-json\/wp\/v2\/media?parent=120764"}],"curies":[{"name":"wp","href":"https:\/\/api.w.org\/{rel}","templated":true}]}}