{"id":116301,"date":"2024-04-05T09:21:21","date_gmt":"2024-04-05T07:21:21","guid":{"rendered":"http:\/\/riverdi.com\/expedition\/"},"modified":"2024-04-05T09:21:21","modified_gmt":"2024-04-05T07:21:21","slug":"expedition","status":"publish","type":"page","link":"https:\/\/riverdi.com\/fr\/expedition","title":{"rendered":"Exp\u00e9dition"},"content":{"rendered":"<div class=\"fusion-layout-column fusion_builder_column fusion-builder-column-0 fusion_builder_column_1_1 1_1 fusion-flex-column\">\n<div class=\"fusion-column-wrapper fusion-column-has-shadow fusion-flex-justify-content-flex-start fusion-content-layout-column\">\n<div class=\"fusion-text fusion-text-1\">\n<p>Nous avons deux zones qui ont des frais d&rsquo;exp\u00e9dition diff\u00e9rents.<\/p>\n<ol>\n<li>Europe, \u00c9tats-Unis, Canada<\/li>\n<li>Reste du monde<\/li>\n<\/ol>\n<\/div>\n<div class=\"fusion-separator fusion-full-width-sep\"><\/div>\n<\/div>\n<\/div>\n<div class=\"fusion-layout-column fusion_builder_column fusion-builder-column-1 fusion_builder_column_1_2 1_2 fusion-flex-column\">\n<div class=\"fusion-column-wrapper fusion-column-has-shadow fusion-flex-justify-content-flex-start fusion-content-layout-column\">\n<div class=\"fusion-text fusion-text-2\">\n<h2><strong>Europe, \u00c9tats-Unis, Canada<\/strong><\/h2>\n<p class=\"p1\">Envoi <strong>\u00e9conomique<\/strong> (bas\u00e9 sur le poids du colis)<\/p>\n<p>jusqu&rsquo;\u00e0 2kg &#8211; $36.5<\/p>\n<p>2kg &#8211; 3kg &#8211; $45.83<\/p>\n<p>3kg &#8211; 4kg &#8211; $54.48<\/p>\n<p>4kg &#8211; 5kg &#8211; $62.44<\/p>\n<p>5kg &#8211; 6kg &#8211; $70.39<\/p>\n<p>6kg &#8211; 7kg &#8211; $75.49<\/p>\n<p>7kg &#8211; 8kg &#8211; $80.59<\/p>\n<p>8kg &#8211; 9kg &#8211; $85.69<\/p>\n<p>9kg &#8211; 10kg &#8211; $90.79<\/p>\n<p>Envoi <strong>prioritaire<\/strong> (en fonction du poids du colis)<\/p>\n<p>jusqu&rsquo;\u00e0 2kg &#8211; $41.27<\/p>\n<p>2kg &#8211; 3kg &#8211; $52.94<\/p>\n<p>3kg &#8211; 4kg &#8211; $63.76<\/p>\n<p>4kg &#8211; 5kg &#8211; $73.7<\/p>\n<p>5kg &#8211; 6kg &#8211; $83.65<\/p>\n<p>6kg &#8211; 7kg &#8211; $90<\/p>\n<p>7kg &#8211; 8kg &#8211; $96.35<\/p>\n<p>8kg &#8211; 9kg &#8211; $102.7<\/p>\n<p>9kg &#8211; 10kg &#8211; $109.04<\/p>\n<\/div>\n<\/div>\n<\/div>\n<div class=\"fusion-layout-column fusion_builder_column fusion-builder-column-2 fusion_builder_column_1_2 1_2 fusion-flex-column\">\n<div class=\"fusion-column-wrapper fusion-column-has-shadow fusion-flex-justify-content-flex-start fusion-content-layout-column\">\n<div class=\"fusion-text fusion-text-3\">\n<h2><strong>Reste du monde<\/strong><\/h2>\n<p class=\"p1\">Envoi <strong>\u00e9conomique<\/strong> (bas\u00e9 sur le poids du colis)<\/p>\n<p>jusqu&rsquo;\u00e0 2kg &#8211; $47.79<\/p>\n<p>2kg &#8211; 3kg &#8211; 63<\/p>\n<p>3kg &#8211; 4kg &#8211; $76.4<\/p>\n<p>4kg &#8211; 5kg &#8211; $87.99<\/p>\n<p>5kg &#8211; 6kg &#8211; $99.57<\/p>\n<p>6kg &#8211; 7kg &#8211; $107.91<\/p>\n<p>7kg &#8211; 8kg &#8211; $116.24<\/p>\n<p>8kg &#8211; 9kg &#8211; $124.57<\/p>\n<p>9kg &#8211; 10kg &#8211; $132.91<\/p>\n<p>Envoi <strong>prioritaire<\/strong> (en fonction du poids du colis)<\/p>\n<p>jusqu&rsquo;\u00e0 2kg &#8211; $54.95<\/p>\n<p>2kg &#8211; 3kg &#8211; $72.62<\/p>\n<p>3kg &#8211; 4kg &#8211; $89.38<\/p>\n<p>4kg &#8211; 5kg &#8211; $105.23<\/p>\n<p>5kg &#8211; 6kg &#8211; $121.09<\/p>\n<p>6kg &#8211; 7kg &#8211; $131.18<\/p>\n<p>7kg &#8211; 8kg &#8211; $141.27<\/p>\n<p>8kg &#8211; 9kg &#8211; $151.27<\/p>\n<p>9kg &#8211; 10kg &#8211; $161.46<\/p>\n<\/div>\n<\/div>\n<\/div>\n","protected":false},"excerpt":{"rendered":"<p>Nous avons deux zones qui ont des frais d&rsquo;exp\u00e9dition diff\u00e9rents. Europe, \u00c9tats-Unis, Canada Reste du monde Europe, \u00c9tats-Unis, Canada Envoi \u00e9conomique (bas\u00e9 sur le poids du colis) jusqu&rsquo;\u00e0 2kg &#8211; $36.5 2kg &#8211; 3kg &#8211; $45.83 3kg &#8211; 4kg &#8211; $54.48 4kg &#8211; 5kg &#8211; $62.44 5kg &#8211; 6kg &#8211; $70.39 6kg &#8211; 7kg &#8211; [&hellip;]<\/p>\n","protected":false},"author":19,"featured_media":0,"parent":0,"menu_order":0,"comment_status":"closed","ping_status":"closed","template":"","meta":{"_acf_changed":false,"content-type":"","inline_featured_image":false,"footnotes":""},"class_list":["post-116301","page","type-page","status-publish","hentry"],"acf":[],"yoast_head":"<!-- This site is optimized with the Yoast SEO plugin v27.0 - https:\/\/yoast.com\/product\/yoast-seo-wordpress\/ -->\n<title>Exp\u00e9dition - Riverdi<\/title>\n<meta name=\"robots\" content=\"index, follow, max-snippet:-1, max-image-preview:large, max-video-preview:-1\" \/>\n<link rel=\"canonical\" href=\"https:\/\/riverdi.com\/fr\/expedition\" \/>\n<meta property=\"og:locale\" content=\"fr_FR\" \/>\n<meta property=\"og:type\" content=\"article\" \/>\n<meta property=\"og:title\" content=\"Exp\u00e9dition - Riverdi\" \/>\n<meta property=\"og:description\" content=\"Nous avons deux zones qui ont des frais d&rsquo;exp\u00e9dition diff\u00e9rents. Europe, \u00c9tats-Unis, Canada Reste du monde Europe, \u00c9tats-Unis, Canada Envoi \u00e9conomique (bas\u00e9 sur le poids du colis) jusqu&rsquo;\u00e0 2kg &#8211; $36.5 2kg &#8211; 3kg &#8211; $45.83 3kg &#8211; 4kg &#8211; $54.48 4kg &#8211; 5kg &#8211; $62.44 5kg &#8211; 6kg &#8211; $70.39 6kg &#8211; 7kg &#8211; [&hellip;]\" \/>\n<meta property=\"og:url\" content=\"https:\/\/riverdi.com\/fr\/expedition\" \/>\n<meta property=\"og:site_name\" content=\"Riverdi\" \/>\n<meta property=\"article:publisher\" content=\"https:\/\/www.facebook.com\/riverdi.displays\/\" \/>\n<meta property=\"og:image\" content=\"https:\/\/riverdi.com\/wp-content\/uploads\/2024\/06\/logo-1.jpg\" \/>\n\t<meta property=\"og:image:width\" content=\"1024\" \/>\n\t<meta property=\"og:image:height\" content=\"1024\" \/>\n\t<meta property=\"og:image:type\" content=\"image\/jpeg\" \/>\n<meta name=\"twitter:card\" content=\"summary_large_image\" \/>\n<meta name=\"twitter:site\" content=\"@riverdidisplays\" \/>\n<meta name=\"twitter:label1\" content=\"Dur\u00e9e de lecture estim\u00e9e\" \/>\n\t<meta name=\"twitter:data1\" content=\"1 minute\" \/>\n<script type=\"application\/ld+json\" class=\"yoast-schema-graph\">{\"@context\":\"https:\/\/schema.org\",\"@graph\":[{\"@type\":\"WebPage\",\"@id\":\"https:\/\/riverdi.com\/fr\/expedition\",\"url\":\"https:\/\/riverdi.com\/fr\/expedition\",\"name\":\"Exp\u00e9dition - Riverdi\",\"isPartOf\":{\"@id\":\"https:\/\/riverdi.com\/fr#website\"},\"datePublished\":\"2024-04-05T07:21:21+00:00\",\"breadcrumb\":{\"@id\":\"https:\/\/riverdi.com\/fr\/expedition#breadcrumb\"},\"inLanguage\":\"fr-FR\",\"potentialAction\":[{\"@type\":\"ReadAction\",\"target\":[\"https:\/\/riverdi.com\/fr\/expedition\"]}]},{\"@type\":\"BreadcrumbList\",\"@id\":\"https:\/\/riverdi.com\/fr\/expedition#breadcrumb\",\"itemListElement\":[{\"@type\":\"ListItem\",\"position\":1,\"name\":\"Front Page\",\"item\":\"https:\/\/riverdi.com\/fr\/page-daccueil\"},{\"@type\":\"ListItem\",\"position\":2,\"name\":\"Exp\u00e9dition\"}]},{\"@type\":\"WebSite\",\"@id\":\"https:\/\/riverdi.com\/fr#website\",\"url\":\"https:\/\/riverdi.com\/fr\",\"name\":\"Riverdi\",\"description\":\"Global TFT LCD Manufacturer\",\"potentialAction\":[{\"@type\":\"SearchAction\",\"target\":{\"@type\":\"EntryPoint\",\"urlTemplate\":\"https:\/\/riverdi.com\/fr?s={search_term_string}\"},\"query-input\":{\"@type\":\"PropertyValueSpecification\",\"valueRequired\":true,\"valueName\":\"search_term_string\"}}],\"inLanguage\":\"fr-FR\"}]}<\/script>\n<!-- \/ Yoast SEO plugin. -->","yoast_head_json":{"title":"Exp\u00e9dition - Riverdi","robots":{"index":"index","follow":"follow","max-snippet":"max-snippet:-1","max-image-preview":"max-image-preview:large","max-video-preview":"max-video-preview:-1"},"canonical":"https:\/\/riverdi.com\/fr\/expedition","og_locale":"fr_FR","og_type":"article","og_title":"Exp\u00e9dition - Riverdi","og_description":"Nous avons deux zones qui ont des frais d&rsquo;exp\u00e9dition diff\u00e9rents. Europe, \u00c9tats-Unis, Canada Reste du monde Europe, \u00c9tats-Unis, Canada Envoi \u00e9conomique (bas\u00e9 sur le poids du colis) jusqu&rsquo;\u00e0 2kg &#8211; $36.5 2kg &#8211; 3kg &#8211; $45.83 3kg &#8211; 4kg &#8211; $54.48 4kg &#8211; 5kg &#8211; $62.44 5kg &#8211; 6kg &#8211; $70.39 6kg &#8211; 7kg &#8211; [&hellip;]","og_url":"https:\/\/riverdi.com\/fr\/expedition","og_site_name":"Riverdi","article_publisher":"https:\/\/www.facebook.com\/riverdi.displays\/","og_image":[{"width":1024,"height":1024,"url":"https:\/\/riverdi.com\/wp-content\/uploads\/2024\/06\/logo-1.jpg","type":"image\/jpeg"}],"twitter_card":"summary_large_image","twitter_site":"@riverdidisplays","twitter_misc":{"Dur\u00e9e de lecture estim\u00e9e":"1 minute"},"schema":{"@context":"https:\/\/schema.org","@graph":[{"@type":"WebPage","@id":"https:\/\/riverdi.com\/fr\/expedition","url":"https:\/\/riverdi.com\/fr\/expedition","name":"Exp\u00e9dition - Riverdi","isPartOf":{"@id":"https:\/\/riverdi.com\/fr#website"},"datePublished":"2024-04-05T07:21:21+00:00","breadcrumb":{"@id":"https:\/\/riverdi.com\/fr\/expedition#breadcrumb"},"inLanguage":"fr-FR","potentialAction":[{"@type":"ReadAction","target":["https:\/\/riverdi.com\/fr\/expedition"]}]},{"@type":"BreadcrumbList","@id":"https:\/\/riverdi.com\/fr\/expedition#breadcrumb","itemListElement":[{"@type":"ListItem","position":1,"name":"Front Page","item":"https:\/\/riverdi.com\/fr\/page-daccueil"},{"@type":"ListItem","position":2,"name":"Exp\u00e9dition"}]},{"@type":"WebSite","@id":"https:\/\/riverdi.com\/fr#website","url":"https:\/\/riverdi.com\/fr","name":"Riverdi","description":"Global TFT LCD Manufacturer","potentialAction":[{"@type":"SearchAction","target":{"@type":"EntryPoint","urlTemplate":"https:\/\/riverdi.com\/fr?s={search_term_string}"},"query-input":{"@type":"PropertyValueSpecification","valueRequired":true,"valueName":"search_term_string"}}],"inLanguage":"fr-FR"}]}},"_links":{"self":[{"href":"https:\/\/riverdi.com\/fr\/wp-json\/wp\/v2\/pages\/116301","targetHints":{"allow":["GET"]}}],"collection":[{"href":"https:\/\/riverdi.com\/fr\/wp-json\/wp\/v2\/pages"}],"about":[{"href":"https:\/\/riverdi.com\/fr\/wp-json\/wp\/v2\/types\/page"}],"author":[{"embeddable":true,"href":"https:\/\/riverdi.com\/fr\/wp-json\/wp\/v2\/users\/19"}],"replies":[{"embeddable":true,"href":"https:\/\/riverdi.com\/fr\/wp-json\/wp\/v2\/comments?post=116301"}],"version-history":[{"count":0,"href":"https:\/\/riverdi.com\/fr\/wp-json\/wp\/v2\/pages\/116301\/revisions"}],"wp:attachment":[{"href":"https:\/\/riverdi.com\/fr\/wp-json\/wp\/v2\/media?parent=116301"}],"curies":[{"name":"wp","href":"https:\/\/api.w.org\/{rel}","templated":true}]}}