{"id":116290,"date":"2024-04-05T09:19:40","date_gmt":"2024-04-05T07:19:40","guid":{"rendered":"http:\/\/riverdi.com\/conditions\/"},"modified":"2024-09-12T14:10:35","modified_gmt":"2024-09-12T12:10:35","slug":"conditions","status":"publish","type":"page","link":"https:\/\/riverdi.com\/fr\/conditions","title":{"rendered":"Conditions d&rsquo;utilisation"},"content":{"rendered":"<h2>1. Champ d&rsquo;application<\/h2>\n<p><b>1.1<\/b> Les pr\u00e9sentes conditions g\u00e9n\u00e9rales (ci-apr\u00e8s \u00ab\u00a0CG\u00a0\u00bb) du site Internet de Riverdi sp. z o. o. Sp. k. dont le si\u00e8ge est \u00e0 Gda\u0144sk (Pologne), avec le num\u00e9ro d&rsquo;entreprise KRS 0000715225 et l&rsquo;ID de TVA PL5842767153 (ci-apr\u00e8s \u00ab\u00a0Riverdi\u00a0\u00bb), constituent la base de toutes les offres, livraisons et services de Riverdi. Riverdi conclut tous les contrats uniquement sur la base des pr\u00e9sentes CGV. Les conditions contraires d&rsquo;autres parties (partenaires commerciaux) ne sont pertinentes que si Riverdi les a accept\u00e9es par \u00e9crit au pr\u00e9alable.<\/p>\n<p>1.2 La version en vigueur des pr\u00e9sentes CGV est actuellement publi\u00e9e sur le site web de Riverdi www.riverdi.com, o\u00f9 elle peut \u00eatre lue et imprim\u00e9e.<\/p>\n<p><b>1.3<\/b> Les pr\u00e9sentes CGV sont valables pour tous les partenaires contractuels de Riverdi (\u00ab\u00a0clients\u00a0\u00bb), et donc pour les entrepreneurs uniquement. Un entrepreneur est une personne physique, une personne morale ou une unit\u00e9 organisationnelle qui exerce une activit\u00e9 \u00e9conomique ou professionnelle en son nom propre.<\/p>\n<p>1.4 Riverdi conclut des contrats exclusivement avec des entrepreneurs.<\/p>\n<p>1.5 Si une commande a \u00e9t\u00e9 pass\u00e9e par une personne qui ne remplit pas ces conditions (1.3 et 1.4), Riverdi a le droit d&rsquo;annuler le contrat dans un d\u00e9lai raisonnable apr\u00e8s que Riverdi a per\u00e7u ledit d\u00e9faut.<\/p>\n<h2>2. Offre et conclusion du contrat<\/h2>\n<p><b>2.1<\/b> Toutes les offres sur le site web de Riverdi <a href=\"https:\/\/riverdi.com\/\">www.riverdi.com<\/a> ne constituent pas une offre au sens du code civil polonais et ne sont pas contraignantes. Un contrat liant Riverdi n&rsquo;est conclu que par les actions et\/ou d\u00e9clarations suivantes de Riverdi :<\/p>\n<ul>\n<li>l&rsquo;envoi de la confirmation \u00e9crite de la commande, ou<\/li>\n<li>l&rsquo;exp\u00e9dition des marchandises command\u00e9es, ou<\/li>\n<li>fournir le service command\u00e9.<\/li>\n<\/ul>\n<p>2.2 Riverdi se r\u00e9serve le droit de refuser l&rsquo;acceptation de toute commande sans avoir \u00e0 en donner les raisons.<\/p>\n<p><b>2.3<\/b> Si Riverdi ne peut pas accepter une commande d&rsquo;un client, par exemple parce que le produit ou le service command\u00e9 n&rsquo;est pas disponible, Riverdi est tenu d&rsquo;en informer le client sans d\u00e9lai et de lui rembourser les paiements d\u00e9j\u00e0 effectu\u00e9s. Il en va de m\u00eame si l&rsquo;offre d&rsquo;un client n&rsquo;est pas accept\u00e9e par Riverdi. Cette obligation ne s&rsquo;applique pas si le traitement de la commande est entrav\u00e9 par un d\u00e9faut technique (tel qu&rsquo;une panne du serveur de messagerie, etc.).<\/p>\n<h2>3.0 RMA, Return Material Approval (approbation de retour de mat\u00e9riel)<\/h2>\n<p>Le client est tenu de demander un num\u00e9ro RMA par \u00e9crit avant de renvoyer un produit achet\u00e9 chez Riverdi. Ce num\u00e9ro RMA doit \u00eatre indiqu\u00e9 sur le colis de mani\u00e8re lisible et visible. Les retours non annonc\u00e9s ou mal \u00e9tiquet\u00e9s ne seront pas accept\u00e9s, sans exception. Les frais qui en d\u00e9coulent sont \u00e0 la charge de l&rsquo;exp\u00e9diteur.<\/p>\n<h2>4. Condition pr\u00e9alable de disponibilit\u00e9<\/h2>\n<p>Si un service ou un bien d\u00e9j\u00e0 command\u00e9 aupr\u00e8s de Riverdi s&rsquo;av\u00e8re ne plus \u00eatre disponible pour quelque raison que ce soit, Riverdi a le droit de proposer des biens ou des services de qualit\u00e9 et de prix \u00e9quivalents ou de r\u00e9silier le contrat. L&rsquo;offre de Riverdi de remplacement ou de retrait sera \u00e9mise sans d\u00e9lai excessif, au plus tard dans les trois jours ouvrables suivant la r\u00e9ception de la commande. Ces offres sont \u00e9mises sans d\u00e9lai excessif, au plus tard dans les trois jours ouvrables suivant la r\u00e9ception de la commande. En cas d&rsquo;annulation du contrat, Riverdi remboursera imm\u00e9diatement le paiement.<\/p>\n<h2>5. Prix<\/h2>\n<p>5.1 Sauf indication contraire explicite, tous les prix indiqu\u00e9s par Riverdi s&rsquo;entendent hors taxes et frais applicables.<\/p>\n<p><b>5.2<\/b> En cas d&rsquo;informations essentiellement erron\u00e9es ou essentiellement incompl\u00e8tes sur les produits ou les prix publi\u00e9es par Riverdi, Riverdi en informera le client imm\u00e9diatement apr\u00e8s avoir constat\u00e9 l&rsquo;erreur ou l&rsquo;incompl\u00e9tude. Par la suite, les deux parties contractantes ont le droit de r\u00e9affirmer ou d&rsquo;annuler le contrat dans un d\u00e9lai de quatorze jours. En cas d&rsquo;annulation d&rsquo;un contrat, la derni\u00e8re phrase de la section 4. ci-dessus s&rsquo;applique.<\/p>\n<h2>6. Conditions de paiement<\/h2>\n<p>6.1 Sauf indication contraire dans la description d&rsquo;un produit donn\u00e9, Riverdi propose uniquement les options de paiement anticip\u00e9 suivantes : virement bancaire et carte de cr\u00e9dit.<\/p>\n<p><b>6.2<\/b> Les paiements ne sont consid\u00e9r\u00e9s comme effectu\u00e9s qu&rsquo;au moment de la r\u00e9ception (date de valeur) sur le compte bancaire de Riverdi et doivent \u00eatre effectu\u00e9s sans aucune d\u00e9duction pour Riverdi. Les biens ou services command\u00e9s ne seront pas fournis avant la r\u00e9ception du paiement int\u00e9gral par Riverdi.<\/p>\n<p>6.3 Des frais suppl\u00e9mentaires, tels que des taxes, des redevances, des droits de douane, etc. peuvent \u00eatre encourus pour les livraisons dans des pays situ\u00e9s en dehors de l&rsquo;Union europ\u00e9enne.<\/p>\n<h2>7. Fourniture, transport, retard de r\u00e9ception<\/h2>\n<p>7.1 Les marchandises sont livr\u00e9es \u00e0 l&rsquo;adresse de livraison indiqu\u00e9e par le client (voir section 11.2).<\/p>\n<p><b>7.2<\/b> Avec la remise des marchandises au transporteur, les co\u00fbts et les risques sont transf\u00e9r\u00e9s au client conform\u00e9ment \u00e0 EXW Gda\u0144sk (Incoterms 2010). Les d\u00e9lais de livraison indiqu\u00e9s par Riverdi ne sont pas contraignants. Tous les envois sont assur\u00e9s contre les dommages ou les pertes.<\/p>\n<p>7.3 Tous les cas de force majeure entra\u00eenent le report du calendrier de livraison convenu d&rsquo;une p\u00e9riode correspondant \u00e0 la dur\u00e9e du cas de force majeure en question.<\/p>\n<p><b>7.4<\/b> Si le client n&rsquo;a pas accept\u00e9 les marchandises comme convenu (acceptation tardive) et qu&rsquo;un d\u00e9lai raisonnable s&rsquo;est \u00e9coul\u00e9 sans acceptation en bonne et due forme, Riverdi est en droit de facturer au client tous les frais occasionn\u00e9s par cette situation. En outre, dans ce cas, Riverdi a le choix entre (i) soit d&rsquo;insister sur l&rsquo;ex\u00e9cution du contrat (ii) de d\u00e9clarer le contrat nul, sous r\u00e9serve d&rsquo;un d\u00e9lai de gr\u00e2ce d&rsquo;au moins deux semaines, et d&rsquo;utiliser ensuite les marchandises autrement.<\/p>\n<h2>8. R\u00e9serve de propri\u00e9t\u00e9<\/h2>\n<p>Les marchandises livr\u00e9es restent la propri\u00e9t\u00e9 de Riverdi jusqu&rsquo;\u00e0 ce que le paiement int\u00e9gral ait \u00e9t\u00e9 re\u00e7u. Il en va de m\u00eame pour les biens remplac\u00e9s par Riverdi dans le cadre de l&rsquo;ex\u00e9cution de la garantie.<\/p>\n<h2>9. Garantie et indemnisation des dommages<\/h2>\n<p><b>9.1 <\/b>Riverdi garantit le bon fonctionnement des marchandises pendant une p\u00e9riode de 12 mois \u00e0 compter de la date de prise de possession des marchandises. Si, \u00e0 la suite de l&rsquo;ex\u00e9cution de l&rsquo;obligation d\u00e9coulant de la pr\u00e9sente garantie, le client re\u00e7oit un bien exempt de d\u00e9faut au lieu du bien d\u00e9fectueux, la p\u00e9riode d&rsquo;application de la garantie recommence \u00e0 courir \u00e0 partir du moment o\u00f9 le client re\u00e7oit le bien exempt de d\u00e9faut.<\/p>\n<p>9.2 En cas de dysfonctionnement ou d&rsquo;endommagement des marchandises, le client respectera les conditions et la proc\u00e9dure RMA suivantes :<\/p>\n<ol>\n<li>Si le client signale qu&rsquo;un produit ne fonctionne pas correctement, il doit informer l&rsquo;\u00e9quipe d&rsquo;assistance technique de Riverdi des d\u00e9tails du probl\u00e8me. Apr\u00e8s avoir recueilli toutes les informations pertinentes sur le dysfonctionnement, l&rsquo;\u00e9quipe d&rsquo;assistance technique de Riverdi d\u00e9cide si la r\u00e9paration peut \u00eatre effectu\u00e9e par le client. Dans le cas contraire, l&rsquo;article sera remis au Riverdi, accompagn\u00e9 de la facture et de la date d&rsquo;achat par le client final.<\/li>\n<li>Sur la base des informations fournies par le client, Riverdi d\u00e9terminera si le(s) bien(s) peut\/peuvent \u00eatre r\u00e9par\u00e9(s) et si le(s) bien(s) peut\/peuvent \u00eatre r\u00e9par\u00e9(s) sous garantie.<\/li>\n<li>Si le(s) produit(s) peut(vent) \u00eatre r\u00e9par\u00e9(s) sous garantie, et que cela ne peut \u00eatre fait \u00e0 distance, Riverdi fournira au client un num\u00e9ro RMA et demandera au client de renvoyer le(s) produit(s) d\u00e9fectueux pour r\u00e9paration ou remplacement. Le RMA contient des instructions pr\u00e9cises sur la proc\u00e9dure de retour.<\/li>\n<li>Le client doit renvoyer le(s) produit(s) d\u00e9fectueux \u00e0 ses frais avec le(s) num\u00e9ro(s) RMA clairement visible(s) sur l&#8217;emballage. Les colis dont le num\u00e9ro RMA n&rsquo;est pas visible sur l&#8217;emballage ne seront pas accept\u00e9s.<\/li>\n<li>Apr\u00e8s avoir examin\u00e9 et test\u00e9 le(s) produit(s) retourn\u00e9(s), Riverdi pourra soit (i) r\u00e9parer ou (ii) remplacer le(s) bien(s) au client aux frais de Riverdi et dans les meilleurs d\u00e9lais, mais au plus tard 30 (trente) jours apr\u00e8s r\u00e9ception du colis concern\u00e9.<\/li>\n<\/ol>\n<p>9.3 Riverdi n&rsquo;est pas responsable en cas de d\u00e9passement des d\u00e9lais d&rsquo;ex\u00e9cution d&rsquo;une r\u00e9paration ou d&rsquo;une livraison au client si ce retard est d\u00fb \u00e0 un cas de force majeure.<\/p>\n<p>9.4 La garantie ne comprend pas<\/p>\n<ol>\n<li>les dommages caus\u00e9s au bien par son utilisateur dans le cadre d&rsquo;une utilisation inappropri\u00e9e du bien ou d&rsquo;une utilisation du bien non conforme au mode d&#8217;emploi qui porte \u00e9galement sur son installation et son entretien ;<\/li>\n<li>les dommages caus\u00e9s au bien par une utilisation contraire \u00e0 l&rsquo;usage auquel il est destin\u00e9 ;<\/li>\n<li>les activit\u00e9s d&rsquo;entretien pr\u00e9vues dans les instructions d&rsquo;utilisation ;<\/li>\n<li>les dommages caus\u00e9s au bien \u00e0 la suite d&rsquo;une r\u00e9paration effectu\u00e9e par une personne autre que Riverdi ;<\/li>\n<li>l&rsquo;adaptation ou les modifications de construction du produit effectu\u00e9es par une personne autre que Riverdi ;<\/li>\n<li>les dommages caus\u00e9s au bien par des facteurs externes (par exemple, les d\u00e9charges atmosph\u00e9riques, le mauvais fonctionnement du r\u00e9seau \u00e9lectrique, de l&rsquo;eau, de l&rsquo;\u00e9nergie, etc \ud83d\ude09<\/li>\n<li>les dommages caus\u00e9s au bien lors de sa livraison.<\/li>\n<\/ol>\n<p>9.5 En cas de demande de r\u00e9paration injustifi\u00e9e, le client supporte tous les frais li\u00e9s \u00e0 la livraison du ou des biens et \u00e0 leur r\u00e9paration.<\/p>\n<p>9.6 Les dispositions du code civil (en particulier les dispositions des articles 577 \u00e0 581) sont exclues.<\/p>\n<p>9.7 Riverdi n&rsquo;offre pas de garantie pour les produits d&rsquo;occasion.<\/p>\n<p><b>10.4<\/b> Le client est tenu de s\u00e9curiser de mani\u00e8re ad\u00e9quate les donn\u00e9es d\u00e9j\u00e0 existantes sur les syst\u00e8mes informatiques avant d&rsquo;installer tout logiciel achet\u00e9 aupr\u00e8s de Riverdi. Riverdi n&rsquo;est pas responsable de la perte de donn\u00e9es.<\/p>\n<h2>10. Responsabilit\u00e9<\/h2>\n<p>10.1 La responsabilit\u00e9 au titre de la garantie pr\u00e9vue par le code civil polonais est exclue.<\/p>\n<p>10.2 En ce qui concerne les dommages mat\u00e9riels (dommages aux biens), l&rsquo;\u00e9ventuelle responsabilit\u00e9 de Riverdi pour violation d&rsquo;obligations contractuelles essentielles (obligation cardinale) est limit\u00e9e aux dommages typiques et moyens pr\u00e9visibles.<\/p>\n<p>10.3 Dans la mesure o\u00f9 Riverdi ne viole des obligations contractuelles non essentielles que par une n\u00e9gligence l\u00e9g\u00e8re, l&rsquo;obligation d&rsquo;indemnisation est limit\u00e9e \u00e0 la valeur du contrat.<\/p>\n<h2>11. Changement d&rsquo;adresse<\/h2>\n<p>Tant que la transaction contractuelle n&rsquo;est pas ex\u00e9cut\u00e9e par les deux parties, le client est tenu d&rsquo;informer imm\u00e9diatement Riverdi de toute modification de ses donn\u00e9es de base (adresse, etc.). En cas d&rsquo;omission de ces informations, les donn\u00e9es r\u00e9cemment fournies \u00e0 Riverdi par le client sont consid\u00e9r\u00e9es comme valables. Riverdi n&rsquo;est pas responsable des dommages ou des pertes caus\u00e9s par l&rsquo;omission du client d&rsquo;informer Riverdi en temps voulu d&rsquo;un changement de donn\u00e9es.<\/p>\n<h2>12. Choix de la loi et du for, langue du contrat, lieu d&rsquo;ex\u00e9cution et dispositions finales<\/h2>\n<p><b>12.1<\/b> Le droit de la R\u00e9publique de Pologne, \u00e0 l&rsquo;exclusion des r\u00e8gles relatives aux conflits de lois, est applicable \u00e0 toutes les relations juridiques entre les parties contractantes. La Convention des Nations unies sur les contrats de vente internationale de marchandises (CNUDCI) n&rsquo;est pas applicable et est express\u00e9ment exclue.<\/p>\n<p>12.2 Pour tous les contrats, la langue utilis\u00e9e est l&rsquo;anglais.<\/p>\n<p>12.3 Les tribunaux polonais sont exclusivement comp\u00e9tents pour r\u00e9gler tout litige ou toute r\u00e9clamation d\u00e9coulant du pr\u00e9sent contrat ou en rapport avec celui-ci (y compris toute question relative \u00e0 son objet, \u00e0 son existence, \u00e0 sa validit\u00e9 ou \u00e0 sa r\u00e9siliation et y compris les litiges ou r\u00e9clamations non contractuels).<\/p>\n<p>12.4 Si une disposition du contrat entre le client et Riverdi, y compris les pr\u00e9sentes conditions g\u00e9n\u00e9rales, est ou sera totalement ou partiellement invalide ou contient des dispositions nulles, la validit\u00e9 des autres dispositions n&rsquo;en sera pas affect\u00e9e.<\/p>\n<h2>13. Exp\u00e9dition<\/h2>\n<p>Plus de d\u00e9tails <a href=\"https:\/\/riverdi.com\/shipping\/\">ici<\/a><\/p>\n<h2>14. Informations sur les clients<\/h2>\n<p>Le partenaire contractuel est :<\/p>\n<p>Riverdi sp. z o. o.<br \/>\n<i>Service client\u00e8le<\/i><br \/>\nNowy Swiat 36<br \/>\n80299 Gdansk<br \/>\nPologne<\/p>\n<p>T\u00e9l\u00e9phone : +48 58 7703116 +48 58 7703116<br \/>\nCourriel : contact@riverdi.com<\/p>\n<p>ID TVA : PL5842767153<br \/>\nNum\u00e9ro d&rsquo;enregistrement (KRS) : 0000923967<\/p>\n<p>&nbsp;<\/p>\n<h2>15. Droit de R\u00e9tractation<\/h2>\n<p><strong>15.1<\/strong> Les clients qui sont des consommateurs (personnes physiques achetant des biens \u00e0 des fins non directement li\u00e9es \u00e0 leur activit\u00e9 professionnelle ou commerciale) ont le droit de se r\u00e9tracter du contrat d&rsquo;achat sans donner de motif dans un d\u00e9lai de 14 jours \u00e0 compter de la date de r\u00e9ception des biens.<\/p>\n<p><strong>15.2<\/strong> Pour exercer ce droit, le client doit en informer Riverdi en envoyant un e-mail \u00e0 <a href=\"mailto:order@riverdi.com\">order@riverdi.com<\/a> dans le d\u00e9lai de 14 jours.<\/p>\n<p><strong>15.3<\/strong> Les biens retourn\u00e9s doivent \u00eatre renvoy\u00e9s dans leur \u00e9tat d&rsquo;origine, accompagn\u00e9s de tous les accessoires, emballages et documentation, \u00e0 l&rsquo;adresse fournie par Riverdi apr\u00e8s la prise de contact.<\/p>\n<p><strong>15.4<\/strong> Les frais de retour des biens sont \u00e0 la charge du client.<\/p>\n<p>&nbsp;<\/p>\n","protected":false},"excerpt":{"rendered":"<p>1. Champ d&rsquo;application 1.1 Les pr\u00e9sentes conditions g\u00e9n\u00e9rales (ci-apr\u00e8s \u00ab\u00a0CG\u00a0\u00bb) du site Internet de Riverdi sp. z o. o. Sp. k. dont le si\u00e8ge est \u00e0 Gda\u0144sk (Pologne), avec le num\u00e9ro d&rsquo;entreprise KRS 0000715225 et l&rsquo;ID de TVA PL5842767153 (ci-apr\u00e8s \u00ab\u00a0Riverdi\u00a0\u00bb), constituent la base de toutes les offres, livraisons et services de Riverdi. Riverdi conclut [&hellip;]<\/p>\n","protected":false},"author":19,"featured_media":0,"parent":0,"menu_order":0,"comment_status":"closed","ping_status":"closed","template":"","meta":{"_acf_changed":false,"content-type":"","inline_featured_image":false,"footnotes":""},"class_list":["post-116290","page","type-page","status-publish","hentry"],"acf":[],"yoast_head":"<!-- This site is optimized with the Yoast SEO plugin v27.0 - https:\/\/yoast.com\/product\/yoast-seo-wordpress\/ -->\n<title>Conditions d&#039;utilisation - Riverdi<\/title>\n<meta name=\"robots\" content=\"index, follow, max-snippet:-1, max-image-preview:large, max-video-preview:-1\" \/>\n<link rel=\"canonical\" href=\"https:\/\/riverdi.com\/fr\/conditions\" \/>\n<meta property=\"og:locale\" content=\"fr_FR\" \/>\n<meta property=\"og:type\" content=\"article\" \/>\n<meta property=\"og:title\" content=\"Conditions d&#039;utilisation - Riverdi\" \/>\n<meta property=\"og:description\" content=\"1. Champ d&rsquo;application 1.1 Les pr\u00e9sentes conditions g\u00e9n\u00e9rales (ci-apr\u00e8s \u00ab\u00a0CG\u00a0\u00bb) du site Internet de Riverdi sp. z o. o. Sp. k. dont le si\u00e8ge est \u00e0 Gda\u0144sk (Pologne), avec le num\u00e9ro d&rsquo;entreprise KRS 0000715225 et l&rsquo;ID de TVA PL5842767153 (ci-apr\u00e8s \u00ab\u00a0Riverdi\u00a0\u00bb), constituent la base de toutes les offres, livraisons et services de Riverdi. Riverdi conclut [&hellip;]\" \/>\n<meta property=\"og:url\" content=\"https:\/\/riverdi.com\/fr\/conditions\" \/>\n<meta property=\"og:site_name\" content=\"Riverdi\" \/>\n<meta property=\"article:publisher\" content=\"https:\/\/www.facebook.com\/riverdi.displays\/\" \/>\n<meta property=\"article:modified_time\" content=\"2024-09-12T12:10:35+00:00\" \/>\n<meta property=\"og:image\" content=\"https:\/\/riverdi.com\/wp-content\/uploads\/2024\/06\/logo-1.jpg\" \/>\n\t<meta property=\"og:image:width\" content=\"1024\" \/>\n\t<meta property=\"og:image:height\" content=\"1024\" \/>\n\t<meta property=\"og:image:type\" content=\"image\/jpeg\" \/>\n<meta name=\"twitter:card\" content=\"summary_large_image\" \/>\n<meta name=\"twitter:site\" content=\"@riverdidisplays\" \/>\n<meta name=\"twitter:label1\" content=\"Dur\u00e9e de lecture estim\u00e9e\" \/>\n\t<meta name=\"twitter:data1\" content=\"9 minutes\" \/>\n<script type=\"application\/ld+json\" class=\"yoast-schema-graph\">{\"@context\":\"https:\/\/schema.org\",\"@graph\":[{\"@type\":\"WebPage\",\"@id\":\"https:\/\/riverdi.com\/fr\/conditions\",\"url\":\"https:\/\/riverdi.com\/fr\/conditions\",\"name\":\"Conditions d'utilisation - Riverdi\",\"isPartOf\":{\"@id\":\"https:\/\/riverdi.com\/fr#website\"},\"datePublished\":\"2024-04-05T07:19:40+00:00\",\"dateModified\":\"2024-09-12T12:10:35+00:00\",\"breadcrumb\":{\"@id\":\"https:\/\/riverdi.com\/fr\/conditions#breadcrumb\"},\"inLanguage\":\"fr-FR\",\"potentialAction\":[{\"@type\":\"ReadAction\",\"target\":[\"https:\/\/riverdi.com\/fr\/conditions\"]}]},{\"@type\":\"BreadcrumbList\",\"@id\":\"https:\/\/riverdi.com\/fr\/conditions#breadcrumb\",\"itemListElement\":[{\"@type\":\"ListItem\",\"position\":1,\"name\":\"Front Page\",\"item\":\"https:\/\/riverdi.com\/fr\/page-daccueil\"},{\"@type\":\"ListItem\",\"position\":2,\"name\":\"Conditions d&#8217;utilisation\"}]},{\"@type\":\"WebSite\",\"@id\":\"https:\/\/riverdi.com\/fr#website\",\"url\":\"https:\/\/riverdi.com\/fr\",\"name\":\"Riverdi\",\"description\":\"Global TFT LCD Manufacturer\",\"potentialAction\":[{\"@type\":\"SearchAction\",\"target\":{\"@type\":\"EntryPoint\",\"urlTemplate\":\"https:\/\/riverdi.com\/fr?s={search_term_string}\"},\"query-input\":{\"@type\":\"PropertyValueSpecification\",\"valueRequired\":true,\"valueName\":\"search_term_string\"}}],\"inLanguage\":\"fr-FR\"}]}<\/script>\n<!-- \/ Yoast SEO plugin. -->","yoast_head_json":{"title":"Conditions d'utilisation - Riverdi","robots":{"index":"index","follow":"follow","max-snippet":"max-snippet:-1","max-image-preview":"max-image-preview:large","max-video-preview":"max-video-preview:-1"},"canonical":"https:\/\/riverdi.com\/fr\/conditions","og_locale":"fr_FR","og_type":"article","og_title":"Conditions d'utilisation - Riverdi","og_description":"1. Champ d&rsquo;application 1.1 Les pr\u00e9sentes conditions g\u00e9n\u00e9rales (ci-apr\u00e8s \u00ab\u00a0CG\u00a0\u00bb) du site Internet de Riverdi sp. z o. o. Sp. k. dont le si\u00e8ge est \u00e0 Gda\u0144sk (Pologne), avec le num\u00e9ro d&rsquo;entreprise KRS 0000715225 et l&rsquo;ID de TVA PL5842767153 (ci-apr\u00e8s \u00ab\u00a0Riverdi\u00a0\u00bb), constituent la base de toutes les offres, livraisons et services de Riverdi. Riverdi conclut [&hellip;]","og_url":"https:\/\/riverdi.com\/fr\/conditions","og_site_name":"Riverdi","article_publisher":"https:\/\/www.facebook.com\/riverdi.displays\/","article_modified_time":"2024-09-12T12:10:35+00:00","og_image":[{"width":1024,"height":1024,"url":"https:\/\/riverdi.com\/wp-content\/uploads\/2024\/06\/logo-1.jpg","type":"image\/jpeg"}],"twitter_card":"summary_large_image","twitter_site":"@riverdidisplays","twitter_misc":{"Dur\u00e9e de lecture estim\u00e9e":"9 minutes"},"schema":{"@context":"https:\/\/schema.org","@graph":[{"@type":"WebPage","@id":"https:\/\/riverdi.com\/fr\/conditions","url":"https:\/\/riverdi.com\/fr\/conditions","name":"Conditions d'utilisation - Riverdi","isPartOf":{"@id":"https:\/\/riverdi.com\/fr#website"},"datePublished":"2024-04-05T07:19:40+00:00","dateModified":"2024-09-12T12:10:35+00:00","breadcrumb":{"@id":"https:\/\/riverdi.com\/fr\/conditions#breadcrumb"},"inLanguage":"fr-FR","potentialAction":[{"@type":"ReadAction","target":["https:\/\/riverdi.com\/fr\/conditions"]}]},{"@type":"BreadcrumbList","@id":"https:\/\/riverdi.com\/fr\/conditions#breadcrumb","itemListElement":[{"@type":"ListItem","position":1,"name":"Front Page","item":"https:\/\/riverdi.com\/fr\/page-daccueil"},{"@type":"ListItem","position":2,"name":"Conditions d&#8217;utilisation"}]},{"@type":"WebSite","@id":"https:\/\/riverdi.com\/fr#website","url":"https:\/\/riverdi.com\/fr","name":"Riverdi","description":"Global TFT LCD Manufacturer","potentialAction":[{"@type":"SearchAction","target":{"@type":"EntryPoint","urlTemplate":"https:\/\/riverdi.com\/fr?s={search_term_string}"},"query-input":{"@type":"PropertyValueSpecification","valueRequired":true,"valueName":"search_term_string"}}],"inLanguage":"fr-FR"}]}},"_links":{"self":[{"href":"https:\/\/riverdi.com\/fr\/wp-json\/wp\/v2\/pages\/116290","targetHints":{"allow":["GET"]}}],"collection":[{"href":"https:\/\/riverdi.com\/fr\/wp-json\/wp\/v2\/pages"}],"about":[{"href":"https:\/\/riverdi.com\/fr\/wp-json\/wp\/v2\/types\/page"}],"author":[{"embeddable":true,"href":"https:\/\/riverdi.com\/fr\/wp-json\/wp\/v2\/users\/19"}],"replies":[{"embeddable":true,"href":"https:\/\/riverdi.com\/fr\/wp-json\/wp\/v2\/comments?post=116290"}],"version-history":[{"count":2,"href":"https:\/\/riverdi.com\/fr\/wp-json\/wp\/v2\/pages\/116290\/revisions"}],"predecessor-version":[{"id":121534,"href":"https:\/\/riverdi.com\/fr\/wp-json\/wp\/v2\/pages\/116290\/revisions\/121534"}],"wp:attachment":[{"href":"https:\/\/riverdi.com\/fr\/wp-json\/wp\/v2\/media?parent=116290"}],"curies":[{"name":"wp","href":"https:\/\/api.w.org\/{rel}","templated":true}]}}