{"id":116271,"date":"2024-03-22T13:50:52","date_gmt":"2024-03-22T12:50:52","guid":{"rendered":"http:\/\/riverdi.com\/contact\/"},"modified":"2025-10-09T09:32:28","modified_gmt":"2025-10-09T07:32:28","slug":"contact","status":"publish","type":"page","link":"https:\/\/riverdi.com\/fr\/contact","title":{"rendered":"Contact"},"content":{"rendered":"\n<section class=\"contact_section vertical-mobile-margin\">\n   <div class=\"container-small\">\n      <div class=\"contact_section__wrapper\">\n         <div class=\"contact_section__col contact_section__col--2\">\n            <p>\n               <script charSet=\"utf-8\" type=\"text\/javascript\" src=\"\/\/js-eu1.hsforms.net\/forms\/embed\/v2.js\"><\/script><br>\n<script data-hubspot-rendered=\"true\">\n                        hbspt.forms.create({\n                            region: \"eu1\",\n                            portalId: \"143725558\",\n                            formId: \"18f20adc-c931-44f6-aa42-da7c7d90611e\",\n                            onFormReady: function () {\n                                setTimeout(function () {\n                                    var last_clicked_field = '';\n                                    jQuery('#hsForm_18f20adc-c931-44f6-aa42-da7c7d90611e').on('click', function (e) {\n                                        if (last_clicked_field == '') {\n                                            window.dataLayer = window.dataLayer || [];\n                                            window.dataLayer.push({\n                                                event: 'form_start',\n                                                form_name: 'Contact'\n                                            });\n                                        }\n                                        var inputName = jQuery(e.target).attr('name');\n                                        if (inputName !== undefined && inputName.length > 3 && last_clicked_field != inputName) {\n                                            window.dataLayer = window.dataLayer || [];\n                                            window.dataLayer.push({\n                                                event: 'click_form_field',\n                                                form_field_name: inputName,\n                                                form_name: 'Contact'\n                                            });\n                                            last_clicked_field = inputName;\n                                        }\n                                    });\n                                }, 300);\n                            }\n                        });\n                        function reportErrors() {\n                            jQuery('#hsForm_18f20adc-c931-44f6-aa42-da7c7d90611e .hs-form-field').each(function () {\n                                var $field = jQuery(this);\n                                var fieldName = $field.find('.input').find('input, select, textarea').attr('name');\n                                $field.find('.hs-error-msgs li').each(function () {\n                                    var errorText = jQuery(this).text().trim();\n                                    window.dataLayer = window.dataLayer || [];\n                                    var payload = {\n                                        event: 'form_field_error',\n                                        form_name: 'Contact',\n                                        form_field_name: fieldName,\n                                        error_type: 'B\u0142\u0105d walidacji',\n                                        error_message: errorText\n                                    };\n                                    window.dataLayer.push(payload);\n                                });\n                            });\n                            var otherError = jQuery('.hs_error_rollup').text();\n                            if(otherError.length > 0){\n                                window.dataLayer = window.dataLayer || [];\n                                window.dataLayer.push({\n                                    event: 'form_error',\n                                    form_name: 'Contact',\n                                    error_type: 'Error_Summary',\n                                    error_message: otherError\n                                });\n                            }\n                        }\n                        window.addEventListener('message', function (event) {\n                            if (event.data.eventName === 'onFormError') {\n                                setTimeout(reportErrors, 100);\n                            }\n                        });\n                    <\/script>\n            <\/p>\n         <\/div>\n         <div class=\"contact_section__col contact_section__col--1\">\n            <div class=\"contact_section__cell\">\n               <p class=\"contact_section__font-bitter\">  Riverdi Sp. z o.o  <\/p>\n               <p class=\"contact_section__font-bitter\">  Nowy \u015awiat 36  <\/p>\n               <p class=\"contact_section__font-bitter\">  80-299 Gda\u0144sk  <\/p>\n               <p class=\"contact_section__font-bitter\">  Pologne  <\/p>\n               <a class=\"blue-text-button contact_section__span-18 contact_section__bold-link \" href=\"https:\/\/www.google.com\/maps\/place\/Riverdi\/@54.4137792,18.4701125,17z\/data=!3m1!4b1!4m6!3m5!1s0x46fd9f983b536485:0x57cf8efc3bdecd78!8m2!3d54.4137792!4d18.4701125!16s%2Fg%2F11nnppwbdj?entry=ttu\" target=\"_blank\" rel=\"noopener\">\n                  <span>  Afficher sur la carte  <\/span>\n                  <svg width=\"16\" height=\"16\" viewbox=\"0 0 16 16\" fill=\"none\" xmlns=\"http:\/\/www.w3.org\/2000\/svg\">\n                     <path d=\"M6 3.33333L10.6667 8L6 12.6667\" stroke=\"#002175\" stroke-width=\"2\" stroke-linecap=\"round\" stroke-linejoin=\"round\"><\/path>\n                  <\/svg>\n               <\/a>\n               <a class=\"blue-text-button contact_section__bold-link contact_section__tel\" href=\"tel:%20587%\">\n                  <svg width=\"20\" height=\"20\" viewbox=\"0 0 20 20\" fill=\"none\" xmlns=\"http:\/\/www.w3.org\/2000\/svg\">\n                     <path d=\"M7.91912 3.54768C7.66602 2.91492 7.05317 2.5 6.37166 2.5H4.07895C3.20692 2.5 2.5 3.20695 2.5 4.07898C2.5 11.4912 8.50898 17.5 15.9212 17.5C16.7933 17.5 17.5 16.7931 17.5 15.9211L17.4999 13.6284C17.4999 12.9468 17.0849 12.3341 16.4522 12.0809L14.2559 11.2024C13.6876 10.975 13.0404 11.0775 12.5702 11.4694L12.0026 11.9423C11.3404 12.4941 10.3666 12.45 9.75712 11.8405L8.15947 10.2429C7.54994 9.63339 7.50602 8.65961 8.05786 7.9974L8.53068 7.42998C8.92258 6.95969 9.02502 6.31244 8.79766 5.74405L7.91912 3.54768Z\" stroke=\"#002175\" stroke-width=\"2\" stroke-linecap=\"round\" stroke-linejoin=\"round\"><\/path>\n                  <\/svg>\n                  <span class=\"contact_section__\">  +48 587 703 116  <\/span>\n               <\/a>\n               <p class=\"contact_section__hours contact_section__span-14\">Heures de bureau : 9:00 \u00e0 17:00 CET (lun-ven)<\/p>\n               <a class=\"blue-text-button contact_section__mail contact_section__bold-link\" href=\"mailto:contact@riverdi.com\" target=\"_blank\" rel=\"noopener\">\n                  <svg width=\"20\" height=\"20\" viewbox=\"0 0 20 20\" fill=\"none\" xmlns=\"http:\/\/www.w3.org\/2000\/svg\">\n                     <path d=\"M3.33333 5L10.1905 10L16.6666 5M17.5 6.83329V13.1666C17.5 14.1 17.5002 14.5668 17.3185 14.9234C17.1587 15.237 16.9034 15.4919 16.5898 15.6517C16.2333 15.8333 15.7669 15.8333 14.8335 15.8333H5.16683C4.23341 15.8333 3.76635 15.8333 3.40983 15.6517C3.09623 15.4919 2.84144 15.237 2.68166 14.9234C2.5 14.5668 2.5 14.1 2.5 13.1666V6.83329C2.5 5.89987 2.5 5.43322 2.68166 5.0767C2.84144 4.7631 3.09623 4.50811 3.40983 4.34832C3.76635 4.16667 4.23341 4.16667 5.16683 4.16667H14.8335C15.7669 4.16667 16.2333 4.16667 16.5898 4.34832C16.9034 4.50811 17.1587 4.7631 17.3185 5.0767C17.5002 5.43322 17.5 5.89987 17.5 6.83329Z\" stroke=\"#002175\" stroke-width=\"2\" stroke-linecap=\"round\" stroke-linejoin=\"round\"><\/path>\n                  <\/svg>\n                  <span>  contact@riverdi.com  <\/span>\n               <\/a>\n            <\/div>\n            <div class=\"contact_section__cell\">\n               <div class=\"contact_section__vat-id\">\n                  <p class=\"contact_section__span-14 contact_section__margin-bottom-4\">  NUM\u00c9RO D&rsquo;IDENTIFICATION TVA  <\/p>\n                  <p class=\"contact_section__span-18\">  PL5842767153  <\/p>\n               <\/div>\n               <div class=\"contact_section__krs contact_section__vat-id\">\n                  <p class=\"contact_section__span-14 contact_section__margin-bottom-4\">  Num\u00e9ro d&rsquo;enregistrement (KRS)  <\/p>\n                  <p class=\"contact_section__span-18\">  0000923967  <\/p>\n               <\/div>\n               <div class=\"contact_section__bank-details contact_section__krs\">\n                  <p class=\"contact_section__span-14 contact_section__margin-bottom-4\">\n                     Coordonn\u00e9es bancaires\n                  <\/p>\n                  <p class=\"contact_section__span-18\">Santander Bank Polska<\/p>\n                  <p class=\"contact_section__span-18\">USD \u2013 PL 65 1090 1098 0000 0001 3586 6305<\/p>\n                  <p class=\"contact_section__span-18\">EUR \u2013 PL 54 1090 1098 0000 0001 3586 6212<\/p>\n                  <p class=\"contact_section__span-18\">PLN \u2013 91 1090 1098 0000 0001 3586  6128<\/p>\n                  <p class=\"contact_section__span-18\">SWIFT (Code BIC) \u2013 WBKPPLPP<\/p>\n               <\/div>\n            <\/div>\n            <div class=\"contact_section__cell\">\n               <div class=\"contact_section__cell-mail\">\n                  <p class=\"contact_section__span-14\">Service client\u00e8le<\/p>\n                  <a class=\"blue-text-button contact_section__span-18\" href=\"mailto:customerservice@riverdi.com\" target=\"_blank\" rel=\"noopener\"><\/a><a href=\"mailto:customerservice@riverdi.com\">customerservice@riverdi.com<\/a>\n               <\/div>\n               <div class=\"contact_section__cell-mail\">\n                  <p class=\"contact_section__span-14\">Service des ventes<\/p>\n                  <a class=\"blue-text-button contact_section__span-18\" href=\"mailto:sales@riverdi.com\" target=\"_blank\" rel=\"noopener\"><\/a><a href=\"mailto:sales@riverdi.com\">sales@riverdi.com<\/a>\n               <\/div>\n               <div class=\"contact_section__cell-mail\">\n                  <p class=\"contact_section__span-14\">D\u00e9partement de l&rsquo;\u00e9quipe de solution<\/p>\n                  <a class=\"blue-text-button contact_section__span-18\" href=\"mailto:solutions@riverdi.com\" target=\"_blank\" rel=\"noopener\"><\/a><a href=\"mailto:solutions@riverdi.com\">solutions@riverdi.com<\/a>\n               <\/div>\n               <div class=\"contact_section__cell-mail\">\n                  <p class=\"contact_section__span-14\">Service de la comptabilit\u00e9<\/p>\n                  <a class=\"blue-text-button contact_section__span-18\" href=\"mailto:accounting@riverdi.com\" target=\"_blank\" rel=\"noopener\"><\/a><a href=\"mailto:accounting@riverdi.com\">accounting@riverdi.com<\/a>\n               <\/div>\n               <div class=\"contact_section__cell-mail\">\n                  <p class=\"contact_section__span-14\">Questions et id\u00e9es concernant le site web<\/p>\n                  <a class=\"blue-text-button contact_section__span-18\" href=\"mailto:webmaster@riverdi.com\" target=\"_blank\" rel=\"noopener\"><\/a><a href=\"mailto:webmaster@riverdi.com\">webmaster@riverdi.com<\/a>\n               <\/div>\n            <\/div>\n         <\/div>\n      <\/div>\n   <\/div>\n<\/section>\n","protected":false},"excerpt":{"rendered":"<p>Riverdi Sp. z o.o Nowy \u015awiat 36 80-299 Gda\u0144sk Pologne Afficher sur la carte +48 587 703 116 Heures de bureau : 9:00 \u00e0 17:00 CET (lun-ven) contact@riverdi.com NUM\u00c9RO D&rsquo;IDENTIFICATION TVA PL5842767153 Num\u00e9ro d&rsquo;enregistrement (KRS) 0000923967 Coordonn\u00e9es bancaires Santander Bank Polska USD \u2013 PL 65 1090 1098 0000 0001 3586 6305 EUR \u2013 PL 54 [&hellip;]<\/p>\n","protected":false},"author":19,"featured_media":0,"parent":0,"menu_order":0,"comment_status":"closed","ping_status":"closed","template":"","meta":{"_acf_changed":false,"content-type":"","inline_featured_image":false,"footnotes":""},"class_list":["post-116271","page","type-page","status-publish","hentry"],"acf":[],"yoast_head":"<!-- This site is optimized with the Yoast SEO plugin v27.0 - https:\/\/yoast.com\/product\/yoast-seo-wordpress\/ -->\n<title>Contact | Riverdi | Experts en solutions d&#039;affichage<\/title>\n<meta name=\"description\" content=\"Page de contact Riverdi - Notre \u00e9quipe qualifi\u00e9e est pr\u00eate \u00e0 r\u00e9pondre \u00e0 toutes vos questions. N&#039;h\u00e9sitez pas \u00e0 nous contacter d\u00e8s aujourd&#039;hui.\" \/>\n<meta name=\"robots\" content=\"index, follow, max-snippet:-1, max-image-preview:large, max-video-preview:-1\" \/>\n<link rel=\"canonical\" href=\"https:\/\/riverdi.com\/fr\/contact\" \/>\n<meta property=\"og:locale\" content=\"fr_FR\" \/>\n<meta property=\"og:type\" content=\"article\" \/>\n<meta property=\"og:title\" content=\"Contact | Riverdi | Experts en solutions d&#039;affichage\" \/>\n<meta property=\"og:description\" content=\"Page de contact Riverdi - Notre \u00e9quipe qualifi\u00e9e est pr\u00eate \u00e0 r\u00e9pondre \u00e0 toutes vos questions. N&#039;h\u00e9sitez pas \u00e0 nous contacter d\u00e8s aujourd&#039;hui.\" \/>\n<meta property=\"og:url\" content=\"https:\/\/riverdi.com\/fr\/contact\" \/>\n<meta property=\"og:site_name\" content=\"Riverdi\" \/>\n<meta property=\"article:publisher\" content=\"https:\/\/www.facebook.com\/riverdi.displays\/\" \/>\n<meta property=\"article:modified_time\" content=\"2025-10-09T07:32:28+00:00\" \/>\n<meta property=\"og:image\" content=\"https:\/\/riverdi.com\/wp-content\/uploads\/2024\/06\/logo-1.jpg\" \/>\n\t<meta property=\"og:image:width\" content=\"1024\" \/>\n\t<meta property=\"og:image:height\" content=\"1024\" \/>\n\t<meta property=\"og:image:type\" content=\"image\/jpeg\" \/>\n<meta name=\"twitter:card\" content=\"summary_large_image\" \/>\n<meta name=\"twitter:site\" content=\"@riverdidisplays\" \/>\n<meta name=\"twitter:label1\" content=\"Dur\u00e9e de lecture estim\u00e9e\" \/>\n\t<meta name=\"twitter:data1\" content=\"1 minute\" \/>\n<script type=\"application\/ld+json\" class=\"yoast-schema-graph\">{\"@context\":\"https:\/\/schema.org\",\"@graph\":[{\"@type\":\"WebPage\",\"@id\":\"https:\/\/riverdi.com\/fr\/contact\",\"url\":\"https:\/\/riverdi.com\/fr\/contact\",\"name\":\"Contact | Riverdi | Experts en solutions d'affichage\",\"isPartOf\":{\"@id\":\"https:\/\/riverdi.com\/fr#website\"},\"datePublished\":\"2024-03-22T12:50:52+00:00\",\"dateModified\":\"2025-10-09T07:32:28+00:00\",\"description\":\"Page de contact Riverdi - Notre \u00e9quipe qualifi\u00e9e est pr\u00eate \u00e0 r\u00e9pondre \u00e0 toutes vos questions. N'h\u00e9sitez pas \u00e0 nous contacter d\u00e8s aujourd'hui.\",\"breadcrumb\":{\"@id\":\"https:\/\/riverdi.com\/fr\/contact#breadcrumb\"},\"inLanguage\":\"fr-FR\",\"potentialAction\":[{\"@type\":\"ReadAction\",\"target\":[\"https:\/\/riverdi.com\/fr\/contact\"]}]},{\"@type\":\"BreadcrumbList\",\"@id\":\"https:\/\/riverdi.com\/fr\/contact#breadcrumb\",\"itemListElement\":[{\"@type\":\"ListItem\",\"position\":1,\"name\":\"Front Page\",\"item\":\"https:\/\/riverdi.com\/fr\/page-daccueil\"},{\"@type\":\"ListItem\",\"position\":2,\"name\":\"Contact\"}]},{\"@type\":\"WebSite\",\"@id\":\"https:\/\/riverdi.com\/fr#website\",\"url\":\"https:\/\/riverdi.com\/fr\",\"name\":\"Riverdi\",\"description\":\"Global TFT LCD Manufacturer\",\"potentialAction\":[{\"@type\":\"SearchAction\",\"target\":{\"@type\":\"EntryPoint\",\"urlTemplate\":\"https:\/\/riverdi.com\/fr?s={search_term_string}\"},\"query-input\":{\"@type\":\"PropertyValueSpecification\",\"valueRequired\":true,\"valueName\":\"search_term_string\"}}],\"inLanguage\":\"fr-FR\"}]}<\/script>\n<!-- \/ Yoast SEO plugin. -->","yoast_head_json":{"title":"Contact | Riverdi | Experts en solutions d'affichage","description":"Page de contact Riverdi - Notre \u00e9quipe qualifi\u00e9e est pr\u00eate \u00e0 r\u00e9pondre \u00e0 toutes vos questions. N'h\u00e9sitez pas \u00e0 nous contacter d\u00e8s aujourd'hui.","robots":{"index":"index","follow":"follow","max-snippet":"max-snippet:-1","max-image-preview":"max-image-preview:large","max-video-preview":"max-video-preview:-1"},"canonical":"https:\/\/riverdi.com\/fr\/contact","og_locale":"fr_FR","og_type":"article","og_title":"Contact | Riverdi | Experts en solutions d'affichage","og_description":"Page de contact Riverdi - Notre \u00e9quipe qualifi\u00e9e est pr\u00eate \u00e0 r\u00e9pondre \u00e0 toutes vos questions. N'h\u00e9sitez pas \u00e0 nous contacter d\u00e8s aujourd'hui.","og_url":"https:\/\/riverdi.com\/fr\/contact","og_site_name":"Riverdi","article_publisher":"https:\/\/www.facebook.com\/riverdi.displays\/","article_modified_time":"2025-10-09T07:32:28+00:00","og_image":[{"width":1024,"height":1024,"url":"https:\/\/riverdi.com\/wp-content\/uploads\/2024\/06\/logo-1.jpg","type":"image\/jpeg"}],"twitter_card":"summary_large_image","twitter_site":"@riverdidisplays","twitter_misc":{"Dur\u00e9e de lecture estim\u00e9e":"1 minute"},"schema":{"@context":"https:\/\/schema.org","@graph":[{"@type":"WebPage","@id":"https:\/\/riverdi.com\/fr\/contact","url":"https:\/\/riverdi.com\/fr\/contact","name":"Contact | Riverdi | Experts en solutions d'affichage","isPartOf":{"@id":"https:\/\/riverdi.com\/fr#website"},"datePublished":"2024-03-22T12:50:52+00:00","dateModified":"2025-10-09T07:32:28+00:00","description":"Page de contact Riverdi - Notre \u00e9quipe qualifi\u00e9e est pr\u00eate \u00e0 r\u00e9pondre \u00e0 toutes vos questions. N'h\u00e9sitez pas \u00e0 nous contacter d\u00e8s aujourd'hui.","breadcrumb":{"@id":"https:\/\/riverdi.com\/fr\/contact#breadcrumb"},"inLanguage":"fr-FR","potentialAction":[{"@type":"ReadAction","target":["https:\/\/riverdi.com\/fr\/contact"]}]},{"@type":"BreadcrumbList","@id":"https:\/\/riverdi.com\/fr\/contact#breadcrumb","itemListElement":[{"@type":"ListItem","position":1,"name":"Front Page","item":"https:\/\/riverdi.com\/fr\/page-daccueil"},{"@type":"ListItem","position":2,"name":"Contact"}]},{"@type":"WebSite","@id":"https:\/\/riverdi.com\/fr#website","url":"https:\/\/riverdi.com\/fr","name":"Riverdi","description":"Global TFT LCD Manufacturer","potentialAction":[{"@type":"SearchAction","target":{"@type":"EntryPoint","urlTemplate":"https:\/\/riverdi.com\/fr?s={search_term_string}"},"query-input":{"@type":"PropertyValueSpecification","valueRequired":true,"valueName":"search_term_string"}}],"inLanguage":"fr-FR"}]}},"_links":{"self":[{"href":"https:\/\/riverdi.com\/fr\/wp-json\/wp\/v2\/pages\/116271","targetHints":{"allow":["GET"]}}],"collection":[{"href":"https:\/\/riverdi.com\/fr\/wp-json\/wp\/v2\/pages"}],"about":[{"href":"https:\/\/riverdi.com\/fr\/wp-json\/wp\/v2\/types\/page"}],"author":[{"embeddable":true,"href":"https:\/\/riverdi.com\/fr\/wp-json\/wp\/v2\/users\/19"}],"replies":[{"embeddable":true,"href":"https:\/\/riverdi.com\/fr\/wp-json\/wp\/v2\/comments?post=116271"}],"version-history":[{"count":8,"href":"https:\/\/riverdi.com\/fr\/wp-json\/wp\/v2\/pages\/116271\/revisions"}],"predecessor-version":[{"id":126706,"href":"https:\/\/riverdi.com\/fr\/wp-json\/wp\/v2\/pages\/116271\/revisions\/126706"}],"wp:attachment":[{"href":"https:\/\/riverdi.com\/fr\/wp-json\/wp\/v2\/media?parent=116271"}],"curies":[{"name":"wp","href":"https:\/\/api.w.org\/{rel}","templated":true}]}}