{"id":124769,"date":"2025-08-05T08:50:51","date_gmt":"2025-08-05T06:50:51","guid":{"rendered":"https:\/\/riverdi.com\/?post_type=product&#038;p=124769"},"modified":"2026-01-18T17:37:23","modified_gmt":"2026-01-18T16:37:23","slug":"sbc-rvt156hkdnwc00-b","status":"publish","type":"product","link":"https:\/\/riverdi.com\/es\/product\/sbc-rvt156hkdnwc00-b","title":{"rendered":"Pantalla IPS de alto brillo 15,6\u2033 TFT LCD Full HD 1920x1080px, MIPI DSI interfaz Toradex + pantalla t\u00e1ctil capacitiva \u2013 RVT156HKDNWC00-B"},"content":{"rendered":"<p>no quites esto<\/p>\n","protected":false},"excerpt":{"rendered":"<p><strong>Caracter\u00edsticas principales:<\/strong><\/p>\n<ul>\n<li>Pantalla TFT de 15,6<\/li>\n<li>Resoluci\u00f3n de 1920x1080px (FULL HD)<\/li>\n<li>Alto brillo 850cd\/m2<\/li>\n<li>\u00c1ngulos de visi\u00f3n completos (IPS)<\/li>\n<li>Interfaz MIPI DSI<\/li>\n<li>Puente SN65DSI84<\/li>\n<li>Pantalla t\u00e1ctil capacitiva industrial proyectada<\/li>\n<li>Tapa de cristal decorativa negra<\/li>\n<li>Uni\u00f3n \u00f3ptica<\/li>\n<li>Fuente de alimentaci\u00f3n: 6-18V<\/li>\n<li>Compatible con SoMs y Carrier Boards de la familia Toradex Verdin<\/li>\n<li>La mejor experiencia fuera de la caja<\/li>\n<\/ul>\n","protected":false},"featured_media":125269,"comment_status":"closed","ping_status":"closed","template":"","meta":{"_acf_changed":false,"content-type":"","inline_featured_image":false},"product_brand":[],"product_cat":[4882,3370,4802,4801,3379,4884,3378,4804,4813,4814,4805,4852],"product_tag":[],"class_list":{"0":"post-124769","1":"product","2":"type-product","3":"status-publish","4":"has-post-thumbnail","6":"product_cat-interfaz","7":"product_cat-ordenadores-de-placa-unica","8":"product_cat-pantalla-lcd","9":"product_cat-pantalla-tft","10":"product_cat-pantallas-ips-de-alto-brillo","11":"product_cat-pantallas-lcd-de-156-pulgadas","12":"product_cat-pantallas-lcd-rgb-lvds-mipi-dsi","13":"product_cat-pantallas-mipi-dsi","14":"product_cat-pantallas-tactiles","15":"product_cat-pantallas-tactiles-capacitivas","16":"product_cat-pantallas-toradex","17":"product_cat-todas-las-pantallas","19":"first","20":"instock","21":"taxable","22":"shipping-taxable","23":"purchasable","24":"product-type-simple"},"acf":[],"yoast_head":"<!-- This site is optimized with the Yoast SEO plugin v27.0 - https:\/\/yoast.com\/product\/yoast-seo-wordpress\/ -->\n<title>Pantalla IPS de alto brillo 15,6\u2033 TFT LCD Full HD 1920x1080px, MIPI DSI interfaz Toradex + pantalla t\u00e1ctil capacitiva \u2013 RVT156HKDNWC00-B | Riverdi<\/title>\n<meta name=\"description\" content=\"Pantalla IPS de alto brillo 15,6\u2033 TFT LCD Full HD 1920x1080px, legible a la luz del sol con 850 cd\/m\u00b2 y uni\u00f3n \u00f3ptica, con pantalla t\u00e1ctil capacitiva. Incluye puente SN65DSI84, alimentaci\u00f3n 5,0 V e interfaz MIPI DSI; compatible con SoMs y Carrier Boards Toradex Verdin \u2013 modelo SM-RVT156HKDNWC00-B\" \/>\n<meta name=\"robots\" content=\"index, follow, max-snippet:-1, max-image-preview:large, max-video-preview:-1\" \/>\n<link rel=\"canonical\" href=\"https:\/\/riverdi.com\/es\/product\/sbc-rvt156hkdnwc00-b\" \/>\n<meta property=\"og:locale\" content=\"es_ES\" \/>\n<meta property=\"og:type\" content=\"article\" \/>\n<meta property=\"og:title\" content=\"Pantalla IPS de alto brillo 15,6\u2033 TFT LCD Full HD 1920x1080px, MIPI DSI interfaz Toradex + pantalla t\u00e1ctil capacitiva \u2013 RVT156HKDNWC00-B | Riverdi\" \/>\n<meta property=\"og:description\" content=\"Pantalla IPS de alto brillo 15,6\u2033 TFT LCD Full HD 1920x1080px, legible a la luz del sol con 850 cd\/m\u00b2 y uni\u00f3n \u00f3ptica, con pantalla t\u00e1ctil capacitiva. Incluye puente SN65DSI84, alimentaci\u00f3n 5,0 V e interfaz MIPI DSI; compatible con SoMs y Carrier Boards Toradex Verdin \u2013 modelo SM-RVT156HKDNWC00-B\" \/>\n<meta property=\"og:url\" content=\"https:\/\/riverdi.com\/es\/product\/sbc-rvt156hkdnwc00-b\" \/>\n<meta property=\"og:site_name\" content=\"Riverdi\" \/>\n<meta property=\"article:publisher\" content=\"https:\/\/www.facebook.com\/riverdi.displays\/\" \/>\n<meta property=\"article:modified_time\" content=\"2026-01-18T16:37:23+00:00\" \/>\n<meta property=\"og:image\" content=\"https:\/\/riverdi.com\/wp-content\/uploads\/2025\/06\/RVT156HKDNWC00-B-001-2560.webp\" \/>\n\t<meta property=\"og:image:width\" content=\"2560\" \/>\n\t<meta property=\"og:image:height\" content=\"2560\" \/>\n\t<meta property=\"og:image:type\" content=\"image\/webp\" \/>\n<meta name=\"twitter:card\" content=\"summary_large_image\" \/>\n<meta name=\"twitter:site\" content=\"@riverdidisplays\" \/>\n<meta name=\"twitter:label1\" content=\"Tiempo de lectura\" \/>\n\t<meta name=\"twitter:data1\" content=\"1 minuto\" \/>\n<script type=\"application\/ld+json\" class=\"yoast-schema-graph\">{\"@context\":\"https:\/\/schema.org\",\"@graph\":[{\"@type\":\"WebPage\",\"@id\":\"https:\/\/riverdi.com\/es\/product\/sbc-rvt156hkdnwc00-b\",\"url\":\"https:\/\/riverdi.com\/es\/product\/sbc-rvt156hkdnwc00-b\",\"name\":\"Pantalla IPS de alto brillo 15,6\u2033 TFT LCD Full HD 1920x1080px, MIPI DSI interfaz Toradex + pantalla t\u00e1ctil capacitiva \u2013 RVT156HKDNWC00-B | Riverdi\",\"isPartOf\":{\"@id\":\"https:\/\/riverdi.com\/es#website\"},\"primaryImageOfPage\":{\"@id\":\"https:\/\/riverdi.com\/es\/product\/sbc-rvt156hkdnwc00-b#primaryimage\"},\"image\":{\"@id\":\"https:\/\/riverdi.com\/es\/product\/sbc-rvt156hkdnwc00-b#primaryimage\"},\"thumbnailUrl\":\"https:\/\/riverdi.com\/wp-content\/uploads\/2025\/06\/RVT156HKDNWC00-B-001-2560.webp\",\"datePublished\":\"2025-08-05T06:50:51+00:00\",\"dateModified\":\"2026-01-18T16:37:23+00:00\",\"description\":\"Pantalla IPS de alto brillo 15,6\u2033 TFT LCD Full HD 1920x1080px, legible a la luz del sol con 850 cd\/m\u00b2 y uni\u00f3n \u00f3ptica, con pantalla t\u00e1ctil capacitiva. Incluye puente SN65DSI84, alimentaci\u00f3n 5,0 V e interfaz MIPI DSI; compatible con SoMs y Carrier Boards Toradex Verdin \u2013 modelo SM-RVT156HKDNWC00-B\",\"breadcrumb\":{\"@id\":\"https:\/\/riverdi.com\/es\/product\/sbc-rvt156hkdnwc00-b#breadcrumb\"},\"inLanguage\":\"es\",\"potentialAction\":[{\"@type\":\"ReadAction\",\"target\":[\"https:\/\/riverdi.com\/es\/product\/sbc-rvt156hkdnwc00-b\"]}]},{\"@type\":\"ImageObject\",\"inLanguage\":\"es\",\"@id\":\"https:\/\/riverdi.com\/es\/product\/sbc-rvt156hkdnwc00-b#primaryimage\",\"url\":\"https:\/\/riverdi.com\/wp-content\/uploads\/2025\/06\/RVT156HKDNWC00-B-001-2560.webp\",\"contentUrl\":\"https:\/\/riverdi.com\/wp-content\/uploads\/2025\/06\/RVT156HKDNWC00-B-001-2560.webp\",\"width\":2560,\"height\":2560},{\"@type\":\"BreadcrumbList\",\"@id\":\"https:\/\/riverdi.com\/es\/product\/sbc-rvt156hkdnwc00-b#breadcrumb\",\"itemListElement\":[{\"@type\":\"ListItem\",\"position\":1,\"name\":\"Front Page\",\"item\":\"https:\/\/riverdi.com\/es\/portada\"},{\"@type\":\"ListItem\",\"position\":2,\"name\":\"Tienda\",\"item\":\"https:\/\/riverdi.com\/es\/tienda\"},{\"@type\":\"ListItem\",\"position\":3,\"name\":\"Pantalla IPS de alto brillo 15,6\u2033 TFT LCD Full HD 1920x1080px, MIPI DSI interfaz Toradex + pantalla t\u00e1ctil capacitiva \u2013 RVT156HKDNWC00-B\"}]},{\"@type\":\"WebSite\",\"@id\":\"https:\/\/riverdi.com\/es#website\",\"url\":\"https:\/\/riverdi.com\/es\",\"name\":\"Riverdi\",\"description\":\"Global TFT LCD Manufacturer\",\"potentialAction\":[{\"@type\":\"SearchAction\",\"target\":{\"@type\":\"EntryPoint\",\"urlTemplate\":\"https:\/\/riverdi.com\/es?s={search_term_string}\"},\"query-input\":{\"@type\":\"PropertyValueSpecification\",\"valueRequired\":true,\"valueName\":\"search_term_string\"}}],\"inLanguage\":\"es\"}]}<\/script>\n<!-- \/ Yoast SEO plugin. -->","yoast_head_json":{"title":"Pantalla IPS de alto brillo 15,6\u2033 TFT LCD Full HD 1920x1080px, MIPI DSI interfaz Toradex + pantalla t\u00e1ctil capacitiva \u2013 RVT156HKDNWC00-B | Riverdi","description":"Pantalla IPS de alto brillo 15,6\u2033 TFT LCD Full HD 1920x1080px, legible a la luz del sol con 850 cd\/m\u00b2 y uni\u00f3n \u00f3ptica, con pantalla t\u00e1ctil capacitiva. Incluye puente SN65DSI84, alimentaci\u00f3n 5,0 V e interfaz MIPI DSI; compatible con SoMs y Carrier Boards Toradex Verdin \u2013 modelo SM-RVT156HKDNWC00-B","robots":{"index":"index","follow":"follow","max-snippet":"max-snippet:-1","max-image-preview":"max-image-preview:large","max-video-preview":"max-video-preview:-1"},"canonical":"https:\/\/riverdi.com\/es\/product\/sbc-rvt156hkdnwc00-b","og_locale":"es_ES","og_type":"article","og_title":"Pantalla IPS de alto brillo 15,6\u2033 TFT LCD Full HD 1920x1080px, MIPI DSI interfaz Toradex + pantalla t\u00e1ctil capacitiva \u2013 RVT156HKDNWC00-B | Riverdi","og_description":"Pantalla IPS de alto brillo 15,6\u2033 TFT LCD Full HD 1920x1080px, legible a la luz del sol con 850 cd\/m\u00b2 y uni\u00f3n \u00f3ptica, con pantalla t\u00e1ctil capacitiva. Incluye puente SN65DSI84, alimentaci\u00f3n 5,0 V e interfaz MIPI DSI; compatible con SoMs y Carrier Boards Toradex Verdin \u2013 modelo SM-RVT156HKDNWC00-B","og_url":"https:\/\/riverdi.com\/es\/product\/sbc-rvt156hkdnwc00-b","og_site_name":"Riverdi","article_publisher":"https:\/\/www.facebook.com\/riverdi.displays\/","article_modified_time":"2026-01-18T16:37:23+00:00","og_image":[{"width":2560,"height":2560,"url":"https:\/\/riverdi.com\/wp-content\/uploads\/2025\/06\/RVT156HKDNWC00-B-001-2560.webp","type":"image\/webp"}],"twitter_card":"summary_large_image","twitter_site":"@riverdidisplays","twitter_misc":{"Tiempo de lectura":"1 minuto"},"schema":{"@context":"https:\/\/schema.org","@graph":[{"@type":"WebPage","@id":"https:\/\/riverdi.com\/es\/product\/sbc-rvt156hkdnwc00-b","url":"https:\/\/riverdi.com\/es\/product\/sbc-rvt156hkdnwc00-b","name":"Pantalla IPS de alto brillo 15,6\u2033 TFT LCD Full HD 1920x1080px, MIPI DSI interfaz Toradex + pantalla t\u00e1ctil capacitiva \u2013 RVT156HKDNWC00-B | Riverdi","isPartOf":{"@id":"https:\/\/riverdi.com\/es#website"},"primaryImageOfPage":{"@id":"https:\/\/riverdi.com\/es\/product\/sbc-rvt156hkdnwc00-b#primaryimage"},"image":{"@id":"https:\/\/riverdi.com\/es\/product\/sbc-rvt156hkdnwc00-b#primaryimage"},"thumbnailUrl":"https:\/\/riverdi.com\/wp-content\/uploads\/2025\/06\/RVT156HKDNWC00-B-001-2560.webp","datePublished":"2025-08-05T06:50:51+00:00","dateModified":"2026-01-18T16:37:23+00:00","description":"Pantalla IPS de alto brillo 15,6\u2033 TFT LCD Full HD 1920x1080px, legible a la luz del sol con 850 cd\/m\u00b2 y uni\u00f3n \u00f3ptica, con pantalla t\u00e1ctil capacitiva. Incluye puente SN65DSI84, alimentaci\u00f3n 5,0 V e interfaz MIPI DSI; compatible con SoMs y Carrier Boards Toradex Verdin \u2013 modelo SM-RVT156HKDNWC00-B","breadcrumb":{"@id":"https:\/\/riverdi.com\/es\/product\/sbc-rvt156hkdnwc00-b#breadcrumb"},"inLanguage":"es","potentialAction":[{"@type":"ReadAction","target":["https:\/\/riverdi.com\/es\/product\/sbc-rvt156hkdnwc00-b"]}]},{"@type":"ImageObject","inLanguage":"es","@id":"https:\/\/riverdi.com\/es\/product\/sbc-rvt156hkdnwc00-b#primaryimage","url":"https:\/\/riverdi.com\/wp-content\/uploads\/2025\/06\/RVT156HKDNWC00-B-001-2560.webp","contentUrl":"https:\/\/riverdi.com\/wp-content\/uploads\/2025\/06\/RVT156HKDNWC00-B-001-2560.webp","width":2560,"height":2560},{"@type":"BreadcrumbList","@id":"https:\/\/riverdi.com\/es\/product\/sbc-rvt156hkdnwc00-b#breadcrumb","itemListElement":[{"@type":"ListItem","position":1,"name":"Front Page","item":"https:\/\/riverdi.com\/es\/portada"},{"@type":"ListItem","position":2,"name":"Tienda","item":"https:\/\/riverdi.com\/es\/tienda"},{"@type":"ListItem","position":3,"name":"Pantalla IPS de alto brillo 15,6\u2033 TFT LCD Full HD 1920x1080px, MIPI DSI interfaz Toradex + pantalla t\u00e1ctil capacitiva \u2013 RVT156HKDNWC00-B"}]},{"@type":"WebSite","@id":"https:\/\/riverdi.com\/es#website","url":"https:\/\/riverdi.com\/es","name":"Riverdi","description":"Global TFT LCD Manufacturer","potentialAction":[{"@type":"SearchAction","target":{"@type":"EntryPoint","urlTemplate":"https:\/\/riverdi.com\/es?s={search_term_string}"},"query-input":{"@type":"PropertyValueSpecification","valueRequired":true,"valueName":"search_term_string"}}],"inLanguage":"es"}]}},"_links":{"self":[{"href":"https:\/\/riverdi.com\/es\/wp-json\/wp\/v2\/product\/124769","targetHints":{"allow":["GET"]}}],"collection":[{"href":"https:\/\/riverdi.com\/es\/wp-json\/wp\/v2\/product"}],"about":[{"href":"https:\/\/riverdi.com\/es\/wp-json\/wp\/v2\/types\/product"}],"replies":[{"embeddable":true,"href":"https:\/\/riverdi.com\/es\/wp-json\/wp\/v2\/comments?post=124769"}],"wp:featuredmedia":[{"embeddable":true,"href":"https:\/\/riverdi.com\/es\/wp-json\/wp\/v2\/media\/125269"}],"wp:attachment":[{"href":"https:\/\/riverdi.com\/es\/wp-json\/wp\/v2\/media?parent=124769"}],"wp:term":[{"taxonomy":"product_brand","embeddable":true,"href":"https:\/\/riverdi.com\/es\/wp-json\/wp\/v2\/product_brand?post=124769"},{"taxonomy":"product_cat","embeddable":true,"href":"https:\/\/riverdi.com\/es\/wp-json\/wp\/v2\/product_cat?post=124769"},{"taxonomy":"product_tag","embeddable":true,"href":"https:\/\/riverdi.com\/es\/wp-json\/wp\/v2\/product_tag?post=124769"}],"curies":[{"name":"wp","href":"https:\/\/api.w.org\/{rel}","templated":true}]}}