{"id":123531,"date":"2025-05-30T08:50:50","date_gmt":"2025-05-30T06:50:50","guid":{"rendered":"https:\/\/riverdi.com\/?post_type=product&#038;p=123531"},"modified":"2025-05-29T13:37:43","modified_gmt":"2025-05-29T11:37:43","slug":"usb-c-rvt121hvufwn00","status":"publish","type":"product","link":"https:\/\/riverdi.com\/es\/product\/usb-c-rvt121hvufwn00","title":{"rendered":"Pantalla Plug and Play 12,1\u2033 TFT LCD 1280x800px, interfaz USB-C &#8211; RVT121HVUFWN00"},"content":{"rendered":"<p>no quites esto<\/p>\n","protected":false},"excerpt":{"rendered":"<p><strong>Caracter\u00edsticas principales:<\/strong><\/p>\n<ul>\n<li>Pantalla TFT de 12,1<\/li>\n<li>Resoluci\u00f3n 1280x800px<\/li>\n<li>Alto brillo <sup>1000cd\/m2<\/sup><\/li>\n<li>\u00c1ngulos de visi\u00f3n completos (IPS)<\/li>\n<li><strong>Interfaz USB-C, <\/strong> sistema de conectores <strong data-start=\"395\" data-end=\"409\">reversibles<\/strong><strong data-start=\"383\" data-end=\"393\">de 24 patillas<\/strong>, est\u00e1ndar universal para la transmisi\u00f3n de datos, energ\u00eda e incluso v\u00eddeo.<\/li>\n<li>Admite control PWM interno y externo de la retroiluminaci\u00f3n<\/li>\n<li>Alimentaci\u00f3n USB-C 5,0 V<\/li>\n<li>Marco de montaje met\u00e1lico<\/li>\n<\/ul>\n<p>M\u00e1s informaci\u00f3n sobre <a href=\"https:\/\/riverdi.com\/es\/soluciones-a-la-medida\" target=\"_blank\" rel=\"noopener\" data-link-card=\"true\">las opciones de personalizaci\u00f3n de la pantalla<\/a><\/p>\n","protected":false},"featured_media":124925,"comment_status":"closed","ping_status":"closed","template":"","meta":{"_acf_changed":false,"content-type":"","inline_featured_image":false},"product_brand":[],"product_cat":[4802,4801,4892,4842,4844,4852],"product_tag":[3278,3281,3289,3290],"class_list":{"0":"post-123531","1":"product","2":"type-product","3":"status-publish","4":"has-post-thumbnail","6":"product_cat-pantalla-lcd","7":"product_cat-pantalla-tft","8":"product_cat-pantallas-lcd-de-121-pulgadas","9":"product_cat-pantallas-plug-and-play","10":"product_cat-pantallas-usb-c","11":"product_cat-todas-las-pantallas","12":"product_tag-alto-brillo","13":"product_tag-ips-es","14":"product_tag-pantalla-tft","15":"product_tag-usb-c-es","17":"first","18":"instock","19":"taxable","20":"shipping-taxable","21":"purchasable","22":"product-type-simple"},"acf":[],"yoast_head":"<!-- This site is optimized with the Yoast SEO plugin v27.0 - https:\/\/yoast.com\/product\/yoast-seo-wordpress\/ -->\n<title>Pantalla Plug and Play 12,1\u2033 TFT LCD 1280x800px, interfaz USB-C - RVT121HVUFWN00 | Riverdi<\/title>\n<meta name=\"description\" content=\"Pantalla Plug and play Pantalla LCD TFT de 12,1\u2033 y resoluci\u00f3n 1280x800px, legible a la luz del sol 1000cd\/m\u00b2 - Interfaz USB-C, \u00e1ngulos de visi\u00f3n completos IPS - modelo RVT121HVUFWN00\" \/>\n<meta name=\"robots\" content=\"index, follow, max-snippet:-1, max-image-preview:large, max-video-preview:-1\" \/>\n<link rel=\"canonical\" href=\"https:\/\/riverdi.com\/es\/product\/usb-c-rvt121hvufwn00\" \/>\n<meta property=\"og:locale\" content=\"es_ES\" \/>\n<meta property=\"og:type\" content=\"article\" \/>\n<meta property=\"og:title\" content=\"Pantalla Plug and Play 12,1\u2033 TFT LCD 1280x800px, interfaz USB-C - RVT121HVUFWN00 | Riverdi\" \/>\n<meta property=\"og:description\" content=\"Pantalla Plug and play Pantalla LCD TFT de 12,1\u2033 y resoluci\u00f3n 1280x800px, legible a la luz del sol 1000cd\/m\u00b2 - Interfaz USB-C, \u00e1ngulos de visi\u00f3n completos IPS - modelo RVT121HVUFWN00\" \/>\n<meta property=\"og:url\" content=\"https:\/\/riverdi.com\/es\/product\/usb-c-rvt121hvufwn00\" \/>\n<meta property=\"og:site_name\" content=\"Riverdi\" \/>\n<meta property=\"article:publisher\" content=\"https:\/\/www.facebook.com\/riverdi.displays\/\" \/>\n<meta property=\"og:image\" content=\"https:\/\/riverdi.com\/wp-content\/uploads\/2025\/04\/RVT121HVUFWN00.155-1-scaled-2.webp\" \/>\n\t<meta property=\"og:image:width\" content=\"2560\" \/>\n\t<meta property=\"og:image:height\" content=\"1600\" \/>\n\t<meta property=\"og:image:type\" content=\"image\/webp\" \/>\n<meta name=\"twitter:card\" content=\"summary_large_image\" \/>\n<meta name=\"twitter:site\" content=\"@riverdidisplays\" \/>\n<script type=\"application\/ld+json\" class=\"yoast-schema-graph\">{\"@context\":\"https:\/\/schema.org\",\"@graph\":[{\"@type\":\"WebPage\",\"@id\":\"https:\/\/riverdi.com\/es\/product\/usb-c-rvt121hvufwn00\",\"url\":\"https:\/\/riverdi.com\/es\/product\/usb-c-rvt121hvufwn00\",\"name\":\"Pantalla Plug and Play 12,1\u2033 TFT LCD 1280x800px, interfaz USB-C - RVT121HVUFWN00 | Riverdi\",\"isPartOf\":{\"@id\":\"https:\/\/riverdi.com\/es#website\"},\"primaryImageOfPage\":{\"@id\":\"https:\/\/riverdi.com\/es\/product\/usb-c-rvt121hvufwn00#primaryimage\"},\"image\":{\"@id\":\"https:\/\/riverdi.com\/es\/product\/usb-c-rvt121hvufwn00#primaryimage\"},\"thumbnailUrl\":\"https:\/\/riverdi.com\/wp-content\/uploads\/2025\/05\/RVT121HVUFWN00V10A-1-2560.webp\",\"datePublished\":\"2025-05-30T06:50:50+00:00\",\"description\":\"Pantalla Plug and play Pantalla LCD TFT de 12,1\u2033 y resoluci\u00f3n 1280x800px, legible a la luz del sol 1000cd\/m\u00b2 - Interfaz USB-C, \u00e1ngulos de visi\u00f3n completos IPS - modelo RVT121HVUFWN00\",\"breadcrumb\":{\"@id\":\"https:\/\/riverdi.com\/es\/product\/usb-c-rvt121hvufwn00#breadcrumb\"},\"inLanguage\":\"es\",\"potentialAction\":[{\"@type\":\"ReadAction\",\"target\":[\"https:\/\/riverdi.com\/es\/product\/usb-c-rvt121hvufwn00\"]}]},{\"@type\":\"ImageObject\",\"inLanguage\":\"es\",\"@id\":\"https:\/\/riverdi.com\/es\/product\/usb-c-rvt121hvufwn00#primaryimage\",\"url\":\"https:\/\/riverdi.com\/wp-content\/uploads\/2025\/05\/RVT121HVUFWN00V10A-1-2560.webp\",\"contentUrl\":\"https:\/\/riverdi.com\/wp-content\/uploads\/2025\/05\/RVT121HVUFWN00V10A-1-2560.webp\",\"width\":2560,\"height\":2560},{\"@type\":\"BreadcrumbList\",\"@id\":\"https:\/\/riverdi.com\/es\/product\/usb-c-rvt121hvufwn00#breadcrumb\",\"itemListElement\":[{\"@type\":\"ListItem\",\"position\":1,\"name\":\"Front Page\",\"item\":\"https:\/\/riverdi.com\/es\/portada\"},{\"@type\":\"ListItem\",\"position\":2,\"name\":\"Tienda\",\"item\":\"https:\/\/riverdi.com\/es\/tienda\"},{\"@type\":\"ListItem\",\"position\":3,\"name\":\"Private: Pantalla Plug and Play 12,1\u2033 TFT LCD 1280x800px, interfaz USB-C &#8211; RVT121HVUFWN00\"}]},{\"@type\":\"WebSite\",\"@id\":\"https:\/\/riverdi.com\/es#website\",\"url\":\"https:\/\/riverdi.com\/es\",\"name\":\"Riverdi\",\"description\":\"Global TFT LCD Manufacturer\",\"potentialAction\":[{\"@type\":\"SearchAction\",\"target\":{\"@type\":\"EntryPoint\",\"urlTemplate\":\"https:\/\/riverdi.com\/es?s={search_term_string}\"},\"query-input\":{\"@type\":\"PropertyValueSpecification\",\"valueRequired\":true,\"valueName\":\"search_term_string\"}}],\"inLanguage\":\"es\"}]}<\/script>\n<!-- \/ Yoast SEO plugin. -->","yoast_head_json":{"title":"Pantalla Plug and Play 12,1\u2033 TFT LCD 1280x800px, interfaz USB-C - RVT121HVUFWN00 | Riverdi","description":"Pantalla Plug and play Pantalla LCD TFT de 12,1\u2033 y resoluci\u00f3n 1280x800px, legible a la luz del sol 1000cd\/m\u00b2 - Interfaz USB-C, \u00e1ngulos de visi\u00f3n completos IPS - modelo RVT121HVUFWN00","robots":{"index":"index","follow":"follow","max-snippet":"max-snippet:-1","max-image-preview":"max-image-preview:large","max-video-preview":"max-video-preview:-1"},"canonical":"https:\/\/riverdi.com\/es\/product\/usb-c-rvt121hvufwn00","og_locale":"es_ES","og_type":"article","og_title":"Pantalla Plug and Play 12,1\u2033 TFT LCD 1280x800px, interfaz USB-C - RVT121HVUFWN00 | Riverdi","og_description":"Pantalla Plug and play Pantalla LCD TFT de 12,1\u2033 y resoluci\u00f3n 1280x800px, legible a la luz del sol 1000cd\/m\u00b2 - Interfaz USB-C, \u00e1ngulos de visi\u00f3n completos IPS - modelo RVT121HVUFWN00","og_url":"https:\/\/riverdi.com\/es\/product\/usb-c-rvt121hvufwn00","og_site_name":"Riverdi","article_publisher":"https:\/\/www.facebook.com\/riverdi.displays\/","og_image":[{"width":2560,"height":1600,"url":"https:\/\/riverdi.com\/wp-content\/uploads\/2025\/04\/RVT121HVUFWN00.155-1-scaled-2.webp","type":"image\/webp"}],"twitter_card":"summary_large_image","twitter_site":"@riverdidisplays","schema":{"@context":"https:\/\/schema.org","@graph":[{"@type":"WebPage","@id":"https:\/\/riverdi.com\/es\/product\/usb-c-rvt121hvufwn00","url":"https:\/\/riverdi.com\/es\/product\/usb-c-rvt121hvufwn00","name":"Pantalla Plug and Play 12,1\u2033 TFT LCD 1280x800px, interfaz USB-C - RVT121HVUFWN00 | Riverdi","isPartOf":{"@id":"https:\/\/riverdi.com\/es#website"},"primaryImageOfPage":{"@id":"https:\/\/riverdi.com\/es\/product\/usb-c-rvt121hvufwn00#primaryimage"},"image":{"@id":"https:\/\/riverdi.com\/es\/product\/usb-c-rvt121hvufwn00#primaryimage"},"thumbnailUrl":"https:\/\/riverdi.com\/wp-content\/uploads\/2025\/05\/RVT121HVUFWN00V10A-1-2560.webp","datePublished":"2025-05-30T06:50:50+00:00","description":"Pantalla Plug and play Pantalla LCD TFT de 12,1\u2033 y resoluci\u00f3n 1280x800px, legible a la luz del sol 1000cd\/m\u00b2 - Interfaz USB-C, \u00e1ngulos de visi\u00f3n completos IPS - modelo RVT121HVUFWN00","breadcrumb":{"@id":"https:\/\/riverdi.com\/es\/product\/usb-c-rvt121hvufwn00#breadcrumb"},"inLanguage":"es","potentialAction":[{"@type":"ReadAction","target":["https:\/\/riverdi.com\/es\/product\/usb-c-rvt121hvufwn00"]}]},{"@type":"ImageObject","inLanguage":"es","@id":"https:\/\/riverdi.com\/es\/product\/usb-c-rvt121hvufwn00#primaryimage","url":"https:\/\/riverdi.com\/wp-content\/uploads\/2025\/05\/RVT121HVUFWN00V10A-1-2560.webp","contentUrl":"https:\/\/riverdi.com\/wp-content\/uploads\/2025\/05\/RVT121HVUFWN00V10A-1-2560.webp","width":2560,"height":2560},{"@type":"BreadcrumbList","@id":"https:\/\/riverdi.com\/es\/product\/usb-c-rvt121hvufwn00#breadcrumb","itemListElement":[{"@type":"ListItem","position":1,"name":"Front Page","item":"https:\/\/riverdi.com\/es\/portada"},{"@type":"ListItem","position":2,"name":"Tienda","item":"https:\/\/riverdi.com\/es\/tienda"},{"@type":"ListItem","position":3,"name":"Private: Pantalla Plug and Play 12,1\u2033 TFT LCD 1280x800px, interfaz USB-C &#8211; RVT121HVUFWN00"}]},{"@type":"WebSite","@id":"https:\/\/riverdi.com\/es#website","url":"https:\/\/riverdi.com\/es","name":"Riverdi","description":"Global TFT LCD Manufacturer","potentialAction":[{"@type":"SearchAction","target":{"@type":"EntryPoint","urlTemplate":"https:\/\/riverdi.com\/es?s={search_term_string}"},"query-input":{"@type":"PropertyValueSpecification","valueRequired":true,"valueName":"search_term_string"}}],"inLanguage":"es"}]}},"_links":{"self":[{"href":"https:\/\/riverdi.com\/es\/wp-json\/wp\/v2\/product\/123531","targetHints":{"allow":["GET"]}}],"collection":[{"href":"https:\/\/riverdi.com\/es\/wp-json\/wp\/v2\/product"}],"about":[{"href":"https:\/\/riverdi.com\/es\/wp-json\/wp\/v2\/types\/product"}],"replies":[{"embeddable":true,"href":"https:\/\/riverdi.com\/es\/wp-json\/wp\/v2\/comments?post=123531"}],"wp:featuredmedia":[{"embeddable":true,"href":"https:\/\/riverdi.com\/es\/wp-json\/wp\/v2\/media\/124925"}],"wp:attachment":[{"href":"https:\/\/riverdi.com\/es\/wp-json\/wp\/v2\/media?parent=123531"}],"wp:term":[{"taxonomy":"product_brand","embeddable":true,"href":"https:\/\/riverdi.com\/es\/wp-json\/wp\/v2\/product_brand?post=123531"},{"taxonomy":"product_cat","embeddable":true,"href":"https:\/\/riverdi.com\/es\/wp-json\/wp\/v2\/product_cat?post=123531"},{"taxonomy":"product_tag","embeddable":true,"href":"https:\/\/riverdi.com\/es\/wp-json\/wp\/v2\/product_tag?post=123531"}],"curies":[{"name":"wp","href":"https:\/\/api.w.org\/{rel}","templated":true}]}}