{"id":122041,"date":"2024-11-26T12:50:45","date_gmt":"2024-11-26T11:50:45","guid":{"rendered":"https:\/\/riverdi.com\/?post_type=product&#038;p=122041"},"modified":"2026-01-18T11:49:20","modified_gmt":"2026-01-18T10:49:20","slug":"rvt35hitnwn00","status":"publish","type":"product","link":"https:\/\/riverdi.com\/es\/product\/rvt35hitnwn00","title":{"rendered":"Pantalla IPS de alto brillo 3,5\u2033 TFT LCD 320x480px, RGB and SPI interfaz display &#8211; RVT35HITNWN00"},"content":{"rendered":"<h2>TFT IPS de alto brillo<\/h2>\n<p>La luminancia superficial t\u00edpica de una pantalla TFT IPS de alto brillo es de 1400 cd\/m\u00b2, lo que significa que es muy brillante incluso en exteriores. Los \u00e1ngulos de visi\u00f3n completos permiten al usuario interactuar con la pantalla de forma natural e intuitiva desde todos los lados. Consulte la hoja de datos para obtener m\u00e1s informaci\u00f3n.<\/p>\n<p style=\"text-align: center;\"><img decoding=\"async\" class=\"alignnone size-full wp-image-112432\" src=\"https:\/\/riverdi.com\/wp-content\/uploads\/2024\/05\/w768h525.avif\" alt=\"\" width=\"768\" height=\"524\" srcset=\"https:\/\/riverdi.com\/wp-content\/uploads\/2024\/05\/w768h525.avif 768w, https:\/\/riverdi.com\/wp-content\/uploads\/2024\/05\/w768h525-600x409.avif 600w, https:\/\/riverdi.com\/wp-content\/uploads\/2024\/05\/w768h525-64x44.avif 64w, https:\/\/riverdi.com\/wp-content\/uploads\/2024\/05\/w768h525-300x205.avif 300w\" sizes=\"(max-width: 768px) 100vw, 768px\" \/><\/p>\n<h2>Expositores personalizados<\/h2>\n<p>Puedes personalizar esas pantallas de muchas maneras:<\/p>\n<ul>\n<li>Cambia el color, la forma y el tama\u00f1o del cubreobjetos<\/li>\n<li>Imprima su logotipo en el cristal de la cubierta (o cualquier otro gr\u00e1fico que necesite)<\/li>\n<li>A\u00f1adir una interfaz diferente<\/li>\n<li>Aumenta el brillo de la pantalla<\/li>\n<li>Cambiar el grosor de la lente de cubierta para el CTP<\/li>\n<li>Elige otro \u00e1ngulo de visi\u00f3n de la pantalla<\/li>\n<li>Cambiar el pinout<\/li>\n<li>Solicitar otro conjunto de juntas<\/li>\n<\/ul>\n<p>&nbsp;<\/p>\n<p>Como puede ver, las posibilidades son infinitas.<br \/>\nTodo lo que tienes que hacer es elegir.<\/p>\n<p>Le ayudaremos a conseguir el producto perfecto a su medida.<\/p>\n<p style=\"text-align: center;\"><img decoding=\"async\" class=\"alignnone size-full wp-image-112476\" src=\"https:\/\/riverdi.com\/wp-content\/uploads\/2024\/05\/w768h564.avif\" alt=\"\" width=\"768\" height=\"564\" srcset=\"https:\/\/riverdi.com\/wp-content\/uploads\/2024\/05\/w768h564.avif 768w, https:\/\/riverdi.com\/wp-content\/uploads\/2024\/05\/w768h564-600x441.avif 600w, https:\/\/riverdi.com\/wp-content\/uploads\/2024\/05\/w768h564-64x47.avif 64w, https:\/\/riverdi.com\/wp-content\/uploads\/2024\/05\/w768h564-300x220.avif 300w\" sizes=\"(max-width: 768px) 100vw, 768px\" \/><\/p>\n","protected":false},"excerpt":{"rendered":"<ul>\n<li>Pantalla TFT de 3,5<\/li>\n<li>Resoluci\u00f3n 320\u00d7480px<\/li>\n<li>Alto brillo 1400 cd\/m<\/li>\n<li>\u00c1ngulos de visi\u00f3n completos (IPS)<\/li>\n<li>Interfaz de v\u00eddeo RGB y SPI<\/li>\n<\/ul>\n","protected":false},"featured_media":122115,"comment_status":"closed","ping_status":"closed","template":"","meta":{"_acf_changed":false,"content-type":"","inline_featured_image":false},"product_brand":[],"product_cat":[4882,4802,4801,3379,4979,4982,4928,4852],"product_tag":[],"class_list":{"0":"post-122041","1":"product","2":"type-product","3":"status-publish","4":"has-post-thumbnail","6":"product_cat-interfaz","7":"product_cat-pantalla-lcd","8":"product_cat-pantalla-tft","9":"product_cat-pantallas-ips-de-alto-brillo","10":"product_cat-pantallas-lcd-de-35-pulgadas","11":"product_cat-pantallas-rgb","12":"product_cat-pantallas-spi-qspi","13":"product_cat-todas-las-pantallas","15":"first","16":"instock","17":"taxable","18":"shipping-taxable","19":"purchasable","20":"product-type-simple"},"acf":[],"yoast_head":"<!-- This site is optimized with the Yoast SEO plugin v27.3 - https:\/\/yoast.com\/product\/yoast-seo-wordpress\/ -->\n<title>Pantalla IPS de alto brillo 3,5\u2033 TFT LCD 320x480px, RGB and SPI interfaz display - RVT35HITNWN00<\/title>\n<meta name=\"description\" content=\"Pantalla IPS de alto brillo 3,5\u2033 TFT LCD con resoluci\u00f3n 320x480px, legible a la luz del sol con 1400 cd\/m\u00b2 y \u00e1ngulos de visi\u00f3n completos IPS. Interfaces de v\u00eddeo RGB y SPI \u2013 modelo SM-RVT35HITNWN00\" \/>\n<meta name=\"robots\" content=\"index, follow, max-snippet:-1, max-image-preview:large, max-video-preview:-1\" \/>\n<link rel=\"canonical\" href=\"https:\/\/riverdi.com\/es\/product\/rvt35hitnwn00\" \/>\n<meta property=\"og:locale\" content=\"es_ES\" \/>\n<meta property=\"og:type\" content=\"article\" \/>\n<meta property=\"og:title\" content=\"Pantalla IPS de alto brillo 3,5\u2033 TFT LCD 320x480px, RGB and SPI interfaz display - RVT35HITNWN00\" \/>\n<meta property=\"og:description\" content=\"Pantalla IPS de alto brillo 3,5\u2033 TFT LCD con resoluci\u00f3n 320x480px, legible a la luz del sol con 1400 cd\/m\u00b2 y \u00e1ngulos de visi\u00f3n completos IPS. Interfaces de v\u00eddeo RGB y SPI \u2013 modelo SM-RVT35HITNWN00\" \/>\n<meta property=\"og:url\" content=\"https:\/\/riverdi.com\/es\/product\/rvt35hitnwn00\" \/>\n<meta property=\"og:site_name\" content=\"Riverdi\" \/>\n<meta property=\"article:publisher\" content=\"https:\/\/www.facebook.com\/riverdi.displays\/\" \/>\n<meta property=\"article:modified_time\" content=\"2026-01-18T10:49:20+00:00\" \/>\n<meta property=\"og:image\" content=\"https:\/\/riverdi.com\/wp-content\/uploads\/2024\/11\/RVT35HITNWN00-front-1.webp\" \/>\n\t<meta property=\"og:image:width\" content=\"1200\" \/>\n\t<meta property=\"og:image:height\" content=\"1200\" \/>\n\t<meta property=\"og:image:type\" content=\"image\/webp\" \/>\n<meta name=\"twitter:card\" content=\"summary_large_image\" \/>\n<meta name=\"twitter:site\" content=\"@riverdidisplays\" \/>\n<meta name=\"twitter:label1\" content=\"Tiempo de lectura\" \/>\n\t<meta name=\"twitter:data1\" content=\"2 minutos\" \/>\n<script type=\"application\/ld+json\" class=\"yoast-schema-graph\">{\"@context\":\"https:\\\/\\\/schema.org\",\"@graph\":[{\"@type\":\"WebPage\",\"@id\":\"https:\\\/\\\/riverdi.com\\\/es\\\/product\\\/rvt35hitnwn00\",\"url\":\"https:\\\/\\\/riverdi.com\\\/es\\\/product\\\/rvt35hitnwn00\",\"name\":\"Pantalla IPS de alto brillo 3,5\u2033 TFT LCD 320x480px, RGB and SPI interfaz display - RVT35HITNWN00\",\"isPartOf\":{\"@id\":\"https:\\\/\\\/riverdi.com\\\/es#website\"},\"primaryImageOfPage\":{\"@id\":\"https:\\\/\\\/riverdi.com\\\/es\\\/product\\\/rvt35hitnwn00#primaryimage\"},\"image\":{\"@id\":\"https:\\\/\\\/riverdi.com\\\/es\\\/product\\\/rvt35hitnwn00#primaryimage\"},\"thumbnailUrl\":\"https:\\\/\\\/riverdi.com\\\/wp-content\\\/uploads\\\/2024\\\/11\\\/RVT35HITNWN00-front-1.webp\",\"datePublished\":\"2024-11-26T11:50:45+00:00\",\"dateModified\":\"2026-01-18T10:49:20+00:00\",\"description\":\"Pantalla IPS de alto brillo 3,5\u2033 TFT LCD con resoluci\u00f3n 320x480px, legible a la luz del sol con 1400 cd\\\/m\u00b2 y \u00e1ngulos de visi\u00f3n completos IPS. Interfaces de v\u00eddeo RGB y SPI \u2013 modelo SM-RVT35HITNWN00\",\"breadcrumb\":{\"@id\":\"https:\\\/\\\/riverdi.com\\\/es\\\/product\\\/rvt35hitnwn00#breadcrumb\"},\"inLanguage\":\"es\",\"potentialAction\":[{\"@type\":\"ReadAction\",\"target\":[\"https:\\\/\\\/riverdi.com\\\/es\\\/product\\\/rvt35hitnwn00\"]}]},{\"@type\":\"ImageObject\",\"inLanguage\":\"es\",\"@id\":\"https:\\\/\\\/riverdi.com\\\/es\\\/product\\\/rvt35hitnwn00#primaryimage\",\"url\":\"https:\\\/\\\/riverdi.com\\\/wp-content\\\/uploads\\\/2024\\\/11\\\/RVT35HITNWN00-front-1.webp\",\"contentUrl\":\"https:\\\/\\\/riverdi.com\\\/wp-content\\\/uploads\\\/2024\\\/11\\\/RVT35HITNWN00-front-1.webp\",\"width\":1200,\"height\":1200},{\"@type\":\"BreadcrumbList\",\"@id\":\"https:\\\/\\\/riverdi.com\\\/es\\\/product\\\/rvt35hitnwn00#breadcrumb\",\"itemListElement\":[{\"@type\":\"ListItem\",\"position\":1,\"name\":\"Front Page\",\"item\":\"https:\\\/\\\/riverdi.com\\\/es\\\/portada\"},{\"@type\":\"ListItem\",\"position\":2,\"name\":\"Tienda\",\"item\":\"https:\\\/\\\/riverdi.com\\\/es\\\/tienda\"},{\"@type\":\"ListItem\",\"position\":3,\"name\":\"Pantalla IPS de alto brillo 3,5\u2033 TFT LCD 320x480px, RGB and SPI interfaz display &#8211; RVT35HITNWN00\"}]},{\"@type\":\"WebSite\",\"@id\":\"https:\\\/\\\/riverdi.com\\\/es#website\",\"url\":\"https:\\\/\\\/riverdi.com\\\/es\",\"name\":\"Riverdi\",\"description\":\"Global TFT LCD Manufacturer\",\"potentialAction\":[{\"@type\":\"SearchAction\",\"target\":{\"@type\":\"EntryPoint\",\"urlTemplate\":\"https:\\\/\\\/riverdi.com\\\/es?s={search_term_string}\"},\"query-input\":{\"@type\":\"PropertyValueSpecification\",\"valueRequired\":true,\"valueName\":\"search_term_string\"}}],\"inLanguage\":\"es\"}]}<\/script>\n<!-- \/ Yoast SEO plugin. -->","yoast_head_json":{"title":"Pantalla IPS de alto brillo 3,5\u2033 TFT LCD 320x480px, RGB and SPI interfaz display - RVT35HITNWN00","description":"Pantalla IPS de alto brillo 3,5\u2033 TFT LCD con resoluci\u00f3n 320x480px, legible a la luz del sol con 1400 cd\/m\u00b2 y \u00e1ngulos de visi\u00f3n completos IPS. Interfaces de v\u00eddeo RGB y SPI \u2013 modelo SM-RVT35HITNWN00","robots":{"index":"index","follow":"follow","max-snippet":"max-snippet:-1","max-image-preview":"max-image-preview:large","max-video-preview":"max-video-preview:-1"},"canonical":"https:\/\/riverdi.com\/es\/product\/rvt35hitnwn00","og_locale":"es_ES","og_type":"article","og_title":"Pantalla IPS de alto brillo 3,5\u2033 TFT LCD 320x480px, RGB and SPI interfaz display - RVT35HITNWN00","og_description":"Pantalla IPS de alto brillo 3,5\u2033 TFT LCD con resoluci\u00f3n 320x480px, legible a la luz del sol con 1400 cd\/m\u00b2 y \u00e1ngulos de visi\u00f3n completos IPS. Interfaces de v\u00eddeo RGB y SPI \u2013 modelo SM-RVT35HITNWN00","og_url":"https:\/\/riverdi.com\/es\/product\/rvt35hitnwn00","og_site_name":"Riverdi","article_publisher":"https:\/\/www.facebook.com\/riverdi.displays\/","article_modified_time":"2026-01-18T10:49:20+00:00","og_image":[{"width":1200,"height":1200,"url":"https:\/\/riverdi.com\/wp-content\/uploads\/2024\/11\/RVT35HITNWN00-front-1.webp","type":"image\/webp"}],"twitter_card":"summary_large_image","twitter_site":"@riverdidisplays","twitter_misc":{"Tiempo de lectura":"2 minutos"},"schema":{"@context":"https:\/\/schema.org","@graph":[{"@type":"WebPage","@id":"https:\/\/riverdi.com\/es\/product\/rvt35hitnwn00","url":"https:\/\/riverdi.com\/es\/product\/rvt35hitnwn00","name":"Pantalla IPS de alto brillo 3,5\u2033 TFT LCD 320x480px, RGB and SPI interfaz display - RVT35HITNWN00","isPartOf":{"@id":"https:\/\/riverdi.com\/es#website"},"primaryImageOfPage":{"@id":"https:\/\/riverdi.com\/es\/product\/rvt35hitnwn00#primaryimage"},"image":{"@id":"https:\/\/riverdi.com\/es\/product\/rvt35hitnwn00#primaryimage"},"thumbnailUrl":"https:\/\/riverdi.com\/wp-content\/uploads\/2024\/11\/RVT35HITNWN00-front-1.webp","datePublished":"2024-11-26T11:50:45+00:00","dateModified":"2026-01-18T10:49:20+00:00","description":"Pantalla IPS de alto brillo 3,5\u2033 TFT LCD con resoluci\u00f3n 320x480px, legible a la luz del sol con 1400 cd\/m\u00b2 y \u00e1ngulos de visi\u00f3n completos IPS. Interfaces de v\u00eddeo RGB y SPI \u2013 modelo SM-RVT35HITNWN00","breadcrumb":{"@id":"https:\/\/riverdi.com\/es\/product\/rvt35hitnwn00#breadcrumb"},"inLanguage":"es","potentialAction":[{"@type":"ReadAction","target":["https:\/\/riverdi.com\/es\/product\/rvt35hitnwn00"]}]},{"@type":"ImageObject","inLanguage":"es","@id":"https:\/\/riverdi.com\/es\/product\/rvt35hitnwn00#primaryimage","url":"https:\/\/riverdi.com\/wp-content\/uploads\/2024\/11\/RVT35HITNWN00-front-1.webp","contentUrl":"https:\/\/riverdi.com\/wp-content\/uploads\/2024\/11\/RVT35HITNWN00-front-1.webp","width":1200,"height":1200},{"@type":"BreadcrumbList","@id":"https:\/\/riverdi.com\/es\/product\/rvt35hitnwn00#breadcrumb","itemListElement":[{"@type":"ListItem","position":1,"name":"Front Page","item":"https:\/\/riverdi.com\/es\/portada"},{"@type":"ListItem","position":2,"name":"Tienda","item":"https:\/\/riverdi.com\/es\/tienda"},{"@type":"ListItem","position":3,"name":"Pantalla IPS de alto brillo 3,5\u2033 TFT LCD 320x480px, RGB and SPI interfaz display &#8211; RVT35HITNWN00"}]},{"@type":"WebSite","@id":"https:\/\/riverdi.com\/es#website","url":"https:\/\/riverdi.com\/es","name":"Riverdi","description":"Global TFT LCD Manufacturer","potentialAction":[{"@type":"SearchAction","target":{"@type":"EntryPoint","urlTemplate":"https:\/\/riverdi.com\/es?s={search_term_string}"},"query-input":{"@type":"PropertyValueSpecification","valueRequired":true,"valueName":"search_term_string"}}],"inLanguage":"es"}]}},"_links":{"self":[{"href":"https:\/\/riverdi.com\/es\/wp-json\/wp\/v2\/product\/122041","targetHints":{"allow":["GET"]}}],"collection":[{"href":"https:\/\/riverdi.com\/es\/wp-json\/wp\/v2\/product"}],"about":[{"href":"https:\/\/riverdi.com\/es\/wp-json\/wp\/v2\/types\/product"}],"replies":[{"embeddable":true,"href":"https:\/\/riverdi.com\/es\/wp-json\/wp\/v2\/comments?post=122041"}],"wp:featuredmedia":[{"embeddable":true,"href":"https:\/\/riverdi.com\/es\/wp-json\/wp\/v2\/media\/122115"}],"wp:attachment":[{"href":"https:\/\/riverdi.com\/es\/wp-json\/wp\/v2\/media?parent=122041"}],"wp:term":[{"taxonomy":"product_brand","embeddable":true,"href":"https:\/\/riverdi.com\/es\/wp-json\/wp\/v2\/product_brand?post=122041"},{"taxonomy":"product_cat","embeddable":true,"href":"https:\/\/riverdi.com\/es\/wp-json\/wp\/v2\/product_cat?post=122041"},{"taxonomy":"product_tag","embeddable":true,"href":"https:\/\/riverdi.com\/es\/wp-json\/wp\/v2\/product_tag?post=122041"}],"curies":[{"name":"wp","href":"https:\/\/api.w.org\/{rel}","templated":true}]}}