{"id":122008,"date":"2024-11-19T13:45:50","date_gmt":"2024-11-19T12:45:50","guid":{"rendered":"https:\/\/riverdi.com\/?post_type=product&#038;p=122008"},"modified":"2026-01-18T11:50:08","modified_gmt":"2026-01-18T10:50:08","slug":"rvt35hitnwc00-b","status":"publish","type":"product","link":"https:\/\/riverdi.com\/es\/product\/rvt35hitnwc00-b","title":{"rendered":"Pantalla IPS de alto brillo 3,5\u2033 TFT LCD 320x480px, RGB and SPI interfaz display + pantalla t\u00e1ctil capacitiva &#8211; RVT35HITNWC00-B"},"content":{"rendered":"<h2>TFT IPS de alto brillo<\/h2>\n<p>La luminancia superficial t\u00edpica de una pantalla TFT IPS de alto brillo es de 1200 cd\/m\u00b2, lo que significa que es muy brillante incluso en exteriores. Los \u00e1ngulos de visi\u00f3n completos permiten al usuario interactuar con la pantalla de forma natural e intuitiva desde todos los lados. Consulte la hoja de datos para obtener m\u00e1s informaci\u00f3n.<\/p>\n<p style=\"text-align: center;\"><img decoding=\"async\" class=\"alignnone size-full wp-image-112432\" src=\"https:\/\/riverdi.com\/wp-content\/uploads\/2024\/05\/w768h525.avif\" alt=\"\" width=\"768\" height=\"524\" srcset=\"https:\/\/riverdi.com\/wp-content\/uploads\/2024\/05\/w768h525.avif 768w, https:\/\/riverdi.com\/wp-content\/uploads\/2024\/05\/w768h525-600x409.avif 600w, https:\/\/riverdi.com\/wp-content\/uploads\/2024\/05\/w768h525-64x44.avif 64w, https:\/\/riverdi.com\/wp-content\/uploads\/2024\/05\/w768h525-300x205.avif 300w\" sizes=\"(max-width: 768px) 100vw, 768px\" \/><\/p>\n<h2>Pantalla t\u00e1ctil industrial<\/h2>\n<h4>Reacciona al menor contacto<\/h4>\n<p>El PCAP (panel t\u00e1ctil de capacidad proyectada) se clasifica como \u00abindustrial\u00bb (en contraposici\u00f3n a \u00abde consumo\u00bb) cuando es capaz de funcionar correctamente en condiciones m\u00e1s exigentes y duras (es decir, campos electromagn\u00e9ticos perturbadores alrededor que causan interferencias con el controlador del panel, gotas de agua presentes en los alrededores tambi\u00e9n en el cristal del panel), y reaccionar correctamente al ser tocado por manos con guantes. Puede ajustarse en f\u00e1brica, detecta el tacto a trav\u00e9s de capas de vidrio m\u00e1s gruesas que los paneles de consumo (en el laboratorio de Riverdi se prob\u00f3 con \u00e9xito una capa de vidrio de 6 mm de grosor) y utiliza un controlador de chip de calidad industrial. Dichos controladores tienen implantadas las directrices de los fabricantes industriales y se garantiza su fabricaci\u00f3n normalmente de 10 a 15 a\u00f1os sin cambios.<\/p>\n<p>Caracter\u00edsticas principales:<\/p>\n<ul>\n<li>ILITEK ILI2130 IC t\u00e1ctil<\/li>\n<li>Interfaz I\u00b2C<\/li>\n<li>Admite vidrios de hasta 6 mm de grosor<\/li>\n<li>Funciona con las manos enguantadas<\/li>\n<li>Funcionalidad t\u00e1ctil resistente al agua<\/li>\n<li>Capacidad multit\u00e1ctil para hasta 5 dedos<\/li>\n<li>Excelente rendimiento EMC, RS (susceptibilidad radiada) y CS (susceptibilidad conductiva)<\/li>\n<li>El rendimiento t\u00e1ctil podr\u00eda ajustarse f\u00e1cilmente a necesidades espec\u00edficas<\/li>\n<\/ul>\n<p>&nbsp;<\/p>\n<p>Para m\u00e1s informaci\u00f3n, consulta esta p\u00e1gina.<\/p>\n<p style=\"text-align: center;\"><img decoding=\"async\" class=\"alignnone size-full wp-image-112461\" src=\"https:\/\/riverdi.com\/wp-content\/uploads\/2024\/05\/w600h971.avif\" alt=\"\" width=\"600\" height=\"970\" srcset=\"https:\/\/riverdi.com\/wp-content\/uploads\/2024\/05\/w600h971.avif 600w, https:\/\/riverdi.com\/wp-content\/uploads\/2024\/05\/w600h971-64x103.avif 64w, https:\/\/riverdi.com\/wp-content\/uploads\/2024\/05\/w600h971-186x300.avif 186w\" sizes=\"(max-width: 600px) 100vw, 600px\" \/><\/p>\n<h2>Uni\u00f3n \u00f3ptica<\/h2>\n<h4>Mejora del rendimiento \u00f3ptico de tu pantalla<\/h4>\n<p>La <strong>adhesi\u00f3n \u00f3ptica<\/strong> es un proceso de fijaci\u00f3n del panel t\u00e1ctil (o s\u00f3lo del cristal protector) a la pantalla mediante un adhesivo l\u00edquido, en gel o seco (pel\u00edcula). En general, este proceso mejora los par\u00e1metros del m\u00f3dulo: el rendimiento \u00f3ptico, as\u00ed como la durabilidad.<\/p>\n<p>El <strong>entrehierro<\/strong> es la causa del fen\u00f3meno de reflexi\u00f3n de la luz solar. As\u00ed, cuando la pantalla est\u00e1 apagada, el \u00c1rea Visual (A.V.) nunca es negra, sino gris.<\/p>\n<p>Al eliminar los espacios de aire, reducimos el n\u00famero de superficies reflectantes internas, lo que aumenta el rendimiento \u00f3ptico. Este fen\u00f3meno mejora la legibilidad, al reducir el reflejo y corregir el contraste.<\/p>\n<p style=\"text-align: center;\"><img decoding=\"async\" class=\"alignnone size-full wp-image-112437\" src=\"https:\/\/riverdi.com\/wp-content\/uploads\/2024\/05\/w768h417.avif\" alt=\"\" width=\"768\" height=\"417\" srcset=\"https:\/\/riverdi.com\/wp-content\/uploads\/2024\/05\/w768h417.avif 768w, https:\/\/riverdi.com\/wp-content\/uploads\/2024\/05\/w768h417-600x326.avif 600w, https:\/\/riverdi.com\/wp-content\/uploads\/2024\/05\/w768h417-64x35.avif 64w, https:\/\/riverdi.com\/wp-content\/uploads\/2024\/05\/w768h417-300x163.avif 300w\" sizes=\"(max-width: 768px) 100vw, 768px\" \/><\/p>\n<p style=\"text-align: center;\"><img decoding=\"async\" class=\"alignnone size-full wp-image-112442\" src=\"https:\/\/riverdi.com\/wp-content\/uploads\/2024\/05\/w768h521.avif\" alt=\"\" width=\"768\" height=\"521\" srcset=\"https:\/\/riverdi.com\/wp-content\/uploads\/2024\/05\/w768h521.avif 768w, https:\/\/riverdi.com\/wp-content\/uploads\/2024\/05\/w768h521-600x407.avif 600w, https:\/\/riverdi.com\/wp-content\/uploads\/2024\/05\/w768h521-64x43.avif 64w, https:\/\/riverdi.com\/wp-content\/uploads\/2024\/05\/w768h521-300x204.avif 300w\" sizes=\"(max-width: 768px) 100vw, 768px\" \/><\/p>\n<h4>Dise\u00f1o elegante sin orificios en la carcasa<\/h4>\n<p>Una pantalla uxTouch es una pantalla LCD TFT especialmente dise\u00f1ada que dispone de una funci\u00f3n t\u00e1ctil capacitiva proyectada (PTC). Gracias a su dise\u00f1o absolutamente plano y a su funci\u00f3n multit\u00e1ctil, son la elecci\u00f3n perfecta para su proyecto si pretende un dise\u00f1o y una tecnolog\u00eda interactivos.<\/p>\n<p>Presentan un dise\u00f1o moderno y elegante sin agujeros en la carcasa.<\/p>\n<p>Desde el punto de vista t\u00e9cnico, son una gran opci\u00f3n para espacios industriales, ya que no es posible la acumulaci\u00f3n de suciedad. Tambi\u00e9n incorporan vidrio reforzado qu\u00edmicamente, que tiene una mayor durabilidad, gracias al proceso de intercambio i\u00f3nico. Son f\u00e1ciles de montar, de limpiar y de integrar en su dise\u00f1o.<\/p>\n<p style=\"text-align: center;\"><img decoding=\"async\" class=\"alignnone size-full wp-image-112466\" src=\"https:\/\/riverdi.com\/wp-content\/uploads\/2024\/05\/w600h358.avif\" alt=\"\" width=\"600\" height=\"358\" srcset=\"https:\/\/riverdi.com\/wp-content\/uploads\/2024\/05\/w600h358.avif 600w, https:\/\/riverdi.com\/wp-content\/uploads\/2024\/05\/w600h358-64x38.avif 64w, https:\/\/riverdi.com\/wp-content\/uploads\/2024\/05\/w600h358-300x179.avif 300w\" sizes=\"(max-width: 600px) 100vw, 600px\" \/><\/p>\n<h2>Expositores personalizados<\/h2>\n<p>Puedes personalizar esas pantallas de muchas maneras:<\/p>\n<ul>\n<li>Cambia el color, la forma y el tama\u00f1o del cubreobjetos<\/li>\n<li>Imprima su logotipo en el cristal de la cubierta (o cualquier otro gr\u00e1fico que necesite)<\/li>\n<li>A\u00f1adir una interfaz diferente<\/li>\n<li>Aumenta el brillo de la pantalla<\/li>\n<li>Cambiar el grosor de la lente de cubierta para el CTP<\/li>\n<li>Elige otro \u00e1ngulo de visi\u00f3n de la pantalla<\/li>\n<li>Cambiar el pinout<\/li>\n<li>Solicitar otro conjunto de juntas<\/li>\n<\/ul>\n<p>&nbsp;<\/p>\n<p>Como puede ver, las posibilidades son infinitas.<br \/>\nTodo lo que tienes que hacer es elegir.<\/p>\n<p>Le ayudaremos a conseguir el producto perfecto a su medida.<\/p>\n<p style=\"text-align: center;\"><img decoding=\"async\" class=\"alignnone size-full wp-image-112476\" src=\"https:\/\/riverdi.com\/wp-content\/uploads\/2024\/05\/w768h564.avif\" alt=\"\" width=\"768\" height=\"564\" srcset=\"https:\/\/riverdi.com\/wp-content\/uploads\/2024\/05\/w768h564.avif 768w, https:\/\/riverdi.com\/wp-content\/uploads\/2024\/05\/w768h564-600x441.avif 600w, https:\/\/riverdi.com\/wp-content\/uploads\/2024\/05\/w768h564-64x47.avif 64w, https:\/\/riverdi.com\/wp-content\/uploads\/2024\/05\/w768h564-300x220.avif 300w\" sizes=\"(max-width: 768px) 100vw, 768px\" \/><\/p>\n","protected":false},"excerpt":{"rendered":"<ul>\n<li style=\"font-weight: 400;\">Pantalla TFT de 3,5<\/li>\n<li style=\"font-weight: 400;\">Resoluci\u00f3n 320\u00d7480px<\/li>\n<li style=\"font-weight: 400;\">Alto brillo 1200 cd\/m<\/li>\n<li style=\"font-weight: 400;\">\u00c1ngulos de visi\u00f3n completos (IPS)<\/li>\n<li style=\"font-weight: 400;\">Uni\u00f3n \u00f3ptica<\/li>\n<li style=\"font-weight: 400;\">Interfaz de v\u00eddeo RGB y SPI<\/li>\n<li style=\"font-weight: 400;\">Panel t\u00e1ctil industrial PCAP con interfaz I2C<\/li>\n<li style=\"font-weight: 400;\">Tapa de cristal decorativa negra<\/li>\n<li><span data-contrast=\"auto\">Esta pantalla tambi\u00e9n est\u00e1 disponible como <a href=\"https:\/\/riverdi.com\/es\/product\/035-nucleo-144\">Kit de pantalla STM32 Nucleo 64<\/a><\/span><\/li>\n<\/ul>\n","protected":false},"featured_media":121978,"comment_status":"closed","ping_status":"closed","template":"","meta":{"_acf_changed":false,"content-type":"","inline_featured_image":false},"product_brand":[],"product_cat":[4882,4802,4801,4983,3379,4979,4982,4928,4813,4814,4852],"product_tag":[],"class_list":{"0":"post-122008","1":"product","2":"type-product","3":"status-publish","4":"has-post-thumbnail","6":"product_cat-interfaz","7":"product_cat-pantalla-lcd","8":"product_cat-pantalla-tft","9":"product_cat-pantallas-ic-spi","10":"product_cat-pantallas-ips-de-alto-brillo","11":"product_cat-pantallas-lcd-de-35-pulgadas","12":"product_cat-pantallas-rgb","13":"product_cat-pantallas-spi-qspi","14":"product_cat-pantallas-tactiles","15":"product_cat-pantallas-tactiles-capacitivas","16":"product_cat-todas-las-pantallas","18":"first","19":"instock","20":"taxable","21":"shipping-taxable","22":"purchasable","23":"product-type-simple"},"acf":[],"yoast_head":"<!-- This site is optimized with the Yoast SEO plugin v27.3 - https:\/\/yoast.com\/product\/yoast-seo-wordpress\/ -->\n<title>Pantalla IPS de alto brillo 3,5\u2033 TFT LCD 320x480px, RGB and SPI interfaz display + pantalla t\u00e1ctil capacitiva - RVT35HITNWC00-B | Riverdi<\/title>\n<meta name=\"description\" content=\"Pantalla IPS de alto brillo 3,5\u2033 TFT LCD con resoluci\u00f3n 320x480px, legible a la luz del sol con 1200 cd\/m\u00b2 y uni\u00f3n \u00f3ptica. Interfaces de v\u00eddeo RGB y SPI, \u00e1ngulos de visi\u00f3n completos IPS \u2013 modelo SM-RVT35HITNWC00-B\" \/>\n<meta name=\"robots\" content=\"index, follow, max-snippet:-1, max-image-preview:large, max-video-preview:-1\" \/>\n<link rel=\"canonical\" href=\"https:\/\/riverdi.com\/es\/product\/rvt35hitnwc00-b\" \/>\n<meta property=\"og:locale\" content=\"es_ES\" \/>\n<meta property=\"og:type\" content=\"article\" \/>\n<meta property=\"og:title\" content=\"Pantalla IPS de alto brillo 3,5\u2033 TFT LCD 320x480px, RGB and SPI interfaz display + pantalla t\u00e1ctil capacitiva - RVT35HITNWC00-B | Riverdi\" \/>\n<meta property=\"og:description\" content=\"Pantalla IPS de alto brillo 3,5\u2033 TFT LCD con resoluci\u00f3n 320x480px, legible a la luz del sol con 1200 cd\/m\u00b2 y uni\u00f3n \u00f3ptica. Interfaces de v\u00eddeo RGB y SPI, \u00e1ngulos de visi\u00f3n completos IPS \u2013 modelo SM-RVT35HITNWC00-B\" \/>\n<meta property=\"og:url\" content=\"https:\/\/riverdi.com\/es\/product\/rvt35hitnwc00-b\" \/>\n<meta property=\"og:site_name\" content=\"Riverdi\" \/>\n<meta property=\"article:publisher\" content=\"https:\/\/www.facebook.com\/riverdi.displays\/\" \/>\n<meta property=\"article:modified_time\" content=\"2026-01-18T10:50:08+00:00\" \/>\n<meta property=\"og:image\" content=\"https:\/\/riverdi.com\/wp-content\/uploads\/2024\/11\/nucleo3.5-front.webp\" \/>\n\t<meta property=\"og:image:width\" content=\"1200\" \/>\n\t<meta property=\"og:image:height\" content=\"1200\" \/>\n\t<meta property=\"og:image:type\" content=\"image\/webp\" \/>\n<meta name=\"twitter:card\" content=\"summary_large_image\" \/>\n<meta name=\"twitter:site\" content=\"@riverdidisplays\" \/>\n<meta name=\"twitter:label1\" content=\"Tiempo de lectura\" \/>\n\t<meta name=\"twitter:data1\" content=\"5 minutos\" \/>\n<script type=\"application\/ld+json\" class=\"yoast-schema-graph\">{\"@context\":\"https:\\\/\\\/schema.org\",\"@graph\":[{\"@type\":\"WebPage\",\"@id\":\"https:\\\/\\\/riverdi.com\\\/es\\\/product\\\/rvt35hitnwc00-b\",\"url\":\"https:\\\/\\\/riverdi.com\\\/es\\\/product\\\/rvt35hitnwc00-b\",\"name\":\"Pantalla IPS de alto brillo 3,5\u2033 TFT LCD 320x480px, RGB and SPI interfaz display + pantalla t\u00e1ctil capacitiva - RVT35HITNWC00-B | Riverdi\",\"isPartOf\":{\"@id\":\"https:\\\/\\\/riverdi.com\\\/es#website\"},\"primaryImageOfPage\":{\"@id\":\"https:\\\/\\\/riverdi.com\\\/es\\\/product\\\/rvt35hitnwc00-b#primaryimage\"},\"image\":{\"@id\":\"https:\\\/\\\/riverdi.com\\\/es\\\/product\\\/rvt35hitnwc00-b#primaryimage\"},\"thumbnailUrl\":\"https:\\\/\\\/riverdi.com\\\/wp-content\\\/uploads\\\/2024\\\/11\\\/nucleo3.5-front.webp\",\"datePublished\":\"2024-11-19T12:45:50+00:00\",\"dateModified\":\"2026-01-18T10:50:08+00:00\",\"description\":\"Pantalla IPS de alto brillo 3,5\u2033 TFT LCD con resoluci\u00f3n 320x480px, legible a la luz del sol con 1200 cd\\\/m\u00b2 y uni\u00f3n \u00f3ptica. Interfaces de v\u00eddeo RGB y SPI, \u00e1ngulos de visi\u00f3n completos IPS \u2013 modelo SM-RVT35HITNWC00-B\",\"breadcrumb\":{\"@id\":\"https:\\\/\\\/riverdi.com\\\/es\\\/product\\\/rvt35hitnwc00-b#breadcrumb\"},\"inLanguage\":\"es\",\"potentialAction\":[{\"@type\":\"ReadAction\",\"target\":[\"https:\\\/\\\/riverdi.com\\\/es\\\/product\\\/rvt35hitnwc00-b\"]}]},{\"@type\":\"ImageObject\",\"inLanguage\":\"es\",\"@id\":\"https:\\\/\\\/riverdi.com\\\/es\\\/product\\\/rvt35hitnwc00-b#primaryimage\",\"url\":\"https:\\\/\\\/riverdi.com\\\/wp-content\\\/uploads\\\/2024\\\/11\\\/nucleo3.5-front.webp\",\"contentUrl\":\"https:\\\/\\\/riverdi.com\\\/wp-content\\\/uploads\\\/2024\\\/11\\\/nucleo3.5-front.webp\",\"width\":1200,\"height\":1200},{\"@type\":\"BreadcrumbList\",\"@id\":\"https:\\\/\\\/riverdi.com\\\/es\\\/product\\\/rvt35hitnwc00-b#breadcrumb\",\"itemListElement\":[{\"@type\":\"ListItem\",\"position\":1,\"name\":\"Front Page\",\"item\":\"https:\\\/\\\/riverdi.com\\\/es\\\/portada\"},{\"@type\":\"ListItem\",\"position\":2,\"name\":\"Tienda\",\"item\":\"https:\\\/\\\/riverdi.com\\\/es\\\/tienda\"},{\"@type\":\"ListItem\",\"position\":3,\"name\":\"Pantalla IPS de alto brillo 3,5\u2033 TFT LCD 320x480px, RGB and SPI interfaz display + pantalla t\u00e1ctil capacitiva &#8211; RVT35HITNWC00-B\"}]},{\"@type\":\"WebSite\",\"@id\":\"https:\\\/\\\/riverdi.com\\\/es#website\",\"url\":\"https:\\\/\\\/riverdi.com\\\/es\",\"name\":\"Riverdi\",\"description\":\"Global TFT LCD Manufacturer\",\"potentialAction\":[{\"@type\":\"SearchAction\",\"target\":{\"@type\":\"EntryPoint\",\"urlTemplate\":\"https:\\\/\\\/riverdi.com\\\/es?s={search_term_string}\"},\"query-input\":{\"@type\":\"PropertyValueSpecification\",\"valueRequired\":true,\"valueName\":\"search_term_string\"}}],\"inLanguage\":\"es\"}]}<\/script>\n<!-- \/ Yoast SEO plugin. -->","yoast_head_json":{"title":"Pantalla IPS de alto brillo 3,5\u2033 TFT LCD 320x480px, RGB and SPI interfaz display + pantalla t\u00e1ctil capacitiva - RVT35HITNWC00-B | Riverdi","description":"Pantalla IPS de alto brillo 3,5\u2033 TFT LCD con resoluci\u00f3n 320x480px, legible a la luz del sol con 1200 cd\/m\u00b2 y uni\u00f3n \u00f3ptica. Interfaces de v\u00eddeo RGB y SPI, \u00e1ngulos de visi\u00f3n completos IPS \u2013 modelo SM-RVT35HITNWC00-B","robots":{"index":"index","follow":"follow","max-snippet":"max-snippet:-1","max-image-preview":"max-image-preview:large","max-video-preview":"max-video-preview:-1"},"canonical":"https:\/\/riverdi.com\/es\/product\/rvt35hitnwc00-b","og_locale":"es_ES","og_type":"article","og_title":"Pantalla IPS de alto brillo 3,5\u2033 TFT LCD 320x480px, RGB and SPI interfaz display + pantalla t\u00e1ctil capacitiva - RVT35HITNWC00-B | Riverdi","og_description":"Pantalla IPS de alto brillo 3,5\u2033 TFT LCD con resoluci\u00f3n 320x480px, legible a la luz del sol con 1200 cd\/m\u00b2 y uni\u00f3n \u00f3ptica. Interfaces de v\u00eddeo RGB y SPI, \u00e1ngulos de visi\u00f3n completos IPS \u2013 modelo SM-RVT35HITNWC00-B","og_url":"https:\/\/riverdi.com\/es\/product\/rvt35hitnwc00-b","og_site_name":"Riverdi","article_publisher":"https:\/\/www.facebook.com\/riverdi.displays\/","article_modified_time":"2026-01-18T10:50:08+00:00","og_image":[{"width":1200,"height":1200,"url":"https:\/\/riverdi.com\/wp-content\/uploads\/2024\/11\/nucleo3.5-front.webp","type":"image\/webp"}],"twitter_card":"summary_large_image","twitter_site":"@riverdidisplays","twitter_misc":{"Tiempo de lectura":"5 minutos"},"schema":{"@context":"https:\/\/schema.org","@graph":[{"@type":"WebPage","@id":"https:\/\/riverdi.com\/es\/product\/rvt35hitnwc00-b","url":"https:\/\/riverdi.com\/es\/product\/rvt35hitnwc00-b","name":"Pantalla IPS de alto brillo 3,5\u2033 TFT LCD 320x480px, RGB and SPI interfaz display + pantalla t\u00e1ctil capacitiva - RVT35HITNWC00-B | Riverdi","isPartOf":{"@id":"https:\/\/riverdi.com\/es#website"},"primaryImageOfPage":{"@id":"https:\/\/riverdi.com\/es\/product\/rvt35hitnwc00-b#primaryimage"},"image":{"@id":"https:\/\/riverdi.com\/es\/product\/rvt35hitnwc00-b#primaryimage"},"thumbnailUrl":"https:\/\/riverdi.com\/wp-content\/uploads\/2024\/11\/nucleo3.5-front.webp","datePublished":"2024-11-19T12:45:50+00:00","dateModified":"2026-01-18T10:50:08+00:00","description":"Pantalla IPS de alto brillo 3,5\u2033 TFT LCD con resoluci\u00f3n 320x480px, legible a la luz del sol con 1200 cd\/m\u00b2 y uni\u00f3n \u00f3ptica. Interfaces de v\u00eddeo RGB y SPI, \u00e1ngulos de visi\u00f3n completos IPS \u2013 modelo SM-RVT35HITNWC00-B","breadcrumb":{"@id":"https:\/\/riverdi.com\/es\/product\/rvt35hitnwc00-b#breadcrumb"},"inLanguage":"es","potentialAction":[{"@type":"ReadAction","target":["https:\/\/riverdi.com\/es\/product\/rvt35hitnwc00-b"]}]},{"@type":"ImageObject","inLanguage":"es","@id":"https:\/\/riverdi.com\/es\/product\/rvt35hitnwc00-b#primaryimage","url":"https:\/\/riverdi.com\/wp-content\/uploads\/2024\/11\/nucleo3.5-front.webp","contentUrl":"https:\/\/riverdi.com\/wp-content\/uploads\/2024\/11\/nucleo3.5-front.webp","width":1200,"height":1200},{"@type":"BreadcrumbList","@id":"https:\/\/riverdi.com\/es\/product\/rvt35hitnwc00-b#breadcrumb","itemListElement":[{"@type":"ListItem","position":1,"name":"Front Page","item":"https:\/\/riverdi.com\/es\/portada"},{"@type":"ListItem","position":2,"name":"Tienda","item":"https:\/\/riverdi.com\/es\/tienda"},{"@type":"ListItem","position":3,"name":"Pantalla IPS de alto brillo 3,5\u2033 TFT LCD 320x480px, RGB and SPI interfaz display + pantalla t\u00e1ctil capacitiva &#8211; RVT35HITNWC00-B"}]},{"@type":"WebSite","@id":"https:\/\/riverdi.com\/es#website","url":"https:\/\/riverdi.com\/es","name":"Riverdi","description":"Global TFT LCD Manufacturer","potentialAction":[{"@type":"SearchAction","target":{"@type":"EntryPoint","urlTemplate":"https:\/\/riverdi.com\/es?s={search_term_string}"},"query-input":{"@type":"PropertyValueSpecification","valueRequired":true,"valueName":"search_term_string"}}],"inLanguage":"es"}]}},"_links":{"self":[{"href":"https:\/\/riverdi.com\/es\/wp-json\/wp\/v2\/product\/122008","targetHints":{"allow":["GET"]}}],"collection":[{"href":"https:\/\/riverdi.com\/es\/wp-json\/wp\/v2\/product"}],"about":[{"href":"https:\/\/riverdi.com\/es\/wp-json\/wp\/v2\/types\/product"}],"replies":[{"embeddable":true,"href":"https:\/\/riverdi.com\/es\/wp-json\/wp\/v2\/comments?post=122008"}],"wp:featuredmedia":[{"embeddable":true,"href":"https:\/\/riverdi.com\/es\/wp-json\/wp\/v2\/media\/121978"}],"wp:attachment":[{"href":"https:\/\/riverdi.com\/es\/wp-json\/wp\/v2\/media?parent=122008"}],"wp:term":[{"taxonomy":"product_brand","embeddable":true,"href":"https:\/\/riverdi.com\/es\/wp-json\/wp\/v2\/product_brand?post=122008"},{"taxonomy":"product_cat","embeddable":true,"href":"https:\/\/riverdi.com\/es\/wp-json\/wp\/v2\/product_cat?post=122008"},{"taxonomy":"product_tag","embeddable":true,"href":"https:\/\/riverdi.com\/es\/wp-json\/wp\/v2\/product_tag?post=122008"}],"curies":[{"name":"wp","href":"https:\/\/api.w.org\/{rel}","templated":true}]}}