{"id":119950,"date":"2022-05-09T10:06:40","date_gmt":"2022-05-09T08:06:40","guid":{"rendered":"http:\/\/riverdi.com\/?post_type=product&#038;p=119950"},"modified":"2024-10-01T16:26:00","modified_gmt":"2024-10-01T14:26:00","slug":"pantalla-de-5-pulgadas-tft-lcd-stm32u5-embedded-display-rvt50hqsfwn01","status":"publish","type":"product","link":"https:\/\/riverdi.com\/es\/product\/pantalla-de-5-pulgadas-tft-lcd-stm32u5-embedded-display-rvt50hqsfwn01","title":{"rendered":"STM32 Embedded Display &#8211; Pantalla LCD TFT de 5 pulgadas &#8211; RVT50HQSFWN01"},"content":{"rendered":"<p>no quites esto<\/p>\n","protected":false},"excerpt":{"rendered":"<p>El cable de alimentaci\u00f3n <a title=\"https:\/\/riverdi.com\/product\/rva-0106m-1-25ff-1\/\" href=\"https:\/\/riverdi.com\/product\/rva-0106m-1-25ff-1\/\">RVA-0106M-1.25FF-1<\/a> y el cable de programaci\u00f3n ST-LINK\/V2 &amp;ST-LINK V2-ISO SWD <a title=\"https:\/\/riverdi.com\/product\/rva-swd-06m-c100\/\" href=\"https:\/\/riverdi.com\/product\/rva-swd-06m-c100\/\">RVA-SWD-06M-C100<\/a> V2 <strong>se incluyen como accesorios gratuitos para el paquete \u00fanico.<\/strong><strong>Caracter\u00edsticas principales<\/strong><\/p>\n<ul>\n<li>Pantalla TFT de 5<\/li>\n<li>Resoluci\u00f3n 800x480px<\/li>\n<li>Alto brillo <sup>1000cd\/m2<\/sup><\/li>\n<li>\u00c1ngulos de visi\u00f3n completos (IPS)<\/li>\n<li>STM32U5G9<\/li>\n<li>NeoChromVG GPU acelerador de gr\u00e1ficos vectoriales<\/li>\n<li>Todas las interfaces STM32U5<\/li>\n<li>Alta calidad<\/li>\n<li>Flash de 4 MB<\/li>\n<li>3 MB RAM<\/li>\n<li>Soporte directo TouchGFX<\/li>\n<li>Fuente de alimentaci\u00f3n: 6V-48V<\/li>\n<\/ul>\n","protected":false},"featured_media":104294,"comment_status":"closed","ping_status":"closed","template":"","meta":{"_acf_changed":false,"content-type":"","inline_featured_image":false},"product_brand":[],"product_cat":[4802,4801,3210],"product_tag":[],"class_list":{"0":"post-119950","1":"product","2":"type-product","3":"status-publish","4":"has-post-thumbnail","6":"product_cat-pantalla-lcd","7":"product_cat-pantalla-tft","8":"product_cat-pantallas-integradas-stm32","10":"first","11":"instock","12":"taxable","13":"shipping-taxable","14":"purchasable","15":"product-type-simple"},"acf":[],"yoast_head":"<!-- This site is optimized with the Yoast SEO plugin v27.0 - https:\/\/yoast.com\/product\/yoast-seo-wordpress\/ -->\n<title>STM32 Embedded Display - Pantalla LCD TFT de 5 pulgadas - RVT50HQSFWN01 - Riverdi<\/title>\n<meta name=\"description\" content=\"La serie STM32 Embedded Display de Riverdi son actualmente, las pantallas de mayor resoluci\u00f3n (800\u00d7480 p\u00edxeles) con STM32U5G9 del mercado.\" \/>\n<meta name=\"robots\" content=\"index, follow, max-snippet:-1, max-image-preview:large, max-video-preview:-1\" \/>\n<link rel=\"canonical\" href=\"https:\/\/riverdi.com\/es\/product\/pantalla-de-5-pulgadas-tft-lcd-stm32u5-embedded-display-rvt50hqsfwn01\" \/>\n<meta property=\"og:locale\" content=\"es_ES\" \/>\n<meta property=\"og:type\" content=\"article\" \/>\n<meta property=\"og:title\" content=\"STM32 Embedded Display - Pantalla LCD TFT de 5 pulgadas - RVT50HQSFWN01 - Riverdi\" \/>\n<meta property=\"og:description\" content=\"La serie STM32 Embedded Display de Riverdi son actualmente, las pantallas de mayor resoluci\u00f3n (800\u00d7480 p\u00edxeles) con STM32U5G9 del mercado.\" \/>\n<meta property=\"og:url\" content=\"https:\/\/riverdi.com\/es\/product\/pantalla-de-5-pulgadas-tft-lcd-stm32u5-embedded-display-rvt50hqsfwn01\" \/>\n<meta property=\"og:site_name\" content=\"Riverdi\" \/>\n<meta property=\"article:publisher\" content=\"https:\/\/www.facebook.com\/riverdi.displays\/\" \/>\n<meta property=\"article:modified_time\" content=\"2024-10-01T14:26:00+00:00\" \/>\n<meta property=\"og:image\" content=\"https:\/\/riverdi.com\/wp-content\/uploads\/2024\/04\/RVT50HQSFWN00.webp\" \/>\n\t<meta property=\"og:image:width\" content=\"1293\" \/>\n\t<meta property=\"og:image:height\" content=\"889\" \/>\n\t<meta property=\"og:image:type\" content=\"image\/webp\" \/>\n<meta name=\"twitter:card\" content=\"summary_large_image\" \/>\n<meta name=\"twitter:site\" content=\"@riverdidisplays\" \/>\n<script type=\"application\/ld+json\" class=\"yoast-schema-graph\">{\"@context\":\"https:\/\/schema.org\",\"@graph\":[{\"@type\":\"WebPage\",\"@id\":\"https:\/\/riverdi.com\/es\/product\/pantalla-de-5-pulgadas-tft-lcd-stm32u5-embedded-display-rvt50hqsfwn01\",\"url\":\"https:\/\/riverdi.com\/es\/product\/pantalla-de-5-pulgadas-tft-lcd-stm32u5-embedded-display-rvt50hqsfwn01\",\"name\":\"STM32 Embedded Display - Pantalla LCD TFT de 5 pulgadas - RVT50HQSFWN01 - Riverdi\",\"isPartOf\":{\"@id\":\"https:\/\/riverdi.com\/es#website\"},\"primaryImageOfPage\":{\"@id\":\"https:\/\/riverdi.com\/es\/product\/pantalla-de-5-pulgadas-tft-lcd-stm32u5-embedded-display-rvt50hqsfwn01#primaryimage\"},\"image\":{\"@id\":\"https:\/\/riverdi.com\/es\/product\/pantalla-de-5-pulgadas-tft-lcd-stm32u5-embedded-display-rvt50hqsfwn01#primaryimage\"},\"thumbnailUrl\":\"https:\/\/riverdi.com\/wp-content\/uploads\/2024\/04\/RVT50HQSFWN00.webp\",\"datePublished\":\"2022-05-09T08:06:40+00:00\",\"dateModified\":\"2024-10-01T14:26:00+00:00\",\"description\":\"La serie STM32 Embedded Display de Riverdi son actualmente, las pantallas de mayor resoluci\u00f3n (800\u00d7480 p\u00edxeles) con STM32U5G9 del mercado.\",\"breadcrumb\":{\"@id\":\"https:\/\/riverdi.com\/es\/product\/pantalla-de-5-pulgadas-tft-lcd-stm32u5-embedded-display-rvt50hqsfwn01#breadcrumb\"},\"inLanguage\":\"es\",\"potentialAction\":[{\"@type\":\"ReadAction\",\"target\":[\"https:\/\/riverdi.com\/es\/product\/pantalla-de-5-pulgadas-tft-lcd-stm32u5-embedded-display-rvt50hqsfwn01\"]}]},{\"@type\":\"ImageObject\",\"inLanguage\":\"es\",\"@id\":\"https:\/\/riverdi.com\/es\/product\/pantalla-de-5-pulgadas-tft-lcd-stm32u5-embedded-display-rvt50hqsfwn01#primaryimage\",\"url\":\"https:\/\/riverdi.com\/wp-content\/uploads\/2024\/04\/RVT50HQSFWN00.webp\",\"contentUrl\":\"https:\/\/riverdi.com\/wp-content\/uploads\/2024\/04\/RVT50HQSFWN00.webp\",\"width\":1293,\"height\":889},{\"@type\":\"BreadcrumbList\",\"@id\":\"https:\/\/riverdi.com\/es\/product\/pantalla-de-5-pulgadas-tft-lcd-stm32u5-embedded-display-rvt50hqsfwn01#breadcrumb\",\"itemListElement\":[{\"@type\":\"ListItem\",\"position\":1,\"name\":\"Front Page\",\"item\":\"https:\/\/riverdi.com\/es\/portada\"},{\"@type\":\"ListItem\",\"position\":2,\"name\":\"Tienda\",\"item\":\"https:\/\/riverdi.com\/es\/tienda\"},{\"@type\":\"ListItem\",\"position\":3,\"name\":\"STM32 Embedded Display &#8211; Pantalla LCD TFT de 5 pulgadas &#8211; RVT50HQSFWN01\"}]},{\"@type\":\"WebSite\",\"@id\":\"https:\/\/riverdi.com\/es#website\",\"url\":\"https:\/\/riverdi.com\/es\",\"name\":\"Riverdi\",\"description\":\"Global TFT LCD Manufacturer\",\"potentialAction\":[{\"@type\":\"SearchAction\",\"target\":{\"@type\":\"EntryPoint\",\"urlTemplate\":\"https:\/\/riverdi.com\/es?s={search_term_string}\"},\"query-input\":{\"@type\":\"PropertyValueSpecification\",\"valueRequired\":true,\"valueName\":\"search_term_string\"}}],\"inLanguage\":\"es\"}]}<\/script>\n<!-- \/ Yoast SEO plugin. -->","yoast_head_json":{"title":"STM32 Embedded Display - Pantalla LCD TFT de 5 pulgadas - RVT50HQSFWN01 - Riverdi","description":"La serie STM32 Embedded Display de Riverdi son actualmente, las pantallas de mayor resoluci\u00f3n (800\u00d7480 p\u00edxeles) con STM32U5G9 del mercado.","robots":{"index":"index","follow":"follow","max-snippet":"max-snippet:-1","max-image-preview":"max-image-preview:large","max-video-preview":"max-video-preview:-1"},"canonical":"https:\/\/riverdi.com\/es\/product\/pantalla-de-5-pulgadas-tft-lcd-stm32u5-embedded-display-rvt50hqsfwn01","og_locale":"es_ES","og_type":"article","og_title":"STM32 Embedded Display - Pantalla LCD TFT de 5 pulgadas - RVT50HQSFWN01 - Riverdi","og_description":"La serie STM32 Embedded Display de Riverdi son actualmente, las pantallas de mayor resoluci\u00f3n (800\u00d7480 p\u00edxeles) con STM32U5G9 del mercado.","og_url":"https:\/\/riverdi.com\/es\/product\/pantalla-de-5-pulgadas-tft-lcd-stm32u5-embedded-display-rvt50hqsfwn01","og_site_name":"Riverdi","article_publisher":"https:\/\/www.facebook.com\/riverdi.displays\/","article_modified_time":"2024-10-01T14:26:00+00:00","og_image":[{"width":1293,"height":889,"url":"https:\/\/riverdi.com\/wp-content\/uploads\/2024\/04\/RVT50HQSFWN00.webp","type":"image\/webp"}],"twitter_card":"summary_large_image","twitter_site":"@riverdidisplays","schema":{"@context":"https:\/\/schema.org","@graph":[{"@type":"WebPage","@id":"https:\/\/riverdi.com\/es\/product\/pantalla-de-5-pulgadas-tft-lcd-stm32u5-embedded-display-rvt50hqsfwn01","url":"https:\/\/riverdi.com\/es\/product\/pantalla-de-5-pulgadas-tft-lcd-stm32u5-embedded-display-rvt50hqsfwn01","name":"STM32 Embedded Display - Pantalla LCD TFT de 5 pulgadas - RVT50HQSFWN01 - Riverdi","isPartOf":{"@id":"https:\/\/riverdi.com\/es#website"},"primaryImageOfPage":{"@id":"https:\/\/riverdi.com\/es\/product\/pantalla-de-5-pulgadas-tft-lcd-stm32u5-embedded-display-rvt50hqsfwn01#primaryimage"},"image":{"@id":"https:\/\/riverdi.com\/es\/product\/pantalla-de-5-pulgadas-tft-lcd-stm32u5-embedded-display-rvt50hqsfwn01#primaryimage"},"thumbnailUrl":"https:\/\/riverdi.com\/wp-content\/uploads\/2024\/04\/RVT50HQSFWN00.webp","datePublished":"2022-05-09T08:06:40+00:00","dateModified":"2024-10-01T14:26:00+00:00","description":"La serie STM32 Embedded Display de Riverdi son actualmente, las pantallas de mayor resoluci\u00f3n (800\u00d7480 p\u00edxeles) con STM32U5G9 del mercado.","breadcrumb":{"@id":"https:\/\/riverdi.com\/es\/product\/pantalla-de-5-pulgadas-tft-lcd-stm32u5-embedded-display-rvt50hqsfwn01#breadcrumb"},"inLanguage":"es","potentialAction":[{"@type":"ReadAction","target":["https:\/\/riverdi.com\/es\/product\/pantalla-de-5-pulgadas-tft-lcd-stm32u5-embedded-display-rvt50hqsfwn01"]}]},{"@type":"ImageObject","inLanguage":"es","@id":"https:\/\/riverdi.com\/es\/product\/pantalla-de-5-pulgadas-tft-lcd-stm32u5-embedded-display-rvt50hqsfwn01#primaryimage","url":"https:\/\/riverdi.com\/wp-content\/uploads\/2024\/04\/RVT50HQSFWN00.webp","contentUrl":"https:\/\/riverdi.com\/wp-content\/uploads\/2024\/04\/RVT50HQSFWN00.webp","width":1293,"height":889},{"@type":"BreadcrumbList","@id":"https:\/\/riverdi.com\/es\/product\/pantalla-de-5-pulgadas-tft-lcd-stm32u5-embedded-display-rvt50hqsfwn01#breadcrumb","itemListElement":[{"@type":"ListItem","position":1,"name":"Front Page","item":"https:\/\/riverdi.com\/es\/portada"},{"@type":"ListItem","position":2,"name":"Tienda","item":"https:\/\/riverdi.com\/es\/tienda"},{"@type":"ListItem","position":3,"name":"STM32 Embedded Display &#8211; Pantalla LCD TFT de 5 pulgadas &#8211; RVT50HQSFWN01"}]},{"@type":"WebSite","@id":"https:\/\/riverdi.com\/es#website","url":"https:\/\/riverdi.com\/es","name":"Riverdi","description":"Global TFT LCD Manufacturer","potentialAction":[{"@type":"SearchAction","target":{"@type":"EntryPoint","urlTemplate":"https:\/\/riverdi.com\/es?s={search_term_string}"},"query-input":{"@type":"PropertyValueSpecification","valueRequired":true,"valueName":"search_term_string"}}],"inLanguage":"es"}]}},"_links":{"self":[{"href":"https:\/\/riverdi.com\/es\/wp-json\/wp\/v2\/product\/119950","targetHints":{"allow":["GET"]}}],"collection":[{"href":"https:\/\/riverdi.com\/es\/wp-json\/wp\/v2\/product"}],"about":[{"href":"https:\/\/riverdi.com\/es\/wp-json\/wp\/v2\/types\/product"}],"replies":[{"embeddable":true,"href":"https:\/\/riverdi.com\/es\/wp-json\/wp\/v2\/comments?post=119950"}],"wp:featuredmedia":[{"embeddable":true,"href":"https:\/\/riverdi.com\/es\/wp-json\/wp\/v2\/media\/104294"}],"wp:attachment":[{"href":"https:\/\/riverdi.com\/es\/wp-json\/wp\/v2\/media?parent=119950"}],"wp:term":[{"taxonomy":"product_brand","embeddable":true,"href":"https:\/\/riverdi.com\/es\/wp-json\/wp\/v2\/product_brand?post=119950"},{"taxonomy":"product_cat","embeddable":true,"href":"https:\/\/riverdi.com\/es\/wp-json\/wp\/v2\/product_cat?post=119950"},{"taxonomy":"product_tag","embeddable":true,"href":"https:\/\/riverdi.com\/es\/wp-json\/wp\/v2\/product_tag?post=119950"}],"curies":[{"name":"wp","href":"https:\/\/api.w.org\/{rel}","templated":true}]}}