{"id":118788,"date":"2016-02-12T15:30:37","date_gmt":"2016-02-12T14:30:37","guid":{"rendered":"http:\/\/riverdi.com\/product\/rvt3-5a320240tfwc00\/"},"modified":"2016-02-12T15:30:37","modified_gmt":"2016-02-12T14:30:37","slug":"rvt3-5a320240tfwc00","status":"publish","type":"product","link":"https:\/\/riverdi.com\/es\/product\/rvt3-5a320240tfwc00","title":{"rendered":"RVT3.5A320240TFWC00"},"content":{"rendered":"<p>no quites esto<\/p>\n","protected":false},"excerpt":{"rendered":"<p><span class=\"not-recommended\" style=\"background-color: #fdad00; padding: 15px; color: #ffffff;\"><strong>Para los nuevos dise\u00f1os recomendamos utilizar <a href=\"https:\/\/riverdi.com\/product-category\/rgb-lvds-mipi-dsi-lcd-displays\/hb-ips\/\">pantallas IPS de alto<\/a> brillo.<\/strong><\/span><\/p>\n<p><span style=\"font-weight: 400;\">Una pantalla TFT Riverdi <strong>de 3,5\u2033<\/strong> con <strong>pantalla t\u00e1ctil capacitiva<\/strong>, un marco de montaje met\u00e1lico que permite una f\u00e1cil integraci\u00f3n y una <strong>interfaz RGB<\/strong>.<\/span><\/p>\n<p><span style=\"font-weight: 400;\">La resoluci\u00f3n <strong>de 320 x 240<\/strong> proporciona colores n\u00edtidos y claros.<\/span><\/p>\n","protected":false},"featured_media":103583,"comment_status":"closed","ping_status":"closed","template":"","meta":{"_acf_changed":false,"content-type":"","inline_featured_image":false},"product_brand":[],"product_cat":[3472,3887,3378,4883],"product_tag":[3444,3977,3474,4675],"class_list":{"0":"post-118788","1":"product","2":"type-product","3":"status-publish","4":"has-post-thumbnail","6":"product_cat-modulos-rgb","7":"product_cat-pantallas-de-brillo-estandar","8":"product_cat-pantallas-lcd-rgb-lvds-mipi-dsi","9":"product_cat-pantallas-lvds","10":"product_tag-ctp-es","11":"product_tag-marco","12":"product_tag-rgb-es","13":"product_tag-rvt3-5a320240tfwc00-es","15":"first","16":"instock","17":"taxable","18":"shipping-taxable","19":"purchasable","20":"product-type-simple"},"acf":[],"yoast_head":"<!-- This site is optimized with the Yoast SEO plugin v27.0 - https:\/\/yoast.com\/product\/yoast-seo-wordpress\/ -->\n<title>RVT3.5A320240TFWC00 - Riverdi<\/title>\n<meta name=\"robots\" content=\"index, follow, max-snippet:-1, max-image-preview:large, max-video-preview:-1\" \/>\n<link rel=\"canonical\" href=\"https:\/\/riverdi.com\/es\/product\/rvt3-5a320240tfwc00\" \/>\n<meta property=\"og:locale\" content=\"es_ES\" \/>\n<meta property=\"og:type\" content=\"article\" \/>\n<meta property=\"og:title\" content=\"RVT3.5A320240TFWC00 - Riverdi\" \/>\n<meta property=\"og:description\" content=\"Para los nuevos dise\u00f1os recomendamos utilizar pantallas IPS de alto brillo. Una pantalla TFT Riverdi de 3,5\u2033 con pantalla t\u00e1ctil capacitiva, un marco de montaje met\u00e1lico que permite una f\u00e1cil integraci\u00f3n y una interfaz RGB. La resoluci\u00f3n de 320 x 240 proporciona colores n\u00edtidos y claros.\" \/>\n<meta property=\"og:url\" content=\"https:\/\/riverdi.com\/es\/product\/rvt3-5a320240tfwc00\" \/>\n<meta property=\"og:site_name\" content=\"Riverdi\" \/>\n<meta property=\"article:publisher\" content=\"https:\/\/www.facebook.com\/riverdi.displays\/\" \/>\n<meta property=\"og:image\" content=\"https:\/\/riverdi.com\/wp-content\/uploads\/2024\/03\/rgb-3.5-frontArtboard-1-100.webp\" \/>\n\t<meta property=\"og:image:width\" content=\"1280\" \/>\n\t<meta property=\"og:image:height\" content=\"880\" \/>\n\t<meta property=\"og:image:type\" content=\"image\/webp\" \/>\n<meta name=\"twitter:card\" content=\"summary_large_image\" \/>\n<meta name=\"twitter:site\" content=\"@riverdidisplays\" \/>\n<script type=\"application\/ld+json\" class=\"yoast-schema-graph\">{\"@context\":\"https:\/\/schema.org\",\"@graph\":[{\"@type\":\"WebPage\",\"@id\":\"https:\/\/riverdi.com\/es\/product\/rvt3-5a320240tfwc00\",\"url\":\"https:\/\/riverdi.com\/es\/product\/rvt3-5a320240tfwc00\",\"name\":\"RVT3.5A320240TFWC00 - Riverdi\",\"isPartOf\":{\"@id\":\"https:\/\/riverdi.com\/es#website\"},\"primaryImageOfPage\":{\"@id\":\"https:\/\/riverdi.com\/es\/product\/rvt3-5a320240tfwc00#primaryimage\"},\"image\":{\"@id\":\"https:\/\/riverdi.com\/es\/product\/rvt3-5a320240tfwc00#primaryimage\"},\"thumbnailUrl\":\"https:\/\/riverdi.com\/wp-content\/uploads\/2024\/03\/rgb-3.5-frontArtboard-1-100.webp\",\"datePublished\":\"2016-02-12T14:30:37+00:00\",\"breadcrumb\":{\"@id\":\"https:\/\/riverdi.com\/es\/product\/rvt3-5a320240tfwc00#breadcrumb\"},\"inLanguage\":\"es\",\"potentialAction\":[{\"@type\":\"ReadAction\",\"target\":[\"https:\/\/riverdi.com\/es\/product\/rvt3-5a320240tfwc00\"]}]},{\"@type\":\"ImageObject\",\"inLanguage\":\"es\",\"@id\":\"https:\/\/riverdi.com\/es\/product\/rvt3-5a320240tfwc00#primaryimage\",\"url\":\"https:\/\/riverdi.com\/wp-content\/uploads\/2024\/03\/rgb-3.5-frontArtboard-1-100.webp\",\"contentUrl\":\"https:\/\/riverdi.com\/wp-content\/uploads\/2024\/03\/rgb-3.5-frontArtboard-1-100.webp\",\"width\":1280,\"height\":880,\"caption\":\"Pantallas TN de brillo est\u00e1ndar\"},{\"@type\":\"BreadcrumbList\",\"@id\":\"https:\/\/riverdi.com\/es\/product\/rvt3-5a320240tfwc00#breadcrumb\",\"itemListElement\":[{\"@type\":\"ListItem\",\"position\":1,\"name\":\"Front Page\",\"item\":\"https:\/\/riverdi.com\/es\/portada\"},{\"@type\":\"ListItem\",\"position\":2,\"name\":\"Tienda\",\"item\":\"https:\/\/riverdi.com\/es\/tienda\"},{\"@type\":\"ListItem\",\"position\":3,\"name\":\"RVT3.5A320240TFWC00\"}]},{\"@type\":\"WebSite\",\"@id\":\"https:\/\/riverdi.com\/es#website\",\"url\":\"https:\/\/riverdi.com\/es\",\"name\":\"Riverdi\",\"description\":\"Global TFT LCD Manufacturer\",\"potentialAction\":[{\"@type\":\"SearchAction\",\"target\":{\"@type\":\"EntryPoint\",\"urlTemplate\":\"https:\/\/riverdi.com\/es?s={search_term_string}\"},\"query-input\":{\"@type\":\"PropertyValueSpecification\",\"valueRequired\":true,\"valueName\":\"search_term_string\"}}],\"inLanguage\":\"es\"}]}<\/script>\n<!-- \/ Yoast SEO plugin. -->","yoast_head_json":{"title":"RVT3.5A320240TFWC00 - Riverdi","robots":{"index":"index","follow":"follow","max-snippet":"max-snippet:-1","max-image-preview":"max-image-preview:large","max-video-preview":"max-video-preview:-1"},"canonical":"https:\/\/riverdi.com\/es\/product\/rvt3-5a320240tfwc00","og_locale":"es_ES","og_type":"article","og_title":"RVT3.5A320240TFWC00 - Riverdi","og_description":"Para los nuevos dise\u00f1os recomendamos utilizar pantallas IPS de alto brillo. Una pantalla TFT Riverdi de 3,5\u2033 con pantalla t\u00e1ctil capacitiva, un marco de montaje met\u00e1lico que permite una f\u00e1cil integraci\u00f3n y una interfaz RGB. La resoluci\u00f3n de 320 x 240 proporciona colores n\u00edtidos y claros.","og_url":"https:\/\/riverdi.com\/es\/product\/rvt3-5a320240tfwc00","og_site_name":"Riverdi","article_publisher":"https:\/\/www.facebook.com\/riverdi.displays\/","og_image":[{"width":1280,"height":880,"url":"https:\/\/riverdi.com\/wp-content\/uploads\/2024\/03\/rgb-3.5-frontArtboard-1-100.webp","type":"image\/webp"}],"twitter_card":"summary_large_image","twitter_site":"@riverdidisplays","schema":{"@context":"https:\/\/schema.org","@graph":[{"@type":"WebPage","@id":"https:\/\/riverdi.com\/es\/product\/rvt3-5a320240tfwc00","url":"https:\/\/riverdi.com\/es\/product\/rvt3-5a320240tfwc00","name":"RVT3.5A320240TFWC00 - Riverdi","isPartOf":{"@id":"https:\/\/riverdi.com\/es#website"},"primaryImageOfPage":{"@id":"https:\/\/riverdi.com\/es\/product\/rvt3-5a320240tfwc00#primaryimage"},"image":{"@id":"https:\/\/riverdi.com\/es\/product\/rvt3-5a320240tfwc00#primaryimage"},"thumbnailUrl":"https:\/\/riverdi.com\/wp-content\/uploads\/2024\/03\/rgb-3.5-frontArtboard-1-100.webp","datePublished":"2016-02-12T14:30:37+00:00","breadcrumb":{"@id":"https:\/\/riverdi.com\/es\/product\/rvt3-5a320240tfwc00#breadcrumb"},"inLanguage":"es","potentialAction":[{"@type":"ReadAction","target":["https:\/\/riverdi.com\/es\/product\/rvt3-5a320240tfwc00"]}]},{"@type":"ImageObject","inLanguage":"es","@id":"https:\/\/riverdi.com\/es\/product\/rvt3-5a320240tfwc00#primaryimage","url":"https:\/\/riverdi.com\/wp-content\/uploads\/2024\/03\/rgb-3.5-frontArtboard-1-100.webp","contentUrl":"https:\/\/riverdi.com\/wp-content\/uploads\/2024\/03\/rgb-3.5-frontArtboard-1-100.webp","width":1280,"height":880,"caption":"Pantallas TN de brillo est\u00e1ndar"},{"@type":"BreadcrumbList","@id":"https:\/\/riverdi.com\/es\/product\/rvt3-5a320240tfwc00#breadcrumb","itemListElement":[{"@type":"ListItem","position":1,"name":"Front Page","item":"https:\/\/riverdi.com\/es\/portada"},{"@type":"ListItem","position":2,"name":"Tienda","item":"https:\/\/riverdi.com\/es\/tienda"},{"@type":"ListItem","position":3,"name":"RVT3.5A320240TFWC00"}]},{"@type":"WebSite","@id":"https:\/\/riverdi.com\/es#website","url":"https:\/\/riverdi.com\/es","name":"Riverdi","description":"Global TFT LCD Manufacturer","potentialAction":[{"@type":"SearchAction","target":{"@type":"EntryPoint","urlTemplate":"https:\/\/riverdi.com\/es?s={search_term_string}"},"query-input":{"@type":"PropertyValueSpecification","valueRequired":true,"valueName":"search_term_string"}}],"inLanguage":"es"}]}},"_links":{"self":[{"href":"https:\/\/riverdi.com\/es\/wp-json\/wp\/v2\/product\/118788","targetHints":{"allow":["GET"]}}],"collection":[{"href":"https:\/\/riverdi.com\/es\/wp-json\/wp\/v2\/product"}],"about":[{"href":"https:\/\/riverdi.com\/es\/wp-json\/wp\/v2\/types\/product"}],"replies":[{"embeddable":true,"href":"https:\/\/riverdi.com\/es\/wp-json\/wp\/v2\/comments?post=118788"}],"wp:featuredmedia":[{"embeddable":true,"href":"https:\/\/riverdi.com\/es\/wp-json\/wp\/v2\/media\/103583"}],"wp:attachment":[{"href":"https:\/\/riverdi.com\/es\/wp-json\/wp\/v2\/media?parent=118788"}],"wp:term":[{"taxonomy":"product_brand","embeddable":true,"href":"https:\/\/riverdi.com\/es\/wp-json\/wp\/v2\/product_brand?post=118788"},{"taxonomy":"product_cat","embeddable":true,"href":"https:\/\/riverdi.com\/es\/wp-json\/wp\/v2\/product_cat?post=118788"},{"taxonomy":"product_tag","embeddable":true,"href":"https:\/\/riverdi.com\/es\/wp-json\/wp\/v2\/product_tag?post=118788"}],"curies":[{"name":"wp","href":"https:\/\/api.w.org\/{rel}","templated":true}]}}