{"id":118779,"date":"2016-02-12T14:32:56","date_gmt":"2016-02-12T13:32:56","guid":{"rendered":"http:\/\/riverdi.com\/product\/rvt3-5a320240tnwc00\/"},"modified":"2016-02-12T14:32:56","modified_gmt":"2016-02-12T13:32:56","slug":"rvt3-5a320240tnwc00","status":"publish","type":"product","link":"https:\/\/riverdi.com\/es\/product\/rvt3-5a320240tnwc00","title":{"rendered":"RVT3.5A320240TNWC00"},"content":{"rendered":"<p>no quites esto<\/p>\n","protected":false},"excerpt":{"rendered":"<p><span class=\"not-recommended\" style=\"background-color: #fdad00; padding: 15px; color: #ffffff;\"><strong>Para los nuevos dise\u00f1os recomendamos utilizar <a href=\"https:\/\/riverdi.com\/product-category\/rgb-lvds-mipi-dsi-lcd-displays\/hb-ips\/\">pantallas IPS de alto<\/a> brillo.<\/strong><\/span><\/p>\n<p><span style=\"font-weight: 400;\">Una pantalla TFT Riverdi de <strong>3,5\u2033<\/strong> con <strong>pantalla t\u00e1ctil capacitiva<\/strong> e <strong>interfaz RGB<\/strong>.<\/span><\/p>\n<p><span style=\"font-weight: 400;\">La resoluci\u00f3n <strong>de 320 x 240<\/strong> proporciona colores n\u00edtidos y claros.<\/span><\/p>\n","protected":false},"featured_media":103575,"comment_status":"closed","ping_status":"closed","template":"","meta":{"_acf_changed":false,"content-type":"","inline_featured_image":false},"product_brand":[],"product_cat":[3472,3887,3378,4883],"product_tag":[3444,3474,4658],"class_list":{"0":"post-118779","1":"product","2":"type-product","3":"status-publish","4":"has-post-thumbnail","6":"product_cat-modulos-rgb","7":"product_cat-pantallas-de-brillo-estandar","8":"product_cat-pantallas-lcd-rgb-lvds-mipi-dsi","9":"product_cat-pantallas-lvds","10":"product_tag-ctp-es","11":"product_tag-rgb-es","12":"product_tag-rvt3-5a320240tnwc00-es","14":"first","15":"instock","16":"taxable","17":"shipping-taxable","18":"purchasable","19":"product-type-simple"},"acf":[],"yoast_head":"<!-- This site is optimized with the Yoast SEO plugin v27.0 - https:\/\/yoast.com\/product\/yoast-seo-wordpress\/ -->\n<title>RVT3.5A320240TNWC00 - Riverdi<\/title>\n<meta name=\"robots\" content=\"index, follow, max-snippet:-1, max-image-preview:large, max-video-preview:-1\" \/>\n<link rel=\"canonical\" href=\"https:\/\/riverdi.com\/es\/product\/rvt3-5a320240tnwc00\" \/>\n<meta property=\"og:locale\" content=\"es_ES\" \/>\n<meta property=\"og:type\" content=\"article\" \/>\n<meta property=\"og:title\" content=\"RVT3.5A320240TNWC00 - Riverdi\" \/>\n<meta property=\"og:description\" content=\"Para los nuevos dise\u00f1os recomendamos utilizar pantallas IPS de alto brillo. Una pantalla TFT Riverdi de 3,5\u2033 con pantalla t\u00e1ctil capacitiva e interfaz RGB. La resoluci\u00f3n de 320 x 240 proporciona colores n\u00edtidos y claros.\" \/>\n<meta property=\"og:url\" content=\"https:\/\/riverdi.com\/es\/product\/rvt3-5a320240tnwc00\" \/>\n<meta property=\"og:site_name\" content=\"Riverdi\" \/>\n<meta property=\"article:publisher\" content=\"https:\/\/www.facebook.com\/riverdi.displays\/\" \/>\n<meta property=\"og:image\" content=\"https:\/\/riverdi.com\/wp-content\/uploads\/2024\/03\/rgb-3.5-frontArtboard-2-100.webp\" \/>\n\t<meta property=\"og:image:width\" content=\"1280\" \/>\n\t<meta property=\"og:image:height\" content=\"880\" \/>\n\t<meta property=\"og:image:type\" content=\"image\/webp\" \/>\n<meta name=\"twitter:card\" content=\"summary_large_image\" \/>\n<meta name=\"twitter:site\" content=\"@riverdidisplays\" \/>\n<script type=\"application\/ld+json\" class=\"yoast-schema-graph\">{\"@context\":\"https:\/\/schema.org\",\"@graph\":[{\"@type\":\"WebPage\",\"@id\":\"https:\/\/riverdi.com\/es\/product\/rvt3-5a320240tnwc00\",\"url\":\"https:\/\/riverdi.com\/es\/product\/rvt3-5a320240tnwc00\",\"name\":\"RVT3.5A320240TNWC00 - Riverdi\",\"isPartOf\":{\"@id\":\"https:\/\/riverdi.com\/es#website\"},\"primaryImageOfPage\":{\"@id\":\"https:\/\/riverdi.com\/es\/product\/rvt3-5a320240tnwc00#primaryimage\"},\"image\":{\"@id\":\"https:\/\/riverdi.com\/es\/product\/rvt3-5a320240tnwc00#primaryimage\"},\"thumbnailUrl\":\"https:\/\/riverdi.com\/wp-content\/uploads\/2024\/03\/rgb-3.5-frontArtboard-2-100.webp\",\"datePublished\":\"2016-02-12T13:32:56+00:00\",\"breadcrumb\":{\"@id\":\"https:\/\/riverdi.com\/es\/product\/rvt3-5a320240tnwc00#breadcrumb\"},\"inLanguage\":\"es\",\"potentialAction\":[{\"@type\":\"ReadAction\",\"target\":[\"https:\/\/riverdi.com\/es\/product\/rvt3-5a320240tnwc00\"]}]},{\"@type\":\"ImageObject\",\"inLanguage\":\"es\",\"@id\":\"https:\/\/riverdi.com\/es\/product\/rvt3-5a320240tnwc00#primaryimage\",\"url\":\"https:\/\/riverdi.com\/wp-content\/uploads\/2024\/03\/rgb-3.5-frontArtboard-2-100.webp\",\"contentUrl\":\"https:\/\/riverdi.com\/wp-content\/uploads\/2024\/03\/rgb-3.5-frontArtboard-2-100.webp\",\"width\":1280,\"height\":880,\"caption\":\"Pantallas TN de brillo est\u00e1ndar\"},{\"@type\":\"BreadcrumbList\",\"@id\":\"https:\/\/riverdi.com\/es\/product\/rvt3-5a320240tnwc00#breadcrumb\",\"itemListElement\":[{\"@type\":\"ListItem\",\"position\":1,\"name\":\"Front Page\",\"item\":\"https:\/\/riverdi.com\/es\/portada\"},{\"@type\":\"ListItem\",\"position\":2,\"name\":\"Tienda\",\"item\":\"https:\/\/riverdi.com\/es\/tienda\"},{\"@type\":\"ListItem\",\"position\":3,\"name\":\"RVT3.5A320240TNWC00\"}]},{\"@type\":\"WebSite\",\"@id\":\"https:\/\/riverdi.com\/es#website\",\"url\":\"https:\/\/riverdi.com\/es\",\"name\":\"Riverdi\",\"description\":\"Global TFT LCD Manufacturer\",\"potentialAction\":[{\"@type\":\"SearchAction\",\"target\":{\"@type\":\"EntryPoint\",\"urlTemplate\":\"https:\/\/riverdi.com\/es?s={search_term_string}\"},\"query-input\":{\"@type\":\"PropertyValueSpecification\",\"valueRequired\":true,\"valueName\":\"search_term_string\"}}],\"inLanguage\":\"es\"}]}<\/script>\n<!-- \/ Yoast SEO plugin. -->","yoast_head_json":{"title":"RVT3.5A320240TNWC00 - Riverdi","robots":{"index":"index","follow":"follow","max-snippet":"max-snippet:-1","max-image-preview":"max-image-preview:large","max-video-preview":"max-video-preview:-1"},"canonical":"https:\/\/riverdi.com\/es\/product\/rvt3-5a320240tnwc00","og_locale":"es_ES","og_type":"article","og_title":"RVT3.5A320240TNWC00 - Riverdi","og_description":"Para los nuevos dise\u00f1os recomendamos utilizar pantallas IPS de alto brillo. Una pantalla TFT Riverdi de 3,5\u2033 con pantalla t\u00e1ctil capacitiva e interfaz RGB. La resoluci\u00f3n de 320 x 240 proporciona colores n\u00edtidos y claros.","og_url":"https:\/\/riverdi.com\/es\/product\/rvt3-5a320240tnwc00","og_site_name":"Riverdi","article_publisher":"https:\/\/www.facebook.com\/riverdi.displays\/","og_image":[{"width":1280,"height":880,"url":"https:\/\/riverdi.com\/wp-content\/uploads\/2024\/03\/rgb-3.5-frontArtboard-2-100.webp","type":"image\/webp"}],"twitter_card":"summary_large_image","twitter_site":"@riverdidisplays","schema":{"@context":"https:\/\/schema.org","@graph":[{"@type":"WebPage","@id":"https:\/\/riverdi.com\/es\/product\/rvt3-5a320240tnwc00","url":"https:\/\/riverdi.com\/es\/product\/rvt3-5a320240tnwc00","name":"RVT3.5A320240TNWC00 - Riverdi","isPartOf":{"@id":"https:\/\/riverdi.com\/es#website"},"primaryImageOfPage":{"@id":"https:\/\/riverdi.com\/es\/product\/rvt3-5a320240tnwc00#primaryimage"},"image":{"@id":"https:\/\/riverdi.com\/es\/product\/rvt3-5a320240tnwc00#primaryimage"},"thumbnailUrl":"https:\/\/riverdi.com\/wp-content\/uploads\/2024\/03\/rgb-3.5-frontArtboard-2-100.webp","datePublished":"2016-02-12T13:32:56+00:00","breadcrumb":{"@id":"https:\/\/riverdi.com\/es\/product\/rvt3-5a320240tnwc00#breadcrumb"},"inLanguage":"es","potentialAction":[{"@type":"ReadAction","target":["https:\/\/riverdi.com\/es\/product\/rvt3-5a320240tnwc00"]}]},{"@type":"ImageObject","inLanguage":"es","@id":"https:\/\/riverdi.com\/es\/product\/rvt3-5a320240tnwc00#primaryimage","url":"https:\/\/riverdi.com\/wp-content\/uploads\/2024\/03\/rgb-3.5-frontArtboard-2-100.webp","contentUrl":"https:\/\/riverdi.com\/wp-content\/uploads\/2024\/03\/rgb-3.5-frontArtboard-2-100.webp","width":1280,"height":880,"caption":"Pantallas TN de brillo est\u00e1ndar"},{"@type":"BreadcrumbList","@id":"https:\/\/riverdi.com\/es\/product\/rvt3-5a320240tnwc00#breadcrumb","itemListElement":[{"@type":"ListItem","position":1,"name":"Front Page","item":"https:\/\/riverdi.com\/es\/portada"},{"@type":"ListItem","position":2,"name":"Tienda","item":"https:\/\/riverdi.com\/es\/tienda"},{"@type":"ListItem","position":3,"name":"RVT3.5A320240TNWC00"}]},{"@type":"WebSite","@id":"https:\/\/riverdi.com\/es#website","url":"https:\/\/riverdi.com\/es","name":"Riverdi","description":"Global TFT LCD Manufacturer","potentialAction":[{"@type":"SearchAction","target":{"@type":"EntryPoint","urlTemplate":"https:\/\/riverdi.com\/es?s={search_term_string}"},"query-input":{"@type":"PropertyValueSpecification","valueRequired":true,"valueName":"search_term_string"}}],"inLanguage":"es"}]}},"_links":{"self":[{"href":"https:\/\/riverdi.com\/es\/wp-json\/wp\/v2\/product\/118779","targetHints":{"allow":["GET"]}}],"collection":[{"href":"https:\/\/riverdi.com\/es\/wp-json\/wp\/v2\/product"}],"about":[{"href":"https:\/\/riverdi.com\/es\/wp-json\/wp\/v2\/types\/product"}],"replies":[{"embeddable":true,"href":"https:\/\/riverdi.com\/es\/wp-json\/wp\/v2\/comments?post=118779"}],"wp:featuredmedia":[{"embeddable":true,"href":"https:\/\/riverdi.com\/es\/wp-json\/wp\/v2\/media\/103575"}],"wp:attachment":[{"href":"https:\/\/riverdi.com\/es\/wp-json\/wp\/v2\/media?parent=118779"}],"wp:term":[{"taxonomy":"product_brand","embeddable":true,"href":"https:\/\/riverdi.com\/es\/wp-json\/wp\/v2\/product_brand?post=118779"},{"taxonomy":"product_cat","embeddable":true,"href":"https:\/\/riverdi.com\/es\/wp-json\/wp\/v2\/product_cat?post=118779"},{"taxonomy":"product_tag","embeddable":true,"href":"https:\/\/riverdi.com\/es\/wp-json\/wp\/v2\/product_tag?post=118779"}],"curies":[{"name":"wp","href":"https:\/\/api.w.org\/{rel}","templated":true}]}}